{"id":856980,"date":"2023-02-07T09:40:50","date_gmt":"2023-02-07T09:40:50","guid":{"rendered":"https:\/\/www.gsv.dk\/?page_id=856980"},"modified":"2023-02-07T09:40:50","modified_gmt":"2023-02-07T09:40:50","slug":"salgskonsulent-til-vestsjaelland","status":"publish","type":"page","link":"https:\/\/www.gsv.dk\/en\/salgskonsulent-til-vestsjaelland\/","title":{"rendered":"Salgskonsulent til Vestsj\u00e6lland"},"content":{"rendered":"<div\n  class=\"block acf-block acf-block--hero\"\n   id=\"acf-hero-1\"  \n>\n        <div class=\"hero\">\n                                            <div class=\"hero__image\">\n    <div class=\"hero__image-overlay\" style=\"background-color: rgba(0, 0, 0, 0.33)\"><\/div>\n    \n            <picture>\n                <source srcset=\"https:\/\/gsv-imgix.imgix.net\/wordpress-prod\/Kvalitets-miljoekonsulent-GSV.png?fit=clip&#038;fm=png&#038;h=550&#038;ixlib=php-3.3.1&#038;w=1440&#038;wpsize=wide_desktop\" media=\"(min-width: 1200px)\"><source srcset=\"https:\/\/gsv-imgix.imgix.net\/wordpress-prod\/Kvalitets-miljoekonsulent-GSV.png?fit=clip&#038;fm=png&#038;h=550&#038;ixlib=php-3.3.1&#038;w=1200&#038;wpsize=wide_tablet_landscape\" media=\"(min-width: 900px)\"><source srcset=\"https:\/\/gsv-imgix.imgix.net\/wordpress-prod\/Kvalitets-miljoekonsulent-GSV.png?fit=clip&#038;fm=png&#038;h=400&#038;ixlib=php-3.3.1&#038;w=900&#038;wpsize=wide_tablet_portrait\" media=\"(min-width: 600px)\"><source srcset=\"https:\/\/gsv-imgix.imgix.net\/wordpress-prod\/Kvalitets-miljoekonsulent-GSV.png?fit=clip&#038;fm=png&#038;h=350&#038;ixlib=php-3.3.1&#038;w=600&#038;wpsize=wide_large_phone\" media=\"(min-width: 414px)\">\n                <img loading=\"lazy\" decoding=\"async\" src=\"https:\/\/gsv-imgix.imgix.net\/wordpress-prod\/Kvalitets-miljoekonsulent-GSV.png?fit=clip&#038;fm=png&#038;h=250&#038;ixlib=php-3.3.1&#038;w=414&#038;wpsize=wide_phone\" alt=\"\" title=\"Kvalitets Milj\u00f8konsulent GSV\" width=\"414\" height=\"250\" \/>\n            <\/picture>\n<\/div>\n\n\n    <div class=\"hero__content\">\n                    <h1 class=\"hero__title\">\n                Salgskonsulent til Vestsj\u00e6lland \n            <\/h1>\n        \n        \n            <\/div>\n                    <\/div>\n    \n    \n      <\/div>\n<div\n  class=\"block acf-block acf-block--text-block\"\n   id=\"acf-text-block-2\"  \n>\n        <div class=\"text-block\">\n    \n    <div class=\"inner inner--small\">\n        \n                    <h2 class=\"l-title\" data-reveal=\"reveal\">Bliv en del af GSV<\/h2>\n        \n                    <div class=\"text-block__body\" data-reveal=\"reveal\">\n                <p>Br\u00e6nder du for at skabe og vedligeholde et professionelt kundenetv\u00e6rk og ser du l\u00f8sningorienteret p\u00e5 kundernes udfordringer? \u00a0Kan du holde mange bolde i luften, og styre din hverdag igennem kalenderstyring? Trives du i et arbejdsmilj\u00f8, hvor tonen er meget uformel og tempoet er h\u00f8jt? <em>S\u00e5 er det dig vi s\u00f8ger! \u00a0<\/em><\/p>\n<p><strong>Stillingen <\/strong><\/p>\n<p>Med udgangspunkt i vores afdeling i Holb\u00e6k i Vestsj\u00e6lland, f\u00e5r du ansvaret for at opbygge og vedligeholde et netv\u00e6rk af kunder i t\u00e6t samarbejde med den lokale afdeling. Du skaber relationerne ved aktivt at ops\u00f8ge kunderne ude p\u00e5 byggepladserne, hvor du identificerer kundens behov gennem dialog &#8211; hvad enten det er p\u00e5 dansk eller engelsk.<\/p>\n<p>Salgschef Birger Hansen: \u201d<em>Det er vigtigt for mig, at vores dygtige salgsteam i \u00f8st bliver udvidet med de medarbejdere, der virkelig kan skabe st\u00e6rke relationer, og v\u00e6re med til at sikre GSV den position, at vi altid vil v\u00e6re kundernes fortrukne udlejningspartner.<\/em><\/p>\n<p><strong>Din rolle bliver blandt andet:<\/strong><\/p>\n<ul>\n<li>Ops\u00f8gende salg samt udarbejdelse og opf\u00f8lgning af tilbud<\/li>\n<li>Kortl\u00e6gge og identificere nye kunder, salgsmuligheder og projekter<\/li>\n<li>Opbygge og drive relation samt salgsprocessen i n\u00e6rt samarbejde med vores udlejere<\/li>\n<li>Ansvarlig for vedligeholdelse af din pipeline, udarbejde salgsforecasts samt rapportering i vores systemer<\/li>\n<li>Drive salgsprocessen fra lead til closing i n\u00e6rt samarbejde med driftsafdelingen<\/li>\n<li>Koordinere aktiviteter over for kunderne, i samarbejde med driftsorganisationen og marketing<\/li>\n<\/ul>\n<p><strong>Hvem er du? <\/strong><\/p>\n<p>Du har en erfaring indenfor relations baseret baggrund inden for salg. Har du erfaring fra materiel- eller maskinbranchen er det en fordel, men ikke et krav. Det vigtigste er, at du har flair for salg og en stor interesse i at l\u00e6re alle vores maskiner at kende. Dertil at du er fleksibel, m\u00f8der folk med et smil p\u00e5 l\u00e6ben og sidst men ikke mindst, god til at m\u00f8de nye mennesker og evner tv\u00e6rg\u00e5ende samarbejde imellem afdelinger.<\/p>\n<p>Du nyder at m\u00f8de kunderne i \u201dmarken\u201d hvor du vedligeholder og udvider det gode samarbejde. Et plus er derfor, hvis du bor i omr\u00e5det. Som person er du dynamisk og arbejder b\u00e5de med en personlig gennemslagskraft og en partner tankegang over for kunderne.<\/p>\n<p>Du er vant til at arbejde i Microsoft Office og CRM-systemer, samt at arbejde med opf\u00f8lgning p\u00e5 salgsrapporter. Du arbejder struktureret og er forhandlingsvant i skrift og tale p\u00e5 dansk og engelsk og s\u00e6tter en \u00e6re i ikke at efterlade \u201dl\u00f8se ender\u201d.<\/p>\n<p><strong>Vi tilbyder:<\/strong><br \/>\nEn udviklende og varierende stilling, hvor hverdagen er fuld af sp\u00e6ndende udfordringer, som udfoldes i et godt socialt arbejdsmilj\u00f8 med h\u00f8jt til loftet. Arbejdet foreg\u00e5r i et dynamisk milj\u00f8, hvor initiativ og selvst\u00e6ndighed underst\u00f8ttes af samarbejdsvilje og ansvarlighed. Du bliver en del af et team, hvor vi hj\u00e6lper hinanden og har fokus p\u00e5 godt samarbejde, b\u00e5de i eget team og i GSV.<\/p>\n<p>L\u00f8nnen er efter kvalifikationer og der er naturligvis pensionsordning tilknyttet. Desuden har vi en del personalegoder som bl.a. udvidet sundhedsforsikring, frugtordning og stor mulighed for personlig udvikling gennem interne og eksterne kurser.<\/p>\n<p><strong>About GSV<\/strong><br \/>\nGSV er Danmarks f\u00f8rende materieludlejer med materiel til alle bygge- og anl\u00e6gsopgaver. Uanset om det drejer sig om sm\u00e5t h\u00e5ndv\u00e6rkt\u00f8j til en mindre byggeopgave eller de helt store maskiner, der skal i brug, n\u00e5r Danmarks motorveje, broer og metroer anl\u00e6gges. Vi har afdelinger i hele landet og leverer lige til d\u00f8ren eller byggepladsen.<\/p>\n<p>GSV er en innovativ samarbejdspartner og vi vil gerne v\u00e6re med til at tage ansvar for Danmarks fremtid. Hos GSV s\u00f8ger vi henimod at blive mere b\u00e6redygtige, digitaliseret og vigtigst af alt, har vi altid fokus p\u00e5 mennesker.<br \/>\nVi er drevet af at kunne levere den optimale l\u00f8sning, og hvordan vi i samspil med vores gode kunder kan levere den mest personlige service i branchen \u2013 b\u00e5de personligt og digitalt.<\/p>\n\n            <\/div>\n            <\/div>\n<\/div>\n\n      <\/div>\n<div\n  class=\"block acf-block acf-block--text-block has-background\"\n   id=\"acf-text-block-3\"  \n>\n        <div class=\"text-block text-block--light-grey has-background\">\n            <div class=\"bgw background--light-grey\" data-reveal=\"bgw\"><\/div>\n    \n    <div class=\"inner inner--small\">\n        \n                    <h2 class=\"l-title\" data-reveal=\"reveal\">Vi ser frem til at h\u00f8re fra dig!<\/h2>\n        \n                    <div class=\"text-block__body\" data-reveal=\"reveal\">\n                <p><strong>Vi ser frem til at h\u00f8re fra dig<\/strong><br \/>\nHar du sp\u00f8rgsm\u00e5l til stillingen, s\u00e5 kontakt Salgschef Birger Hansen p\u00e5 tlf.: 4021 6411<\/p>\n<p>Er du interesseret i at s\u00f8ge denne sp\u00e6ndende stilling, bedes du sende en ans\u00f8gning, CV samt relevante bilag via<em>\u00a0<strong>S\u00f8g stillingen<\/strong><\/em>\u00a0nedenfor. Ans\u00f8g hurtigst muligt, da vi holder samtaler l\u00f8bende.<\/p>\n<p>Grundet persondataforordningen modtager vi ikke CV og ans\u00f8gning p\u00e5 mail.<\/p>\n\n            <\/div>\n            <\/div>\n<\/div>\n\n      <\/div>\n<div\n  class=\"block acf-block acf-block--button\"\n   id=\"acf-button-4\"  \n>\n      <div class=\"inner inner--small\">\n            <div data-reveal=\"reveal\">\n        <a\n                        class=\"btn btn--primary-green\"\n                        title=\"S\u00f8g Stillingen\"\n                        aria-label=\"S\u00f8g Stillingen\"\n                        href=\"https:\/\/mkjobgsv.azurewebsites.net\/da-dk\/Application.aspx?VID=0141\"\n                        rel=\"noreferrer\"\n                        target=\"_blank\">\n                        <span>S\u00f8g Stillingen<\/span>\n                        <\/a>\n    <\/div>\n\n          <\/div>\n  <\/div>\n<div\n  class=\"block acf-block acf-block--text-block has-background\"\n   id=\"acf-text-block-5\"  \n>\n        <div class=\"text-block text-block--light-grey has-background\">\n            <div class=\"bgw background--light-grey\" data-reveal=\"bgw\"><\/div>\n    \n    <div class=\"inner inner--small\">\n        \n                    <h2 class=\"l-title\" data-reveal=\"reveal\">About GSV<\/h2>\n        \n                    <div class=\"text-block__body\" data-reveal=\"reveal\">\n                <p>GSV er Danmarks f\u00f8rende materieludlejer med materiel til alle bygge- og anl\u00e6gsopgaver. Uanset om det drejer sig om sm\u00e5t h\u00e5ndv\u00e6rkt\u00f8j til en mindre byggeopgave eller de helt store maskiner, der skal i brug, n\u00e5r Danmarks motorveje, broer og metroer anl\u00e6gges. Vi har afdelinger i hele landet og leverer lige til d\u00f8ren eller byggepladsen.<\/p>\n<p>GSV er en innovativ samarbejdspartner og vi vil gerne v\u00e6re med til at tage ansvar for Danmarks fremtid. Hos GSV s\u00f8ger vi henimod at blive mere b\u00e6redygtige, digitaliseret og vigtigst af alt, har vi altid fokus p\u00e5 mennesker.<\/p>\n<p>L\u00e6s mere om at arbejde hos os <a href=\"https:\/\/www.gsv.dk\/job-i-gsv-2\/gsv-som-arbejdsplads\/\">her<\/a>.<\/p>\n\n            <\/div>\n            <\/div>\n<\/div>\n\n      <\/div>","protected":false},"excerpt":{"rendered":"","protected":false},"author":4423,"featured_media":0,"parent":0,"menu_order":9,"comment_status":"closed","ping_status":"closed","template":"","meta":{"_acf_changed":false,"footnotes":""},"class_list":["post-856980","page","type-page","status-publish","hentry"],"acf":[],"yoast_head":"<!-- This site is optimized with the Yoast SEO plugin v25.9 - https:\/\/yoast.com\/wordpress\/plugins\/seo\/ -->\n<title>Salgskonsulent til Vestsj\u00e6lland | GSV<\/title>\n<meta name=\"robots\" content=\"index, follow, max-snippet:-1, max-image-preview:large, max-video-preview:-1\" \/>\n<link rel=\"canonical\" href=\"https:\/\/www.gsv.dk\/en\/salgskonsulent-til-vestsjaelland\/\" \/>\n<meta property=\"og:locale\" content=\"en_GB\" \/>\n<meta property=\"og:type\" content=\"article\" \/>\n<meta property=\"og:title\" content=\"Salgskonsulent til Vestsj\u00e6lland | GSV\" \/>\n<meta property=\"og:url\" content=\"https:\/\/www.gsv.dk\/en\/salgskonsulent-til-vestsjaelland\/\" \/>\n<meta property=\"og:site_name\" content=\"GSV\" \/>\n<meta property=\"article:publisher\" content=\"https:\/\/www.facebook.com\/gsvmaterieludlejning\/\" \/>\n<meta property=\"og:image\" content=\"https:\/\/www.gsv.dk\/content\/uploads\/2020\/01\/logo-300x134.png\" \/>\n\t<meta property=\"og:image:width\" content=\"300\" \/>\n\t<meta property=\"og:image:height\" content=\"134\" \/>\n\t<meta property=\"og:image:type\" content=\"image\/png\" \/>\n<meta name=\"twitter:card\" content=\"summary_large_image\" \/>\n<meta name=\"twitter:site\" content=\"@GsvMateriel\" \/>\n<script type=\"application\/ld+json\" class=\"yoast-schema-graph\">{\"@context\":\"https:\/\/schema.org\",\"@graph\":[{\"@type\":\"WebPage\",\"@id\":\"https:\/\/www.gsv.dk\/salgskonsulent-til-vestsjaelland\/\",\"url\":\"https:\/\/www.gsv.dk\/salgskonsulent-til-vestsjaelland\/\",\"name\":\"Salgskonsulent til Vestsj\u00e6lland | GSV\",\"isPartOf\":{\"@id\":\"https:\/\/www.gsv.dk\/#website\"},\"datePublished\":\"2023-02-07T09:40:50+00:00\",\"breadcrumb\":{\"@id\":\"https:\/\/www.gsv.dk\/salgskonsulent-til-vestsjaelland\/#breadcrumb\"},\"inLanguage\":\"en-GB\",\"potentialAction\":[{\"@type\":\"ReadAction\",\"target\":[\"https:\/\/www.gsv.dk\/salgskonsulent-til-vestsjaelland\/\"]}]},{\"@type\":\"BreadcrumbList\",\"@id\":\"https:\/\/www.gsv.dk\/salgskonsulent-til-vestsjaelland\/#breadcrumb\",\"itemListElement\":[{\"@type\":\"ListItem\",\"position\":1,\"name\":\"Home\",\"item\":\"https:\/\/www.gsv.dk\/\"},{\"@type\":\"ListItem\",\"position\":2,\"name\":\"Salgskonsulent til Vestsj\u00e6lland\"}]},{\"@type\":\"WebSite\",\"@id\":\"https:\/\/www.gsv.dk\/#website\",\"url\":\"https:\/\/www.gsv.dk\/\",\"name\":\"GSV\",\"description\":\"GSV materieludlejning\",\"publisher\":{\"@id\":\"https:\/\/www.gsv.dk\/#organization\"},\"potentialAction\":[{\"@type\":\"SearchAction\",\"target\":{\"@type\":\"EntryPoint\",\"urlTemplate\":\"https:\/\/www.gsv.dk\/?s={search_term_string}\"},\"query-input\":{\"@type\":\"PropertyValueSpecification\",\"valueRequired\":true,\"valueName\":\"search_term_string\"}}],\"inLanguage\":\"en-GB\"},{\"@type\":\"Organization\",\"@id\":\"https:\/\/www.gsv.dk\/#organization\",\"name\":\"GSV Materieludlejning\",\"url\":\"https:\/\/www.gsv.dk\/\",\"logo\":{\"@type\":\"ImageObject\",\"inLanguage\":\"en-GB\",\"@id\":\"https:\/\/www.gsv.dk\/#\/schema\/logo\/image\/\",\"url\":\"https:\/\/www.gsv.dk\/content\/uploads\/2020\/01\/logo-300x134.png\",\"contentUrl\":\"https:\/\/www.gsv.dk\/content\/uploads\/2020\/01\/logo-300x134.png\",\"width\":300,\"height\":134,\"caption\":\"GSV Materieludlejning\"},\"image\":{\"@id\":\"https:\/\/www.gsv.dk\/#\/schema\/logo\/image\/\"},\"sameAs\":[\"https:\/\/www.facebook.com\/gsvmaterieludlejning\/\",\"https:\/\/x.com\/GsvMateriel\",\"https:\/\/www.instagram.com\/gsv_materieludlejning\/\",\"https:\/\/www.linkedin.com\/company\/gsv-materieludlejning-a-s\",\"https:\/\/www.youtube.com\/channel\/UCDWOSIoGkwn6bPG7-Kgxqkw\"]}]}<\/script>\n<!-- \/ Yoast SEO plugin. -->","yoast_head_json":{"title":"Salgskonsulent til Vestsj\u00e6lland | GSV","robots":{"index":"index","follow":"follow","max-snippet":"max-snippet:-1","max-image-preview":"max-image-preview:large","max-video-preview":"max-video-preview:-1"},"canonical":"https:\/\/www.gsv.dk\/en\/salgskonsulent-til-vestsjaelland\/","og_locale":"en_GB","og_type":"article","og_title":"Salgskonsulent til Vestsj\u00e6lland | GSV","og_url":"https:\/\/www.gsv.dk\/en\/salgskonsulent-til-vestsjaelland\/","og_site_name":"GSV","article_publisher":"https:\/\/www.facebook.com\/gsvmaterieludlejning\/","og_image":[{"width":300,"height":134,"url":"https:\/\/www.gsv.dk\/content\/uploads\/2020\/01\/logo-300x134.png","type":"image\/png"}],"twitter_card":"summary_large_image","twitter_site":"@GsvMateriel","schema":{"@context":"https:\/\/schema.org","@graph":[{"@type":"WebPage","@id":"https:\/\/www.gsv.dk\/salgskonsulent-til-vestsjaelland\/","url":"https:\/\/www.gsv.dk\/salgskonsulent-til-vestsjaelland\/","name":"Salgskonsulent til Vestsj\u00e6lland | GSV","isPartOf":{"@id":"https:\/\/www.gsv.dk\/#website"},"datePublished":"2023-02-07T09:40:50+00:00","breadcrumb":{"@id":"https:\/\/www.gsv.dk\/salgskonsulent-til-vestsjaelland\/#breadcrumb"},"inLanguage":"en-GB","potentialAction":[{"@type":"ReadAction","target":["https:\/\/www.gsv.dk\/salgskonsulent-til-vestsjaelland\/"]}]},{"@type":"BreadcrumbList","@id":"https:\/\/www.gsv.dk\/salgskonsulent-til-vestsjaelland\/#breadcrumb","itemListElement":[{"@type":"ListItem","position":1,"name":"Home","item":"https:\/\/www.gsv.dk\/"},{"@type":"ListItem","position":2,"name":"Salgskonsulent til Vestsj\u00e6lland"}]},{"@type":"WebSite","@id":"https:\/\/www.gsv.dk\/#website","url":"https:\/\/www.gsv.dk\/","name":"GSV","description":"GSV materieludlejning","publisher":{"@id":"https:\/\/www.gsv.dk\/#organization"},"potentialAction":[{"@type":"SearchAction","target":{"@type":"EntryPoint","urlTemplate":"https:\/\/www.gsv.dk\/?s={search_term_string}"},"query-input":{"@type":"PropertyValueSpecification","valueRequired":true,"valueName":"search_term_string"}}],"inLanguage":"en-GB"},{"@type":"Organization","@id":"https:\/\/www.gsv.dk\/#organization","name":"GSV Materieludlejning","url":"https:\/\/www.gsv.dk\/","logo":{"@type":"ImageObject","inLanguage":"en-GB","@id":"https:\/\/www.gsv.dk\/#\/schema\/logo\/image\/","url":"https:\/\/www.gsv.dk\/content\/uploads\/2020\/01\/logo-300x134.png","contentUrl":"https:\/\/www.gsv.dk\/content\/uploads\/2020\/01\/logo-300x134.png","width":300,"height":134,"caption":"GSV Materieludlejning"},"image":{"@id":"https:\/\/www.gsv.dk\/#\/schema\/logo\/image\/"},"sameAs":["https:\/\/www.facebook.com\/gsvmaterieludlejning\/","https:\/\/x.com\/GsvMateriel","https:\/\/www.instagram.com\/gsv_materieludlejning\/","https:\/\/www.linkedin.com\/company\/gsv-materieludlejning-a-s","https:\/\/www.youtube.com\/channel\/UCDWOSIoGkwn6bPG7-Kgxqkw"]}]}},"_links":{"self":[{"href":"https:\/\/www.gsv.dk\/en\/wp-json\/wp\/v2\/pages\/856980","targetHints":{"allow":["GET"]}}],"collection":[{"href":"https:\/\/www.gsv.dk\/en\/wp-json\/wp\/v2\/pages"}],"about":[{"href":"https:\/\/www.gsv.dk\/en\/wp-json\/wp\/v2\/types\/page"}],"author":[{"embeddable":true,"href":"https:\/\/www.gsv.dk\/en\/wp-json\/wp\/v2\/users\/4423"}],"replies":[{"embeddable":true,"href":"https:\/\/www.gsv.dk\/en\/wp-json\/wp\/v2\/comments?post=856980"}],"version-history":[{"count":2,"href":"https:\/\/www.gsv.dk\/en\/wp-json\/wp\/v2\/pages\/856980\/revisions"}],"predecessor-version":[{"id":856982,"href":"https:\/\/www.gsv.dk\/en\/wp-json\/wp\/v2\/pages\/856980\/revisions\/856982"}],"wp:attachment":[{"href":"https:\/\/www.gsv.dk\/en\/wp-json\/wp\/v2\/media?parent=856980"}],"curies":[{"name":"wp","href":"https:\/\/api.w.org\/{rel}","templated":true}]}}