{"id":746951,"date":"2022-12-05T08:36:48","date_gmt":"2022-12-05T08:36:48","guid":{"rendered":"https:\/\/www.gsv.dk\/?page_id=746951"},"modified":"2022-12-06T09:17:40","modified_gmt":"2022-12-06T09:17:40","slug":"kvalitets-og-miljoe-til-hedehusene","status":"publish","type":"page","link":"https:\/\/www.gsv.dk\/en\/kvalitets-og-miljoe-til-hedehusene\/","title":{"rendered":"Kvalitets- og milj\u00f8 til Hedehusene"},"content":{"rendered":"<div\n  class=\"block acf-block acf-block--hero\"\n   id=\"acf-hero-1\"  \n>\n        <div class=\"hero\">\n                                            <div class=\"hero__image\">\n    <div class=\"hero__image-overlay\" style=\"background-color: rgba(0, 0, 0, 0.33)\"><\/div>\n    \n            <picture>\n                <source srcset=\"https:\/\/gsv-imgix.imgix.net\/wordpress-prod\/Kvalitets-miljoekonsulent-GSV.png?fit=clip&#038;fm=png&#038;h=550&#038;ixlib=php-3.3.1&#038;w=1440&#038;wpsize=wide_desktop\" media=\"(min-width: 1200px)\"><source srcset=\"https:\/\/gsv-imgix.imgix.net\/wordpress-prod\/Kvalitets-miljoekonsulent-GSV.png?fit=clip&#038;fm=png&#038;h=550&#038;ixlib=php-3.3.1&#038;w=1200&#038;wpsize=wide_tablet_landscape\" media=\"(min-width: 900px)\"><source srcset=\"https:\/\/gsv-imgix.imgix.net\/wordpress-prod\/Kvalitets-miljoekonsulent-GSV.png?fit=clip&#038;fm=png&#038;h=400&#038;ixlib=php-3.3.1&#038;w=900&#038;wpsize=wide_tablet_portrait\" media=\"(min-width: 600px)\"><source srcset=\"https:\/\/gsv-imgix.imgix.net\/wordpress-prod\/Kvalitets-miljoekonsulent-GSV.png?fit=clip&#038;fm=png&#038;h=350&#038;ixlib=php-3.3.1&#038;w=600&#038;wpsize=wide_large_phone\" media=\"(min-width: 414px)\">\n                <img loading=\"lazy\" decoding=\"async\" src=\"https:\/\/gsv-imgix.imgix.net\/wordpress-prod\/Kvalitets-miljoekonsulent-GSV.png?fit=clip&#038;fm=png&#038;h=250&#038;ixlib=php-3.3.1&#038;w=414&#038;wpsize=wide_phone\" alt=\"\" title=\"Kvalitets Milj\u00f8konsulent GSV\" width=\"414\" height=\"250\" \/>\n            <\/picture>\n<\/div>\n\n\n    <div class=\"hero__content\">\n                    <h1 class=\"hero__title\">\n                Kvalitets- og milj\u00f8 konsulent til Hedehusene \n            <\/h1>\n        \n        \n            <\/div>\n                    <\/div>\n    \n    \n      <\/div>\n<div\n  class=\"block acf-block acf-block--text-block\"\n   id=\"acf-text-block-2\"  \n>\n        <div class=\"text-block\">\n    \n    <div class=\"inner inner--small\">\n        \n                    <h2 class=\"l-title\" data-reveal=\"reveal\">Bliv en del af GSV<\/h2>\n        \n                    <div class=\"text-block__body\" data-reveal=\"reveal\">\n                <p>Har du lyst til at arbejde i en international virksomhed, hvor sikkerhed, kvalitet og b\u00e6redygtighed st\u00e5r h\u00f8jt p\u00e5 agendaen, s\u00e5 har GSV i Hedehusene, m\u00e5ske lige stillingen for dig!<\/p>\n<p>S\u00e5 er det m\u00e5ske dig, der skal v\u00e6re med til at sikre, at vi fortsat lever op til vores h\u00f8je standarder for kvalitet og sikkerhed og bidrage til at vi opn\u00e5r at blive ISO Milj\u00f8certificeret.<\/p>\n<p><em>Lyder det som noget for dig? S\u00e5 l\u00e6s videre her. <\/em><\/p>\n<p><strong>Et selvst\u00e6ndigt og alsidigt job med fokus p\u00e5 milj\u00f8 og b\u00e6redygtighed<\/strong><\/p>\n<p>Du kommer til at arbejde bredt med sikkerhed og kvalitet og dit prim\u00e6re vil v\u00e6re med fokus p\u00e5 milj\u00f8 og gr\u00f8n omstilling af GSV. Du vil v\u00e6re med til at sikre, at vi opn\u00e5r at blive ISO Milj\u00f8certificeret. Samtidig vil du som en del af sikkerhedsteamet ber\u00f8re mange forskellige projekter og arbejdsgange: Den ene dag kan du v\u00e6re p\u00e5 audit med vores lead auditor eller h\u00e5ndtere opgaver inden for milj\u00f8 (CO2, m\u00e5linger, KPI etc.) og den n\u00e6ste kan du lave procesopf\u00f8lgning p\u00e5 kvalitetsbrister i v\u00e6rdik\u00e6den.<\/p>\n<p><em>\u201dSom <\/em><em>Kvalitets- og milj\u00f8konsulent<\/em> <em>bliver din hverdag varieret og din ber\u00f8ringsflade vil v\u00e6re stor p\u00e5 tv\u00e6rs af organisationen. Den rette indstilling er vigtigere end lang erfaring.\u201d<br \/>\n<\/em>fort\u00e6ller Chef for Sikkerhed og Kvalitet, Kenny Bjerre Petersen<\/p>\n<p>Du bliver en del af vores Kvalitet og Sikkerhedsteam med base i Hedehusene og opgaver i hele landet. Vi er i dag 2 i teamet, med dig bliver 3. Vores baggrunde er forskellige og din baggrund for at blive en succes kan v\u00e6re mange. Ens for os er, at vi interesserer os for mennesker, sikkerhed og milj\u00f8\/b\u00e6redygtighed.<\/p>\n<p>Du h\u00e5ndterer forskelligartede administrative opgaver som fx at udarbejde og vedligeholde procesbeskrivelser,<\/p>\n<p>dokumentation inden for sikkerhed, kvalitet og milj\u00f8, behandling af afvigelser samt forebyggelse og forbedring. Du f\u00e5r dine egne ansvarsomr\u00e5der som du rapporterer p\u00e5.<\/p>\n<p><strong>Hvem er du?<br \/>\n<\/strong>Vi leder efter en kollega, der har erfaring med projektansvar og gerne indenfor HSEQ samt har kendskab til milj\u00f8certificering, ISO 14.000. Du forst\u00e5r at samarbejde p\u00e5 alle niveauer i organisationen og som er vant til at have mange interessenter og formidle sin viden efter m\u00e5lgruppen og implementere nye tiltag. Du trives med en h\u00f8j grad af frihed og involvering, er selvk\u00f8rende og kan lide en hverdag med mange forskelligartede projekter. Du har en naturlig grundighed og samtidig et godt blik for helheden i dine opgaver. Du er som person positiv og tillidsskabende. Du har fokus p\u00e5 kvaliteten af dit arbejde og er god til at planl\u00e6gge og strukturere dagens l\u00f8bende opgaver. Det er desuden vigtigt, at du:<\/p>\n<ul>\n<li>kan kommunikere skriftligt p\u00e5 b\u00e5de dansk og engelsk<\/li>\n<li>besidder st\u00e6rke IT-kundskaber, som minimum i Officepakken<\/li>\n<li>har k\u00f8rekort og hvis du har mulighed for at bruge egen bil i jobbet, er det en fordel<\/li>\n<\/ul>\n<p><strong>Ordentlig opl\u00e6ring og plads til udvikling<\/strong><\/p>\n<p>Vi tager altid godt imod nye medarbejdere i GSV. Du bliver introduceret til hele teamet og f\u00e5r et on-boarding forl\u00f8b, som du selv er med til at strukturere, s\u00e5 det passer til dig. Samtidig f\u00e5r du god opl\u00e6ring af dine rutinerede kolleger, som ogs\u00e5 st\u00e5r parat til at hj\u00e6lpe og sparre p\u00e5 de enkelte opgaver. Vi hj\u00e6lper hinanden og har fokus p\u00e5 godt samarbejde, b\u00e5de i eget team og i GSV.<\/p>\n<p>GSV er kendetegnet ved en flad organisation, hvor alle ansatte er vigtige medspillere i forhold til frembringelsen af det optimale produkt. Hver underafdeling har sine spidskompetencer, som ikke kan undv\u00e6res, og vi s\u00e6tter stor pris p\u00e5 den enkelte medarbejders arbejdsindsats og vilje til udvikling<\/p>\n<p>Vores aspiration \u201dMennesker f\u00f8r Maskiner\u201d betyder, at vi arbejder m\u00e5lrettet med at sikre en solid sammenh\u00e6ngskraft p\u00e5 tv\u00e6rs af hele GSV med tilfredse og engagerede medarbejdere, der indfrier vore kunders behov.\u00a0 Vi har l\u00f8bende fokus p\u00e5 udvikling af vores dygtige medarbejdere via sidemandsopl\u00e6ring, intern tr\u00e6ning og eksterne kurser.<\/p>\n\n            <\/div>\n            <\/div>\n<\/div>\n\n      <\/div>\n<div\n  class=\"block acf-block acf-block--text-block has-background\"\n   id=\"acf-text-block-3\"  \n>\n        <div class=\"text-block text-block--light-grey has-background\">\n            <div class=\"bgw background--light-grey\" data-reveal=\"bgw\"><\/div>\n    \n    <div class=\"inner inner--small\">\n        \n                    <h2 class=\"l-title\" data-reveal=\"reveal\">Vi ser frem til at h\u00f8re fra dig!<\/h2>\n        \n                    <div class=\"text-block__body\" data-reveal=\"reveal\">\n                <p><strong>Interesseret? <\/strong><br \/>\nS\u00e5 send os en ans\u00f8gning og CV via linket nedenfor. Har du sp\u00f8rgsm\u00e5l til stillingen, s\u00e5 kontakt Chef for Sikkerhed og Kvalitet, Kenny Bjerre Petersen p\u00e5 tlf.: 2189 3809.<\/p>\n<p>Grundet persondataforordningen modtager vi ikke CV og ans\u00f8gning p\u00e5 mail.<\/p>\n\n            <\/div>\n            <\/div>\n<\/div>\n\n      <\/div>\n<div\n  class=\"block acf-block acf-block--button\"\n   id=\"acf-button-4\"  \n>\n      <div class=\"inner inner--small\">\n            <div data-reveal=\"reveal\">\n        <a\n                        class=\"btn btn--primary-green\"\n                        title=\"S\u00f8g Stillingen\"\n                        aria-label=\"S\u00f8g Stillingen\"\n                        href=\"https:\/\/mkjobgsv.azurewebsites.net\/da-dk\/Application.aspx?VID=0135\"\n                        rel=\"noreferrer\"\n                        target=\"_blank\">\n                        <span>S\u00f8g Stillingen<\/span>\n                        <\/a>\n    <\/div>\n\n          <\/div>\n  <\/div>\n<div\n  class=\"block acf-block acf-block--text-block has-background\"\n   id=\"acf-text-block-5\"  \n>\n        <div class=\"text-block text-block--light-grey has-background\">\n            <div class=\"bgw background--light-grey\" data-reveal=\"bgw\"><\/div>\n    \n    <div class=\"inner inner--small\">\n        \n                    <h2 class=\"l-title\" data-reveal=\"reveal\">About GSV<\/h2>\n        \n                    <div class=\"text-block__body\" data-reveal=\"reveal\">\n                <p>GSV er Danmarks f\u00f8rende materieludlejer med materiel til alle bygge- og anl\u00e6gsopgaver. Uanset om det drejer sig om sm\u00e5t h\u00e5ndv\u00e6rkt\u00f8j til en mindre byggeopgave eller de helt store maskiner, der skal i brug, n\u00e5r Danmarks motorveje, broer og metroer anl\u00e6gges. Vi har afdelinger i hele landet og leverer lige til d\u00f8ren eller byggepladsen.<\/p>\n<p>GSV er en innovativ samarbejdspartner og vi vil gerne v\u00e6re med til at tage ansvar for Danmarks fremtid. Hos GSV s\u00f8ger vi henimod at blive mere b\u00e6redygtige, digitaliseret og vigtigst af alt, har vi altid fokus p\u00e5 mennesker.<\/p>\n<p>L\u00e6s mere om at arbejde hos os <a href=\"https:\/\/www.gsv.dk\/job-i-gsv-2\/gsv-som-arbejdsplads\/\">her<\/a>.<\/p>\n\n            <\/div>\n            <\/div>\n<\/div>\n\n      <\/div>","protected":false},"excerpt":{"rendered":"","protected":false},"author":4423,"featured_media":0,"parent":0,"menu_order":9,"comment_status":"closed","ping_status":"closed","template":"","meta":{"_acf_changed":false,"footnotes":""},"class_list":["post-746951","page","type-page","status-publish","hentry"],"acf":[],"yoast_head":"<!-- This site is optimized with the Yoast SEO plugin v25.9 - https:\/\/yoast.com\/wordpress\/plugins\/seo\/ -->\n<title>Kvalitets- og milj\u00f8 til Hedehusene | GSV<\/title>\n<meta name=\"robots\" content=\"index, follow, max-snippet:-1, max-image-preview:large, max-video-preview:-1\" \/>\n<link rel=\"canonical\" href=\"https:\/\/www.gsv.dk\/en\/kvalitets-og-miljoe-til-hedehusene\/\" \/>\n<meta property=\"og:locale\" content=\"en_GB\" \/>\n<meta property=\"og:type\" content=\"article\" \/>\n<meta property=\"og:title\" content=\"Kvalitets- og milj\u00f8 til Hedehusene | GSV\" \/>\n<meta property=\"og:url\" content=\"https:\/\/www.gsv.dk\/en\/kvalitets-og-miljoe-til-hedehusene\/\" \/>\n<meta property=\"og:site_name\" content=\"GSV\" \/>\n<meta property=\"article:publisher\" content=\"https:\/\/www.facebook.com\/gsvmaterieludlejning\/\" \/>\n<meta property=\"article:modified_time\" content=\"2022-12-06T09:17:40+00:00\" \/>\n<meta property=\"og:image\" content=\"https:\/\/www.gsv.dk\/content\/uploads\/2020\/01\/logo-300x134.png\" \/>\n\t<meta property=\"og:image:width\" content=\"300\" \/>\n\t<meta property=\"og:image:height\" content=\"134\" \/>\n\t<meta property=\"og:image:type\" content=\"image\/png\" \/>\n<meta name=\"twitter:card\" content=\"summary_large_image\" \/>\n<meta name=\"twitter:site\" content=\"@GsvMateriel\" \/>\n<script type=\"application\/ld+json\" class=\"yoast-schema-graph\">{\"@context\":\"https:\/\/schema.org\",\"@graph\":[{\"@type\":\"WebPage\",\"@id\":\"https:\/\/www.gsv.dk\/kvalitets-og-miljoe-til-hedehusene\/\",\"url\":\"https:\/\/www.gsv.dk\/kvalitets-og-miljoe-til-hedehusene\/\",\"name\":\"Kvalitets- og milj\u00f8 til Hedehusene | GSV\",\"isPartOf\":{\"@id\":\"https:\/\/www.gsv.dk\/#website\"},\"datePublished\":\"2022-12-05T08:36:48+00:00\",\"dateModified\":\"2022-12-06T09:17:40+00:00\",\"breadcrumb\":{\"@id\":\"https:\/\/www.gsv.dk\/kvalitets-og-miljoe-til-hedehusene\/#breadcrumb\"},\"inLanguage\":\"en-GB\",\"potentialAction\":[{\"@type\":\"ReadAction\",\"target\":[\"https:\/\/www.gsv.dk\/kvalitets-og-miljoe-til-hedehusene\/\"]}]},{\"@type\":\"BreadcrumbList\",\"@id\":\"https:\/\/www.gsv.dk\/kvalitets-og-miljoe-til-hedehusene\/#breadcrumb\",\"itemListElement\":[{\"@type\":\"ListItem\",\"position\":1,\"name\":\"Home\",\"item\":\"https:\/\/www.gsv.dk\/\"},{\"@type\":\"ListItem\",\"position\":2,\"name\":\"Kvalitets- og milj\u00f8 til Hedehusene\"}]},{\"@type\":\"WebSite\",\"@id\":\"https:\/\/www.gsv.dk\/#website\",\"url\":\"https:\/\/www.gsv.dk\/\",\"name\":\"GSV\",\"description\":\"GSV materieludlejning\",\"publisher\":{\"@id\":\"https:\/\/www.gsv.dk\/#organization\"},\"potentialAction\":[{\"@type\":\"SearchAction\",\"target\":{\"@type\":\"EntryPoint\",\"urlTemplate\":\"https:\/\/www.gsv.dk\/?s={search_term_string}\"},\"query-input\":{\"@type\":\"PropertyValueSpecification\",\"valueRequired\":true,\"valueName\":\"search_term_string\"}}],\"inLanguage\":\"en-GB\"},{\"@type\":\"Organization\",\"@id\":\"https:\/\/www.gsv.dk\/#organization\",\"name\":\"GSV Materieludlejning\",\"url\":\"https:\/\/www.gsv.dk\/\",\"logo\":{\"@type\":\"ImageObject\",\"inLanguage\":\"en-GB\",\"@id\":\"https:\/\/www.gsv.dk\/#\/schema\/logo\/image\/\",\"url\":\"https:\/\/www.gsv.dk\/content\/uploads\/2020\/01\/logo-300x134.png\",\"contentUrl\":\"https:\/\/www.gsv.dk\/content\/uploads\/2020\/01\/logo-300x134.png\",\"width\":300,\"height\":134,\"caption\":\"GSV Materieludlejning\"},\"image\":{\"@id\":\"https:\/\/www.gsv.dk\/#\/schema\/logo\/image\/\"},\"sameAs\":[\"https:\/\/www.facebook.com\/gsvmaterieludlejning\/\",\"https:\/\/x.com\/GsvMateriel\",\"https:\/\/www.instagram.com\/gsv_materieludlejning\/\",\"https:\/\/www.linkedin.com\/company\/gsv-materieludlejning-a-s\",\"https:\/\/www.youtube.com\/channel\/UCDWOSIoGkwn6bPG7-Kgxqkw\"]}]}<\/script>\n<!-- \/ Yoast SEO plugin. -->","yoast_head_json":{"title":"Kvalitets- og milj\u00f8 til Hedehusene | GSV","robots":{"index":"index","follow":"follow","max-snippet":"max-snippet:-1","max-image-preview":"max-image-preview:large","max-video-preview":"max-video-preview:-1"},"canonical":"https:\/\/www.gsv.dk\/en\/kvalitets-og-miljoe-til-hedehusene\/","og_locale":"en_GB","og_type":"article","og_title":"Kvalitets- og milj\u00f8 til Hedehusene | GSV","og_url":"https:\/\/www.gsv.dk\/en\/kvalitets-og-miljoe-til-hedehusene\/","og_site_name":"GSV","article_publisher":"https:\/\/www.facebook.com\/gsvmaterieludlejning\/","article_modified_time":"2022-12-06T09:17:40+00:00","og_image":[{"width":300,"height":134,"url":"https:\/\/www.gsv.dk\/content\/uploads\/2020\/01\/logo-300x134.png","type":"image\/png"}],"twitter_card":"summary_large_image","twitter_site":"@GsvMateriel","schema":{"@context":"https:\/\/schema.org","@graph":[{"@type":"WebPage","@id":"https:\/\/www.gsv.dk\/kvalitets-og-miljoe-til-hedehusene\/","url":"https:\/\/www.gsv.dk\/kvalitets-og-miljoe-til-hedehusene\/","name":"Kvalitets- og milj\u00f8 til Hedehusene | GSV","isPartOf":{"@id":"https:\/\/www.gsv.dk\/#website"},"datePublished":"2022-12-05T08:36:48+00:00","dateModified":"2022-12-06T09:17:40+00:00","breadcrumb":{"@id":"https:\/\/www.gsv.dk\/kvalitets-og-miljoe-til-hedehusene\/#breadcrumb"},"inLanguage":"en-GB","potentialAction":[{"@type":"ReadAction","target":["https:\/\/www.gsv.dk\/kvalitets-og-miljoe-til-hedehusene\/"]}]},{"@type":"BreadcrumbList","@id":"https:\/\/www.gsv.dk\/kvalitets-og-miljoe-til-hedehusene\/#breadcrumb","itemListElement":[{"@type":"ListItem","position":1,"name":"Home","item":"https:\/\/www.gsv.dk\/"},{"@type":"ListItem","position":2,"name":"Kvalitets- og milj\u00f8 til Hedehusene"}]},{"@type":"WebSite","@id":"https:\/\/www.gsv.dk\/#website","url":"https:\/\/www.gsv.dk\/","name":"GSV","description":"GSV materieludlejning","publisher":{"@id":"https:\/\/www.gsv.dk\/#organization"},"potentialAction":[{"@type":"SearchAction","target":{"@type":"EntryPoint","urlTemplate":"https:\/\/www.gsv.dk\/?s={search_term_string}"},"query-input":{"@type":"PropertyValueSpecification","valueRequired":true,"valueName":"search_term_string"}}],"inLanguage":"en-GB"},{"@type":"Organization","@id":"https:\/\/www.gsv.dk\/#organization","name":"GSV Materieludlejning","url":"https:\/\/www.gsv.dk\/","logo":{"@type":"ImageObject","inLanguage":"en-GB","@id":"https:\/\/www.gsv.dk\/#\/schema\/logo\/image\/","url":"https:\/\/www.gsv.dk\/content\/uploads\/2020\/01\/logo-300x134.png","contentUrl":"https:\/\/www.gsv.dk\/content\/uploads\/2020\/01\/logo-300x134.png","width":300,"height":134,"caption":"GSV Materieludlejning"},"image":{"@id":"https:\/\/www.gsv.dk\/#\/schema\/logo\/image\/"},"sameAs":["https:\/\/www.facebook.com\/gsvmaterieludlejning\/","https:\/\/x.com\/GsvMateriel","https:\/\/www.instagram.com\/gsv_materieludlejning\/","https:\/\/www.linkedin.com\/company\/gsv-materieludlejning-a-s","https:\/\/www.youtube.com\/channel\/UCDWOSIoGkwn6bPG7-Kgxqkw"]}]}},"_links":{"self":[{"href":"https:\/\/www.gsv.dk\/en\/wp-json\/wp\/v2\/pages\/746951","targetHints":{"allow":["GET"]}}],"collection":[{"href":"https:\/\/www.gsv.dk\/en\/wp-json\/wp\/v2\/pages"}],"about":[{"href":"https:\/\/www.gsv.dk\/en\/wp-json\/wp\/v2\/types\/page"}],"author":[{"embeddable":true,"href":"https:\/\/www.gsv.dk\/en\/wp-json\/wp\/v2\/users\/4423"}],"replies":[{"embeddable":true,"href":"https:\/\/www.gsv.dk\/en\/wp-json\/wp\/v2\/comments?post=746951"}],"version-history":[{"count":4,"href":"https:\/\/www.gsv.dk\/en\/wp-json\/wp\/v2\/pages\/746951\/revisions"}],"predecessor-version":[{"id":748824,"href":"https:\/\/www.gsv.dk\/en\/wp-json\/wp\/v2\/pages\/746951\/revisions\/748824"}],"wp:attachment":[{"href":"https:\/\/www.gsv.dk\/en\/wp-json\/wp\/v2\/media?parent=746951"}],"curies":[{"name":"wp","href":"https:\/\/api.w.org\/{rel}","templated":true}]}}