{"id":686151,"date":"2022-10-31T11:31:31","date_gmt":"2022-10-31T11:31:31","guid":{"rendered":"https:\/\/www.gsv.dk\/?page_id=686151"},"modified":"2022-11-11T10:34:21","modified_gmt":"2022-11-11T10:34:21","slug":"afdelingschef-i-holbaek","status":"publish","type":"page","link":"https:\/\/www.gsv.dk\/en\/afdelingschef-i-holbaek\/","title":{"rendered":"Afdelingschef i Holb\u00e6k"},"content":{"rendered":"<div\n  class=\"block acf-block acf-block--hero\"\n   id=\"acf-hero-1\"  \n>\n        <div class=\"hero\">\n                                            <div class=\"hero__image\">\n    <div class=\"hero__image-overlay\" style=\"background-color: rgba(0, 0, 0, 0.33)\"><\/div>\n    \n            <picture>\n                <source srcset=\"https:\/\/gsv-imgix.imgix.net\/wordpress-prod\/Udklip_team.jpg?fit=clip&#038;fm=pjpg&#038;h=550&#038;ixlib=php-3.3.1&#038;w=1440&#038;wpsize=wide_desktop\" media=\"(min-width: 1200px)\"><source srcset=\"https:\/\/gsv-imgix.imgix.net\/wordpress-prod\/Udklip_team.jpg?fit=clip&#038;fm=pjpg&#038;h=550&#038;ixlib=php-3.3.1&#038;w=1200&#038;wpsize=wide_tablet_landscape\" media=\"(min-width: 900px)\"><source srcset=\"https:\/\/gsv-imgix.imgix.net\/wordpress-prod\/Udklip_team.jpg?fit=clip&#038;fm=pjpg&#038;h=400&#038;ixlib=php-3.3.1&#038;w=900&#038;wpsize=wide_tablet_portrait\" media=\"(min-width: 600px)\"><source srcset=\"https:\/\/gsv-imgix.imgix.net\/wordpress-prod\/Udklip_team.jpg?fit=clip&#038;fm=pjpg&#038;h=350&#038;ixlib=php-3.3.1&#038;w=600&#038;wpsize=wide_large_phone\" media=\"(min-width: 414px)\">\n                <img loading=\"lazy\" decoding=\"async\" src=\"https:\/\/gsv-imgix.imgix.net\/wordpress-prod\/Udklip_team.jpg?fit=clip&#038;fm=pjpg&#038;h=250&#038;ixlib=php-3.3.1&#038;w=414&#038;wpsize=wide_phone\" alt=\"\" title=\"Udklip Team\" width=\"414\" height=\"250\" \/>\n            <\/picture>\n<\/div>\n\n\n    <div class=\"hero__content\">\n                    <h1 class=\"hero__title\">\n                Afdelingschef i Holb\u00e6k\n            <\/h1>\n        \n        \n            <\/div>\n                    <\/div>\n    \n    \n      <\/div>\n<div\n  class=\"block acf-block acf-block--text-block\"\n   id=\"acf-text-block-2\"  \n>\n        <div class=\"text-block\">\n    \n    <div class=\"inner inner--small\">\n        \n                    <h2 class=\"l-title\" data-reveal=\"reveal\">Bliv en del af GSV<\/h2>\n        \n                    <div class=\"text-block__body\" data-reveal=\"reveal\">\n                <p><em>Br\u00e6nder du for at levere en god og fleksibel service til kunder? Er du god til at lede i en forandringsproces og sikre medarbejdertilfredsheden? Vil du v\u00e6re med til at levere kundetilpassede l\u00f8sninger i h\u00f8j kvalitet, i en moderne virksomhed som altid fors\u00f8ger at v\u00e6re p\u00e5 forkant med udviklingen? Har du fokus p\u00e5 at udvikle medarbejdere og samtidig sikre forretningsm\u00e6ssige resultater? S\u00e5 er jobbet hos G.S.V. Materieludlejning m\u00e5ske noget for dig. <\/em><\/p>\n<p><strong>Et selvst\u00e6ndigt og alsidigt job <\/strong><\/p>\n<p>Som afdelingschef i Holb\u00e6k bliver du omdrejningspunkt for alle vores lokale kunder og du f\u00e5r ansvaret for 15 dedikerede og engagerede medarbejdere p\u00e5 dit hold. I samspil med medarbejderne skal du drive og udvikle afdelingen i Holb\u00e6k. Du vil fremst\u00e5 som afdelingslederen med styr p\u00e5 sin afdeling og et s\u00e5 godt ry hos kunderne at de v\u00e6lger G.S.V. Materieludlejning A\/S som samarbejdspartner. Det bliver dit ansvar, at afdelingen til enhver tid leverer en god og fleksibel service til virksomhedens kunder, sikre effektivitet og fremmer det interne samarbejde \u2013 s\u00e5ledes at afdelingen bidrager til en positiv udvikling i virksomheden og der fortsat er h\u00f8j kunde- og medarbejdertilfredshed. Du indg\u00e5r i en dynamisk ledergruppe hvor vi v\u00e6gter samarbejde h\u00f8jt og lykkes som hold, og du vil opleve en h\u00f8j grad af selvbestemmelse og korte beslutningsgange.<\/p>\n<p><em>\u201dSom afdelingsleder i GSV har du et st\u00e6rkt kommercielt fokus og sammen med salg og dit team af udlejningskonsulenter, sikre du udviklingen af de lokale kunder i dit omr\u00e5de\u201d <\/em>fort\u00e6ller Regionsdirekt\u00f8r Emil Vittrup<\/p>\n<p>Du vil v\u00e6re ansvarlig for den daglige drift og planl\u00e6gning i afdelingen, s\u00e5ledes at afdelingen til en hver tid er funktionsdygtig og de aftalte budgetter n\u00e5s. Et s\u00e6rligt fokusomr\u00e5de er at sikre, at de rette sikkerheds- og arbejdsprocedurer efterleves i henhold til vores kvalitetsledelsessystem.<br \/>\nDu vil blive hjulpet til succes af dine lederkollegaer og st\u00f8ttefunktioner til driften.<\/p>\n<p>Opgaver der overordnet h\u00f8rer til stillingen:<\/p>\n<ul>\n<li>At l\u00f8fte en succes til nye h\u00f8jder, og derfor vil udvikling v\u00e6re et n\u00f8gleord<\/li>\n<li>Ops\u00f8gende salg og udvikling af lokale kunder<\/li>\n<li>Kundebetjening i salg og service, logistik, ordrebehandling<\/li>\n<li>Daglig ledelse af teamet, trivselssamtaler, bemandingsplanl\u00e6gning mm.<\/li>\n<li>Driftsansvar og opgavefordeling<\/li>\n<li>Budgetansvar inkl. indhentning af div. godkendelser<\/li>\n<li>Fakturering, lagerstyring og kontering<\/li>\n<\/ul>\n<p><strong>Vil du v\u00e6re leder i GSV?<\/strong><\/p>\n<p>Vi s\u00f8ger en lederkollega med kendskab til branchen; enten til udlejning eller til bygge \u2013 og anl\u00e6gsbranchen i \u00f8vrigt. Det er en fordel hvis du har erfaring med ledelse. Det vigtigste er at du har et godt hoved skruet p\u00e5, og masser af lyst og g\u00e5-p\u00e5-mod. Du skal v\u00e6re motiveret af udsigten til at drifte og udvikle din egen butik. Du er ferm til at s\u00e6tte dig ind i nye arbejdsgange og systemer, og du evner motivere dine medarbejdere b\u00e5de p\u00e5 de daglige driftsopgaver og de kommercielle opgaver. Du er autentisk og trov\u00e6rdig, og du tager ansvar og g\u00e5r forrest n\u00e5r der skal skabes forandringer.<\/p>\n<p><strong>Vi tilbyder:<br \/>\n<\/strong>En udviklende og varierende stilling, hvor hverdagen er fuld af sp\u00e6ndende udfordringer, som udfoldes i et godt socialt arbejdsmilj\u00f8 med h\u00f8jt til loftet. Det skal v\u00e6re sjovt at g\u00e5 p\u00e5 arbejde. Du vil opleve at du f\u00e5r en meget grundig opl\u00e6ring og at arbejdet foreg\u00e5r i et dynamisk milj\u00f8, hvor der opfordres til initiativ og selvst\u00e6ndighed. Du bliver en del af et team, hvor vi hj\u00e6lper hinanden og har fokus p\u00e5 godt samarbejde, b\u00e5de i eget team og i GSV.<\/p>\n<p>For den rette profil tilbyder vi en attraktiv l\u00f8npakke med l\u00f8n efter kvalifikationer, firmabil, pensionsordning og privat sundhedsforsikring. Desuden har vi en del personalegoder og gode muligheder for personlig s\u00e5vel som faglig udvikling.<\/p>\n\n            <\/div>\n            <\/div>\n<\/div>\n\n      <\/div>\n<div\n  class=\"block acf-block acf-block--text-block has-background\"\n   id=\"acf-text-block-3\"  \n>\n        <div class=\"text-block text-block--light-grey has-background\">\n            <div class=\"bgw background--light-grey\" data-reveal=\"bgw\"><\/div>\n    \n    <div class=\"inner inner--small\">\n        \n                    <h2 class=\"l-title\" data-reveal=\"reveal\">Vi ser frem til at h\u00f8re fra dig!<\/h2>\n        \n                    <div class=\"text-block__body\" data-reveal=\"reveal\">\n                <p><strong>Interesseret?<\/strong><br \/>\nKan du se dig selv i denne stillingsbeskrivelse? S\u00e5 send en ans\u00f8gning via linket forneden. Stillingen \u00f8nskes besat hurtigst muligt, og vi inviterer til samtaler l\u00f8bende.<\/p>\n<p>Har du sp\u00f8rgsm\u00e5l til stillingen, s\u00e5 kontakt Regionsdirekt\u00f8r Emil Vittrup p\u00e5 tlf.: 5175 6868.<\/p>\n\n            <\/div>\n            <\/div>\n<\/div>\n\n      <\/div>\n<div\n  class=\"block acf-block acf-block--button\"\n   id=\"acf-button-4\"  \n>\n      <div class=\"inner inner--small\">\n            <div data-reveal=\"reveal\">\n        <a\n                        class=\"btn btn--primary-green\"\n                        title=\"S\u00f8g Stillingen\"\n                        aria-label=\"S\u00f8g Stillingen\"\n                        href=\"https:\/\/mkjobgsv.azurewebsites.net\/da-dk\/Application.aspx?VID=0128\"\n                        rel=\"noreferrer\"\n                        target=\"_blank\">\n                        <span>S\u00f8g Stillingen<\/span>\n                        <\/a>\n    <\/div>\n\n          <\/div>\n  <\/div>\n<div\n  class=\"block acf-block acf-block--text-block has-background\"\n   id=\"acf-text-block-5\"  \n>\n        <div class=\"text-block text-block--light-grey has-background\">\n            <div class=\"bgw background--light-grey\" data-reveal=\"bgw\"><\/div>\n    \n    <div class=\"inner inner--small\">\n        \n                    <h2 class=\"l-title\" data-reveal=\"reveal\">About GSV<\/h2>\n        \n                    <div class=\"text-block__body\" data-reveal=\"reveal\">\n                <p>GSV er Danmarks f\u00f8rende materieludlejer med materiel til alle bygge- og anl\u00e6gsopgaver. Uanset om det drejer sig om sm\u00e5t h\u00e5ndv\u00e6rkt\u00f8j til en mindre byggeopgave eller de helt store maskiner, der skal i brug, n\u00e5r Danmarks motorveje, broer og metroer anl\u00e6gges. Vi har afdelinger i hele landet og leverer lige til d\u00f8ren eller byggepladsen.<\/p>\n<p>GSV er en innovativ samarbejdspartner og vi vil gerne v\u00e6re med til at tage ansvar for Danmarks fremtid. Hos GSV s\u00f8ger vi henimod at blive mere b\u00e6redygtige, digitaliseret og vigtigst af alt, har vi altid fokus p\u00e5 mennesker.<\/p>\n<p>L\u00e6s mere om at arbejde hos os <a href=\"https:\/\/www.gsv.dk\/job-i-gsv-2\/gsv-som-arbejdsplads\/\">her<\/a>.<\/p>\n\n            <\/div>\n            <\/div>\n<\/div>\n\n      <\/div>","protected":false},"excerpt":{"rendered":"","protected":false},"author":4423,"featured_media":0,"parent":0,"menu_order":9,"comment_status":"closed","ping_status":"closed","template":"","meta":{"_acf_changed":false,"footnotes":""},"class_list":["post-686151","page","type-page","status-publish","hentry"],"acf":[],"yoast_head":"<!-- This site is optimized with the Yoast SEO plugin v25.9 - https:\/\/yoast.com\/wordpress\/plugins\/seo\/ -->\n<title>Afdelingschef i Holb\u00e6k | GSV<\/title>\n<meta name=\"robots\" content=\"index, follow, max-snippet:-1, max-image-preview:large, max-video-preview:-1\" \/>\n<link rel=\"canonical\" href=\"https:\/\/www.gsv.dk\/en\/afdelingschef-i-holbaek\/\" \/>\n<meta property=\"og:locale\" content=\"en_GB\" \/>\n<meta property=\"og:type\" content=\"article\" \/>\n<meta property=\"og:title\" content=\"Afdelingschef i Holb\u00e6k | GSV\" \/>\n<meta property=\"og:url\" content=\"https:\/\/www.gsv.dk\/en\/afdelingschef-i-holbaek\/\" \/>\n<meta property=\"og:site_name\" content=\"GSV\" \/>\n<meta property=\"article:publisher\" content=\"https:\/\/www.facebook.com\/gsvmaterieludlejning\/\" \/>\n<meta property=\"article:modified_time\" content=\"2022-11-11T10:34:21+00:00\" \/>\n<meta property=\"og:image\" content=\"https:\/\/www.gsv.dk\/content\/uploads\/2020\/01\/logo-300x134.png\" \/>\n\t<meta property=\"og:image:width\" content=\"300\" \/>\n\t<meta property=\"og:image:height\" content=\"134\" \/>\n\t<meta property=\"og:image:type\" content=\"image\/png\" \/>\n<meta name=\"twitter:card\" content=\"summary_large_image\" \/>\n<meta name=\"twitter:site\" content=\"@GsvMateriel\" \/>\n<script type=\"application\/ld+json\" class=\"yoast-schema-graph\">{\"@context\":\"https:\/\/schema.org\",\"@graph\":[{\"@type\":\"WebPage\",\"@id\":\"https:\/\/www.gsv.dk\/afdelingschef-i-holbaek\/\",\"url\":\"https:\/\/www.gsv.dk\/afdelingschef-i-holbaek\/\",\"name\":\"Afdelingschef i Holb\u00e6k | GSV\",\"isPartOf\":{\"@id\":\"https:\/\/www.gsv.dk\/#website\"},\"datePublished\":\"2022-10-31T11:31:31+00:00\",\"dateModified\":\"2022-11-11T10:34:21+00:00\",\"breadcrumb\":{\"@id\":\"https:\/\/www.gsv.dk\/afdelingschef-i-holbaek\/#breadcrumb\"},\"inLanguage\":\"en-GB\",\"potentialAction\":[{\"@type\":\"ReadAction\",\"target\":[\"https:\/\/www.gsv.dk\/afdelingschef-i-holbaek\/\"]}]},{\"@type\":\"BreadcrumbList\",\"@id\":\"https:\/\/www.gsv.dk\/afdelingschef-i-holbaek\/#breadcrumb\",\"itemListElement\":[{\"@type\":\"ListItem\",\"position\":1,\"name\":\"Home\",\"item\":\"https:\/\/www.gsv.dk\/\"},{\"@type\":\"ListItem\",\"position\":2,\"name\":\"Afdelingschef i Holb\u00e6k\"}]},{\"@type\":\"WebSite\",\"@id\":\"https:\/\/www.gsv.dk\/#website\",\"url\":\"https:\/\/www.gsv.dk\/\",\"name\":\"GSV\",\"description\":\"GSV materieludlejning\",\"publisher\":{\"@id\":\"https:\/\/www.gsv.dk\/#organization\"},\"potentialAction\":[{\"@type\":\"SearchAction\",\"target\":{\"@type\":\"EntryPoint\",\"urlTemplate\":\"https:\/\/www.gsv.dk\/?s={search_term_string}\"},\"query-input\":{\"@type\":\"PropertyValueSpecification\",\"valueRequired\":true,\"valueName\":\"search_term_string\"}}],\"inLanguage\":\"en-GB\"},{\"@type\":\"Organization\",\"@id\":\"https:\/\/www.gsv.dk\/#organization\",\"name\":\"GSV Materieludlejning\",\"url\":\"https:\/\/www.gsv.dk\/\",\"logo\":{\"@type\":\"ImageObject\",\"inLanguage\":\"en-GB\",\"@id\":\"https:\/\/www.gsv.dk\/#\/schema\/logo\/image\/\",\"url\":\"https:\/\/www.gsv.dk\/content\/uploads\/2020\/01\/logo-300x134.png\",\"contentUrl\":\"https:\/\/www.gsv.dk\/content\/uploads\/2020\/01\/logo-300x134.png\",\"width\":300,\"height\":134,\"caption\":\"GSV Materieludlejning\"},\"image\":{\"@id\":\"https:\/\/www.gsv.dk\/#\/schema\/logo\/image\/\"},\"sameAs\":[\"https:\/\/www.facebook.com\/gsvmaterieludlejning\/\",\"https:\/\/x.com\/GsvMateriel\",\"https:\/\/www.instagram.com\/gsv_materieludlejning\/\",\"https:\/\/www.linkedin.com\/company\/gsv-materieludlejning-a-s\",\"https:\/\/www.youtube.com\/channel\/UCDWOSIoGkwn6bPG7-Kgxqkw\"]}]}<\/script>\n<!-- \/ Yoast SEO plugin. -->","yoast_head_json":{"title":"Afdelingschef i Holb\u00e6k | GSV","robots":{"index":"index","follow":"follow","max-snippet":"max-snippet:-1","max-image-preview":"max-image-preview:large","max-video-preview":"max-video-preview:-1"},"canonical":"https:\/\/www.gsv.dk\/en\/afdelingschef-i-holbaek\/","og_locale":"en_GB","og_type":"article","og_title":"Afdelingschef i Holb\u00e6k | GSV","og_url":"https:\/\/www.gsv.dk\/en\/afdelingschef-i-holbaek\/","og_site_name":"GSV","article_publisher":"https:\/\/www.facebook.com\/gsvmaterieludlejning\/","article_modified_time":"2022-11-11T10:34:21+00:00","og_image":[{"width":300,"height":134,"url":"https:\/\/www.gsv.dk\/content\/uploads\/2020\/01\/logo-300x134.png","type":"image\/png"}],"twitter_card":"summary_large_image","twitter_site":"@GsvMateriel","schema":{"@context":"https:\/\/schema.org","@graph":[{"@type":"WebPage","@id":"https:\/\/www.gsv.dk\/afdelingschef-i-holbaek\/","url":"https:\/\/www.gsv.dk\/afdelingschef-i-holbaek\/","name":"Afdelingschef i Holb\u00e6k | GSV","isPartOf":{"@id":"https:\/\/www.gsv.dk\/#website"},"datePublished":"2022-10-31T11:31:31+00:00","dateModified":"2022-11-11T10:34:21+00:00","breadcrumb":{"@id":"https:\/\/www.gsv.dk\/afdelingschef-i-holbaek\/#breadcrumb"},"inLanguage":"en-GB","potentialAction":[{"@type":"ReadAction","target":["https:\/\/www.gsv.dk\/afdelingschef-i-holbaek\/"]}]},{"@type":"BreadcrumbList","@id":"https:\/\/www.gsv.dk\/afdelingschef-i-holbaek\/#breadcrumb","itemListElement":[{"@type":"ListItem","position":1,"name":"Home","item":"https:\/\/www.gsv.dk\/"},{"@type":"ListItem","position":2,"name":"Afdelingschef i Holb\u00e6k"}]},{"@type":"WebSite","@id":"https:\/\/www.gsv.dk\/#website","url":"https:\/\/www.gsv.dk\/","name":"GSV","description":"GSV materieludlejning","publisher":{"@id":"https:\/\/www.gsv.dk\/#organization"},"potentialAction":[{"@type":"SearchAction","target":{"@type":"EntryPoint","urlTemplate":"https:\/\/www.gsv.dk\/?s={search_term_string}"},"query-input":{"@type":"PropertyValueSpecification","valueRequired":true,"valueName":"search_term_string"}}],"inLanguage":"en-GB"},{"@type":"Organization","@id":"https:\/\/www.gsv.dk\/#organization","name":"GSV Materieludlejning","url":"https:\/\/www.gsv.dk\/","logo":{"@type":"ImageObject","inLanguage":"en-GB","@id":"https:\/\/www.gsv.dk\/#\/schema\/logo\/image\/","url":"https:\/\/www.gsv.dk\/content\/uploads\/2020\/01\/logo-300x134.png","contentUrl":"https:\/\/www.gsv.dk\/content\/uploads\/2020\/01\/logo-300x134.png","width":300,"height":134,"caption":"GSV Materieludlejning"},"image":{"@id":"https:\/\/www.gsv.dk\/#\/schema\/logo\/image\/"},"sameAs":["https:\/\/www.facebook.com\/gsvmaterieludlejning\/","https:\/\/x.com\/GsvMateriel","https:\/\/www.instagram.com\/gsv_materieludlejning\/","https:\/\/www.linkedin.com\/company\/gsv-materieludlejning-a-s","https:\/\/www.youtube.com\/channel\/UCDWOSIoGkwn6bPG7-Kgxqkw"]}]}},"_links":{"self":[{"href":"https:\/\/www.gsv.dk\/en\/wp-json\/wp\/v2\/pages\/686151","targetHints":{"allow":["GET"]}}],"collection":[{"href":"https:\/\/www.gsv.dk\/en\/wp-json\/wp\/v2\/pages"}],"about":[{"href":"https:\/\/www.gsv.dk\/en\/wp-json\/wp\/v2\/types\/page"}],"author":[{"embeddable":true,"href":"https:\/\/www.gsv.dk\/en\/wp-json\/wp\/v2\/users\/4423"}],"replies":[{"embeddable":true,"href":"https:\/\/www.gsv.dk\/en\/wp-json\/wp\/v2\/comments?post=686151"}],"version-history":[{"count":3,"href":"https:\/\/www.gsv.dk\/en\/wp-json\/wp\/v2\/pages\/686151\/revisions"}],"predecessor-version":[{"id":704826,"href":"https:\/\/www.gsv.dk\/en\/wp-json\/wp\/v2\/pages\/686151\/revisions\/704826"}],"wp:attachment":[{"href":"https:\/\/www.gsv.dk\/en\/wp-json\/wp\/v2\/media?parent=686151"}],"curies":[{"name":"wp","href":"https:\/\/api.w.org\/{rel}","templated":true}]}}