{"id":66496,"date":"2020-02-01T10:32:34","date_gmt":"2020-02-01T10:32:34","guid":{"rendered":"https:\/\/www.gsv.dk\/?page_id=66496"},"modified":"2022-03-02T13:48:50","modified_gmt":"2022-03-02T13:48:50","slug":"gsv-som-arbejdsplads","status":"publish","type":"page","link":"https:\/\/www.gsv.dk\/en\/ledig-i-job-i-gsv\/gsv-som-arbejdsplads\/","title":{"rendered":"GSV as a workplace"},"content":{"rendered":"<div\n  class=\"block acf-block acf-block--hero\"\n   id=\"acf-hero-1\"  \n>\n        <div class=\"hero\">\n                                            <div class=\"hero__image\">\n    <div class=\"hero__image-overlay\" style=\"background-color: rgba(0, 0, 0, 0.35)\"><\/div>\n    \n            <picture>\n                <source srcset=\"https:\/\/www.gsv.dk\/content\/uploads\/2020\/12\/velkommen-kollega.png\" media=\"(min-width: 1200px)\"><source srcset=\"https:\/\/www.gsv.dk\/content\/uploads\/2020\/12\/velkommen-kollega-1200x550.png\" media=\"(min-width: 900px)\"><source srcset=\"https:\/\/www.gsv.dk\/content\/uploads\/2020\/12\/velkommen-kollega-900x400.png\" media=\"(min-width: 600px)\"><source srcset=\"https:\/\/www.gsv.dk\/content\/uploads\/2020\/12\/velkommen-kollega-600x350.png\" media=\"(min-width: 414px)\">\n                <img loading=\"lazy\" decoding=\"async\" src=\"https:\/\/www.gsv.dk\/content\/uploads\/2020\/12\/velkommen-kollega-414x250.png\" alt=\"\" title=\"velkommen-kollega\" width=\"414\" height=\"250\">\n            <\/picture>\n<\/div>\n\n\n    <div class=\"hero__content\">\n                    <h1 class=\"hero__title\">\n                GSV as a workplace\n            <\/h1>\n        \n        \n            <\/div>\n                    <\/div>\n    \n    \n      <\/div>\n<div\n  class=\"block acf-block acf-block--text-block\"\n   id=\"acf-text-block-2\"  \n>\n        <div class=\"text-block\">\n    \n    <div class=\"inner inner--small\">\n        \n                    <h2 class=\"l-title\" data-reveal=\"reveal\">Hvordan er det at arbejde i GSV?<\/h2>\n        \n                    <div class=\"text-block__body\" data-reveal=\"reveal\">\n                <p>Vi er en mangfoldig og sp\u00e6ndende arbejdsplads med et utal af b\u00e5de brede og specialiserede karrieremuligheder.<\/p>\n\n            <\/div>\n            <\/div>\n<\/div>\n\n      <\/div>\n<div\n  class=\"block acf-block acf-block--content-block has-background\"\n   id=\"acf-content-block-3\"  \n>\n        <div class=\"content-block content-block--light-grey has-background\">\n            <div class=\"bgw background--light-grey\" data-reveal=\"bgw\"><\/div>\n    \n    <div class=\"inner inner--medium\">\n        <div class=\"content-block__image image-fade\">\n            <div class=\"image-fade__container\"><\/div>\n            \n            <picture>\n                <source srcset=\"https:\/\/www.gsv.dk\/content\/uploads\/2020\/02\/Medarbejdere-i-GSV.png\" media=\"(min-width: 900px)\"><source srcset=\"https:\/\/www.gsv.dk\/content\/uploads\/2020\/02\/Medarbejdere-i-GSV-500x400.png\" media=\"(min-width: 600px)\"><source srcset=\"https:\/\/www.gsv.dk\/content\/uploads\/2020\/02\/Medarbejdere-i-GSV-500x350.png\" media=\"(min-width: 414px)\">\n                <img loading=\"lazy\" decoding=\"async\" src=\"https:\/\/www.gsv.dk\/content\/uploads\/2020\/02\/Medarbejdere-i-GSV-414x250.png\" alt=\"\" title=\"Medarbejdere i GSV\" width=\"414\" height=\"250\">\n            <\/picture>\n        <\/div>\n\n        <div class=\"content-block__content\" data-reveal=\"reveal\">\n            \n                            <h2 class=\"content-block__title\">Trivsel, samarbejde og udvikling<\/h2>\n            \n                            <div class=\"content-block__body\">\n                    <p>I GSV bliver du en del af at st\u00e6rkt og dynamisk medarbejderteam. Vi ved af erfaring at gl\u00e6de smitter og glade medarbejdere, skaber glade kunder og det g\u00f8r dig til vores vigtigste ambassad\u00f8r over for kunden. Derfor investerer vi i vores medarbejdere, og vi s\u00e6tter rammerne for god trivsel og faglig- og personligudvikling. For kun det st\u00e6rkeste medarbejderteam bringer mennesker t\u00e6ttere sammen, og kun det mest talentfulde team g\u00f8r den digitale fremtid til virkelighed.<\/p>\n\n                <\/div>\n            \n                    <\/div>\n    <\/div>\n<\/div>\n\n      <\/div>\n<div\n  class=\"block acf-block acf-block--content-block\"\n   id=\"acf-content-block-4\"  \n>\n        <div class=\"content-block is-reversed\">\n    \n    <div class=\"inner inner--medium\">\n        <div class=\"content-block__image image-fade\">\n            <div class=\"image-fade__container\"><\/div>\n            \n            <picture>\n                <source srcset=\"https:\/\/www.gsv.dk\/content\/uploads\/2020\/02\/Medarbejdere-og-sikkerhed-i-GSV.png\" media=\"(min-width: 900px)\"><source srcset=\"https:\/\/www.gsv.dk\/content\/uploads\/2020\/02\/Medarbejdere-og-sikkerhed-i-GSV-500x400.png\" media=\"(min-width: 600px)\"><source srcset=\"https:\/\/www.gsv.dk\/content\/uploads\/2020\/02\/Medarbejdere-og-sikkerhed-i-GSV-500x350.png\" media=\"(min-width: 414px)\">\n                <img loading=\"lazy\" decoding=\"async\" src=\"https:\/\/www.gsv.dk\/content\/uploads\/2020\/02\/Medarbejdere-og-sikkerhed-i-GSV-414x250.png\" alt=\"\" title=\"Medarbejdere og sikkerhed i GSV\" width=\"414\" height=\"250\">\n            <\/picture>\n        <\/div>\n\n        <div class=\"content-block__content\" data-reveal=\"reveal\">\n            \n                            <h2 class=\"content-block__title\">H\u00f8jt tempo og fokus p\u00e5 sikkerhed<\/h2>\n            \n                            <div class=\"content-block__body\">\n                    <p>Vi arbejder med l\u00f8sninger frem for enkelte produkter. Det skaber mest synergi for kunden, at vi som sparringspartner og r\u00e5dgiver kan arbejde p\u00e5 hele projektet og v\u00e6re med hele vejen \u2013 fra den indledende behovsanalyse frem til bygningen er taget i brug og fungerer 100 %. Dette foreg\u00e5r i et kr\u00e6vende, omskifteligt og ekstremt konkurrencepr\u00e6get marked. Vi er drevet af at g\u00f8re det komplicerede enkelt og af at arbejde h\u00e5rdt for at l\u00f8se udfordringer. I GSV kan du ikke undg\u00e5 at komme t\u00e6t p\u00e5 kunderne. Vi arbejder sammen og netv\u00e6rker p\u00e5 tv\u00e6rs af afdelinger og fagomr\u00e5der for at skabe de bedste l\u00f8sninger til vores kunder. Alt i alt bliver du en del af et inspirerende og kreativt arbejdsmilj\u00f8 med h\u00f8j fokus p\u00e5 sikkerhed.<\/p>\n\n                <\/div>\n            \n                    <\/div>\n    <\/div>\n<\/div>\n\n      <\/div>\n<div\n  class=\"block acf-block acf-block--content-block has-background\"\n   id=\"acf-content-block-5\"  \n>\n        <div class=\"content-block content-block--light-grey has-background\">\n            <div class=\"bgw background--light-grey\" data-reveal=\"bgw\"><\/div>\n    \n    <div class=\"inner inner--medium\">\n        <div class=\"content-block__image image-fade\">\n            <div class=\"image-fade__container\"><\/div>\n            \n            <picture>\n                <source srcset=\"https:\/\/www.gsv.dk\/content\/uploads\/2020\/02\/Medarbejdere-og-div-i-GSV.png\" media=\"(min-width: 900px)\"><source srcset=\"https:\/\/www.gsv.dk\/content\/uploads\/2020\/02\/Medarbejdere-og-div-i-GSV-500x400.png\" media=\"(min-width: 600px)\"><source srcset=\"https:\/\/www.gsv.dk\/content\/uploads\/2020\/02\/Medarbejdere-og-div-i-GSV-500x350.png\" media=\"(min-width: 414px)\">\n                <img loading=\"lazy\" decoding=\"async\" src=\"https:\/\/www.gsv.dk\/content\/uploads\/2020\/02\/Medarbejdere-og-div-i-GSV-414x250.png\" alt=\"\" title=\"Medarbejdere og div i GSV\" width=\"414\" height=\"250\">\n            <\/picture>\n        <\/div>\n\n        <div class=\"content-block__content\" data-reveal=\"reveal\">\n            \n                            <h2 class=\"content-block__title\">Vi har en mangfoldig og inkluderende kultur<\/h2>\n            \n                            <div class=\"content-block__body\">\n                    <p>I GSV er vi dedikerede til at fremme en inkluderende kultur. Vi v\u00e6rds\u00e6tter diversitet, og vi er stolte af, at give lige muligheder til alle. Vi hylder mangfoldigheden og tror p\u00e5, at det netop er vores mange forskelligheder, der skaber de bedste ideer og l\u00f8sninger til vores mange forskellige kunder. I GSV vil du blive en del af en kultur, der favner, v\u00e6rds\u00e6tter og giver lige muligheder til alle uanset religion, etnicitet, alder, k\u00f8n, k\u00f8nsidentitet, seksualitet, handicap og alle de andre karakteristika, der g\u00f8r os forskellige.<\/p>\n\n                <\/div>\n            \n                    <\/div>\n    <\/div>\n<\/div>\n\n      <\/div>\n<div\n  class=\"block acf-block acf-block--text-block\"\n   id=\"acf-text-block-6\"  \n>\n        <div class=\"text-block\">\n    \n    <div class=\"inner inner--small\">\n        \n                    <h2 class=\"l-title\" data-reveal=\"reveal\">Tilbage til oversigt<\/h2>\n        \n            <\/div>\n<\/div>\n\n      <\/div>\n<div\n  class=\"block acf-block acf-block--button\"\n   id=\"acf-button-7\"  \n>\n      <div class=\"inner inner--small\">\n            <div data-reveal=\"reveal\">\n        <a\n                        class=\"btn btn--primary-green\"\n                        title=\"Se oversigt\"\n                        aria-label=\"Se oversigt\"\n                        href=\"https:\/\/www.gsv.dk\/job-i-gsv\/\"\n                        rel=\"noreferrer\"\n                        target=\"\">\n                        <span>Se oversigt<\/span>\n                        <\/a>\n    <\/div>\n\n          <\/div>\n  <\/div>","protected":false},"excerpt":{"rendered":"","protected":false},"author":3,"featured_media":0,"parent":1863,"menu_order":2,"comment_status":"closed","ping_status":"closed","template":"","meta":{"_acf_changed":false,"footnotes":""},"class_list":["post-66496","page","type-page","status-publish","hentry"],"acf":[],"yoast_head":"<!-- This site is optimized with the Yoast SEO plugin v25.9 - https:\/\/yoast.com\/wordpress\/plugins\/seo\/ -->\n<title>GSV som arbejdsplads - skal du v\u00e6re en del af GSV?<\/title>\n<meta name=\"description\" content=\"Vi er en mangfoldig og sp\u00e6ndende arbejdsplads med et utal af b\u00e5de brede og specialiserede karrieremuligheder. L\u00e6s mere om dine mange muligheder hos os\" \/>\n<meta name=\"robots\" content=\"index, follow, max-snippet:-1, max-image-preview:large, max-video-preview:-1\" \/>\n<link rel=\"canonical\" href=\"https:\/\/www.gsv.dk\/en\/ledig-i-job-i-gsv\/gsv-som-arbejdsplads\/\" \/>\n<meta property=\"og:locale\" content=\"en_GB\" \/>\n<meta property=\"og:type\" content=\"article\" \/>\n<meta property=\"og:title\" content=\"GSV som arbejdsplads - skal du v\u00e6re en del af GSV?\" \/>\n<meta property=\"og:description\" content=\"Vi er en mangfoldig og sp\u00e6ndende arbejdsplads med et utal af b\u00e5de brede og specialiserede karrieremuligheder. L\u00e6s mere om dine mange muligheder hos os\" \/>\n<meta property=\"og:url\" content=\"https:\/\/www.gsv.dk\/en\/ledig-i-job-i-gsv\/gsv-som-arbejdsplads\/\" \/>\n<meta property=\"og:site_name\" content=\"GSV\" \/>\n<meta property=\"article:publisher\" content=\"https:\/\/www.facebook.com\/gsvmaterieludlejning\/\" \/>\n<meta property=\"article:modified_time\" content=\"2022-03-02T13:48:50+00:00\" \/>\n<meta property=\"og:image\" content=\"https:\/\/www.gsv.dk\/content\/uploads\/2020\/01\/logo-300x134.png\" \/>\n\t<meta property=\"og:image:width\" content=\"300\" \/>\n\t<meta property=\"og:image:height\" content=\"134\" \/>\n\t<meta property=\"og:image:type\" content=\"image\/png\" \/>\n<meta name=\"twitter:card\" content=\"summary_large_image\" \/>\n<meta name=\"twitter:site\" content=\"@GsvMateriel\" \/>\n<script type=\"application\/ld+json\" class=\"yoast-schema-graph\">{\"@context\":\"https:\/\/schema.org\",\"@graph\":[{\"@type\":\"WebPage\",\"@id\":\"https:\/\/www.gsv.dk\/ledig-i-job-i-gsv\/gsv-som-arbejdsplads\/\",\"url\":\"https:\/\/www.gsv.dk\/ledig-i-job-i-gsv\/gsv-som-arbejdsplads\/\",\"name\":\"GSV som arbejdsplads - skal du v\u00e6re en del af GSV?\",\"isPartOf\":{\"@id\":\"https:\/\/www.gsv.dk\/#website\"},\"datePublished\":\"2020-02-01T10:32:34+00:00\",\"dateModified\":\"2022-03-02T13:48:50+00:00\",\"description\":\"Vi er en mangfoldig og sp\u00e6ndende arbejdsplads med et utal af b\u00e5de brede og specialiserede karrieremuligheder. L\u00e6s mere om dine mange muligheder hos os\",\"breadcrumb\":{\"@id\":\"https:\/\/www.gsv.dk\/ledig-i-job-i-gsv\/gsv-som-arbejdsplads\/#breadcrumb\"},\"inLanguage\":\"en-GB\",\"potentialAction\":[{\"@type\":\"ReadAction\",\"target\":[\"https:\/\/www.gsv.dk\/ledig-i-job-i-gsv\/gsv-som-arbejdsplads\/\"]}]},{\"@type\":\"BreadcrumbList\",\"@id\":\"https:\/\/www.gsv.dk\/ledig-i-job-i-gsv\/gsv-som-arbejdsplads\/#breadcrumb\",\"itemListElement\":[{\"@type\":\"ListItem\",\"position\":1,\"name\":\"Home\",\"item\":\"https:\/\/www.gsv.dk\/\"},{\"@type\":\"ListItem\",\"position\":2,\"name\":\"Job i GSV\",\"item\":\"https:\/\/www.gsv.dk\/ledig-i-job-i-gsv\/\"},{\"@type\":\"ListItem\",\"position\":3,\"name\":\"GSV som arbejdsplads\"}]},{\"@type\":\"WebSite\",\"@id\":\"https:\/\/www.gsv.dk\/#website\",\"url\":\"https:\/\/www.gsv.dk\/\",\"name\":\"GSV\",\"description\":\"GSV materieludlejning\",\"publisher\":{\"@id\":\"https:\/\/www.gsv.dk\/#organization\"},\"potentialAction\":[{\"@type\":\"SearchAction\",\"target\":{\"@type\":\"EntryPoint\",\"urlTemplate\":\"https:\/\/www.gsv.dk\/?s={search_term_string}\"},\"query-input\":{\"@type\":\"PropertyValueSpecification\",\"valueRequired\":true,\"valueName\":\"search_term_string\"}}],\"inLanguage\":\"en-GB\"},{\"@type\":\"Organization\",\"@id\":\"https:\/\/www.gsv.dk\/#organization\",\"name\":\"GSV Materieludlejning\",\"url\":\"https:\/\/www.gsv.dk\/\",\"logo\":{\"@type\":\"ImageObject\",\"inLanguage\":\"en-GB\",\"@id\":\"https:\/\/www.gsv.dk\/#\/schema\/logo\/image\/\",\"url\":\"https:\/\/www.gsv.dk\/content\/uploads\/2020\/01\/logo-300x134.png\",\"contentUrl\":\"https:\/\/www.gsv.dk\/content\/uploads\/2020\/01\/logo-300x134.png\",\"width\":300,\"height\":134,\"caption\":\"GSV Materieludlejning\"},\"image\":{\"@id\":\"https:\/\/www.gsv.dk\/#\/schema\/logo\/image\/\"},\"sameAs\":[\"https:\/\/www.facebook.com\/gsvmaterieludlejning\/\",\"https:\/\/x.com\/GsvMateriel\",\"https:\/\/www.instagram.com\/gsv_materieludlejning\/\",\"https:\/\/www.linkedin.com\/company\/gsv-materieludlejning-a-s\",\"https:\/\/www.youtube.com\/channel\/UCDWOSIoGkwn6bPG7-Kgxqkw\"]}]}<\/script>\n<!-- \/ Yoast SEO plugin. -->","yoast_head_json":{"title":"GSV som arbejdsplads - skal du v\u00e6re en del af GSV?","description":"Vi er en mangfoldig og sp\u00e6ndende arbejdsplads med et utal af b\u00e5de brede og specialiserede karrieremuligheder. L\u00e6s mere om dine mange muligheder hos os","robots":{"index":"index","follow":"follow","max-snippet":"max-snippet:-1","max-image-preview":"max-image-preview:large","max-video-preview":"max-video-preview:-1"},"canonical":"https:\/\/www.gsv.dk\/en\/ledig-i-job-i-gsv\/gsv-som-arbejdsplads\/","og_locale":"en_GB","og_type":"article","og_title":"GSV som arbejdsplads - skal du v\u00e6re en del af GSV?","og_description":"Vi er en mangfoldig og sp\u00e6ndende arbejdsplads med et utal af b\u00e5de brede og specialiserede karrieremuligheder. L\u00e6s mere om dine mange muligheder hos os","og_url":"https:\/\/www.gsv.dk\/en\/ledig-i-job-i-gsv\/gsv-som-arbejdsplads\/","og_site_name":"GSV","article_publisher":"https:\/\/www.facebook.com\/gsvmaterieludlejning\/","article_modified_time":"2022-03-02T13:48:50+00:00","og_image":[{"width":300,"height":134,"url":"https:\/\/www.gsv.dk\/content\/uploads\/2020\/01\/logo-300x134.png","type":"image\/png"}],"twitter_card":"summary_large_image","twitter_site":"@GsvMateriel","schema":{"@context":"https:\/\/schema.org","@graph":[{"@type":"WebPage","@id":"https:\/\/www.gsv.dk\/ledig-i-job-i-gsv\/gsv-som-arbejdsplads\/","url":"https:\/\/www.gsv.dk\/ledig-i-job-i-gsv\/gsv-som-arbejdsplads\/","name":"GSV som arbejdsplads - skal du v\u00e6re en del af GSV?","isPartOf":{"@id":"https:\/\/www.gsv.dk\/#website"},"datePublished":"2020-02-01T10:32:34+00:00","dateModified":"2022-03-02T13:48:50+00:00","description":"Vi er en mangfoldig og sp\u00e6ndende arbejdsplads med et utal af b\u00e5de brede og specialiserede karrieremuligheder. L\u00e6s mere om dine mange muligheder hos os","breadcrumb":{"@id":"https:\/\/www.gsv.dk\/ledig-i-job-i-gsv\/gsv-som-arbejdsplads\/#breadcrumb"},"inLanguage":"en-GB","potentialAction":[{"@type":"ReadAction","target":["https:\/\/www.gsv.dk\/ledig-i-job-i-gsv\/gsv-som-arbejdsplads\/"]}]},{"@type":"BreadcrumbList","@id":"https:\/\/www.gsv.dk\/ledig-i-job-i-gsv\/gsv-som-arbejdsplads\/#breadcrumb","itemListElement":[{"@type":"ListItem","position":1,"name":"Home","item":"https:\/\/www.gsv.dk\/"},{"@type":"ListItem","position":2,"name":"Job i GSV","item":"https:\/\/www.gsv.dk\/ledig-i-job-i-gsv\/"},{"@type":"ListItem","position":3,"name":"GSV som arbejdsplads"}]},{"@type":"WebSite","@id":"https:\/\/www.gsv.dk\/#website","url":"https:\/\/www.gsv.dk\/","name":"GSV","description":"GSV materieludlejning","publisher":{"@id":"https:\/\/www.gsv.dk\/#organization"},"potentialAction":[{"@type":"SearchAction","target":{"@type":"EntryPoint","urlTemplate":"https:\/\/www.gsv.dk\/?s={search_term_string}"},"query-input":{"@type":"PropertyValueSpecification","valueRequired":true,"valueName":"search_term_string"}}],"inLanguage":"en-GB"},{"@type":"Organization","@id":"https:\/\/www.gsv.dk\/#organization","name":"GSV Materieludlejning","url":"https:\/\/www.gsv.dk\/","logo":{"@type":"ImageObject","inLanguage":"en-GB","@id":"https:\/\/www.gsv.dk\/#\/schema\/logo\/image\/","url":"https:\/\/www.gsv.dk\/content\/uploads\/2020\/01\/logo-300x134.png","contentUrl":"https:\/\/www.gsv.dk\/content\/uploads\/2020\/01\/logo-300x134.png","width":300,"height":134,"caption":"GSV Materieludlejning"},"image":{"@id":"https:\/\/www.gsv.dk\/#\/schema\/logo\/image\/"},"sameAs":["https:\/\/www.facebook.com\/gsvmaterieludlejning\/","https:\/\/x.com\/GsvMateriel","https:\/\/www.instagram.com\/gsv_materieludlejning\/","https:\/\/www.linkedin.com\/company\/gsv-materieludlejning-a-s","https:\/\/www.youtube.com\/channel\/UCDWOSIoGkwn6bPG7-Kgxqkw"]}]}},"_links":{"self":[{"href":"https:\/\/www.gsv.dk\/en\/wp-json\/wp\/v2\/pages\/66496","targetHints":{"allow":["GET"]}}],"collection":[{"href":"https:\/\/www.gsv.dk\/en\/wp-json\/wp\/v2\/pages"}],"about":[{"href":"https:\/\/www.gsv.dk\/en\/wp-json\/wp\/v2\/types\/page"}],"author":[{"embeddable":true,"href":"https:\/\/www.gsv.dk\/en\/wp-json\/wp\/v2\/users\/3"}],"replies":[{"embeddable":true,"href":"https:\/\/www.gsv.dk\/en\/wp-json\/wp\/v2\/comments?post=66496"}],"version-history":[{"count":13,"href":"https:\/\/www.gsv.dk\/en\/wp-json\/wp\/v2\/pages\/66496\/revisions"}],"predecessor-version":[{"id":291413,"href":"https:\/\/www.gsv.dk\/en\/wp-json\/wp\/v2\/pages\/66496\/revisions\/291413"}],"up":[{"embeddable":true,"href":"https:\/\/www.gsv.dk\/en\/wp-json\/wp\/v2\/pages\/1863"}],"wp:attachment":[{"href":"https:\/\/www.gsv.dk\/en\/wp-json\/wp\/v2\/media?parent=66496"}],"curies":[{"name":"wp","href":"https:\/\/api.w.org\/{rel}","templated":true}]}}