{"id":60308,"date":"2020-01-30T17:55:56","date_gmt":"2020-01-30T17:55:56","guid":{"rendered":"https:\/\/www.gsv.dk\/?page_id=60308"},"modified":"2025-11-24T10:21:19","modified_gmt":"2025-11-24T10:21:19","slug":"laerlinge","status":"publish","type":"page","link":"https:\/\/www.gsv.dk\/en\/ledig-i-job-i-gsv\/laerlinge\/","title":{"rendered":"L\u00e6rlinge"},"content":{"rendered":"<div\n  class=\"block acf-block acf-block--hero\"\n   id=\"acf-hero-1\"  \n>\n        <div class=\"hero\">\n                                            <div class=\"hero__image\">\n    <div class=\"hero__image-overlay\" style=\"background-color: rgba(0, 0, 0, 0.33)\"><\/div>\n    \n            <picture>\n                <source srcset=\"https:\/\/www.gsv.dk\/content\/uploads\/2020\/01\/L\u00e6rlinge-gsv-hero.png\" media=\"(min-width: 1200px)\"><source srcset=\"https:\/\/www.gsv.dk\/content\/uploads\/2020\/01\/L\u00e6rlinge-gsv-hero-1200x550.png\" media=\"(min-width: 900px)\"><source srcset=\"https:\/\/www.gsv.dk\/content\/uploads\/2020\/01\/L\u00e6rlinge-gsv-hero-900x400.png\" media=\"(min-width: 600px)\"><source srcset=\"https:\/\/www.gsv.dk\/content\/uploads\/2020\/01\/L\u00e6rlinge-gsv-hero-600x350.png\" media=\"(min-width: 414px)\">\n                <img loading=\"lazy\" decoding=\"async\" src=\"https:\/\/www.gsv.dk\/content\/uploads\/2020\/01\/L\u00e6rlinge-gsv-hero-414x250.png\" alt=\"\" title=\"L\u00e6rlinge-gsv-hero\" width=\"414\" height=\"250\">\n            <\/picture>\n<\/div>\n\n\n    <div class=\"hero__content\">\n                    <h1 class=\"hero__title\">\n                Bliv l\u00e6rling i GSV og f\u00e5 sp\u00e6ndende muligheder \n            <\/h1>\n        \n        \n            <\/div>\n                    <\/div>\n    \n    \n      <\/div>\n<div\n  class=\"block acf-block acf-block--text-block\"\n   id=\"acf-text-block-2\"  \n>\n        <div class=\"text-block\">\n    \n    <div class=\"inner inner--small\">\n        \n                    <h2 class=\"l-title\" data-reveal=\"reveal\">Vores l\u00e6rlingeprogram<\/h2>\n        \n                    <div class=\"text-block__body\" data-reveal=\"reveal\">\n                <p>GSV har taget initiativ til et l\u00e6rlingeprogram, hvor vi tager 2-4 l\u00e6rlinge om \u00e5ret. Fordi vi gerne vil tage et medansvar for at uddanne unge og give mulighed for, at de kan udvikle og udfolde sig i vores virksomhed.<\/p>\n\n            <\/div>\n            <\/div>\n<\/div>\n\n      <\/div>\n<div\n  class=\"block acf-block acf-block--content-block\"\n   id=\"acf-content-block-3\"  \n>\n        <div class=\"content-block content-block--light-grey has-background\">\n            <div class=\"bgw background--light-grey\" data-reveal=\"bgw\"><\/div>\n    \n    <div class=\"inner inner--medium\">\n        <div class=\"content-block__image image-fade\">\n            <div class=\"image-fade__container\"><\/div>\n            \n            <picture>\n                <source srcset=\"https:\/\/gsv-imgix.imgix.net\/wordpress-prod\/VE7Uktbh-GSV_GREVE_DSC2575-scaled.jpg?fit=clip&#038;fm=pjpg&#038;h=550&#038;ixlib=php-3.3.1&#038;w=575&#038;wpsize=content_block_tablet_landscape\" media=\"(min-width: 900px)\"><source srcset=\"https:\/\/gsv-imgix.imgix.net\/wordpress-prod\/VE7Uktbh-GSV_GREVE_DSC2575-scaled.jpg?fit=clip&#038;fm=pjpg&#038;h=400&#038;ixlib=php-3.3.1&#038;w=900&#038;wpsize=wide_tablet_portrait\" media=\"(min-width: 600px)\"><source srcset=\"https:\/\/gsv-imgix.imgix.net\/wordpress-prod\/VE7Uktbh-GSV_GREVE_DSC2575-scaled.jpg?fit=clip&#038;fm=pjpg&#038;h=350&#038;ixlib=php-3.3.1&#038;w=600&#038;wpsize=wide_large_phone\" media=\"(min-width: 414px)\">\n                <img loading=\"lazy\" decoding=\"async\" src=\"https:\/\/gsv-imgix.imgix.net\/wordpress-prod\/VE7Uktbh-GSV_GREVE_DSC2575-scaled.jpg?fit=clip&#038;fm=pjpg&#038;h=250&#038;ixlib=php-3.3.1&#038;w=414&#038;wpsize=wide_phone\" alt=\"\" title=\"GSV GREVE DSC2575\" width=\"414\" height=\"250\">\n            <\/picture>\n        <\/div>\n\n        <div class=\"content-block__content\" data-reveal=\"reveal\">\n                            <p class=\"content-block__subtitle\">GSV fort\u00e6ller<\/p>\n            \n                            <h2 class=\"content-block__title\">Vi s\u00f8ger l\u00f8bende l\u00e6rlinge og elever<\/h2>\n            \n                            <div class=\"content-block__body\">\n                    <p>Nu har du muligheden for at blive uddannet Entrepren\u00f8rmekaniker, Liftmekaniker, Materielmekaniker eller Godschauff\u00f8rl\u00e6rling hos GSV.<\/p>\n<p>Du har ogs\u00e5 mulighed for at blive elev hos GSV. Det kan blandt v\u00e6re inden for \u00f8konomi, HR, marketing, IT og udlejning.<\/p>\n<p><strong>L\u00e6s mere og s\u00f8g som l\u00e6rling lige <\/strong><span style=\"text-decoration: underline;\"><strong><a href=\"https:\/\/www.gsv.dk\/skabelon-til-jobopslag-2\/\">her<\/a><\/strong><\/span><\/p>\n<p>&nbsp;<\/p>\n\n                <\/div>\n            \n                    <\/div>\n    <\/div>\n<\/div>\n\n      <\/div>\n<div\n  class=\"block acf-block acf-block--text-block\"\n   id=\"acf-text-block-4\"  \n>\n        <div class=\"text-block\">\n    \n    <div class=\"inner inner--small\">\n        \n                    <h2 class=\"l-title\" data-reveal=\"reveal\">Lasse tog springet og blev l\u00e6rling<\/h2>\n        \n                    <div class=\"text-block__body\" data-reveal=\"reveal\">\n                <p>M\u00f8d vores l\u00e6rling Lasse, han er en af de f\u00e5 der tager uddannelsen som liftmekaniker. Lasse kendte ikke til uddannelsen, han h\u00f8rte om den via en kammerat, som ogs\u00e5 er l\u00e6rling i GSV.<\/p>\n<p>Lasse stod og skulle v\u00e6lge imellem to uddannelser, men valgte til sidst at tage springet som liftmekanikerl\u00e6rling og han begyndte som 17-\u00e5rig p\u00e5 uddannelsen.<\/p>\n\n            <\/div>\n            <\/div>\n<\/div>\n\n      <\/div>\n<div\n  class=\"block acf-block acf-block--content-block\"\n   id=\"acf-content-block-5\"  \n>\n        <div class=\"content-block content-block--light-grey has-background\">\n            <div class=\"bgw background--light-grey\" data-reveal=\"bgw\"><\/div>\n    \n    <div class=\"inner inner--medium\">\n        <div class=\"content-block__image image-fade\">\n            <div class=\"image-fade__container\"><\/div>\n            \n            <picture>\n                <source srcset=\"https:\/\/www.gsv.dk\/content\/uploads\/2021\/03\/Lasse-575x550.jpg\" media=\"(min-width: 900px)\"><source srcset=\"https:\/\/www.gsv.dk\/content\/uploads\/2021\/03\/Lasse-900x400.jpg\" media=\"(min-width: 600px)\"><source srcset=\"https:\/\/www.gsv.dk\/content\/uploads\/2021\/03\/Lasse-600x350.jpg\" media=\"(min-width: 414px)\">\n                <img loading=\"lazy\" decoding=\"async\" src=\"https:\/\/www.gsv.dk\/content\/uploads\/2021\/03\/Lasse-414x250.jpg\" alt=\"\" title=\"Lasse\" width=\"414\" height=\"250\">\n            <\/picture>\n        <\/div>\n\n        <div class=\"content-block__content\" data-reveal=\"reveal\">\n                            <p class=\"content-block__subtitle\">GSV fort\u00e6ller<\/p>\n            \n                            <h2 class=\"content-block__title\">Respekt for jeg er ny i faget<\/h2>\n            \n                            <div class=\"content-block__body\">\n                    <p><em>\u2019\u2019Jeg har v\u00e6ret rigtig glad for at starte i GSV og er blevet introduceret rigtig godt b\u00e5de til de t\u00e6tte kollegaer og til faget. Jeg bliver kastet ud i alt hvad der kommer igennem v\u00e6rkstedet i Aarhus, og f\u00e5r derfor mange varierende opgaver. <\/em><\/p>\n<p><em>Opgaver bliver hele tiden afleveret med respekt for at jeg jo er ny. Jeg bliver st\u00f8ttet og hjulpet af kollegaerne, s\u00e5 jeg kan allerede lave mange ting p\u00e5 egen h\u00e5nd. V\u00e6rkf\u00f8reren ved ogs\u00e5 hvad jeg skal igennem p\u00e5 skoleopholdene og derfor passer opgaverne ogs\u00e5 godt ind i dette program\u2019\u2019<\/em><\/p>\n<p><strong>Lasse S\u00f8rensen<\/strong><br \/>\nLiftmekaniker l\u00e6rling i GSV<\/p>\n\n                <\/div>\n            \n                    <\/div>\n    <\/div>\n<\/div>\n\n      <\/div>\n<div\n  class=\"block acf-block acf-block--hero\"\n   id=\"acf-hero-6\"  \n>\n        <div class=\"hero\">\n                                            <div class=\"hero__image\">\n    <div class=\"hero__image-overlay\" style=\"background-color: rgba(0, 0, 0, 0.36)\"><\/div>\n    \n            <picture>\n                <source srcset=\"https:\/\/www.gsv.dk\/content\/uploads\/2021\/03\/unavngivet-23.jpg\" media=\"(min-width: 1200px)\"><source srcset=\"https:\/\/www.gsv.dk\/content\/uploads\/2021\/03\/unavngivet-23-1200x550.jpg\" media=\"(min-width: 900px)\"><source srcset=\"https:\/\/www.gsv.dk\/content\/uploads\/2021\/03\/unavngivet-23-900x400.jpg\" media=\"(min-width: 600px)\"><source srcset=\"https:\/\/www.gsv.dk\/content\/uploads\/2021\/03\/unavngivet-23-600x350.jpg\" media=\"(min-width: 414px)\">\n                <img loading=\"lazy\" decoding=\"async\" src=\"https:\/\/www.gsv.dk\/content\/uploads\/2021\/03\/unavngivet-23-414x250.jpg\" alt=\"\" title=\"Unavngivet (23)\" width=\"414\" height=\"250\">\n            <\/picture>\n<\/div>\n\n\n    <div class=\"hero__content\">\n                    <h1 class=\"hero__title\">\n                Dr\u00f8mmen om at blive maskinf\u00f8rer\n            <\/h1>\n        \n        \n            <\/div>\n                    <\/div>\n    \n    \n      <\/div>\n<div\n  class=\"block acf-block acf-block--text-block\"\n   id=\"acf-text-block-7\"  \n>\n        <div class=\"text-block\">\n    \n    <div class=\"inner inner--small\">\n        \n                    <h2 class=\"l-title\" data-reveal=\"reveal\">Landvindingsprojektet i Nordhavn<\/h2>\n        \n                    <div class=\"text-block__body\" data-reveal=\"reveal\">\n                <p>By og Havn vil over de kommende \u00e5r udvide Nordhavnen med 100 hektar jord. Udvidelsen af Nordhavnen er i fuld gang, og med de nuv\u00e6rende jordm\u00e6ngder forventes landvindingsprojektet at v\u00e6re afsluttet og klar til K\u00f8benhavnerne i 2022.<\/p>\n<p>GSV spiller lige nu en betydelig rolle i denne udvidelse, da vores erfarne maskinf\u00f8rer Johnny Jensen og l\u00e6rling h\u00e5ndterer de store m\u00e6ngder jord der hver dag ankommer til landvindingsprojektet.<\/p>\n\n            <\/div>\n            <\/div>\n<\/div>\n\n      <\/div>\n<div\n  class=\"block acf-block acf-block--text-block\"\n   id=\"acf-text-block-8\"  \n>\n        <div class=\"text-block\">\n    \n    <div class=\"inner inner--small\">\n        \n                    <h2 class=\"l-title\" data-reveal=\"reveal\">Karsten havde viljen, s\u00e5 nu er han l\u00e6rling <\/h2>\n        \n                    <div class=\"text-block__body\" data-reveal=\"reveal\">\n                <p>Karsten er ikke et \u00f8jeblik i tvivl om, at han er landet det helt rigtige sted. Begejstringen i hans stemme er ikke til at tage fejl af, Karsten elsker sit arbejde:<\/p>\n<p>\u2019\u2019Et h\u00f8jt fagligt niveau, og sammenhold fik mig til at v\u00e6lge GSV. Jeg gl\u00e6der mig hver dag til at tage p\u00e5 arbejde, og ser frem til alle de muligheder, som min l\u00e6replads tilbyder.&#8221;<\/p>\n<p>Det var flere omveje der f\u00f8rte Karsten til hans l\u00e6replads hos GSV, dog har han valgt den med omhu. Karsten startede f\u00f8rst i GSV som maskinf\u00f8rer, men valgte at han gerne ville have papirer p\u00e5 sin kunnen, og da muligheden b\u00f8d sig, startede han p\u00e5 maskinf\u00f8reruddannelsen.<\/p>\n<p>Det ikke bare et arbejde for Karsten, men en k\u00e6mpe passion, at f\u00e5 lov til, at k\u00f8re og blive klogere p\u00e5 store maskiner:<\/p>\n\n            <\/div>\n            <\/div>\n<\/div>\n\n      <\/div>\n<div\n  class=\"block acf-block acf-block--content-block\"\n   id=\"acf-content-block-9\"  \n>\n        <div class=\"content-block content-block--light-grey has-background\">\n            <div class=\"bgw background--light-grey\" data-reveal=\"bgw\"><\/div>\n    \n    <div class=\"inner inner--medium\">\n        <div class=\"content-block__image image-fade\">\n            <div class=\"image-fade__container\"><\/div>\n            \n            <picture>\n                <source srcset=\"https:\/\/www.gsv.dk\/content\/uploads\/2021\/03\/GSV_Karsten_DSC8820-575x550.jpg\" media=\"(min-width: 900px)\"><source srcset=\"https:\/\/www.gsv.dk\/content\/uploads\/2021\/03\/GSV_Karsten_DSC8820-900x400.jpg\" media=\"(min-width: 600px)\"><source srcset=\"https:\/\/www.gsv.dk\/content\/uploads\/2021\/03\/GSV_Karsten_DSC8820-600x350.jpg\" media=\"(min-width: 414px)\">\n                <img loading=\"lazy\" decoding=\"async\" src=\"https:\/\/www.gsv.dk\/content\/uploads\/2021\/03\/GSV_Karsten_DSC8820-414x250.jpg\" alt=\"\" title=\"GSV Karsten DSC8820\" width=\"414\" height=\"250\">\n            <\/picture>\n        <\/div>\n\n        <div class=\"content-block__content\" data-reveal=\"reveal\">\n                            <p class=\"content-block__subtitle\">GSV fort\u00e6ller<\/p>\n            \n                            <h2 class=\"content-block__title\">Karsten er ikke i tvivl<\/h2>\n            \n                            <div class=\"content-block__body\">\n                    <p>\u2019\u2019Der f\u00f8lger et k\u00e6mpe ansvar med, n\u00e5r vi arbejder med s\u00e5 store maskiner. Vi skal hele tiden v\u00e6re opm\u00e6rksomme p\u00e5 hvad der sker omkring os, og samtidig have respekt for alle de kr\u00e6fter maskinerne har. Du skal ogs\u00e5 v\u00e6re villig til at l\u00e6re, da teknologien hele tiden er under udvikling, s\u00e5 det kr\u00e6ver at man er \u00e5ben overfor forandringer.\u2019\u2019<\/p>\n<p><strong>Karsten Thor Bastbjerg<\/strong><br \/>\nMaskinf\u00f8rerl\u00e6rling i GSV (Karsten er udl\u00e6rt som maskinf\u00f8rer om ca. 2 \u00e5r.)<\/p>\n\n                <\/div>\n            \n                    <\/div>\n    <\/div>\n<\/div>\n\n      <\/div>\n<div\n  class=\"block acf-block acf-block--text-block\"\n   id=\"acf-text-block-10\"  \n>\n        <div class=\"text-block\">\n    \n    <div class=\"inner inner--small\">\n        \n                    <h2 class=\"l-title\" data-reveal=\"reveal\">Jonas er tidligere maskinf\u00f8rerl\u00e6rling i GSV<\/h2>\n        \n                    <div class=\"text-block__body\" data-reveal=\"reveal\">\n                <p>Jonas har altid k\u00f8rt maskiner og den interesse har f\u00f8rt ham til uddannelsen som maskinf\u00f8rer. Alt med motor, har altid interesseret ham. Jonas mener selv at det perfekte sted at v\u00e6re maskinf\u00f8rerl\u00e6rling er i udlejningsbranchen, her har man nemlig muligheden for at pr\u00f8ve en masse forskellige maskiner af.<\/p>\n\n            <\/div>\n            <\/div>\n<\/div>\n\n      <\/div>\n<div\n  class=\"block acf-block acf-block--content-block\"\n   id=\"acf-content-block-11\"  \n>\n        <div class=\"content-block content-block--light-grey has-background\">\n            <div class=\"bgw background--light-grey\" data-reveal=\"bgw\"><\/div>\n    \n    <div class=\"inner inner--medium\">\n        <div class=\"content-block__image image-fade\">\n            <div class=\"image-fade__container\"><\/div>\n            \n            <picture>\n                <source srcset=\"https:\/\/www.gsv.dk\/content\/uploads\/2021\/03\/DSC02559-575x550.jpg\" media=\"(min-width: 900px)\"><source srcset=\"https:\/\/www.gsv.dk\/content\/uploads\/2021\/03\/DSC02559-900x400.jpg\" media=\"(min-width: 600px)\"><source srcset=\"https:\/\/www.gsv.dk\/content\/uploads\/2021\/03\/DSC02559-600x350.jpg\" media=\"(min-width: 414px)\">\n                <img loading=\"lazy\" decoding=\"async\" src=\"https:\/\/www.gsv.dk\/content\/uploads\/2021\/03\/DSC02559-414x250.jpg\" alt=\"\" title=\"DSC02559\" width=\"414\" height=\"250\">\n            <\/picture>\n        <\/div>\n\n        <div class=\"content-block__content\" data-reveal=\"reveal\">\n                            <p class=\"content-block__subtitle\">GSV fort\u00e6ller<\/p>\n            \n                            <h2 class=\"content-block__title\">Jonas udlever dr\u00f8mmen<\/h2>\n            \n                            <div class=\"content-block__body\">\n                    <p><em>\u2019\u2019Det fede ved jobbet i Nordhavn er at man kender opgaverne, men at der er ogs\u00e5 en dybere mening med det man laver her, den nordvestlige del som best\u00e5r af ren jord vil blive anvendt som et rekreativt gr\u00f8nt omr\u00e5de\u2019\u2019<\/em><\/p>\n<p><strong>Jonas Str\u00f8yer<\/strong><br \/>\ntidl. maskinf\u00f8rerl\u00e6rling i GSV (Jonas startede som l\u00e6rling i GSV den 1. august 2018 og har nu afsluttet sin uddannelse)<\/p>\n\n                <\/div>\n            \n                    <\/div>\n    <\/div>\n<\/div>\n\n      <\/div>","protected":false},"excerpt":{"rendered":"","protected":false},"author":3,"featured_media":0,"parent":1863,"menu_order":1,"comment_status":"closed","ping_status":"closed","template":"","meta":{"_acf_changed":false,"footnotes":""},"class_list":["post-60308","page","type-page","status-publish","hentry"],"acf":[],"yoast_head":"<!-- This site is optimized with the Yoast SEO plugin v25.9 - https:\/\/yoast.com\/wordpress\/plugins\/seo\/ -->\n<title>L\u00e6rlinge | GSV<\/title>\n<meta name=\"robots\" content=\"index, follow, max-snippet:-1, max-image-preview:large, max-video-preview:-1\" \/>\n<link rel=\"canonical\" href=\"https:\/\/www.gsv.dk\/en\/ledig-i-job-i-gsv\/laerlinge\/\" \/>\n<meta property=\"og:locale\" content=\"en_GB\" \/>\n<meta property=\"og:type\" content=\"article\" \/>\n<meta property=\"og:title\" content=\"L\u00e6rlinge | GSV\" \/>\n<meta property=\"og:url\" content=\"https:\/\/www.gsv.dk\/en\/ledig-i-job-i-gsv\/laerlinge\/\" \/>\n<meta property=\"og:site_name\" content=\"GSV\" \/>\n<meta property=\"article:publisher\" content=\"https:\/\/www.facebook.com\/gsvmaterieludlejning\/\" \/>\n<meta property=\"article:modified_time\" content=\"2025-11-24T10:21:19+00:00\" \/>\n<meta property=\"og:image\" content=\"https:\/\/www.gsv.dk\/content\/uploads\/2020\/01\/logo-300x134.png\" \/>\n\t<meta property=\"og:image:width\" content=\"300\" \/>\n\t<meta property=\"og:image:height\" content=\"134\" \/>\n\t<meta property=\"og:image:type\" content=\"image\/png\" \/>\n<meta name=\"twitter:card\" content=\"summary_large_image\" \/>\n<meta name=\"twitter:site\" content=\"@GsvMateriel\" \/>\n<script type=\"application\/ld+json\" class=\"yoast-schema-graph\">{\"@context\":\"https:\/\/schema.org\",\"@graph\":[{\"@type\":\"WebPage\",\"@id\":\"https:\/\/www.gsv.dk\/ledig-i-job-i-gsv\/laerlinge\/\",\"url\":\"https:\/\/www.gsv.dk\/ledig-i-job-i-gsv\/laerlinge\/\",\"name\":\"L\u00e6rlinge | GSV\",\"isPartOf\":{\"@id\":\"https:\/\/www.gsv.dk\/#website\"},\"datePublished\":\"2020-01-30T17:55:56+00:00\",\"dateModified\":\"2025-11-24T10:21:19+00:00\",\"breadcrumb\":{\"@id\":\"https:\/\/www.gsv.dk\/ledig-i-job-i-gsv\/laerlinge\/#breadcrumb\"},\"inLanguage\":\"en-GB\",\"potentialAction\":[{\"@type\":\"ReadAction\",\"target\":[\"https:\/\/www.gsv.dk\/ledig-i-job-i-gsv\/laerlinge\/\"]}]},{\"@type\":\"BreadcrumbList\",\"@id\":\"https:\/\/www.gsv.dk\/ledig-i-job-i-gsv\/laerlinge\/#breadcrumb\",\"itemListElement\":[{\"@type\":\"ListItem\",\"position\":1,\"name\":\"Home\",\"item\":\"https:\/\/www.gsv.dk\/\"},{\"@type\":\"ListItem\",\"position\":2,\"name\":\"Job i GSV\",\"item\":\"https:\/\/www.gsv.dk\/ledig-i-job-i-gsv\/\"},{\"@type\":\"ListItem\",\"position\":3,\"name\":\"L\u00e6rlinge\"}]},{\"@type\":\"WebSite\",\"@id\":\"https:\/\/www.gsv.dk\/#website\",\"url\":\"https:\/\/www.gsv.dk\/\",\"name\":\"GSV\",\"description\":\"GSV materieludlejning\",\"publisher\":{\"@id\":\"https:\/\/www.gsv.dk\/#organization\"},\"potentialAction\":[{\"@type\":\"SearchAction\",\"target\":{\"@type\":\"EntryPoint\",\"urlTemplate\":\"https:\/\/www.gsv.dk\/?s={search_term_string}\"},\"query-input\":{\"@type\":\"PropertyValueSpecification\",\"valueRequired\":true,\"valueName\":\"search_term_string\"}}],\"inLanguage\":\"en-GB\"},{\"@type\":\"Organization\",\"@id\":\"https:\/\/www.gsv.dk\/#organization\",\"name\":\"GSV Materieludlejning\",\"url\":\"https:\/\/www.gsv.dk\/\",\"logo\":{\"@type\":\"ImageObject\",\"inLanguage\":\"en-GB\",\"@id\":\"https:\/\/www.gsv.dk\/#\/schema\/logo\/image\/\",\"url\":\"https:\/\/www.gsv.dk\/content\/uploads\/2020\/01\/logo-300x134.png\",\"contentUrl\":\"https:\/\/www.gsv.dk\/content\/uploads\/2020\/01\/logo-300x134.png\",\"width\":300,\"height\":134,\"caption\":\"GSV Materieludlejning\"},\"image\":{\"@id\":\"https:\/\/www.gsv.dk\/#\/schema\/logo\/image\/\"},\"sameAs\":[\"https:\/\/www.facebook.com\/gsvmaterieludlejning\/\",\"https:\/\/x.com\/GsvMateriel\",\"https:\/\/www.instagram.com\/gsv_materieludlejning\/\",\"https:\/\/www.linkedin.com\/company\/gsv-materieludlejning-a-s\",\"https:\/\/www.youtube.com\/channel\/UCDWOSIoGkwn6bPG7-Kgxqkw\"]}]}<\/script>\n<!-- \/ Yoast SEO plugin. -->","yoast_head_json":{"title":"L\u00e6rlinge | GSV","robots":{"index":"index","follow":"follow","max-snippet":"max-snippet:-1","max-image-preview":"max-image-preview:large","max-video-preview":"max-video-preview:-1"},"canonical":"https:\/\/www.gsv.dk\/en\/ledig-i-job-i-gsv\/laerlinge\/","og_locale":"en_GB","og_type":"article","og_title":"L\u00e6rlinge | GSV","og_url":"https:\/\/www.gsv.dk\/en\/ledig-i-job-i-gsv\/laerlinge\/","og_site_name":"GSV","article_publisher":"https:\/\/www.facebook.com\/gsvmaterieludlejning\/","article_modified_time":"2025-11-24T10:21:19+00:00","og_image":[{"width":300,"height":134,"url":"https:\/\/www.gsv.dk\/content\/uploads\/2020\/01\/logo-300x134.png","type":"image\/png"}],"twitter_card":"summary_large_image","twitter_site":"@GsvMateriel","schema":{"@context":"https:\/\/schema.org","@graph":[{"@type":"WebPage","@id":"https:\/\/www.gsv.dk\/ledig-i-job-i-gsv\/laerlinge\/","url":"https:\/\/www.gsv.dk\/ledig-i-job-i-gsv\/laerlinge\/","name":"L\u00e6rlinge | GSV","isPartOf":{"@id":"https:\/\/www.gsv.dk\/#website"},"datePublished":"2020-01-30T17:55:56+00:00","dateModified":"2025-11-24T10:21:19+00:00","breadcrumb":{"@id":"https:\/\/www.gsv.dk\/ledig-i-job-i-gsv\/laerlinge\/#breadcrumb"},"inLanguage":"en-GB","potentialAction":[{"@type":"ReadAction","target":["https:\/\/www.gsv.dk\/ledig-i-job-i-gsv\/laerlinge\/"]}]},{"@type":"BreadcrumbList","@id":"https:\/\/www.gsv.dk\/ledig-i-job-i-gsv\/laerlinge\/#breadcrumb","itemListElement":[{"@type":"ListItem","position":1,"name":"Home","item":"https:\/\/www.gsv.dk\/"},{"@type":"ListItem","position":2,"name":"Job i GSV","item":"https:\/\/www.gsv.dk\/ledig-i-job-i-gsv\/"},{"@type":"ListItem","position":3,"name":"L\u00e6rlinge"}]},{"@type":"WebSite","@id":"https:\/\/www.gsv.dk\/#website","url":"https:\/\/www.gsv.dk\/","name":"GSV","description":"GSV materieludlejning","publisher":{"@id":"https:\/\/www.gsv.dk\/#organization"},"potentialAction":[{"@type":"SearchAction","target":{"@type":"EntryPoint","urlTemplate":"https:\/\/www.gsv.dk\/?s={search_term_string}"},"query-input":{"@type":"PropertyValueSpecification","valueRequired":true,"valueName":"search_term_string"}}],"inLanguage":"en-GB"},{"@type":"Organization","@id":"https:\/\/www.gsv.dk\/#organization","name":"GSV Materieludlejning","url":"https:\/\/www.gsv.dk\/","logo":{"@type":"ImageObject","inLanguage":"en-GB","@id":"https:\/\/www.gsv.dk\/#\/schema\/logo\/image\/","url":"https:\/\/www.gsv.dk\/content\/uploads\/2020\/01\/logo-300x134.png","contentUrl":"https:\/\/www.gsv.dk\/content\/uploads\/2020\/01\/logo-300x134.png","width":300,"height":134,"caption":"GSV Materieludlejning"},"image":{"@id":"https:\/\/www.gsv.dk\/#\/schema\/logo\/image\/"},"sameAs":["https:\/\/www.facebook.com\/gsvmaterieludlejning\/","https:\/\/x.com\/GsvMateriel","https:\/\/www.instagram.com\/gsv_materieludlejning\/","https:\/\/www.linkedin.com\/company\/gsv-materieludlejning-a-s","https:\/\/www.youtube.com\/channel\/UCDWOSIoGkwn6bPG7-Kgxqkw"]}]}},"_links":{"self":[{"href":"https:\/\/www.gsv.dk\/en\/wp-json\/wp\/v2\/pages\/60308","targetHints":{"allow":["GET"]}}],"collection":[{"href":"https:\/\/www.gsv.dk\/en\/wp-json\/wp\/v2\/pages"}],"about":[{"href":"https:\/\/www.gsv.dk\/en\/wp-json\/wp\/v2\/types\/page"}],"author":[{"embeddable":true,"href":"https:\/\/www.gsv.dk\/en\/wp-json\/wp\/v2\/users\/3"}],"replies":[{"embeddable":true,"href":"https:\/\/www.gsv.dk\/en\/wp-json\/wp\/v2\/comments?post=60308"}],"version-history":[{"count":116,"href":"https:\/\/www.gsv.dk\/en\/wp-json\/wp\/v2\/pages\/60308\/revisions"}],"predecessor-version":[{"id":3269127,"href":"https:\/\/www.gsv.dk\/en\/wp-json\/wp\/v2\/pages\/60308\/revisions\/3269127"}],"up":[{"embeddable":true,"href":"https:\/\/www.gsv.dk\/en\/wp-json\/wp\/v2\/pages\/1863"}],"wp:attachment":[{"href":"https:\/\/www.gsv.dk\/en\/wp-json\/wp\/v2\/media?parent=60308"}],"curies":[{"name":"wp","href":"https:\/\/api.w.org\/{rel}","templated":true}]}}