{"id":559389,"date":"2022-08-23T11:09:15","date_gmt":"2022-08-23T11:09:15","guid":{"rendered":"https:\/\/www.gsv.dk\/?page_id=559389"},"modified":"2022-08-23T11:09:16","modified_gmt":"2022-08-23T11:09:16","slug":"lager-og-vaerkstedsassistent-til-gsv-odense","status":"publish","type":"page","link":"https:\/\/www.gsv.dk\/en\/lager-og-vaerkstedsassistent-til-gsv-odense\/","title":{"rendered":"Lager- og v\u00e6rkstedsassistent til GSV Odense"},"content":{"rendered":"<div\n  class=\"block acf-block acf-block--hero\"\n   id=\"acf-hero-1\"  \n>\n        <div class=\"hero\">\n                                            <div class=\"hero__image\">\n    <div class=\"hero__image-overlay\" style=\"background-color: rgba(0, 0, 0, 0.33)\"><\/div>\n    \n            <picture>\n                <source srcset=\"https:\/\/gsv-imgix.imgix.net\/wordpress-prod\/VWEJirMd-GSV_GREVE_DSC2794-scaled.jpg?fit=clip&#038;fm=pjpg&#038;h=550&#038;ixlib=php-3.3.1&#038;w=1440&#038;wpsize=wide_desktop\" media=\"(min-width: 1200px)\"><source srcset=\"https:\/\/gsv-imgix.imgix.net\/wordpress-prod\/VWEJirMd-GSV_GREVE_DSC2794-scaled.jpg?fit=clip&#038;fm=pjpg&#038;h=550&#038;ixlib=php-3.3.1&#038;w=1200&#038;wpsize=wide_tablet_landscape\" media=\"(min-width: 900px)\"><source srcset=\"https:\/\/gsv-imgix.imgix.net\/wordpress-prod\/VWEJirMd-GSV_GREVE_DSC2794-scaled.jpg?fit=clip&#038;fm=pjpg&#038;h=400&#038;ixlib=php-3.3.1&#038;w=900&#038;wpsize=wide_tablet_portrait\" media=\"(min-width: 600px)\"><source srcset=\"https:\/\/gsv-imgix.imgix.net\/wordpress-prod\/VWEJirMd-GSV_GREVE_DSC2794-scaled.jpg?fit=clip&#038;fm=pjpg&#038;h=350&#038;ixlib=php-3.3.1&#038;w=600&#038;wpsize=wide_large_phone\" media=\"(min-width: 414px)\">\n                <img loading=\"lazy\" decoding=\"async\" src=\"https:\/\/gsv-imgix.imgix.net\/wordpress-prod\/VWEJirMd-GSV_GREVE_DSC2794-scaled.jpg?fit=clip&#038;fm=pjpg&#038;h=250&#038;ixlib=php-3.3.1&#038;w=414&#038;wpsize=wide_phone\" alt=\"\" title=\"GSV GREVE DSC2794\" width=\"414\" height=\"250\">\n            <\/picture>\n<\/div>\n\n\n    <div class=\"hero__content\">\n                    <h1 class=\"hero__title\">\n                Lager- og v\u00e6rkstedsassistent til GSV Odense\n            <\/h1>\n        \n        \n            <\/div>\n                    <\/div>\n    \n    \n      <\/div>\n<div\n  class=\"block acf-block acf-block--text-block\"\n   id=\"acf-text-block-2\"  \n>\n        <div class=\"text-block\">\n    \n    <div class=\"inner inner--small\">\n        \n                    <h2 class=\"l-title\" data-reveal=\"reveal\">Vi ser frem til at h\u00f8re fra dig!<\/h2>\n        \n                    <div class=\"text-block__body\" data-reveal=\"reveal\">\n                <p>Til vores afdeling i Odense, s\u00f8ger vi en engageret og serviceminded kollega, som kan blive en del af vores v\u00e6rkstedsteam. Du vil igennem arbejdsdagen v\u00e6re i kontakt med vores kunder, leverand\u00f8rer, dine v\u00e6rkstedskollegaer p\u00e5 vores fysiske v\u00e6rksted samt de udek\u00f8rende mont\u00f8rer.<\/p>\n<p><strong>Dine arbejdsopgaver:<\/strong><\/p>\n<ul>\n<li>Bestilling af reservedele<\/li>\n<li>Varemodtagelse<\/li>\n<li>Lagerstyring<\/li>\n<li>Godkendelse af k\u00f8bsfakturaer<\/li>\n<li>Forefaldende administrative opgaver<\/li>\n<\/ul>\n<p>Du vil indg\u00e5 i virksomhedens vagtplan for \u00e5bne- og lukkevagter. Arbejdstiderne er mandag \u2013 fredag mellem kl. 6.30-16.30.<\/p>\n<p><strong>Om dig:<\/strong><\/p>\n<p>Du har erfaring med lagerstyring, er vant til kundekontakt, er serviceminded og kvalitetsbevidst. Du har teknisk interesse og forst\u00e5else. Godt overblik og god ordenssans. En baggrund som mekaniker, vil v\u00e6re en fordel.<\/p>\n<p><strong>Derudover er du:\u00a0<\/strong><\/p>\n<ul>\n<li>Kendskab til ledelse af v\u00e6rkstedspersonale eller kunne t\u00e6nke sig at pr\u00f8ve kr\u00e6fter med denne mulighed<\/li>\n<li>Rutineret IT bruger, vi bruger Navision og Officepakken<\/li>\n<li>Positiv holdspiller, som s\u00e6tter godt hum\u00f8r og samarbejdet med kollegaer i h\u00f8js\u00e6det<\/li>\n<li>Skal kunne holde mange bolde i luften, da GSV er en udlejningsvirksomhed i rivende udvikling<\/li>\n<li>Selvst\u00e6ndig og struktureret<\/li>\n<li>Engageret og fleksibel<\/li>\n<li>Har gyldigt k\u00f8rekort og gerne truckcertifikat<\/li>\n<\/ul>\n<p><strong>Vi tilbyder:<br \/>\n<\/strong><br \/>\nEn udviklende og varierende stilling, hvor hverdagen er fuld af sp\u00e6ndende udfordringer, som udfoldes i et godt socialt arbejdsmilj\u00f8 med h\u00f8jt til loftet. Vi s\u00f8rger for at du f\u00e5r en grundig opl\u00e6ring og introduktion til jobbet. Arbejdet foreg\u00e5r i et dynamisk milj\u00f8, hvor initiativ og selvst\u00e6ndighed underst\u00f8ttes af samarbejdsvilje og ansvarlighed. Du bliver en del af et team, hvor vi hj\u00e6lper hinanden og har fokus p\u00e5 godt samarbejde, b\u00e5de i eget team og i GSV.<\/p>\n<p>L\u00f8nnen er efter kvalifikationer og der er naturligvis pensionsordning tilknyttet. Desuden har vi en del personalegoder som bl.a. udvidet sundhedsforsikring, frugtordning og stor mulighed for personlig udvikling gennem interne og eksterne kurser.<\/p>\n<p><strong>About GSV<br \/>\n<\/strong><br \/>\nGSV er Danmarks f\u00f8rende materieludlejer med materiel til alle bygge- og anl\u00e6gsopgaver. Uanset om det drejer sig om sm\u00e5t h\u00e5ndv\u00e6rkt\u00f8j til en mindre byggeopgave eller de helt store maskiner, der skal i brug, n\u00e5r Danmarks motorveje, broer og metroer anl\u00e6gges. Vi har afdelinger i hele landet og leverer lige til d\u00f8ren eller byggepladsen.<\/p>\n<p>GSV er en innovativ samarbejdspartner og vi vil gerne v\u00e6re med til at tage ansvar for Danmarks fremtid. Hos GSV s\u00f8ger vi henimod at blive mere b\u00e6redygtige, digitaliseret og vigtigst af alt, har vi altid fokus p\u00e5 mennesker.<br \/>\nVi er drevet af at kunne levere den optimale l\u00f8sning, og hvordan vi i samspil med vores gode kunder kan levere den mest personlige service i branchen \u2013 b\u00e5de personligt og digitalt.<\/p>\n<p><strong>Vi ser frem til at h\u00f8re fra dig<br \/>\n<\/strong><br \/>\nHar du sp\u00f8rgsm\u00e5l til stillingen, s\u00e5 kontakt V\u00e6rkstedschef Bent Pedersen p\u00e5 tlf.: 5146 7626.<\/p>\n<p>Er du interesseret i at s\u00f8ge denne sp\u00e6ndende stilling, bedes du sende en ans\u00f8gning, CV samt relevante bilag via<em>\u00a0<strong>S\u00f8g stillingen<\/strong><\/em>\u00a0nedenfor.<\/p>\n<p>Ans\u00f8g hurtigst muligt, da vi holder samtaler l\u00f8bende.<\/p>\n<p>Grundet persondataforordningen modtager vi ikke CV og ans\u00f8gning p\u00e5 mail.<\/p>\n\n            <\/div>\n            <\/div>\n<\/div>\n\n      <\/div>\n<div\n  class=\"block acf-block acf-block--button\"\n   id=\"acf-button-3\"  \n>\n      <div class=\"inner inner--small\">\n            <div data-reveal=\"reveal\">\n        <a\n                        class=\"btn btn--primary-green\"\n                        title=\"S\u00f8g stillingen\"\n                        aria-label=\"S\u00f8g stillingen\"\n                        href=\"https:\/\/mkjobgsv.azurewebsites.net\/da-dk\/Application.aspx?VID=0116\"\n                        rel=\"noreferrer\"\n                        target=\"_blank\">\n                        <span>S\u00f8g stillingen<\/span>\n                        <\/a>\n    <\/div>\n\n          <\/div>\n  <\/div>\n<div\n  class=\"block acf-block acf-block--text-block has-background\"\n   id=\"acf-text-block-4\"  \n>\n        <div class=\"text-block text-block--light-grey has-background\">\n            <div class=\"bgw background--light-grey\" data-reveal=\"bgw\"><\/div>\n    \n    <div class=\"inner inner--small\">\n        \n                    <h2 class=\"l-title\" data-reveal=\"reveal\">G.S.V. Materialeudlejning A\/S tilbyder<\/h2>\n        \n                    <div class=\"text-block__body\" data-reveal=\"reveal\">\n                <p>En sp\u00e6ndende stilling i en 100 % danskejet virksomhed, hvor du f\u00e5r frihed under ansvar og gode muligheder for faglig og personlig udvikling. Du bliver en del af et godt arbejdsmilj\u00f8 med en uformel omgangstone i en virksomhed, hvor der er fokus p\u00e5 kvalitet, milj\u00f8 og arbejdsmilj\u00f8 gennem en certificeringsordning.<\/p>\n<p>L\u00f8n efter overenskomst og kvalifikationer, pension samt sundhedsforsikring.<\/p>\n\n            <\/div>\n            <\/div>\n<\/div>\n\n      <\/div>\n<div\n  class=\"block acf-block acf-block--hero\"\n   id=\"acf-hero-5\"  \n>\n        <div class=\"hero\">\n                                            <div class=\"hero__image\">\n    <div class=\"hero__image-overlay\" style=\"background-color: rgba(0, 0, 0, 0.0)\"><\/div>\n    \n            <picture>\n                <source srcset=\"https:\/\/www.gsv.dk\/content\/uploads\/2020\/09\/Om-gsv-hero.png\" media=\"(min-width: 1200px)\"><source srcset=\"https:\/\/www.gsv.dk\/content\/uploads\/2020\/09\/Om-gsv-hero-1200x550.png\" media=\"(min-width: 900px)\"><source srcset=\"https:\/\/www.gsv.dk\/content\/uploads\/2020\/09\/Om-gsv-hero-900x400.png\" media=\"(min-width: 600px)\"><source srcset=\"https:\/\/www.gsv.dk\/content\/uploads\/2020\/09\/Om-gsv-hero-600x350.png\" media=\"(min-width: 414px)\">\n                <img loading=\"lazy\" decoding=\"async\" src=\"https:\/\/www.gsv.dk\/content\/uploads\/2020\/09\/Om-gsv-hero-414x250.png\" alt=\"\" title=\"Om gsv-hero\" width=\"414\" height=\"250\">\n            <\/picture>\n<\/div>\n\n\n    <div class=\"hero__content\">\n                    <h1 class=\"hero__title\">\n                Mere om GSV\n            <\/h1>\n        \n        \n            <\/div>\n                    <\/div>\n    \n    \n      <\/div>\n<div\n  class=\"block acf-block acf-block--text-block\"\n   id=\"acf-text-block-6\"  \n>\n        <div class=\"text-block\">\n    \n    <div class=\"inner inner--small\">\n        \n                    <h2 class=\"l-title\" data-reveal=\"reveal\">Velkommen til Danmarks st\u00f8rste udlejningsvirksomhed<\/h2>\n        \n                    <div class=\"text-block__body\" data-reveal=\"reveal\">\n                <p>GSV er Danmarks f\u00f8rende materieludlejer med materiel til alle bygge- og anl\u00e6gsopgaver. Vores produktsortiment d\u00e6kker alt fra et enkeltst\u00e5ende stykke standardmateriel til st\u00f8rre, skr\u00e6ddersyede servicel\u00f8sninger.<\/p>\n<p>Hos os f\u00e5r du en innovativ samarbejdspartner, og vi vil gerne v\u00e6re med til at tage ansvar for Danmarks fremtid. Vi er klar over, hvordan byggeindustrien p\u00e5virker milj\u00f8et og det er vores f\u00e6lles ansvar at finde milj\u00f8venlige l\u00f8sninger til fremtiden.<\/p>\n\n            <\/div>\n            <\/div>\n<\/div>\n\n      <\/div>\n<div\n  class=\"block acf-block acf-block--content-block has-background\"\n   id=\"acf-content-block-7\"  \n>\n        <div class=\"content-block content-block--light-grey has-background\">\n            <div class=\"bgw background--light-grey\" data-reveal=\"bgw\"><\/div>\n    \n    <div class=\"inner inner--medium\">\n        <div class=\"content-block__image image-fade\">\n            <div class=\"image-fade__container\"><\/div>\n            \n            <picture>\n                <source srcset=\"https:\/\/www.gsv.dk\/content\/uploads\/2021\/01\/mennesker-f\u00f8r-maskiner.png\" media=\"(min-width: 900px)\"><source srcset=\"https:\/\/www.gsv.dk\/content\/uploads\/2021\/01\/mennesker-f\u00f8r-maskiner-500x400.png\" media=\"(min-width: 600px)\"><source srcset=\"https:\/\/www.gsv.dk\/content\/uploads\/2021\/01\/mennesker-f\u00f8r-maskiner-500x350.png\" media=\"(min-width: 414px)\">\n                <img loading=\"lazy\" decoding=\"async\" src=\"https:\/\/www.gsv.dk\/content\/uploads\/2021\/01\/mennesker-f\u00f8r-maskiner-414x250.png\" alt=\"\" title=\"Mennesker F\u00f8r Maskiner\" width=\"414\" height=\"250\">\n            <\/picture>\n        <\/div>\n\n        <div class=\"content-block__content\" data-reveal=\"reveal\">\n            \n                            <h2 class=\"content-block__title\">People first<\/h2>\n            \n                            <div class=\"content-block__body\">\n                    <p>Maskiner og materiel kan alle k\u00f8be \u2013 det er mennesker og relationer, der g\u00f8r forskellen. Mennesker, der knokler for hele tiden at g\u00f8re det bedre \u2013 det er GSV. Partnerskaber og langsigtede relationer med kunder og leverand\u00f8rer \u2013 det er GSV. Materiel af h\u00f8j kvalitet certificeret efter de h\u00f8jeste standarder og tilg\u00e6ngeligt 24\/7 i hele Danmark \u2013 det er GSV.<\/p>\n<p>Vi tror p\u00e5, at dedikerede medarbejdere, der har det godt, leverer det, der g\u00f8r forskellen for vores kunder. Og fordi vi i GSV bare godt kan lide mennesker.<\/p>\n\n                <\/div>\n            \n                    <\/div>\n    <\/div>\n<\/div>\n\n      <\/div>\n<div\n  class=\"block acf-block acf-block--text-block\"\n   id=\"acf-text-block-8\"  \n>\n        <div class=\"text-block\">\n    \n    <div class=\"inner inner--small\">\n        \n                    <h2 class=\"l-title\" data-reveal=\"reveal\">En moderne virksomhed med gamle dyder<\/h2>\n        \n                    <div class=\"text-block__body\" data-reveal=\"reveal\">\n                <p>GSV er kendetegnet ved en flad organisation, hvor alle ansatte er lige vigtige medspillere i forhold til frembringelsen af det optimale produkt. Hver underafdeling har sin spidskompetence, som ikke kan undv\u00e6res, og der s\u00e6ttes stor pris p\u00e5 den enkelte medarbejders arbejdsindsats.<\/p>\n<p>Vi p\u00e5tager os gerne ansvaret for at p\u00e5virke udviklingen af det milj\u00f8venlige materiel til vores kunder, og investerer i at have en bred portef\u00f8lje af hybrid, el- og batteridrevne maskiner, mens vi stadig arbejder h\u00e5rdt p\u00e5 at f\u00e5 vores maskinpark endnu mere milj\u00f8venlige, til gavn for vores kunder.<\/p>\n\n            <\/div>\n            <\/div>\n<\/div>\n\n      <\/div>\n<div\n  class=\"block acf-block acf-block--hero\"\n   id=\"acf-hero-9\"  \n>\n        <div class=\"hero\">\n                                            <div class=\"hero__image\">\n    <div class=\"hero__image-overlay\" style=\"background-color: rgba(0, 0, 0, 0.0)\"><\/div>\n    \n            <picture>\n                <source srcset=\"https:\/\/www.gsv.dk\/content\/uploads\/2021\/01\/Ledige-jobs-gsv-hero.png\" media=\"(min-width: 1200px)\"><source srcset=\"https:\/\/www.gsv.dk\/content\/uploads\/2021\/01\/Ledige-jobs-gsv-hero-1200x550.png\" media=\"(min-width: 900px)\"><source srcset=\"https:\/\/www.gsv.dk\/content\/uploads\/2021\/01\/Ledige-jobs-gsv-hero-900x400.png\" media=\"(min-width: 600px)\"><source srcset=\"https:\/\/www.gsv.dk\/content\/uploads\/2021\/01\/Ledige-jobs-gsv-hero-600x350.png\" media=\"(min-width: 414px)\">\n                <img loading=\"lazy\" decoding=\"async\" src=\"https:\/\/www.gsv.dk\/content\/uploads\/2021\/01\/Ledige-jobs-gsv-hero-414x250.png\" alt=\"\" title=\"Ledige Jobs Gsv Hero\" width=\"414\" height=\"250\">\n            <\/picture>\n<\/div>\n\n\n                    <\/div>\n    \n    \n      <\/div>","protected":false},"excerpt":{"rendered":"","protected":false},"author":1368,"featured_media":0,"parent":0,"menu_order":9,"comment_status":"closed","ping_status":"closed","template":"","meta":{"_acf_changed":false,"footnotes":""},"class_list":["post-559389","page","type-page","status-publish","hentry"],"acf":[],"yoast_head":"<!-- This site is optimized with the Yoast SEO plugin v25.9 - https:\/\/yoast.com\/wordpress\/plugins\/seo\/ -->\n<title>Lager- og v\u00e6rkstedsassistent til GSV Odense | GSV<\/title>\n<meta name=\"robots\" content=\"index, follow, max-snippet:-1, max-image-preview:large, max-video-preview:-1\" \/>\n<link rel=\"canonical\" href=\"https:\/\/www.gsv.dk\/en\/lager-og-vaerkstedsassistent-til-gsv-odense\/\" \/>\n<meta property=\"og:locale\" content=\"en_GB\" \/>\n<meta property=\"og:type\" content=\"article\" \/>\n<meta property=\"og:title\" content=\"Lager- og v\u00e6rkstedsassistent til GSV Odense | GSV\" \/>\n<meta property=\"og:url\" content=\"https:\/\/www.gsv.dk\/en\/lager-og-vaerkstedsassistent-til-gsv-odense\/\" \/>\n<meta property=\"og:site_name\" content=\"GSV\" \/>\n<meta property=\"article:publisher\" content=\"https:\/\/www.facebook.com\/gsvmaterieludlejning\/\" \/>\n<meta property=\"article:modified_time\" content=\"2022-08-23T11:09:16+00:00\" \/>\n<meta property=\"og:image\" content=\"https:\/\/www.gsv.dk\/content\/uploads\/2020\/01\/logo-300x134.png\" \/>\n\t<meta property=\"og:image:width\" content=\"300\" \/>\n\t<meta property=\"og:image:height\" content=\"134\" \/>\n\t<meta property=\"og:image:type\" content=\"image\/png\" \/>\n<meta name=\"twitter:card\" content=\"summary_large_image\" \/>\n<meta name=\"twitter:site\" content=\"@GsvMateriel\" \/>\n<script type=\"application\/ld+json\" class=\"yoast-schema-graph\">{\"@context\":\"https:\/\/schema.org\",\"@graph\":[{\"@type\":\"WebPage\",\"@id\":\"https:\/\/www.gsv.dk\/lager-og-vaerkstedsassistent-til-gsv-odense\/\",\"url\":\"https:\/\/www.gsv.dk\/lager-og-vaerkstedsassistent-til-gsv-odense\/\",\"name\":\"Lager- og v\u00e6rkstedsassistent til GSV Odense | GSV\",\"isPartOf\":{\"@id\":\"https:\/\/www.gsv.dk\/#website\"},\"datePublished\":\"2022-08-23T11:09:15+00:00\",\"dateModified\":\"2022-08-23T11:09:16+00:00\",\"breadcrumb\":{\"@id\":\"https:\/\/www.gsv.dk\/lager-og-vaerkstedsassistent-til-gsv-odense\/#breadcrumb\"},\"inLanguage\":\"en-GB\",\"potentialAction\":[{\"@type\":\"ReadAction\",\"target\":[\"https:\/\/www.gsv.dk\/lager-og-vaerkstedsassistent-til-gsv-odense\/\"]}]},{\"@type\":\"BreadcrumbList\",\"@id\":\"https:\/\/www.gsv.dk\/lager-og-vaerkstedsassistent-til-gsv-odense\/#breadcrumb\",\"itemListElement\":[{\"@type\":\"ListItem\",\"position\":1,\"name\":\"Home\",\"item\":\"https:\/\/www.gsv.dk\/\"},{\"@type\":\"ListItem\",\"position\":2,\"name\":\"Lager- og v\u00e6rkstedsassistent til GSV Odense\"}]},{\"@type\":\"WebSite\",\"@id\":\"https:\/\/www.gsv.dk\/#website\",\"url\":\"https:\/\/www.gsv.dk\/\",\"name\":\"GSV\",\"description\":\"GSV materieludlejning\",\"publisher\":{\"@id\":\"https:\/\/www.gsv.dk\/#organization\"},\"potentialAction\":[{\"@type\":\"SearchAction\",\"target\":{\"@type\":\"EntryPoint\",\"urlTemplate\":\"https:\/\/www.gsv.dk\/?s={search_term_string}\"},\"query-input\":{\"@type\":\"PropertyValueSpecification\",\"valueRequired\":true,\"valueName\":\"search_term_string\"}}],\"inLanguage\":\"en-GB\"},{\"@type\":\"Organization\",\"@id\":\"https:\/\/www.gsv.dk\/#organization\",\"name\":\"GSV Materieludlejning\",\"url\":\"https:\/\/www.gsv.dk\/\",\"logo\":{\"@type\":\"ImageObject\",\"inLanguage\":\"en-GB\",\"@id\":\"https:\/\/www.gsv.dk\/#\/schema\/logo\/image\/\",\"url\":\"https:\/\/www.gsv.dk\/content\/uploads\/2020\/01\/logo-300x134.png\",\"contentUrl\":\"https:\/\/www.gsv.dk\/content\/uploads\/2020\/01\/logo-300x134.png\",\"width\":300,\"height\":134,\"caption\":\"GSV Materieludlejning\"},\"image\":{\"@id\":\"https:\/\/www.gsv.dk\/#\/schema\/logo\/image\/\"},\"sameAs\":[\"https:\/\/www.facebook.com\/gsvmaterieludlejning\/\",\"https:\/\/x.com\/GsvMateriel\",\"https:\/\/www.instagram.com\/gsv_materieludlejning\/\",\"https:\/\/www.linkedin.com\/company\/gsv-materieludlejning-a-s\",\"https:\/\/www.youtube.com\/channel\/UCDWOSIoGkwn6bPG7-Kgxqkw\"]}]}<\/script>\n<!-- \/ Yoast SEO plugin. -->","yoast_head_json":{"title":"Lager- og v\u00e6rkstedsassistent til GSV Odense | GSV","robots":{"index":"index","follow":"follow","max-snippet":"max-snippet:-1","max-image-preview":"max-image-preview:large","max-video-preview":"max-video-preview:-1"},"canonical":"https:\/\/www.gsv.dk\/en\/lager-og-vaerkstedsassistent-til-gsv-odense\/","og_locale":"en_GB","og_type":"article","og_title":"Lager- og v\u00e6rkstedsassistent til GSV Odense | GSV","og_url":"https:\/\/www.gsv.dk\/en\/lager-og-vaerkstedsassistent-til-gsv-odense\/","og_site_name":"GSV","article_publisher":"https:\/\/www.facebook.com\/gsvmaterieludlejning\/","article_modified_time":"2022-08-23T11:09:16+00:00","og_image":[{"width":300,"height":134,"url":"https:\/\/www.gsv.dk\/content\/uploads\/2020\/01\/logo-300x134.png","type":"image\/png"}],"twitter_card":"summary_large_image","twitter_site":"@GsvMateriel","schema":{"@context":"https:\/\/schema.org","@graph":[{"@type":"WebPage","@id":"https:\/\/www.gsv.dk\/lager-og-vaerkstedsassistent-til-gsv-odense\/","url":"https:\/\/www.gsv.dk\/lager-og-vaerkstedsassistent-til-gsv-odense\/","name":"Lager- og v\u00e6rkstedsassistent til GSV Odense | GSV","isPartOf":{"@id":"https:\/\/www.gsv.dk\/#website"},"datePublished":"2022-08-23T11:09:15+00:00","dateModified":"2022-08-23T11:09:16+00:00","breadcrumb":{"@id":"https:\/\/www.gsv.dk\/lager-og-vaerkstedsassistent-til-gsv-odense\/#breadcrumb"},"inLanguage":"en-GB","potentialAction":[{"@type":"ReadAction","target":["https:\/\/www.gsv.dk\/lager-og-vaerkstedsassistent-til-gsv-odense\/"]}]},{"@type":"BreadcrumbList","@id":"https:\/\/www.gsv.dk\/lager-og-vaerkstedsassistent-til-gsv-odense\/#breadcrumb","itemListElement":[{"@type":"ListItem","position":1,"name":"Home","item":"https:\/\/www.gsv.dk\/"},{"@type":"ListItem","position":2,"name":"Lager- og v\u00e6rkstedsassistent til GSV Odense"}]},{"@type":"WebSite","@id":"https:\/\/www.gsv.dk\/#website","url":"https:\/\/www.gsv.dk\/","name":"GSV","description":"GSV materieludlejning","publisher":{"@id":"https:\/\/www.gsv.dk\/#organization"},"potentialAction":[{"@type":"SearchAction","target":{"@type":"EntryPoint","urlTemplate":"https:\/\/www.gsv.dk\/?s={search_term_string}"},"query-input":{"@type":"PropertyValueSpecification","valueRequired":true,"valueName":"search_term_string"}}],"inLanguage":"en-GB"},{"@type":"Organization","@id":"https:\/\/www.gsv.dk\/#organization","name":"GSV Materieludlejning","url":"https:\/\/www.gsv.dk\/","logo":{"@type":"ImageObject","inLanguage":"en-GB","@id":"https:\/\/www.gsv.dk\/#\/schema\/logo\/image\/","url":"https:\/\/www.gsv.dk\/content\/uploads\/2020\/01\/logo-300x134.png","contentUrl":"https:\/\/www.gsv.dk\/content\/uploads\/2020\/01\/logo-300x134.png","width":300,"height":134,"caption":"GSV Materieludlejning"},"image":{"@id":"https:\/\/www.gsv.dk\/#\/schema\/logo\/image\/"},"sameAs":["https:\/\/www.facebook.com\/gsvmaterieludlejning\/","https:\/\/x.com\/GsvMateriel","https:\/\/www.instagram.com\/gsv_materieludlejning\/","https:\/\/www.linkedin.com\/company\/gsv-materieludlejning-a-s","https:\/\/www.youtube.com\/channel\/UCDWOSIoGkwn6bPG7-Kgxqkw"]}]}},"_links":{"self":[{"href":"https:\/\/www.gsv.dk\/en\/wp-json\/wp\/v2\/pages\/559389","targetHints":{"allow":["GET"]}}],"collection":[{"href":"https:\/\/www.gsv.dk\/en\/wp-json\/wp\/v2\/pages"}],"about":[{"href":"https:\/\/www.gsv.dk\/en\/wp-json\/wp\/v2\/types\/page"}],"author":[{"embeddable":true,"href":"https:\/\/www.gsv.dk\/en\/wp-json\/wp\/v2\/users\/1368"}],"replies":[{"embeddable":true,"href":"https:\/\/www.gsv.dk\/en\/wp-json\/wp\/v2\/comments?post=559389"}],"version-history":[{"count":2,"href":"https:\/\/www.gsv.dk\/en\/wp-json\/wp\/v2\/pages\/559389\/revisions"}],"predecessor-version":[{"id":559391,"href":"https:\/\/www.gsv.dk\/en\/wp-json\/wp\/v2\/pages\/559389\/revisions\/559391"}],"wp:attachment":[{"href":"https:\/\/www.gsv.dk\/en\/wp-json\/wp\/v2\/media?parent=559389"}],"curies":[{"name":"wp","href":"https:\/\/api.w.org\/{rel}","templated":true}]}}