{"id":3269934,"date":"2026-04-23T12:39:15","date_gmt":"2026-04-23T12:39:15","guid":{"rendered":"https:\/\/www.gsv.dk\/?page_id=3269934"},"modified":"2026-04-23T12:41:04","modified_gmt":"2026-04-23T12:41:04","slug":"vi-har-fastholdt-et-staerkt-regnskabsaar-i-2025","status":"publish","type":"page","link":"https:\/\/www.gsv.dk\/en\/vi-har-fastholdt-et-staerkt-regnskabsaar-i-2025\/","title":{"rendered":"Vi har fastholdt et st\u00e6rkt regnskabs\u00e5r i 2025"},"content":{"rendered":"<div\n  class=\"block acf-block acf-block--hero\"\n   id=\"acf-hero-1\"  \n>\n        <div class=\"hero\">\n                                            <div class=\"hero__image\">\n    <div class=\"hero__image-overlay\" style=\"background-color: rgba(0, 0, 0, 0.0)\"><\/div>\n    \n            <picture>\n                <source srcset=\"https:\/\/gsv-imgix.imgix.net\/wordpress-prod\/frank.png?fit=clip&#038;fm=png&#038;h=550&#038;ixlib=php-3.3.1&#038;w=1440&#038;wpsize=wide_desktop\" media=\"(min-width: 1200px)\"><source srcset=\"https:\/\/gsv-imgix.imgix.net\/wordpress-prod\/frank.png?fit=clip&#038;fm=png&#038;h=550&#038;ixlib=php-3.3.1&#038;w=1200&#038;wpsize=wide_tablet_landscape\" media=\"(min-width: 900px)\"><source srcset=\"https:\/\/gsv-imgix.imgix.net\/wordpress-prod\/frank.png?fit=clip&#038;fm=png&#038;h=400&#038;ixlib=php-3.3.1&#038;w=900&#038;wpsize=wide_tablet_portrait\" media=\"(min-width: 600px)\"><source srcset=\"https:\/\/gsv-imgix.imgix.net\/wordpress-prod\/frank.png?fit=clip&#038;fm=png&#038;h=350&#038;ixlib=php-3.3.1&#038;w=600&#038;wpsize=wide_large_phone\" media=\"(min-width: 414px)\">\n                <img loading=\"lazy\" decoding=\"async\" src=\"https:\/\/gsv-imgix.imgix.net\/wordpress-prod\/frank.png?fit=clip&#038;fm=png&#038;h=250&#038;ixlib=php-3.3.1&#038;w=414&#038;wpsize=wide_phone\" alt=\"\" title=\"frank\" width=\"414\" height=\"250\" \/>\n            <\/picture>\n<\/div>\n\n\n                    <\/div>\n    \n    \n      <\/div>\n<div\n  class=\"block acf-block acf-block--text-block\"\n   id=\"acf-text-block-2\"  \n>\n        <div class=\"text-block\">\n    \n    <div class=\"inner inner--small\">\n        \n                    <h2 class=\"l-title\" data-reveal=\"reveal\">Vi har fastholdt et st\u00e6rkt regnskabs\u00e5r i 2025<\/h2>\n        \n                    <div class=\"text-block__body\" data-reveal=\"reveal\">\n                <p><span class=\"TextRun SCXO268189775 BCX0\" lang=\"DA-DK\" xml:lang=\"DA-DK\" data-contrast=\"auto\"><span class=\"NormalTextRun SCXO268189775 BCX0\">Hos GSV Materieludlejning har vi kunnet fastholde et st\u00e6rkt regnskabs\u00e5r i 2025, hvor vi har v\u00e6ret i stand til at \u00f8ge b\u00e5de top- og bundlinje<\/span><\/span><span class=\"TextRun SCXO268189775 BCX0\" lang=\"DA-DK\" xml:lang=\"DA-DK\" data-contrast=\"auto\"><span class=\"NormalTextRun SCXO268189775 BCX0\">.<\/span><\/span><span class=\"EOP SCXO268189775 BCX0\">\u00a0<\/span><\/p>\n<p><span data-contrast=\"auto\">Oms\u00e6tningen er steget til 1,7 mia. kr., hvilket er ny rekord. Samtidig er b\u00e5de bruttofortjenesten og driftsresultatet steget, og \u00e5rets resultat f\u00f8r skat ender p\u00e5 86,5 mio. kr.<\/span><\/p>\n<p><span data-contrast=\"auto\">Det er sket i t\u00e6t samarbejde med vores kunder og samarbejdspartnere ikke mindst p\u00e5 de st\u00f8rre projekter samt gennem en fortsat fokus p\u00e5 effektiv drift og m\u00e5lrettede investeringer i b\u00e5de vores menneske og maskiner. <\/span><\/p>\n<p><span data-contrast=\"auto\">Som en del af\u00a0Kiloutou\u00a0Group st\u00e5r GSV samtidig p\u00e5 et solidt europ\u00e6isk fundament, hvor koncernen i 2025 har leveret p\u00e6ne resultater i et usikkert marked.\u00a0Kiloutou\u00a0har i 2025 omsat for n\u00e6sten 1,3 mia. euro og en v\u00e6kst for sjette \u00e5r i tr\u00e6k.<\/span><\/p>\n\n            <\/div>\n            <\/div>\n<\/div>\n\n      <\/div>\n<div\n  class=\"block acf-block acf-block--text-block\"\n   id=\"acf-text-block-3\"  \n>\n        <div class=\"text-block text-block--light-grey has-background\">\n            <div class=\"bgw background--light-grey\" data-reveal=\"bgw\"><\/div>\n    \n    <div class=\"inner inner--small\">\n        \n                    <h2 class=\"l-title\" data-reveal=\"reveal\">Markedet i 2026 <\/h2>\n        \n                    <div class=\"text-block__body\" data-reveal=\"reveal\">\n                <p><span data-contrast=\"auto\">Selvom 2025 blev et rekord\u00e5r, ser vi mere afd\u00e6mpet p\u00e5 2026, blandt andet som f\u00f8lge af f\u00e6rre st\u00f8rre serviceaftaler samt et mere usikkert marked.<\/span><\/p>\n<p><span data-contrast=\"auto\">Vi kan dog allerede nu se tegn p\u00e5 aktiviteter, som kan give os grund til en forsigtig optimisme. Der er fortsat muligheder ikke mindst inden for st\u00f8rre anl\u00e6g og infrastruktur og vi f\u00f8lger udviklingen n\u00f8je, n\u00e5r projekterne skrider frem.<\/span><\/p>\n\n            <\/div>\n            <\/div>\n<\/div>\n\n      <\/div>","protected":false},"excerpt":{"rendered":"","protected":false},"author":4423,"featured_media":0,"parent":0,"menu_order":9,"comment_status":"closed","ping_status":"closed","template":"","meta":{"_acf_changed":false,"footnotes":""},"class_list":["post-3269934","page","type-page","status-publish","hentry"],"acf":[],"yoast_head":"<!-- This site is optimized with the Yoast SEO plugin v25.9 - https:\/\/yoast.com\/wordpress\/plugins\/seo\/ -->\n<title>Vi har fastholdt et st\u00e6rkt regnskabs\u00e5r i 2025 | GSV<\/title>\n<meta name=\"robots\" content=\"index, follow, max-snippet:-1, max-image-preview:large, max-video-preview:-1\" \/>\n<link rel=\"canonical\" href=\"https:\/\/www.gsv.dk\/en\/vi-har-fastholdt-et-staerkt-regnskabsaar-i-2025\/\" \/>\n<meta property=\"og:locale\" content=\"en_GB\" \/>\n<meta property=\"og:type\" content=\"article\" \/>\n<meta property=\"og:title\" content=\"Vi har fastholdt et st\u00e6rkt regnskabs\u00e5r i 2025 | GSV\" \/>\n<meta property=\"og:url\" content=\"https:\/\/www.gsv.dk\/en\/vi-har-fastholdt-et-staerkt-regnskabsaar-i-2025\/\" \/>\n<meta property=\"og:site_name\" content=\"GSV\" \/>\n<meta property=\"article:publisher\" content=\"https:\/\/www.facebook.com\/gsvmaterieludlejning\/\" \/>\n<meta property=\"article:modified_time\" content=\"2026-04-23T12:41:04+00:00\" \/>\n<meta property=\"og:image\" content=\"https:\/\/www.gsv.dk\/content\/uploads\/2020\/01\/logo-300x134.png\" \/>\n\t<meta property=\"og:image:width\" content=\"300\" \/>\n\t<meta property=\"og:image:height\" content=\"134\" \/>\n\t<meta property=\"og:image:type\" content=\"image\/png\" \/>\n<meta name=\"twitter:card\" content=\"summary_large_image\" \/>\n<meta name=\"twitter:site\" content=\"@GsvMateriel\" \/>\n<script type=\"application\/ld+json\" class=\"yoast-schema-graph\">{\"@context\":\"https:\/\/schema.org\",\"@graph\":[{\"@type\":\"WebPage\",\"@id\":\"https:\/\/www.gsv.dk\/vi-har-fastholdt-et-staerkt-regnskabsaar-i-2025\/\",\"url\":\"https:\/\/www.gsv.dk\/vi-har-fastholdt-et-staerkt-regnskabsaar-i-2025\/\",\"name\":\"Vi har fastholdt et st\u00e6rkt regnskabs\u00e5r i 2025 | GSV\",\"isPartOf\":{\"@id\":\"https:\/\/www.gsv.dk\/#website\"},\"datePublished\":\"2026-04-23T12:39:15+00:00\",\"dateModified\":\"2026-04-23T12:41:04+00:00\",\"breadcrumb\":{\"@id\":\"https:\/\/www.gsv.dk\/vi-har-fastholdt-et-staerkt-regnskabsaar-i-2025\/#breadcrumb\"},\"inLanguage\":\"en-GB\",\"potentialAction\":[{\"@type\":\"ReadAction\",\"target\":[\"https:\/\/www.gsv.dk\/vi-har-fastholdt-et-staerkt-regnskabsaar-i-2025\/\"]}]},{\"@type\":\"BreadcrumbList\",\"@id\":\"https:\/\/www.gsv.dk\/vi-har-fastholdt-et-staerkt-regnskabsaar-i-2025\/#breadcrumb\",\"itemListElement\":[{\"@type\":\"ListItem\",\"position\":1,\"name\":\"Home\",\"item\":\"https:\/\/www.gsv.dk\/\"},{\"@type\":\"ListItem\",\"position\":2,\"name\":\"Vi har fastholdt et st\u00e6rkt regnskabs\u00e5r i 2025\"}]},{\"@type\":\"WebSite\",\"@id\":\"https:\/\/www.gsv.dk\/#website\",\"url\":\"https:\/\/www.gsv.dk\/\",\"name\":\"GSV\",\"description\":\"GSV materieludlejning\",\"publisher\":{\"@id\":\"https:\/\/www.gsv.dk\/#organization\"},\"potentialAction\":[{\"@type\":\"SearchAction\",\"target\":{\"@type\":\"EntryPoint\",\"urlTemplate\":\"https:\/\/www.gsv.dk\/?s={search_term_string}\"},\"query-input\":{\"@type\":\"PropertyValueSpecification\",\"valueRequired\":true,\"valueName\":\"search_term_string\"}}],\"inLanguage\":\"en-GB\"},{\"@type\":\"Organization\",\"@id\":\"https:\/\/www.gsv.dk\/#organization\",\"name\":\"GSV Materieludlejning\",\"url\":\"https:\/\/www.gsv.dk\/\",\"logo\":{\"@type\":\"ImageObject\",\"inLanguage\":\"en-GB\",\"@id\":\"https:\/\/www.gsv.dk\/#\/schema\/logo\/image\/\",\"url\":\"https:\/\/www.gsv.dk\/content\/uploads\/2020\/01\/logo-300x134.png\",\"contentUrl\":\"https:\/\/www.gsv.dk\/content\/uploads\/2020\/01\/logo-300x134.png\",\"width\":300,\"height\":134,\"caption\":\"GSV Materieludlejning\"},\"image\":{\"@id\":\"https:\/\/www.gsv.dk\/#\/schema\/logo\/image\/\"},\"sameAs\":[\"https:\/\/www.facebook.com\/gsvmaterieludlejning\/\",\"https:\/\/x.com\/GsvMateriel\",\"https:\/\/www.instagram.com\/gsv_materieludlejning\/\",\"https:\/\/www.linkedin.com\/company\/gsv-materieludlejning-a-s\",\"https:\/\/www.youtube.com\/channel\/UCDWOSIoGkwn6bPG7-Kgxqkw\"]}]}<\/script>\n<!-- \/ Yoast SEO plugin. -->","yoast_head_json":{"title":"Vi har fastholdt et st\u00e6rkt regnskabs\u00e5r i 2025 | GSV","robots":{"index":"index","follow":"follow","max-snippet":"max-snippet:-1","max-image-preview":"max-image-preview:large","max-video-preview":"max-video-preview:-1"},"canonical":"https:\/\/www.gsv.dk\/en\/vi-har-fastholdt-et-staerkt-regnskabsaar-i-2025\/","og_locale":"en_GB","og_type":"article","og_title":"Vi har fastholdt et st\u00e6rkt regnskabs\u00e5r i 2025 | GSV","og_url":"https:\/\/www.gsv.dk\/en\/vi-har-fastholdt-et-staerkt-regnskabsaar-i-2025\/","og_site_name":"GSV","article_publisher":"https:\/\/www.facebook.com\/gsvmaterieludlejning\/","article_modified_time":"2026-04-23T12:41:04+00:00","og_image":[{"width":300,"height":134,"url":"https:\/\/www.gsv.dk\/content\/uploads\/2020\/01\/logo-300x134.png","type":"image\/png"}],"twitter_card":"summary_large_image","twitter_site":"@GsvMateriel","schema":{"@context":"https:\/\/schema.org","@graph":[{"@type":"WebPage","@id":"https:\/\/www.gsv.dk\/vi-har-fastholdt-et-staerkt-regnskabsaar-i-2025\/","url":"https:\/\/www.gsv.dk\/vi-har-fastholdt-et-staerkt-regnskabsaar-i-2025\/","name":"Vi har fastholdt et st\u00e6rkt regnskabs\u00e5r i 2025 | GSV","isPartOf":{"@id":"https:\/\/www.gsv.dk\/#website"},"datePublished":"2026-04-23T12:39:15+00:00","dateModified":"2026-04-23T12:41:04+00:00","breadcrumb":{"@id":"https:\/\/www.gsv.dk\/vi-har-fastholdt-et-staerkt-regnskabsaar-i-2025\/#breadcrumb"},"inLanguage":"en-GB","potentialAction":[{"@type":"ReadAction","target":["https:\/\/www.gsv.dk\/vi-har-fastholdt-et-staerkt-regnskabsaar-i-2025\/"]}]},{"@type":"BreadcrumbList","@id":"https:\/\/www.gsv.dk\/vi-har-fastholdt-et-staerkt-regnskabsaar-i-2025\/#breadcrumb","itemListElement":[{"@type":"ListItem","position":1,"name":"Home","item":"https:\/\/www.gsv.dk\/"},{"@type":"ListItem","position":2,"name":"Vi har fastholdt et st\u00e6rkt regnskabs\u00e5r i 2025"}]},{"@type":"WebSite","@id":"https:\/\/www.gsv.dk\/#website","url":"https:\/\/www.gsv.dk\/","name":"GSV","description":"GSV materieludlejning","publisher":{"@id":"https:\/\/www.gsv.dk\/#organization"},"potentialAction":[{"@type":"SearchAction","target":{"@type":"EntryPoint","urlTemplate":"https:\/\/www.gsv.dk\/?s={search_term_string}"},"query-input":{"@type":"PropertyValueSpecification","valueRequired":true,"valueName":"search_term_string"}}],"inLanguage":"en-GB"},{"@type":"Organization","@id":"https:\/\/www.gsv.dk\/#organization","name":"GSV Materieludlejning","url":"https:\/\/www.gsv.dk\/","logo":{"@type":"ImageObject","inLanguage":"en-GB","@id":"https:\/\/www.gsv.dk\/#\/schema\/logo\/image\/","url":"https:\/\/www.gsv.dk\/content\/uploads\/2020\/01\/logo-300x134.png","contentUrl":"https:\/\/www.gsv.dk\/content\/uploads\/2020\/01\/logo-300x134.png","width":300,"height":134,"caption":"GSV Materieludlejning"},"image":{"@id":"https:\/\/www.gsv.dk\/#\/schema\/logo\/image\/"},"sameAs":["https:\/\/www.facebook.com\/gsvmaterieludlejning\/","https:\/\/x.com\/GsvMateriel","https:\/\/www.instagram.com\/gsv_materieludlejning\/","https:\/\/www.linkedin.com\/company\/gsv-materieludlejning-a-s","https:\/\/www.youtube.com\/channel\/UCDWOSIoGkwn6bPG7-Kgxqkw"]}]}},"_links":{"self":[{"href":"https:\/\/www.gsv.dk\/en\/wp-json\/wp\/v2\/pages\/3269934","targetHints":{"allow":["GET"]}}],"collection":[{"href":"https:\/\/www.gsv.dk\/en\/wp-json\/wp\/v2\/pages"}],"about":[{"href":"https:\/\/www.gsv.dk\/en\/wp-json\/wp\/v2\/types\/page"}],"author":[{"embeddable":true,"href":"https:\/\/www.gsv.dk\/en\/wp-json\/wp\/v2\/users\/4423"}],"replies":[{"embeddable":true,"href":"https:\/\/www.gsv.dk\/en\/wp-json\/wp\/v2\/comments?post=3269934"}],"version-history":[{"count":5,"href":"https:\/\/www.gsv.dk\/en\/wp-json\/wp\/v2\/pages\/3269934\/revisions"}],"predecessor-version":[{"id":3269940,"href":"https:\/\/www.gsv.dk\/en\/wp-json\/wp\/v2\/pages\/3269934\/revisions\/3269940"}],"wp:attachment":[{"href":"https:\/\/www.gsv.dk\/en\/wp-json\/wp\/v2\/media?parent=3269934"}],"curies":[{"name":"wp","href":"https:\/\/api.w.org\/{rel}","templated":true}]}}