{"id":3269931,"date":"2026-04-23T10:14:59","date_gmt":"2026-04-23T10:14:59","guid":{"rendered":"https:\/\/www.gsv.dk\/?page_id=3269931"},"modified":"2026-04-23T10:15:00","modified_gmt":"2026-04-23T10:15:00","slug":"loenelev-til-hedehusene","status":"publish","type":"page","link":"https:\/\/www.gsv.dk\/en\/loenelev-til-hedehusene\/","title":{"rendered":"L\u00f8nelev til Hedehusene"},"content":{"rendered":"<div\n  class=\"block acf-block acf-block--hero\"\n   id=\"acf-hero-1\"  \n>\n        <div class=\"hero\">\n                                            <div class=\"hero__image\">\n    <div class=\"hero__image-overlay\" style=\"background-color: rgba(0, 0, 0, 0.33)\"><\/div>\n    \n            <picture>\n                <source srcset=\"https:\/\/gsv-imgix.imgix.net\/wordpress-prod\/1440x550v2.png?fit=clip&#038;fm=png&#038;h=550&#038;ixlib=php-3.3.1&#038;w=1440&#038;wpsize=wide_desktop\" media=\"(min-width: 1200px)\"><source srcset=\"https:\/\/gsv-imgix.imgix.net\/wordpress-prod\/1440x550v2.png?fit=clip&#038;fm=png&#038;h=550&#038;ixlib=php-3.3.1&#038;w=1200&#038;wpsize=wide_tablet_landscape\" media=\"(min-width: 900px)\"><source srcset=\"https:\/\/gsv-imgix.imgix.net\/wordpress-prod\/1440x550v2.png?fit=clip&#038;fm=png&#038;h=400&#038;ixlib=php-3.3.1&#038;w=900&#038;wpsize=wide_tablet_portrait\" media=\"(min-width: 600px)\"><source srcset=\"https:\/\/gsv-imgix.imgix.net\/wordpress-prod\/1440x550v2.png?fit=clip&#038;fm=png&#038;h=350&#038;ixlib=php-3.3.1&#038;w=600&#038;wpsize=wide_large_phone\" media=\"(min-width: 414px)\">\n                <img loading=\"lazy\" decoding=\"async\" src=\"https:\/\/gsv-imgix.imgix.net\/wordpress-prod\/1440x550v2.png?fit=clip&#038;fm=png&#038;h=250&#038;ixlib=php-3.3.1&#038;w=414&#038;wpsize=wide_phone\" alt=\"\" title=\"1440x550v2\" width=\"414\" height=\"250\" \/>\n            <\/picture>\n<\/div>\n\n\n    <div class=\"hero__content\">\n                    <h1 class=\"hero__title\">\n                L\u00f8nelev til Hedehusene \n            <\/h1>\n        \n        \n            <\/div>\n                    <\/div>\n    \n    \n      <\/div>\n<div\n  class=\"block acf-block acf-block--text-block\"\n   id=\"acf-text-block-2\"  \n>\n        <div class=\"text-block\">\n    \n    <div class=\"inner inner--small\">\n        \n                    <h2 class=\"l-title\" data-reveal=\"reveal\">Bliv en del af GSV<\/h2>\n        \n                    <div class=\"text-block__body\" data-reveal=\"reveal\">\n                <p>Vil du have en hverdag fyldt med sp\u00e6ndende udfordringer, dygtige kolleger og mulighed for at udvikle dig b\u00e5de fagligt og personligt? S\u00e5 er det dig, vi s\u00f8ger som vores nye elev til vores l\u00f8nafdeling i Hedehusene!<\/p>\n<p><strong>L\u00f8nadministration, support og medarbejderkontakt<\/strong><\/p>\n<p>Som elev hos GSV bliver du en del af et engageret l\u00f8nteam, hvor du l\u00e6rer at kombinere faglig pr\u00e6cision med professionel service. Du f\u00e5r en alsidig hverdag med fokus p\u00e5 at sikre l\u00f8n til vores medarbejdere og underst\u00f8tte organisationen med viden om l\u00f8n, overenskomster og tidsregistrering.<\/p>\n<p>Det betyder, at du vil opn\u00e5 erfaring med:<\/p>\n<ul>\n<li><strong>L\u00f8nadministration og support:<\/strong> Du l\u00e6rer at behandle l\u00f8noplysninger, kontrollere data og v\u00e6re en hj\u00e6lpende h\u00e5nd for kolleger, n\u00e5r der er sp\u00f8rgsm\u00e5l om l\u00f8n, ferie, sygdom, pension m.m.<\/li>\n<li><strong>Processer og systemer:<\/strong> Du f\u00e5r indsigt i vores l\u00f8nsystem og l\u00e6rer at h\u00e5ndtere arbejdsgange som indrapportering, stamdata, frav\u00e6rsregistrering og dokumentation.<\/li>\n<li><strong>Samarbejde og selvst\u00e6ndighed: <\/strong>Du bliver en del af et team med fokus p\u00e5 t\u00e6t samarbejde, men du vil ogs\u00e5 gradvist f\u00e5 egne ansvarsomr\u00e5der og l\u00e6re at arbejde selvst\u00e6ndigt med opgaver og deadlines. Du tilknyttes en makker, som f\u00f8lger dig gennem hele uddannelsen.<\/li>\n<li><strong>Regler og overenskomster: <\/strong>Du f\u00e5r forst\u00e5else for de overenskomster, lokalaftaler og lovgivning, der ligger til grund for korrekt l\u00f8n \u2013 ogs\u00e5 n\u00e5r der opst\u00e5r uforudsete situationer.<\/li>\n<li><strong>Andre omr\u00e5der indenfor bogholderi:<\/strong> Du vil f\u00e5 indsigt i dagligdagen i andre omr\u00e5der indenfor bogholderi s\u00e5som debitor- og kreditorfunktionerne.<\/li>\n<\/ul>\n<p><strong>Vi tilbyder desuden:<\/strong><\/p>\n<ul>\n<li>Grundig opl\u00e6ring og et struktureret uddannelsesforl\u00f8b som L\u00f8nelev<\/li>\n<li>Et st\u00e6rkt socialt f\u00e6llesskab og gode kolleger samt netv\u00e6rk med andre elever i GSV<\/li>\n<li>L\u00f8n under uddannelsen<\/li>\n<\/ul>\n\n            <\/div>\n            <\/div>\n<\/div>\n\n      <\/div>\n<div\n  class=\"block acf-block acf-block--text-block\"\n   id=\"acf-text-block-3\"  \n>\n        <div class=\"text-block text-block--light-grey has-background\">\n            <div class=\"bgw background--light-grey\" data-reveal=\"bgw\"><\/div>\n    \n    <div class=\"inner inner--small\">\n        \n                    <h2 class=\"l-title\" data-reveal=\"reveal\">Vi ser frem til at h\u00f8re fra dig!<\/h2>\n        \n                    <div class=\"text-block__body\" data-reveal=\"reveal\">\n                <p><strong>Interesseret?<\/strong><\/p>\n<p>Synes du, at det lyder sp\u00e6ndende? s\u00e5 ring og snak med HR- &amp; Uddannelseskoordinator, Mathias Guldhammer S\u00f8rensen p\u00e5 tlf. +45 23114975 mandag til fredag eller s\u00f8g stillingen nedenfor.<\/p>\n\n            <\/div>\n            <\/div>\n<\/div>\n\n      <\/div>\n<div\n  class=\"block acf-block acf-block--button\"\n   id=\"acf-button-4\"  \n>\n      <div class=\"inner inner--small\">\n            <div data-reveal=\"reveal\">\n        <a\n                        class=\"btn btn--primary-green\"\n                        title=\"S\u00f8g Stillingen\"\n                        aria-label=\"S\u00f8g Stillingen\"\n                        href=\"https:\/\/mkjobgsv.azurewebsites.net\/da-dk\/Application.aspx?VID=0294\"\n                        rel=\"noreferrer\"\n                        target=\"_blank\">\n                        <span>S\u00f8g Stillingen<\/span>\n                        <\/a>\n    <\/div>\n\n          <\/div>\n  <\/div>\n<div\n  class=\"block acf-block acf-block--text-block\"\n   id=\"acf-text-block-5\"  \n>\n        <div class=\"text-block text-block--light-grey has-background\">\n            <div class=\"bgw background--light-grey\" data-reveal=\"bgw\"><\/div>\n    \n    <div class=\"inner inner--small\">\n        \n                    <h2 class=\"l-title\" data-reveal=\"reveal\">About GSV<\/h2>\n        \n                    <div class=\"text-block__body\" data-reveal=\"reveal\">\n                <p>GSV er Danmarks f\u00f8rende materieludlejer med materiel til alle bygge- og anl\u00e6gsopgaver. Uanset om det drejer sig om sm\u00e5t h\u00e5ndv\u00e6rkt\u00f8j til en mindre byggeopgave eller de helt store maskiner, der skal i brug, n\u00e5r Danmarks motorveje, broer og metroer anl\u00e6gges. Vi har afdelinger i hele landet og leverer lige til d\u00f8ren eller byggepladsen.<\/p>\n<p>GSV er en innovativ samarbejdspartner og vi vil gerne v\u00e6re med til at tage ansvar for Danmarks fremtid. Hos GSV s\u00f8ger vi henimod at blive mere b\u00e6redygtige, digitaliseret og vigtigst af alt, har vi altid fokus p\u00e5 mennesker.<\/p>\n<p>L\u00e6s mere om at arbejde hos os <a href=\"https:\/\/www.gsv.dk\/job-i-gsv-2\/gsv-som-arbejdsplads\/\">her<\/a>.<\/p>\n\n            <\/div>\n            <\/div>\n<\/div>\n\n      <\/div>","protected":false},"excerpt":{"rendered":"","protected":false},"author":4423,"featured_media":0,"parent":0,"menu_order":9,"comment_status":"closed","ping_status":"closed","template":"","meta":{"_acf_changed":false,"footnotes":""},"class_list":["post-3269931","page","type-page","status-publish","hentry"],"acf":[],"yoast_head":"<!-- This site is optimized with the Yoast SEO plugin v25.9 - https:\/\/yoast.com\/wordpress\/plugins\/seo\/ -->\n<title>L\u00f8nelev til Hedehusene | GSV<\/title>\n<meta name=\"robots\" content=\"index, follow, max-snippet:-1, max-image-preview:large, max-video-preview:-1\" \/>\n<link rel=\"canonical\" href=\"https:\/\/www.gsv.dk\/en\/loenelev-til-hedehusene\/\" \/>\n<meta property=\"og:locale\" content=\"en_GB\" \/>\n<meta property=\"og:type\" content=\"article\" \/>\n<meta property=\"og:title\" content=\"L\u00f8nelev til Hedehusene | GSV\" \/>\n<meta property=\"og:url\" content=\"https:\/\/www.gsv.dk\/en\/loenelev-til-hedehusene\/\" \/>\n<meta property=\"og:site_name\" content=\"GSV\" \/>\n<meta property=\"article:publisher\" content=\"https:\/\/www.facebook.com\/gsvmaterieludlejning\/\" \/>\n<meta property=\"article:modified_time\" content=\"2026-04-23T10:15:00+00:00\" \/>\n<meta property=\"og:image\" content=\"https:\/\/www.gsv.dk\/content\/uploads\/2020\/01\/logo-300x134.png\" \/>\n\t<meta property=\"og:image:width\" content=\"300\" \/>\n\t<meta property=\"og:image:height\" content=\"134\" \/>\n\t<meta property=\"og:image:type\" content=\"image\/png\" \/>\n<meta name=\"twitter:card\" content=\"summary_large_image\" \/>\n<meta name=\"twitter:site\" content=\"@GsvMateriel\" \/>\n<script type=\"application\/ld+json\" class=\"yoast-schema-graph\">{\"@context\":\"https:\/\/schema.org\",\"@graph\":[{\"@type\":\"WebPage\",\"@id\":\"https:\/\/www.gsv.dk\/loenelev-til-hedehusene\/\",\"url\":\"https:\/\/www.gsv.dk\/loenelev-til-hedehusene\/\",\"name\":\"L\u00f8nelev til Hedehusene | GSV\",\"isPartOf\":{\"@id\":\"https:\/\/www.gsv.dk\/#website\"},\"datePublished\":\"2026-04-23T10:14:59+00:00\",\"dateModified\":\"2026-04-23T10:15:00+00:00\",\"breadcrumb\":{\"@id\":\"https:\/\/www.gsv.dk\/loenelev-til-hedehusene\/#breadcrumb\"},\"inLanguage\":\"en-GB\",\"potentialAction\":[{\"@type\":\"ReadAction\",\"target\":[\"https:\/\/www.gsv.dk\/loenelev-til-hedehusene\/\"]}]},{\"@type\":\"BreadcrumbList\",\"@id\":\"https:\/\/www.gsv.dk\/loenelev-til-hedehusene\/#breadcrumb\",\"itemListElement\":[{\"@type\":\"ListItem\",\"position\":1,\"name\":\"Home\",\"item\":\"https:\/\/www.gsv.dk\/\"},{\"@type\":\"ListItem\",\"position\":2,\"name\":\"L\u00f8nelev til Hedehusene\"}]},{\"@type\":\"WebSite\",\"@id\":\"https:\/\/www.gsv.dk\/#website\",\"url\":\"https:\/\/www.gsv.dk\/\",\"name\":\"GSV\",\"description\":\"GSV materieludlejning\",\"publisher\":{\"@id\":\"https:\/\/www.gsv.dk\/#organization\"},\"potentialAction\":[{\"@type\":\"SearchAction\",\"target\":{\"@type\":\"EntryPoint\",\"urlTemplate\":\"https:\/\/www.gsv.dk\/?s={search_term_string}\"},\"query-input\":{\"@type\":\"PropertyValueSpecification\",\"valueRequired\":true,\"valueName\":\"search_term_string\"}}],\"inLanguage\":\"en-GB\"},{\"@type\":\"Organization\",\"@id\":\"https:\/\/www.gsv.dk\/#organization\",\"name\":\"GSV Materieludlejning\",\"url\":\"https:\/\/www.gsv.dk\/\",\"logo\":{\"@type\":\"ImageObject\",\"inLanguage\":\"en-GB\",\"@id\":\"https:\/\/www.gsv.dk\/#\/schema\/logo\/image\/\",\"url\":\"https:\/\/www.gsv.dk\/content\/uploads\/2020\/01\/logo-300x134.png\",\"contentUrl\":\"https:\/\/www.gsv.dk\/content\/uploads\/2020\/01\/logo-300x134.png\",\"width\":300,\"height\":134,\"caption\":\"GSV Materieludlejning\"},\"image\":{\"@id\":\"https:\/\/www.gsv.dk\/#\/schema\/logo\/image\/\"},\"sameAs\":[\"https:\/\/www.facebook.com\/gsvmaterieludlejning\/\",\"https:\/\/x.com\/GsvMateriel\",\"https:\/\/www.instagram.com\/gsv_materieludlejning\/\",\"https:\/\/www.linkedin.com\/company\/gsv-materieludlejning-a-s\",\"https:\/\/www.youtube.com\/channel\/UCDWOSIoGkwn6bPG7-Kgxqkw\"]}]}<\/script>\n<!-- \/ Yoast SEO plugin. -->","yoast_head_json":{"title":"L\u00f8nelev til Hedehusene | GSV","robots":{"index":"index","follow":"follow","max-snippet":"max-snippet:-1","max-image-preview":"max-image-preview:large","max-video-preview":"max-video-preview:-1"},"canonical":"https:\/\/www.gsv.dk\/en\/loenelev-til-hedehusene\/","og_locale":"en_GB","og_type":"article","og_title":"L\u00f8nelev til Hedehusene | GSV","og_url":"https:\/\/www.gsv.dk\/en\/loenelev-til-hedehusene\/","og_site_name":"GSV","article_publisher":"https:\/\/www.facebook.com\/gsvmaterieludlejning\/","article_modified_time":"2026-04-23T10:15:00+00:00","og_image":[{"width":300,"height":134,"url":"https:\/\/www.gsv.dk\/content\/uploads\/2020\/01\/logo-300x134.png","type":"image\/png"}],"twitter_card":"summary_large_image","twitter_site":"@GsvMateriel","schema":{"@context":"https:\/\/schema.org","@graph":[{"@type":"WebPage","@id":"https:\/\/www.gsv.dk\/loenelev-til-hedehusene\/","url":"https:\/\/www.gsv.dk\/loenelev-til-hedehusene\/","name":"L\u00f8nelev til Hedehusene | GSV","isPartOf":{"@id":"https:\/\/www.gsv.dk\/#website"},"datePublished":"2026-04-23T10:14:59+00:00","dateModified":"2026-04-23T10:15:00+00:00","breadcrumb":{"@id":"https:\/\/www.gsv.dk\/loenelev-til-hedehusene\/#breadcrumb"},"inLanguage":"en-GB","potentialAction":[{"@type":"ReadAction","target":["https:\/\/www.gsv.dk\/loenelev-til-hedehusene\/"]}]},{"@type":"BreadcrumbList","@id":"https:\/\/www.gsv.dk\/loenelev-til-hedehusene\/#breadcrumb","itemListElement":[{"@type":"ListItem","position":1,"name":"Home","item":"https:\/\/www.gsv.dk\/"},{"@type":"ListItem","position":2,"name":"L\u00f8nelev til Hedehusene"}]},{"@type":"WebSite","@id":"https:\/\/www.gsv.dk\/#website","url":"https:\/\/www.gsv.dk\/","name":"GSV","description":"GSV materieludlejning","publisher":{"@id":"https:\/\/www.gsv.dk\/#organization"},"potentialAction":[{"@type":"SearchAction","target":{"@type":"EntryPoint","urlTemplate":"https:\/\/www.gsv.dk\/?s={search_term_string}"},"query-input":{"@type":"PropertyValueSpecification","valueRequired":true,"valueName":"search_term_string"}}],"inLanguage":"en-GB"},{"@type":"Organization","@id":"https:\/\/www.gsv.dk\/#organization","name":"GSV Materieludlejning","url":"https:\/\/www.gsv.dk\/","logo":{"@type":"ImageObject","inLanguage":"en-GB","@id":"https:\/\/www.gsv.dk\/#\/schema\/logo\/image\/","url":"https:\/\/www.gsv.dk\/content\/uploads\/2020\/01\/logo-300x134.png","contentUrl":"https:\/\/www.gsv.dk\/content\/uploads\/2020\/01\/logo-300x134.png","width":300,"height":134,"caption":"GSV Materieludlejning"},"image":{"@id":"https:\/\/www.gsv.dk\/#\/schema\/logo\/image\/"},"sameAs":["https:\/\/www.facebook.com\/gsvmaterieludlejning\/","https:\/\/x.com\/GsvMateriel","https:\/\/www.instagram.com\/gsv_materieludlejning\/","https:\/\/www.linkedin.com\/company\/gsv-materieludlejning-a-s","https:\/\/www.youtube.com\/channel\/UCDWOSIoGkwn6bPG7-Kgxqkw"]}]}},"_links":{"self":[{"href":"https:\/\/www.gsv.dk\/en\/wp-json\/wp\/v2\/pages\/3269931","targetHints":{"allow":["GET"]}}],"collection":[{"href":"https:\/\/www.gsv.dk\/en\/wp-json\/wp\/v2\/pages"}],"about":[{"href":"https:\/\/www.gsv.dk\/en\/wp-json\/wp\/v2\/types\/page"}],"author":[{"embeddable":true,"href":"https:\/\/www.gsv.dk\/en\/wp-json\/wp\/v2\/users\/4423"}],"replies":[{"embeddable":true,"href":"https:\/\/www.gsv.dk\/en\/wp-json\/wp\/v2\/comments?post=3269931"}],"version-history":[{"count":1,"href":"https:\/\/www.gsv.dk\/en\/wp-json\/wp\/v2\/pages\/3269931\/revisions"}],"predecessor-version":[{"id":3269932,"href":"https:\/\/www.gsv.dk\/en\/wp-json\/wp\/v2\/pages\/3269931\/revisions\/3269932"}],"wp:attachment":[{"href":"https:\/\/www.gsv.dk\/en\/wp-json\/wp\/v2\/media?parent=3269931"}],"curies":[{"name":"wp","href":"https:\/\/api.w.org\/{rel}","templated":true}]}}