{"id":3269757,"date":"2026-03-10T09:57:45","date_gmt":"2026-03-10T09:57:45","guid":{"rendered":"https:\/\/www.gsv.dk\/?page_id=3269757"},"modified":"2026-03-30T10:04:42","modified_gmt":"2026-03-30T10:04:42","slug":"afdelingschef-kolding-vejle","status":"publish","type":"page","link":"https:\/\/www.gsv.dk\/en\/afdelingschef-kolding-vejle\/","title":{"rendered":"Afdelingschef, Kolding-Vejle"},"content":{"rendered":"<div\n  class=\"block acf-block acf-block--hero\"\n   id=\"acf-hero-1\"  \n>\n        <div class=\"hero\">\n                                            <div class=\"hero__image\">\n    <div class=\"hero__image-overlay\" style=\"background-color: rgba(0, 0, 0, 0.33)\"><\/div>\n    \n            <picture>\n                <source srcset=\"https:\/\/gsv-imgix.imgix.net\/wordpress-prod\/1440x550v3.png?fit=clip&#038;fm=png&#038;h=550&#038;ixlib=php-3.3.1&#038;w=1440&#038;wpsize=wide_desktop\" media=\"(min-width: 1200px)\"><source srcset=\"https:\/\/gsv-imgix.imgix.net\/wordpress-prod\/1440x550v3.png?fit=clip&#038;fm=png&#038;h=550&#038;ixlib=php-3.3.1&#038;w=1200&#038;wpsize=wide_tablet_landscape\" media=\"(min-width: 900px)\"><source srcset=\"https:\/\/gsv-imgix.imgix.net\/wordpress-prod\/1440x550v3.png?fit=clip&#038;fm=png&#038;h=400&#038;ixlib=php-3.3.1&#038;w=900&#038;wpsize=wide_tablet_portrait\" media=\"(min-width: 600px)\"><source srcset=\"https:\/\/gsv-imgix.imgix.net\/wordpress-prod\/1440x550v3.png?fit=clip&#038;fm=png&#038;h=350&#038;ixlib=php-3.3.1&#038;w=600&#038;wpsize=wide_large_phone\" media=\"(min-width: 414px)\">\n                <img loading=\"lazy\" decoding=\"async\" src=\"https:\/\/gsv-imgix.imgix.net\/wordpress-prod\/1440x550v3.png?fit=clip&#038;fm=png&#038;h=250&#038;ixlib=php-3.3.1&#038;w=414&#038;wpsize=wide_phone\" alt=\"\" title=\"1440x550v3\" width=\"414\" height=\"250\" \/>\n            <\/picture>\n<\/div>\n\n\n    <div class=\"hero__content\">\n                    <h1 class=\"hero__title\">\n                Afdelingschef til Kolding &amp; Vejle \n            <\/h1>\n        \n        \n            <\/div>\n                    <\/div>\n    \n    \n      <\/div>\n<div\n  class=\"block acf-block acf-block--text-block\"\n   id=\"acf-text-block-2\"  \n>\n        <div class=\"text-block\">\n    \n    <div class=\"inner inner--small\">\n        \n                    <h2 class=\"l-title\" data-reveal=\"reveal\">Bliv en del af GSV<\/h2>\n        \n                    <div class=\"text-block__body\" data-reveal=\"reveal\">\n                <p>Br\u00e6nder du for at levere en god og fleksibel service til kunder?\u00a0 Vil du v\u00e6re med til at levere kundetilpassede l\u00f8sninger i h\u00f8j kvalitet, i en moderne virksomhed som altid fors\u00f8ger at v\u00e6re p\u00e5 forkant med udviklingen? Er du god til at lede i en forandringsproces med fokus p\u00e5 at udvikle medarbejdere og samtidig sikre forretningsm\u00e6ssige resultater?<\/p>\n<p>Lyder det som noget for dig? \u00a0S\u00e5 l\u00e6s videre her.<\/p>\n<p><strong>Et selvst\u00e6ndigt og alsidigt job med fokus p\u00e5 professionel service og vejledning<\/strong><\/p>\n<p>Som afdelingschef i Kolding og Vejle bliver du en del af ledergruppen i Region Syd og du f\u00e5r ansvaret for 9 dedikerede og engagerede medarbejdere. Du f\u00e5r ansvaret for at afdelingerne til enhver tid leverer en god og fleksibel service til vores kunder, sikre effektivitet og fremmer det interne samarbejde \u2013 s\u00e5 afdelingerne v\u00e6kster og bidrager til en positiv udvikling i virksomheden og der fortsat er h\u00f8j kunde- og medarbejdertilfredshed<\/p>\n<p><em>\u201dSom afdelingschef i GSV har du et st\u00e6rkt kommercielt fokus og sammen med salg og dit team af udlejningskonsulenter, sikre du udviklingen af de lokale kunder i dit omr\u00e5de\u201d fort\u00e6ller Regionschef Morten Christiansen<\/em><\/p>\n<p>Du vil v\u00e6re ansvarlig for den daglige planl\u00e6gning i afdelingen, s\u00e5 afdelingen til en hver tid er funktionsdygtig og de aftalte budgetter n\u00e5s. Et s\u00e6rligt fokusomr\u00e5de er at sikre, at milj\u00f8, sikkerheds- og arbejdsprocedurer efterleves og indrapporteres i henhold til ISO-certificering.<\/p>\n<p><strong>Opgaver der overordnet h\u00f8rer til stillingen:<\/strong><\/p>\n<ul>\n<li>Daglig ledelse af teamet, personaleansvarlig, trivselssamtaler, bemandingsplanl\u00e6gning mm.<\/li>\n<li>Ops\u00f8gende salg samt udvikling og vedligeholdelse af lokale kunder<\/li>\n<li>Kundekontakt, ordrebehandling, herunder deltagelse i arrangementer og forhandling af lejeaftaler<\/li>\n<li>Driftsansvar med fokus p\u00e5 struktur, prioritering og effektiv opgavel\u00f8sning<\/li>\n<li>Budgetansvar inkl. styring og godkendelsesprocesser<\/li>\n<li>Ansvar for fakturering, lagerstyring og korrekt kontering<\/li>\n<\/ul>\n<p><strong>Vil du v\u00e6re leder i GSV?<\/strong><\/p>\n<p>Vi s\u00f8ger en lederkollega, som har ledelseserfaring. Som leder er du en dygtig kommunikator, der kan motivere dine medarbejdere b\u00e5de p\u00e5 de daglige driftsopgaver og de kommercielle opgaver. Som leder t\u00e6nker du mennesker f\u00f8r maskiner \u2013 og du tager selv din del af de daglige opgaver i afdelingen.<\/p>\n<p><strong>Vi tilbyder:<br \/>\n<\/strong>En udviklende og varierende stilling, hvor hverdagen er fuld af sp\u00e6ndende udfordringer, som udfoldes i et godt socialt arbejdsmilj\u00f8 med h\u00f8jt til loftet. Arbejdet foreg\u00e5r i et dynamisk milj\u00f8, hvor initiativ og selvst\u00e6ndighed underst\u00f8ttes af samarbejdsvilje og ansvarlighed. Du bliver en del af et team, hvor vi hj\u00e6lper hinanden og har fokus p\u00e5 godt samarbejde, b\u00e5de i eget team og i GSV.<\/p>\n\n            <\/div>\n            <\/div>\n<\/div>\n\n      <\/div>\n<div\n  class=\"block acf-block acf-block--text-block\"\n   id=\"acf-text-block-3\"  \n>\n        <div class=\"text-block text-block--light-grey has-background\">\n            <div class=\"bgw background--light-grey\" data-reveal=\"bgw\"><\/div>\n    \n    <div class=\"inner inner--small\">\n        \n                    <h2 class=\"l-title\" data-reveal=\"reveal\">Vi ser frem til at h\u00f8re fra dig!<\/h2>\n        \n                    <div class=\"text-block__body\" data-reveal=\"reveal\">\n                <p><strong>Interesseret?<\/strong><\/p>\n<p>Er du parat til godt socialt samv\u00e6r og udviklingsmuligheder? S\u00e5 send os en ans\u00f8gning og CV via linket nedenfor.<\/p>\n<p>Har du sp\u00f8rgsm\u00e5l til stillingen, s\u00e5 kontakt Regionschef Morten Christiansen p\u00e5 tlf.:\u00a0 2118 9652<\/p>\n<p>Ans\u00f8g hurtigst muligt, da vi holder samtaler l\u00f8bende.<\/p>\n<p>Grundet persondataforordningen modtager vi ikke CV og ans\u00f8gning p\u00e5 mail.<\/p>\n\n            <\/div>\n            <\/div>\n<\/div>\n\n      <\/div>\n<div\n  class=\"block acf-block acf-block--button\"\n   id=\"acf-button-4\"  \n>\n      <div class=\"inner inner--small\">\n            <div data-reveal=\"reveal\">\n        <a\n                        class=\"btn btn--primary-green\"\n                        title=\"S\u00f8g stillingen som afdelingschef her\"\n                        aria-label=\"S\u00f8g stillingen som afdelingschef her\"\n                        href=\"https:\/\/mkjobgsv.azurewebsites.net\/da-dk\/Application.aspx?VID=0307\"\n                        rel=\"noreferrer\"\n                        target=\"_blank\">\n                        <span>S\u00f8g stillingen som afdelingschef her<\/span>\n                        <\/a>\n    <\/div>\n\n          <\/div>\n  <\/div>\n<div\n  class=\"block acf-block acf-block--text-block\"\n   id=\"acf-text-block-5\"  \n>\n        <div class=\"text-block text-block--light-grey has-background\">\n            <div class=\"bgw background--light-grey\" data-reveal=\"bgw\"><\/div>\n    \n    <div class=\"inner inner--small\">\n        \n                    <h2 class=\"l-title\" data-reveal=\"reveal\">About GSV<\/h2>\n        \n                    <div class=\"text-block__body\" data-reveal=\"reveal\">\n                <p>GSV er Danmarks f\u00f8rende materieludlejer med materiel til alle bygge- og anl\u00e6gsopgaver. Uanset om det drejer sig om sm\u00e5t h\u00e5ndv\u00e6rkt\u00f8j til en mindre byggeopgave eller de helt store maskiner, der skal i brug, n\u00e5r Danmarks motorveje, broer og metroer anl\u00e6gges. Vi har afdelinger i hele landet og leverer lige til d\u00f8ren eller byggepladsen.<\/p>\n<p>GSV er en innovativ samarbejdspartner og vi vil gerne v\u00e6re med til at tage ansvar for Danmarks fremtid. Hos GSV s\u00f8ger vi henimod at blive mere b\u00e6redygtige, digitaliseret og vigtigst af alt, har vi altid fokus p\u00e5 mennesker.<\/p>\n<p>L\u00e6s mere om at arbejde hos os <a href=\"https:\/\/www.gsv.dk\/job-i-gsv-2\/gsv-som-arbejdsplads\/\">her<\/a>.<\/p>\n\n            <\/div>\n            <\/div>\n<\/div>\n\n      <\/div>","protected":false},"excerpt":{"rendered":"","protected":false},"author":4423,"featured_media":0,"parent":0,"menu_order":9,"comment_status":"closed","ping_status":"closed","template":"","meta":{"_acf_changed":false,"footnotes":""},"class_list":["post-3269757","page","type-page","status-publish","hentry"],"acf":[],"yoast_head":"<!-- This site is optimized with the Yoast SEO plugin v25.9 - https:\/\/yoast.com\/wordpress\/plugins\/seo\/ -->\n<title>Afdelingschef, Kolding-Vejle | GSV<\/title>\n<meta name=\"robots\" content=\"index, follow, max-snippet:-1, max-image-preview:large, max-video-preview:-1\" \/>\n<link rel=\"canonical\" href=\"https:\/\/www.gsv.dk\/en\/afdelingschef-kolding-vejle\/\" \/>\n<meta property=\"og:locale\" content=\"en_GB\" \/>\n<meta property=\"og:type\" content=\"article\" \/>\n<meta property=\"og:title\" content=\"Afdelingschef, Kolding-Vejle | GSV\" \/>\n<meta property=\"og:url\" content=\"https:\/\/www.gsv.dk\/en\/afdelingschef-kolding-vejle\/\" \/>\n<meta property=\"og:site_name\" content=\"GSV\" \/>\n<meta property=\"article:publisher\" content=\"https:\/\/www.facebook.com\/gsvmaterieludlejning\/\" \/>\n<meta property=\"article:modified_time\" content=\"2026-03-30T10:04:42+00:00\" \/>\n<meta property=\"og:image\" content=\"https:\/\/www.gsv.dk\/content\/uploads\/2020\/01\/logo-300x134.png\" \/>\n\t<meta property=\"og:image:width\" content=\"300\" \/>\n\t<meta property=\"og:image:height\" content=\"134\" \/>\n\t<meta property=\"og:image:type\" content=\"image\/png\" \/>\n<meta name=\"twitter:card\" content=\"summary_large_image\" \/>\n<meta name=\"twitter:site\" content=\"@GsvMateriel\" \/>\n<script type=\"application\/ld+json\" class=\"yoast-schema-graph\">{\"@context\":\"https:\/\/schema.org\",\"@graph\":[{\"@type\":\"WebPage\",\"@id\":\"https:\/\/www.gsv.dk\/afdelingschef-kolding-vejle\/\",\"url\":\"https:\/\/www.gsv.dk\/afdelingschef-kolding-vejle\/\",\"name\":\"Afdelingschef, Kolding-Vejle | GSV\",\"isPartOf\":{\"@id\":\"https:\/\/www.gsv.dk\/#website\"},\"datePublished\":\"2026-03-10T09:57:45+00:00\",\"dateModified\":\"2026-03-30T10:04:42+00:00\",\"breadcrumb\":{\"@id\":\"https:\/\/www.gsv.dk\/afdelingschef-kolding-vejle\/#breadcrumb\"},\"inLanguage\":\"en-GB\",\"potentialAction\":[{\"@type\":\"ReadAction\",\"target\":[\"https:\/\/www.gsv.dk\/afdelingschef-kolding-vejle\/\"]}]},{\"@type\":\"BreadcrumbList\",\"@id\":\"https:\/\/www.gsv.dk\/afdelingschef-kolding-vejle\/#breadcrumb\",\"itemListElement\":[{\"@type\":\"ListItem\",\"position\":1,\"name\":\"Home\",\"item\":\"https:\/\/www.gsv.dk\/\"},{\"@type\":\"ListItem\",\"position\":2,\"name\":\"Afdelingschef, Kolding-Vejle\"}]},{\"@type\":\"WebSite\",\"@id\":\"https:\/\/www.gsv.dk\/#website\",\"url\":\"https:\/\/www.gsv.dk\/\",\"name\":\"GSV\",\"description\":\"GSV materieludlejning\",\"publisher\":{\"@id\":\"https:\/\/www.gsv.dk\/#organization\"},\"potentialAction\":[{\"@type\":\"SearchAction\",\"target\":{\"@type\":\"EntryPoint\",\"urlTemplate\":\"https:\/\/www.gsv.dk\/?s={search_term_string}\"},\"query-input\":{\"@type\":\"PropertyValueSpecification\",\"valueRequired\":true,\"valueName\":\"search_term_string\"}}],\"inLanguage\":\"en-GB\"},{\"@type\":\"Organization\",\"@id\":\"https:\/\/www.gsv.dk\/#organization\",\"name\":\"GSV Materieludlejning\",\"url\":\"https:\/\/www.gsv.dk\/\",\"logo\":{\"@type\":\"ImageObject\",\"inLanguage\":\"en-GB\",\"@id\":\"https:\/\/www.gsv.dk\/#\/schema\/logo\/image\/\",\"url\":\"https:\/\/www.gsv.dk\/content\/uploads\/2020\/01\/logo-300x134.png\",\"contentUrl\":\"https:\/\/www.gsv.dk\/content\/uploads\/2020\/01\/logo-300x134.png\",\"width\":300,\"height\":134,\"caption\":\"GSV Materieludlejning\"},\"image\":{\"@id\":\"https:\/\/www.gsv.dk\/#\/schema\/logo\/image\/\"},\"sameAs\":[\"https:\/\/www.facebook.com\/gsvmaterieludlejning\/\",\"https:\/\/x.com\/GsvMateriel\",\"https:\/\/www.instagram.com\/gsv_materieludlejning\/\",\"https:\/\/www.linkedin.com\/company\/gsv-materieludlejning-a-s\",\"https:\/\/www.youtube.com\/channel\/UCDWOSIoGkwn6bPG7-Kgxqkw\"]}]}<\/script>\n<!-- \/ Yoast SEO plugin. -->","yoast_head_json":{"title":"Afdelingschef, Kolding-Vejle | GSV","robots":{"index":"index","follow":"follow","max-snippet":"max-snippet:-1","max-image-preview":"max-image-preview:large","max-video-preview":"max-video-preview:-1"},"canonical":"https:\/\/www.gsv.dk\/en\/afdelingschef-kolding-vejle\/","og_locale":"en_GB","og_type":"article","og_title":"Afdelingschef, Kolding-Vejle | GSV","og_url":"https:\/\/www.gsv.dk\/en\/afdelingschef-kolding-vejle\/","og_site_name":"GSV","article_publisher":"https:\/\/www.facebook.com\/gsvmaterieludlejning\/","article_modified_time":"2026-03-30T10:04:42+00:00","og_image":[{"width":300,"height":134,"url":"https:\/\/www.gsv.dk\/content\/uploads\/2020\/01\/logo-300x134.png","type":"image\/png"}],"twitter_card":"summary_large_image","twitter_site":"@GsvMateriel","schema":{"@context":"https:\/\/schema.org","@graph":[{"@type":"WebPage","@id":"https:\/\/www.gsv.dk\/afdelingschef-kolding-vejle\/","url":"https:\/\/www.gsv.dk\/afdelingschef-kolding-vejle\/","name":"Afdelingschef, Kolding-Vejle | GSV","isPartOf":{"@id":"https:\/\/www.gsv.dk\/#website"},"datePublished":"2026-03-10T09:57:45+00:00","dateModified":"2026-03-30T10:04:42+00:00","breadcrumb":{"@id":"https:\/\/www.gsv.dk\/afdelingschef-kolding-vejle\/#breadcrumb"},"inLanguage":"en-GB","potentialAction":[{"@type":"ReadAction","target":["https:\/\/www.gsv.dk\/afdelingschef-kolding-vejle\/"]}]},{"@type":"BreadcrumbList","@id":"https:\/\/www.gsv.dk\/afdelingschef-kolding-vejle\/#breadcrumb","itemListElement":[{"@type":"ListItem","position":1,"name":"Home","item":"https:\/\/www.gsv.dk\/"},{"@type":"ListItem","position":2,"name":"Afdelingschef, Kolding-Vejle"}]},{"@type":"WebSite","@id":"https:\/\/www.gsv.dk\/#website","url":"https:\/\/www.gsv.dk\/","name":"GSV","description":"GSV materieludlejning","publisher":{"@id":"https:\/\/www.gsv.dk\/#organization"},"potentialAction":[{"@type":"SearchAction","target":{"@type":"EntryPoint","urlTemplate":"https:\/\/www.gsv.dk\/?s={search_term_string}"},"query-input":{"@type":"PropertyValueSpecification","valueRequired":true,"valueName":"search_term_string"}}],"inLanguage":"en-GB"},{"@type":"Organization","@id":"https:\/\/www.gsv.dk\/#organization","name":"GSV Materieludlejning","url":"https:\/\/www.gsv.dk\/","logo":{"@type":"ImageObject","inLanguage":"en-GB","@id":"https:\/\/www.gsv.dk\/#\/schema\/logo\/image\/","url":"https:\/\/www.gsv.dk\/content\/uploads\/2020\/01\/logo-300x134.png","contentUrl":"https:\/\/www.gsv.dk\/content\/uploads\/2020\/01\/logo-300x134.png","width":300,"height":134,"caption":"GSV Materieludlejning"},"image":{"@id":"https:\/\/www.gsv.dk\/#\/schema\/logo\/image\/"},"sameAs":["https:\/\/www.facebook.com\/gsvmaterieludlejning\/","https:\/\/x.com\/GsvMateriel","https:\/\/www.instagram.com\/gsv_materieludlejning\/","https:\/\/www.linkedin.com\/company\/gsv-materieludlejning-a-s","https:\/\/www.youtube.com\/channel\/UCDWOSIoGkwn6bPG7-Kgxqkw"]}]}},"_links":{"self":[{"href":"https:\/\/www.gsv.dk\/en\/wp-json\/wp\/v2\/pages\/3269757","targetHints":{"allow":["GET"]}}],"collection":[{"href":"https:\/\/www.gsv.dk\/en\/wp-json\/wp\/v2\/pages"}],"about":[{"href":"https:\/\/www.gsv.dk\/en\/wp-json\/wp\/v2\/types\/page"}],"author":[{"embeddable":true,"href":"https:\/\/www.gsv.dk\/en\/wp-json\/wp\/v2\/users\/4423"}],"replies":[{"embeddable":true,"href":"https:\/\/www.gsv.dk\/en\/wp-json\/wp\/v2\/comments?post=3269757"}],"version-history":[{"count":3,"href":"https:\/\/www.gsv.dk\/en\/wp-json\/wp\/v2\/pages\/3269757\/revisions"}],"predecessor-version":[{"id":3269802,"href":"https:\/\/www.gsv.dk\/en\/wp-json\/wp\/v2\/pages\/3269757\/revisions\/3269802"}],"wp:attachment":[{"href":"https:\/\/www.gsv.dk\/en\/wp-json\/wp\/v2\/media?parent=3269757"}],"curies":[{"name":"wp","href":"https:\/\/api.w.org\/{rel}","templated":true}]}}