{"id":3269721,"date":"2026-02-12T07:23:38","date_gmt":"2026-02-12T07:23:38","guid":{"rendered":"https:\/\/www.gsv.dk\/?page_id=3269721"},"modified":"2026-02-12T07:23:39","modified_gmt":"2026-02-12T07:23:39","slug":"gsv-faar-endnu-en-iso-certificering-i-arbejdsmiljoe","status":"publish","type":"page","link":"https:\/\/www.gsv.dk\/en\/gsv-faar-endnu-en-iso-certificering-i-arbejdsmiljoe\/","title":{"rendered":"GSV f\u00e5r endnu en ISO-certificering i arbejdsmilj\u00f8"},"content":{"rendered":"<div\n  class=\"block acf-block acf-block--hero\"\n   id=\"acf-hero-1\"  \n>\n        <div class=\"hero\">\n                                            <div class=\"hero__image\">\n    <div class=\"hero__image-overlay\" style=\"background-color: rgba(0, 0, 0, 0.33)\"><\/div>\n    \n            <picture>\n                <source srcset=\"https:\/\/gsv-imgix.imgix.net\/wordpress-prod\/ISO-45001.png?fit=clip&#038;fm=png&#038;h=550&#038;ixlib=php-3.3.1&#038;w=1440&#038;wpsize=wide_desktop\" media=\"(min-width: 1200px)\"><source srcset=\"https:\/\/gsv-imgix.imgix.net\/wordpress-prod\/ISO-45001.png?fit=clip&#038;fm=png&#038;h=550&#038;ixlib=php-3.3.1&#038;w=1200&#038;wpsize=wide_tablet_landscape\" media=\"(min-width: 900px)\"><source srcset=\"https:\/\/gsv-imgix.imgix.net\/wordpress-prod\/ISO-45001.png?fit=clip&#038;fm=png&#038;h=400&#038;ixlib=php-3.3.1&#038;w=900&#038;wpsize=wide_tablet_portrait\" media=\"(min-width: 600px)\"><source srcset=\"https:\/\/gsv-imgix.imgix.net\/wordpress-prod\/ISO-45001.png?fit=clip&#038;fm=png&#038;h=350&#038;ixlib=php-3.3.1&#038;w=600&#038;wpsize=wide_large_phone\" media=\"(min-width: 414px)\">\n                <img loading=\"lazy\" decoding=\"async\" src=\"https:\/\/gsv-imgix.imgix.net\/wordpress-prod\/ISO-45001.png?fit=clip&#038;fm=png&#038;h=250&#038;ixlib=php-3.3.1&#038;w=414&#038;wpsize=wide_phone\" alt=\"\" title=\"ISO 45001\" width=\"414\" height=\"250\" \/>\n            <\/picture>\n<\/div>\n\n\n    <div class=\"hero__content\">\n                    <h1 class=\"hero__title\">\n                GSV f\u00e5r endnu en ISO-certificering i arbejdsmilj\u00f8\n            <\/h1>\n        \n        \n            <\/div>\n                    <\/div>\n    \n    \n      <\/div>\n<div\n  class=\"block acf-block acf-block--text-block\"\n   id=\"acf-text-block-2\"  \n>\n        <div class=\"text-block\">\n    \n    <div class=\"inner inner--small\">\n        \n                    <h2 class=\"l-title\" data-reveal=\"reveal\">For GSV er det ikke l\u00e6ngere nok blot at have &quot;orden i penalhuset&quot;<\/h2>\n        \n                    <div class=\"text-block__body\" data-reveal=\"reveal\">\n                <p>Med den nye ISO 45001-certificering, som er den internationale standard for arbejdsmilj\u00f8ledelse, har virksomheden nu f\u00e5et et officielt stempel p\u00e5, at deres processer omkring sikkerhed og arbejdsmilj\u00f8 lever op til de strenge krav. Det har v\u00e6ret en mange\u00e5rig indsats, som nu resulterer i, at GSV nu officielt er certificeret inden for b\u00e5de <strong>milj\u00f8 (ISO 14001)<\/strong>, <strong>kvalitet (9001)<\/strong> og nu senest <strong>arbejdsmilj\u00f8 (ISO 45001)<\/strong>.<\/p>\n<p><strong>En mission drevet af kultur og DNA<br \/>\n<\/strong>Hvor certificeringer ofte starter som et eksternt krav til leverand\u00f8rer, er arbejdet med at opn\u00e5 certificeringer hos GSV startet for \u00e5r tilbage, som en naturlig del af virksomhedens mantra \u201dMennesker f\u00f8r maskiner\u201d.<\/p>\n<p>&#8220;Vi har nu f\u00e5et et officielt stempel p\u00e5 det, vi g\u00f8r hver dag. For os ligger denne certificering i direkte forl\u00e6ngelse af vores mantra om &#8216;mennesker f\u00f8r maskiner&#8217;. Det er en del af vores DNA, at vi passer p\u00e5 hinanden, uanset om det g\u00e6lder den fysiske sikkerhed p\u00e5 pladsen eller det psykiske beredskab og stressforebyggelse,&#8221; siger Kenny Bjerre, chef for sikkerhed, milj\u00f8 og kvalitet hos GSV.<\/p>\n<p>Han understreger, at certificeringen sikrer en systematisk hverdag: &#8220;Vi m\u00e5ler l\u00f8bende p\u00e5 ulykker og foretager interne stikpr\u00f8ver for at sikre, at procedurerne bliver fulgt. Det handler om at skabe tryghed for vores medarbejdere og dokumentere over for vores omverden, at vi tager ansvaret ekstremt seri\u00f8st&#8221;.<\/p>\n<p><strong>Auditor: En helt unik indsats<br \/>\n<\/strong>Det er ikke kun internt, at indsatsen v\u00e6kker opsigt. Dennis Dahlin Hansen, ekstern lead auditor hos Force Certification, har fulgt GSV\u2019s proces og er imponeret over den dybde, arbejdsmilj\u00f8et er implementeret med:<\/p>\n<p>\u201d&#8217;Mennesker f\u00f8r maskiner&#8217; er ikke bare et slogan. GSV har igennem deres indsats skabt et arbejdsmilj\u00f8-DNA, der har sat sit positive aftryk gennem hele organisationen. Det er et unikt DNA, der med stort engagement og st\u00e6rke processer ses fastholdt rettidigt og med grundighed,\u201d udtaler Dennis D.Hansen.<\/p>\n<p><strong>Sikkerhed som konkurrenceparameter<\/strong><br \/>\nMed en samlet portef\u00f8lje af certificeringer inden for arbejdsmilj\u00f8, milj\u00f8 og kvalitet st\u00e5r GSV st\u00e6rkt. I en branche med mange risici er ansvarlighed ikke l\u00e6ngere et valg &#8211; det er if\u00f8lge CEO i GSV, Frank Olesen, en foruds\u00e6tning for at blive valgt til de st\u00f8rste projekter.<\/p>\n<p>\u201cVi oplever helt tydeligt, at de st\u00f8rste bygherrer og entrepren\u00f8rer stiller langt h\u00f8jere krav i dag. Det er ikke l\u00e6ngere nok at sige, at man har styr p\u00e5 sikkerhed, kvalitet og milj\u00f8 &#8211; man skal kunne dokumentere det og det bakker vi naturligvis op om,\u201d siger han og forts\u00e6tter:<\/p>\n<p>\u201cFor os er certificeringerne blevet et vigtigt konkurrenceparameter. At vi nu er certificeret p\u00e5 tv\u00e6rs af b\u00e5de milj\u00f8, kvalitet og arbejdsmilj\u00f8 viser, at vi tager ansvar hele vejen rundt. Sikkerhed, ordentlige processer i hverdagen og et godt arbejdsmilj\u00f8 for vores medarbejdere har h\u00f8jeste prioritet, og certificeringerne giver vores kunder tryghed for, at kvalitet, milj\u00f8 og sikkerhed er t\u00e6nkt ind i alle aspekter af vores forretning.\u201d<\/p>\n<p><strong>Pressekontakt:<\/strong> Anne Cecilie Lysbo Mail: <a href=\"mailto:acl@gsv.dk\">acl@gsv.dk<\/a> \/ Tlf: +45 25225000<\/p>\n\n            <\/div>\n            <\/div>\n<\/div>\n\n      <\/div>\n<div\n  class=\"block acf-block acf-block--text-block\"\n   id=\"acf-text-block-3\"  \n>\n        <div class=\"text-block text-block--light-grey has-background\">\n            <div class=\"bgw background--light-grey\" data-reveal=\"bgw\"><\/div>\n    \n    <div class=\"inner inner--small\">\n        \n                    <h2 class=\"l-title\" data-reveal=\"reveal\">About GSV<\/h2>\n        \n                    <div class=\"text-block__body\" data-reveal=\"reveal\">\n                <p>GSV er Danmarks f\u00f8rende materieludlejer med materiel til alle bygge- og anl\u00e6gsopgaver. Uanset om det drejer sig om sm\u00e5t h\u00e5ndv\u00e6rkt\u00f8j til en mindre byggeopgave eller de helt store maskiner, der skal i brug, n\u00e5r Danmarks motorveje, broer og metroer anl\u00e6gges. Vi har afdelinger i hele landet og leverer lige til d\u00f8ren eller byggepladsen.<\/p>\n<p>GSV er en innovativ samarbejdspartner og vi vil gerne v\u00e6re med til at tage ansvar for Danmarks fremtid. Hos GSV s\u00f8ger vi henimod at blive mere b\u00e6redygtige, digitaliseret og vigtigst af alt, har vi altid fokus p\u00e5 mennesker.<\/p>\n<p>L\u00e6s mere om at arbejde hos os <a href=\"https:\/\/www.gsv.dk\/job-i-gsv-2\/gsv-som-arbejdsplads\/\">her<\/a>.<\/p>\n\n            <\/div>\n            <\/div>\n<\/div>\n\n      <\/div>","protected":false},"excerpt":{"rendered":"","protected":false},"author":1053,"featured_media":0,"parent":0,"menu_order":9,"comment_status":"closed","ping_status":"closed","template":"","meta":{"_acf_changed":false,"footnotes":""},"class_list":["post-3269721","page","type-page","status-publish","hentry"],"acf":[],"yoast_head":"<!-- This site is optimized with the Yoast SEO plugin v25.9 - https:\/\/yoast.com\/wordpress\/plugins\/seo\/ -->\n<title>GSV f\u00e5r endnu en ISO-certificering i arbejdsmilj\u00f8 | GSV<\/title>\n<meta name=\"robots\" content=\"index, follow, max-snippet:-1, max-image-preview:large, max-video-preview:-1\" \/>\n<link rel=\"canonical\" href=\"https:\/\/www.gsv.dk\/en\/gsv-faar-endnu-en-iso-certificering-i-arbejdsmiljoe\/\" \/>\n<meta property=\"og:locale\" content=\"en_GB\" \/>\n<meta property=\"og:type\" content=\"article\" \/>\n<meta property=\"og:title\" content=\"GSV f\u00e5r endnu en ISO-certificering i arbejdsmilj\u00f8 | GSV\" \/>\n<meta property=\"og:url\" content=\"https:\/\/www.gsv.dk\/en\/gsv-faar-endnu-en-iso-certificering-i-arbejdsmiljoe\/\" \/>\n<meta property=\"og:site_name\" content=\"GSV\" \/>\n<meta property=\"article:publisher\" content=\"https:\/\/www.facebook.com\/gsvmaterieludlejning\/\" \/>\n<meta property=\"article:modified_time\" content=\"2026-02-12T07:23:39+00:00\" \/>\n<meta property=\"og:image\" content=\"https:\/\/www.gsv.dk\/content\/uploads\/2020\/01\/logo-300x134.png\" \/>\n\t<meta property=\"og:image:width\" content=\"300\" \/>\n\t<meta property=\"og:image:height\" content=\"134\" \/>\n\t<meta property=\"og:image:type\" content=\"image\/png\" \/>\n<meta name=\"twitter:card\" content=\"summary_large_image\" \/>\n<meta name=\"twitter:site\" content=\"@GsvMateriel\" \/>\n<script type=\"application\/ld+json\" class=\"yoast-schema-graph\">{\"@context\":\"https:\/\/schema.org\",\"@graph\":[{\"@type\":\"WebPage\",\"@id\":\"https:\/\/www.gsv.dk\/gsv-faar-endnu-en-iso-certificering-i-arbejdsmiljoe\/\",\"url\":\"https:\/\/www.gsv.dk\/gsv-faar-endnu-en-iso-certificering-i-arbejdsmiljoe\/\",\"name\":\"GSV f\u00e5r endnu en ISO-certificering i arbejdsmilj\u00f8 | GSV\",\"isPartOf\":{\"@id\":\"https:\/\/www.gsv.dk\/#website\"},\"datePublished\":\"2026-02-12T07:23:38+00:00\",\"dateModified\":\"2026-02-12T07:23:39+00:00\",\"breadcrumb\":{\"@id\":\"https:\/\/www.gsv.dk\/gsv-faar-endnu-en-iso-certificering-i-arbejdsmiljoe\/#breadcrumb\"},\"inLanguage\":\"en-GB\",\"potentialAction\":[{\"@type\":\"ReadAction\",\"target\":[\"https:\/\/www.gsv.dk\/gsv-faar-endnu-en-iso-certificering-i-arbejdsmiljoe\/\"]}]},{\"@type\":\"BreadcrumbList\",\"@id\":\"https:\/\/www.gsv.dk\/gsv-faar-endnu-en-iso-certificering-i-arbejdsmiljoe\/#breadcrumb\",\"itemListElement\":[{\"@type\":\"ListItem\",\"position\":1,\"name\":\"Home\",\"item\":\"https:\/\/www.gsv.dk\/\"},{\"@type\":\"ListItem\",\"position\":2,\"name\":\"GSV f\u00e5r endnu en ISO-certificering i arbejdsmilj\u00f8\"}]},{\"@type\":\"WebSite\",\"@id\":\"https:\/\/www.gsv.dk\/#website\",\"url\":\"https:\/\/www.gsv.dk\/\",\"name\":\"GSV\",\"description\":\"GSV materieludlejning\",\"publisher\":{\"@id\":\"https:\/\/www.gsv.dk\/#organization\"},\"potentialAction\":[{\"@type\":\"SearchAction\",\"target\":{\"@type\":\"EntryPoint\",\"urlTemplate\":\"https:\/\/www.gsv.dk\/?s={search_term_string}\"},\"query-input\":{\"@type\":\"PropertyValueSpecification\",\"valueRequired\":true,\"valueName\":\"search_term_string\"}}],\"inLanguage\":\"en-GB\"},{\"@type\":\"Organization\",\"@id\":\"https:\/\/www.gsv.dk\/#organization\",\"name\":\"GSV Materieludlejning\",\"url\":\"https:\/\/www.gsv.dk\/\",\"logo\":{\"@type\":\"ImageObject\",\"inLanguage\":\"en-GB\",\"@id\":\"https:\/\/www.gsv.dk\/#\/schema\/logo\/image\/\",\"url\":\"https:\/\/www.gsv.dk\/content\/uploads\/2020\/01\/logo-300x134.png\",\"contentUrl\":\"https:\/\/www.gsv.dk\/content\/uploads\/2020\/01\/logo-300x134.png\",\"width\":300,\"height\":134,\"caption\":\"GSV Materieludlejning\"},\"image\":{\"@id\":\"https:\/\/www.gsv.dk\/#\/schema\/logo\/image\/\"},\"sameAs\":[\"https:\/\/www.facebook.com\/gsvmaterieludlejning\/\",\"https:\/\/x.com\/GsvMateriel\",\"https:\/\/www.instagram.com\/gsv_materieludlejning\/\",\"https:\/\/www.linkedin.com\/company\/gsv-materieludlejning-a-s\",\"https:\/\/www.youtube.com\/channel\/UCDWOSIoGkwn6bPG7-Kgxqkw\"]}]}<\/script>\n<!-- \/ Yoast SEO plugin. -->","yoast_head_json":{"title":"GSV f\u00e5r endnu en ISO-certificering i arbejdsmilj\u00f8 | GSV","robots":{"index":"index","follow":"follow","max-snippet":"max-snippet:-1","max-image-preview":"max-image-preview:large","max-video-preview":"max-video-preview:-1"},"canonical":"https:\/\/www.gsv.dk\/en\/gsv-faar-endnu-en-iso-certificering-i-arbejdsmiljoe\/","og_locale":"en_GB","og_type":"article","og_title":"GSV f\u00e5r endnu en ISO-certificering i arbejdsmilj\u00f8 | GSV","og_url":"https:\/\/www.gsv.dk\/en\/gsv-faar-endnu-en-iso-certificering-i-arbejdsmiljoe\/","og_site_name":"GSV","article_publisher":"https:\/\/www.facebook.com\/gsvmaterieludlejning\/","article_modified_time":"2026-02-12T07:23:39+00:00","og_image":[{"width":300,"height":134,"url":"https:\/\/www.gsv.dk\/content\/uploads\/2020\/01\/logo-300x134.png","type":"image\/png"}],"twitter_card":"summary_large_image","twitter_site":"@GsvMateriel","schema":{"@context":"https:\/\/schema.org","@graph":[{"@type":"WebPage","@id":"https:\/\/www.gsv.dk\/gsv-faar-endnu-en-iso-certificering-i-arbejdsmiljoe\/","url":"https:\/\/www.gsv.dk\/gsv-faar-endnu-en-iso-certificering-i-arbejdsmiljoe\/","name":"GSV f\u00e5r endnu en ISO-certificering i arbejdsmilj\u00f8 | GSV","isPartOf":{"@id":"https:\/\/www.gsv.dk\/#website"},"datePublished":"2026-02-12T07:23:38+00:00","dateModified":"2026-02-12T07:23:39+00:00","breadcrumb":{"@id":"https:\/\/www.gsv.dk\/gsv-faar-endnu-en-iso-certificering-i-arbejdsmiljoe\/#breadcrumb"},"inLanguage":"en-GB","potentialAction":[{"@type":"ReadAction","target":["https:\/\/www.gsv.dk\/gsv-faar-endnu-en-iso-certificering-i-arbejdsmiljoe\/"]}]},{"@type":"BreadcrumbList","@id":"https:\/\/www.gsv.dk\/gsv-faar-endnu-en-iso-certificering-i-arbejdsmiljoe\/#breadcrumb","itemListElement":[{"@type":"ListItem","position":1,"name":"Home","item":"https:\/\/www.gsv.dk\/"},{"@type":"ListItem","position":2,"name":"GSV f\u00e5r endnu en ISO-certificering i arbejdsmilj\u00f8"}]},{"@type":"WebSite","@id":"https:\/\/www.gsv.dk\/#website","url":"https:\/\/www.gsv.dk\/","name":"GSV","description":"GSV materieludlejning","publisher":{"@id":"https:\/\/www.gsv.dk\/#organization"},"potentialAction":[{"@type":"SearchAction","target":{"@type":"EntryPoint","urlTemplate":"https:\/\/www.gsv.dk\/?s={search_term_string}"},"query-input":{"@type":"PropertyValueSpecification","valueRequired":true,"valueName":"search_term_string"}}],"inLanguage":"en-GB"},{"@type":"Organization","@id":"https:\/\/www.gsv.dk\/#organization","name":"GSV Materieludlejning","url":"https:\/\/www.gsv.dk\/","logo":{"@type":"ImageObject","inLanguage":"en-GB","@id":"https:\/\/www.gsv.dk\/#\/schema\/logo\/image\/","url":"https:\/\/www.gsv.dk\/content\/uploads\/2020\/01\/logo-300x134.png","contentUrl":"https:\/\/www.gsv.dk\/content\/uploads\/2020\/01\/logo-300x134.png","width":300,"height":134,"caption":"GSV Materieludlejning"},"image":{"@id":"https:\/\/www.gsv.dk\/#\/schema\/logo\/image\/"},"sameAs":["https:\/\/www.facebook.com\/gsvmaterieludlejning\/","https:\/\/x.com\/GsvMateriel","https:\/\/www.instagram.com\/gsv_materieludlejning\/","https:\/\/www.linkedin.com\/company\/gsv-materieludlejning-a-s","https:\/\/www.youtube.com\/channel\/UCDWOSIoGkwn6bPG7-Kgxqkw"]}]}},"_links":{"self":[{"href":"https:\/\/www.gsv.dk\/en\/wp-json\/wp\/v2\/pages\/3269721","targetHints":{"allow":["GET"]}}],"collection":[{"href":"https:\/\/www.gsv.dk\/en\/wp-json\/wp\/v2\/pages"}],"about":[{"href":"https:\/\/www.gsv.dk\/en\/wp-json\/wp\/v2\/types\/page"}],"author":[{"embeddable":true,"href":"https:\/\/www.gsv.dk\/en\/wp-json\/wp\/v2\/users\/1053"}],"replies":[{"embeddable":true,"href":"https:\/\/www.gsv.dk\/en\/wp-json\/wp\/v2\/comments?post=3269721"}],"version-history":[{"count":1,"href":"https:\/\/www.gsv.dk\/en\/wp-json\/wp\/v2\/pages\/3269721\/revisions"}],"predecessor-version":[{"id":3269723,"href":"https:\/\/www.gsv.dk\/en\/wp-json\/wp\/v2\/pages\/3269721\/revisions\/3269723"}],"wp:attachment":[{"href":"https:\/\/www.gsv.dk\/en\/wp-json\/wp\/v2\/media?parent=3269721"}],"curies":[{"name":"wp","href":"https:\/\/api.w.org\/{rel}","templated":true}]}}