{"id":3268951,"date":"2025-09-25T07:49:45","date_gmt":"2025-09-25T07:49:45","guid":{"rendered":"https:\/\/www.gsv.dk\/?page_id=3268951"},"modified":"2025-11-10T12:46:12","modified_gmt":"2025-11-10T12:46:12","slug":"mekaniker-til-greve","status":"publish","type":"page","link":"https:\/\/www.gsv.dk\/en\/mekaniker-til-greve\/","title":{"rendered":"Mekaniker til Greve"},"content":{"rendered":"<div\n  class=\"block acf-block acf-block--hero\"\n   id=\"acf-hero-1\"  \n>\n        <div class=\"hero\">\n                                            <div class=\"hero__image\">\n    <div class=\"hero__image-overlay\" style=\"background-color: rgba(0, 0, 0, 0.33)\"><\/div>\n    \n            <picture>\n                <source srcset=\"https:\/\/gsv-imgix.imgix.net\/wordpress-prod\/Carsten.jpg?fit=clip&#038;fm=pjpg&#038;h=550&#038;ixlib=php-3.3.1&#038;w=1440&#038;wpsize=wide_desktop\" media=\"(min-width: 1200px)\"><source srcset=\"https:\/\/gsv-imgix.imgix.net\/wordpress-prod\/Carsten.jpg?fit=clip&#038;fm=pjpg&#038;h=550&#038;ixlib=php-3.3.1&#038;w=1200&#038;wpsize=wide_tablet_landscape\" media=\"(min-width: 900px)\"><source srcset=\"https:\/\/gsv-imgix.imgix.net\/wordpress-prod\/Carsten.jpg?fit=clip&#038;fm=pjpg&#038;h=400&#038;ixlib=php-3.3.1&#038;w=900&#038;wpsize=wide_tablet_portrait\" media=\"(min-width: 600px)\"><source srcset=\"https:\/\/gsv-imgix.imgix.net\/wordpress-prod\/Carsten.jpg?fit=clip&#038;fm=pjpg&#038;h=350&#038;ixlib=php-3.3.1&#038;w=600&#038;wpsize=wide_large_phone\" media=\"(min-width: 414px)\">\n                <img loading=\"lazy\" decoding=\"async\" src=\"https:\/\/gsv-imgix.imgix.net\/wordpress-prod\/Carsten.jpg?fit=clip&#038;fm=pjpg&#038;h=250&#038;ixlib=php-3.3.1&#038;w=414&#038;wpsize=wide_phone\" alt=\"\" title=\"Carsten\" width=\"414\" height=\"250\" \/>\n            <\/picture>\n<\/div>\n\n\n    <div class=\"hero__content\">\n                    <h1 class=\"hero__title\">\n                Mekaniker til Greve\n            <\/h1>\n        \n        \n            <\/div>\n                    <\/div>\n    \n    \n      <\/div>\n<div\n  class=\"block acf-block acf-block--text-block\"\n   id=\"acf-text-block-2\"  \n>\n        <div class=\"text-block\">\n    \n    <div class=\"inner inner--small\">\n        \n                    <h2 class=\"l-title\" data-reveal=\"reveal\">Bliv en del af GSV<\/h2>\n        \n                    <div class=\"text-block__body\" data-reveal=\"reveal\">\n                <p>Vi har mange forskellige maskiner igennem vores v\u00e6rksted hver dag, alt fra h\u00e5ndv\u00e6rkt\u00f8j og lifte til<br \/>\nde helt store gravemaskiner, og der kommer hele tiden nye maskiner til. Det sikrer en stor alsidighed<br \/>\ni opgaverne.<\/p>\n<p><strong>Fejlfinding, reparationer og \u00e5rskontrol<\/strong><\/p>\n<p>N\u00e5r materiel kommer ind efter at have v\u00e6ret lejet ud, er du den, der s\u00f8rger for, at vores materiel bliver servicet, f\u00e5r lavet \u00e5rskontrol og evt. reparationer s\u00e5 de er i perfekt stand til n\u00e6ste udlejning.<\/p>\n<p>Det betyder, at du:<\/p>\n<ul>\n<li>Udf\u00f8rer \u00e5rskontrol<\/li>\n<li>Fejlfinder og reparerer<\/li>\n<li>Unders\u00f8ger hvilke reservedele der skal bruges og bestiller dem hos vores reservedelsassistenter<\/li>\n<li>Klarmelder maskiner<\/li>\n<\/ul>\n<p><strong>M\u00e5 vi byde dig indenfor p\u00e5 vores v\u00e6rksted?<br \/>\n<\/strong>Vi leder efter en kollega, der har sans for service og kvalitet. Vi \u00f8nsker en kollega, som har:<\/p>\n<ul>\n<li>Som er uddannet Entrepren\u00f8rmekaniker, Liftmekaniker eller Landbrugsmaskinmekaniker<\/li>\n<li>Gyldigt k\u00f8rekort<\/li>\n<li>Serviceminded, samarbejdsorienteret og kommunikerende<\/li>\n<li>Vi s\u00f8rger for, at du bliver kl\u00e6dt p\u00e5 til de opgaver du skal l\u00f8se med relevant opl\u00e6ring og kurser<\/li>\n<\/ul>\n\n            <\/div>\n            <\/div>\n<\/div>\n\n      <\/div>\n<div\n  class=\"block acf-block acf-block--text-block\"\n   id=\"acf-text-block-3\"  \n>\n        <div class=\"text-block text-block--light-grey has-background\">\n            <div class=\"bgw background--light-grey\" data-reveal=\"bgw\"><\/div>\n    \n    <div class=\"inner inner--small\">\n        \n                    <h2 class=\"l-title\" data-reveal=\"reveal\">Vi ser frem til at h\u00f8re fra dig!<\/h2>\n        \n                    <div class=\"text-block__body\" data-reveal=\"reveal\">\n                <p><strong>Vi ser frem til at h\u00f8re fra dig<\/strong><\/p>\n<p>Synes du, at det lyder sp\u00e6ndende? S\u00e5 ring og snak med V\u00e6rkstedschef, Jonas Johnsen p\u00e5 tlf. 2488 1365<\/p>\n\n            <\/div>\n            <\/div>\n<\/div>\n\n      <\/div>\n<div\n  class=\"block acf-block acf-block--button\"\n   id=\"acf-button-4\"  \n>\n      <div class=\"inner inner--small\">\n            <div data-reveal=\"reveal\">\n        <a\n                        class=\"btn btn--primary-green\"\n                        title=\"S\u00f8g Stillingen\"\n                        aria-label=\"S\u00f8g Stillingen\"\n                        href=\"https:\/\/mkjobgsv.azurewebsites.net\/da-dk\/Application.aspx?VID=0275\"\n                        rel=\"noreferrer\"\n                        target=\"_blank\">\n                        <span>S\u00f8g Stillingen<\/span>\n                        <\/a>\n    <\/div>\n\n          <\/div>\n  <\/div>\n<div\n  class=\"block acf-block acf-block--text-block\"\n   id=\"acf-text-block-5\"  \n>\n        <div class=\"text-block text-block--light-grey has-background\">\n            <div class=\"bgw background--light-grey\" data-reveal=\"bgw\"><\/div>\n    \n    <div class=\"inner inner--small\">\n        \n                    <h2 class=\"l-title\" data-reveal=\"reveal\">About GSV<\/h2>\n        \n                    <div class=\"text-block__body\" data-reveal=\"reveal\">\n                <p>GSV er Danmarks f\u00f8rende materieludlejer med materiel til alle bygge- og anl\u00e6gsopgaver. Uanset om det drejer sig om sm\u00e5t h\u00e5ndv\u00e6rkt\u00f8j til en mindre byggeopgave eller de helt store maskiner, der skal i brug, n\u00e5r Danmarks motorveje, broer og metroer anl\u00e6gges. Vi har afdelinger i hele landet og leverer lige til d\u00f8ren eller byggepladsen.<\/p>\n<p>GSV er en innovativ samarbejdspartner og vi vil gerne v\u00e6re med til at tage ansvar for Danmarks fremtid. Hos GSV s\u00f8ger vi henimod at blive mere b\u00e6redygtige, digitaliseret og vigtigst af alt, har vi altid fokus p\u00e5 mennesker.<\/p>\n<p>L\u00e6s mere om at arbejde hos os <a href=\"https:\/\/www.gsv.dk\/job-i-gsv-2\/gsv-som-arbejdsplads\/\">her<\/a>.<\/p>\n\n            <\/div>\n            <\/div>\n<\/div>\n\n      <\/div>","protected":false},"excerpt":{"rendered":"","protected":false},"author":4423,"featured_media":0,"parent":0,"menu_order":9,"comment_status":"closed","ping_status":"closed","template":"","meta":{"_acf_changed":false,"footnotes":""},"class_list":["post-3268951","page","type-page","status-publish","hentry"],"acf":[],"yoast_head":"<!-- This site is optimized with the Yoast SEO plugin v25.9 - https:\/\/yoast.com\/wordpress\/plugins\/seo\/ -->\n<title>Mekaniker til Greve | GSV<\/title>\n<meta name=\"robots\" content=\"index, follow, max-snippet:-1, max-image-preview:large, max-video-preview:-1\" \/>\n<link rel=\"canonical\" href=\"https:\/\/www.gsv.dk\/en\/mekaniker-til-greve\/\" \/>\n<meta property=\"og:locale\" content=\"en_GB\" \/>\n<meta property=\"og:type\" content=\"article\" \/>\n<meta property=\"og:title\" content=\"Mekaniker til Greve | GSV\" \/>\n<meta property=\"og:url\" content=\"https:\/\/www.gsv.dk\/en\/mekaniker-til-greve\/\" \/>\n<meta property=\"og:site_name\" content=\"GSV\" \/>\n<meta property=\"article:publisher\" content=\"https:\/\/www.facebook.com\/gsvmaterieludlejning\/\" \/>\n<meta property=\"article:modified_time\" content=\"2025-11-10T12:46:12+00:00\" \/>\n<meta property=\"og:image\" content=\"https:\/\/www.gsv.dk\/content\/uploads\/2020\/01\/logo-300x134.png\" \/>\n\t<meta property=\"og:image:width\" content=\"300\" \/>\n\t<meta property=\"og:image:height\" content=\"134\" \/>\n\t<meta property=\"og:image:type\" content=\"image\/png\" \/>\n<meta name=\"twitter:card\" content=\"summary_large_image\" \/>\n<meta name=\"twitter:site\" content=\"@GsvMateriel\" \/>\n<script type=\"application\/ld+json\" class=\"yoast-schema-graph\">{\"@context\":\"https:\/\/schema.org\",\"@graph\":[{\"@type\":\"WebPage\",\"@id\":\"https:\/\/www.gsv.dk\/mekaniker-til-greve\/\",\"url\":\"https:\/\/www.gsv.dk\/mekaniker-til-greve\/\",\"name\":\"Mekaniker til Greve | GSV\",\"isPartOf\":{\"@id\":\"https:\/\/www.gsv.dk\/#website\"},\"datePublished\":\"2025-09-25T07:49:45+00:00\",\"dateModified\":\"2025-11-10T12:46:12+00:00\",\"breadcrumb\":{\"@id\":\"https:\/\/www.gsv.dk\/mekaniker-til-greve\/#breadcrumb\"},\"inLanguage\":\"en-GB\",\"potentialAction\":[{\"@type\":\"ReadAction\",\"target\":[\"https:\/\/www.gsv.dk\/mekaniker-til-greve\/\"]}]},{\"@type\":\"BreadcrumbList\",\"@id\":\"https:\/\/www.gsv.dk\/mekaniker-til-greve\/#breadcrumb\",\"itemListElement\":[{\"@type\":\"ListItem\",\"position\":1,\"name\":\"Home\",\"item\":\"https:\/\/www.gsv.dk\/\"},{\"@type\":\"ListItem\",\"position\":2,\"name\":\"Mekaniker til Greve\"}]},{\"@type\":\"WebSite\",\"@id\":\"https:\/\/www.gsv.dk\/#website\",\"url\":\"https:\/\/www.gsv.dk\/\",\"name\":\"GSV\",\"description\":\"GSV materieludlejning\",\"publisher\":{\"@id\":\"https:\/\/www.gsv.dk\/#organization\"},\"potentialAction\":[{\"@type\":\"SearchAction\",\"target\":{\"@type\":\"EntryPoint\",\"urlTemplate\":\"https:\/\/www.gsv.dk\/?s={search_term_string}\"},\"query-input\":{\"@type\":\"PropertyValueSpecification\",\"valueRequired\":true,\"valueName\":\"search_term_string\"}}],\"inLanguage\":\"en-GB\"},{\"@type\":\"Organization\",\"@id\":\"https:\/\/www.gsv.dk\/#organization\",\"name\":\"GSV Materieludlejning\",\"url\":\"https:\/\/www.gsv.dk\/\",\"logo\":{\"@type\":\"ImageObject\",\"inLanguage\":\"en-GB\",\"@id\":\"https:\/\/www.gsv.dk\/#\/schema\/logo\/image\/\",\"url\":\"https:\/\/www.gsv.dk\/content\/uploads\/2020\/01\/logo-300x134.png\",\"contentUrl\":\"https:\/\/www.gsv.dk\/content\/uploads\/2020\/01\/logo-300x134.png\",\"width\":300,\"height\":134,\"caption\":\"GSV Materieludlejning\"},\"image\":{\"@id\":\"https:\/\/www.gsv.dk\/#\/schema\/logo\/image\/\"},\"sameAs\":[\"https:\/\/www.facebook.com\/gsvmaterieludlejning\/\",\"https:\/\/x.com\/GsvMateriel\",\"https:\/\/www.instagram.com\/gsv_materieludlejning\/\",\"https:\/\/www.linkedin.com\/company\/gsv-materieludlejning-a-s\",\"https:\/\/www.youtube.com\/channel\/UCDWOSIoGkwn6bPG7-Kgxqkw\"]}]}<\/script>\n<!-- \/ Yoast SEO plugin. -->","yoast_head_json":{"title":"Mekaniker til Greve | GSV","robots":{"index":"index","follow":"follow","max-snippet":"max-snippet:-1","max-image-preview":"max-image-preview:large","max-video-preview":"max-video-preview:-1"},"canonical":"https:\/\/www.gsv.dk\/en\/mekaniker-til-greve\/","og_locale":"en_GB","og_type":"article","og_title":"Mekaniker til Greve | GSV","og_url":"https:\/\/www.gsv.dk\/en\/mekaniker-til-greve\/","og_site_name":"GSV","article_publisher":"https:\/\/www.facebook.com\/gsvmaterieludlejning\/","article_modified_time":"2025-11-10T12:46:12+00:00","og_image":[{"width":300,"height":134,"url":"https:\/\/www.gsv.dk\/content\/uploads\/2020\/01\/logo-300x134.png","type":"image\/png"}],"twitter_card":"summary_large_image","twitter_site":"@GsvMateriel","schema":{"@context":"https:\/\/schema.org","@graph":[{"@type":"WebPage","@id":"https:\/\/www.gsv.dk\/mekaniker-til-greve\/","url":"https:\/\/www.gsv.dk\/mekaniker-til-greve\/","name":"Mekaniker til Greve | GSV","isPartOf":{"@id":"https:\/\/www.gsv.dk\/#website"},"datePublished":"2025-09-25T07:49:45+00:00","dateModified":"2025-11-10T12:46:12+00:00","breadcrumb":{"@id":"https:\/\/www.gsv.dk\/mekaniker-til-greve\/#breadcrumb"},"inLanguage":"en-GB","potentialAction":[{"@type":"ReadAction","target":["https:\/\/www.gsv.dk\/mekaniker-til-greve\/"]}]},{"@type":"BreadcrumbList","@id":"https:\/\/www.gsv.dk\/mekaniker-til-greve\/#breadcrumb","itemListElement":[{"@type":"ListItem","position":1,"name":"Home","item":"https:\/\/www.gsv.dk\/"},{"@type":"ListItem","position":2,"name":"Mekaniker til Greve"}]},{"@type":"WebSite","@id":"https:\/\/www.gsv.dk\/#website","url":"https:\/\/www.gsv.dk\/","name":"GSV","description":"GSV materieludlejning","publisher":{"@id":"https:\/\/www.gsv.dk\/#organization"},"potentialAction":[{"@type":"SearchAction","target":{"@type":"EntryPoint","urlTemplate":"https:\/\/www.gsv.dk\/?s={search_term_string}"},"query-input":{"@type":"PropertyValueSpecification","valueRequired":true,"valueName":"search_term_string"}}],"inLanguage":"en-GB"},{"@type":"Organization","@id":"https:\/\/www.gsv.dk\/#organization","name":"GSV Materieludlejning","url":"https:\/\/www.gsv.dk\/","logo":{"@type":"ImageObject","inLanguage":"en-GB","@id":"https:\/\/www.gsv.dk\/#\/schema\/logo\/image\/","url":"https:\/\/www.gsv.dk\/content\/uploads\/2020\/01\/logo-300x134.png","contentUrl":"https:\/\/www.gsv.dk\/content\/uploads\/2020\/01\/logo-300x134.png","width":300,"height":134,"caption":"GSV Materieludlejning"},"image":{"@id":"https:\/\/www.gsv.dk\/#\/schema\/logo\/image\/"},"sameAs":["https:\/\/www.facebook.com\/gsvmaterieludlejning\/","https:\/\/x.com\/GsvMateriel","https:\/\/www.instagram.com\/gsv_materieludlejning\/","https:\/\/www.linkedin.com\/company\/gsv-materieludlejning-a-s","https:\/\/www.youtube.com\/channel\/UCDWOSIoGkwn6bPG7-Kgxqkw"]}]}},"_links":{"self":[{"href":"https:\/\/www.gsv.dk\/en\/wp-json\/wp\/v2\/pages\/3268951","targetHints":{"allow":["GET"]}}],"collection":[{"href":"https:\/\/www.gsv.dk\/en\/wp-json\/wp\/v2\/pages"}],"about":[{"href":"https:\/\/www.gsv.dk\/en\/wp-json\/wp\/v2\/types\/page"}],"author":[{"embeddable":true,"href":"https:\/\/www.gsv.dk\/en\/wp-json\/wp\/v2\/users\/4423"}],"replies":[{"embeddable":true,"href":"https:\/\/www.gsv.dk\/en\/wp-json\/wp\/v2\/comments?post=3268951"}],"version-history":[{"count":3,"href":"https:\/\/www.gsv.dk\/en\/wp-json\/wp\/v2\/pages\/3268951\/revisions"}],"predecessor-version":[{"id":3269102,"href":"https:\/\/www.gsv.dk\/en\/wp-json\/wp\/v2\/pages\/3268951\/revisions\/3269102"}],"wp:attachment":[{"href":"https:\/\/www.gsv.dk\/en\/wp-json\/wp\/v2\/media?parent=3268951"}],"curies":[{"name":"wp","href":"https:\/\/api.w.org\/{rel}","templated":true}]}}