{"id":3268786,"date":"2025-08-08T10:07:15","date_gmt":"2025-08-08T10:07:15","guid":{"rendered":"https:\/\/www.gsv.dk\/?page_id=3268786"},"modified":"2025-08-08T10:07:16","modified_gmt":"2025-08-08T10:07:16","slug":"udlejningskonsulent-til-region-syd","status":"publish","type":"page","link":"https:\/\/www.gsv.dk\/en\/udlejningskonsulent-til-region-syd\/","title":{"rendered":"Udlejningskonsulent til Region Syd"},"content":{"rendered":"<div\n  class=\"block acf-block acf-block--hero\"\n   id=\"acf-hero-1\"  \n>\n        <div class=\"hero\">\n                                            <div class=\"hero__image\">\n    <div class=\"hero__image-overlay\" style=\"background-color: rgba(0, 0, 0, 0.33)\"><\/div>\n    \n            <picture>\n                <source srcset=\"https:\/\/www.gsv.dk\/content\/uploads\/2021\/04\/unavngivet-27.jpg\" media=\"(min-width: 1200px)\"><source srcset=\"https:\/\/www.gsv.dk\/content\/uploads\/2021\/04\/unavngivet-27-1200x550.jpg\" media=\"(min-width: 900px)\"><source srcset=\"https:\/\/www.gsv.dk\/content\/uploads\/2021\/04\/unavngivet-27-900x400.jpg\" media=\"(min-width: 600px)\"><source srcset=\"https:\/\/www.gsv.dk\/content\/uploads\/2021\/04\/unavngivet-27-600x350.jpg\" media=\"(min-width: 414px)\">\n                <img loading=\"lazy\" decoding=\"async\" src=\"https:\/\/www.gsv.dk\/content\/uploads\/2021\/04\/unavngivet-27-414x250.jpg\" alt=\"\" title=\"Unavngivet (27)\" width=\"414\" height=\"250\">\n            <\/picture>\n<\/div>\n\n\n    <div class=\"hero__content\">\n                    <h1 class=\"hero__title\">\n                Udlejningskonsulent til Aarhus\n            <\/h1>\n        \n        \n            <\/div>\n                    <\/div>\n    \n    \n      <\/div>\n<div\n  class=\"block acf-block acf-block--text-block\"\n   id=\"acf-text-block-2\"  \n>\n        <div class=\"text-block\">\n    \n    <div class=\"inner inner--small\">\n        \n                    <h2 class=\"l-title\" data-reveal=\"reveal\">Bliv en del af GSV<\/h2>\n        \n                    <div class=\"text-block__body\" data-reveal=\"reveal\">\n                <p><strong>Udlejningskonsulent, GSV Materieludlejning, Region Syd<\/strong><\/p>\n<p>Kan du se dig selv i en rolle, hvor du bliver en v\u00e6rdsat sparringspartner for vores kunder i en virksomhed, der str\u00e6ber efter at give den mest personlige service i branchen?<\/p>\n<p><strong>Professionel vejledning og personlig kundeservice<\/strong><\/p>\n<p>Din opgave er at sikre og vejlede til, at kunden f\u00e5r det rigtige materiel til opgaven uanset om det er h\u00e5ndv\u00e6rkt\u00f8j, entrepren\u00f8rmaskiner eller lifte kunden skal bruge.<\/p>\n<p>Det betyder, at du:<\/p>\n<ul>\n<li>Yder god personlig service til vores kunder, n\u00e5r de bestiller materiel i afdelingen, personligt, p\u00e5 telefon, via vores kundeapp eller vores hjemmeside<\/li>\n<li>Varetager administrative opgaver, bl.a. ordrebehandling, godkendelse af faktura, ops\u00f8gende salg, etc.<\/li>\n<li>Arbejder selvst\u00e6ndigt, struktureret og kan tr\u00e6ffe hurtige beslutninger<\/li>\n<\/ul>\n<p><strong>M\u00e5 vi byde dig indenfor til en helt s\u00e6rlig stilling?<br \/>\n<\/strong>Vi leder efter en kollega, der har sans for service og kvalitet. Vi \u00f8nsker en kollega, som har:<\/p>\n<ul>\n<li>Erfaring med at skabe gode kundeoplevelser for kunder og kollegaer<\/li>\n<li>Interesse og fornemmelse for det materiel, som vores kunder skal bruge<\/li>\n<li>God erfaring med diverse IT-systemer, gerne med erfaring med Business Central<\/li>\n<li>En serviceminded, samarbejdsorienteret og kommunikerende tilgang til opgaverne<\/li>\n<li>Gyldigt k\u00f8rekort<\/li>\n<\/ul>\n<p>Du skal forvente at jobbet varierer mellem vores afdelinger i Vejle, Kolding, R\u00f8dekro, Esbjerg og Odense i forbindelse med kurser, ferie eller andet frav\u00e6r. Resten af tiden vil din base vil v\u00e6re i vores afdeling Vejle eller Kolding. I jobbet indg\u00e5r firmabil som man bliver beskattet af.<\/p>\n\n            <\/div>\n            <\/div>\n<\/div>\n\n      <\/div>\n<div\n  class=\"block acf-block acf-block--text-block\"\n   id=\"acf-text-block-3\"  \n>\n        <div class=\"text-block text-block--light-grey has-background\">\n            <div class=\"bgw background--light-grey\" data-reveal=\"bgw\"><\/div>\n    \n    <div class=\"inner inner--small\">\n        \n                    <h2 class=\"l-title\" data-reveal=\"reveal\">Vi ser frem til at h\u00f8re fra dig!<\/h2>\n        \n                    <div class=\"text-block__body\" data-reveal=\"reveal\">\n                <p><strong>Interesseret?<\/strong><\/p>\n<p>Synes du, at det lyder sp\u00e6ndende? Hvis du har sp\u00f8rgsm\u00e5l til stillingen, s\u00e5 ring til Regionschef, Syd, Morten Christiansen p\u00e5 tlf. 2118 9652.<\/p>\n\n            <\/div>\n            <\/div>\n<\/div>\n\n      <\/div>\n<div\n  class=\"block acf-block acf-block--button\"\n   id=\"acf-button-4\"  \n>\n      <div class=\"inner inner--small\">\n            <div data-reveal=\"reveal\">\n        <a\n                        class=\"btn btn--primary-green\"\n                        title=\"S\u00f8g Stillingen\"\n                        aria-label=\"S\u00f8g Stillingen\"\n                        href=\"https:\/\/mkjobgsv.azurewebsites.net\/da-dk\/Application.aspx?VID=0266\"\n                        rel=\"noreferrer\"\n                        target=\"_blank\">\n                        <span>S\u00f8g Stillingen<\/span>\n                        <\/a>\n    <\/div>\n\n          <\/div>\n  <\/div>\n<div\n  class=\"block acf-block acf-block--text-block\"\n   id=\"acf-text-block-5\"  \n>\n        <div class=\"text-block text-block--light-grey has-background\">\n            <div class=\"bgw background--light-grey\" data-reveal=\"bgw\"><\/div>\n    \n    <div class=\"inner inner--small\">\n        \n                    <h2 class=\"l-title\" data-reveal=\"reveal\">About GSV<\/h2>\n        \n                    <div class=\"text-block__body\" data-reveal=\"reveal\">\n                <p>GSV er Danmarks f\u00f8rende materieludlejer med materiel til alle bygge- og anl\u00e6gsopgaver. Uanset om det drejer sig om sm\u00e5t h\u00e5ndv\u00e6rkt\u00f8j til en mindre byggeopgave eller de helt store maskiner, der skal i brug, n\u00e5r Danmarks motorveje, broer og metroer anl\u00e6gges. Vi har afdelinger i hele landet og leverer lige til d\u00f8ren eller byggepladsen.<\/p>\n<p>GSV er en innovativ samarbejdspartner og vi vil gerne v\u00e6re med til at tage ansvar for Danmarks fremtid. Hos GSV s\u00f8ger vi henimod at blive mere b\u00e6redygtige, digitaliseret og vigtigst af alt, har vi altid fokus p\u00e5 mennesker.<\/p>\n<p>L\u00e6s mere om at arbejde hos os <a href=\"https:\/\/www.gsv.dk\/job-i-gsv-2\/gsv-som-arbejdsplads\/\">her<\/a>.<\/p>\n\n            <\/div>\n            <\/div>\n<\/div>\n\n      <\/div>","protected":false},"excerpt":{"rendered":"","protected":false},"author":4423,"featured_media":0,"parent":0,"menu_order":9,"comment_status":"closed","ping_status":"closed","template":"","meta":{"_acf_changed":false,"footnotes":""},"class_list":["post-3268786","page","type-page","status-publish","hentry"],"acf":[],"yoast_head":"<!-- This site is optimized with the Yoast SEO plugin v25.9 - https:\/\/yoast.com\/wordpress\/plugins\/seo\/ -->\n<title>Udlejningskonsulent til Region Syd | GSV<\/title>\n<meta name=\"robots\" content=\"index, follow, max-snippet:-1, max-image-preview:large, max-video-preview:-1\" \/>\n<link rel=\"canonical\" href=\"https:\/\/www.gsv.dk\/en\/udlejningskonsulent-til-region-syd\/\" \/>\n<meta property=\"og:locale\" content=\"en_GB\" \/>\n<meta property=\"og:type\" content=\"article\" \/>\n<meta property=\"og:title\" content=\"Udlejningskonsulent til Region Syd | GSV\" \/>\n<meta property=\"og:url\" content=\"https:\/\/www.gsv.dk\/en\/udlejningskonsulent-til-region-syd\/\" \/>\n<meta property=\"og:site_name\" content=\"GSV\" \/>\n<meta property=\"article:publisher\" content=\"https:\/\/www.facebook.com\/gsvmaterieludlejning\/\" \/>\n<meta property=\"article:modified_time\" content=\"2025-08-08T10:07:16+00:00\" \/>\n<meta property=\"og:image\" content=\"https:\/\/www.gsv.dk\/content\/uploads\/2020\/01\/logo-300x134.png\" \/>\n\t<meta property=\"og:image:width\" content=\"300\" \/>\n\t<meta property=\"og:image:height\" content=\"134\" \/>\n\t<meta property=\"og:image:type\" content=\"image\/png\" \/>\n<meta name=\"twitter:card\" content=\"summary_large_image\" \/>\n<meta name=\"twitter:site\" content=\"@GsvMateriel\" \/>\n<script type=\"application\/ld+json\" class=\"yoast-schema-graph\">{\"@context\":\"https:\/\/schema.org\",\"@graph\":[{\"@type\":\"WebPage\",\"@id\":\"https:\/\/www.gsv.dk\/udlejningskonsulent-til-region-syd\/\",\"url\":\"https:\/\/www.gsv.dk\/udlejningskonsulent-til-region-syd\/\",\"name\":\"Udlejningskonsulent til Region Syd | GSV\",\"isPartOf\":{\"@id\":\"https:\/\/www.gsv.dk\/#website\"},\"datePublished\":\"2025-08-08T10:07:15+00:00\",\"dateModified\":\"2025-08-08T10:07:16+00:00\",\"breadcrumb\":{\"@id\":\"https:\/\/www.gsv.dk\/udlejningskonsulent-til-region-syd\/#breadcrumb\"},\"inLanguage\":\"en-GB\",\"potentialAction\":[{\"@type\":\"ReadAction\",\"target\":[\"https:\/\/www.gsv.dk\/udlejningskonsulent-til-region-syd\/\"]}]},{\"@type\":\"BreadcrumbList\",\"@id\":\"https:\/\/www.gsv.dk\/udlejningskonsulent-til-region-syd\/#breadcrumb\",\"itemListElement\":[{\"@type\":\"ListItem\",\"position\":1,\"name\":\"Home\",\"item\":\"https:\/\/www.gsv.dk\/\"},{\"@type\":\"ListItem\",\"position\":2,\"name\":\"Udlejningskonsulent til Region Syd\"}]},{\"@type\":\"WebSite\",\"@id\":\"https:\/\/www.gsv.dk\/#website\",\"url\":\"https:\/\/www.gsv.dk\/\",\"name\":\"GSV\",\"description\":\"GSV materieludlejning\",\"publisher\":{\"@id\":\"https:\/\/www.gsv.dk\/#organization\"},\"potentialAction\":[{\"@type\":\"SearchAction\",\"target\":{\"@type\":\"EntryPoint\",\"urlTemplate\":\"https:\/\/www.gsv.dk\/?s={search_term_string}\"},\"query-input\":{\"@type\":\"PropertyValueSpecification\",\"valueRequired\":true,\"valueName\":\"search_term_string\"}}],\"inLanguage\":\"en-GB\"},{\"@type\":\"Organization\",\"@id\":\"https:\/\/www.gsv.dk\/#organization\",\"name\":\"GSV Materieludlejning\",\"url\":\"https:\/\/www.gsv.dk\/\",\"logo\":{\"@type\":\"ImageObject\",\"inLanguage\":\"en-GB\",\"@id\":\"https:\/\/www.gsv.dk\/#\/schema\/logo\/image\/\",\"url\":\"https:\/\/www.gsv.dk\/content\/uploads\/2020\/01\/logo-300x134.png\",\"contentUrl\":\"https:\/\/www.gsv.dk\/content\/uploads\/2020\/01\/logo-300x134.png\",\"width\":300,\"height\":134,\"caption\":\"GSV Materieludlejning\"},\"image\":{\"@id\":\"https:\/\/www.gsv.dk\/#\/schema\/logo\/image\/\"},\"sameAs\":[\"https:\/\/www.facebook.com\/gsvmaterieludlejning\/\",\"https:\/\/x.com\/GsvMateriel\",\"https:\/\/www.instagram.com\/gsv_materieludlejning\/\",\"https:\/\/www.linkedin.com\/company\/gsv-materieludlejning-a-s\",\"https:\/\/www.youtube.com\/channel\/UCDWOSIoGkwn6bPG7-Kgxqkw\"]}]}<\/script>\n<!-- \/ Yoast SEO plugin. -->","yoast_head_json":{"title":"Udlejningskonsulent til Region Syd | GSV","robots":{"index":"index","follow":"follow","max-snippet":"max-snippet:-1","max-image-preview":"max-image-preview:large","max-video-preview":"max-video-preview:-1"},"canonical":"https:\/\/www.gsv.dk\/en\/udlejningskonsulent-til-region-syd\/","og_locale":"en_GB","og_type":"article","og_title":"Udlejningskonsulent til Region Syd | GSV","og_url":"https:\/\/www.gsv.dk\/en\/udlejningskonsulent-til-region-syd\/","og_site_name":"GSV","article_publisher":"https:\/\/www.facebook.com\/gsvmaterieludlejning\/","article_modified_time":"2025-08-08T10:07:16+00:00","og_image":[{"width":300,"height":134,"url":"https:\/\/www.gsv.dk\/content\/uploads\/2020\/01\/logo-300x134.png","type":"image\/png"}],"twitter_card":"summary_large_image","twitter_site":"@GsvMateriel","schema":{"@context":"https:\/\/schema.org","@graph":[{"@type":"WebPage","@id":"https:\/\/www.gsv.dk\/udlejningskonsulent-til-region-syd\/","url":"https:\/\/www.gsv.dk\/udlejningskonsulent-til-region-syd\/","name":"Udlejningskonsulent til Region Syd | GSV","isPartOf":{"@id":"https:\/\/www.gsv.dk\/#website"},"datePublished":"2025-08-08T10:07:15+00:00","dateModified":"2025-08-08T10:07:16+00:00","breadcrumb":{"@id":"https:\/\/www.gsv.dk\/udlejningskonsulent-til-region-syd\/#breadcrumb"},"inLanguage":"en-GB","potentialAction":[{"@type":"ReadAction","target":["https:\/\/www.gsv.dk\/udlejningskonsulent-til-region-syd\/"]}]},{"@type":"BreadcrumbList","@id":"https:\/\/www.gsv.dk\/udlejningskonsulent-til-region-syd\/#breadcrumb","itemListElement":[{"@type":"ListItem","position":1,"name":"Home","item":"https:\/\/www.gsv.dk\/"},{"@type":"ListItem","position":2,"name":"Udlejningskonsulent til Region Syd"}]},{"@type":"WebSite","@id":"https:\/\/www.gsv.dk\/#website","url":"https:\/\/www.gsv.dk\/","name":"GSV","description":"GSV materieludlejning","publisher":{"@id":"https:\/\/www.gsv.dk\/#organization"},"potentialAction":[{"@type":"SearchAction","target":{"@type":"EntryPoint","urlTemplate":"https:\/\/www.gsv.dk\/?s={search_term_string}"},"query-input":{"@type":"PropertyValueSpecification","valueRequired":true,"valueName":"search_term_string"}}],"inLanguage":"en-GB"},{"@type":"Organization","@id":"https:\/\/www.gsv.dk\/#organization","name":"GSV Materieludlejning","url":"https:\/\/www.gsv.dk\/","logo":{"@type":"ImageObject","inLanguage":"en-GB","@id":"https:\/\/www.gsv.dk\/#\/schema\/logo\/image\/","url":"https:\/\/www.gsv.dk\/content\/uploads\/2020\/01\/logo-300x134.png","contentUrl":"https:\/\/www.gsv.dk\/content\/uploads\/2020\/01\/logo-300x134.png","width":300,"height":134,"caption":"GSV Materieludlejning"},"image":{"@id":"https:\/\/www.gsv.dk\/#\/schema\/logo\/image\/"},"sameAs":["https:\/\/www.facebook.com\/gsvmaterieludlejning\/","https:\/\/x.com\/GsvMateriel","https:\/\/www.instagram.com\/gsv_materieludlejning\/","https:\/\/www.linkedin.com\/company\/gsv-materieludlejning-a-s","https:\/\/www.youtube.com\/channel\/UCDWOSIoGkwn6bPG7-Kgxqkw"]}]}},"_links":{"self":[{"href":"https:\/\/www.gsv.dk\/en\/wp-json\/wp\/v2\/pages\/3268786","targetHints":{"allow":["GET"]}}],"collection":[{"href":"https:\/\/www.gsv.dk\/en\/wp-json\/wp\/v2\/pages"}],"about":[{"href":"https:\/\/www.gsv.dk\/en\/wp-json\/wp\/v2\/types\/page"}],"author":[{"embeddable":true,"href":"https:\/\/www.gsv.dk\/en\/wp-json\/wp\/v2\/users\/4423"}],"replies":[{"embeddable":true,"href":"https:\/\/www.gsv.dk\/en\/wp-json\/wp\/v2\/comments?post=3268786"}],"version-history":[{"count":1,"href":"https:\/\/www.gsv.dk\/en\/wp-json\/wp\/v2\/pages\/3268786\/revisions"}],"predecessor-version":[{"id":3268787,"href":"https:\/\/www.gsv.dk\/en\/wp-json\/wp\/v2\/pages\/3268786\/revisions\/3268787"}],"wp:attachment":[{"href":"https:\/\/www.gsv.dk\/en\/wp-json\/wp\/v2\/media?parent=3268786"}],"curies":[{"name":"wp","href":"https:\/\/api.w.org\/{rel}","templated":true}]}}