{"id":3268696,"date":"2025-07-21T11:05:57","date_gmt":"2025-07-21T11:05:57","guid":{"rendered":"https:\/\/www.gsv.dk\/?page_id=3268696"},"modified":"2025-09-18T13:40:27","modified_gmt":"2025-09-18T13:40:27","slug":"tilgaenglighedserklaering","status":"publish","type":"page","link":"https:\/\/www.gsv.dk\/en\/om-gsv-2\/tilgaenglighedserklaering\/","title":{"rendered":"Accessibility Statement"},"content":{"rendered":"<div\n  class=\"block acf-block acf-block--hero\"\n   id=\"acf-hero-1\"  \n>\n        <div class=\"hero\">\n                                            <div class=\"hero__image\">\n    <div class=\"hero__image-overlay\" style=\"background-color: rgba(0, 0, 0, 0.36)\"><\/div>\n    \n            <picture>\n                <source srcset=\"https:\/\/gsv-imgix.imgix.net\/wordpress-prod\/unavngivet-23.jpg?fit=clip&#038;fm=pjpg&#038;h=550&#038;ixlib=php-3.3.1&#038;w=1440&#038;wpsize=wide_desktop\" media=\"(min-width: 1200px)\"><source srcset=\"https:\/\/gsv-imgix.imgix.net\/wordpress-prod\/unavngivet-23.jpg?fit=clip&#038;fm=pjpg&#038;h=550&#038;ixlib=php-3.3.1&#038;w=1200&#038;wpsize=wide_tablet_landscape\" media=\"(min-width: 900px)\"><source srcset=\"https:\/\/gsv-imgix.imgix.net\/wordpress-prod\/unavngivet-23.jpg?fit=clip&#038;fm=pjpg&#038;h=400&#038;ixlib=php-3.3.1&#038;w=900&#038;wpsize=wide_tablet_portrait\" media=\"(min-width: 600px)\"><source srcset=\"https:\/\/gsv-imgix.imgix.net\/wordpress-prod\/unavngivet-23.jpg?fit=clip&#038;fm=pjpg&#038;h=350&#038;ixlib=php-3.3.1&#038;w=600&#038;wpsize=wide_large_phone\" media=\"(min-width: 414px)\">\n                <img loading=\"lazy\" decoding=\"async\" src=\"https:\/\/gsv-imgix.imgix.net\/wordpress-prod\/unavngivet-23.jpg?fit=clip&#038;fm=pjpg&#038;h=250&#038;ixlib=php-3.3.1&#038;w=414&#038;wpsize=wide_phone\" alt=\"\" title=\"Unavngivet (23)\" width=\"414\" height=\"250\" \/>\n            <\/picture>\n<\/div>\n\n\n    <div class=\"hero__content\">\n                    <h1 class=\"hero__title\">\n                Accessibility Statement\n            <\/h1>\n        \n        \n            <\/div>\n                    <\/div>\n    \n    \n      <\/div>\n<div\n  class=\"block acf-block acf-block--text-block\"\n   id=\"acf-text-block-2\"  \n>\n        <div class=\"text-block\">\n    \n    <div class=\"inner inner--small\">\n                    <span class=\"l-subtitle\" data-reveal=\"reveal\">\n                GSV\n            <\/span>\n        \n                    <h2 class=\"l-title\" data-reveal=\"reveal\">Accessibility Statement for gsv.dk<\/h2>\n        \n                    <div class=\"text-block__body\" data-reveal=\"reveal\">\n                <p><strong>Accessibility Statement<\/strong><\/p>\n<p>This statement was drafted on 29\/08\/2025 for the website https:\/\/www.gsv.dk\/.<\/p>\n<p>It is valid from its publication date and must be updated following major modifications to the website.<\/p>\n<p><strong>Kiloutou\u2019s Commitment<\/strong><\/p>\n<p>Kiloutou is committed to making its websites, mobile applications, intranet, extranet, and business software accessible in accordance with European Directive (EU) 2019\/882 on the accessibility requirements for products and services.<\/p>\n<p>We value inclusion and diversity, and we are committed to ensuring that our website \u2013 https:\/\/www.gsv.dk\/ is accessible to everyone, especially people with disabilities.<\/p>\n<p>As part of our digital accessibility efforts, we are working in collaboration with <a href=\"https:\/\/www.accessiway.com\/\" target=\"_blank\" rel=\"noopener\">Accessiway<\/a>.<\/p>\n<p>We are firmly dedicated to building a web for all. As part of a long-term and responsible vision, we aim to fully comply with regulatory requirements, including <a href=\"https:\/\/www.w3.org\/TR\/WCAG21\/\" target=\"_blank\" rel=\"noopener\">Web Content Accessibility Guidelines version 2.1<\/a> level AA standard and also the European standard <a href=\"https:\/\/www.etsi.org\/deliver\/etsi_en\/301500_301599\/301549\/03.02.01_60\/en_301549v030201p.pdf\" target=\"_blank\" rel=\"noopener\">EN 301 549<\/a>.<\/p>\n<p><strong>Compliance Status<\/strong><\/p>\n<p>An accessibility evaluation has been conducted, and the site is currently considered partially compliant with applicable standards. Some non-conformities have been identified and are under review.<\/p>\n<p>A detailed list of exceptions will be provided in the finalized statement.<\/p>\n<p><strong>Non-compliance<\/strong><br \/>\nThe following criteria are not fully met:<\/p>\n<ul>\n<li>C.9.1.1.1 - Not all non-text content presented to the user has a text alternative that serves the equivalent purpose.<\/li>\n<li>C.9.1.2.3 - For some pre-recorded multimedia, an alternative or audio description is not provided;<\/li>\n<li>C.9.1.2.5 - For some pre-recorded video content, no audio description is provided;<\/li>\n<li>C.9.1.3.1 - In some cases, information, structure or correlations conveyed by the presentation of pages cannot be determined programmatically (or are not available through text);<\/li>\n<li>C.9.1.4.1 - In some cases, color alone has been used to identify a purpose or distinguish an information or function;<\/li>\n<li>C.9.1.4.3 - Where not allowed, visual representation of text and images containing text does not always have the minimum contrast ratio required ***;<\/li>\n<li>C.9.1.4.5 - In some cases text images have been used instead of text only and are neither customizable nor essential to the types of information conveyed;<\/li>\n<li>C.9.1.4.10 - Content that does not require a representation in two dimensions (such as data tables or maps) does not rearrange when resizing;<\/li>\n<li>C.9.1.4.11 - For some essential components, even in different states, the color contrast compared to adjacent elements does not exceed the ratio of 3:1;<\/li>\n<li>C.9.2.2.2 - Some animations, flashing, sliding or self-updates of information started automatically, with a duration of more than five seconds or presented in parallel with other content, there are no mechanisms to stop or hide them;<\/li>\n<li>C.9.2.4.1 - There is no mechanism to skip content blocks that repeat on multiple web pages;<\/li>\n<li>C.9.2.4.4 - The purpose of certain links cannot be determined by the link text or by the link text together with adjacent content;<\/li>\n<li>C.9.2.4.5 - In some cases there is no or there is only one way to identify a web page within the site;<\/li>\n<li>C.9.2.4.7 - On some interactive elements the focus indicator is not visible;<\/li>\n<li>C.9.4.1.2 - In some cases, user interface components (including: module elements, script-generated links and components), name, role, state, property and values are incorrect or set, or the user a.t  are not warned when these attributes change;<\/li>\n<\/ul>\n<p><strong>Preparation of This Accessibility Statement<\/strong><br \/>\nThis accessibility statement was established on 29\/08\/2025.<\/p>\n<p><strong>Technologies Used to Develop the Website<\/strong><\/p>\n<ul>\n<li>HTML5<\/li>\n<li>CSS<\/li>\n<li>JavaScript<\/li>\n<\/ul>\n<p><strong>Testing Environment<\/strong><\/p>\n<p><strong>Operating Systems<\/strong><\/p>\n<ul>\n<li>Apple macOS 13.4<\/li>\n<li>Microsoft Windows 11<\/li>\n<li>Apple iOS 16<\/li>\n<li>Google Android 15<\/li>\n<\/ul>\n<p><strong>Browsers and Software<br \/>\n<\/strong>Tested in the latest available versions across operating systems:<\/p>\n<ul>\n<li>Google Chrome<\/li>\n<li>Microsoft Edge<\/li>\n<li>Safari<\/li>\n<li>Brave<\/li>\n<li>Adobe Acrobat Reader \/ Preview on Mac (for PDFs only)<\/li>\n<\/ul>\n<p>&nbsp;<\/p>\n<p><strong>Accessibility Evaluation Tools<\/strong><\/p>\n<ul>\n<li>Mouse, magnifier, and on-screen keyboard emulators from various systems<\/li>\n<li>VoiceOver (Apple systems only)<\/li>\n<li>TalkBack (Android only)<\/li>\n<li>NVDA 2024 and Freedom Scientific JAWS 2022 (PC systems only)<\/li>\n<li>Tanaguru Web Extension RGAA4<\/li>\n<li>RGAA Assistant<\/li>\n<li>Built-in system tools for graphical evaluation (color, contrast, captions, etc.)<\/li>\n<\/ul>\n<p>&nbsp;<\/p>\n<p><strong>Pages of the Website Subject to Compliance Evaluation<\/strong><\/p>\n<ul>\n<li>- Home page<\/li>\n<li>Contact page<\/li>\n<li>Accessibility page<\/li>\n<li>Search results<\/li>\n<li>Product category: Easy installation<\/li>\n<li>Environmentally friendly equipment<\/li>\n<li>Hydrema 922 dumper with wide tires<\/li>\n<\/ul>\n<p>&nbsp;<\/p>\n<p><strong>Feedback and Contact<\/strong><br \/>\nVi arbejder l\u00f8bende p\u00e5 at forbedre tilg\u00e6ngeligheden af dette website.<br \/>\nWe\u2019re always looking to improve the accessibility of this website. If you find any problems please contact us to be guided towards an accessible alternative or to obtain the content in another format:<\/p>\n<p>Kiloutou's accessibility representative: S\u00f8ren Mortensen<br \/>\n\u25cf E-mail: smo@gsv.dk<br \/>\n\u25cf Telefon: 30 99 55 09<\/p>\n<p>&nbsp;<\/p>\n<p><strong>Legal Remedies<\/strong><br \/>\nIf you identify an accessibility issue that prevents you from accessing certain content or features on the site, and after reporting it to us you do not receive a response, you have the right to submit a complaint or request mediation from the Defender of Rights.<\/p>\n\n            <\/div>\n            <\/div>\n<\/div>\n\n      <\/div>","protected":false},"excerpt":{"rendered":"","protected":false},"author":1368,"featured_media":0,"parent":2378,"menu_order":3,"comment_status":"closed","ping_status":"closed","template":"","meta":{"_acf_changed":false,"footnotes":""},"class_list":["post-3268696","page","type-page","status-publish","hentry"],"acf":[],"yoast_head":"<!-- This site is optimized with the Yoast SEO plugin v25.9 - https:\/\/yoast.com\/wordpress\/plugins\/seo\/ -->\n<title>Betingelser og certifikater til dig som kunde hos GSV<\/title>\n<meta name=\"description\" content=\"Du finder leje- og forsikringsbetingelser p\u00e5 DK\/EN for erhverv og private samt salgs- og leveringsbetingelser. Og s\u00e5 vores certifikater: produktansvar mm.\" \/>\n<meta name=\"robots\" content=\"index, follow, max-snippet:-1, max-image-preview:large, max-video-preview:-1\" \/>\n<link rel=\"canonical\" href=\"https:\/\/www.gsv.dk\/en\/om-gsv-2\/tilgaenglighedserklaering\/\" \/>\n<meta property=\"og:locale\" content=\"en_GB\" \/>\n<meta property=\"og:type\" content=\"article\" \/>\n<meta property=\"og:title\" content=\"Betingelser og certifikater til dig som kunde hos GSV\" \/>\n<meta property=\"og:description\" content=\"Du finder leje- og forsikringsbetingelser p\u00e5 DK\/EN for erhverv og private samt salgs- og leveringsbetingelser. Og s\u00e5 vores certifikater: produktansvar mm.\" \/>\n<meta property=\"og:url\" content=\"https:\/\/www.gsv.dk\/en\/om-gsv-2\/tilgaenglighedserklaering\/\" \/>\n<meta property=\"og:site_name\" content=\"GSV\" \/>\n<meta property=\"article:publisher\" content=\"https:\/\/www.facebook.com\/gsvmaterieludlejning\/\" \/>\n<meta property=\"article:modified_time\" content=\"2025-09-18T13:40:27+00:00\" \/>\n<meta property=\"og:image\" content=\"https:\/\/www.gsv.dk\/content\/uploads\/2020\/01\/logo-300x134.png\" \/>\n\t<meta property=\"og:image:width\" content=\"300\" \/>\n\t<meta property=\"og:image:height\" content=\"134\" \/>\n\t<meta property=\"og:image:type\" content=\"image\/png\" \/>\n<meta name=\"twitter:card\" content=\"summary_large_image\" \/>\n<meta name=\"twitter:site\" content=\"@GsvMateriel\" \/>\n<script type=\"application\/ld+json\" class=\"yoast-schema-graph\">{\"@context\":\"https:\/\/schema.org\",\"@graph\":[{\"@type\":\"WebPage\",\"@id\":\"https:\/\/www.gsv.dk\/om-gsv-2\/tilgaenglighedserklaering\/\",\"url\":\"https:\/\/www.gsv.dk\/om-gsv-2\/tilgaenglighedserklaering\/\",\"name\":\"Betingelser og certifikater til dig som kunde hos GSV\",\"isPartOf\":{\"@id\":\"https:\/\/www.gsv.dk\/#website\"},\"datePublished\":\"2025-07-21T11:05:57+00:00\",\"dateModified\":\"2025-09-18T13:40:27+00:00\",\"description\":\"Du finder leje- og forsikringsbetingelser p\u00e5 DK\/EN for erhverv og private samt salgs- og leveringsbetingelser. Og s\u00e5 vores certifikater: produktansvar mm.\",\"breadcrumb\":{\"@id\":\"https:\/\/www.gsv.dk\/om-gsv-2\/tilgaenglighedserklaering\/#breadcrumb\"},\"inLanguage\":\"en-GB\",\"potentialAction\":[{\"@type\":\"ReadAction\",\"target\":[\"https:\/\/www.gsv.dk\/om-gsv-2\/tilgaenglighedserklaering\/\"]}]},{\"@type\":\"BreadcrumbList\",\"@id\":\"https:\/\/www.gsv.dk\/om-gsv-2\/tilgaenglighedserklaering\/#breadcrumb\",\"itemListElement\":[{\"@type\":\"ListItem\",\"position\":1,\"name\":\"Home\",\"item\":\"https:\/\/www.gsv.dk\/\"},{\"@type\":\"ListItem\",\"position\":2,\"name\":\"Om GSV\",\"item\":\"https:\/\/www.gsv.dk\/om-gsv-2\/\"},{\"@type\":\"ListItem\",\"position\":3,\"name\":\"Tilg\u00e6nglighedserkl\u00e6ring\"}]},{\"@type\":\"WebSite\",\"@id\":\"https:\/\/www.gsv.dk\/#website\",\"url\":\"https:\/\/www.gsv.dk\/\",\"name\":\"GSV\",\"description\":\"GSV materieludlejning\",\"publisher\":{\"@id\":\"https:\/\/www.gsv.dk\/#organization\"},\"potentialAction\":[{\"@type\":\"SearchAction\",\"target\":{\"@type\":\"EntryPoint\",\"urlTemplate\":\"https:\/\/www.gsv.dk\/?s={search_term_string}\"},\"query-input\":{\"@type\":\"PropertyValueSpecification\",\"valueRequired\":true,\"valueName\":\"search_term_string\"}}],\"inLanguage\":\"en-GB\"},{\"@type\":\"Organization\",\"@id\":\"https:\/\/www.gsv.dk\/#organization\",\"name\":\"GSV Materieludlejning\",\"url\":\"https:\/\/www.gsv.dk\/\",\"logo\":{\"@type\":\"ImageObject\",\"inLanguage\":\"en-GB\",\"@id\":\"https:\/\/www.gsv.dk\/#\/schema\/logo\/image\/\",\"url\":\"https:\/\/www.gsv.dk\/content\/uploads\/2020\/01\/logo-300x134.png\",\"contentUrl\":\"https:\/\/www.gsv.dk\/content\/uploads\/2020\/01\/logo-300x134.png\",\"width\":300,\"height\":134,\"caption\":\"GSV Materieludlejning\"},\"image\":{\"@id\":\"https:\/\/www.gsv.dk\/#\/schema\/logo\/image\/\"},\"sameAs\":[\"https:\/\/www.facebook.com\/gsvmaterieludlejning\/\",\"https:\/\/x.com\/GsvMateriel\",\"https:\/\/www.instagram.com\/gsv_materieludlejning\/\",\"https:\/\/www.linkedin.com\/company\/gsv-materieludlejning-a-s\",\"https:\/\/www.youtube.com\/channel\/UCDWOSIoGkwn6bPG7-Kgxqkw\"]}]}<\/script>\n<!-- \/ Yoast SEO plugin. -->","yoast_head_json":{"title":"Betingelser og certifikater til dig som kunde hos GSV","description":"Du finder leje- og forsikringsbetingelser p\u00e5 DK\/EN for erhverv og private samt salgs- og leveringsbetingelser. Og s\u00e5 vores certifikater: produktansvar mm.","robots":{"index":"index","follow":"follow","max-snippet":"max-snippet:-1","max-image-preview":"max-image-preview:large","max-video-preview":"max-video-preview:-1"},"canonical":"https:\/\/www.gsv.dk\/en\/om-gsv-2\/tilgaenglighedserklaering\/","og_locale":"en_GB","og_type":"article","og_title":"Betingelser og certifikater til dig som kunde hos GSV","og_description":"Du finder leje- og forsikringsbetingelser p\u00e5 DK\/EN for erhverv og private samt salgs- og leveringsbetingelser. Og s\u00e5 vores certifikater: produktansvar mm.","og_url":"https:\/\/www.gsv.dk\/en\/om-gsv-2\/tilgaenglighedserklaering\/","og_site_name":"GSV","article_publisher":"https:\/\/www.facebook.com\/gsvmaterieludlejning\/","article_modified_time":"2025-09-18T13:40:27+00:00","og_image":[{"width":300,"height":134,"url":"https:\/\/www.gsv.dk\/content\/uploads\/2020\/01\/logo-300x134.png","type":"image\/png"}],"twitter_card":"summary_large_image","twitter_site":"@GsvMateriel","schema":{"@context":"https:\/\/schema.org","@graph":[{"@type":"WebPage","@id":"https:\/\/www.gsv.dk\/om-gsv-2\/tilgaenglighedserklaering\/","url":"https:\/\/www.gsv.dk\/om-gsv-2\/tilgaenglighedserklaering\/","name":"Betingelser og certifikater til dig som kunde hos GSV","isPartOf":{"@id":"https:\/\/www.gsv.dk\/#website"},"datePublished":"2025-07-21T11:05:57+00:00","dateModified":"2025-09-18T13:40:27+00:00","description":"Du finder leje- og forsikringsbetingelser p\u00e5 DK\/EN for erhverv og private samt salgs- og leveringsbetingelser. Og s\u00e5 vores certifikater: produktansvar mm.","breadcrumb":{"@id":"https:\/\/www.gsv.dk\/om-gsv-2\/tilgaenglighedserklaering\/#breadcrumb"},"inLanguage":"en-GB","potentialAction":[{"@type":"ReadAction","target":["https:\/\/www.gsv.dk\/om-gsv-2\/tilgaenglighedserklaering\/"]}]},{"@type":"BreadcrumbList","@id":"https:\/\/www.gsv.dk\/om-gsv-2\/tilgaenglighedserklaering\/#breadcrumb","itemListElement":[{"@type":"ListItem","position":1,"name":"Home","item":"https:\/\/www.gsv.dk\/"},{"@type":"ListItem","position":2,"name":"Om GSV","item":"https:\/\/www.gsv.dk\/om-gsv-2\/"},{"@type":"ListItem","position":3,"name":"Tilg\u00e6nglighedserkl\u00e6ring"}]},{"@type":"WebSite","@id":"https:\/\/www.gsv.dk\/#website","url":"https:\/\/www.gsv.dk\/","name":"GSV","description":"GSV materieludlejning","publisher":{"@id":"https:\/\/www.gsv.dk\/#organization"},"potentialAction":[{"@type":"SearchAction","target":{"@type":"EntryPoint","urlTemplate":"https:\/\/www.gsv.dk\/?s={search_term_string}"},"query-input":{"@type":"PropertyValueSpecification","valueRequired":true,"valueName":"search_term_string"}}],"inLanguage":"en-GB"},{"@type":"Organization","@id":"https:\/\/www.gsv.dk\/#organization","name":"GSV Materieludlejning","url":"https:\/\/www.gsv.dk\/","logo":{"@type":"ImageObject","inLanguage":"en-GB","@id":"https:\/\/www.gsv.dk\/#\/schema\/logo\/image\/","url":"https:\/\/www.gsv.dk\/content\/uploads\/2020\/01\/logo-300x134.png","contentUrl":"https:\/\/www.gsv.dk\/content\/uploads\/2020\/01\/logo-300x134.png","width":300,"height":134,"caption":"GSV Materieludlejning"},"image":{"@id":"https:\/\/www.gsv.dk\/#\/schema\/logo\/image\/"},"sameAs":["https:\/\/www.facebook.com\/gsvmaterieludlejning\/","https:\/\/x.com\/GsvMateriel","https:\/\/www.instagram.com\/gsv_materieludlejning\/","https:\/\/www.linkedin.com\/company\/gsv-materieludlejning-a-s","https:\/\/www.youtube.com\/channel\/UCDWOSIoGkwn6bPG7-Kgxqkw"]}]}},"_links":{"self":[{"href":"https:\/\/www.gsv.dk\/en\/wp-json\/wp\/v2\/pages\/3268696","targetHints":{"allow":["GET"]}}],"collection":[{"href":"https:\/\/www.gsv.dk\/en\/wp-json\/wp\/v2\/pages"}],"about":[{"href":"https:\/\/www.gsv.dk\/en\/wp-json\/wp\/v2\/types\/page"}],"author":[{"embeddable":true,"href":"https:\/\/www.gsv.dk\/en\/wp-json\/wp\/v2\/users\/1368"}],"replies":[{"embeddable":true,"href":"https:\/\/www.gsv.dk\/en\/wp-json\/wp\/v2\/comments?post=3268696"}],"version-history":[{"count":7,"href":"https:\/\/www.gsv.dk\/en\/wp-json\/wp\/v2\/pages\/3268696\/revisions"}],"predecessor-version":[{"id":3268916,"href":"https:\/\/www.gsv.dk\/en\/wp-json\/wp\/v2\/pages\/3268696\/revisions\/3268916"}],"up":[{"embeddable":true,"href":"https:\/\/www.gsv.dk\/en\/wp-json\/wp\/v2\/pages\/2378"}],"wp:attachment":[{"href":"https:\/\/www.gsv.dk\/en\/wp-json\/wp\/v2\/media?parent=3268696"}],"curies":[{"name":"wp","href":"https:\/\/api.w.org\/{rel}","templated":true}]}}