{"id":3245136,"date":"2025-05-21T13:55:26","date_gmt":"2025-05-21T13:55:26","guid":{"rendered":"https:\/\/www.gsv.dk\/?page_id=3245136"},"modified":"2025-08-07T11:09:18","modified_gmt":"2025-08-07T11:09:18","slug":"hseq-konsulent-til-hedehusene-2","status":"publish","type":"page","link":"https:\/\/www.gsv.dk\/en\/hseq-konsulent-til-hedehusene-2\/","title":{"rendered":"HSEQ-konsulent til Hedehusene"},"content":{"rendered":"<div\n  class=\"block acf-block acf-block--hero\"\n   id=\"acf-hero-1\"  \n>\n        <div class=\"hero\">\n                                            <div class=\"hero__image\">\n    <div class=\"hero__image-overlay\" style=\"background-color: rgba(0, 0, 0, 0.33)\"><\/div>\n    \n            <picture>\n                <source srcset=\"https:\/\/gsv-imgix.imgix.net\/wordpress-prod\/Kim-Hansen-scaled.jpg?fit=clip&#038;fm=pjpg&#038;h=550&#038;ixlib=php-3.3.1&#038;w=1440&#038;wpsize=wide_desktop\" media=\"(min-width: 1200px)\"><source srcset=\"https:\/\/gsv-imgix.imgix.net\/wordpress-prod\/Kim-Hansen-scaled.jpg?fit=clip&#038;fm=pjpg&#038;h=550&#038;ixlib=php-3.3.1&#038;w=1200&#038;wpsize=wide_tablet_landscape\" media=\"(min-width: 900px)\"><source srcset=\"https:\/\/gsv-imgix.imgix.net\/wordpress-prod\/Kim-Hansen-scaled.jpg?fit=clip&#038;fm=pjpg&#038;h=400&#038;ixlib=php-3.3.1&#038;w=900&#038;wpsize=wide_tablet_portrait\" media=\"(min-width: 600px)\"><source srcset=\"https:\/\/gsv-imgix.imgix.net\/wordpress-prod\/Kim-Hansen-scaled.jpg?fit=clip&#038;fm=pjpg&#038;h=350&#038;ixlib=php-3.3.1&#038;w=600&#038;wpsize=wide_large_phone\" media=\"(min-width: 414px)\">\n                <img loading=\"lazy\" decoding=\"async\" src=\"https:\/\/gsv-imgix.imgix.net\/wordpress-prod\/Kim-Hansen-scaled.jpg?fit=clip&#038;fm=pjpg&#038;h=250&#038;ixlib=php-3.3.1&#038;w=414&#038;wpsize=wide_phone\" alt=\"\" title=\"Kim Hansen\" width=\"414\" height=\"250\">\n            <\/picture>\n<\/div>\n\n\n    <div class=\"hero__content\">\n                    <h1 class=\"hero__title\">\n                HSEQ-konsulent til Hedehusene\n            <\/h1>\n        \n        \n            <\/div>\n                    <\/div>\n    \n    \n      <\/div>\n<div\n  class=\"block acf-block acf-block--text-block\"\n   id=\"acf-text-block-2\"  \n>\n        <div class=\"text-block\">\n    \n    <div class=\"inner inner--small\">\n        \n                    <h2 class=\"l-title\" data-reveal=\"reveal\">Bliv en del af GSV<\/h2>\n        \n                    <div class=\"text-block__body\" data-reveal=\"reveal\">\n                <p><strong>G.S.V. Materieludlejning A\/S, Hedehusene<\/strong><\/p>\n<p>Har du lyst til at arbejde i en international virksomhed, hvor sikkerhed, kvalitet og b\u00e6redygtighed st\u00e5r h\u00f8jt p\u00e5 agendaen? Her bliver du en del af et dedikeret HSEQ-team, hvor du f\u00e5r mulighed for at pr\u00e6ge virksomhedens sikkerhed, kvalitet og milj\u00f8indsats, samt bidrage til den gr\u00f8nne omstilling. Du vil arbejde med vores ISO-certificeringer og ESG-rapportering, CO\u2082-m\u00e5linger og KPI\u2019er for alle omr\u00e5derne, og du f\u00e5r en central rolle i at udvikle, opbygge og vedligeholde projekter og procesbeskrivelser.<\/p>\n<p>Dine opgaver:<\/p>\n<ul>\n<li>Arbejde med ISO 14001 og ESG-initiativer<\/li>\n<li>Arbejde med nyt proceshierarki, herunder interessenter<\/li>\n<li>Milj\u00f8m\u00e5linger (CO\u2082, KPI\u2019er) og dokumentation<\/li>\n<li>Bidrage til b\u00e6redygtighedsstrategier og gr\u00f8n omstilling<\/li>\n<li>Deltagelse i audits i hele landet<\/li>\n<li>Behandling\/optimering af afvigelser og implementering af forbedringstiltag<\/li>\n<\/ul>\n<p>Vi s\u00f8ger dig, som:<\/p>\n<ul>\n<li>Har interesse for milj\u00f8ledelse, kvalitetsledelse og\/eller arbejdsmilj\u00f8ledelse<\/li>\n<li>Erfaring med ISO-standarder og projektledelse er en fordel<\/li>\n<li>Erfaring med Procesarbejde er en fordel<\/li>\n<li>Er selvst\u00e6ndig, struktureret og god til at samarbejde p\u00e5 alle niveauer<\/li>\n<li>Har st\u00e6rke IT-kompetencer og kan kommunikere p\u00e5 dansk og engelsk<\/li>\n<li>Har k\u00f8rekort (egen bil er en fordel)<\/li>\n<\/ul>\n<p>Hos GSV f\u00e5r du en grundig introduktion og mulighed for faglig og personlig udvikling. Vi har en flad organisationsstruktur og l\u00e6gger v\u00e6gt p\u00e5 samarbejde, engagement og arbejdsgl\u00e6de. Vores motto &#8216;Mennesker f\u00f8r maskiner&#8217; afspejler vores kultur og tilgang til b\u00e6redygtig forretning.<\/p>\n<p><em>\u201dArbejdsdage som HSEQ konsulent i GSV vil aldrig v\u00e6re ens. Den ene dag kan man v\u00e6re p\u00e5 audit i Jylland, og dagen efter kan man afholde workshop omkring optimering af processer\u201d fort\u00e6ller Chef for Sikkerhed og Kvalitet og milj\u00f8, Kenny Bjerre Petersen<\/em><\/p>\n\n            <\/div>\n            <\/div>\n<\/div>\n\n      <\/div>\n<div\n  class=\"block acf-block acf-block--text-block\"\n   id=\"acf-text-block-3\"  \n>\n        <div class=\"text-block text-block--light-grey has-background\">\n            <div class=\"bgw background--light-grey\" data-reveal=\"bgw\"><\/div>\n    \n    <div class=\"inner inner--small\">\n        \n                    <h2 class=\"l-title\" data-reveal=\"reveal\">Vi ser frem til at h\u00f8re fra dig!<\/h2>\n        \n                    <div class=\"text-block__body\" data-reveal=\"reveal\">\n                <p><strong>Interesseret? <\/strong><br \/>\nLyder det som noget for dig? S\u00e5 send din ans\u00f8gning og CV via det angivne link. Har du sp\u00f8rgsm\u00e5l, er du velkommen til at kontakte HR Business Partner, Benthe Elisabeth H\u00f8eg p\u00e5 tlf. 2176 0988.<\/p>\n<p>Grundet persondataforordningen modtager vi ikke CV og ans\u00f8gning p\u00e5 mail.<\/p>\n\n            <\/div>\n            <\/div>\n<\/div>\n\n      <\/div>\n<div\n  class=\"block acf-block acf-block--button\"\n   id=\"acf-button-4\"  \n>\n      <div class=\"inner inner--small\">\n            <div data-reveal=\"reveal\">\n        <a\n                        class=\"btn btn--primary-green\"\n                        title=\"S\u00f8g stilling\"\n                        aria-label=\"S\u00f8g stilling\"\n                        href=\"https:\/\/mkjobgsv.azurewebsites.net\/da-dk\/Application.aspx?VID=0255\"\n                        rel=\"noreferrer\"\n                        target=\"_blank\">\n                        <span>S\u00f8g stilling<\/span>\n                        <\/a>\n    <\/div>\n\n          <\/div>\n  <\/div>\n<div\n  class=\"block acf-block acf-block--text-block\"\n   id=\"acf-text-block-5\"  \n>\n        <div class=\"text-block\">\n    \n    <div class=\"inner inner--small\">\n        \n                    <h2 class=\"l-title\" data-reveal=\"reveal\">G.S.V. Materialeudlejning A\/S tilbyder<\/h2>\n        \n                    <div class=\"text-block__body\" data-reveal=\"reveal\">\n                <p>GSV er Danmarks f\u00f8rende materieludlejer med materiel til alle bygge- og anl\u00e6gsopgaver. Uanset om det drejer sig om sm\u00e5t h\u00e5ndv\u00e6rkt\u00f8j til en mindre byggeopgave eller de helt store maskiner, der skal i brug, n\u00e5r Danmarks motorveje, broer og metroer anl\u00e6gges. Vi har afdelinger i hele landet og leverer lige til d\u00f8ren eller byggepladsen.<\/p>\n<p>GSV er en innovativ samarbejdspartner og vi vil gerne v\u00e6re med til at tage ansvar for Danmarks fremtid. Hos GSV s\u00f8ger vi m\u00e5lrettet mod at blive mere b\u00e6redygtige, digitaliseret og vigtigst af alt, har vi altid fokus p\u00e5 mennesker f\u00f8r maskiner.<br \/>\nVi er drevet af at kunne levere den optimale l\u00f8sning og hvordan vi i samspil med vores gode kunder kan levere den mest personlige service i branchen \u2013 b\u00e5de personligt og digitalt.<\/p>\n\n            <\/div>\n            <\/div>\n<\/div>\n\n      <\/div>\n<div\n  class=\"block acf-block acf-block--hero\"\n   id=\"acf-hero-6\"  \n>\n        <div class=\"hero\">\n                                            <div class=\"hero__image\">\n    <div class=\"hero__image-overlay\" style=\"background-color: rgba(0, 0, 0, 0.0)\"><\/div>\n    \n            <picture>\n                <source srcset=\"https:\/\/www.gsv.dk\/content\/uploads\/2020\/09\/Om-gsv-hero.png\" media=\"(min-width: 1200px)\"><source srcset=\"https:\/\/www.gsv.dk\/content\/uploads\/2020\/09\/Om-gsv-hero-1200x550.png\" media=\"(min-width: 900px)\"><source srcset=\"https:\/\/www.gsv.dk\/content\/uploads\/2020\/09\/Om-gsv-hero-900x400.png\" media=\"(min-width: 600px)\"><source srcset=\"https:\/\/www.gsv.dk\/content\/uploads\/2020\/09\/Om-gsv-hero-600x350.png\" media=\"(min-width: 414px)\">\n                <img loading=\"lazy\" decoding=\"async\" src=\"https:\/\/www.gsv.dk\/content\/uploads\/2020\/09\/Om-gsv-hero-414x250.png\" alt=\"\" title=\"Om gsv-hero\" width=\"414\" height=\"250\">\n            <\/picture>\n<\/div>\n\n\n    <div class=\"hero__content\">\n                    <h1 class=\"hero__title\">\n                Mere om GSV\n            <\/h1>\n        \n        \n            <\/div>\n                    <\/div>\n    \n    \n      <\/div>\n<div\n  class=\"block acf-block acf-block--text-block\"\n   id=\"acf-text-block-7\"  \n>\n        <div class=\"text-block\">\n    \n    <div class=\"inner inner--small\">\n        \n                    <h2 class=\"l-title\" data-reveal=\"reveal\">Velkommen til Danmarks st\u00f8rste udlejningsvirksomhed<\/h2>\n        \n                    <div class=\"text-block__body\" data-reveal=\"reveal\">\n                <p>GSV er Danmarks f\u00f8rende materieludlejer med materiel til alle bygge- og anl\u00e6gsopgaver. Vores produktsortiment d\u00e6kker alt fra et enkeltst\u00e5ende stykke standardmateriel til st\u00f8rre, skr\u00e6ddersyede servicel\u00f8sninger.<\/p>\n<p>Hos os f\u00e5r du en innovativ samarbejdspartner, og vi vil gerne v\u00e6re med til at tage ansvar for Danmarks fremtid. Vi er klar over, hvordan byggeindustrien p\u00e5virker milj\u00f8et og det er vores f\u00e6lles ansvar at finde milj\u00f8venlige l\u00f8sninger til fremtiden.<\/p>\n\n            <\/div>\n            <\/div>\n<\/div>\n\n      <\/div>\n<div\n  class=\"block acf-block acf-block--content-block\"\n   id=\"acf-content-block-8\"  \n>\n        <div class=\"content-block content-block--light-grey has-background\">\n            <div class=\"bgw background--light-grey\" data-reveal=\"bgw\"><\/div>\n    \n    <div class=\"inner inner--medium\">\n        <div class=\"content-block__image image-fade\">\n            <div class=\"image-fade__container\"><\/div>\n            \n            <picture>\n                <source srcset=\"https:\/\/www.gsv.dk\/content\/uploads\/2021\/01\/mennesker-f\u00f8r-maskiner.png\" media=\"(min-width: 900px)\"><source srcset=\"https:\/\/www.gsv.dk\/content\/uploads\/2021\/01\/mennesker-f\u00f8r-maskiner-500x400.png\" media=\"(min-width: 600px)\"><source srcset=\"https:\/\/www.gsv.dk\/content\/uploads\/2021\/01\/mennesker-f\u00f8r-maskiner-500x350.png\" media=\"(min-width: 414px)\">\n                <img loading=\"lazy\" decoding=\"async\" src=\"https:\/\/www.gsv.dk\/content\/uploads\/2021\/01\/mennesker-f\u00f8r-maskiner-414x250.png\" alt=\"\" title=\"Mennesker F\u00f8r Maskiner\" width=\"414\" height=\"250\">\n            <\/picture>\n        <\/div>\n\n        <div class=\"content-block__content\" data-reveal=\"reveal\">\n            \n                            <h2 class=\"content-block__title\">People first<\/h2>\n            \n                            <div class=\"content-block__body\">\n                    <p>Maskiner og materiel kan alle k\u00f8be \u2013 det er mennesker og relationer, der g\u00f8r forskellen. Mennesker, der knokler for hele tiden at g\u00f8re det bedre \u2013 det er GSV. Partnerskaber og langsigtede relationer med kunder og leverand\u00f8rer \u2013 det er GSV. Materiel af h\u00f8j kvalitet certificeret efter de h\u00f8jeste standarder og tilg\u00e6ngeligt 24\/7 i hele Danmark \u2013 det er GSV.<\/p>\n<p>Vi tror p\u00e5, at dedikerede medarbejdere, der har det godt, leverer det, der g\u00f8r forskellen for vores kunder. Og fordi vi i GSV bare godt kan lide mennesker.<\/p>\n\n                <\/div>\n            \n                    <\/div>\n    <\/div>\n<\/div>\n\n      <\/div>\n<div\n  class=\"block acf-block acf-block--text-block\"\n   id=\"acf-text-block-9\"  \n>\n        <div class=\"text-block\">\n    \n    <div class=\"inner inner--small\">\n        \n                    <h2 class=\"l-title\" data-reveal=\"reveal\">En moderne virksomhed med gamle dyder<\/h2>\n        \n                    <div class=\"text-block__body\" data-reveal=\"reveal\">\n                <p>GSV er kendetegnet ved en flad organisation, hvor alle ansatte er lige vigtige medspillere i forhold til frembringelsen af det optimale produkt. Hver underafdeling har sin spidskompetence, som ikke kan undv\u00e6res, og der s\u00e6ttes stor pris p\u00e5 den enkelte medarbejders arbejdsindsats.<\/p>\n<p>Vi p\u00e5tager os gerne ansvaret for at p\u00e5virke udviklingen af det milj\u00f8venlige materiel til vores kunder, og investerer i at have en bred portef\u00f8lje af hybrid, el- og batteridrevne maskiner, mens vi stadig arbejder h\u00e5rdt p\u00e5 at f\u00e5 vores maskinpark endnu mere milj\u00f8venlige, til gavn for vores kunder.<\/p>\n\n            <\/div>\n            <\/div>\n<\/div>\n\n      <\/div>\n<div\n  class=\"block acf-block acf-block--hero\"\n   id=\"acf-hero-10\"  \n>\n        <div class=\"hero\">\n                                            <div class=\"hero__image\">\n    <div class=\"hero__image-overlay\" style=\"background-color: rgba(0, 0, 0, 0.0)\"><\/div>\n    \n            <picture>\n                <source srcset=\"https:\/\/www.gsv.dk\/content\/uploads\/2021\/01\/Ledige-jobs-gsv-hero.png\" media=\"(min-width: 1200px)\"><source srcset=\"https:\/\/www.gsv.dk\/content\/uploads\/2021\/01\/Ledige-jobs-gsv-hero-1200x550.png\" media=\"(min-width: 900px)\"><source srcset=\"https:\/\/www.gsv.dk\/content\/uploads\/2021\/01\/Ledige-jobs-gsv-hero-900x400.png\" media=\"(min-width: 600px)\"><source srcset=\"https:\/\/www.gsv.dk\/content\/uploads\/2021\/01\/Ledige-jobs-gsv-hero-600x350.png\" media=\"(min-width: 414px)\">\n                <img loading=\"lazy\" decoding=\"async\" src=\"https:\/\/www.gsv.dk\/content\/uploads\/2021\/01\/Ledige-jobs-gsv-hero-414x250.png\" alt=\"\" title=\"Ledige Jobs Gsv Hero\" width=\"414\" height=\"250\">\n            <\/picture>\n<\/div>\n\n\n                    <\/div>\n    \n    \n      <\/div>","protected":false},"excerpt":{"rendered":"","protected":false},"author":4423,"featured_media":0,"parent":0,"menu_order":9,"comment_status":"closed","ping_status":"closed","template":"","meta":{"_acf_changed":false,"footnotes":""},"class_list":["post-3245136","page","type-page","status-publish","hentry"],"acf":[],"yoast_head":"<!-- This site is optimized with the Yoast SEO plugin v25.9 - https:\/\/yoast.com\/wordpress\/plugins\/seo\/ -->\n<title>HSEQ-konsulent til Hedehusene | GSV<\/title>\n<meta name=\"robots\" content=\"index, follow, max-snippet:-1, max-image-preview:large, max-video-preview:-1\" \/>\n<link rel=\"canonical\" href=\"https:\/\/www.gsv.dk\/en\/hseq-konsulent-til-hedehusene-2\/\" \/>\n<meta property=\"og:locale\" content=\"en_GB\" \/>\n<meta property=\"og:type\" content=\"article\" \/>\n<meta property=\"og:title\" content=\"HSEQ-konsulent til Hedehusene | GSV\" \/>\n<meta property=\"og:url\" content=\"https:\/\/www.gsv.dk\/en\/hseq-konsulent-til-hedehusene-2\/\" \/>\n<meta property=\"og:site_name\" content=\"GSV\" \/>\n<meta property=\"article:publisher\" content=\"https:\/\/www.facebook.com\/gsvmaterieludlejning\/\" \/>\n<meta property=\"article:modified_time\" content=\"2025-08-07T11:09:18+00:00\" \/>\n<meta property=\"og:image\" content=\"https:\/\/www.gsv.dk\/content\/uploads\/2020\/01\/logo-300x134.png\" \/>\n\t<meta property=\"og:image:width\" content=\"300\" \/>\n\t<meta property=\"og:image:height\" content=\"134\" \/>\n\t<meta property=\"og:image:type\" content=\"image\/png\" \/>\n<meta name=\"twitter:card\" content=\"summary_large_image\" \/>\n<meta name=\"twitter:site\" content=\"@GsvMateriel\" \/>\n<script type=\"application\/ld+json\" class=\"yoast-schema-graph\">{\"@context\":\"https:\/\/schema.org\",\"@graph\":[{\"@type\":\"WebPage\",\"@id\":\"https:\/\/www.gsv.dk\/hseq-konsulent-til-hedehusene-2\/\",\"url\":\"https:\/\/www.gsv.dk\/hseq-konsulent-til-hedehusene-2\/\",\"name\":\"HSEQ-konsulent til Hedehusene | GSV\",\"isPartOf\":{\"@id\":\"https:\/\/www.gsv.dk\/#website\"},\"datePublished\":\"2025-05-21T13:55:26+00:00\",\"dateModified\":\"2025-08-07T11:09:18+00:00\",\"breadcrumb\":{\"@id\":\"https:\/\/www.gsv.dk\/hseq-konsulent-til-hedehusene-2\/#breadcrumb\"},\"inLanguage\":\"en-GB\",\"potentialAction\":[{\"@type\":\"ReadAction\",\"target\":[\"https:\/\/www.gsv.dk\/hseq-konsulent-til-hedehusene-2\/\"]}]},{\"@type\":\"BreadcrumbList\",\"@id\":\"https:\/\/www.gsv.dk\/hseq-konsulent-til-hedehusene-2\/#breadcrumb\",\"itemListElement\":[{\"@type\":\"ListItem\",\"position\":1,\"name\":\"Home\",\"item\":\"https:\/\/www.gsv.dk\/\"},{\"@type\":\"ListItem\",\"position\":2,\"name\":\"HSEQ-konsulent til Hedehusene\"}]},{\"@type\":\"WebSite\",\"@id\":\"https:\/\/www.gsv.dk\/#website\",\"url\":\"https:\/\/www.gsv.dk\/\",\"name\":\"GSV\",\"description\":\"GSV materieludlejning\",\"publisher\":{\"@id\":\"https:\/\/www.gsv.dk\/#organization\"},\"potentialAction\":[{\"@type\":\"SearchAction\",\"target\":{\"@type\":\"EntryPoint\",\"urlTemplate\":\"https:\/\/www.gsv.dk\/?s={search_term_string}\"},\"query-input\":{\"@type\":\"PropertyValueSpecification\",\"valueRequired\":true,\"valueName\":\"search_term_string\"}}],\"inLanguage\":\"en-GB\"},{\"@type\":\"Organization\",\"@id\":\"https:\/\/www.gsv.dk\/#organization\",\"name\":\"GSV Materieludlejning\",\"url\":\"https:\/\/www.gsv.dk\/\",\"logo\":{\"@type\":\"ImageObject\",\"inLanguage\":\"en-GB\",\"@id\":\"https:\/\/www.gsv.dk\/#\/schema\/logo\/image\/\",\"url\":\"https:\/\/www.gsv.dk\/content\/uploads\/2020\/01\/logo-300x134.png\",\"contentUrl\":\"https:\/\/www.gsv.dk\/content\/uploads\/2020\/01\/logo-300x134.png\",\"width\":300,\"height\":134,\"caption\":\"GSV Materieludlejning\"},\"image\":{\"@id\":\"https:\/\/www.gsv.dk\/#\/schema\/logo\/image\/\"},\"sameAs\":[\"https:\/\/www.facebook.com\/gsvmaterieludlejning\/\",\"https:\/\/x.com\/GsvMateriel\",\"https:\/\/www.instagram.com\/gsv_materieludlejning\/\",\"https:\/\/www.linkedin.com\/company\/gsv-materieludlejning-a-s\",\"https:\/\/www.youtube.com\/channel\/UCDWOSIoGkwn6bPG7-Kgxqkw\"]}]}<\/script>\n<!-- \/ Yoast SEO plugin. -->","yoast_head_json":{"title":"HSEQ-konsulent til Hedehusene | GSV","robots":{"index":"index","follow":"follow","max-snippet":"max-snippet:-1","max-image-preview":"max-image-preview:large","max-video-preview":"max-video-preview:-1"},"canonical":"https:\/\/www.gsv.dk\/en\/hseq-konsulent-til-hedehusene-2\/","og_locale":"en_GB","og_type":"article","og_title":"HSEQ-konsulent til Hedehusene | GSV","og_url":"https:\/\/www.gsv.dk\/en\/hseq-konsulent-til-hedehusene-2\/","og_site_name":"GSV","article_publisher":"https:\/\/www.facebook.com\/gsvmaterieludlejning\/","article_modified_time":"2025-08-07T11:09:18+00:00","og_image":[{"width":300,"height":134,"url":"https:\/\/www.gsv.dk\/content\/uploads\/2020\/01\/logo-300x134.png","type":"image\/png"}],"twitter_card":"summary_large_image","twitter_site":"@GsvMateriel","schema":{"@context":"https:\/\/schema.org","@graph":[{"@type":"WebPage","@id":"https:\/\/www.gsv.dk\/hseq-konsulent-til-hedehusene-2\/","url":"https:\/\/www.gsv.dk\/hseq-konsulent-til-hedehusene-2\/","name":"HSEQ-konsulent til Hedehusene | GSV","isPartOf":{"@id":"https:\/\/www.gsv.dk\/#website"},"datePublished":"2025-05-21T13:55:26+00:00","dateModified":"2025-08-07T11:09:18+00:00","breadcrumb":{"@id":"https:\/\/www.gsv.dk\/hseq-konsulent-til-hedehusene-2\/#breadcrumb"},"inLanguage":"en-GB","potentialAction":[{"@type":"ReadAction","target":["https:\/\/www.gsv.dk\/hseq-konsulent-til-hedehusene-2\/"]}]},{"@type":"BreadcrumbList","@id":"https:\/\/www.gsv.dk\/hseq-konsulent-til-hedehusene-2\/#breadcrumb","itemListElement":[{"@type":"ListItem","position":1,"name":"Home","item":"https:\/\/www.gsv.dk\/"},{"@type":"ListItem","position":2,"name":"HSEQ-konsulent til Hedehusene"}]},{"@type":"WebSite","@id":"https:\/\/www.gsv.dk\/#website","url":"https:\/\/www.gsv.dk\/","name":"GSV","description":"GSV materieludlejning","publisher":{"@id":"https:\/\/www.gsv.dk\/#organization"},"potentialAction":[{"@type":"SearchAction","target":{"@type":"EntryPoint","urlTemplate":"https:\/\/www.gsv.dk\/?s={search_term_string}"},"query-input":{"@type":"PropertyValueSpecification","valueRequired":true,"valueName":"search_term_string"}}],"inLanguage":"en-GB"},{"@type":"Organization","@id":"https:\/\/www.gsv.dk\/#organization","name":"GSV Materieludlejning","url":"https:\/\/www.gsv.dk\/","logo":{"@type":"ImageObject","inLanguage":"en-GB","@id":"https:\/\/www.gsv.dk\/#\/schema\/logo\/image\/","url":"https:\/\/www.gsv.dk\/content\/uploads\/2020\/01\/logo-300x134.png","contentUrl":"https:\/\/www.gsv.dk\/content\/uploads\/2020\/01\/logo-300x134.png","width":300,"height":134,"caption":"GSV Materieludlejning"},"image":{"@id":"https:\/\/www.gsv.dk\/#\/schema\/logo\/image\/"},"sameAs":["https:\/\/www.facebook.com\/gsvmaterieludlejning\/","https:\/\/x.com\/GsvMateriel","https:\/\/www.instagram.com\/gsv_materieludlejning\/","https:\/\/www.linkedin.com\/company\/gsv-materieludlejning-a-s","https:\/\/www.youtube.com\/channel\/UCDWOSIoGkwn6bPG7-Kgxqkw"]}]}},"_links":{"self":[{"href":"https:\/\/www.gsv.dk\/en\/wp-json\/wp\/v2\/pages\/3245136","targetHints":{"allow":["GET"]}}],"collection":[{"href":"https:\/\/www.gsv.dk\/en\/wp-json\/wp\/v2\/pages"}],"about":[{"href":"https:\/\/www.gsv.dk\/en\/wp-json\/wp\/v2\/types\/page"}],"author":[{"embeddable":true,"href":"https:\/\/www.gsv.dk\/en\/wp-json\/wp\/v2\/users\/4423"}],"replies":[{"embeddable":true,"href":"https:\/\/www.gsv.dk\/en\/wp-json\/wp\/v2\/comments?post=3245136"}],"version-history":[{"count":4,"href":"https:\/\/www.gsv.dk\/en\/wp-json\/wp\/v2\/pages\/3245136\/revisions"}],"predecessor-version":[{"id":3268785,"href":"https:\/\/www.gsv.dk\/en\/wp-json\/wp\/v2\/pages\/3245136\/revisions\/3268785"}],"wp:attachment":[{"href":"https:\/\/www.gsv.dk\/en\/wp-json\/wp\/v2\/media?parent=3245136"}],"curies":[{"name":"wp","href":"https:\/\/api.w.org\/{rel}","templated":true}]}}