{"id":3208976,"date":"2025-02-27T10:51:56","date_gmt":"2025-02-27T10:51:56","guid":{"rendered":"https:\/\/www.gsv.dk\/?page_id=3208976"},"modified":"2025-03-03T14:26:50","modified_gmt":"2025-03-03T14:26:50","slug":"3b-ipaf-liftkursus-mobile-bomlifte","status":"publish","type":"page","link":"https:\/\/www.gsv.dk\/en\/3b-ipaf-liftkursus-mobile-bomlifte\/","title":{"rendered":"3B IPAF liftkursus &#8211; mobile bomlifte"},"content":{"rendered":"<div\n  class=\"block acf-block acf-block--hero\"\n   id=\"acf-hero-1\"  \n>\n        <div class=\"hero\">\n                                            <div class=\"hero__image\">\n    <div class=\"hero__image-overlay\" style=\"background-color: rgba(0, 0, 0, 0.33)\"><\/div>\n    \n            <picture>\n                <source srcset=\"https:\/\/gsv-imgix.imgix.net\/wordpress-prod\/GSV_Kenny_Sikkerhed_DSC3517.jpg?fit=clip&#038;fm=pjpg&#038;h=550&#038;ixlib=php-3.3.1&#038;w=1440&#038;wpsize=wide_desktop\" media=\"(min-width: 1200px)\"><source srcset=\"https:\/\/gsv-imgix.imgix.net\/wordpress-prod\/GSV_Kenny_Sikkerhed_DSC3517.jpg?fit=clip&#038;fm=pjpg&#038;h=550&#038;ixlib=php-3.3.1&#038;w=1200&#038;wpsize=wide_tablet_landscape\" media=\"(min-width: 900px)\"><source srcset=\"https:\/\/gsv-imgix.imgix.net\/wordpress-prod\/GSV_Kenny_Sikkerhed_DSC3517.jpg?fit=clip&#038;fm=pjpg&#038;h=400&#038;ixlib=php-3.3.1&#038;w=900&#038;wpsize=wide_tablet_portrait\" media=\"(min-width: 600px)\"><source srcset=\"https:\/\/gsv-imgix.imgix.net\/wordpress-prod\/GSV_Kenny_Sikkerhed_DSC3517.jpg?fit=clip&#038;fm=pjpg&#038;h=350&#038;ixlib=php-3.3.1&#038;w=600&#038;wpsize=wide_large_phone\" media=\"(min-width: 414px)\">\n                <img loading=\"lazy\" decoding=\"async\" src=\"https:\/\/gsv-imgix.imgix.net\/wordpress-prod\/GSV_Kenny_Sikkerhed_DSC3517.jpg?fit=clip&#038;fm=pjpg&#038;h=250&#038;ixlib=php-3.3.1&#038;w=414&#038;wpsize=wide_phone\" alt=\"\" title=\"GSV Kenny Sikkerhed DSC3517\" width=\"414\" height=\"250\" \/>\n            <\/picture>\n<\/div>\n\n\n    <div class=\"hero__content\">\n                    <h1 class=\"hero__title\">\n                3B IPAF liftkursus &#8211; mobile bomlifte\n            <\/h1>\n        \n        \n            <\/div>\n                    <\/div>\n    \n    \n      <\/div>\n<div\n  class=\"block acf-block acf-block--text-block\"\n   id=\"acf-text-block-2\"  \n>\n        <div class=\"text-block\">\n    \n    <div class=\"inner inner--small\">\n        \n                    <h2 class=\"l-title\" data-reveal=\"reveal\">3B liftkursus<\/h2>\n        \n                    <div class=\"text-block__body\" data-reveal=\"reveal\">\n                <p>En <strong>3B lift<\/strong> er en type mobil arbejdsplatform, der klassificeres efter den europ\u00e6iske standard for lifte.<\/p>\n\n            <\/div>\n            <\/div>\n<\/div>\n\n      <\/div>\n<div\n  class=\"block acf-block acf-block--text-block\"\n   id=\"acf-text-block-3\"  \n>\n        <div class=\"text-block\">\n    \n    <div class=\"inner inner--small\">\n        \n                    <h2 class=\"l-title\" data-reveal=\"reveal\">Egenskaber for en 3B lift:<\/h2>\n        \n                    <div class=\"text-block__body\" data-reveal=\"reveal\">\n                <ul>\n<li>\u00a0<strong>Type 3<\/strong>: Liften <strong>kan flyttes, mens platformen er h\u00e6vet<\/strong>, hvilket giver stor fleksibilitet.<\/li>\n<li><strong>Kategori B<\/strong>: Platformen kan bev\u00e6ge sig b\u00e5de <strong>lodret og vandret<\/strong> (fx via en teleskop- eller kn\u00e6karmsbom).<\/li>\n<\/ul>\n\n            <\/div>\n            <\/div>\n<\/div>\n\n      <\/div>\n<div\n  class=\"block acf-block acf-block--text-block\"\n   id=\"acf-text-block-4\"  \n>\n        <div class=\"text-block\">\n    \n    <div class=\"inner inner--small\">\n        \n                    <h2 class=\"l-title\" data-reveal=\"reveal\">Eksempler p\u00e5 3B lifte:<\/h2>\n        \n                    <div class=\"text-block__body\" data-reveal=\"reveal\">\n                <ul>\n<li>\u00a0<strong>Bomlift (teleskop- eller kn\u00e6karms bomlift)<\/strong> \u2013 Har en bev\u00e6gelig bom, der g\u00f8r det muligt at n\u00e5 ud over forhindringer og arbejde i varierede h\u00f8jder.<\/li>\n<\/ul>\n\n            <\/div>\n            <\/div>\n<\/div>\n\n      <\/div>\n<div\n  class=\"block acf-block acf-block--text-block\"\n   id=\"acf-text-block-5\"  \n>\n        <div class=\"text-block\">\n    \n    <div class=\"inner inner--small\">\n        \n                    <h2 class=\"l-title\" data-reveal=\"reveal\">Anvendelsesomr\u00e5der:<\/h2>\n        \n                    <div class=\"text-block__body\" data-reveal=\"reveal\">\n                <ul>\n<li>\u00a0Byggepladser, hvor der er behov for stor r\u00e6kkevidde og fleksibilitet.<\/li>\n<li>\u00a0Vedligeholdelse af facader, vinduer og udend\u00f8rs installationer.<\/li>\n<li>\u00a0Tr\u00e6besk\u00e6ring eller arbejde i uj\u00e6vnt terr\u00e6n, hvor bev\u00e6gelighed er vigtig.<\/li>\n<\/ul>\n\n            <\/div>\n            <\/div>\n<\/div>\n\n      <\/div>\n<div\n  class=\"block acf-block acf-block--text-block\"\n   id=\"acf-text-block-6\"  \n>\n        <div class=\"text-block\">\n    \n    <div class=\"inner inner--small\">\n        \n                    <h2 class=\"l-title\" data-reveal=\"reveal\">Kontakt os via denne mail:<\/h2>\n        \n                    <div class=\"text-block__body\" data-reveal=\"reveal\">\n                <p>ipaf@gsv.dk<\/p>\n\n            <\/div>\n            <\/div>\n<\/div>\n\n      <\/div>\n<div\n  class=\"block acf-block acf-block--text-block\"\n   id=\"acf-text-block-7\"  \n>\n        <div class=\"text-block\">\n    \n    <div class=\"inner inner--small\">\n        \n                    <h2 class=\"l-title\" data-reveal=\"reveal\">Priser:<\/h2>\n        \n                    <div class=\"text-block__body\" data-reveal=\"reveal\">\n                <div id=\"acf-text-block-6\" class=\"block acf-block acf-block--text-block\">\n<div class=\"text-block text-block--light-grey has-background\">\n<div class=\"inner inner--small\">\n<div class=\"text-block__body\" data-reveal=\"reveal\">\n<p>Vi har samlet alle priserne p\u00e5 liftkurserne.<\/p>\n<\/div>\n<\/div>\n<\/div>\n<\/div>\n\n            <\/div>\n            <\/div>\n<\/div>\n\n      <\/div>\n<div\n  class=\"block acf-block acf-block--button\"\n   id=\"acf-button-8\"  \n>\n      <div class=\"inner inner--small\">\n            <div data-reveal=\"reveal\">\n        <a\n                        class=\"btn btn--primary-green\"\n                        title=\"Se priser her\"\n                        aria-label=\"Se priser her\"\n                        href=\"https:\/\/www.gsv.dk\/om-gsv-2\/gsv-tilbyder-ipaf-kurser-til-hele-branchen\/\"\n                        rel=\"noreferrer\"\n                        target=\"_blank\">\n                        <span>Se priser her<\/span>\n                        <\/a>\n    <\/div>\n\n          <\/div>\n  <\/div>\n<div\n  class=\"block acf-block acf-block--text-block\"\n   id=\"acf-text-block-9\"  \n>\n        <div class=\"text-block\">\n    \n    <div class=\"inner inner--small\">\n        \n        \n                    <div class=\"text-block__body\" data-reveal=\"reveal\">\n                <p>En <strong>3B lift<\/strong> giver <strong>maksimal mobilitet<\/strong>, da den kan <strong>k\u00f8res i h\u00e6vet position<\/strong>, samtidig med at den kan r\u00e6kke ud til sv\u00e6rt tilg\u00e6ngelige omr\u00e5der.<\/p>\n\n            <\/div>\n            <\/div>\n<\/div>\n\n      <\/div>\n<div\n  class=\"block acf-block acf-block--quick-navigation-block\"\n   id=\"acf-quick-navigation-block-10\"  \n>\n        <div class=\"quick-nav l-category\">\n        \n        <div class=\"inner inner--medium\">\n            \n            \n            <div class=\"l-category__items grid-4\">\n                                                                                <div class=\"l-category__item\">\n                            <a class=\"l-category__link\"\n                               href=\"\/1a-ipaf-liftkursus-statiske-saxlifte-2\/\"\n                               target=\"_blank\"\n                               aria-label=\"L\u00e6s mere om Book IPAF 1A liftkursus\">\n\n                                                                    <div class=\"l-category__image\">\n                                        \n            <picture>\n                \n                <img loading=\"lazy\" decoding=\"async\" src=\"https:\/\/gsv-imgix.imgix.net\/wordpress-prod\/1A-IPAF-liftkursus-Book-hos-GSV.png?fit=clip&#038;fm=png&#038;h=160&#038;ixlib=php-3.3.1&#038;w=280&#038;wpsize=quick_link_image\" alt=\"\" title=\"1A IPAF Liftkursus Book Hos GSV\" width=\"280\" height=\"160\" \/>\n            <\/picture>\n                                    <\/div>\n                                \n                                <span class=\"l-category__item-title\">Book IPAF 1A liftkursus<\/span>\n\n                                <div class=\"l-category__arrow\">\n                                    <svg xmlns=\"http:\/\/www.w3.org\/2000\/svg\" viewbox=\"0 0 31 31\" class=\"\"><path d=\"M15.5 0C24.06 0 31 6.94 31 15.5 31 24.06 24.06 31 15.5 31 6.94 31 0 24.06 0 15.5 0 6.94 6.94 0 15.5 0zm0 .969C7.475.969.969 7.475.969 15.5S7.475 30.031 15.5 30.031 30.031 23.525 30.031 15.5 23.525.969 15.5.969zM13.323 8l6.977 6.846a.922.922 0 01.077 1.22l-.082.092L13.323 23 12 21.694l6.311-6.194L12 9.306 13.323 8z\"\/><\/svg>\n                                <\/div>\n                            <\/a>\n                        <\/div>\n                                                                                                    <div class=\"l-category__item\">\n                            <a class=\"l-category__link\"\n                               href=\"\/1b-ipaf-liftkursus-statiske-bomlifte-2\/\"\n                               target=\"_blank\"\n                               aria-label=\"L\u00e6s mere om Book IPAF 1B liftkursus\">\n\n                                                                    <div class=\"l-category__image\">\n                                        \n            <picture>\n                \n                <img loading=\"lazy\" decoding=\"async\" src=\"https:\/\/gsv-imgix.imgix.net\/wordpress-prod\/1B-IPAF-liftkursus-Book-hos-GSV.png?fit=clip&#038;fm=png&#038;h=160&#038;ixlib=php-3.3.1&#038;w=280&#038;wpsize=quick_link_image\" alt=\"\" title=\"1B IPAF Liftkursus Book Hos GSV\" width=\"280\" height=\"160\" \/>\n            <\/picture>\n                                    <\/div>\n                                \n                                <span class=\"l-category__item-title\">Book IPAF 1B liftkursus<\/span>\n\n                                <div class=\"l-category__arrow\">\n                                    <svg xmlns=\"http:\/\/www.w3.org\/2000\/svg\" viewbox=\"0 0 31 31\" class=\"\"><path d=\"M15.5 0C24.06 0 31 6.94 31 15.5 31 24.06 24.06 31 15.5 31 6.94 31 0 24.06 0 15.5 0 6.94 6.94 0 15.5 0zm0 .969C7.475.969.969 7.475.969 15.5S7.475 30.031 15.5 30.031 30.031 23.525 30.031 15.5 23.525.969 15.5.969zM13.323 8l6.977 6.846a.922.922 0 01.077 1.22l-.082.092L13.323 23 12 21.694l6.311-6.194L12 9.306 13.323 8z\"\/><\/svg>\n                                <\/div>\n                            <\/a>\n                        <\/div>\n                                                                                                    <div class=\"l-category__item\">\n                            <a class=\"l-category__link\"\n                               href=\"\/3a-ipaf-liftkursus-mobile-saxlifte\/\"\n                               target=\"_blank\"\n                               aria-label=\"L\u00e6s mere om Book IPAF 3A liftkursus\">\n\n                                                                    <div class=\"l-category__image\">\n                                        \n            <picture>\n                \n                <img loading=\"lazy\" decoding=\"async\" src=\"https:\/\/gsv-imgix.imgix.net\/wordpress-prod\/3A-IPAF-liftkursus-Book-hos-GSV.png?fit=clip&#038;fm=png&#038;h=160&#038;ixlib=php-3.3.1&#038;w=280&#038;wpsize=quick_link_image\" alt=\"\" title=\"3A IPAF Liftkursus Book Hos GSV\" width=\"280\" height=\"160\" \/>\n            <\/picture>\n                                    <\/div>\n                                \n                                <span class=\"l-category__item-title\">Book IPAF 3A liftkursus<\/span>\n\n                                <div class=\"l-category__arrow\">\n                                    <svg xmlns=\"http:\/\/www.w3.org\/2000\/svg\" viewbox=\"0 0 31 31\" class=\"\"><path d=\"M15.5 0C24.06 0 31 6.94 31 15.5 31 24.06 24.06 31 15.5 31 6.94 31 0 24.06 0 15.5 0 6.94 6.94 0 15.5 0zm0 .969C7.475.969.969 7.475.969 15.5S7.475 30.031 15.5 30.031 30.031 23.525 30.031 15.5 23.525.969 15.5.969zM13.323 8l6.977 6.846a.922.922 0 01.077 1.22l-.082.092L13.323 23 12 21.694l6.311-6.194L12 9.306 13.323 8z\"\/><\/svg>\n                                <\/div>\n                            <\/a>\n                        <\/div>\n                                                                                                    <div class=\"l-category__item\">\n                            <a class=\"l-category__link\"\n                               href=\"\/pav-ipaf-liftkursus-manuelt-flyttet-lodrettet-lift\/\"\n                               target=\"_blank\"\n                               aria-label=\"L\u00e6s mere om Book IPAF PAV liftkursus\">\n\n                                                                    <div class=\"l-category__image\">\n                                        \n            <picture>\n                \n                <img loading=\"lazy\" decoding=\"async\" src=\"https:\/\/gsv-imgix.imgix.net\/wordpress-prod\/PAV-IPAF-liftkursus-Book-hos-GSV.png?fit=clip&#038;fm=png&#038;h=160&#038;ixlib=php-3.3.1&#038;w=280&#038;wpsize=quick_link_image\" alt=\"\" title=\"PAV IPAF Liftkursus Book Hos GSV\" width=\"280\" height=\"160\" \/>\n            <\/picture>\n                                    <\/div>\n                                \n                                <span class=\"l-category__item-title\">Book IPAF PAV liftkursus<\/span>\n\n                                <div class=\"l-category__arrow\">\n                                    <svg xmlns=\"http:\/\/www.w3.org\/2000\/svg\" viewbox=\"0 0 31 31\" class=\"\"><path d=\"M15.5 0C24.06 0 31 6.94 31 15.5 31 24.06 24.06 31 15.5 31 6.94 31 0 24.06 0 15.5 0 6.94 6.94 0 15.5 0zm0 .969C7.475.969.969 7.475.969 15.5S7.475 30.031 15.5 30.031 30.031 23.525 30.031 15.5 23.525.969 15.5.969zM13.323 8l6.977 6.846a.922.922 0 01.077 1.22l-.082.092L13.323 23 12 21.694l6.311-6.194L12 9.306 13.323 8z\"\/><\/svg>\n                                <\/div>\n                            <\/a>\n                        <\/div>\n                                                <\/div>\n\n                    <\/div>\n    <\/div>\n\n      <\/div>\n<div\n  class=\"block acf-block acf-block--text-block\"\n   id=\"acf-text-block-11\"  \n>\n        <div class=\"text-block\">\n    \n    <div class=\"inner inner--small\">\n        \n        \n            <\/div>\n<\/div>\n\n      <\/div>","protected":false},"excerpt":{"rendered":"","protected":false},"author":4423,"featured_media":0,"parent":0,"menu_order":9,"comment_status":"closed","ping_status":"closed","template":"","meta":{"_acf_changed":false,"footnotes":""},"class_list":["post-3208976","page","type-page","status-publish","hentry"],"acf":[],"yoast_head":"<!-- This site is optimized with the Yoast SEO plugin v25.9 - https:\/\/yoast.com\/wordpress\/plugins\/seo\/ -->\n<title>3B IPAF liftkursus - mobile bomlifte | GSV<\/title>\n<meta name=\"robots\" content=\"index, follow, max-snippet:-1, max-image-preview:large, max-video-preview:-1\" \/>\n<link rel=\"canonical\" href=\"https:\/\/www.gsv.dk\/en\/3b-ipaf-liftkursus-mobile-bomlifte\/\" \/>\n<meta property=\"og:locale\" content=\"en_GB\" \/>\n<meta property=\"og:type\" content=\"article\" \/>\n<meta property=\"og:title\" content=\"3B IPAF liftkursus - mobile bomlifte | GSV\" \/>\n<meta property=\"og:url\" content=\"https:\/\/www.gsv.dk\/en\/3b-ipaf-liftkursus-mobile-bomlifte\/\" \/>\n<meta property=\"og:site_name\" content=\"GSV\" \/>\n<meta property=\"article:publisher\" content=\"https:\/\/www.facebook.com\/gsvmaterieludlejning\/\" \/>\n<meta property=\"article:modified_time\" content=\"2025-03-03T14:26:50+00:00\" \/>\n<meta property=\"og:image\" content=\"https:\/\/www.gsv.dk\/content\/uploads\/2020\/01\/logo-300x134.png\" \/>\n\t<meta property=\"og:image:width\" content=\"300\" \/>\n\t<meta property=\"og:image:height\" content=\"134\" \/>\n\t<meta property=\"og:image:type\" content=\"image\/png\" \/>\n<meta name=\"twitter:card\" content=\"summary_large_image\" \/>\n<meta name=\"twitter:site\" content=\"@GsvMateriel\" \/>\n<script type=\"application\/ld+json\" class=\"yoast-schema-graph\">{\"@context\":\"https:\/\/schema.org\",\"@graph\":[{\"@type\":\"WebPage\",\"@id\":\"https:\/\/www.gsv.dk\/3b-ipaf-liftkursus-mobile-bomlifte\/\",\"url\":\"https:\/\/www.gsv.dk\/3b-ipaf-liftkursus-mobile-bomlifte\/\",\"name\":\"3B IPAF liftkursus - mobile bomlifte | GSV\",\"isPartOf\":{\"@id\":\"https:\/\/www.gsv.dk\/#website\"},\"datePublished\":\"2025-02-27T10:51:56+00:00\",\"dateModified\":\"2025-03-03T14:26:50+00:00\",\"breadcrumb\":{\"@id\":\"https:\/\/www.gsv.dk\/3b-ipaf-liftkursus-mobile-bomlifte\/#breadcrumb\"},\"inLanguage\":\"en-GB\",\"potentialAction\":[{\"@type\":\"ReadAction\",\"target\":[\"https:\/\/www.gsv.dk\/3b-ipaf-liftkursus-mobile-bomlifte\/\"]}]},{\"@type\":\"BreadcrumbList\",\"@id\":\"https:\/\/www.gsv.dk\/3b-ipaf-liftkursus-mobile-bomlifte\/#breadcrumb\",\"itemListElement\":[{\"@type\":\"ListItem\",\"position\":1,\"name\":\"Home\",\"item\":\"https:\/\/www.gsv.dk\/\"},{\"@type\":\"ListItem\",\"position\":2,\"name\":\"3B IPAF liftkursus &#8211; mobile bomlifte\"}]},{\"@type\":\"WebSite\",\"@id\":\"https:\/\/www.gsv.dk\/#website\",\"url\":\"https:\/\/www.gsv.dk\/\",\"name\":\"GSV\",\"description\":\"GSV materieludlejning\",\"publisher\":{\"@id\":\"https:\/\/www.gsv.dk\/#organization\"},\"potentialAction\":[{\"@type\":\"SearchAction\",\"target\":{\"@type\":\"EntryPoint\",\"urlTemplate\":\"https:\/\/www.gsv.dk\/?s={search_term_string}\"},\"query-input\":{\"@type\":\"PropertyValueSpecification\",\"valueRequired\":true,\"valueName\":\"search_term_string\"}}],\"inLanguage\":\"en-GB\"},{\"@type\":\"Organization\",\"@id\":\"https:\/\/www.gsv.dk\/#organization\",\"name\":\"GSV Materieludlejning\",\"url\":\"https:\/\/www.gsv.dk\/\",\"logo\":{\"@type\":\"ImageObject\",\"inLanguage\":\"en-GB\",\"@id\":\"https:\/\/www.gsv.dk\/#\/schema\/logo\/image\/\",\"url\":\"https:\/\/www.gsv.dk\/content\/uploads\/2020\/01\/logo-300x134.png\",\"contentUrl\":\"https:\/\/www.gsv.dk\/content\/uploads\/2020\/01\/logo-300x134.png\",\"width\":300,\"height\":134,\"caption\":\"GSV Materieludlejning\"},\"image\":{\"@id\":\"https:\/\/www.gsv.dk\/#\/schema\/logo\/image\/\"},\"sameAs\":[\"https:\/\/www.facebook.com\/gsvmaterieludlejning\/\",\"https:\/\/x.com\/GsvMateriel\",\"https:\/\/www.instagram.com\/gsv_materieludlejning\/\",\"https:\/\/www.linkedin.com\/company\/gsv-materieludlejning-a-s\",\"https:\/\/www.youtube.com\/channel\/UCDWOSIoGkwn6bPG7-Kgxqkw\"]}]}<\/script>\n<!-- \/ Yoast SEO plugin. -->","yoast_head_json":{"title":"3B IPAF liftkursus - mobile bomlifte | GSV","robots":{"index":"index","follow":"follow","max-snippet":"max-snippet:-1","max-image-preview":"max-image-preview:large","max-video-preview":"max-video-preview:-1"},"canonical":"https:\/\/www.gsv.dk\/en\/3b-ipaf-liftkursus-mobile-bomlifte\/","og_locale":"en_GB","og_type":"article","og_title":"3B IPAF liftkursus - mobile bomlifte | GSV","og_url":"https:\/\/www.gsv.dk\/en\/3b-ipaf-liftkursus-mobile-bomlifte\/","og_site_name":"GSV","article_publisher":"https:\/\/www.facebook.com\/gsvmaterieludlejning\/","article_modified_time":"2025-03-03T14:26:50+00:00","og_image":[{"width":300,"height":134,"url":"https:\/\/www.gsv.dk\/content\/uploads\/2020\/01\/logo-300x134.png","type":"image\/png"}],"twitter_card":"summary_large_image","twitter_site":"@GsvMateriel","schema":{"@context":"https:\/\/schema.org","@graph":[{"@type":"WebPage","@id":"https:\/\/www.gsv.dk\/3b-ipaf-liftkursus-mobile-bomlifte\/","url":"https:\/\/www.gsv.dk\/3b-ipaf-liftkursus-mobile-bomlifte\/","name":"3B IPAF liftkursus - mobile bomlifte | GSV","isPartOf":{"@id":"https:\/\/www.gsv.dk\/#website"},"datePublished":"2025-02-27T10:51:56+00:00","dateModified":"2025-03-03T14:26:50+00:00","breadcrumb":{"@id":"https:\/\/www.gsv.dk\/3b-ipaf-liftkursus-mobile-bomlifte\/#breadcrumb"},"inLanguage":"en-GB","potentialAction":[{"@type":"ReadAction","target":["https:\/\/www.gsv.dk\/3b-ipaf-liftkursus-mobile-bomlifte\/"]}]},{"@type":"BreadcrumbList","@id":"https:\/\/www.gsv.dk\/3b-ipaf-liftkursus-mobile-bomlifte\/#breadcrumb","itemListElement":[{"@type":"ListItem","position":1,"name":"Home","item":"https:\/\/www.gsv.dk\/"},{"@type":"ListItem","position":2,"name":"3B IPAF liftkursus &#8211; mobile bomlifte"}]},{"@type":"WebSite","@id":"https:\/\/www.gsv.dk\/#website","url":"https:\/\/www.gsv.dk\/","name":"GSV","description":"GSV materieludlejning","publisher":{"@id":"https:\/\/www.gsv.dk\/#organization"},"potentialAction":[{"@type":"SearchAction","target":{"@type":"EntryPoint","urlTemplate":"https:\/\/www.gsv.dk\/?s={search_term_string}"},"query-input":{"@type":"PropertyValueSpecification","valueRequired":true,"valueName":"search_term_string"}}],"inLanguage":"en-GB"},{"@type":"Organization","@id":"https:\/\/www.gsv.dk\/#organization","name":"GSV Materieludlejning","url":"https:\/\/www.gsv.dk\/","logo":{"@type":"ImageObject","inLanguage":"en-GB","@id":"https:\/\/www.gsv.dk\/#\/schema\/logo\/image\/","url":"https:\/\/www.gsv.dk\/content\/uploads\/2020\/01\/logo-300x134.png","contentUrl":"https:\/\/www.gsv.dk\/content\/uploads\/2020\/01\/logo-300x134.png","width":300,"height":134,"caption":"GSV Materieludlejning"},"image":{"@id":"https:\/\/www.gsv.dk\/#\/schema\/logo\/image\/"},"sameAs":["https:\/\/www.facebook.com\/gsvmaterieludlejning\/","https:\/\/x.com\/GsvMateriel","https:\/\/www.instagram.com\/gsv_materieludlejning\/","https:\/\/www.linkedin.com\/company\/gsv-materieludlejning-a-s","https:\/\/www.youtube.com\/channel\/UCDWOSIoGkwn6bPG7-Kgxqkw"]}]}},"_links":{"self":[{"href":"https:\/\/www.gsv.dk\/en\/wp-json\/wp\/v2\/pages\/3208976","targetHints":{"allow":["GET"]}}],"collection":[{"href":"https:\/\/www.gsv.dk\/en\/wp-json\/wp\/v2\/pages"}],"about":[{"href":"https:\/\/www.gsv.dk\/en\/wp-json\/wp\/v2\/types\/page"}],"author":[{"embeddable":true,"href":"https:\/\/www.gsv.dk\/en\/wp-json\/wp\/v2\/users\/4423"}],"replies":[{"embeddable":true,"href":"https:\/\/www.gsv.dk\/en\/wp-json\/wp\/v2\/comments?post=3208976"}],"version-history":[{"count":6,"href":"https:\/\/www.gsv.dk\/en\/wp-json\/wp\/v2\/pages\/3208976\/revisions"}],"predecessor-version":[{"id":3211722,"href":"https:\/\/www.gsv.dk\/en\/wp-json\/wp\/v2\/pages\/3208976\/revisions\/3211722"}],"wp:attachment":[{"href":"https:\/\/www.gsv.dk\/en\/wp-json\/wp\/v2\/media?parent=3208976"}],"curies":[{"name":"wp","href":"https:\/\/api.w.org\/{rel}","templated":true}]}}