{"id":3116122,"date":"2025-01-17T12:52:55","date_gmt":"2025-01-17T12:52:55","guid":{"rendered":"https:\/\/www.gsv.dk\/?page_id=3116122"},"modified":"2025-01-17T12:59:17","modified_gmt":"2025-01-17T12:59:17","slug":"chauffoer-til-kalundborg-2","status":"publish","type":"page","link":"https:\/\/www.gsv.dk\/en\/chauffoer-til-kalundborg-2\/","title":{"rendered":"Udek\u00f8rende mont\u00f8r til Odense"},"content":{"rendered":"<div\n  class=\"block acf-block acf-block--hero\"\n   id=\"acf-hero-1\"  \n>\n        <div class=\"hero\">\n                                            <div class=\"hero__image\">\n    <div class=\"hero__image-overlay\" style=\"background-color: rgba(0, 0, 0, 0.33)\"><\/div>\n    \n            <picture>\n                <source srcset=\"https:\/\/gsv-imgix.imgix.net\/wordpress-prod\/Carsten.jpg?fit=clip&#038;fm=pjpg&#038;h=550&#038;ixlib=php-3.3.1&#038;w=1440&#038;wpsize=wide_desktop\" media=\"(min-width: 1200px)\"><source srcset=\"https:\/\/gsv-imgix.imgix.net\/wordpress-prod\/Carsten.jpg?fit=clip&#038;fm=pjpg&#038;h=550&#038;ixlib=php-3.3.1&#038;w=1200&#038;wpsize=wide_tablet_landscape\" media=\"(min-width: 900px)\"><source srcset=\"https:\/\/gsv-imgix.imgix.net\/wordpress-prod\/Carsten.jpg?fit=clip&#038;fm=pjpg&#038;h=400&#038;ixlib=php-3.3.1&#038;w=900&#038;wpsize=wide_tablet_portrait\" media=\"(min-width: 600px)\"><source srcset=\"https:\/\/gsv-imgix.imgix.net\/wordpress-prod\/Carsten.jpg?fit=clip&#038;fm=pjpg&#038;h=350&#038;ixlib=php-3.3.1&#038;w=600&#038;wpsize=wide_large_phone\" media=\"(min-width: 414px)\">\n                <img loading=\"lazy\" decoding=\"async\" src=\"https:\/\/gsv-imgix.imgix.net\/wordpress-prod\/Carsten.jpg?fit=clip&#038;fm=pjpg&#038;h=250&#038;ixlib=php-3.3.1&#038;w=414&#038;wpsize=wide_phone\" alt=\"\" title=\"Carsten\" width=\"414\" height=\"250\" \/>\n            <\/picture>\n<\/div>\n\n\n    <div class=\"hero__content\">\n                    <h1 class=\"hero__title\">\n                Udek\u00f8rende mont\u00f8r til Odense\n            <\/h1>\n        \n        \n            <\/div>\n                    <\/div>\n    \n    \n      <\/div>\n<div\n  class=\"block acf-block acf-block--text-block\"\n   id=\"acf-text-block-2\"  \n>\n        <div class=\"text-block\">\n    \n    <div class=\"inner inner--small\">\n        \n                    <h2 class=\"l-title\" data-reveal=\"reveal\">Bliv en del af GSV<\/h2>\n        \n                    <div class=\"text-block__body\" data-reveal=\"reveal\">\n                <p><em>Som Danmarks st\u00f8rste udlejer af materiel til bygge- og anl\u00e6gsopgaver har vi rygende travlt og derfor har vi brug for flere folk til at servicere vores kunder p\u00e5 byggepladserne rundt omkring p\u00e5 Fyn, hvor du f\u00e5r ansvar for at vores maskiner lever op til vores h\u00f8je kvalitetskrav.\u00a0<\/em><\/p>\n<p><em>Hos os f\u00e5r du fantastiske kolleger og gode muligheder for at udvikle dig. Lyder det interessant? S\u00e5 l\u00e6s videre.<br \/>\n<\/em><\/p>\n<p><strong>Et selvst\u00e6ndigt og alsidigt job<\/strong><\/p>\n<p>Du bliver en del af vores v\u00e6rksted i Odense, hvor vi er 3 udek\u00f8rende servicemont\u00f8rer og 4 mekanikere Vi har en stor variation i vores opgaver og vi laver alle slags reparationer, servicering, vedligeholdelse og \u00e5rseftersyn, etc. p\u00e5 vores udlejningsmaskiner.<\/p>\n<p><em>\u201dDet er vores opgave at s\u00f8rge for, at maskinerne virker optimalt, n\u00e5r de er udlejet. Vores samarbejde med vores kunder og kollegaer er afg\u00f8rende for, at vi kan lykkes. Jeg tror p\u00e5, at \u00e6rlighed er grundlaget for et godt samarbejde, og jeg arbejder altid for at skabe et milj\u00f8 pr\u00e6get af \u00e5benhed og tillid.\u201d <\/em><\/p>\n<p>fort\u00e6ller Casper Wallin, V\u00e6rkstedschef, Odense<\/p>\n<p>Du f\u00e5r din egen servicebil, s\u00e5 der er mulighed for at k\u00f8re ud hjemmefra. Vi arbejder digitalt, s\u00e5 dine opgaver er planlagt i vores servicesystemapp. Det er ogs\u00e5 her, du kan logge dine opgaver, tider og reparationer.<\/p>\n<p>Du f\u00e5r derfor en arbejdstelefon til at holde styr p\u00e5 din hverdag.<\/p>\n<p>Som servicemont\u00f8r hos GSV f\u00e5r du selv mulighed for at byde ind p\u00e5 dine opgaver og planl\u00e6gge din dag. Vi s\u00f8rger for en god opl\u00e6ring p\u00e5 opgaverne. Selvom du kommer til at arbejde selvst\u00e6ndigt, s\u00e5 vil du have daglig sparring med dine kolleger og vil opleve at du har frihed under ansvar.<\/p>\n<p><strong>Faglig og social udvikling<\/strong><\/p>\n<p>GSV er klar til at hj\u00e6lpe dig i din udvikling med uddannelse og b\u00e5de interne og eksterne kurser. Vi laver en individuel uddannelsesplan hvis du har behov for det.<\/p>\n<p>Vi har det sjovt \u2013 b\u00e5de p\u00e5 v\u00e6rkstedet, men ogs\u00e5 n\u00e5r det ikke handler om arbejde.<\/p>\n<p><strong>M\u00e5 vi byde dig indenfor?<\/strong><\/p>\n<p>Vi leder efter en kollega, som kan spille ind i vores gode samarbejde \u2013 som er hj\u00e6lpsom, og som kommer med intentionen om at g\u00f8re vores kunder glade. Det er det, vi lever af. Vi forestiller os, at du:<\/p>\n<ul>\n<li>er uddannet entrepren\u00f8rmekaniker, liftmekaniker, landbrugsmaskinmekaniker, lastvognsmekaniker eller automekaniker \u2013 det kan ogs\u00e5 v\u00e6re, du er selvl\u00e6rt, og at du har en passion for og erfaring med at reparere maskiner<\/li>\n<li>er klar til at l\u00e6re en masse og udvikle dig<\/li>\n<li>har k\u00f8rekort, og gerne truckcertifikat<\/li>\n<li>taler og skriver dansk.<\/li>\n<\/ul>\n\n            <\/div>\n            <\/div>\n<\/div>\n\n      <\/div>\n<div\n  class=\"block acf-block acf-block--text-block\"\n   id=\"acf-text-block-3\"  \n>\n        <div class=\"text-block text-block--light-grey has-background\">\n            <div class=\"bgw background--light-grey\" data-reveal=\"bgw\"><\/div>\n    \n    <div class=\"inner inner--small\">\n        \n                    <h2 class=\"l-title\" data-reveal=\"reveal\">Vi ser frem til at h\u00f8re fra dig!<\/h2>\n        \n                    <div class=\"text-block__body\" data-reveal=\"reveal\">\n                <p><strong>Vi ser frem til at h\u00f8re fra dig<\/strong><br \/>\nEr du parat til godt socialt samv\u00e6r og udviklingsmuligheder? S\u00e5 send os en ans\u00f8gning og et CV via linket nedenfor. Vi inviterer til samtaler l\u00f8bende, s\u00e5 s\u00f8rg for at ans\u00f8ge hurtigst muligt.<\/p>\n<p>Har du sp\u00f8rgsm\u00e5l til din kommende stilling eller afdeling, s\u00e5 er du meget velkommen til at kontakte Casper Wallin, V\u00e6rkstedschef, Odense 2967 4345<\/p>\n<p>Grundet persondataforordningen modtager vi ikke CV og ans\u00f8gning p\u00e5 mail.<\/p>\n\n            <\/div>\n            <\/div>\n<\/div>\n\n      <\/div>\n<div\n  class=\"block acf-block acf-block--button\"\n   id=\"acf-button-4\"  \n>\n      <div class=\"inner inner--small\">\n            <div data-reveal=\"reveal\">\n        <a\n                        class=\"btn btn--primary-green\"\n                        title=\"S\u00f8g Stillingen\"\n                        aria-label=\"S\u00f8g Stillingen\"\n                        href=\"https:\/\/mkjobgsv.azurewebsites.net\/da-dk\/Application.aspx?VID=0233\"\n                        rel=\"noreferrer\"\n                        target=\"_blank\">\n                        <span>S\u00f8g Stillingen<\/span>\n                        <\/a>\n    <\/div>\n\n          <\/div>\n  <\/div>\n<div\n  class=\"block acf-block acf-block--text-block\"\n   id=\"acf-text-block-5\"  \n>\n        <div class=\"text-block text-block--light-grey has-background\">\n            <div class=\"bgw background--light-grey\" data-reveal=\"bgw\"><\/div>\n    \n    <div class=\"inner inner--small\">\n        \n                    <h2 class=\"l-title\" data-reveal=\"reveal\">About GSV<\/h2>\n        \n                    <div class=\"text-block__body\" data-reveal=\"reveal\">\n                <p>GSV er Danmarks f\u00f8rende materieludlejer med materiel til alle bygge- og anl\u00e6gsopgaver. Uanset om det drejer sig om sm\u00e5t h\u00e5ndv\u00e6rkt\u00f8j til en mindre byggeopgave eller de helt store maskiner, der skal i brug, n\u00e5r Danmarks motorveje, broer og metroer anl\u00e6gges. Vi har afdelinger i hele landet og leverer lige til d\u00f8ren eller byggepladsen.<\/p>\n<p>GSV er en innovativ samarbejdspartner og vi vil gerne v\u00e6re med til at tage ansvar for Danmarks fremtid. Hos GSV s\u00f8ger vi henimod at blive mere b\u00e6redygtige, digitaliseret og vigtigst af alt, har vi altid fokus p\u00e5 mennesker.<\/p>\n<p>L\u00e6s mere om at arbejde hos os <a href=\"https:\/\/www.gsv.dk\/job-i-gsv-2\/gsv-som-arbejdsplads\/\">her<\/a>.<\/p>\n\n            <\/div>\n            <\/div>\n<\/div>\n\n      <\/div>","protected":false},"excerpt":{"rendered":"","protected":false},"author":4423,"featured_media":0,"parent":0,"menu_order":9,"comment_status":"closed","ping_status":"closed","template":"","meta":{"_acf_changed":false,"footnotes":""},"class_list":["post-3116122","page","type-page","status-publish","hentry"],"acf":[],"yoast_head":"<!-- This site is optimized with the Yoast SEO plugin v25.9 - https:\/\/yoast.com\/wordpress\/plugins\/seo\/ -->\n<title>Udek\u00f8rende mont\u00f8r til Odense | GSV<\/title>\n<meta name=\"robots\" content=\"index, follow, max-snippet:-1, max-image-preview:large, max-video-preview:-1\" \/>\n<link rel=\"canonical\" href=\"https:\/\/www.gsv.dk\/en\/chauffoer-til-kalundborg-2\/\" \/>\n<meta property=\"og:locale\" content=\"en_GB\" \/>\n<meta property=\"og:type\" content=\"article\" \/>\n<meta property=\"og:title\" content=\"Udek\u00f8rende mont\u00f8r til Odense | GSV\" \/>\n<meta property=\"og:url\" content=\"https:\/\/www.gsv.dk\/en\/chauffoer-til-kalundborg-2\/\" \/>\n<meta property=\"og:site_name\" content=\"GSV\" \/>\n<meta property=\"article:publisher\" content=\"https:\/\/www.facebook.com\/gsvmaterieludlejning\/\" \/>\n<meta property=\"article:modified_time\" content=\"2025-01-17T12:59:17+00:00\" \/>\n<meta property=\"og:image\" content=\"https:\/\/www.gsv.dk\/content\/uploads\/2020\/01\/logo-300x134.png\" \/>\n\t<meta property=\"og:image:width\" content=\"300\" \/>\n\t<meta property=\"og:image:height\" content=\"134\" \/>\n\t<meta property=\"og:image:type\" content=\"image\/png\" \/>\n<meta name=\"twitter:card\" content=\"summary_large_image\" \/>\n<meta name=\"twitter:site\" content=\"@GsvMateriel\" \/>\n<script type=\"application\/ld+json\" class=\"yoast-schema-graph\">{\"@context\":\"https:\/\/schema.org\",\"@graph\":[{\"@type\":\"WebPage\",\"@id\":\"https:\/\/www.gsv.dk\/chauffoer-til-kalundborg-2\/\",\"url\":\"https:\/\/www.gsv.dk\/chauffoer-til-kalundborg-2\/\",\"name\":\"Udek\u00f8rende mont\u00f8r til Odense | GSV\",\"isPartOf\":{\"@id\":\"https:\/\/www.gsv.dk\/#website\"},\"datePublished\":\"2025-01-17T12:52:55+00:00\",\"dateModified\":\"2025-01-17T12:59:17+00:00\",\"breadcrumb\":{\"@id\":\"https:\/\/www.gsv.dk\/chauffoer-til-kalundborg-2\/#breadcrumb\"},\"inLanguage\":\"en-GB\",\"potentialAction\":[{\"@type\":\"ReadAction\",\"target\":[\"https:\/\/www.gsv.dk\/chauffoer-til-kalundborg-2\/\"]}]},{\"@type\":\"BreadcrumbList\",\"@id\":\"https:\/\/www.gsv.dk\/chauffoer-til-kalundborg-2\/#breadcrumb\",\"itemListElement\":[{\"@type\":\"ListItem\",\"position\":1,\"name\":\"Home\",\"item\":\"https:\/\/www.gsv.dk\/\"},{\"@type\":\"ListItem\",\"position\":2,\"name\":\"Udek\u00f8rende mont\u00f8r til Odense\"}]},{\"@type\":\"WebSite\",\"@id\":\"https:\/\/www.gsv.dk\/#website\",\"url\":\"https:\/\/www.gsv.dk\/\",\"name\":\"GSV\",\"description\":\"GSV materieludlejning\",\"publisher\":{\"@id\":\"https:\/\/www.gsv.dk\/#organization\"},\"potentialAction\":[{\"@type\":\"SearchAction\",\"target\":{\"@type\":\"EntryPoint\",\"urlTemplate\":\"https:\/\/www.gsv.dk\/?s={search_term_string}\"},\"query-input\":{\"@type\":\"PropertyValueSpecification\",\"valueRequired\":true,\"valueName\":\"search_term_string\"}}],\"inLanguage\":\"en-GB\"},{\"@type\":\"Organization\",\"@id\":\"https:\/\/www.gsv.dk\/#organization\",\"name\":\"GSV Materieludlejning\",\"url\":\"https:\/\/www.gsv.dk\/\",\"logo\":{\"@type\":\"ImageObject\",\"inLanguage\":\"en-GB\",\"@id\":\"https:\/\/www.gsv.dk\/#\/schema\/logo\/image\/\",\"url\":\"https:\/\/www.gsv.dk\/content\/uploads\/2020\/01\/logo-300x134.png\",\"contentUrl\":\"https:\/\/www.gsv.dk\/content\/uploads\/2020\/01\/logo-300x134.png\",\"width\":300,\"height\":134,\"caption\":\"GSV Materieludlejning\"},\"image\":{\"@id\":\"https:\/\/www.gsv.dk\/#\/schema\/logo\/image\/\"},\"sameAs\":[\"https:\/\/www.facebook.com\/gsvmaterieludlejning\/\",\"https:\/\/x.com\/GsvMateriel\",\"https:\/\/www.instagram.com\/gsv_materieludlejning\/\",\"https:\/\/www.linkedin.com\/company\/gsv-materieludlejning-a-s\",\"https:\/\/www.youtube.com\/channel\/UCDWOSIoGkwn6bPG7-Kgxqkw\"]}]}<\/script>\n<!-- \/ Yoast SEO plugin. -->","yoast_head_json":{"title":"Udek\u00f8rende mont\u00f8r til Odense | GSV","robots":{"index":"index","follow":"follow","max-snippet":"max-snippet:-1","max-image-preview":"max-image-preview:large","max-video-preview":"max-video-preview:-1"},"canonical":"https:\/\/www.gsv.dk\/en\/chauffoer-til-kalundborg-2\/","og_locale":"en_GB","og_type":"article","og_title":"Udek\u00f8rende mont\u00f8r til Odense | GSV","og_url":"https:\/\/www.gsv.dk\/en\/chauffoer-til-kalundborg-2\/","og_site_name":"GSV","article_publisher":"https:\/\/www.facebook.com\/gsvmaterieludlejning\/","article_modified_time":"2025-01-17T12:59:17+00:00","og_image":[{"width":300,"height":134,"url":"https:\/\/www.gsv.dk\/content\/uploads\/2020\/01\/logo-300x134.png","type":"image\/png"}],"twitter_card":"summary_large_image","twitter_site":"@GsvMateriel","schema":{"@context":"https:\/\/schema.org","@graph":[{"@type":"WebPage","@id":"https:\/\/www.gsv.dk\/chauffoer-til-kalundborg-2\/","url":"https:\/\/www.gsv.dk\/chauffoer-til-kalundborg-2\/","name":"Udek\u00f8rende mont\u00f8r til Odense | GSV","isPartOf":{"@id":"https:\/\/www.gsv.dk\/#website"},"datePublished":"2025-01-17T12:52:55+00:00","dateModified":"2025-01-17T12:59:17+00:00","breadcrumb":{"@id":"https:\/\/www.gsv.dk\/chauffoer-til-kalundborg-2\/#breadcrumb"},"inLanguage":"en-GB","potentialAction":[{"@type":"ReadAction","target":["https:\/\/www.gsv.dk\/chauffoer-til-kalundborg-2\/"]}]},{"@type":"BreadcrumbList","@id":"https:\/\/www.gsv.dk\/chauffoer-til-kalundborg-2\/#breadcrumb","itemListElement":[{"@type":"ListItem","position":1,"name":"Home","item":"https:\/\/www.gsv.dk\/"},{"@type":"ListItem","position":2,"name":"Udek\u00f8rende mont\u00f8r til Odense"}]},{"@type":"WebSite","@id":"https:\/\/www.gsv.dk\/#website","url":"https:\/\/www.gsv.dk\/","name":"GSV","description":"GSV materieludlejning","publisher":{"@id":"https:\/\/www.gsv.dk\/#organization"},"potentialAction":[{"@type":"SearchAction","target":{"@type":"EntryPoint","urlTemplate":"https:\/\/www.gsv.dk\/?s={search_term_string}"},"query-input":{"@type":"PropertyValueSpecification","valueRequired":true,"valueName":"search_term_string"}}],"inLanguage":"en-GB"},{"@type":"Organization","@id":"https:\/\/www.gsv.dk\/#organization","name":"GSV Materieludlejning","url":"https:\/\/www.gsv.dk\/","logo":{"@type":"ImageObject","inLanguage":"en-GB","@id":"https:\/\/www.gsv.dk\/#\/schema\/logo\/image\/","url":"https:\/\/www.gsv.dk\/content\/uploads\/2020\/01\/logo-300x134.png","contentUrl":"https:\/\/www.gsv.dk\/content\/uploads\/2020\/01\/logo-300x134.png","width":300,"height":134,"caption":"GSV Materieludlejning"},"image":{"@id":"https:\/\/www.gsv.dk\/#\/schema\/logo\/image\/"},"sameAs":["https:\/\/www.facebook.com\/gsvmaterieludlejning\/","https:\/\/x.com\/GsvMateriel","https:\/\/www.instagram.com\/gsv_materieludlejning\/","https:\/\/www.linkedin.com\/company\/gsv-materieludlejning-a-s","https:\/\/www.youtube.com\/channel\/UCDWOSIoGkwn6bPG7-Kgxqkw"]}]}},"_links":{"self":[{"href":"https:\/\/www.gsv.dk\/en\/wp-json\/wp\/v2\/pages\/3116122","targetHints":{"allow":["GET"]}}],"collection":[{"href":"https:\/\/www.gsv.dk\/en\/wp-json\/wp\/v2\/pages"}],"about":[{"href":"https:\/\/www.gsv.dk\/en\/wp-json\/wp\/v2\/types\/page"}],"author":[{"embeddable":true,"href":"https:\/\/www.gsv.dk\/en\/wp-json\/wp\/v2\/users\/4423"}],"replies":[{"embeddable":true,"href":"https:\/\/www.gsv.dk\/en\/wp-json\/wp\/v2\/comments?post=3116122"}],"version-history":[{"count":3,"href":"https:\/\/www.gsv.dk\/en\/wp-json\/wp\/v2\/pages\/3116122\/revisions"}],"predecessor-version":[{"id":3116128,"href":"https:\/\/www.gsv.dk\/en\/wp-json\/wp\/v2\/pages\/3116122\/revisions\/3116128"}],"wp:attachment":[{"href":"https:\/\/www.gsv.dk\/en\/wp-json\/wp\/v2\/media?parent=3116122"}],"curies":[{"name":"wp","href":"https:\/\/api.w.org\/{rel}","templated":true}]}}