{"id":2863,"date":"2020-01-13T09:59:08","date_gmt":"2020-01-13T09:59:08","guid":{"rendered":"http:\/\/www.gsv.dk\/?page_id=2863"},"modified":"2022-03-14T08:43:26","modified_gmt":"2022-03-14T08:43:26","slug":"gsv-cookiepolitik","status":"publish","type":"page","link":"https:\/\/www.gsv.dk\/en\/om-gsv-2\/gsv-cookiepolitik\/","title":{"rendered":"Cookie Policy"},"content":{"rendered":"<div\n  class=\"block acf-block acf-block--text-block\"\n   id=\"acf-text-block-1\"  \n>\n        <div class=\"text-block\">\n    \n    <div class=\"inner inner--small\">\n        \n        \n            <\/div>\n<\/div>\n\n      <\/div>\n<div\n  class=\"block acf-block acf-block--text-block\"\n   id=\"acf-text-block-2\"  \n>\n        <div class=\"text-block\">\n    \n    <div class=\"inner inner--small\">\n        \n                    <h2 class=\"l-title\" data-reveal=\"reveal\">Cookiepolitik for G.S.V. Materieludlejning A\/S<\/h2>\n        \n                    <div class=\"text-block__body\" data-reveal=\"reveal\">\n                <p>I forbindelse med tilpasning og forbedring af vores indhold lagrer og tilg\u00e5r G.S.V. Materieludlejning A\/S (\u201d<strong>G.S.V.<\/strong>\u201d) cookies p\u00e5 dit terminaludstyr i forbindelse med din anvendelse af gsv.dk.<\/p>\n<p>I denne cookiepolitik beskrives en r\u00e6kke forhold omkring G.S.V.\u2019s lagring af og brug af cookies.<\/p>\n<p>G.S.V.\u2019s brug af cookies kan medf\u00f8re behandling af personoplysninger, og vi anbefaler derfor, at du ogs\u00e5 l\u00e6ser vores privatlivspolitik, som beskriver vores behandling af personoplysninger og dine rettigheder &#8211; <a href=\"https:\/\/www.gsv.dk\/om-gsv\/persondatapolitik\/\" target=\"_blank\" rel=\"noopener\">GSV privatlivspolitik<\/a>.<\/p>\n<p><strong>Hvad er cookies?<\/strong><\/p>\n<p>Cookies er sm\u00e5 elektroniske datafiler, der lages p\u00e5 den enhed (fx computer, tablet eller smartphone) du anvender til at bes\u00f8ge vores hjemmeside. Cookies hj\u00e6lper f.eks. med at g\u00f8re internetbrowsing bedre, lettere og mere m\u00e5lrettet mod dig og til at give G.S.V. indsigt i, hvordan hjemmesiden anvendes, herunder hvilket indhold, der er stor interesse for, s\u00e5 vi kan udvikle hjemmesiden og vores forretning.<\/p>\n<p>Cookies kan anvendes af G.S.V. og af de tredjeparter, der fremg\u00e5r af \u201dTredjepartscookies\u201d. Cookies er passive filer og kan ikke bruges til at sprede virus, malware eller lignende skadelige programmer i dit terminaludstyr. Med cookies menes ogs\u00e5 andre lignende teknologier, der anvendes til samme form\u00e5l.<\/p>\n<p>Visse cookies anvendes til at huske din specifikke f\u00e6rden p\u00e5 tv\u00e6rs af internettet. N\u00e5r din f\u00e6rden k\u00e6des sammen med onlineidentifikationer, der kan tilbagef\u00f8res til dig, vil der v\u00e6re tale om behandling af personoplysninger. Du kan l\u00e6se mere om behandling af personoplysninger i privatlivspolitikken, som er tilg\u00e6ngelig <a href=\"https:\/\/www.gsv.dk\/om-gsv-2\/persondatapolitik\/\">her<\/a><u>.<\/u><\/p>\n<p><strong>Typer af cookies<\/strong><\/p>\n<p>G.S.V. lagrer og tilg\u00e5r to forskellige typer cookies, n\u00e5r du anvender gsv.dk. Disse er:<\/p>\n<ul>\n<li>Sessionscookies; Sessionscookies er midlertidigt lagrede cookies, som slettes samtidig med, at du lukker din webbrowser (sessionen).<\/li>\n<li>Vedvarende cookies; Vedvarende cookies er permanent lagrede cookies, som gemmes p\u00e5 din computer, indtil de slettes igen eller efter en bestemt periode. Se mere herom under \u201dSletning og blokering af cookies\u201d. Vedvarende cookies fornyes hver gang, du bes\u00f8ger gsv.dk.<\/li>\n<\/ul>\n<p><strong>Tredjepartscookies<\/strong><\/p>\n<p>G.S.V. har en r\u00e6kke samarbejdspartnere, som lagrer og kan tilg\u00e5 cookies p\u00e5 din enhed i forbindelse med din anvendelse af gsv.dk og din senere f\u00e6rden p\u00e5 internettet. S\u00e5danne cookies kaldes tredjepartscookies og kan b\u00e5de v\u00e6re sessionscookies og vedvarende cookies.<\/p>\n<p><strong>Form\u00e5l med lagring af cookies<\/strong><\/p>\n<p>Overordnet anvender G.S.V. og de ben\u00e6vnte samarbejdspartnere cookies med det form\u00e5l at g\u00f8re din internetbrowsing bedre og mere effektiv.<\/p>\n<p>N\u00e6rmere bestemt er form\u00e5lene for G.S.V. og de ben\u00e6vnte samarbejdspartneres anvendelse af cookies, herunder tredjepartscookies:<\/p>\n<ul>\n<li>Optimering af vores bes\u00f8gendes anvendelse af gsv.dk og optimering af funktionaliteten af hjemmesiden<\/li>\n<li>At g\u00f8re det muligt at logge automatisk ind p\u00e5 gsv.dk og vores samarbejdspartneres hjemmesider<\/li>\n<li>Optimering af gsv.dk og tilknyttede applikationers ydeevne<\/li>\n<li>Udarbejdelse af demografiske og brugerrelaterede statistikker til brug for optimering af gsv.dk, de af G.S.V. solgte ydelser eller lignende<\/li>\n<li>Levering af m\u00e5lrettede annoncer og optimering af effektiviteten heraf<\/li>\n<li>Adf\u00e6rdsbaseret markedsf\u00f8ring<\/li>\n<\/ul>\n<p><strong>Afslag p\u00e5 samtykke til at anvende cookies<\/strong><\/p>\n<p>Hvis du ikke \u00f8nsker, at G.S.V. skal kunne lagre eller tilg\u00e5 cookies p\u00e5 din enhed i forbindelse med dine bes\u00f8g p\u00e5 gsv.dk, kan du blot lade v\u00e6re med at acceptere, at der anvendes cookies ved dit f\u00f8rste bes\u00f8g p\u00e5 gsv.dk. Du kan ogs\u00e5 senere tilbagekalde dit samtykke ved at slette allerede lagrede cookies (se nedenfor).<\/p>\n<p>V\u00e6r opm\u00e6rksom p\u00e5, at hvis du ikke accepterer, at gsv.dk anvender cookies, eller hvis du senere tilbagekalder dit samtykke, kan du v\u00e6re afsk\u00e5ret fra at anvende nogle af hjemmesidens funktionaliteter, derudover vil annoncer blive mindre relevante for dig og optr\u00e6de hyppigere.<\/p>\n<p>V\u00e6r ogs\u00e5 opm\u00e6rksom p\u00e5, at dit afslag p\u00e5 at give samtykke eller din tilbagekaldelse af samtykke kun g\u00e6lder for det den enhed, hvorfra der gives afslag eller hvorfra der sker tilbagekaldelse.<\/p>\n<p><strong>Sletning og blokering af cookies<\/strong><\/p>\n<p>Hvis du tidligere har accepteret cookies, men du \u00f8nsker at slette disse cookies, kan du til hver en tid g\u00f8re dette. Du kan ogs\u00e5 v\u00e6lge at blokere cookies eller modtage en advarsel, f\u00f8r der lagres eller tilg\u00e5s cookies. Der findes en guide herom p\u00e5 <a href=\"http:\/\/minecookies.org\/cookiehandtering\/\" target=\"_blank\" rel=\"noopener\">http:\/\/minecookies.org\/cookiehandtering\/<\/a>.<\/p>\n<p>Vi beder dig v\u00e6re opm\u00e6rksom p\u00e5, at n\u00e5r du v\u00e6lger at blokere, slette eller modtage advarsler som beskrevet ovenfor, sker det kun med virkning for den browser, som handlingen foretages fra.<\/p>\n<p>V\u00e6r opm\u00e6rksom p\u00e5, at hvis du blokerer eller sletter de cookies, der anvendes af gsv.dk og vores samarbejdspartnere, kan du v\u00e6re afsk\u00e5ret fra at anvende nogle af hjemmesidens funktionaliteter.<\/p>\n<p>Som n\u00e6vnt slettes sessionscookies automatisk, n\u00e5r du lukker din browser, mens vedvarende cookies f\u00f8rst slettes efter et l\u00e6ngere tidsinterval eller n\u00e5r du selv sletter dem. Vedvarende cookies fornyes desuden, n\u00e5r du bes\u00f8ger gsv.dk.<\/p>\n<p>Vedvarende cookies lagres indtil du sletter dem.<\/p>\n<p><strong>Contact<\/strong><\/p>\n<p>Hvis du har nogen sp\u00f8rgsm\u00e5l vedr\u00f8rende vores anvendelse af cookies, er du velkommen til at kontakte os:<\/p>\n<p>G.S.V. Materieludlejning A\/S<\/p>\n<p>Baldersbuen 5, 2640 Hedehusene<\/p>\n<p>Danmark<\/p>\n<p>Email: <a href=\"mailto:marketing_GDPR@gsv.dk\">marketing_GDPR@gsv.dk<\/a><\/p>\n<p>Tlf.nr: 70 12 13 15.<\/p>\n\n            <\/div>\n            <\/div>\n<\/div>\n\n      <\/div>","protected":false},"excerpt":{"rendered":"","protected":false},"author":3,"featured_media":0,"parent":2378,"menu_order":2,"comment_status":"closed","ping_status":"closed","template":"","meta":{"_acf_changed":false,"footnotes":""},"class_list":["post-2863","page","type-page","status-publish","hentry"],"acf":[],"yoast_head":"<!-- This site is optimized with the Yoast SEO plugin v25.9 - https:\/\/yoast.com\/wordpress\/plugins\/seo\/ -->\n<title>GSV cookie- og privatlivspolitik<\/title>\n<meta name=\"description\" content=\"Her kan du l\u00e6se om vores retningslinier ift cookie og privatlivspolitik hos GSV.\" \/>\n<meta name=\"robots\" content=\"index, follow, max-snippet:-1, max-image-preview:large, max-video-preview:-1\" \/>\n<link rel=\"canonical\" href=\"https:\/\/www.gsv.dk\/en\/om-gsv-2\/gsv-cookiepolitik\/\" \/>\n<meta property=\"og:locale\" content=\"en_GB\" \/>\n<meta property=\"og:type\" content=\"article\" \/>\n<meta property=\"og:title\" content=\"GSV cookie- og privatlivspolitik\" \/>\n<meta property=\"og:description\" content=\"Her kan du l\u00e6se om vores retningslinier ift cookie og privatlivspolitik hos GSV.\" \/>\n<meta property=\"og:url\" content=\"https:\/\/www.gsv.dk\/en\/om-gsv-2\/gsv-cookiepolitik\/\" \/>\n<meta property=\"og:site_name\" content=\"GSV\" \/>\n<meta property=\"article:publisher\" content=\"https:\/\/www.facebook.com\/gsvmaterieludlejning\/\" \/>\n<meta property=\"article:modified_time\" content=\"2022-03-14T08:43:26+00:00\" \/>\n<meta property=\"og:image\" content=\"https:\/\/www.gsv.dk\/content\/uploads\/2020\/01\/logo-300x134.png\" \/>\n\t<meta property=\"og:image:width\" content=\"300\" \/>\n\t<meta property=\"og:image:height\" content=\"134\" \/>\n\t<meta property=\"og:image:type\" content=\"image\/png\" \/>\n<meta name=\"twitter:card\" content=\"summary_large_image\" \/>\n<meta name=\"twitter:site\" content=\"@GsvMateriel\" \/>\n<script type=\"application\/ld+json\" class=\"yoast-schema-graph\">{\"@context\":\"https:\/\/schema.org\",\"@graph\":[{\"@type\":\"WebPage\",\"@id\":\"https:\/\/www.gsv.dk\/om-gsv-2\/gsv-cookiepolitik\/\",\"url\":\"https:\/\/www.gsv.dk\/om-gsv-2\/gsv-cookiepolitik\/\",\"name\":\"GSV cookie- og privatlivspolitik\",\"isPartOf\":{\"@id\":\"https:\/\/www.gsv.dk\/#website\"},\"datePublished\":\"2020-01-13T09:59:08+00:00\",\"dateModified\":\"2022-03-14T08:43:26+00:00\",\"description\":\"Her kan du l\u00e6se om vores retningslinier ift cookie og privatlivspolitik hos GSV.\",\"breadcrumb\":{\"@id\":\"https:\/\/www.gsv.dk\/om-gsv-2\/gsv-cookiepolitik\/#breadcrumb\"},\"inLanguage\":\"en-GB\",\"potentialAction\":[{\"@type\":\"ReadAction\",\"target\":[\"https:\/\/www.gsv.dk\/om-gsv-2\/gsv-cookiepolitik\/\"]}]},{\"@type\":\"BreadcrumbList\",\"@id\":\"https:\/\/www.gsv.dk\/om-gsv-2\/gsv-cookiepolitik\/#breadcrumb\",\"itemListElement\":[{\"@type\":\"ListItem\",\"position\":1,\"name\":\"Home\",\"item\":\"https:\/\/www.gsv.dk\/\"},{\"@type\":\"ListItem\",\"position\":2,\"name\":\"Om GSV\",\"item\":\"https:\/\/www.gsv.dk\/om-gsv-2\/\"},{\"@type\":\"ListItem\",\"position\":3,\"name\":\"Cookiepolitik\"}]},{\"@type\":\"WebSite\",\"@id\":\"https:\/\/www.gsv.dk\/#website\",\"url\":\"https:\/\/www.gsv.dk\/\",\"name\":\"GSV\",\"description\":\"GSV materieludlejning\",\"publisher\":{\"@id\":\"https:\/\/www.gsv.dk\/#organization\"},\"potentialAction\":[{\"@type\":\"SearchAction\",\"target\":{\"@type\":\"EntryPoint\",\"urlTemplate\":\"https:\/\/www.gsv.dk\/?s={search_term_string}\"},\"query-input\":{\"@type\":\"PropertyValueSpecification\",\"valueRequired\":true,\"valueName\":\"search_term_string\"}}],\"inLanguage\":\"en-GB\"},{\"@type\":\"Organization\",\"@id\":\"https:\/\/www.gsv.dk\/#organization\",\"name\":\"GSV Materieludlejning\",\"url\":\"https:\/\/www.gsv.dk\/\",\"logo\":{\"@type\":\"ImageObject\",\"inLanguage\":\"en-GB\",\"@id\":\"https:\/\/www.gsv.dk\/#\/schema\/logo\/image\/\",\"url\":\"https:\/\/www.gsv.dk\/content\/uploads\/2020\/01\/logo-300x134.png\",\"contentUrl\":\"https:\/\/www.gsv.dk\/content\/uploads\/2020\/01\/logo-300x134.png\",\"width\":300,\"height\":134,\"caption\":\"GSV Materieludlejning\"},\"image\":{\"@id\":\"https:\/\/www.gsv.dk\/#\/schema\/logo\/image\/\"},\"sameAs\":[\"https:\/\/www.facebook.com\/gsvmaterieludlejning\/\",\"https:\/\/x.com\/GsvMateriel\",\"https:\/\/www.instagram.com\/gsv_materieludlejning\/\",\"https:\/\/www.linkedin.com\/company\/gsv-materieludlejning-a-s\",\"https:\/\/www.youtube.com\/channel\/UCDWOSIoGkwn6bPG7-Kgxqkw\"]}]}<\/script>\n<!-- \/ Yoast SEO plugin. -->","yoast_head_json":{"title":"GSV cookie- og privatlivspolitik","description":"Her kan du l\u00e6se om vores retningslinier ift cookie og privatlivspolitik hos GSV.","robots":{"index":"index","follow":"follow","max-snippet":"max-snippet:-1","max-image-preview":"max-image-preview:large","max-video-preview":"max-video-preview:-1"},"canonical":"https:\/\/www.gsv.dk\/en\/om-gsv-2\/gsv-cookiepolitik\/","og_locale":"en_GB","og_type":"article","og_title":"GSV cookie- og privatlivspolitik","og_description":"Her kan du l\u00e6se om vores retningslinier ift cookie og privatlivspolitik hos GSV.","og_url":"https:\/\/www.gsv.dk\/en\/om-gsv-2\/gsv-cookiepolitik\/","og_site_name":"GSV","article_publisher":"https:\/\/www.facebook.com\/gsvmaterieludlejning\/","article_modified_time":"2022-03-14T08:43:26+00:00","og_image":[{"width":300,"height":134,"url":"https:\/\/www.gsv.dk\/content\/uploads\/2020\/01\/logo-300x134.png","type":"image\/png"}],"twitter_card":"summary_large_image","twitter_site":"@GsvMateriel","schema":{"@context":"https:\/\/schema.org","@graph":[{"@type":"WebPage","@id":"https:\/\/www.gsv.dk\/om-gsv-2\/gsv-cookiepolitik\/","url":"https:\/\/www.gsv.dk\/om-gsv-2\/gsv-cookiepolitik\/","name":"GSV cookie- og privatlivspolitik","isPartOf":{"@id":"https:\/\/www.gsv.dk\/#website"},"datePublished":"2020-01-13T09:59:08+00:00","dateModified":"2022-03-14T08:43:26+00:00","description":"Her kan du l\u00e6se om vores retningslinier ift cookie og privatlivspolitik hos GSV.","breadcrumb":{"@id":"https:\/\/www.gsv.dk\/om-gsv-2\/gsv-cookiepolitik\/#breadcrumb"},"inLanguage":"en-GB","potentialAction":[{"@type":"ReadAction","target":["https:\/\/www.gsv.dk\/om-gsv-2\/gsv-cookiepolitik\/"]}]},{"@type":"BreadcrumbList","@id":"https:\/\/www.gsv.dk\/om-gsv-2\/gsv-cookiepolitik\/#breadcrumb","itemListElement":[{"@type":"ListItem","position":1,"name":"Home","item":"https:\/\/www.gsv.dk\/"},{"@type":"ListItem","position":2,"name":"Om GSV","item":"https:\/\/www.gsv.dk\/om-gsv-2\/"},{"@type":"ListItem","position":3,"name":"Cookiepolitik"}]},{"@type":"WebSite","@id":"https:\/\/www.gsv.dk\/#website","url":"https:\/\/www.gsv.dk\/","name":"GSV","description":"GSV materieludlejning","publisher":{"@id":"https:\/\/www.gsv.dk\/#organization"},"potentialAction":[{"@type":"SearchAction","target":{"@type":"EntryPoint","urlTemplate":"https:\/\/www.gsv.dk\/?s={search_term_string}"},"query-input":{"@type":"PropertyValueSpecification","valueRequired":true,"valueName":"search_term_string"}}],"inLanguage":"en-GB"},{"@type":"Organization","@id":"https:\/\/www.gsv.dk\/#organization","name":"GSV Materieludlejning","url":"https:\/\/www.gsv.dk\/","logo":{"@type":"ImageObject","inLanguage":"en-GB","@id":"https:\/\/www.gsv.dk\/#\/schema\/logo\/image\/","url":"https:\/\/www.gsv.dk\/content\/uploads\/2020\/01\/logo-300x134.png","contentUrl":"https:\/\/www.gsv.dk\/content\/uploads\/2020\/01\/logo-300x134.png","width":300,"height":134,"caption":"GSV Materieludlejning"},"image":{"@id":"https:\/\/www.gsv.dk\/#\/schema\/logo\/image\/"},"sameAs":["https:\/\/www.facebook.com\/gsvmaterieludlejning\/","https:\/\/x.com\/GsvMateriel","https:\/\/www.instagram.com\/gsv_materieludlejning\/","https:\/\/www.linkedin.com\/company\/gsv-materieludlejning-a-s","https:\/\/www.youtube.com\/channel\/UCDWOSIoGkwn6bPG7-Kgxqkw"]}]}},"_links":{"self":[{"href":"https:\/\/www.gsv.dk\/en\/wp-json\/wp\/v2\/pages\/2863","targetHints":{"allow":["GET"]}}],"collection":[{"href":"https:\/\/www.gsv.dk\/en\/wp-json\/wp\/v2\/pages"}],"about":[{"href":"https:\/\/www.gsv.dk\/en\/wp-json\/wp\/v2\/types\/page"}],"author":[{"embeddable":true,"href":"https:\/\/www.gsv.dk\/en\/wp-json\/wp\/v2\/users\/3"}],"replies":[{"embeddable":true,"href":"https:\/\/www.gsv.dk\/en\/wp-json\/wp\/v2\/comments?post=2863"}],"version-history":[{"count":26,"href":"https:\/\/www.gsv.dk\/en\/wp-json\/wp\/v2\/pages\/2863\/revisions"}],"predecessor-version":[{"id":311099,"href":"https:\/\/www.gsv.dk\/en\/wp-json\/wp\/v2\/pages\/2863\/revisions\/311099"}],"up":[{"embeddable":true,"href":"https:\/\/www.gsv.dk\/en\/wp-json\/wp\/v2\/pages\/2378"}],"wp:attachment":[{"href":"https:\/\/www.gsv.dk\/en\/wp-json\/wp\/v2\/media?parent=2863"}],"curies":[{"name":"wp","href":"https:\/\/api.w.org\/{rel}","templated":true}]}}