{"id":2702,"date":"2019-12-30T08:54:36","date_gmt":"2019-12-30T08:54:36","guid":{"rendered":"http:\/\/www.gsv.dk\/?page_id=2702"},"modified":"2020-01-31T11:07:58","modified_gmt":"2020-01-31T11:07:58","slug":"digitalisering","status":"publish","type":"page","link":"https:\/\/www.gsv.dk\/en\/om-gsv-2\/digitalisering\/","title":{"rendered":"Digitization"},"content":{"rendered":"<div\n  class=\"block acf-block acf-block--hero\"\n   id=\"acf-hero-1\"  \n>\n        <div class=\"hero\">\n                                            <div class=\"hero__image\">\n    <div class=\"hero__image-overlay\" style=\"background-color: rgba(0, 0, 0, 0.50)\"><\/div>\n    \n            <picture>\n                <source srcset=\"https:\/\/www.gsv.dk\/content\/uploads\/2019\/12\/GSV-Digitalisering.png\" media=\"(min-width: 1200px)\"><source srcset=\"https:\/\/www.gsv.dk\/content\/uploads\/2019\/12\/GSV-Digitalisering-1200x550.png\" media=\"(min-width: 900px)\"><source srcset=\"https:\/\/www.gsv.dk\/content\/uploads\/2019\/12\/GSV-Digitalisering-900x400.png\" media=\"(min-width: 600px)\"><source srcset=\"https:\/\/www.gsv.dk\/content\/uploads\/2019\/12\/GSV-Digitalisering-600x350.png\" media=\"(min-width: 414px)\">\n                <img loading=\"lazy\" decoding=\"async\" src=\"https:\/\/www.gsv.dk\/content\/uploads\/2019\/12\/GSV-Digitalisering-414x250.png\" alt=\"\" title=\"GSV-Digitalisering\" width=\"414\" height=\"250\">\n            <\/picture>\n<\/div>\n\n\n    <div class=\"hero__content\">\n                    <h1 class=\"hero__title\">\n                Digitization\n            <\/h1>\n        \n        \n            <\/div>\n                    <\/div>\n    \n    \n      <\/div>\n<div\n  class=\"block acf-block acf-block--text-block\"\n   id=\"acf-text-block-2\"  \n>\n        <div class=\"text-block\">\n    \n    <div class=\"inner inner--small\">\n        \n                    <h2 class=\"l-title\" data-reveal=\"reveal\">Vores app<\/h2>\n        \n                    <div class=\"text-block__body\" data-reveal=\"reveal\">\n                <p>Det er vigtigt for GSV at opretholde og optimere serviceniveauet overfor vores kunder. Derfor har vi udviklet en ny app, hvor du nemt kan bestille og afmelde materiel d\u00f8gnet rundt.<\/p>\n\n            <\/div>\n            <\/div>\n<\/div>\n\n      <\/div>\n<div\n  class=\"block acf-block acf-block--content-block has-background\"\n   id=\"acf-content-block-3\"  \n>\n        <div class=\"content-block content-block--light-grey has-background\">\n            <div class=\"bgw background--light-grey\" data-reveal=\"bgw\"><\/div>\n    \n    <div class=\"inner inner--medium\">\n        <div class=\"content-block__image image-fade\">\n            <div class=\"image-fade__container\"><\/div>\n            \n            <picture>\n                <source srcset=\"https:\/\/www.gsv.dk\/content\/uploads\/2019\/12\/GSv-Peter-Fritzb\u00f8ger-CCO.png\" media=\"(min-width: 900px)\"><source srcset=\"https:\/\/www.gsv.dk\/content\/uploads\/2019\/12\/GSv-Peter-Fritzb\u00f8ger-CCO-500x400.png\" media=\"(min-width: 600px)\"><source srcset=\"https:\/\/www.gsv.dk\/content\/uploads\/2019\/12\/GSv-Peter-Fritzb\u00f8ger-CCO-500x350.png\" media=\"(min-width: 414px)\">\n                <img loading=\"lazy\" decoding=\"async\" src=\"https:\/\/www.gsv.dk\/content\/uploads\/2019\/12\/GSv-Peter-Fritzb\u00f8ger-CCO-414x250.png\" alt=\"\" title=\"GSv-Peter-Fritzb\u00f8ger-CCO\" width=\"414\" height=\"250\">\n            <\/picture>\n        <\/div>\n\n        <div class=\"content-block__content\" data-reveal=\"reveal\">\n            \n                            <h2 class=\"content-block__title\">Et st\u00e6rkt v\u00e6rkt\u00f8j<\/h2>\n            \n                            <div class=\"content-block__body\">\n                    <p>\u201cVi bestr\u00e6ber os p\u00e5 at v\u00e6re en god samarbejdspartner for vores kunder, derfor har vi gennem udviklingen af vores app haft et t\u00e6t samarbejde med en del af vores kunder. App\u2019en skal g\u00f8re dagligdagen nemmere, og derfor er det vigtigt, at den afspejler kundens behov. Vi har derfor inddraget vores kunder i hele processen, og m\u00e5let har v\u00e6ret at skabe en app, som er tilpasset arbejdsgangen p\u00e5 byggepladsen og sikre den gode kundeoplevelse\u201d <strong>fort\u00e6ller Peter Fritzb\u00f8ger (CCO).<\/strong><\/p>\n\n                <\/div>\n            \n                    <\/div>\n    <\/div>\n<\/div>\n\n      <\/div>\n<div\n  class=\"block acf-block acf-block--text-block\"\n   id=\"acf-text-block-4\"  \n>\n        <div class=\"text-block\">\n    \n    <div class=\"inner inner--small\">\n        \n                    <h2 class=\"l-title\" data-reveal=\"reveal\">Vores kunder er med hele vejen og har v\u00e6ret med til at udvikle APP\u2019en. <\/h2>\n        \n                    <div class=\"text-block__body\" data-reveal=\"reveal\">\n                <p><em>\u2019\u2019En APP betyder for mig, at jeg kan optimere min hverdag. En APP er nem og tilg\u00e6ngelig, <\/em><em>og jeg kan bestille mit materiel lige midt p\u00e5 byggepladsen, jeg beh\u00f8ver ikke sidde bag en <\/em><em>sk\u00e6rm. Jeg kan handle lige nu og her.\u2019\u2019<\/em><\/p>\n<p><strong>Formand Anders Olsen, Per Aarsleff A\/S<\/strong><\/p>\n\n            <\/div>\n            <\/div>\n<\/div>\n\n      <\/div>\n<div\n  class=\"block acf-block acf-block--content-block has-background\"\n   id=\"acf-content-block-5\"  \n>\n        <div class=\"content-block content-block--light-grey has-background\">\n            <div class=\"bgw background--light-grey\" data-reveal=\"bgw\"><\/div>\n    \n    <div class=\"inner inner--medium\">\n        <div class=\"content-block__image image-fade\">\n            <div class=\"image-fade__container\"><\/div>\n            \n            <picture>\n                <source srcset=\"https:\/\/www.gsv.dk\/content\/uploads\/2019\/12\/GSV-app-gr\u00f8n-baggrund-1.png\" media=\"(min-width: 900px)\"><source srcset=\"https:\/\/www.gsv.dk\/content\/uploads\/2019\/12\/GSV-app-gr\u00f8n-baggrund-1-500x400.png\" media=\"(min-width: 600px)\"><source srcset=\"https:\/\/www.gsv.dk\/content\/uploads\/2019\/12\/GSV-app-gr\u00f8n-baggrund-1-500x350.png\" media=\"(min-width: 414px)\">\n                <img loading=\"lazy\" decoding=\"async\" src=\"https:\/\/www.gsv.dk\/content\/uploads\/2019\/12\/GSV-app-gr\u00f8n-baggrund-1-414x250.png\" alt=\"\" title=\"GSV-app-gr\u00f8n baggrund\" width=\"414\" height=\"250\">\n            <\/picture>\n        <\/div>\n\n        <div class=\"content-block__content\" data-reveal=\"reveal\">\n            \n                            <h2 class=\"content-block__title\">Lej n\u00e5r det passer dig<\/h2>\n            \n                            <div class=\"content-block__body\">\n                    <ul>\n<li>Det, vi tilbyder med app\u2019en, er en lang r\u00e6kke servicemuligheder og et bedre overblik.<\/li>\n<li>Du kan nemt og hurtigt bestille materiel pr\u00e6cis, n\u00e5r det passer dig, og du bestemmer selv, hvorn\u00e5r det skal afmeldes og afhentes.<\/li>\n<li>Du f\u00e5r ogs\u00e5 en GPS-funktion, der g\u00f8r det nemt at bevare overblikket, da du kan se, hvor dit materiel er.<\/li>\n<li>I app\u2019en har du altid fuldt overblik over alt det materiel, du har lejet hos GSV \u2013 inddelt efter sagsnumre og adresser p\u00e5 dine byggepladser.<\/li>\n<li>Du f\u00e5r styr p\u00e5 dit materiel via app og GPS i maskinerne.<\/li>\n<\/ul>\n\n                <\/div>\n            \n                    <\/div>\n    <\/div>\n<\/div>\n\n      <\/div>\n<div\n  class=\"block acf-block acf-block--text-block\"\n   id=\"acf-text-block-6\"  \n>\n        <div class=\"text-block\">\n    \n    <div class=\"inner inner--small\">\n                    <span class=\"l-subtitle\" data-reveal=\"reveal\">\n                Fakta\n            <\/span>\n        \n                    <h2 class=\"l-title\" data-reveal=\"reveal\">Din kundeprofil<\/h2>\n        \n                    <div class=\"text-block__body\" data-reveal=\"reveal\">\n                <p>Som kunde har du en profil, som indeholder din specifikke samhandelsaftale, der udg\u00f8r pris, forsikring og generelle betingelser. Det vil sige, at n\u00e5r du er logget ind i app\u2019en vil priserne for leje af materiel og udstyr v\u00e6re specificeret pr\u00e6cis til dig.<\/p>\n<p>&nbsp;<\/p>\n<h3>Personlig service<\/h3>\n<p>Alle disse features er blot nogle af de muligheder vores app tilbyder. Du vil i vores app f\u00e5 et v\u00e6rkt\u00f8j, som altid er lige ved h\u00e5nden, s\u00e5 du kan bestille dit materiel, n\u00e5r du st\u00e5r midt p\u00e5 byggepladsen. Vores app erstatter p\u00e5 ingen m\u00e5de den personlige r\u00e5dgivning. Det vil altid v\u00e6re muligt at f\u00e5 den samme gode personlige r\u00e5dgivning, som du kender det i dag og i GSV\u2019s app vil det v\u00e6re muligt at se, hvilken konsulent der er tilknyttet dig.<\/p>\n<p>&nbsp;<\/p>\n<h3>Online katalog<\/h3>\n<p>Du kan ogs\u00e5 bruge vores app, som et online katalog uden at v\u00e6re oprettet som kunde.<\/p>\n<p>Det vil sige, at du altid er opdateret p\u00e5 vores materiel og listepriser uanset, hvor du er.<\/p>\n<p>&nbsp;<\/p>\n<h3>APP&#8217;en er b\u00e5de til IOS og Android<\/h3>\n<p>Om du har iPhone eller en Android telefon, s\u00e5 virker app\u2019en p\u00e5 begge.<\/p>\n\n            <\/div>\n            <\/div>\n<\/div>\n\n      <\/div>\n<div\n  class=\"block acf-block acf-block--quick-navigation-block\"\n   id=\"acf-quick-navigation-block-7\"  \n>\n        <div class=\"quick-nav l-category\">\n        \n        <div class=\"inner inner--medium\">\n            \n                            <h2 class=\"l-title\" data-reveal=\"reveal\">Hent APP&#039;en her<\/h2>\n            \n            <div class=\"l-category__items grid-2\">\n                                                                                <div class=\"l-category__item\">\n                            <a class=\"l-category__link\"\n                               href=\"https:\/\/apps.apple.com\/us\/app\/gsv\/id1453982807?ls=1\"\n                               target=\"_blank\"\n                               aria-label=\"L\u00e6s mere om App Store\">\n\n                                                                    <div class=\"l-category__image\">\n                                        \n            <picture>\n                \n                <img loading=\"lazy\" decoding=\"async\" src=\"https:\/\/www.gsv.dk\/content\/uploads\/2019\/12\/APP-store-download-280x160.png\" alt=\"\" title=\"APP store download\" width=\"280\" height=\"160\">\n            <\/picture>\n                                    <\/div>\n                                \n                                <span class=\"l-category__item-title\">App Store<\/span>\n\n                                <div class=\"l-category__arrow\">\n                                    <svg xmlns=\"http:\/\/www.w3.org\/2000\/svg\" viewbox=\"0 0 31 31\" class=\"\"><path d=\"M15.5 0C24.06 0 31 6.94 31 15.5 31 24.06 24.06 31 15.5 31 6.94 31 0 24.06 0 15.5 0 6.94 6.94 0 15.5 0zm0 .969C7.475.969.969 7.475.969 15.5S7.475 30.031 15.5 30.031 30.031 23.525 30.031 15.5 23.525.969 15.5.969zM13.323 8l6.977 6.846a.922.922 0 01.077 1.22l-.082.092L13.323 23 12 21.694l6.311-6.194L12 9.306 13.323 8z\"\/><\/svg>\n                                <\/div>\n                            <\/a>\n                        <\/div>\n                                                                                                    <div class=\"l-category__item\">\n                            <a class=\"l-category__link\"\n                               href=\"https:\/\/play.google.com\/store\/apps\/details?id=dk.gsv.gsvapp\"\n                               target=\"_blank\"\n                               aria-label=\"L\u00e6s mere om Play Store\">\n\n                                                                    <div class=\"l-category__image\">\n                                        \n            <picture>\n                \n                <img loading=\"lazy\" decoding=\"async\" src=\"https:\/\/www.gsv.dk\/content\/uploads\/2019\/12\/Play-store-download-280x160.png\" alt=\"\" title=\"Play store download\" width=\"280\" height=\"160\">\n            <\/picture>\n                                    <\/div>\n                                \n                                <span class=\"l-category__item-title\">Play Store<\/span>\n\n                                <div class=\"l-category__arrow\">\n                                    <svg xmlns=\"http:\/\/www.w3.org\/2000\/svg\" viewbox=\"0 0 31 31\" class=\"\"><path d=\"M15.5 0C24.06 0 31 6.94 31 15.5 31 24.06 24.06 31 15.5 31 6.94 31 0 24.06 0 15.5 0 6.94 6.94 0 15.5 0zm0 .969C7.475.969.969 7.475.969 15.5S7.475 30.031 15.5 30.031 30.031 23.525 30.031 15.5 23.525.969 15.5.969zM13.323 8l6.977 6.846a.922.922 0 01.077 1.22l-.082.092L13.323 23 12 21.694l6.311-6.194L12 9.306 13.323 8z\"\/><\/svg>\n                                <\/div>\n                            <\/a>\n                        <\/div>\n                                                <\/div>\n\n                    <\/div>\n    <\/div>\n\n      <\/div>","protected":false},"excerpt":{"rendered":"","protected":false},"author":3,"featured_media":0,"parent":2378,"menu_order":4,"comment_status":"closed","ping_status":"closed","template":"","meta":{"_acf_changed":false,"footnotes":""},"class_list":["post-2702","page","type-page","status-publish","hentry"],"acf":[],"yoast_head":"<!-- This site is optimized with the Yoast SEO plugin v25.9 - https:\/\/yoast.com\/wordpress\/plugins\/seo\/ -->\n<title>Digitalisering og GSV APP<\/title>\n<meta name=\"description\" content=\"Vi arbejder p\u00e5 at opretholde og yde god service 24 timer i d\u00f8gnet. Derfor har vi udviklet GSV APPen, s\u00e5 du kan f\u00e5 overblik &amp; leje\/afmelde d\u00f8gnet rundt.\" \/>\n<meta name=\"robots\" content=\"index, follow, max-snippet:-1, max-image-preview:large, max-video-preview:-1\" \/>\n<link rel=\"canonical\" href=\"https:\/\/www.gsv.dk\/en\/om-gsv-2\/digitalisering\/\" \/>\n<meta property=\"og:locale\" content=\"en_GB\" \/>\n<meta property=\"og:type\" content=\"article\" \/>\n<meta property=\"og:title\" content=\"Digitalisering og GSV APP\" \/>\n<meta property=\"og:description\" content=\"Vi arbejder p\u00e5 at opretholde og yde god service 24 timer i d\u00f8gnet. Derfor har vi udviklet GSV APPen, s\u00e5 du kan f\u00e5 overblik &amp; leje\/afmelde d\u00f8gnet rundt.\" \/>\n<meta property=\"og:url\" content=\"https:\/\/www.gsv.dk\/en\/om-gsv-2\/digitalisering\/\" \/>\n<meta property=\"og:site_name\" content=\"GSV\" \/>\n<meta property=\"article:publisher\" content=\"https:\/\/www.facebook.com\/gsvmaterieludlejning\/\" \/>\n<meta property=\"article:modified_time\" content=\"2020-01-31T11:07:58+00:00\" \/>\n<meta property=\"og:image\" content=\"https:\/\/www.gsv.dk\/content\/uploads\/2020\/01\/logo-300x134.png\" \/>\n\t<meta property=\"og:image:width\" content=\"300\" \/>\n\t<meta property=\"og:image:height\" content=\"134\" \/>\n\t<meta property=\"og:image:type\" content=\"image\/png\" \/>\n<meta name=\"twitter:card\" content=\"summary_large_image\" \/>\n<meta name=\"twitter:site\" content=\"@GsvMateriel\" \/>\n<script type=\"application\/ld+json\" class=\"yoast-schema-graph\">{\"@context\":\"https:\/\/schema.org\",\"@graph\":[{\"@type\":\"WebPage\",\"@id\":\"https:\/\/www.gsv.dk\/om-gsv-2\/digitalisering\/\",\"url\":\"https:\/\/www.gsv.dk\/om-gsv-2\/digitalisering\/\",\"name\":\"Digitalisering og GSV APP\",\"isPartOf\":{\"@id\":\"https:\/\/www.gsv.dk\/#website\"},\"datePublished\":\"2019-12-30T08:54:36+00:00\",\"dateModified\":\"2020-01-31T11:07:58+00:00\",\"description\":\"Vi arbejder p\u00e5 at opretholde og yde god service 24 timer i d\u00f8gnet. Derfor har vi udviklet GSV APPen, s\u00e5 du kan f\u00e5 overblik & leje\/afmelde d\u00f8gnet rundt.\",\"breadcrumb\":{\"@id\":\"https:\/\/www.gsv.dk\/om-gsv-2\/digitalisering\/#breadcrumb\"},\"inLanguage\":\"en-GB\",\"potentialAction\":[{\"@type\":\"ReadAction\",\"target\":[\"https:\/\/www.gsv.dk\/om-gsv-2\/digitalisering\/\"]}]},{\"@type\":\"BreadcrumbList\",\"@id\":\"https:\/\/www.gsv.dk\/om-gsv-2\/digitalisering\/#breadcrumb\",\"itemListElement\":[{\"@type\":\"ListItem\",\"position\":1,\"name\":\"Home\",\"item\":\"https:\/\/www.gsv.dk\/\"},{\"@type\":\"ListItem\",\"position\":2,\"name\":\"Om GSV\",\"item\":\"https:\/\/www.gsv.dk\/om-gsv-2\/\"},{\"@type\":\"ListItem\",\"position\":3,\"name\":\"Digitalisering\"}]},{\"@type\":\"WebSite\",\"@id\":\"https:\/\/www.gsv.dk\/#website\",\"url\":\"https:\/\/www.gsv.dk\/\",\"name\":\"GSV\",\"description\":\"GSV materieludlejning\",\"publisher\":{\"@id\":\"https:\/\/www.gsv.dk\/#organization\"},\"potentialAction\":[{\"@type\":\"SearchAction\",\"target\":{\"@type\":\"EntryPoint\",\"urlTemplate\":\"https:\/\/www.gsv.dk\/?s={search_term_string}\"},\"query-input\":{\"@type\":\"PropertyValueSpecification\",\"valueRequired\":true,\"valueName\":\"search_term_string\"}}],\"inLanguage\":\"en-GB\"},{\"@type\":\"Organization\",\"@id\":\"https:\/\/www.gsv.dk\/#organization\",\"name\":\"GSV Materieludlejning\",\"url\":\"https:\/\/www.gsv.dk\/\",\"logo\":{\"@type\":\"ImageObject\",\"inLanguage\":\"en-GB\",\"@id\":\"https:\/\/www.gsv.dk\/#\/schema\/logo\/image\/\",\"url\":\"https:\/\/www.gsv.dk\/content\/uploads\/2020\/01\/logo-300x134.png\",\"contentUrl\":\"https:\/\/www.gsv.dk\/content\/uploads\/2020\/01\/logo-300x134.png\",\"width\":300,\"height\":134,\"caption\":\"GSV Materieludlejning\"},\"image\":{\"@id\":\"https:\/\/www.gsv.dk\/#\/schema\/logo\/image\/\"},\"sameAs\":[\"https:\/\/www.facebook.com\/gsvmaterieludlejning\/\",\"https:\/\/x.com\/GsvMateriel\",\"https:\/\/www.instagram.com\/gsv_materieludlejning\/\",\"https:\/\/www.linkedin.com\/company\/gsv-materieludlejning-a-s\",\"https:\/\/www.youtube.com\/channel\/UCDWOSIoGkwn6bPG7-Kgxqkw\"]}]}<\/script>\n<!-- \/ Yoast SEO plugin. -->","yoast_head_json":{"title":"Digitalisering og GSV APP","description":"Vi arbejder p\u00e5 at opretholde og yde god service 24 timer i d\u00f8gnet. Derfor har vi udviklet GSV APPen, s\u00e5 du kan f\u00e5 overblik & leje\/afmelde d\u00f8gnet rundt.","robots":{"index":"index","follow":"follow","max-snippet":"max-snippet:-1","max-image-preview":"max-image-preview:large","max-video-preview":"max-video-preview:-1"},"canonical":"https:\/\/www.gsv.dk\/en\/om-gsv-2\/digitalisering\/","og_locale":"en_GB","og_type":"article","og_title":"Digitalisering og GSV APP","og_description":"Vi arbejder p\u00e5 at opretholde og yde god service 24 timer i d\u00f8gnet. Derfor har vi udviklet GSV APPen, s\u00e5 du kan f\u00e5 overblik & leje\/afmelde d\u00f8gnet rundt.","og_url":"https:\/\/www.gsv.dk\/en\/om-gsv-2\/digitalisering\/","og_site_name":"GSV","article_publisher":"https:\/\/www.facebook.com\/gsvmaterieludlejning\/","article_modified_time":"2020-01-31T11:07:58+00:00","og_image":[{"width":300,"height":134,"url":"https:\/\/www.gsv.dk\/content\/uploads\/2020\/01\/logo-300x134.png","type":"image\/png"}],"twitter_card":"summary_large_image","twitter_site":"@GsvMateriel","schema":{"@context":"https:\/\/schema.org","@graph":[{"@type":"WebPage","@id":"https:\/\/www.gsv.dk\/om-gsv-2\/digitalisering\/","url":"https:\/\/www.gsv.dk\/om-gsv-2\/digitalisering\/","name":"Digitalisering og GSV APP","isPartOf":{"@id":"https:\/\/www.gsv.dk\/#website"},"datePublished":"2019-12-30T08:54:36+00:00","dateModified":"2020-01-31T11:07:58+00:00","description":"Vi arbejder p\u00e5 at opretholde og yde god service 24 timer i d\u00f8gnet. Derfor har vi udviklet GSV APPen, s\u00e5 du kan f\u00e5 overblik & leje\/afmelde d\u00f8gnet rundt.","breadcrumb":{"@id":"https:\/\/www.gsv.dk\/om-gsv-2\/digitalisering\/#breadcrumb"},"inLanguage":"en-GB","potentialAction":[{"@type":"ReadAction","target":["https:\/\/www.gsv.dk\/om-gsv-2\/digitalisering\/"]}]},{"@type":"BreadcrumbList","@id":"https:\/\/www.gsv.dk\/om-gsv-2\/digitalisering\/#breadcrumb","itemListElement":[{"@type":"ListItem","position":1,"name":"Home","item":"https:\/\/www.gsv.dk\/"},{"@type":"ListItem","position":2,"name":"Om GSV","item":"https:\/\/www.gsv.dk\/om-gsv-2\/"},{"@type":"ListItem","position":3,"name":"Digitalisering"}]},{"@type":"WebSite","@id":"https:\/\/www.gsv.dk\/#website","url":"https:\/\/www.gsv.dk\/","name":"GSV","description":"GSV materieludlejning","publisher":{"@id":"https:\/\/www.gsv.dk\/#organization"},"potentialAction":[{"@type":"SearchAction","target":{"@type":"EntryPoint","urlTemplate":"https:\/\/www.gsv.dk\/?s={search_term_string}"},"query-input":{"@type":"PropertyValueSpecification","valueRequired":true,"valueName":"search_term_string"}}],"inLanguage":"en-GB"},{"@type":"Organization","@id":"https:\/\/www.gsv.dk\/#organization","name":"GSV Materieludlejning","url":"https:\/\/www.gsv.dk\/","logo":{"@type":"ImageObject","inLanguage":"en-GB","@id":"https:\/\/www.gsv.dk\/#\/schema\/logo\/image\/","url":"https:\/\/www.gsv.dk\/content\/uploads\/2020\/01\/logo-300x134.png","contentUrl":"https:\/\/www.gsv.dk\/content\/uploads\/2020\/01\/logo-300x134.png","width":300,"height":134,"caption":"GSV Materieludlejning"},"image":{"@id":"https:\/\/www.gsv.dk\/#\/schema\/logo\/image\/"},"sameAs":["https:\/\/www.facebook.com\/gsvmaterieludlejning\/","https:\/\/x.com\/GsvMateriel","https:\/\/www.instagram.com\/gsv_materieludlejning\/","https:\/\/www.linkedin.com\/company\/gsv-materieludlejning-a-s","https:\/\/www.youtube.com\/channel\/UCDWOSIoGkwn6bPG7-Kgxqkw"]}]}},"_links":{"self":[{"href":"https:\/\/www.gsv.dk\/en\/wp-json\/wp\/v2\/pages\/2702","targetHints":{"allow":["GET"]}}],"collection":[{"href":"https:\/\/www.gsv.dk\/en\/wp-json\/wp\/v2\/pages"}],"about":[{"href":"https:\/\/www.gsv.dk\/en\/wp-json\/wp\/v2\/types\/page"}],"author":[{"embeddable":true,"href":"https:\/\/www.gsv.dk\/en\/wp-json\/wp\/v2\/users\/3"}],"replies":[{"embeddable":true,"href":"https:\/\/www.gsv.dk\/en\/wp-json\/wp\/v2\/comments?post=2702"}],"version-history":[{"count":14,"href":"https:\/\/www.gsv.dk\/en\/wp-json\/wp\/v2\/pages\/2702\/revisions"}],"predecessor-version":[{"id":63378,"href":"https:\/\/www.gsv.dk\/en\/wp-json\/wp\/v2\/pages\/2702\/revisions\/63378"}],"up":[{"embeddable":true,"href":"https:\/\/www.gsv.dk\/en\/wp-json\/wp\/v2\/pages\/2378"}],"wp:attachment":[{"href":"https:\/\/www.gsv.dk\/en\/wp-json\/wp\/v2\/media?parent=2702"}],"curies":[{"name":"wp","href":"https:\/\/api.w.org\/{rel}","templated":true}]}}