{"id":2592918,"date":"2024-10-14T11:11:19","date_gmt":"2024-10-14T11:11:19","guid":{"rendered":"https:\/\/www.gsv.dk\/?page_id=2592918"},"modified":"2024-10-14T11:11:20","modified_gmt":"2024-10-14T11:11:20","slug":"logistikassistent-til-aarhus","status":"publish","type":"page","link":"https:\/\/www.gsv.dk\/en\/logistikassistent-til-aarhus\/","title":{"rendered":"Logistikassistent til Aarhus"},"content":{"rendered":"<div\n  class=\"block acf-block acf-block--hero\"\n   id=\"acf-hero-1\"  \n>\n        <div class=\"hero\">\n                                            <div class=\"hero__image\">\n    <div class=\"hero__image-overlay\" style=\"background-color: rgba(0, 0, 0, 0.33)\"><\/div>\n    \n            <picture>\n                \n                <img loading=\"lazy\" decoding=\"async\" src=\"https:\/\/gsv-imgix.imgix.net\/wordpress-prod\/Neim-Kamili_1.jpg?fit=clip&#038;fm=pjpg&#038;h=160&#038;ixlib=php-3.3.1&#038;w=280&#038;wpsize=quick_link_image\" alt=\"\" title=\"Neim Kamili 1\" width=\"280\" height=\"160\" \/>\n            <\/picture>\n<\/div>\n\n\n    <div class=\"hero__content\">\n                    <h1 class=\"hero__title\">\n                Logistikassistent til Aarhus \n            <\/h1>\n        \n        \n            <\/div>\n                    <\/div>\n    \n    \n      <\/div>\n<div\n  class=\"block acf-block acf-block--text-block\"\n   id=\"acf-text-block-2\"  \n>\n        <div class=\"text-block\">\n    \n    <div class=\"inner inner--small\">\n        \n                    <h2 class=\"l-title\" data-reveal=\"reveal\">Bliv en del af GSV<\/h2>\n        \n                    <div class=\"text-block__body\" data-reveal=\"reveal\">\n                <p>Vil du v\u00e6re med til at sikre, at vores kunder f\u00e5r leveret deres maskiner til tiden ved at have helt styr p\u00e5 det praktiske, n\u00e5r det kommer til afhentning og levering af maskiner rettidigt?<\/p>\n<p>S\u00e5 kan du lige nu du blive en del af vores logistikteam i \u00c5rhus, hvor du igennem arbejdsdagen vil v\u00e6re i l\u00f8bende kontakt med vores chauff\u00f8rer, kollegaer i forskellige afdelinger og eksterne vognm\u00e6nd, for at s\u00f8rge for en professionel service og hurtig levering.<\/p>\n<p><strong>Dine arbejdsopgaver:<\/strong><\/p>\n<ul>\n<li>Sikre at levering og afhentning sker til tiden, herunder planl\u00e6gning af rekvirering og disponering<\/li>\n<li>S\u00f8rge for optimal udnyttelsesgrad af egne biler og brug af eksterne vognm\u00e6nd<\/li>\n<li>Styrke den daglige kundeservice f.eks. igennem kommunikation til kunderne omkring transporten<\/li>\n<li>Styrke den oplevede interne service<\/li>\n<li>Sikre kvalitet af fotodokumentation ved levering og afhentning<\/li>\n<li>Af og til bist\u00e5 Logistiklederen med timegodkendelse, t\u00f8jbestilling, ferieplanl\u00e6gning og s\u00f8rge for at f\u00e5 lastbiler til service<\/li>\n<\/ul>\n<p>Arbejdstiden er mandag \u2013 fredag mellem kl. 6:00-16:30. Du vil indg\u00e5 i virksomhedens vagtplan for \u00e5bne- og lukkevagter samt deltage i vagtordning.<\/p>\n<p><strong>Om dig:<br \/>\n<\/strong>Du har erfaring med logistikstyring og optimering af k\u00f8rsel. Det er vigtigt, at du har et godt overblik og kan lide en hverdag, hvor tingene hurtigt kan \u00e6ndre sig.<\/p>\n<p>Du kan lide at tale med mennesker og g\u00e5r, som os, langt for at give dine interne og eksterne kunder en god service, der er med til at sikrer, at vi fortsat har en h\u00f8j medarbejder- og kundetilfredshed.<\/p>\n<p>Det er en fordel, hvis du har erfaring fra maskinudlejnings- og byggebranchen, er fortrolig med ERP-systemet Business Central og har godt styr p\u00e5 den jysk\/fynske geografi.<\/p>\n<p>Derudover l\u00e6gger vi v\u00e6gt p\u00e5, at du:<\/p>\n<ul>\n<li>Er yderst serviceminded med fokus p\u00e5 god kundeservice b\u00e5de til kunder og kollegaer<\/li>\n<li>Er en positiv holdspiller, som s\u00e6tter godt hum\u00f8r og samarbejdet med kollegaer i h\u00f8js\u00e6det<\/li>\n<li>Praktisk orienteret og alsidig person, der trives med variation og mange forskellige opgaver.<\/li>\n<li>Du er nysgerrig og selvk\u00f8rende og tager gerne ansvar for dine egne opgaver.<\/li>\n<li>Kan holde mange bolde i luften, da GSV er en virksomhed i rivende udvikling<\/li>\n<li>Er forhandlingsdygtig og har sans for godt k\u00f8bmandskab<\/li>\n<li>Kan arbejde selvst\u00e6ndigt, struktureret og kan tr\u00e6ffe hurtige beslutninger<\/li>\n<\/ul>\n<p><strong>Vi tilbyder:<\/strong><br \/>\nEn udviklende og varierende stilling, hvor hverdagen er fuld af sp\u00e6ndende udfordringer, som udfoldes i et godt socialt arbejdsmilj\u00f8 med h\u00f8jt til loftet. Arbejdet foreg\u00e5r i et dynamisk milj\u00f8, hvor initiativ og selvst\u00e6ndighed underst\u00f8ttes af samarbejdsvilje og ansvarlighed. Du bliver en del af et team, hvor vi hj\u00e6lper hinanden og har fokus p\u00e5 godt samarbejde, b\u00e5de i eget team og i GSV.<\/p>\n<p>L\u00f8nnen er efter kvalifikationer og der er naturligvis pensionsordning tilknyttet. Desuden har vi en del personalegoder som bl.a. udvidet sundhedsforsikring, frugtordning og stor mulighed for personlig udvikling gennem interne og eksterne kurser.<\/p>\n<p><strong>Ordentlig opl\u00e6ring og plads til udvikling<\/strong><\/p>\n<p>Vi tager altid godt imod nye medarbejdere i GSV. Du bliver introduceret til hele teamet og f\u00e5r et onboarding forl\u00f8b, som du selv er med til at strukturere, s\u00e5 det passer til dig. Samtidig f\u00e5r du god opl\u00e6ring af dine rutinerede kolleger, som ogs\u00e5 st\u00e5r parat til at hj\u00e6lpe og sparre p\u00e5 de enkelte opgaver. Vi hj\u00e6lper hinanden og har fokus p\u00e5 godt samarbejde, b\u00e5de i eget team og i GSV.<\/p>\n\n            <\/div>\n            <\/div>\n<\/div>\n\n      <\/div>\n<div\n  class=\"block acf-block acf-block--text-block\"\n   id=\"acf-text-block-3\"  \n>\n        <div class=\"text-block text-block--light-grey has-background\">\n            <div class=\"bgw background--light-grey\" data-reveal=\"bgw\"><\/div>\n    \n    <div class=\"inner inner--small\">\n        \n                    <h2 class=\"l-title\" data-reveal=\"reveal\">Vi ser frem til at h\u00f8re fra dig!<\/h2>\n        \n                    <div class=\"text-block__body\" data-reveal=\"reveal\">\n                <p><strong>Interesseret? <\/strong><\/p>\n<p>Er du parat til godt socialt samv\u00e6r og udviklingsmuligheder? S\u00e5 send os en ans\u00f8gning og et CV via linket forneden. Vi inviterer til samtaler l\u00f8bende, s\u00e5 s\u00f8rg for at ans\u00f8ge hurtigst muligt.<\/p>\n<p>Har du sp\u00f8rgsm\u00e5l til din kommende stilling eller afdeling, s\u00e5 er du meget velkommen til at kontakte Logistikchef, Rolf Damm p\u00e5 tlf.: +45 40426606.<\/p>\n\n            <\/div>\n            <\/div>\n<\/div>\n\n      <\/div>\n<div\n  class=\"block acf-block acf-block--button\"\n   id=\"acf-button-4\"  \n>\n      <div class=\"inner inner--small\">\n            <div data-reveal=\"reveal\">\n        <a\n                        class=\"btn btn--primary-green\"\n                        title=\"S\u00f8g Stillingen\"\n                        aria-label=\"S\u00f8g Stillingen\"\n                        href=\"https:\/\/mkjobgsv.azurewebsites.net\/da-dk\/Application.aspx?VID=0221\"\n                        rel=\"noreferrer\"\n                        target=\"_blank\">\n                        <span>S\u00f8g Stillingen<\/span>\n                        <\/a>\n    <\/div>\n\n          <\/div>\n  <\/div>\n<div\n  class=\"block acf-block acf-block--text-block\"\n   id=\"acf-text-block-5\"  \n>\n        <div class=\"text-block text-block--light-grey has-background\">\n            <div class=\"bgw background--light-grey\" data-reveal=\"bgw\"><\/div>\n    \n    <div class=\"inner inner--small\">\n        \n                    <h2 class=\"l-title\" data-reveal=\"reveal\">About GSV<\/h2>\n        \n                    <div class=\"text-block__body\" data-reveal=\"reveal\">\n                <p>GSV er Danmarks f\u00f8rende materieludlejer med materiel til alle bygge- og anl\u00e6gsopgaver. Uanset om det drejer sig om sm\u00e5t h\u00e5ndv\u00e6rkt\u00f8j til en mindre byggeopgave eller de helt store maskiner, der skal i brug, n\u00e5r Danmarks motorveje, broer og metroer anl\u00e6gges. Vi har afdelinger i hele landet og leverer lige til d\u00f8ren eller byggepladsen.<\/p>\n<p>GSV er en innovativ samarbejdspartner og vi vil gerne v\u00e6re med til at tage ansvar for Danmarks fremtid. Hos GSV s\u00f8ger vi henimod at blive mere b\u00e6redygtige, digitaliseret og vigtigst af alt, har vi altid fokus p\u00e5 mennesker.<\/p>\n<p>L\u00e6s mere om at arbejde hos os <a href=\"https:\/\/www.gsv.dk\/job-i-gsv-2\/gsv-som-arbejdsplads\/\">her<\/a>.<\/p>\n\n            <\/div>\n            <\/div>\n<\/div>\n\n      <\/div>","protected":false},"excerpt":{"rendered":"","protected":false},"author":4423,"featured_media":0,"parent":0,"menu_order":9,"comment_status":"closed","ping_status":"closed","template":"","meta":{"_acf_changed":false,"footnotes":""},"class_list":["post-2592918","page","type-page","status-publish","hentry"],"acf":[],"yoast_head":"<!-- This site is optimized with the Yoast SEO plugin v25.9 - https:\/\/yoast.com\/wordpress\/plugins\/seo\/ -->\n<title>Logistikassistent til Aarhus | GSV<\/title>\n<meta name=\"robots\" content=\"index, follow, max-snippet:-1, max-image-preview:large, max-video-preview:-1\" \/>\n<link rel=\"canonical\" href=\"https:\/\/www.gsv.dk\/en\/logistikassistent-til-aarhus\/\" \/>\n<meta property=\"og:locale\" content=\"en_GB\" \/>\n<meta property=\"og:type\" content=\"article\" \/>\n<meta property=\"og:title\" content=\"Logistikassistent til Aarhus | GSV\" \/>\n<meta property=\"og:url\" content=\"https:\/\/www.gsv.dk\/en\/logistikassistent-til-aarhus\/\" \/>\n<meta property=\"og:site_name\" content=\"GSV\" \/>\n<meta property=\"article:publisher\" content=\"https:\/\/www.facebook.com\/gsvmaterieludlejning\/\" \/>\n<meta property=\"article:modified_time\" content=\"2024-10-14T11:11:20+00:00\" \/>\n<meta property=\"og:image\" content=\"https:\/\/www.gsv.dk\/content\/uploads\/2020\/01\/logo-300x134.png\" \/>\n\t<meta property=\"og:image:width\" content=\"300\" \/>\n\t<meta property=\"og:image:height\" content=\"134\" \/>\n\t<meta property=\"og:image:type\" content=\"image\/png\" \/>\n<meta name=\"twitter:card\" content=\"summary_large_image\" \/>\n<meta name=\"twitter:site\" content=\"@GsvMateriel\" \/>\n<script type=\"application\/ld+json\" class=\"yoast-schema-graph\">{\"@context\":\"https:\/\/schema.org\",\"@graph\":[{\"@type\":\"WebPage\",\"@id\":\"https:\/\/www.gsv.dk\/logistikassistent-til-aarhus\/\",\"url\":\"https:\/\/www.gsv.dk\/logistikassistent-til-aarhus\/\",\"name\":\"Logistikassistent til Aarhus | GSV\",\"isPartOf\":{\"@id\":\"https:\/\/www.gsv.dk\/#website\"},\"datePublished\":\"2024-10-14T11:11:19+00:00\",\"dateModified\":\"2024-10-14T11:11:20+00:00\",\"breadcrumb\":{\"@id\":\"https:\/\/www.gsv.dk\/logistikassistent-til-aarhus\/#breadcrumb\"},\"inLanguage\":\"en-GB\",\"potentialAction\":[{\"@type\":\"ReadAction\",\"target\":[\"https:\/\/www.gsv.dk\/logistikassistent-til-aarhus\/\"]}]},{\"@type\":\"BreadcrumbList\",\"@id\":\"https:\/\/www.gsv.dk\/logistikassistent-til-aarhus\/#breadcrumb\",\"itemListElement\":[{\"@type\":\"ListItem\",\"position\":1,\"name\":\"Home\",\"item\":\"https:\/\/www.gsv.dk\/\"},{\"@type\":\"ListItem\",\"position\":2,\"name\":\"Logistikassistent til Aarhus\"}]},{\"@type\":\"WebSite\",\"@id\":\"https:\/\/www.gsv.dk\/#website\",\"url\":\"https:\/\/www.gsv.dk\/\",\"name\":\"GSV\",\"description\":\"GSV materieludlejning\",\"publisher\":{\"@id\":\"https:\/\/www.gsv.dk\/#organization\"},\"potentialAction\":[{\"@type\":\"SearchAction\",\"target\":{\"@type\":\"EntryPoint\",\"urlTemplate\":\"https:\/\/www.gsv.dk\/?s={search_term_string}\"},\"query-input\":{\"@type\":\"PropertyValueSpecification\",\"valueRequired\":true,\"valueName\":\"search_term_string\"}}],\"inLanguage\":\"en-GB\"},{\"@type\":\"Organization\",\"@id\":\"https:\/\/www.gsv.dk\/#organization\",\"name\":\"GSV Materieludlejning\",\"url\":\"https:\/\/www.gsv.dk\/\",\"logo\":{\"@type\":\"ImageObject\",\"inLanguage\":\"en-GB\",\"@id\":\"https:\/\/www.gsv.dk\/#\/schema\/logo\/image\/\",\"url\":\"https:\/\/www.gsv.dk\/content\/uploads\/2020\/01\/logo-300x134.png\",\"contentUrl\":\"https:\/\/www.gsv.dk\/content\/uploads\/2020\/01\/logo-300x134.png\",\"width\":300,\"height\":134,\"caption\":\"GSV Materieludlejning\"},\"image\":{\"@id\":\"https:\/\/www.gsv.dk\/#\/schema\/logo\/image\/\"},\"sameAs\":[\"https:\/\/www.facebook.com\/gsvmaterieludlejning\/\",\"https:\/\/x.com\/GsvMateriel\",\"https:\/\/www.instagram.com\/gsv_materieludlejning\/\",\"https:\/\/www.linkedin.com\/company\/gsv-materieludlejning-a-s\",\"https:\/\/www.youtube.com\/channel\/UCDWOSIoGkwn6bPG7-Kgxqkw\"]}]}<\/script>\n<!-- \/ Yoast SEO plugin. -->","yoast_head_json":{"title":"Logistikassistent til Aarhus | GSV","robots":{"index":"index","follow":"follow","max-snippet":"max-snippet:-1","max-image-preview":"max-image-preview:large","max-video-preview":"max-video-preview:-1"},"canonical":"https:\/\/www.gsv.dk\/en\/logistikassistent-til-aarhus\/","og_locale":"en_GB","og_type":"article","og_title":"Logistikassistent til Aarhus | GSV","og_url":"https:\/\/www.gsv.dk\/en\/logistikassistent-til-aarhus\/","og_site_name":"GSV","article_publisher":"https:\/\/www.facebook.com\/gsvmaterieludlejning\/","article_modified_time":"2024-10-14T11:11:20+00:00","og_image":[{"width":300,"height":134,"url":"https:\/\/www.gsv.dk\/content\/uploads\/2020\/01\/logo-300x134.png","type":"image\/png"}],"twitter_card":"summary_large_image","twitter_site":"@GsvMateriel","schema":{"@context":"https:\/\/schema.org","@graph":[{"@type":"WebPage","@id":"https:\/\/www.gsv.dk\/logistikassistent-til-aarhus\/","url":"https:\/\/www.gsv.dk\/logistikassistent-til-aarhus\/","name":"Logistikassistent til Aarhus | GSV","isPartOf":{"@id":"https:\/\/www.gsv.dk\/#website"},"datePublished":"2024-10-14T11:11:19+00:00","dateModified":"2024-10-14T11:11:20+00:00","breadcrumb":{"@id":"https:\/\/www.gsv.dk\/logistikassistent-til-aarhus\/#breadcrumb"},"inLanguage":"en-GB","potentialAction":[{"@type":"ReadAction","target":["https:\/\/www.gsv.dk\/logistikassistent-til-aarhus\/"]}]},{"@type":"BreadcrumbList","@id":"https:\/\/www.gsv.dk\/logistikassistent-til-aarhus\/#breadcrumb","itemListElement":[{"@type":"ListItem","position":1,"name":"Home","item":"https:\/\/www.gsv.dk\/"},{"@type":"ListItem","position":2,"name":"Logistikassistent til Aarhus"}]},{"@type":"WebSite","@id":"https:\/\/www.gsv.dk\/#website","url":"https:\/\/www.gsv.dk\/","name":"GSV","description":"GSV materieludlejning","publisher":{"@id":"https:\/\/www.gsv.dk\/#organization"},"potentialAction":[{"@type":"SearchAction","target":{"@type":"EntryPoint","urlTemplate":"https:\/\/www.gsv.dk\/?s={search_term_string}"},"query-input":{"@type":"PropertyValueSpecification","valueRequired":true,"valueName":"search_term_string"}}],"inLanguage":"en-GB"},{"@type":"Organization","@id":"https:\/\/www.gsv.dk\/#organization","name":"GSV Materieludlejning","url":"https:\/\/www.gsv.dk\/","logo":{"@type":"ImageObject","inLanguage":"en-GB","@id":"https:\/\/www.gsv.dk\/#\/schema\/logo\/image\/","url":"https:\/\/www.gsv.dk\/content\/uploads\/2020\/01\/logo-300x134.png","contentUrl":"https:\/\/www.gsv.dk\/content\/uploads\/2020\/01\/logo-300x134.png","width":300,"height":134,"caption":"GSV Materieludlejning"},"image":{"@id":"https:\/\/www.gsv.dk\/#\/schema\/logo\/image\/"},"sameAs":["https:\/\/www.facebook.com\/gsvmaterieludlejning\/","https:\/\/x.com\/GsvMateriel","https:\/\/www.instagram.com\/gsv_materieludlejning\/","https:\/\/www.linkedin.com\/company\/gsv-materieludlejning-a-s","https:\/\/www.youtube.com\/channel\/UCDWOSIoGkwn6bPG7-Kgxqkw"]}]}},"_links":{"self":[{"href":"https:\/\/www.gsv.dk\/en\/wp-json\/wp\/v2\/pages\/2592918","targetHints":{"allow":["GET"]}}],"collection":[{"href":"https:\/\/www.gsv.dk\/en\/wp-json\/wp\/v2\/pages"}],"about":[{"href":"https:\/\/www.gsv.dk\/en\/wp-json\/wp\/v2\/types\/page"}],"author":[{"embeddable":true,"href":"https:\/\/www.gsv.dk\/en\/wp-json\/wp\/v2\/users\/4423"}],"replies":[{"embeddable":true,"href":"https:\/\/www.gsv.dk\/en\/wp-json\/wp\/v2\/comments?post=2592918"}],"version-history":[{"count":1,"href":"https:\/\/www.gsv.dk\/en\/wp-json\/wp\/v2\/pages\/2592918\/revisions"}],"predecessor-version":[{"id":2592919,"href":"https:\/\/www.gsv.dk\/en\/wp-json\/wp\/v2\/pages\/2592918\/revisions\/2592919"}],"wp:attachment":[{"href":"https:\/\/www.gsv.dk\/en\/wp-json\/wp\/v2\/media?parent=2592918"}],"curies":[{"name":"wp","href":"https:\/\/api.w.org\/{rel}","templated":true}]}}