{"id":2378,"date":"2019-12-09T09:02:53","date_gmt":"2019-12-09T09:02:53","guid":{"rendered":"http:\/\/www.gsv.dk\/?page_id=2378"},"modified":"2025-12-01T13:09:20","modified_gmt":"2025-12-01T13:09:20","slug":"om-gsv-2","status":"publish","type":"page","link":"https:\/\/www.gsv.dk\/en\/om-gsv-2\/","title":{"rendered":"About GSV"},"content":{"rendered":"<div\n  class=\"block acf-block acf-block--hero\"\n   id=\"acf-hero-1\"  \n>\n        <div class=\"hero\">\n                                            <div class=\"hero__image\">\n    <div class=\"hero__image-overlay\" style=\"background-color: rgba(0, 0, 0, 0.20)\"><\/div>\n    \n            <picture>\n                <source srcset=\"https:\/\/gsv-imgix.imgix.net\/wordpress-prod\/Unavngivet-1.png?fit=clip&#038;fm=png&#038;h=550&#038;ixlib=php-3.3.1&#038;w=1440&#038;wpsize=wide_desktop\" media=\"(min-width: 1200px)\"><source srcset=\"https:\/\/gsv-imgix.imgix.net\/wordpress-prod\/Unavngivet-1.png?fit=clip&#038;fm=png&#038;h=550&#038;ixlib=php-3.3.1&#038;w=1200&#038;wpsize=wide_tablet_landscape\" media=\"(min-width: 900px)\"><source srcset=\"https:\/\/gsv-imgix.imgix.net\/wordpress-prod\/Unavngivet-1.png?fit=clip&#038;fm=png&#038;h=400&#038;ixlib=php-3.3.1&#038;w=900&#038;wpsize=wide_tablet_portrait\" media=\"(min-width: 600px)\"><source srcset=\"https:\/\/gsv-imgix.imgix.net\/wordpress-prod\/Unavngivet-1.png?fit=clip&#038;fm=png&#038;h=350&#038;ixlib=php-3.3.1&#038;w=600&#038;wpsize=wide_large_phone\" media=\"(min-width: 414px)\">\n                <img loading=\"lazy\" decoding=\"async\" src=\"https:\/\/gsv-imgix.imgix.net\/wordpress-prod\/Unavngivet-1.png?fit=clip&#038;fm=png&#038;h=250&#038;ixlib=php-3.3.1&#038;w=414&#038;wpsize=wide_phone\" alt=\"\" title=\"Unavngivet 1\" width=\"414\" height=\"250\" \/>\n            <\/picture>\n<\/div>\n\n\n    <div class=\"hero__content\">\n                    <h1 class=\"hero__title\">\n                About GSV\n            <\/h1>\n        \n        \n            <\/div>\n                    <\/div>\n    \n    \n      <\/div>\n<div\n  class=\"block acf-block acf-block--text-block\"\n   id=\"acf-text-block-2\"  \n>\n        <div class=\"text-block\">\n    \n    <div class=\"inner inner--small\">\n        \n                    <h2 class=\"l-title\" data-reveal=\"reveal\">GSV &#8211; Mennesker f\u00f8r Maskiner<\/h2>\n        \n                    <div class=\"text-block__body\" data-reveal=\"reveal\">\n                <p>GSV er Danmarks f\u00f8rende materieludlejer og st\u00e5r klar med udstyr til alle typer bygge- og anl\u00e6gsopgaver. Uanset om der er behov for sm\u00e5t h\u00e5ndv\u00e6rkt\u00f8j til en mindre renovering eller de st\u00f8rste og mest avancerede maskiner til motorveje, metrobyggeri eller broanl\u00e6g, er vi klar til at levere. Med afdelinger i hele landet s\u00f8rger vi for hurtig og fleksibel levering &#8211; direkte til d\u00f8ren eller ud p\u00e5 byggepladsen.<\/p>\n<p>Hos GSV f\u00e5r du meget mere end materiel. Vi er en innovativ partner, der tager ansvar og t\u00e6nker langsigtet. Vi arbejder m\u00e5lrettet mod en mere b\u00e6redygtig og digital fremtid for hele branchen &#8211; og vigtigst af alt har vi altid fokus p\u00e5 mennesket bag opgaven. Vi tror p\u00e5, at den bedste udvikling sker i samarbejde, og derfor er vores m\u00e5l at skabe v\u00e6rdi gennem l\u00f8sninger, der er b\u00e5de effektive, b\u00e6redygtige og fremtidssikrede.<\/p>\n<p>Sammen bygger vi fremtidens Danmark.<\/p>\n\n            <\/div>\n            <\/div>\n<\/div>\n\n      <\/div>\n<div\n  class=\"block acf-block acf-block--text-block\"\n   id=\"acf-text-block-3\"  \n>\n        <div class=\"text-block\">\n    \n    <div class=\"inner inner--small\">\n        \n                    <h2 class=\"l-title\" data-reveal=\"reveal\">Optimale l\u00f8sninger \u2013 tilpasset dig<\/h2>\n        \n                    <div class=\"text-block__body\" data-reveal=\"reveal\">\n                <p>Hos GSV er vi drevet af at skabe de mest optimale l\u00f8sninger for vores kunder. Vi tror p\u00e5 personlig service og t\u00e6t samarbejde, s\u00e5 vi sammen kan finde den l\u00f8sning, der matcher dine behov bedst. Udviklingen stopper aldrig hos os &#8211; vi str\u00e6ber konstant efter at forbedre os og levere den h\u00f8jeste kvalitet i alt, hvad vi g\u00f8r.<\/p>\n<p>For at sikre at du altid har adgang til de rette oplysninger, har vi digitaliseret vores processer og gjort vores services mere tilg\u00e6ngelige &#8211; blandt andet gennem vores app. Hos GSV er du altid i fokus. Vi tilpasser vores l\u00f8sninger til dig, ikke omvendt. Vores m\u00e5l er at give dig den bedste service i branchen og skabe en oplevelse, hvor du f\u00f8ler dig set, forst\u00e5et og prioriteret.<\/p>\n<p>Vi g\u00f8r det nemt for dig at f\u00e5 det rigtige udstyr og den rette l\u00f8sning &#8211; hver gang.<\/p>\n\n            <\/div>\n            <\/div>\n<\/div>\n\n      <\/div>\n<div\n  class=\"block acf-block acf-block--text-block\"\n   id=\"acf-text-block-4\"  \n>\n        <div class=\"text-block text-block--light-grey has-background\">\n            <div class=\"bgw background--light-grey\" data-reveal=\"bgw\"><\/div>\n    \n    <div class=\"inner inner--small\">\n                    <span class=\"l-subtitle\" data-reveal=\"reveal\">\n                Medarbejdere\n            <\/span>\n        \n                    <h2 class=\"l-title\" data-reveal=\"reveal\">Vi er 580 ansatte i GSV<\/h2>\n        \n            <\/div>\n<\/div>\n\n      <\/div>\n<div\n  class=\"block acf-block acf-block--text-block\"\n   id=\"acf-text-block-5\"  \n>\n        <div class=\"text-block\">\n    \n    <div class=\"inner inner--small\">\n        \n                    <h2 class=\"l-title\" data-reveal=\"reveal\">ISO-certificeringer <\/h2>\n        \n                    <div class=\"text-block__body\" data-reveal=\"reveal\">\n                <p><strong>ISO 9001<\/strong><\/p>\n<p><strong>Kvalitetsstyring og p\u00e5lidelig drift<\/strong><\/p>\n<p>GSV er ISO 9001-certificeret, hvilket betyder, at vores arbejde er baseret p\u00e5 et internationalt anerkendt kvalitetsledelsessystem.\u00a0Certificeringen sikrer, at vi arbejder struktureret med planl\u00e6gning, dokumentation og l\u00f8bende forbedringer af vores processer.<\/p>\n<p>For vores kunder betyder det h\u00f8j leveringssikkerhed, ensartet kvalitet og en professionel drift, hvor vi tager ansvar for kontrol og kvalitetssikring af materiel og service. ISO 9001 er en vigtig del af vores fokus p\u00e5 at levere den bedste oplevelse \u2013 hver gang.<\/p>\n<p><strong>ISO 14001<\/strong><\/p>\n<p>Milj\u00f8styring og b\u00e6redygtige l\u00f8sninger<\/p>\n<p>ISO 14001-certificeringen dokumenterer, at GSV arbejder systematisk og m\u00e5lrettet med milj\u00f8 og b\u00e6redygtighed. Standarden er vores ramme for at reducere milj\u00f8p\u00e5virkning, optimere ressourceforbrug og sikre, at vores drift lever op til g\u00e6ldende krav og lovgivning.<\/p>\n<p>Med certificeringen arbejder vi l\u00f8bende med forbedringer i forhold til energi, materialer og milj\u00f8p\u00e5virkning p\u00e5 vores materiel og aktiviteter. Det er vores m\u00e5de at sikre en ansvarlig og fremtidssikret drift \u2013 i t\u00e6t samarbejde med kunder og partnere.<\/p>\n\n            <\/div>\n            <\/div>\n<\/div>\n\n      <\/div>\n<div\n  class=\"block acf-block acf-block--text-block\"\n   id=\"acf-text-block-6\"  \n>\n        <div class=\"text-block text-block--light-grey has-background\">\n            <div class=\"bgw background--light-grey\" data-reveal=\"bgw\"><\/div>\n    \n    <div class=\"inner inner--small\">\n                    <span class=\"l-subtitle\" data-reveal=\"reveal\">\n                AFDELINGER\n            <\/span>\n        \n                    <h2 class=\"l-title\" data-reveal=\"reveal\">Vi har 22 afdelinger<\/h2>\n        \n                    <div class=\"text-block__body\" data-reveal=\"reveal\">\n                <p class=\"l-title\" data-reveal=\"reveal\"><span style=\"font-size: 16px;\">Du kan <\/span><a style=\"font-size: 16px;\" href=\"https:\/\/www.gsv.dk\/gsv-afdelinger\/\" target=\"_blank\" rel=\"noopener\">finde vores afdelinger<\/a><span style=\"font-size: 16px;\">\u00a0her<\/span><\/p>\n\n            <\/div>\n            <\/div>\n<\/div>\n\n      <\/div>\n<div\n  class=\"block acf-block acf-block--text-block\"\n   id=\"acf-text-block-7\"  \n>\n        <div class=\"text-block\">\n    \n    <div class=\"inner inner--small\">\n        \n                    <h2 class=\"l-title\" data-reveal=\"reveal\">Find os i hele landet<\/h2>\n        \n                    <div class=\"text-block__body\" data-reveal=\"reveal\">\n                <p>GSV er altid i n\u00e6rheden af dig. Med vores afdelinger fordelt over hele landet kan du altid komme i kontakt med os uanset, hvor i landet du befinder dig.<\/p>\n<p>Du kan altid ringe p\u00e5 vores hovednummer: 70 12 13 15, som kan sikre dig forbindelse til de rigtige afdelinger, de rigtige specialister og den rigtige l\u00f8sning til din opgave eller problemstilling.<\/p>\n<p>Vi er med dig hele vejen igennem \u2013 b\u00e5de i det planlagte og det akutte, da vi tilbyder beredskab og <a href=\"https:\/\/www.gsv.dk\/24-timers-service\/\">service d\u00f8gnet rundt<\/a>.<\/p>\n<p>Du kan <a href=\"http:\/\/www.gsv.dk\/gsv-afdelinger\/\">finde GSV afdelingerne her<\/a><\/p>\n<p>Hovedkontoret ligger i Hedehusene og adressen er:<\/p>\n<p>G.S.V. Materieludlejning A\/S<br \/>\nBaldersbuen 5<br \/>\n2640 Hedehusene<\/p>\n<p>T: 70 12 13 15<br \/>\nM: <a href=\"mailto:info@gsv.dk\">info@gsv.dk<\/a><\/p>\n<p>For pressekontakt, kontakt venligst:<br \/>\nAnne Cecilie Lysbo<br \/>\nMobil: 25 22 50 00<br \/>\nMail: acl@gsv.dk<\/p>\n\n            <\/div>\n            <\/div>\n<\/div>\n\n      <\/div>\n<div\n  class=\"block acf-block acf-block--quick-navigation-block\"\n   id=\"acf-quick-navigation-block-8\"  \n>\n        <div class=\"quick-nav l-category\">\n        \n        <div class=\"inner inner--medium\">\n            \n                            <h2 class=\"l-title\" data-reveal=\"reveal\">L\u00e6r GSV at kende<\/h2>\n            \n            <div class=\"l-category__items grid-4\">\n                                                                                <div class=\"l-category__item\">\n                            <a class=\"l-category__link\"\n                               href=\"http:\/\/www.gsv.dk\/om-gsv\/vision-og-mission\/\"\n                               target=\"\"\n                               aria-label=\"L\u00e6s mere om Vision og mission\">\n\n                                                                    <div class=\"l-category__image\">\n                                        \n            <picture>\n                \n                <img loading=\"lazy\" decoding=\"async\" src=\"https:\/\/www.gsv.dk\/content\/uploads\/wordpress-prod\/GSV_2_dag_Greve_DSC8508-1-280x160.jpg\" alt=\"\" title=\"GSV 2 Dag Greve DSC8508\" width=\"280\" height=\"160\">\n            <\/picture>\n                                    <\/div>\n                                \n                                <span class=\"l-category__item-title\">Vision and mission<\/span>\n\n                                <div class=\"l-category__arrow\">\n                                    <svg xmlns=\"http:\/\/www.w3.org\/2000\/svg\" viewbox=\"0 0 31 31\" class=\"\"><path d=\"M15.5 0C24.06 0 31 6.94 31 15.5 31 24.06 24.06 31 15.5 31 6.94 31 0 24.06 0 15.5 0 6.94 6.94 0 15.5 0zm0 .969C7.475.969.969 7.475.969 15.5S7.475 30.031 15.5 30.031 30.031 23.525 30.031 15.5 23.525.969 15.5.969zM13.323 8l6.977 6.846a.922.922 0 01.077 1.22l-.082.092L13.323 23 12 21.694l6.311-6.194L12 9.306 13.323 8z\"\/><\/svg>\n                                <\/div>\n                            <\/a>\n                        <\/div>\n                                                                                                    <div class=\"l-category__item\">\n                            <a class=\"l-category__link\"\n                               href=\"http:\/\/www.gsv.dk\/om-gsv\/gsv-organisation\/\"\n                               target=\"\"\n                               aria-label=\"L\u00e6s mere om Organisation\">\n\n                                                                    <div class=\"l-category__image\">\n                                        \n            <picture>\n                \n                <img loading=\"lazy\" decoding=\"async\" src=\"https:\/\/www.gsv.dk\/content\/uploads\/2019\/12\/GSV-organisation-TN-280x160.png\" alt=\"\" title=\"GSV-organisation-TN\" width=\"280\" height=\"160\">\n            <\/picture>\n                                    <\/div>\n                                \n                                <span class=\"l-category__item-title\">Organization<\/span>\n\n                                <div class=\"l-category__arrow\">\n                                    <svg xmlns=\"http:\/\/www.w3.org\/2000\/svg\" viewbox=\"0 0 31 31\" class=\"\"><path d=\"M15.5 0C24.06 0 31 6.94 31 15.5 31 24.06 24.06 31 15.5 31 6.94 31 0 24.06 0 15.5 0 6.94 6.94 0 15.5 0zm0 .969C7.475.969.969 7.475.969 15.5S7.475 30.031 15.5 30.031 30.031 23.525 30.031 15.5 23.525.969 15.5.969zM13.323 8l6.977 6.846a.922.922 0 01.077 1.22l-.082.092L13.323 23 12 21.694l6.311-6.194L12 9.306 13.323 8z\"\/><\/svg>\n                                <\/div>\n                            <\/a>\n                        <\/div>\n                                                                                                    <div class=\"l-category__item\">\n                            <a class=\"l-category__link\"\n                               href=\"http:\/\/www.gsv.dk\/om-gsv\/digitalisering\/\"\n                               target=\"\"\n                               aria-label=\"L\u00e6s mere om Digitalisering\">\n\n                                                                    <div class=\"l-category__image\">\n                                        \n            <picture>\n                \n                <img loading=\"lazy\" decoding=\"async\" src=\"https:\/\/www.gsv.dk\/content\/uploads\/2019\/12\/GSV-digitalisering-TN-280x160.png\" alt=\"\" title=\"GSV-digitalisering-TN\" width=\"280\" height=\"160\">\n            <\/picture>\n                                    <\/div>\n                                \n                                <span class=\"l-category__item-title\">Digitization<\/span>\n\n                                <div class=\"l-category__arrow\">\n                                    <svg xmlns=\"http:\/\/www.w3.org\/2000\/svg\" viewbox=\"0 0 31 31\" class=\"\"><path d=\"M15.5 0C24.06 0 31 6.94 31 15.5 31 24.06 24.06 31 15.5 31 6.94 31 0 24.06 0 15.5 0 6.94 6.94 0 15.5 0zm0 .969C7.475.969.969 7.475.969 15.5S7.475 30.031 15.5 30.031 30.031 23.525 30.031 15.5 23.525.969 15.5.969zM13.323 8l6.977 6.846a.922.922 0 01.077 1.22l-.082.092L13.323 23 12 21.694l6.311-6.194L12 9.306 13.323 8z\"\/><\/svg>\n                                <\/div>\n                            <\/a>\n                        <\/div>\n                                                                                                    <div class=\"l-category__item\">\n                            <a class=\"l-category__link\"\n                               href=\"http:\/\/www.gsv.dk\/om-gsv\/gsv-historie\/\"\n                               target=\"\"\n                               aria-label=\"L\u00e6s mere om Historie\">\n\n                                                                    <div class=\"l-category__image\">\n                                        \n            <picture>\n                \n                <img loading=\"lazy\" decoding=\"async\" src=\"https:\/\/www.gsv.dk\/content\/uploads\/2019\/12\/GSV-historie-TN-280x160.png\" alt=\"\" title=\"GSV-historie-TN\" width=\"280\" height=\"160\">\n            <\/picture>\n                                    <\/div>\n                                \n                                <span class=\"l-category__item-title\">History<\/span>\n\n                                <div class=\"l-category__arrow\">\n                                    <svg xmlns=\"http:\/\/www.w3.org\/2000\/svg\" viewbox=\"0 0 31 31\" class=\"\"><path d=\"M15.5 0C24.06 0 31 6.94 31 15.5 31 24.06 24.06 31 15.5 31 6.94 31 0 24.06 0 15.5 0 6.94 6.94 0 15.5 0zm0 .969C7.475.969.969 7.475.969 15.5S7.475 30.031 15.5 30.031 30.031 23.525 30.031 15.5 23.525.969 15.5.969zM13.323 8l6.977 6.846a.922.922 0 01.077 1.22l-.082.092L13.323 23 12 21.694l6.311-6.194L12 9.306 13.323 8z\"\/><\/svg>\n                                <\/div>\n                            <\/a>\n                        <\/div>\n                                                                                                    <div class=\"l-category__item\">\n                            <a class=\"l-category__link\"\n                               href=\"\/gsv-afdelinger\/\"\n                               target=\"_blank\"\n                               aria-label=\"L\u00e6s mere om Afdelinger i GSV\">\n\n                                                                    <div class=\"l-category__image\">\n                                        \n            <picture>\n                \n                <img loading=\"lazy\" decoding=\"async\" src=\"https:\/\/www.gsv.dk\/content\/uploads\/wordpress-prod\/Greve-280x160.jpg\" alt=\"\" title=\"Greve\" width=\"280\" height=\"160\">\n            <\/picture>\n                                    <\/div>\n                                \n                                <span class=\"l-category__item-title\">Afdelinger i GSV<\/span>\n\n                                <div class=\"l-category__arrow\">\n                                    <svg xmlns=\"http:\/\/www.w3.org\/2000\/svg\" viewbox=\"0 0 31 31\" class=\"\"><path d=\"M15.5 0C24.06 0 31 6.94 31 15.5 31 24.06 24.06 31 15.5 31 6.94 31 0 24.06 0 15.5 0 6.94 6.94 0 15.5 0zm0 .969C7.475.969.969 7.475.969 15.5S7.475 30.031 15.5 30.031 30.031 23.525 30.031 15.5 23.525.969 15.5.969zM13.323 8l6.977 6.846a.922.922 0 01.077 1.22l-.082.092L13.323 23 12 21.694l6.311-6.194L12 9.306 13.323 8z\"\/><\/svg>\n                                <\/div>\n                            <\/a>\n                        <\/div>\n                                                                                                        <\/div>\n\n                    <\/div>\n    <\/div>\n\n      <\/div>","protected":false},"excerpt":{"rendered":"","protected":false},"author":3,"featured_media":0,"parent":0,"menu_order":48,"comment_status":"closed","ping_status":"closed","template":"","meta":{"_acf_changed":false,"footnotes":""},"class_list":["post-2378","page","type-page","status-publish","hentry"],"acf":[],"yoast_head":"<!-- This site is optimized with the Yoast SEO plugin v25.9 - https:\/\/yoast.com\/wordpress\/plugins\/seo\/ -->\n<title>L\u00e6r mere om Danmarks st\u00f8rste materieludlejer GSV<\/title>\n<meta name=\"description\" content=\"Hos GSV finder du materiel til enhver bygge- eller anl\u00e6gsopgave. Vi er med n\u00e5r Danmark anl\u00e6gger broer, tunneler, metroer mm. Vi yder landsd\u00e6kkende service.\" \/>\n<meta name=\"robots\" content=\"index, follow, max-snippet:-1, max-image-preview:large, max-video-preview:-1\" \/>\n<link rel=\"canonical\" href=\"https:\/\/www.gsv.dk\/en\/om-gsv-2\/\" \/>\n<meta property=\"og:locale\" content=\"en_GB\" \/>\n<meta property=\"og:type\" content=\"article\" \/>\n<meta property=\"og:title\" content=\"L\u00e6r mere om Danmarks st\u00f8rste materieludlejer GSV\" \/>\n<meta property=\"og:description\" content=\"Hos GSV finder du materiel til enhver bygge- eller anl\u00e6gsopgave. Vi er med n\u00e5r Danmark anl\u00e6gger broer, tunneler, metroer mm. Vi yder landsd\u00e6kkende service.\" \/>\n<meta property=\"og:url\" content=\"https:\/\/www.gsv.dk\/en\/om-gsv-2\/\" \/>\n<meta property=\"og:site_name\" content=\"GSV\" \/>\n<meta property=\"article:publisher\" content=\"https:\/\/www.facebook.com\/gsvmaterieludlejning\/\" \/>\n<meta property=\"article:modified_time\" content=\"2025-12-01T13:09:20+00:00\" \/>\n<meta property=\"og:image\" content=\"https:\/\/www.gsv.dk\/content\/uploads\/2020\/01\/logo-300x134.png\" \/>\n\t<meta property=\"og:image:width\" content=\"300\" \/>\n\t<meta property=\"og:image:height\" content=\"134\" \/>\n\t<meta property=\"og:image:type\" content=\"image\/png\" \/>\n<meta name=\"twitter:card\" content=\"summary_large_image\" \/>\n<meta name=\"twitter:site\" content=\"@GsvMateriel\" \/>\n<script type=\"application\/ld+json\" class=\"yoast-schema-graph\">{\"@context\":\"https:\/\/schema.org\",\"@graph\":[{\"@type\":\"WebPage\",\"@id\":\"https:\/\/www.gsv.dk\/om-gsv-2\/\",\"url\":\"https:\/\/www.gsv.dk\/om-gsv-2\/\",\"name\":\"L\u00e6r mere om Danmarks st\u00f8rste materieludlejer GSV\",\"isPartOf\":{\"@id\":\"https:\/\/www.gsv.dk\/#website\"},\"datePublished\":\"2019-12-09T09:02:53+00:00\",\"dateModified\":\"2025-12-01T13:09:20+00:00\",\"description\":\"Hos GSV finder du materiel til enhver bygge- eller anl\u00e6gsopgave. Vi er med n\u00e5r Danmark anl\u00e6gger broer, tunneler, metroer mm. Vi yder landsd\u00e6kkende service.\",\"breadcrumb\":{\"@id\":\"https:\/\/www.gsv.dk\/om-gsv-2\/#breadcrumb\"},\"inLanguage\":\"en-GB\",\"potentialAction\":[{\"@type\":\"ReadAction\",\"target\":[\"https:\/\/www.gsv.dk\/om-gsv-2\/\"]}]},{\"@type\":\"BreadcrumbList\",\"@id\":\"https:\/\/www.gsv.dk\/om-gsv-2\/#breadcrumb\",\"itemListElement\":[{\"@type\":\"ListItem\",\"position\":1,\"name\":\"Home\",\"item\":\"https:\/\/www.gsv.dk\/\"},{\"@type\":\"ListItem\",\"position\":2,\"name\":\"Om GSV\"}]},{\"@type\":\"WebSite\",\"@id\":\"https:\/\/www.gsv.dk\/#website\",\"url\":\"https:\/\/www.gsv.dk\/\",\"name\":\"GSV\",\"description\":\"GSV materieludlejning\",\"publisher\":{\"@id\":\"https:\/\/www.gsv.dk\/#organization\"},\"potentialAction\":[{\"@type\":\"SearchAction\",\"target\":{\"@type\":\"EntryPoint\",\"urlTemplate\":\"https:\/\/www.gsv.dk\/?s={search_term_string}\"},\"query-input\":{\"@type\":\"PropertyValueSpecification\",\"valueRequired\":true,\"valueName\":\"search_term_string\"}}],\"inLanguage\":\"en-GB\"},{\"@type\":\"Organization\",\"@id\":\"https:\/\/www.gsv.dk\/#organization\",\"name\":\"GSV Materieludlejning\",\"url\":\"https:\/\/www.gsv.dk\/\",\"logo\":{\"@type\":\"ImageObject\",\"inLanguage\":\"en-GB\",\"@id\":\"https:\/\/www.gsv.dk\/#\/schema\/logo\/image\/\",\"url\":\"https:\/\/www.gsv.dk\/content\/uploads\/2020\/01\/logo-300x134.png\",\"contentUrl\":\"https:\/\/www.gsv.dk\/content\/uploads\/2020\/01\/logo-300x134.png\",\"width\":300,\"height\":134,\"caption\":\"GSV Materieludlejning\"},\"image\":{\"@id\":\"https:\/\/www.gsv.dk\/#\/schema\/logo\/image\/\"},\"sameAs\":[\"https:\/\/www.facebook.com\/gsvmaterieludlejning\/\",\"https:\/\/x.com\/GsvMateriel\",\"https:\/\/www.instagram.com\/gsv_materieludlejning\/\",\"https:\/\/www.linkedin.com\/company\/gsv-materieludlejning-a-s\",\"https:\/\/www.youtube.com\/channel\/UCDWOSIoGkwn6bPG7-Kgxqkw\"]}]}<\/script>\n<!-- \/ Yoast SEO plugin. -->","yoast_head_json":{"title":"L\u00e6r mere om Danmarks st\u00f8rste materieludlejer GSV","description":"Hos GSV finder du materiel til enhver bygge- eller anl\u00e6gsopgave. Vi er med n\u00e5r Danmark anl\u00e6gger broer, tunneler, metroer mm. Vi yder landsd\u00e6kkende service.","robots":{"index":"index","follow":"follow","max-snippet":"max-snippet:-1","max-image-preview":"max-image-preview:large","max-video-preview":"max-video-preview:-1"},"canonical":"https:\/\/www.gsv.dk\/en\/om-gsv-2\/","og_locale":"en_GB","og_type":"article","og_title":"L\u00e6r mere om Danmarks st\u00f8rste materieludlejer GSV","og_description":"Hos GSV finder du materiel til enhver bygge- eller anl\u00e6gsopgave. Vi er med n\u00e5r Danmark anl\u00e6gger broer, tunneler, metroer mm. Vi yder landsd\u00e6kkende service.","og_url":"https:\/\/www.gsv.dk\/en\/om-gsv-2\/","og_site_name":"GSV","article_publisher":"https:\/\/www.facebook.com\/gsvmaterieludlejning\/","article_modified_time":"2025-12-01T13:09:20+00:00","og_image":[{"width":300,"height":134,"url":"https:\/\/www.gsv.dk\/content\/uploads\/2020\/01\/logo-300x134.png","type":"image\/png"}],"twitter_card":"summary_large_image","twitter_site":"@GsvMateriel","schema":{"@context":"https:\/\/schema.org","@graph":[{"@type":"WebPage","@id":"https:\/\/www.gsv.dk\/om-gsv-2\/","url":"https:\/\/www.gsv.dk\/om-gsv-2\/","name":"L\u00e6r mere om Danmarks st\u00f8rste materieludlejer GSV","isPartOf":{"@id":"https:\/\/www.gsv.dk\/#website"},"datePublished":"2019-12-09T09:02:53+00:00","dateModified":"2025-12-01T13:09:20+00:00","description":"Hos GSV finder du materiel til enhver bygge- eller anl\u00e6gsopgave. Vi er med n\u00e5r Danmark anl\u00e6gger broer, tunneler, metroer mm. Vi yder landsd\u00e6kkende service.","breadcrumb":{"@id":"https:\/\/www.gsv.dk\/om-gsv-2\/#breadcrumb"},"inLanguage":"en-GB","potentialAction":[{"@type":"ReadAction","target":["https:\/\/www.gsv.dk\/om-gsv-2\/"]}]},{"@type":"BreadcrumbList","@id":"https:\/\/www.gsv.dk\/om-gsv-2\/#breadcrumb","itemListElement":[{"@type":"ListItem","position":1,"name":"Home","item":"https:\/\/www.gsv.dk\/"},{"@type":"ListItem","position":2,"name":"Om GSV"}]},{"@type":"WebSite","@id":"https:\/\/www.gsv.dk\/#website","url":"https:\/\/www.gsv.dk\/","name":"GSV","description":"GSV materieludlejning","publisher":{"@id":"https:\/\/www.gsv.dk\/#organization"},"potentialAction":[{"@type":"SearchAction","target":{"@type":"EntryPoint","urlTemplate":"https:\/\/www.gsv.dk\/?s={search_term_string}"},"query-input":{"@type":"PropertyValueSpecification","valueRequired":true,"valueName":"search_term_string"}}],"inLanguage":"en-GB"},{"@type":"Organization","@id":"https:\/\/www.gsv.dk\/#organization","name":"GSV Materieludlejning","url":"https:\/\/www.gsv.dk\/","logo":{"@type":"ImageObject","inLanguage":"en-GB","@id":"https:\/\/www.gsv.dk\/#\/schema\/logo\/image\/","url":"https:\/\/www.gsv.dk\/content\/uploads\/2020\/01\/logo-300x134.png","contentUrl":"https:\/\/www.gsv.dk\/content\/uploads\/2020\/01\/logo-300x134.png","width":300,"height":134,"caption":"GSV Materieludlejning"},"image":{"@id":"https:\/\/www.gsv.dk\/#\/schema\/logo\/image\/"},"sameAs":["https:\/\/www.facebook.com\/gsvmaterieludlejning\/","https:\/\/x.com\/GsvMateriel","https:\/\/www.instagram.com\/gsv_materieludlejning\/","https:\/\/www.linkedin.com\/company\/gsv-materieludlejning-a-s","https:\/\/www.youtube.com\/channel\/UCDWOSIoGkwn6bPG7-Kgxqkw"]}]}},"_links":{"self":[{"href":"https:\/\/www.gsv.dk\/en\/wp-json\/wp\/v2\/pages\/2378","targetHints":{"allow":["GET"]}}],"collection":[{"href":"https:\/\/www.gsv.dk\/en\/wp-json\/wp\/v2\/pages"}],"about":[{"href":"https:\/\/www.gsv.dk\/en\/wp-json\/wp\/v2\/types\/page"}],"author":[{"embeddable":true,"href":"https:\/\/www.gsv.dk\/en\/wp-json\/wp\/v2\/users\/3"}],"replies":[{"embeddable":true,"href":"https:\/\/www.gsv.dk\/en\/wp-json\/wp\/v2\/comments?post=2378"}],"version-history":[{"count":76,"href":"https:\/\/www.gsv.dk\/en\/wp-json\/wp\/v2\/pages\/2378\/revisions"}],"predecessor-version":[{"id":3269254,"href":"https:\/\/www.gsv.dk\/en\/wp-json\/wp\/v2\/pages\/2378\/revisions\/3269254"}],"wp:attachment":[{"href":"https:\/\/www.gsv.dk\/en\/wp-json\/wp\/v2\/media?parent=2378"}],"curies":[{"name":"wp","href":"https:\/\/api.w.org\/{rel}","templated":true}]}}