{"id":2265654,"date":"2024-07-03T13:44:18","date_gmt":"2024-07-03T13:44:18","guid":{"rendered":"https:\/\/www.gsv.dk\/?page_id=2265654"},"modified":"2025-10-28T12:23:41","modified_gmt":"2025-10-28T12:23:41","slug":"fremtidens-byggeri","status":"publish","type":"page","link":"https:\/\/www.gsv.dk\/en\/fremtidens-byggeri\/","title":{"rendered":"Fremtidens Byggeri"},"content":{"rendered":"<div\n  class=\"block acf-block acf-block--hero\"\n   id=\"acf-hero-1\"  \n>\n        <div class=\"hero\">\n                                            <div class=\"hero__image\">\n    <div class=\"hero__image-overlay\" style=\"background-color: rgba(0, 0, 0, 0.33)\"><\/div>\n    \n            <picture>\n                <source srcset=\"https:\/\/www.gsv.dk\/content\/uploads\/wordpress-prod\/GSV_Fremtidens_byggeri_2023_DSC4862-3-1440x550.jpg\" media=\"(min-width: 1200px)\"><source srcset=\"https:\/\/www.gsv.dk\/content\/uploads\/wordpress-prod\/GSV_Fremtidens_byggeri_2023_DSC4862-3-1200x550.jpg\" media=\"(min-width: 900px)\"><source srcset=\"https:\/\/www.gsv.dk\/content\/uploads\/wordpress-prod\/GSV_Fremtidens_byggeri_2023_DSC4862-3-900x400.jpg\" media=\"(min-width: 600px)\"><source srcset=\"https:\/\/www.gsv.dk\/content\/uploads\/wordpress-prod\/GSV_Fremtidens_byggeri_2023_DSC4862-3-600x350.jpg\" media=\"(min-width: 414px)\">\n                <img loading=\"lazy\" decoding=\"async\" src=\"https:\/\/www.gsv.dk\/content\/uploads\/wordpress-prod\/GSV_Fremtidens_byggeri_2023_DSC4862-3-414x250.jpg\" alt=\"\" title=\"GSV Fremtidens Byggeri 2023 DSC4862\" width=\"414\" height=\"250\">\n            <\/picture>\n<\/div>\n\n\n    <div class=\"hero__content\">\n                    <h1 class=\"hero__title\">\n                Fremtidens Byggeri\n            <\/h1>\n        \n        \n            <\/div>\n                    <\/div>\n    \n    \n      <\/div>\n<div\n  class=\"block acf-block acf-block--text-block\"\n   id=\"acf-text-block-2\"  \n>\n        <div class=\"text-block\">\n    \n    <div class=\"inner inner--small\">\n        \n                    <h2 class=\"l-title\" data-reveal=\"reveal\">Vi samler de vigtigste parter i den danske byggebranche<\/h2>\n        \n                    <div class=\"text-block__body\" data-reveal=\"reveal\">\n                <p>Som Danmarks st\u00f8rste udlejer af entrepren\u00f8rmaskiner har vi en forpligtelse til at drive den emissionsfrie agenda fremad. Men det kr\u00e6ver, at hele branchen tager ansvar \u2013 fra bygherrer til producenter. Fremtidens Byggeri samler branchen for at inspirere, finde l\u00f8sninger og sikre, at byggeriet forbliver attraktivt for kommende generationer.<\/p>\n<p>Siden 2019 har konferencen samlet hundredvis af beslutningstagere, og i 2023 deltog over 600. I \u00e5r s\u00e6tter vi s\u00e6rligt fokus p\u00e5 sammenh\u00e6ngen mellem erfarne fagfolk og dem, der skal starte deres karriere. Vi gl\u00e6der os til at se dig den 4. september 2025 i Lokomotivv\u00e6rkstedet, K\u00f8benhavn.<\/p>\n\n            <\/div>\n            <\/div>\n<\/div>\n\n      <\/div>\n<div\n  class=\"block core-block core-block--heading\"\n   id=\"heading-3\"  \n>\n      <div class=\"inner inner--small\">\n            \n<h2 class=\"wp-block-heading\">L\u00e6s mere om Fremtidens Byggeri <a href=\"https:\/\/fremtidensbyggeri.dk\/\">her<\/a><\/h2>\n\n          <\/div>\n  <\/div>\n<div\n  class=\"block acf-block acf-block--hero\"\n   id=\"acf-hero-4\"  \n>\n        <!-- Slider main container -->\n        <div class=\"hero is-slider swiper has-usp\">\n\n            <!-- Additional required wrapper -->\n            <div class=\"swiper-wrapper\">\n                                    \n                    <!-- Slides -->\n                    <div class=\"swiper-slide\">\n                        <div class=\"hero__image\">\n    <div class=\"hero__image-overlay\" style=\"background-color: rgba(0, 0, 0, 0.17)\"><\/div>\n    \n            <picture>\n                <source srcset=\"https:\/\/www.gsv.dk\/content\/uploads\/wordpress-prod\/GSV_Fremtidens_byggeri_2023_DSC3660-2-1440x550.jpg\" media=\"(min-width: 1200px)\"><source srcset=\"https:\/\/www.gsv.dk\/content\/uploads\/wordpress-prod\/GSV_Fremtidens_byggeri_2023_DSC3660-2-1200x550.jpg\" media=\"(min-width: 900px)\"><source srcset=\"https:\/\/www.gsv.dk\/content\/uploads\/wordpress-prod\/GSV_Fremtidens_byggeri_2023_DSC3660-2-900x400.jpg\" media=\"(min-width: 600px)\"><source srcset=\"https:\/\/www.gsv.dk\/content\/uploads\/wordpress-prod\/GSV_Fremtidens_byggeri_2023_DSC3660-2-600x350.jpg\" media=\"(min-width: 414px)\">\n                <img loading=\"lazy\" decoding=\"async\" src=\"https:\/\/www.gsv.dk\/content\/uploads\/wordpress-prod\/GSV_Fremtidens_byggeri_2023_DSC3660-2-414x250.jpg\" alt=\"\" title=\"GSV Fremtidens Byggeri 2023 DSC3660\" width=\"414\" height=\"250\">\n            <\/picture>\n<\/div>\n\n\n    <div class=\"hero__content\">\n                    <h1 class=\"hero__title\">\n                Fremtidens Byggeri 2023\n            <\/h1>\n        \n        \n            <\/div>\n                    <\/div>\n                                    \n                    <!-- Slides -->\n                    <div class=\"swiper-slide\">\n                        <div class=\"hero__image\">\n    <div class=\"hero__image-overlay\" style=\"background-color: rgba(0, 0, 0, 0.0)\"><\/div>\n    \n            <picture>\n                <source srcset=\"https:\/\/www.gsv.dk\/content\/uploads\/wordpress-prod\/GSV_Fremtidens_byggeri_2023_DSC4726-1440x550.jpg\" media=\"(min-width: 1200px)\"><source srcset=\"https:\/\/www.gsv.dk\/content\/uploads\/wordpress-prod\/GSV_Fremtidens_byggeri_2023_DSC4726-1200x550.jpg\" media=\"(min-width: 900px)\"><source srcset=\"https:\/\/www.gsv.dk\/content\/uploads\/wordpress-prod\/GSV_Fremtidens_byggeri_2023_DSC4726-900x400.jpg\" media=\"(min-width: 600px)\"><source srcset=\"https:\/\/www.gsv.dk\/content\/uploads\/wordpress-prod\/GSV_Fremtidens_byggeri_2023_DSC4726-600x350.jpg\" media=\"(min-width: 414px)\">\n                <img loading=\"lazy\" decoding=\"async\" src=\"https:\/\/www.gsv.dk\/content\/uploads\/wordpress-prod\/GSV_Fremtidens_byggeri_2023_DSC4726-414x250.jpg\" alt=\"\" title=\"GSV Fremtidens Byggeri 2023 DSC4726\" width=\"414\" height=\"250\">\n            <\/picture>\n<\/div>\n\n\n                    <\/div>\n                                    \n                    <!-- Slides -->\n                    <div class=\"swiper-slide\">\n                        <div class=\"hero__image\">\n    <div class=\"hero__image-overlay\" style=\"background-color: rgba(0, 0, 0, 0.0)\"><\/div>\n    \n            <picture>\n                <source srcset=\"https:\/\/www.gsv.dk\/content\/uploads\/wordpress-prod\/GSV_Fremtidens_byggeri_2023_DSC3839-1440x550.jpg\" media=\"(min-width: 1200px)\"><source srcset=\"https:\/\/www.gsv.dk\/content\/uploads\/wordpress-prod\/GSV_Fremtidens_byggeri_2023_DSC3839-1200x550.jpg\" media=\"(min-width: 900px)\"><source srcset=\"https:\/\/www.gsv.dk\/content\/uploads\/wordpress-prod\/GSV_Fremtidens_byggeri_2023_DSC3839-900x400.jpg\" media=\"(min-width: 600px)\"><source srcset=\"https:\/\/www.gsv.dk\/content\/uploads\/wordpress-prod\/GSV_Fremtidens_byggeri_2023_DSC3839-600x350.jpg\" media=\"(min-width: 414px)\">\n                <img loading=\"lazy\" decoding=\"async\" src=\"https:\/\/www.gsv.dk\/content\/uploads\/wordpress-prod\/GSV_Fremtidens_byggeri_2023_DSC3839-414x250.jpg\" alt=\"\" title=\"GSV Fremtidens Byggeri 2023 DSC3839\" width=\"414\" height=\"250\">\n            <\/picture>\n<\/div>\n\n\n                    <\/div>\n                                    \n                    <!-- Slides -->\n                    <div class=\"swiper-slide\">\n                        <div class=\"hero__image\">\n    <div class=\"hero__image-overlay\" style=\"background-color: rgba(0, 0, 0, 0.0)\"><\/div>\n    \n            <picture>\n                <source srcset=\"https:\/\/www.gsv.dk\/content\/uploads\/wordpress-prod\/GSV_Fremtidens_byggeri_2023_DSC4846-1440x550.jpg\" media=\"(min-width: 1200px)\"><source srcset=\"https:\/\/www.gsv.dk\/content\/uploads\/wordpress-prod\/GSV_Fremtidens_byggeri_2023_DSC4846-1200x550.jpg\" media=\"(min-width: 900px)\"><source srcset=\"https:\/\/www.gsv.dk\/content\/uploads\/wordpress-prod\/GSV_Fremtidens_byggeri_2023_DSC4846-900x400.jpg\" media=\"(min-width: 600px)\"><source srcset=\"https:\/\/www.gsv.dk\/content\/uploads\/wordpress-prod\/GSV_Fremtidens_byggeri_2023_DSC4846-600x350.jpg\" media=\"(min-width: 414px)\">\n                <img loading=\"lazy\" decoding=\"async\" src=\"https:\/\/www.gsv.dk\/content\/uploads\/wordpress-prod\/GSV_Fremtidens_byggeri_2023_DSC4846-414x250.jpg\" alt=\"\" title=\"GSV Fremtidens Byggeri 2023 DSC4846\" width=\"414\" height=\"250\">\n            <\/picture>\n<\/div>\n\n\n                    <\/div>\n                                    \n                    <!-- Slides -->\n                    <div class=\"swiper-slide\">\n                        <div class=\"hero__image\">\n    <div class=\"hero__image-overlay\" style=\"background-color: rgba(0, 0, 0, 0.0)\"><\/div>\n    \n            <picture>\n                <source srcset=\"https:\/\/www.gsv.dk\/content\/uploads\/wordpress-prod\/GSV_Fremtidens_byggeri_2023_DSC4649-1440x550.jpg\" media=\"(min-width: 1200px)\"><source srcset=\"https:\/\/www.gsv.dk\/content\/uploads\/wordpress-prod\/GSV_Fremtidens_byggeri_2023_DSC4649-1200x550.jpg\" media=\"(min-width: 900px)\"><source srcset=\"https:\/\/www.gsv.dk\/content\/uploads\/wordpress-prod\/GSV_Fremtidens_byggeri_2023_DSC4649-900x400.jpg\" media=\"(min-width: 600px)\"><source srcset=\"https:\/\/www.gsv.dk\/content\/uploads\/wordpress-prod\/GSV_Fremtidens_byggeri_2023_DSC4649-600x350.jpg\" media=\"(min-width: 414px)\">\n                <img loading=\"lazy\" decoding=\"async\" src=\"https:\/\/www.gsv.dk\/content\/uploads\/wordpress-prod\/GSV_Fremtidens_byggeri_2023_DSC4649-414x250.jpg\" alt=\"\" title=\"GSV Fremtidens Byggeri 2023 DSC4649\" width=\"414\" height=\"250\">\n            <\/picture>\n<\/div>\n\n\n                    <\/div>\n                            <\/div>\n\n            <div class=\"swiper-pagination\" data-reveal=\"reveal\"><\/div>\n\n\n<div class=\"hero__nav hero__nav--prev\" data-reveal=\"reveal\">\n    <svg xmlns=\"http:\/\/www.w3.org\/2000\/svg\" xmlns:xlink=\"http:\/\/www.w3.org\/1999\/xlink\" viewbox=\"0 0 31 31\" class=\"\"><defs><path id=\"arrow-circle-left_svg__a\" d=\"M0 0h31v31H0z\"\/><path id=\"arrow-circle-left_svg__c\" d=\"M0 0h31v31H0z\"\/><\/defs><g fill=\"none\" fill-rule=\"evenodd\"><g transform=\"matrix(-1 0 0 1 31 0)\"><mask id=\"arrow-circle-left_svg__b\" fill=\"#fff\"><use xlink:href=\"#arrow-circle-left_svg__a\"\/><\/mask><path d=\"M15.5 31C24.06 31 31 24.06 31 15.5 31 6.94 24.06 0 15.5 0 6.94 0 0 6.94 0 15.5 0 24.06 6.94 31 15.5 31zm0-.969C7.475 30.031.969 23.525.969 15.5S7.475.969 15.5.969 30.031 7.475 30.031 15.5 23.525 30.031 15.5 30.031z\" fill=\"#000\" fill-rule=\"nonzero\" mask=\"url(#arrow-circle-left_svg__b)\"\/><\/g><g transform=\"matrix(-1 0 0 1 31 0)\"><mask id=\"arrow-circle-left_svg__d\" fill=\"#fff\"><use xlink:href=\"#arrow-circle-left_svg__c\"\/><\/mask><path fill=\"#000\" fill-rule=\"nonzero\" mask=\"url(#arrow-circle-left_svg__d)\" transform=\"rotate(-90 16.74 16.447)\" d=\"M17.292 19.938l5.775-5.87-1.102-1.113-5.225 5.31-5.225-5.31-1.103 1.114 5.773 5.865z\"\/><\/g><\/g><\/svg>\n<\/div>\n\n<div class=\"hero__nav hero__nav--next\" data-reveal=\"reveal\">\n    <svg xmlns=\"http:\/\/www.w3.org\/2000\/svg\" viewbox=\"0 0 31 31\" class=\"\"><path d=\"M15.5 0C24.06 0 31 6.94 31 15.5 31 24.06 24.06 31 15.5 31 6.94 31 0 24.06 0 15.5 0 6.94 6.94 0 15.5 0zm0 .969C7.475.969.969 7.475.969 15.5S7.475 30.031 15.5 30.031 30.031 23.525 30.031 15.5 23.525.969 15.5.969zM13.323 8l6.977 6.846a.922.922 0 01.077 1.22l-.082.092L13.323 23 12 21.694l6.311-6.194L12 9.306 13.323 8z\"\/><\/svg>\n<\/div>\n        <\/div>\n\n    \n    \n      <\/div>","protected":false},"excerpt":{"rendered":"<p>L\u00e6s mere om Fremtidens Byggeri her<\/p>","protected":false},"author":4423,"featured_media":0,"parent":0,"menu_order":9,"comment_status":"closed","ping_status":"closed","template":"","meta":{"_acf_changed":false,"footnotes":""},"class_list":["post-2265654","page","type-page","status-publish","hentry"],"acf":[],"yoast_head":"<!-- This site is optimized with the Yoast SEO plugin v25.9 - https:\/\/yoast.com\/wordpress\/plugins\/seo\/ -->\n<title>Fremtidens Byggeri | GSV<\/title>\n<meta name=\"robots\" content=\"index, follow, max-snippet:-1, max-image-preview:large, max-video-preview:-1\" \/>\n<link rel=\"canonical\" href=\"https:\/\/www.gsv.dk\/en\/fremtidens-byggeri\/\" \/>\n<meta property=\"og:locale\" content=\"en_GB\" \/>\n<meta property=\"og:type\" content=\"article\" \/>\n<meta property=\"og:title\" content=\"Fremtidens Byggeri | GSV\" \/>\n<meta property=\"og:description\" content=\"L\u00e6s mere om Fremtidens Byggeri her\" \/>\n<meta property=\"og:url\" content=\"https:\/\/www.gsv.dk\/en\/fremtidens-byggeri\/\" \/>\n<meta property=\"og:site_name\" content=\"GSV\" \/>\n<meta property=\"article:publisher\" content=\"https:\/\/www.facebook.com\/gsvmaterieludlejning\/\" \/>\n<meta property=\"article:modified_time\" content=\"2025-10-28T12:23:41+00:00\" \/>\n<meta property=\"og:image\" content=\"https:\/\/www.gsv.dk\/content\/uploads\/2020\/01\/logo-300x134.png\" \/>\n\t<meta property=\"og:image:width\" content=\"300\" \/>\n\t<meta property=\"og:image:height\" content=\"134\" \/>\n\t<meta property=\"og:image:type\" content=\"image\/png\" \/>\n<meta name=\"twitter:card\" content=\"summary_large_image\" \/>\n<meta name=\"twitter:site\" content=\"@GsvMateriel\" \/>\n<meta name=\"twitter:label1\" content=\"Est. reading time\" \/>\n\t<meta name=\"twitter:data1\" content=\"1 minute\" \/>\n<script type=\"application\/ld+json\" class=\"yoast-schema-graph\">{\"@context\":\"https:\/\/schema.org\",\"@graph\":[{\"@type\":\"WebPage\",\"@id\":\"https:\/\/www.gsv.dk\/fremtidens-byggeri\/\",\"url\":\"https:\/\/www.gsv.dk\/fremtidens-byggeri\/\",\"name\":\"Fremtidens Byggeri | GSV\",\"isPartOf\":{\"@id\":\"https:\/\/www.gsv.dk\/#website\"},\"datePublished\":\"2024-07-03T13:44:18+00:00\",\"dateModified\":\"2025-10-28T12:23:41+00:00\",\"breadcrumb\":{\"@id\":\"https:\/\/www.gsv.dk\/fremtidens-byggeri\/#breadcrumb\"},\"inLanguage\":\"en-GB\",\"potentialAction\":[{\"@type\":\"ReadAction\",\"target\":[\"https:\/\/www.gsv.dk\/fremtidens-byggeri\/\"]}]},{\"@type\":\"BreadcrumbList\",\"@id\":\"https:\/\/www.gsv.dk\/fremtidens-byggeri\/#breadcrumb\",\"itemListElement\":[{\"@type\":\"ListItem\",\"position\":1,\"name\":\"Home\",\"item\":\"https:\/\/www.gsv.dk\/\"},{\"@type\":\"ListItem\",\"position\":2,\"name\":\"Fremtidens Byggeri\"}]},{\"@type\":\"WebSite\",\"@id\":\"https:\/\/www.gsv.dk\/#website\",\"url\":\"https:\/\/www.gsv.dk\/\",\"name\":\"GSV\",\"description\":\"GSV materieludlejning\",\"publisher\":{\"@id\":\"https:\/\/www.gsv.dk\/#organization\"},\"potentialAction\":[{\"@type\":\"SearchAction\",\"target\":{\"@type\":\"EntryPoint\",\"urlTemplate\":\"https:\/\/www.gsv.dk\/?s={search_term_string}\"},\"query-input\":{\"@type\":\"PropertyValueSpecification\",\"valueRequired\":true,\"valueName\":\"search_term_string\"}}],\"inLanguage\":\"en-GB\"},{\"@type\":\"Organization\",\"@id\":\"https:\/\/www.gsv.dk\/#organization\",\"name\":\"GSV Materieludlejning\",\"url\":\"https:\/\/www.gsv.dk\/\",\"logo\":{\"@type\":\"ImageObject\",\"inLanguage\":\"en-GB\",\"@id\":\"https:\/\/www.gsv.dk\/#\/schema\/logo\/image\/\",\"url\":\"https:\/\/www.gsv.dk\/content\/uploads\/2020\/01\/logo-300x134.png\",\"contentUrl\":\"https:\/\/www.gsv.dk\/content\/uploads\/2020\/01\/logo-300x134.png\",\"width\":300,\"height\":134,\"caption\":\"GSV Materieludlejning\"},\"image\":{\"@id\":\"https:\/\/www.gsv.dk\/#\/schema\/logo\/image\/\"},\"sameAs\":[\"https:\/\/www.facebook.com\/gsvmaterieludlejning\/\",\"https:\/\/x.com\/GsvMateriel\",\"https:\/\/www.instagram.com\/gsv_materieludlejning\/\",\"https:\/\/www.linkedin.com\/company\/gsv-materieludlejning-a-s\",\"https:\/\/www.youtube.com\/channel\/UCDWOSIoGkwn6bPG7-Kgxqkw\"]}]}<\/script>\n<!-- \/ Yoast SEO plugin. -->","yoast_head_json":{"title":"Fremtidens Byggeri | GSV","robots":{"index":"index","follow":"follow","max-snippet":"max-snippet:-1","max-image-preview":"max-image-preview:large","max-video-preview":"max-video-preview:-1"},"canonical":"https:\/\/www.gsv.dk\/en\/fremtidens-byggeri\/","og_locale":"en_GB","og_type":"article","og_title":"Fremtidens Byggeri | GSV","og_description":"L\u00e6s mere om Fremtidens Byggeri her","og_url":"https:\/\/www.gsv.dk\/en\/fremtidens-byggeri\/","og_site_name":"GSV","article_publisher":"https:\/\/www.facebook.com\/gsvmaterieludlejning\/","article_modified_time":"2025-10-28T12:23:41+00:00","og_image":[{"width":300,"height":134,"url":"https:\/\/www.gsv.dk\/content\/uploads\/2020\/01\/logo-300x134.png","type":"image\/png"}],"twitter_card":"summary_large_image","twitter_site":"@GsvMateriel","twitter_misc":{"Est. reading time":"1 minute"},"schema":{"@context":"https:\/\/schema.org","@graph":[{"@type":"WebPage","@id":"https:\/\/www.gsv.dk\/fremtidens-byggeri\/","url":"https:\/\/www.gsv.dk\/fremtidens-byggeri\/","name":"Fremtidens Byggeri | GSV","isPartOf":{"@id":"https:\/\/www.gsv.dk\/#website"},"datePublished":"2024-07-03T13:44:18+00:00","dateModified":"2025-10-28T12:23:41+00:00","breadcrumb":{"@id":"https:\/\/www.gsv.dk\/fremtidens-byggeri\/#breadcrumb"},"inLanguage":"en-GB","potentialAction":[{"@type":"ReadAction","target":["https:\/\/www.gsv.dk\/fremtidens-byggeri\/"]}]},{"@type":"BreadcrumbList","@id":"https:\/\/www.gsv.dk\/fremtidens-byggeri\/#breadcrumb","itemListElement":[{"@type":"ListItem","position":1,"name":"Home","item":"https:\/\/www.gsv.dk\/"},{"@type":"ListItem","position":2,"name":"Fremtidens Byggeri"}]},{"@type":"WebSite","@id":"https:\/\/www.gsv.dk\/#website","url":"https:\/\/www.gsv.dk\/","name":"GSV","description":"GSV materieludlejning","publisher":{"@id":"https:\/\/www.gsv.dk\/#organization"},"potentialAction":[{"@type":"SearchAction","target":{"@type":"EntryPoint","urlTemplate":"https:\/\/www.gsv.dk\/?s={search_term_string}"},"query-input":{"@type":"PropertyValueSpecification","valueRequired":true,"valueName":"search_term_string"}}],"inLanguage":"en-GB"},{"@type":"Organization","@id":"https:\/\/www.gsv.dk\/#organization","name":"GSV Materieludlejning","url":"https:\/\/www.gsv.dk\/","logo":{"@type":"ImageObject","inLanguage":"en-GB","@id":"https:\/\/www.gsv.dk\/#\/schema\/logo\/image\/","url":"https:\/\/www.gsv.dk\/content\/uploads\/2020\/01\/logo-300x134.png","contentUrl":"https:\/\/www.gsv.dk\/content\/uploads\/2020\/01\/logo-300x134.png","width":300,"height":134,"caption":"GSV Materieludlejning"},"image":{"@id":"https:\/\/www.gsv.dk\/#\/schema\/logo\/image\/"},"sameAs":["https:\/\/www.facebook.com\/gsvmaterieludlejning\/","https:\/\/x.com\/GsvMateriel","https:\/\/www.instagram.com\/gsv_materieludlejning\/","https:\/\/www.linkedin.com\/company\/gsv-materieludlejning-a-s","https:\/\/www.youtube.com\/channel\/UCDWOSIoGkwn6bPG7-Kgxqkw"]}]}},"_links":{"self":[{"href":"https:\/\/www.gsv.dk\/en\/wp-json\/wp\/v2\/pages\/2265654","targetHints":{"allow":["GET"]}}],"collection":[{"href":"https:\/\/www.gsv.dk\/en\/wp-json\/wp\/v2\/pages"}],"about":[{"href":"https:\/\/www.gsv.dk\/en\/wp-json\/wp\/v2\/types\/page"}],"author":[{"embeddable":true,"href":"https:\/\/www.gsv.dk\/en\/wp-json\/wp\/v2\/users\/4423"}],"replies":[{"embeddable":true,"href":"https:\/\/www.gsv.dk\/en\/wp-json\/wp\/v2\/comments?post=2265654"}],"version-history":[{"count":13,"href":"https:\/\/www.gsv.dk\/en\/wp-json\/wp\/v2\/pages\/2265654\/revisions"}],"predecessor-version":[{"id":3269036,"href":"https:\/\/www.gsv.dk\/en\/wp-json\/wp\/v2\/pages\/2265654\/revisions\/3269036"}],"wp:attachment":[{"href":"https:\/\/www.gsv.dk\/en\/wp-json\/wp\/v2\/media?parent=2265654"}],"curies":[{"name":"wp","href":"https:\/\/api.w.org\/{rel}","templated":true}]}}