{"id":225212,"date":"2021-12-02T09:05:28","date_gmt":"2021-12-02T09:05:28","guid":{"rendered":"https:\/\/www.gsv.dk\/?page_id=225212"},"modified":"2021-12-02T09:40:58","modified_gmt":"2021-12-02T09:40:58","slug":"scanclimber-minichassic","status":"publish","type":"page","link":"https:\/\/www.gsv.dk\/en\/lej-din-arbejdsplatform-hos-gsv\/scanclimber-minichassic\/","title":{"rendered":"Scanclimber Minichassic"},"content":{"rendered":"<div\n  class=\"block acf-block acf-block--hero\"\n   id=\"acf-hero-1\"  \n>\n        <div class=\"hero\">\n                                            <div class=\"hero__image\">\n    <div class=\"hero__image-overlay\" style=\"background-color: rgba(0, 0, 0, 0.35)\"><\/div>\n    \n            <picture>\n                <source srcset=\"https:\/\/www.gsv.dk\/content\/uploads\/2021\/12\/GSV_Aarhus_DSC9461-1440x550.jpg\" media=\"(min-width: 1200px)\"><source srcset=\"https:\/\/www.gsv.dk\/content\/uploads\/2021\/12\/GSV_Aarhus_DSC9461-1200x550.jpg\" media=\"(min-width: 900px)\"><source srcset=\"https:\/\/www.gsv.dk\/content\/uploads\/2021\/12\/GSV_Aarhus_DSC9461-900x400.jpg\" media=\"(min-width: 600px)\"><source srcset=\"https:\/\/www.gsv.dk\/content\/uploads\/2021\/12\/GSV_Aarhus_DSC9461-600x350.jpg\" media=\"(min-width: 414px)\">\n                <img loading=\"lazy\" decoding=\"async\" src=\"https:\/\/www.gsv.dk\/content\/uploads\/2021\/12\/GSV_Aarhus_DSC9461-414x250.jpg\" alt=\"Arbejdsplatform - lej hos GSV\" title=\"Arbejdsplatform &#8211; lej hos GSV\" width=\"414\" height=\"250\">\n            <\/picture>\n<\/div>\n\n\n    <div class=\"hero__content\">\n                    <h1 class=\"hero__title\">\n                Minichassis \n            <\/h1>\n        \n        \n            <\/div>\n                    <\/div>\n    \n    \n      <\/div>\n<div\n  class=\"block acf-block acf-block--text-block\"\n   id=\"acf-text-block-2\"  \n>\n        <div class=\"text-block\">\n    \n    <div class=\"inner inner--small\">\n        \n                    <h2 class=\"l-title\" data-reveal=\"reveal\">Et minichassis kr\u00e6ver v\u00e6sentligt mindre plads<\/h2>\n        \n                    <div class=\"text-block__body\" data-reveal=\"reveal\">\n                <p>Hos GSV har vi en r\u00e6kke tilbeh\u00f8r til vores arbejdsplatforme, der sikrer, at man som kunde altid kan f\u00e5 pr\u00e6cis den l\u00f8sning, der passer til sine behov. Hvis man skal bruge en arbejdsplatform, men er udfordret p\u00e5 pladsen, kan et minichassis fra Scanclimber v\u00e6re det, man har brug for.<\/p>\n<p>Scanclimbers minichassis, som kan lejes hos GSV, har fire justerbare st\u00f8tteben og g\u00f8r det muligt at opstille arbejdsplatformen p\u00e5 kun 1790 mm x 1591 mm, og samtidig med det, bliver belastningen ogs\u00e5 reduceret. Minichassiset er kompatibel med Scanclimbers enkeltmastede arbejdsplatforme SC 5000, 6000 og 8000, som alle kan lejes hos GSV.<\/p>\n<p>Det betyder alts\u00e5, at du kan arbejde i op til 150 meters h\u00f8jde, men med enorm fleksibilitet, i det et minichassis kr\u00e6ver v\u00e6sentligt mindre plads.<\/p>\n<p>Et minichassis er derfor ideel, hvis man arbejder inde i st\u00f8rre byer eller trafikerede omr\u00e5der, hvor man skal v\u00e6re til s\u00e5 lidt gene som muligt i gadebilledet, men fortsat kun har brug for en enkeltmastet arbejdsplatform.<\/p>\n<p>Hos GSV st\u00e5r vi altid klar med r\u00e5d og vejledning, s\u00e5 hvis du er i tvivl om, hvilke l\u00f8sninger og produkter du har brug for i forbindelse med din opgave, kan vi helt sikkert hj\u00e6lpe, og du skal ikke bekymre dig om sikkerheden, den har vi ogs\u00e5 styr p\u00e5.<\/p>\n\n            <\/div>\n            <\/div>\n<\/div>\n\n      <\/div>\n<div\n  class=\"block acf-block acf-block--quick-navigation-block\"\n   id=\"acf-quick-navigation-block-3\"  \n>\n        <div class=\"quick-nav l-category\">\n        \n        <div class=\"inner inner--medium\">\n            \n                            <h2 class=\"l-title\" data-reveal=\"reveal\">L\u00e6s mere om arbejdsplatforme hos GSV:<\/h2>\n            \n            <div class=\"l-category__items grid-4\">\n                                                                                <div class=\"l-category__item\">\n                            <a class=\"l-category__link\"\n                               href=\"\/lej-din-arbejdsplatform-hos-gsv\/udvalg-af-arbejdsplatforme-hos-gsv\/\"\n                               target=\"_blank\"\n                               aria-label=\"L\u00e6s mere om Se udvalg af abejdsplatforme\">\n\n                                                                    <div class=\"l-category__image\">\n                                        \n            <picture>\n                \n                <img loading=\"lazy\" decoding=\"async\" src=\"https:\/\/www.gsv.dk\/content\/uploads\/2021\/11\/platform_2-280x160.png\" alt=\"Arbejdsplatforme hos GSV\" title=\"Arbejdsplatform &#8211; lej hos GSV\" width=\"280\" height=\"160\">\n            <\/picture>\n                                    <\/div>\n                                \n                                <span class=\"l-category__item-title\">Se udvalg af abejdsplatforme<\/span>\n\n                                <div class=\"l-category__arrow\">\n                                    <svg xmlns=\"http:\/\/www.w3.org\/2000\/svg\" viewbox=\"0 0 31 31\" class=\"\"><path d=\"M15.5 0C24.06 0 31 6.94 31 15.5 31 24.06 24.06 31 15.5 31 6.94 31 0 24.06 0 15.5 0 6.94 6.94 0 15.5 0zm0 .969C7.475.969.969 7.475.969 15.5S7.475 30.031 15.5 30.031 30.031 23.525 30.031 15.5 23.525.969 15.5.969zM13.323 8l6.977 6.846a.922.922 0 01.077 1.22l-.082.092L13.323 23 12 21.694l6.311-6.194L12 9.306 13.323 8z\"\/><\/svg>\n                                <\/div>\n                            <\/a>\n                        <\/div>\n                                                                                                    <div class=\"l-category__item\">\n                            <a class=\"l-category__link\"\n                               href=\"\/?page_id=224943\"\n                               target=\"_blank\"\n                               aria-label=\"L\u00e6s mere om M\u00f8d vores erfarne arbejdsplatformteam\">\n\n                                                                    <div class=\"l-category__image\">\n                                        \n            <picture>\n                \n                <img loading=\"lazy\" decoding=\"async\" src=\"https:\/\/www.gsv.dk\/content\/uploads\/2021\/11\/Udklip3-280x160.png\" alt=\"Arbejdsplatforme hos GSV\" title=\"Arbejdsplatform &#8211; lej hos GSV\" width=\"280\" height=\"160\">\n            <\/picture>\n                                    <\/div>\n                                \n                                <span class=\"l-category__item-title\">M\u00f8d vores erfarne arbejdsplatformteam<\/span>\n\n                                <div class=\"l-category__arrow\">\n                                    <svg xmlns=\"http:\/\/www.w3.org\/2000\/svg\" viewbox=\"0 0 31 31\" class=\"\"><path d=\"M15.5 0C24.06 0 31 6.94 31 15.5 31 24.06 24.06 31 15.5 31 6.94 31 0 24.06 0 15.5 0 6.94 6.94 0 15.5 0zm0 .969C7.475.969.969 7.475.969 15.5S7.475 30.031 15.5 30.031 30.031 23.525 30.031 15.5 23.525.969 15.5.969zM13.323 8l6.977 6.846a.922.922 0 01.077 1.22l-.082.092L13.323 23 12 21.694l6.311-6.194L12 9.306 13.323 8z\"\/><\/svg>\n                                <\/div>\n                            <\/a>\n                        <\/div>\n                                                                                                    <div class=\"l-category__item\">\n                            <a class=\"l-category__link\"\n                               href=\"\/lej-din-arbejdsplatform-hos-gsv\/scanclimber-minichassic\/\"\n                               target=\"_blank\"\n                               aria-label=\"L\u00e6s mere om Minichassis\">\n\n                                                                    <div class=\"l-category__image\">\n                                        \n            <picture>\n                \n                <img loading=\"lazy\" decoding=\"async\" src=\"https:\/\/www.gsv.dk\/content\/uploads\/2021\/11\/GSV_Aarhus_DSC9461-280x160.jpg\" alt=\"\" title=\"Arbejdsplatform &#8211; lej hos GSV\" width=\"280\" height=\"160\">\n            <\/picture>\n                                    <\/div>\n                                \n                                <span class=\"l-category__item-title\">Minichassis<\/span>\n\n                                <div class=\"l-category__arrow\">\n                                    <svg xmlns=\"http:\/\/www.w3.org\/2000\/svg\" viewbox=\"0 0 31 31\" class=\"\"><path d=\"M15.5 0C24.06 0 31 6.94 31 15.5 31 24.06 24.06 31 15.5 31 6.94 31 0 24.06 0 15.5 0 6.94 6.94 0 15.5 0zm0 .969C7.475.969.969 7.475.969 15.5S7.475 30.031 15.5 30.031 30.031 23.525 30.031 15.5 23.525.969 15.5.969zM13.323 8l6.977 6.846a.922.922 0 01.077 1.22l-.082.092L13.323 23 12 21.694l6.311-6.194L12 9.306 13.323 8z\"\/><\/svg>\n                                <\/div>\n                            <\/a>\n                        <\/div>\n                                                                                                    <div class=\"l-category__item\">\n                            <a class=\"l-category__link\"\n                               href=\"\/lej-din-arbejdsplatform-hos-gsv\/ekstra-loeftekapacitet-paa-din-arbejdsplatform\/\"\n                               target=\"\"\n                               aria-label=\"L\u00e6s mere om Sidemonteret Kran\">\n\n                                                                    <div class=\"l-category__image\">\n                                        \n            <picture>\n                \n                <img loading=\"lazy\" decoding=\"async\" src=\"https:\/\/www.gsv.dk\/content\/uploads\/2021\/11\/GSV_Aarhus_DSC9774-280x160.jpg\" alt=\"Arbejdsplatform - lej hos GSV\" title=\"Arbejdsplatform &#8211; lej hos GSV\" width=\"280\" height=\"160\">\n            <\/picture>\n                                    <\/div>\n                                \n                                <span class=\"l-category__item-title\">Sidemonteret Kran<\/span>\n\n                                <div class=\"l-category__arrow\">\n                                    <svg xmlns=\"http:\/\/www.w3.org\/2000\/svg\" viewbox=\"0 0 31 31\" class=\"\"><path d=\"M15.5 0C24.06 0 31 6.94 31 15.5 31 24.06 24.06 31 15.5 31 6.94 31 0 24.06 0 15.5 0 6.94 6.94 0 15.5 0zm0 .969C7.475.969.969 7.475.969 15.5S7.475 30.031 15.5 30.031 30.031 23.525 30.031 15.5 23.525.969 15.5.969zM13.323 8l6.977 6.846a.922.922 0 01.077 1.22l-.082.092L13.323 23 12 21.694l6.311-6.194L12 9.306 13.323 8z\"\/><\/svg>\n                                <\/div>\n                            <\/a>\n                        <\/div>\n                                                                                                    <div class=\"l-category__item\">\n                            <a class=\"l-category__link\"\n                               href=\"\/lej-din-arbejdsplatform-hos-gsv\/har-du-brug-for-at-loefte-tunge-materialer-paa-arbejdsplatformen\/\"\n                               target=\"_blank\"\n                               aria-label=\"L\u00e6s mere om Vakuumsug\">\n\n                                                                    <div class=\"l-category__image\">\n                                        \n            <picture>\n                \n                <img loading=\"lazy\" decoding=\"async\" src=\"https:\/\/www.gsv.dk\/content\/uploads\/2021\/11\/Platform_1-280x160.png\" alt=\"Arbejdsplatform - lej hos GSV\" title=\"Arbejdsplatform &#8211; lej hos GSV\" width=\"280\" height=\"160\">\n            <\/picture>\n                                    <\/div>\n                                \n                                <span class=\"l-category__item-title\">Vacuum suction<\/span>\n\n                                <div class=\"l-category__arrow\">\n                                    <svg xmlns=\"http:\/\/www.w3.org\/2000\/svg\" viewbox=\"0 0 31 31\" class=\"\"><path d=\"M15.5 0C24.06 0 31 6.94 31 15.5 31 24.06 24.06 31 15.5 31 6.94 31 0 24.06 0 15.5 0 6.94 6.94 0 15.5 0zm0 .969C7.475.969.969 7.475.969 15.5S7.475 30.031 15.5 30.031 30.031 23.525 30.031 15.5 23.525.969 15.5.969zM13.323 8l6.977 6.846a.922.922 0 01.077 1.22l-.082.092L13.323 23 12 21.694l6.311-6.194L12 9.306 13.323 8z\"\/><\/svg>\n                                <\/div>\n                            <\/a>\n                        <\/div>\n                                                                                                    <div class=\"l-category__item\">\n                            <a class=\"l-category__link\"\n                               href=\"\/lej-din-arbejdsplatform-hos-gsv\/har-du-brug-for-at-loefte-tunge-materialer\/\"\n                               target=\"_blank\"\n                               aria-label=\"L\u00e6s mere om Topkran\">\n\n                                                                    <div class=\"l-category__image\">\n                                        \n            <picture>\n                \n                <img loading=\"lazy\" decoding=\"async\" src=\"https:\/\/www.gsv.dk\/content\/uploads\/2021\/11\/GSV_Aarhus_DSC9444-280x160.jpg\" alt=\"Arbejdsplatform - lej hos GSV\" title=\"Topkran &#8211; lej hos GSV\" width=\"280\" height=\"160\">\n            <\/picture>\n                                    <\/div>\n                                \n                                <span class=\"l-category__item-title\">Topkran<\/span>\n\n                                <div class=\"l-category__arrow\">\n                                    <svg xmlns=\"http:\/\/www.w3.org\/2000\/svg\" viewbox=\"0 0 31 31\" class=\"\"><path d=\"M15.5 0C24.06 0 31 6.94 31 15.5 31 24.06 24.06 31 15.5 31 6.94 31 0 24.06 0 15.5 0 6.94 6.94 0 15.5 0zm0 .969C7.475.969.969 7.475.969 15.5S7.475 30.031 15.5 30.031 30.031 23.525 30.031 15.5 23.525.969 15.5.969zM13.323 8l6.977 6.846a.922.922 0 01.077 1.22l-.082.092L13.323 23 12 21.694l6.311-6.194L12 9.306 13.323 8z\"\/><\/svg>\n                                <\/div>\n                            <\/a>\n                        <\/div>\n                                                <\/div>\n\n                    <\/div>\n    <\/div>\n\n      <\/div>","protected":false},"excerpt":{"rendered":"","protected":false},"author":1053,"featured_media":0,"parent":224379,"menu_order":2,"comment_status":"closed","ping_status":"closed","template":"","meta":{"_acf_changed":false,"footnotes":""},"class_list":["post-225212","page","type-page","status-publish","hentry"],"acf":[],"yoast_head":"<!-- This site is optimized with the Yoast SEO plugin v25.9 - https:\/\/yoast.com\/wordpress\/plugins\/seo\/ -->\n<title>Scanclimber Minichassic | GSV<\/title>\n<meta name=\"description\" content=\"Scanclimbers minichassis, som kan lejes hos GSV, har fire justerbare st\u00f8tteben og g\u00f8r det muligt at opstille arbejdsplatformen p\u00e5 kun 1790 mm x 1591 mm, og samtidig med det, bliver belastningen ogs\u00e5 reduceret. Minichassiset er kompatibel med Scanclimbers enkeltmastede arbejdsplatforme SC 5000, 6000 og 8000, som alle kan lejes hos GSV.\" \/>\n<meta name=\"robots\" content=\"index, follow, max-snippet:-1, max-image-preview:large, max-video-preview:-1\" \/>\n<link rel=\"canonical\" href=\"https:\/\/www.gsv.dk\/en\/lej-din-arbejdsplatform-hos-gsv\/scanclimber-minichassic\/\" \/>\n<meta property=\"og:locale\" content=\"en_GB\" \/>\n<meta property=\"og:type\" content=\"article\" \/>\n<meta property=\"og:title\" content=\"Scanclimber Minichassic | GSV\" \/>\n<meta property=\"og:description\" content=\"Scanclimbers minichassis, som kan lejes hos GSV, har fire justerbare st\u00f8tteben og g\u00f8r det muligt at opstille arbejdsplatformen p\u00e5 kun 1790 mm x 1591 mm, og samtidig med det, bliver belastningen ogs\u00e5 reduceret. Minichassiset er kompatibel med Scanclimbers enkeltmastede arbejdsplatforme SC 5000, 6000 og 8000, som alle kan lejes hos GSV.\" \/>\n<meta property=\"og:url\" content=\"https:\/\/www.gsv.dk\/en\/lej-din-arbejdsplatform-hos-gsv\/scanclimber-minichassic\/\" \/>\n<meta property=\"og:site_name\" content=\"GSV\" \/>\n<meta property=\"article:publisher\" content=\"https:\/\/www.facebook.com\/gsvmaterieludlejning\/\" \/>\n<meta property=\"article:modified_time\" content=\"2021-12-02T09:40:58+00:00\" \/>\n<meta property=\"og:image\" content=\"https:\/\/www.gsv.dk\/content\/uploads\/2020\/01\/logo-300x134.png\" \/>\n\t<meta property=\"og:image:width\" content=\"300\" \/>\n\t<meta property=\"og:image:height\" content=\"134\" \/>\n\t<meta property=\"og:image:type\" content=\"image\/png\" \/>\n<meta name=\"twitter:card\" content=\"summary_large_image\" \/>\n<meta name=\"twitter:site\" content=\"@GsvMateriel\" \/>\n<script type=\"application\/ld+json\" class=\"yoast-schema-graph\">{\"@context\":\"https:\/\/schema.org\",\"@graph\":[{\"@type\":\"WebPage\",\"@id\":\"https:\/\/www.gsv.dk\/lej-din-arbejdsplatform-hos-gsv\/scanclimber-minichassic\/\",\"url\":\"https:\/\/www.gsv.dk\/lej-din-arbejdsplatform-hos-gsv\/scanclimber-minichassic\/\",\"name\":\"Scanclimber Minichassic | GSV\",\"isPartOf\":{\"@id\":\"https:\/\/www.gsv.dk\/#website\"},\"datePublished\":\"2021-12-02T09:05:28+00:00\",\"dateModified\":\"2021-12-02T09:40:58+00:00\",\"description\":\"Scanclimbers minichassis, som kan lejes hos GSV, har fire justerbare st\u00f8tteben og g\u00f8r det muligt at opstille arbejdsplatformen p\u00e5 kun 1790 mm x 1591 mm, og samtidig med det, bliver belastningen ogs\u00e5 reduceret. Minichassiset er kompatibel med Scanclimbers enkeltmastede arbejdsplatforme SC 5000, 6000 og 8000, som alle kan lejes hos GSV.\",\"breadcrumb\":{\"@id\":\"https:\/\/www.gsv.dk\/lej-din-arbejdsplatform-hos-gsv\/scanclimber-minichassic\/#breadcrumb\"},\"inLanguage\":\"en-GB\",\"potentialAction\":[{\"@type\":\"ReadAction\",\"target\":[\"https:\/\/www.gsv.dk\/lej-din-arbejdsplatform-hos-gsv\/scanclimber-minichassic\/\"]}]},{\"@type\":\"BreadcrumbList\",\"@id\":\"https:\/\/www.gsv.dk\/lej-din-arbejdsplatform-hos-gsv\/scanclimber-minichassic\/#breadcrumb\",\"itemListElement\":[{\"@type\":\"ListItem\",\"position\":1,\"name\":\"Home\",\"item\":\"https:\/\/www.gsv.dk\/\"},{\"@type\":\"ListItem\",\"position\":2,\"name\":\"Abejdsplatforme og byggehejs\",\"item\":\"https:\/\/www.gsv.dk\/lej-din-arbejdsplatform-hos-gsv\/\"},{\"@type\":\"ListItem\",\"position\":3,\"name\":\"Scanclimber Minichassic\"}]},{\"@type\":\"WebSite\",\"@id\":\"https:\/\/www.gsv.dk\/#website\",\"url\":\"https:\/\/www.gsv.dk\/\",\"name\":\"GSV\",\"description\":\"GSV materieludlejning\",\"publisher\":{\"@id\":\"https:\/\/www.gsv.dk\/#organization\"},\"potentialAction\":[{\"@type\":\"SearchAction\",\"target\":{\"@type\":\"EntryPoint\",\"urlTemplate\":\"https:\/\/www.gsv.dk\/?s={search_term_string}\"},\"query-input\":{\"@type\":\"PropertyValueSpecification\",\"valueRequired\":true,\"valueName\":\"search_term_string\"}}],\"inLanguage\":\"en-GB\"},{\"@type\":\"Organization\",\"@id\":\"https:\/\/www.gsv.dk\/#organization\",\"name\":\"GSV Materieludlejning\",\"url\":\"https:\/\/www.gsv.dk\/\",\"logo\":{\"@type\":\"ImageObject\",\"inLanguage\":\"en-GB\",\"@id\":\"https:\/\/www.gsv.dk\/#\/schema\/logo\/image\/\",\"url\":\"https:\/\/www.gsv.dk\/content\/uploads\/2020\/01\/logo-300x134.png\",\"contentUrl\":\"https:\/\/www.gsv.dk\/content\/uploads\/2020\/01\/logo-300x134.png\",\"width\":300,\"height\":134,\"caption\":\"GSV Materieludlejning\"},\"image\":{\"@id\":\"https:\/\/www.gsv.dk\/#\/schema\/logo\/image\/\"},\"sameAs\":[\"https:\/\/www.facebook.com\/gsvmaterieludlejning\/\",\"https:\/\/x.com\/GsvMateriel\",\"https:\/\/www.instagram.com\/gsv_materieludlejning\/\",\"https:\/\/www.linkedin.com\/company\/gsv-materieludlejning-a-s\",\"https:\/\/www.youtube.com\/channel\/UCDWOSIoGkwn6bPG7-Kgxqkw\"]}]}<\/script>\n<!-- \/ Yoast SEO plugin. -->","yoast_head_json":{"title":"Scanclimber Minichassic | GSV","description":"Scanclimbers minichassis, som kan lejes hos GSV, har fire justerbare st\u00f8tteben og g\u00f8r det muligt at opstille arbejdsplatformen p\u00e5 kun 1790 mm x 1591 mm, og samtidig med det, bliver belastningen ogs\u00e5 reduceret. Minichassiset er kompatibel med Scanclimbers enkeltmastede arbejdsplatforme SC 5000, 6000 og 8000, som alle kan lejes hos GSV.","robots":{"index":"index","follow":"follow","max-snippet":"max-snippet:-1","max-image-preview":"max-image-preview:large","max-video-preview":"max-video-preview:-1"},"canonical":"https:\/\/www.gsv.dk\/en\/lej-din-arbejdsplatform-hos-gsv\/scanclimber-minichassic\/","og_locale":"en_GB","og_type":"article","og_title":"Scanclimber Minichassic | GSV","og_description":"Scanclimbers minichassis, som kan lejes hos GSV, har fire justerbare st\u00f8tteben og g\u00f8r det muligt at opstille arbejdsplatformen p\u00e5 kun 1790 mm x 1591 mm, og samtidig med det, bliver belastningen ogs\u00e5 reduceret. Minichassiset er kompatibel med Scanclimbers enkeltmastede arbejdsplatforme SC 5000, 6000 og 8000, som alle kan lejes hos GSV.","og_url":"https:\/\/www.gsv.dk\/en\/lej-din-arbejdsplatform-hos-gsv\/scanclimber-minichassic\/","og_site_name":"GSV","article_publisher":"https:\/\/www.facebook.com\/gsvmaterieludlejning\/","article_modified_time":"2021-12-02T09:40:58+00:00","og_image":[{"width":300,"height":134,"url":"https:\/\/www.gsv.dk\/content\/uploads\/2020\/01\/logo-300x134.png","type":"image\/png"}],"twitter_card":"summary_large_image","twitter_site":"@GsvMateriel","schema":{"@context":"https:\/\/schema.org","@graph":[{"@type":"WebPage","@id":"https:\/\/www.gsv.dk\/lej-din-arbejdsplatform-hos-gsv\/scanclimber-minichassic\/","url":"https:\/\/www.gsv.dk\/lej-din-arbejdsplatform-hos-gsv\/scanclimber-minichassic\/","name":"Scanclimber Minichassic | GSV","isPartOf":{"@id":"https:\/\/www.gsv.dk\/#website"},"datePublished":"2021-12-02T09:05:28+00:00","dateModified":"2021-12-02T09:40:58+00:00","description":"Scanclimbers minichassis, som kan lejes hos GSV, har fire justerbare st\u00f8tteben og g\u00f8r det muligt at opstille arbejdsplatformen p\u00e5 kun 1790 mm x 1591 mm, og samtidig med det, bliver belastningen ogs\u00e5 reduceret. Minichassiset er kompatibel med Scanclimbers enkeltmastede arbejdsplatforme SC 5000, 6000 og 8000, som alle kan lejes hos GSV.","breadcrumb":{"@id":"https:\/\/www.gsv.dk\/lej-din-arbejdsplatform-hos-gsv\/scanclimber-minichassic\/#breadcrumb"},"inLanguage":"en-GB","potentialAction":[{"@type":"ReadAction","target":["https:\/\/www.gsv.dk\/lej-din-arbejdsplatform-hos-gsv\/scanclimber-minichassic\/"]}]},{"@type":"BreadcrumbList","@id":"https:\/\/www.gsv.dk\/lej-din-arbejdsplatform-hos-gsv\/scanclimber-minichassic\/#breadcrumb","itemListElement":[{"@type":"ListItem","position":1,"name":"Home","item":"https:\/\/www.gsv.dk\/"},{"@type":"ListItem","position":2,"name":"Abejdsplatforme og byggehejs","item":"https:\/\/www.gsv.dk\/lej-din-arbejdsplatform-hos-gsv\/"},{"@type":"ListItem","position":3,"name":"Scanclimber Minichassic"}]},{"@type":"WebSite","@id":"https:\/\/www.gsv.dk\/#website","url":"https:\/\/www.gsv.dk\/","name":"GSV","description":"GSV materieludlejning","publisher":{"@id":"https:\/\/www.gsv.dk\/#organization"},"potentialAction":[{"@type":"SearchAction","target":{"@type":"EntryPoint","urlTemplate":"https:\/\/www.gsv.dk\/?s={search_term_string}"},"query-input":{"@type":"PropertyValueSpecification","valueRequired":true,"valueName":"search_term_string"}}],"inLanguage":"en-GB"},{"@type":"Organization","@id":"https:\/\/www.gsv.dk\/#organization","name":"GSV Materieludlejning","url":"https:\/\/www.gsv.dk\/","logo":{"@type":"ImageObject","inLanguage":"en-GB","@id":"https:\/\/www.gsv.dk\/#\/schema\/logo\/image\/","url":"https:\/\/www.gsv.dk\/content\/uploads\/2020\/01\/logo-300x134.png","contentUrl":"https:\/\/www.gsv.dk\/content\/uploads\/2020\/01\/logo-300x134.png","width":300,"height":134,"caption":"GSV Materieludlejning"},"image":{"@id":"https:\/\/www.gsv.dk\/#\/schema\/logo\/image\/"},"sameAs":["https:\/\/www.facebook.com\/gsvmaterieludlejning\/","https:\/\/x.com\/GsvMateriel","https:\/\/www.instagram.com\/gsv_materieludlejning\/","https:\/\/www.linkedin.com\/company\/gsv-materieludlejning-a-s","https:\/\/www.youtube.com\/channel\/UCDWOSIoGkwn6bPG7-Kgxqkw"]}]}},"_links":{"self":[{"href":"https:\/\/www.gsv.dk\/en\/wp-json\/wp\/v2\/pages\/225212","targetHints":{"allow":["GET"]}}],"collection":[{"href":"https:\/\/www.gsv.dk\/en\/wp-json\/wp\/v2\/pages"}],"about":[{"href":"https:\/\/www.gsv.dk\/en\/wp-json\/wp\/v2\/types\/page"}],"author":[{"embeddable":true,"href":"https:\/\/www.gsv.dk\/en\/wp-json\/wp\/v2\/users\/1053"}],"replies":[{"embeddable":true,"href":"https:\/\/www.gsv.dk\/en\/wp-json\/wp\/v2\/comments?post=225212"}],"version-history":[{"count":12,"href":"https:\/\/www.gsv.dk\/en\/wp-json\/wp\/v2\/pages\/225212\/revisions"}],"predecessor-version":[{"id":225230,"href":"https:\/\/www.gsv.dk\/en\/wp-json\/wp\/v2\/pages\/225212\/revisions\/225230"}],"up":[{"embeddable":true,"href":"https:\/\/www.gsv.dk\/en\/wp-json\/wp\/v2\/pages\/224379"}],"wp:attachment":[{"href":"https:\/\/www.gsv.dk\/en\/wp-json\/wp\/v2\/media?parent=225212"}],"curies":[{"name":"wp","href":"https:\/\/api.w.org\/{rel}","templated":true}]}}