{"id":225013,"date":"2021-12-01T13:49:24","date_gmt":"2021-12-01T13:49:24","guid":{"rendered":"https:\/\/www.gsv.dk\/?page_id=225013"},"modified":"2021-12-02T09:44:19","modified_gmt":"2021-12-02T09:44:19","slug":"har-du-brug-for-at-loefte-tunge-materialer","status":"publish","type":"page","link":"https:\/\/www.gsv.dk\/en\/lej-din-arbejdsplatform-hos-gsv\/har-du-brug-for-at-loefte-tunge-materialer\/","title":{"rendered":"Topkran"},"content":{"rendered":"<div\n  class=\"block acf-block acf-block--hero\"\n   id=\"acf-hero-1\"  \n>\n        <div class=\"hero\">\n                                            <div class=\"hero__image\">\n    <div class=\"hero__image-overlay\" style=\"background-color: rgba(0, 0, 0, 0.35)\"><\/div>\n    \n            <picture>\n                <source srcset=\"https:\/\/www.gsv.dk\/content\/uploads\/2021\/11\/GSV_Aarhus_DSC9444-1-1440x550.jpg\" media=\"(min-width: 1200px)\"><source srcset=\"https:\/\/www.gsv.dk\/content\/uploads\/2021\/11\/GSV_Aarhus_DSC9444-1-1200x550.jpg\" media=\"(min-width: 900px)\"><source srcset=\"https:\/\/www.gsv.dk\/content\/uploads\/2021\/11\/GSV_Aarhus_DSC9444-1-900x400.jpg\" media=\"(min-width: 600px)\"><source srcset=\"https:\/\/www.gsv.dk\/content\/uploads\/2021\/11\/GSV_Aarhus_DSC9444-1-600x350.jpg\" media=\"(min-width: 414px)\">\n                <img loading=\"lazy\" decoding=\"async\" src=\"https:\/\/www.gsv.dk\/content\/uploads\/2021\/11\/GSV_Aarhus_DSC9444-1-414x250.jpg\" alt=\"\" title=\"GSV Aarhus DSC9444\" width=\"414\" height=\"250\">\n            <\/picture>\n<\/div>\n\n\n    <div class=\"hero__content\">\n                    <h1 class=\"hero__title\">\n                Topkran\n            <\/h1>\n        \n        \n            <\/div>\n                    <\/div>\n    \n    <div class=\"usp-banner usp-banner--has-3-items\">\n            <div class=\"usp-banner__wrapper\">\n                                                        <div class=\"usp-banner__item\">\n                        <div class=\"usp-banner__icon\">\n                            \n            <picture>\n                \n                <img loading=\"lazy\" decoding=\"async\" src=\"https:\/\/gsv.s3.eu-west-1.amazonaws.com\/wordpress-prod\/fyld-ikon.svg\" alt=\"\" title=\"Fyld Ikon\" width=\"10\" height=\"10\" \/>\n            <\/picture>\n                        <\/div>\n\n                        <p class=\"usp-banner__text\">\n                            Biggest rental business\n                        <\/p>\n                    <\/div>\n                                                        <div class=\"usp-banner__item\">\n                        <div class=\"usp-banner__icon\">\n                            \n            <picture>\n                \n                <img loading=\"lazy\" decoding=\"async\" src=\"https:\/\/gsv.s3.eu-west-1.amazonaws.com\/wordpress-prod\/fyld-ikon.svg\" alt=\"\" title=\"Fyld Ikon\" width=\"10\" height=\"10\" \/>\n            <\/picture>\n                        <\/div>\n\n                        <p class=\"usp-banner__text\">\n                            Overview, book &amp; unsubscribe in GSV APP\n                        <\/p>\n                    <\/div>\n                                                        <div class=\"usp-banner__item\">\n                        <div class=\"usp-banner__icon\">\n                            \n            <picture>\n                \n                <img loading=\"lazy\" decoding=\"async\" src=\"https:\/\/gsv.s3.eu-west-1.amazonaws.com\/wordpress-prod\/fyld-ikon.svg\" alt=\"\" title=\"Fyld Ikon\" width=\"10\" height=\"10\" \/>\n            <\/picture>\n                        <\/div>\n\n                        <p class=\"usp-banner__text\">\n                            Nationwide &amp; 24 hour service\n                        <\/p>\n                    <\/div>\n                            <\/div>\n        <\/div>\n    \n      <\/div>\n<div\n  class=\"block acf-block acf-block--text-block\"\n   id=\"acf-text-block-2\"  \n>\n        <div class=\"text-block\">\n    \n    <div class=\"inner inner--small\">\n        \n                    <h2 class=\"l-title\" data-reveal=\"reveal\">Har du brug for at l\u00f8fte tunge materialer?<\/h2>\n        \n                    <div class=\"text-block__body\" data-reveal=\"reveal\">\n                <p>Har du lejet en arbejdsplatform og har brug for at l\u00f8fte tunge materialer op i h\u00f8jden, kan du hos GSV leje et bredt udvalg af topkraner. Vi har topkraner der passer til alle de typer af arbejdsplatforme, du finder i vores brede udvalg.<\/p>\n<p>Hos os kan du v\u00e6lge mellem to forskellige topkraner, alt efter hvilken kr\u00f8jevinkel du har brug for. Vi har:<\/p>\n<ul>\n<li>360 graders topkran<\/li>\n<li>270 graders topkran<\/li>\n<\/ul>\n<p>Topkranerne i vores sortiment med 360 graders kr\u00f8jevinkel sp\u00e6nder fra udl\u00e6g p\u00e5 2 m til 6 m. Har du brug for at foretage tunge l\u00f8ft af materialer, kan du finde en topkran med 2 m udl\u00e6g som kan klare en maksimal belastning p\u00e5 700 kg.<\/p>\n<p>Har du i stedet brug for et bredere udl\u00e6g, s\u00e5 har vi ogs\u00e5 topkraner med udl\u00e6g p\u00e5 b\u00e5de 5 m og 6 m, som begge kan klare en maksimal belastning p\u00e5 250 kg.<\/p>\n<p>\u00d8nsker du endnu tungere maksimal belastning, s\u00e5 kan du i stedet kigge i vores sortiment af topkraner med 270 graders kr\u00f8jevinkel. Her finder du topkraner med 6 m udl\u00e6g og en maksimal belastning p\u00e5 500 kg, men ogs\u00e5 med 4m udl\u00e6g og hele 1000 kg i maksimal belastning.<\/p>\n<p>Hos GSV har vi altid produkter, til lige pr\u00e6cis det behov, vores kunder m\u00e5tte have, og vi kan ogs\u00e5 bidrage med vejledning til, hvilken topkran der passer til dit projekt. Har du i stedet brug for en sidekran, har vi hos GSV ogs\u00e5 det p\u00e5 lager, med udl\u00e6g p\u00e5 2,5 meter og l\u00f8ftekapacitet p\u00e5 250 kg.<\/p>\n\n            <\/div>\n            <\/div>\n<\/div>\n\n      <\/div>\n<div\n  class=\"block acf-block acf-block--quick-navigation-block\"\n   id=\"acf-quick-navigation-block-3\"  \n>\n        <div class=\"quick-nav l-category\">\n        \n        <div class=\"inner inner--medium\">\n            \n                            <h2 class=\"l-title\" data-reveal=\"reveal\">L\u00e6s mere om arbejdsplatforme hos GSV:<\/h2>\n            \n            <div class=\"l-category__items grid-4\">\n                                                                                <div class=\"l-category__item\">\n                            <a class=\"l-category__link\"\n                               href=\"\/lej-din-arbejdsplatform-hos-gsv\/udvalg-af-arbejdsplatforme-hos-gsv\/\"\n                               target=\"_blank\"\n                               aria-label=\"L\u00e6s mere om Se udvalg af abejdsplatforme\">\n\n                                                                    <div class=\"l-category__image\">\n                                        \n            <picture>\n                \n                <img loading=\"lazy\" decoding=\"async\" src=\"https:\/\/www.gsv.dk\/content\/uploads\/2021\/11\/platform_2-280x160.png\" alt=\"Arbejdsplatforme hos GSV\" title=\"Arbejdsplatform &#8211; lej hos GSV\" width=\"280\" height=\"160\">\n            <\/picture>\n                                    <\/div>\n                                \n                                <span class=\"l-category__item-title\">Se udvalg af abejdsplatforme<\/span>\n\n                                <div class=\"l-category__arrow\">\n                                    <svg xmlns=\"http:\/\/www.w3.org\/2000\/svg\" viewbox=\"0 0 31 31\" class=\"\"><path d=\"M15.5 0C24.06 0 31 6.94 31 15.5 31 24.06 24.06 31 15.5 31 6.94 31 0 24.06 0 15.5 0 6.94 6.94 0 15.5 0zm0 .969C7.475.969.969 7.475.969 15.5S7.475 30.031 15.5 30.031 30.031 23.525 30.031 15.5 23.525.969 15.5.969zM13.323 8l6.977 6.846a.922.922 0 01.077 1.22l-.082.092L13.323 23 12 21.694l6.311-6.194L12 9.306 13.323 8z\"\/><\/svg>\n                                <\/div>\n                            <\/a>\n                        <\/div>\n                                                                                                    <div class=\"l-category__item\">\n                            <a class=\"l-category__link\"\n                               href=\"\/?page_id=224943\"\n                               target=\"_blank\"\n                               aria-label=\"L\u00e6s mere om M\u00f8d vores erfarne arbejdsplatformteam\">\n\n                                                                    <div class=\"l-category__image\">\n                                        \n            <picture>\n                \n                <img loading=\"lazy\" decoding=\"async\" src=\"https:\/\/www.gsv.dk\/content\/uploads\/2021\/11\/Udklip3-280x160.png\" alt=\"Arbejdsplatforme hos GSV\" title=\"Arbejdsplatform &#8211; lej hos GSV\" width=\"280\" height=\"160\">\n            <\/picture>\n                                    <\/div>\n                                \n                                <span class=\"l-category__item-title\">M\u00f8d vores erfarne arbejdsplatformteam<\/span>\n\n                                <div class=\"l-category__arrow\">\n                                    <svg xmlns=\"http:\/\/www.w3.org\/2000\/svg\" viewbox=\"0 0 31 31\" class=\"\"><path d=\"M15.5 0C24.06 0 31 6.94 31 15.5 31 24.06 24.06 31 15.5 31 6.94 31 0 24.06 0 15.5 0 6.94 6.94 0 15.5 0zm0 .969C7.475.969.969 7.475.969 15.5S7.475 30.031 15.5 30.031 30.031 23.525 30.031 15.5 23.525.969 15.5.969zM13.323 8l6.977 6.846a.922.922 0 01.077 1.22l-.082.092L13.323 23 12 21.694l6.311-6.194L12 9.306 13.323 8z\"\/><\/svg>\n                                <\/div>\n                            <\/a>\n                        <\/div>\n                                                                                                    <div class=\"l-category__item\">\n                            <a class=\"l-category__link\"\n                               href=\"\/lej-din-arbejdsplatform-hos-gsv\/scanclimber-minichassic\/\"\n                               target=\"_blank\"\n                               aria-label=\"L\u00e6s mere om Minichassis\">\n\n                                                                    <div class=\"l-category__image\">\n                                        \n            <picture>\n                \n                <img loading=\"lazy\" decoding=\"async\" src=\"https:\/\/www.gsv.dk\/content\/uploads\/2021\/11\/GSV_Aarhus_DSC9461-280x160.jpg\" alt=\"\" title=\"Arbejdsplatform &#8211; lej hos GSV\" width=\"280\" height=\"160\">\n            <\/picture>\n                                    <\/div>\n                                \n                                <span class=\"l-category__item-title\">Minichassis<\/span>\n\n                                <div class=\"l-category__arrow\">\n                                    <svg xmlns=\"http:\/\/www.w3.org\/2000\/svg\" viewbox=\"0 0 31 31\" class=\"\"><path d=\"M15.5 0C24.06 0 31 6.94 31 15.5 31 24.06 24.06 31 15.5 31 6.94 31 0 24.06 0 15.5 0 6.94 6.94 0 15.5 0zm0 .969C7.475.969.969 7.475.969 15.5S7.475 30.031 15.5 30.031 30.031 23.525 30.031 15.5 23.525.969 15.5.969zM13.323 8l6.977 6.846a.922.922 0 01.077 1.22l-.082.092L13.323 23 12 21.694l6.311-6.194L12 9.306 13.323 8z\"\/><\/svg>\n                                <\/div>\n                            <\/a>\n                        <\/div>\n                                                                                                    <div class=\"l-category__item\">\n                            <a class=\"l-category__link\"\n                               href=\"\/lej-din-arbejdsplatform-hos-gsv\/ekstra-loeftekapacitet-paa-din-arbejdsplatform\/\"\n                               target=\"\"\n                               aria-label=\"L\u00e6s mere om Sidemonteret Kran\">\n\n                                                                    <div class=\"l-category__image\">\n                                        \n            <picture>\n                \n                <img loading=\"lazy\" decoding=\"async\" src=\"https:\/\/www.gsv.dk\/content\/uploads\/2021\/11\/GSV_Aarhus_DSC9774-280x160.jpg\" alt=\"Arbejdsplatform - lej hos GSV\" title=\"Arbejdsplatform &#8211; lej hos GSV\" width=\"280\" height=\"160\">\n            <\/picture>\n                                    <\/div>\n                                \n                                <span class=\"l-category__item-title\">Sidemonteret Kran<\/span>\n\n                                <div class=\"l-category__arrow\">\n                                    <svg xmlns=\"http:\/\/www.w3.org\/2000\/svg\" viewbox=\"0 0 31 31\" class=\"\"><path d=\"M15.5 0C24.06 0 31 6.94 31 15.5 31 24.06 24.06 31 15.5 31 6.94 31 0 24.06 0 15.5 0 6.94 6.94 0 15.5 0zm0 .969C7.475.969.969 7.475.969 15.5S7.475 30.031 15.5 30.031 30.031 23.525 30.031 15.5 23.525.969 15.5.969zM13.323 8l6.977 6.846a.922.922 0 01.077 1.22l-.082.092L13.323 23 12 21.694l6.311-6.194L12 9.306 13.323 8z\"\/><\/svg>\n                                <\/div>\n                            <\/a>\n                        <\/div>\n                                                                                                    <div class=\"l-category__item\">\n                            <a class=\"l-category__link\"\n                               href=\"\/lej-din-arbejdsplatform-hos-gsv\/har-du-brug-for-at-loefte-tunge-materialer-paa-arbejdsplatformen\/\"\n                               target=\"_blank\"\n                               aria-label=\"L\u00e6s mere om Vakuumsug\">\n\n                                                                    <div class=\"l-category__image\">\n                                        \n            <picture>\n                \n                <img loading=\"lazy\" decoding=\"async\" src=\"https:\/\/www.gsv.dk\/content\/uploads\/2021\/11\/Platform_1-280x160.png\" alt=\"Arbejdsplatform - lej hos GSV\" title=\"Arbejdsplatform &#8211; lej hos GSV\" width=\"280\" height=\"160\">\n            <\/picture>\n                                    <\/div>\n                                \n                                <span class=\"l-category__item-title\">Vacuum suction<\/span>\n\n                                <div class=\"l-category__arrow\">\n                                    <svg xmlns=\"http:\/\/www.w3.org\/2000\/svg\" viewbox=\"0 0 31 31\" class=\"\"><path d=\"M15.5 0C24.06 0 31 6.94 31 15.5 31 24.06 24.06 31 15.5 31 6.94 31 0 24.06 0 15.5 0 6.94 6.94 0 15.5 0zm0 .969C7.475.969.969 7.475.969 15.5S7.475 30.031 15.5 30.031 30.031 23.525 30.031 15.5 23.525.969 15.5.969zM13.323 8l6.977 6.846a.922.922 0 01.077 1.22l-.082.092L13.323 23 12 21.694l6.311-6.194L12 9.306 13.323 8z\"\/><\/svg>\n                                <\/div>\n                            <\/a>\n                        <\/div>\n                                                                                                    <div class=\"l-category__item\">\n                            <a class=\"l-category__link\"\n                               href=\"\/lej-din-arbejdsplatform-hos-gsv\/har-du-brug-for-at-loefte-tunge-materialer\/\"\n                               target=\"_blank\"\n                               aria-label=\"L\u00e6s mere om Topkran\">\n\n                                                                    <div class=\"l-category__image\">\n                                        \n            <picture>\n                \n                <img loading=\"lazy\" decoding=\"async\" src=\"https:\/\/www.gsv.dk\/content\/uploads\/2021\/11\/GSV_Aarhus_DSC9444-280x160.jpg\" alt=\"Arbejdsplatform - lej hos GSV\" title=\"Topkran &#8211; lej hos GSV\" width=\"280\" height=\"160\">\n            <\/picture>\n                                    <\/div>\n                                \n                                <span class=\"l-category__item-title\">Topkran<\/span>\n\n                                <div class=\"l-category__arrow\">\n                                    <svg xmlns=\"http:\/\/www.w3.org\/2000\/svg\" viewbox=\"0 0 31 31\" class=\"\"><path d=\"M15.5 0C24.06 0 31 6.94 31 15.5 31 24.06 24.06 31 15.5 31 6.94 31 0 24.06 0 15.5 0 6.94 6.94 0 15.5 0zm0 .969C7.475.969.969 7.475.969 15.5S7.475 30.031 15.5 30.031 30.031 23.525 30.031 15.5 23.525.969 15.5.969zM13.323 8l6.977 6.846a.922.922 0 01.077 1.22l-.082.092L13.323 23 12 21.694l6.311-6.194L12 9.306 13.323 8z\"\/><\/svg>\n                                <\/div>\n                            <\/a>\n                        <\/div>\n                                                <\/div>\n\n                    <\/div>\n    <\/div>\n\n      <\/div>","protected":false},"excerpt":{"rendered":"","protected":false},"author":1053,"featured_media":0,"parent":224379,"menu_order":5,"comment_status":"closed","ping_status":"closed","template":"","meta":{"_acf_changed":false,"footnotes":""},"class_list":["post-225013","page","type-page","status-publish","hentry"],"acf":[],"yoast_head":"<!-- This site is optimized with the Yoast SEO plugin v25.9 - https:\/\/yoast.com\/wordpress\/plugins\/seo\/ -->\n<title>Topkran | GSV<\/title>\n<meta name=\"description\" content=\"Har du lejet en arbejdsplatform og har brug for at l\u00f8fte tunge materialer op i h\u00f8jden, kan du hos GSV leje et bredt udvalg af topkraner. Vi har topkraner der passer til alle de typer af arbejdsplatforme, du finder i vores brede udvalg.\" \/>\n<meta name=\"robots\" content=\"index, follow, max-snippet:-1, max-image-preview:large, max-video-preview:-1\" \/>\n<link rel=\"canonical\" href=\"https:\/\/www.gsv.dk\/en\/lej-din-arbejdsplatform-hos-gsv\/har-du-brug-for-at-loefte-tunge-materialer\/\" \/>\n<meta property=\"og:locale\" content=\"en_GB\" \/>\n<meta property=\"og:type\" content=\"article\" \/>\n<meta property=\"og:title\" content=\"Topkran | GSV\" \/>\n<meta property=\"og:description\" content=\"Har du lejet en arbejdsplatform og har brug for at l\u00f8fte tunge materialer op i h\u00f8jden, kan du hos GSV leje et bredt udvalg af topkraner. Vi har topkraner der passer til alle de typer af arbejdsplatforme, du finder i vores brede udvalg.\" \/>\n<meta property=\"og:url\" content=\"https:\/\/www.gsv.dk\/en\/lej-din-arbejdsplatform-hos-gsv\/har-du-brug-for-at-loefte-tunge-materialer\/\" \/>\n<meta property=\"og:site_name\" content=\"GSV\" \/>\n<meta property=\"article:publisher\" content=\"https:\/\/www.facebook.com\/gsvmaterieludlejning\/\" \/>\n<meta property=\"article:modified_time\" content=\"2021-12-02T09:44:19+00:00\" \/>\n<meta property=\"og:image\" content=\"https:\/\/www.gsv.dk\/content\/uploads\/2020\/01\/logo-300x134.png\" \/>\n\t<meta property=\"og:image:width\" content=\"300\" \/>\n\t<meta property=\"og:image:height\" content=\"134\" \/>\n\t<meta property=\"og:image:type\" content=\"image\/png\" \/>\n<meta name=\"twitter:card\" content=\"summary_large_image\" \/>\n<meta name=\"twitter:site\" content=\"@GsvMateriel\" \/>\n<script type=\"application\/ld+json\" class=\"yoast-schema-graph\">{\"@context\":\"https:\/\/schema.org\",\"@graph\":[{\"@type\":\"WebPage\",\"@id\":\"https:\/\/www.gsv.dk\/lej-din-arbejdsplatform-hos-gsv\/har-du-brug-for-at-loefte-tunge-materialer\/\",\"url\":\"https:\/\/www.gsv.dk\/lej-din-arbejdsplatform-hos-gsv\/har-du-brug-for-at-loefte-tunge-materialer\/\",\"name\":\"Topkran | GSV\",\"isPartOf\":{\"@id\":\"https:\/\/www.gsv.dk\/#website\"},\"datePublished\":\"2021-12-01T13:49:24+00:00\",\"dateModified\":\"2021-12-02T09:44:19+00:00\",\"description\":\"Har du lejet en arbejdsplatform og har brug for at l\u00f8fte tunge materialer op i h\u00f8jden, kan du hos GSV leje et bredt udvalg af topkraner. Vi har topkraner der passer til alle de typer af arbejdsplatforme, du finder i vores brede udvalg.\",\"breadcrumb\":{\"@id\":\"https:\/\/www.gsv.dk\/lej-din-arbejdsplatform-hos-gsv\/har-du-brug-for-at-loefte-tunge-materialer\/#breadcrumb\"},\"inLanguage\":\"en-GB\",\"potentialAction\":[{\"@type\":\"ReadAction\",\"target\":[\"https:\/\/www.gsv.dk\/lej-din-arbejdsplatform-hos-gsv\/har-du-brug-for-at-loefte-tunge-materialer\/\"]}]},{\"@type\":\"BreadcrumbList\",\"@id\":\"https:\/\/www.gsv.dk\/lej-din-arbejdsplatform-hos-gsv\/har-du-brug-for-at-loefte-tunge-materialer\/#breadcrumb\",\"itemListElement\":[{\"@type\":\"ListItem\",\"position\":1,\"name\":\"Home\",\"item\":\"https:\/\/www.gsv.dk\/\"},{\"@type\":\"ListItem\",\"position\":2,\"name\":\"Abejdsplatforme og byggehejs\",\"item\":\"https:\/\/www.gsv.dk\/lej-din-arbejdsplatform-hos-gsv\/\"},{\"@type\":\"ListItem\",\"position\":3,\"name\":\"Topkran\"}]},{\"@type\":\"WebSite\",\"@id\":\"https:\/\/www.gsv.dk\/#website\",\"url\":\"https:\/\/www.gsv.dk\/\",\"name\":\"GSV\",\"description\":\"GSV materieludlejning\",\"publisher\":{\"@id\":\"https:\/\/www.gsv.dk\/#organization\"},\"potentialAction\":[{\"@type\":\"SearchAction\",\"target\":{\"@type\":\"EntryPoint\",\"urlTemplate\":\"https:\/\/www.gsv.dk\/?s={search_term_string}\"},\"query-input\":{\"@type\":\"PropertyValueSpecification\",\"valueRequired\":true,\"valueName\":\"search_term_string\"}}],\"inLanguage\":\"en-GB\"},{\"@type\":\"Organization\",\"@id\":\"https:\/\/www.gsv.dk\/#organization\",\"name\":\"GSV Materieludlejning\",\"url\":\"https:\/\/www.gsv.dk\/\",\"logo\":{\"@type\":\"ImageObject\",\"inLanguage\":\"en-GB\",\"@id\":\"https:\/\/www.gsv.dk\/#\/schema\/logo\/image\/\",\"url\":\"https:\/\/www.gsv.dk\/content\/uploads\/2020\/01\/logo-300x134.png\",\"contentUrl\":\"https:\/\/www.gsv.dk\/content\/uploads\/2020\/01\/logo-300x134.png\",\"width\":300,\"height\":134,\"caption\":\"GSV Materieludlejning\"},\"image\":{\"@id\":\"https:\/\/www.gsv.dk\/#\/schema\/logo\/image\/\"},\"sameAs\":[\"https:\/\/www.facebook.com\/gsvmaterieludlejning\/\",\"https:\/\/x.com\/GsvMateriel\",\"https:\/\/www.instagram.com\/gsv_materieludlejning\/\",\"https:\/\/www.linkedin.com\/company\/gsv-materieludlejning-a-s\",\"https:\/\/www.youtube.com\/channel\/UCDWOSIoGkwn6bPG7-Kgxqkw\"]}]}<\/script>\n<!-- \/ Yoast SEO plugin. -->","yoast_head_json":{"title":"Topkran | GSV","description":"Har du lejet en arbejdsplatform og har brug for at l\u00f8fte tunge materialer op i h\u00f8jden, kan du hos GSV leje et bredt udvalg af topkraner. Vi har topkraner der passer til alle de typer af arbejdsplatforme, du finder i vores brede udvalg.","robots":{"index":"index","follow":"follow","max-snippet":"max-snippet:-1","max-image-preview":"max-image-preview:large","max-video-preview":"max-video-preview:-1"},"canonical":"https:\/\/www.gsv.dk\/en\/lej-din-arbejdsplatform-hos-gsv\/har-du-brug-for-at-loefte-tunge-materialer\/","og_locale":"en_GB","og_type":"article","og_title":"Topkran | GSV","og_description":"Har du lejet en arbejdsplatform og har brug for at l\u00f8fte tunge materialer op i h\u00f8jden, kan du hos GSV leje et bredt udvalg af topkraner. Vi har topkraner der passer til alle de typer af arbejdsplatforme, du finder i vores brede udvalg.","og_url":"https:\/\/www.gsv.dk\/en\/lej-din-arbejdsplatform-hos-gsv\/har-du-brug-for-at-loefte-tunge-materialer\/","og_site_name":"GSV","article_publisher":"https:\/\/www.facebook.com\/gsvmaterieludlejning\/","article_modified_time":"2021-12-02T09:44:19+00:00","og_image":[{"width":300,"height":134,"url":"https:\/\/www.gsv.dk\/content\/uploads\/2020\/01\/logo-300x134.png","type":"image\/png"}],"twitter_card":"summary_large_image","twitter_site":"@GsvMateriel","schema":{"@context":"https:\/\/schema.org","@graph":[{"@type":"WebPage","@id":"https:\/\/www.gsv.dk\/lej-din-arbejdsplatform-hos-gsv\/har-du-brug-for-at-loefte-tunge-materialer\/","url":"https:\/\/www.gsv.dk\/lej-din-arbejdsplatform-hos-gsv\/har-du-brug-for-at-loefte-tunge-materialer\/","name":"Topkran | GSV","isPartOf":{"@id":"https:\/\/www.gsv.dk\/#website"},"datePublished":"2021-12-01T13:49:24+00:00","dateModified":"2021-12-02T09:44:19+00:00","description":"Har du lejet en arbejdsplatform og har brug for at l\u00f8fte tunge materialer op i h\u00f8jden, kan du hos GSV leje et bredt udvalg af topkraner. Vi har topkraner der passer til alle de typer af arbejdsplatforme, du finder i vores brede udvalg.","breadcrumb":{"@id":"https:\/\/www.gsv.dk\/lej-din-arbejdsplatform-hos-gsv\/har-du-brug-for-at-loefte-tunge-materialer\/#breadcrumb"},"inLanguage":"en-GB","potentialAction":[{"@type":"ReadAction","target":["https:\/\/www.gsv.dk\/lej-din-arbejdsplatform-hos-gsv\/har-du-brug-for-at-loefte-tunge-materialer\/"]}]},{"@type":"BreadcrumbList","@id":"https:\/\/www.gsv.dk\/lej-din-arbejdsplatform-hos-gsv\/har-du-brug-for-at-loefte-tunge-materialer\/#breadcrumb","itemListElement":[{"@type":"ListItem","position":1,"name":"Home","item":"https:\/\/www.gsv.dk\/"},{"@type":"ListItem","position":2,"name":"Abejdsplatforme og byggehejs","item":"https:\/\/www.gsv.dk\/lej-din-arbejdsplatform-hos-gsv\/"},{"@type":"ListItem","position":3,"name":"Topkran"}]},{"@type":"WebSite","@id":"https:\/\/www.gsv.dk\/#website","url":"https:\/\/www.gsv.dk\/","name":"GSV","description":"GSV materieludlejning","publisher":{"@id":"https:\/\/www.gsv.dk\/#organization"},"potentialAction":[{"@type":"SearchAction","target":{"@type":"EntryPoint","urlTemplate":"https:\/\/www.gsv.dk\/?s={search_term_string}"},"query-input":{"@type":"PropertyValueSpecification","valueRequired":true,"valueName":"search_term_string"}}],"inLanguage":"en-GB"},{"@type":"Organization","@id":"https:\/\/www.gsv.dk\/#organization","name":"GSV Materieludlejning","url":"https:\/\/www.gsv.dk\/","logo":{"@type":"ImageObject","inLanguage":"en-GB","@id":"https:\/\/www.gsv.dk\/#\/schema\/logo\/image\/","url":"https:\/\/www.gsv.dk\/content\/uploads\/2020\/01\/logo-300x134.png","contentUrl":"https:\/\/www.gsv.dk\/content\/uploads\/2020\/01\/logo-300x134.png","width":300,"height":134,"caption":"GSV Materieludlejning"},"image":{"@id":"https:\/\/www.gsv.dk\/#\/schema\/logo\/image\/"},"sameAs":["https:\/\/www.facebook.com\/gsvmaterieludlejning\/","https:\/\/x.com\/GsvMateriel","https:\/\/www.instagram.com\/gsv_materieludlejning\/","https:\/\/www.linkedin.com\/company\/gsv-materieludlejning-a-s","https:\/\/www.youtube.com\/channel\/UCDWOSIoGkwn6bPG7-Kgxqkw"]}]}},"_links":{"self":[{"href":"https:\/\/www.gsv.dk\/en\/wp-json\/wp\/v2\/pages\/225013","targetHints":{"allow":["GET"]}}],"collection":[{"href":"https:\/\/www.gsv.dk\/en\/wp-json\/wp\/v2\/pages"}],"about":[{"href":"https:\/\/www.gsv.dk\/en\/wp-json\/wp\/v2\/types\/page"}],"author":[{"embeddable":true,"href":"https:\/\/www.gsv.dk\/en\/wp-json\/wp\/v2\/users\/1053"}],"replies":[{"embeddable":true,"href":"https:\/\/www.gsv.dk\/en\/wp-json\/wp\/v2\/comments?post=225013"}],"version-history":[{"count":3,"href":"https:\/\/www.gsv.dk\/en\/wp-json\/wp\/v2\/pages\/225013\/revisions"}],"predecessor-version":[{"id":225233,"href":"https:\/\/www.gsv.dk\/en\/wp-json\/wp\/v2\/pages\/225013\/revisions\/225233"}],"up":[{"embeddable":true,"href":"https:\/\/www.gsv.dk\/en\/wp-json\/wp\/v2\/pages\/224379"}],"wp:attachment":[{"href":"https:\/\/www.gsv.dk\/en\/wp-json\/wp\/v2\/media?parent=225013"}],"curies":[{"name":"wp","href":"https:\/\/api.w.org\/{rel}","templated":true}]}}