{"id":221201,"date":"2022-11-16T10:12:41","date_gmt":"2022-11-16T10:12:41","guid":{"rendered":"https:\/\/www.gsv.dk\/?page_id=221201"},"modified":"2025-12-01T12:33:46","modified_gmt":"2025-12-01T12:33:46","slug":"a-part-of-kiloutou-group","status":"publish","type":"page","link":"https:\/\/www.gsv.dk\/en\/om-gsv-2\/a-part-of-kiloutou-group\/","title":{"rendered":"A part of Kiloutou Group"},"content":{"rendered":"<div\n  class=\"block acf-block acf-block--hero\"\n   id=\"acf-hero-1\"  \n>\n        <div class=\"hero\">\n                                            <div class=\"hero__image\">\n    <div class=\"hero__image-overlay\" style=\"background-color: rgba(0, 0, 0, 0.23)\"><\/div>\n    \n            <picture>\n                <source srcset=\"https:\/\/www.gsv.dk\/content\/uploads\/wordpress-prod\/GSV_Odense_EventDSC_5501-1440x550.jpg\" media=\"(min-width: 1200px)\"><source srcset=\"https:\/\/www.gsv.dk\/content\/uploads\/wordpress-prod\/GSV_Odense_EventDSC_5501-1200x550.jpg\" media=\"(min-width: 900px)\"><source srcset=\"https:\/\/www.gsv.dk\/content\/uploads\/wordpress-prod\/GSV_Odense_EventDSC_5501-900x400.jpg\" media=\"(min-width: 600px)\"><source srcset=\"https:\/\/www.gsv.dk\/content\/uploads\/wordpress-prod\/GSV_Odense_EventDSC_5501-600x350.jpg\" media=\"(min-width: 414px)\">\n                <img loading=\"lazy\" decoding=\"async\" src=\"https:\/\/www.gsv.dk\/content\/uploads\/wordpress-prod\/GSV_Odense_EventDSC_5501-414x250.jpg\" alt=\"\" title=\"GSV Odense EventDSC 5501\" width=\"414\" height=\"250\">\n            <\/picture>\n<\/div>\n\n\n    <div class=\"hero__content\">\n                    <h1 class=\"hero__title\">\n                GSV er en del af KILOUTOU familien\n            <\/h1>\n        \n        \n            <\/div>\n                    <\/div>\n    \n    \n      <\/div>\n<div\n  class=\"block acf-block acf-block--text-block\"\n   id=\"acf-text-block-2\"  \n>\n        <div class=\"text-block\">\n    \n    <div class=\"inner inner--small\">\n        \n                    <h2 class=\"l-title\" data-reveal=\"reveal\">Nye muligheder for v\u00e6kst og udvikling<\/h2>\n        \n                    <div class=\"text-block__body\" data-reveal=\"reveal\">\n                <p>I 2022 overtog franske Kiloutou Group ejerskabet af GSV, og blev en del af en af de f\u00f8rende udlejningsvirksomheder i Europa. Kiloutou Group er en markant europ\u00e6isk akt\u00f8r med over 500 afdelinger i fem lande og Danmark bliver det sjette marked i koncernen.<\/p>\n<p>GSV har de seneste \u00e5r opbygget en st\u00e6rk position p\u00e5 det danske marked med fokus p\u00e5 god kundeservice, lokal tilstedev\u00e6relse, digitalisering og klimainitiativer, der &#8211; ogs\u00e5 i et internationalt perspektiv &#8211; placerer GSV helt i front inde for bygge- og anl\u00e6gsbranchen.<\/p>\n<p>Med nye ejere fra industrien \u00e5bner der sig alts\u00e5 nye muligheder for v\u00e6kst og udvikling, men GSVs strategi, den s\u00e6rlige GSV kultur og fokus p\u00e5 at bygge fremtidens Danmark mest b\u00e6redygtigt, best\u00e5r og styrkes de kommende \u00e5r.<\/p>\n\n            <\/div>\n            <\/div>\n<\/div>\n\n      <\/div>\n<div\n  class=\"block acf-block acf-block--content-block\"\n   id=\"acf-content-block-3\"  \n>\n        <div class=\"content-block content-block--light-grey has-background\">\n            <div class=\"bgw background--light-grey\" data-reveal=\"bgw\"><\/div>\n    \n    <div class=\"inner inner--medium\">\n        <div class=\"content-block__image image-fade\">\n            <div class=\"image-fade__container\"><\/div>\n            \n            <picture>\n                <source srcset=\"https:\/\/www.gsv.dk\/content\/uploads\/wordpress-prod\/GSV_Odense_EventDSC_5762-575x550.jpg\" media=\"(min-width: 900px)\"><source srcset=\"https:\/\/www.gsv.dk\/content\/uploads\/wordpress-prod\/GSV_Odense_EventDSC_5762-900x400.jpg\" media=\"(min-width: 600px)\"><source srcset=\"https:\/\/www.gsv.dk\/content\/uploads\/wordpress-prod\/GSV_Odense_EventDSC_5762-600x350.jpg\" media=\"(min-width: 414px)\">\n                <img loading=\"lazy\" decoding=\"async\" src=\"https:\/\/www.gsv.dk\/content\/uploads\/wordpress-prod\/GSV_Odense_EventDSC_5762-414x250.jpg\" alt=\"\" title=\"GSV Odense EventDSC 5762\" width=\"414\" height=\"250\">\n            <\/picture>\n        <\/div>\n\n        <div class=\"content-block__content\" data-reveal=\"reveal\">\n                            <p class=\"content-block__subtitle\">GSV fort\u00e6ller<\/p>\n            \n                            <h2 class=\"content-block__title\">Vi deler de samme v\u00e6rdier<\/h2>\n            \n                            <div class=\"content-block__body\">\n                    <p><em>\u201cI vores dialog har Kiloutou Group lagt s\u00e6rlig v\u00e6gt p\u00e5, at de \u00f8nsker, at vi forts\u00e6tter vores ledelsesm\u00e6ssige og strategiske fokus, og det er tydeligt for os, at vi deler de samme v\u00e6rdier. N\u00f8jagtig som os s\u00e6tter de mennesker f\u00f8r maskiner, passer godt p\u00e5 medarbejderne, har kunden i centrum, og som en familie- og fondsejet virksomhed \u00f8nsker de at bidrage til en bedre industri b\u00e5de nu og p\u00e5 lang sigt,\u201d<\/em><\/p>\n<p><strong>Frank Olesen<\/strong><br \/>\nCEO<\/p>\n\n                <\/div>\n            \n                    <\/div>\n    <\/div>\n<\/div>\n\n      <\/div>\n<div\n  class=\"block acf-block acf-block--text-block\"\n   id=\"acf-text-block-4\"  \n>\n        <div class=\"text-block\">\n    \n    <div class=\"inner inner--small\">\n        \n                    <h2 class=\"l-title\" data-reveal=\"reveal\">Nye ejere, flere muligheder, samme GSV<\/h2>\n        \n                    <div class=\"text-block__body\" data-reveal=\"reveal\">\n                <p>Danmarks st\u00f8rste udlejer af maskiner og materiel til den danske byggeindustri, GSV Materieludlejning A\/S, f\u00e5r ny ejer. Den danske kapitalfond CataCap s\u00e6lger GSV til franske Kiloutou Group, som er blandt de tre st\u00f8rste akt\u00f8rer inden for udlejning af maskiner og udstyr i Europa. If\u00f8lge GSVs CEO er der tale om det perfekte match.<\/p>\n<p>Danske GSV har gennem de seneste \u00e5r styrket sin forretning, foretaget opk\u00f8b og \u00f8get bredden i tilbud fra stadig flere lokationer p\u00e5 tv\u00e6rs af landet. I dag er GSV til stede p\u00e5 22 lokationer i Danmark og servicerer alt fra de st\u00f8rste entrepren\u00f8rer til lokale h\u00e5ndv\u00e6rksmestre. I 2021 accelererede GSV sin udvikling ved bl.a. at foretage en gennemg\u00e5ende digitalisering af virksomhedens processer samt lancere en digital kundeportal med tilbud om fl\u00e5destyring til kunder. Begge tiltag har vakt genlyd i branchen herhjemme &#8211; men ogs\u00e5 ude i Europa.<\/p>\n<p><strong>Fokus p\u00e5 klima og digital transformation<\/strong><\/p>\n<p>Den st\u00e6rke position p\u00e5 det danske marked, den digitale f\u00f8rertr\u00f8je og et markant fokus p\u00e5 at drive en gr\u00f8n omstilling i byggeindustrien har f\u00e5et flere investorer til at byde p\u00e5 GSV, men der er nu fundet et perfekt match i franske Kiloutou Group.<\/p>\n<p>\u201cCataCap har v\u00e6ret den rigtige ejer i den transformation og positive udvikling, GSV har v\u00e6ret igennem op til nu. Vi er i dag en st\u00e6rkere og mere digital forretning. I Kiloutou Group f\u00e5r vi nu en ny ejer, der er en af de ledende i Europa, og som meget tydeligt har tilkendegivet, at de ogs\u00e5 \u00f8nsker at l\u00e6re fra os,\u201d siger GSVs N\u00e6stformand Dan O. Vorsholt.<\/p>\n<p><strong>Ny ejer, men samme GSV<\/strong><\/p>\n<p>Kiloutou Group \u00f8ger sin tilstedev\u00e6relse i Europa med opk\u00f8bet af GSV. If\u00f8lge Dan O. Vorsholt f\u00e5r GSV nu en ejer, der kender industrien indefra og som \u00f8nsker at investere yderligere i digitalisering, b\u00e6redygtighed og nyt materiel.<\/p>\n<p>\u201cVi f\u00e5r nye ejere, men vi bibeholder vores strategiske fokus. Vi forts\u00e6tter med at drive GSVs nuv\u00e6rende strategi, og der er ingen planlagte \u00e6ndringer i ledelsen eller andre steder i organisationen. Vi beholder desuden vores gr\u00f8nne logo. GSV bliver nu en del af en stor europ\u00e6isk organisation, og det er vores klare ambition, at det ogs\u00e5 skal komme vores kunder til gode,\u201d siger Dan O. Vorsholt.<\/p>\n<p><strong>Den digitale f\u00f8rertr\u00f8je i Europa<\/strong><\/p>\n<p>GSV siger nu farvel til Catacap efter syv \u00e5rs ejerskab og bliver i stedet del af en fransk industrileder, som er ejet af en familiefond.<\/p>\n<p>\u201cI GSV er vi da stolte, fordi vi f\u00e5r en ejer, der t\u00e6nker langsigtet, har store finansielle muskler &#8211; og som deler vores v\u00e6rdi om, at mennesker kommer f\u00f8r maskiner, hvilket betyder, at vi passer p\u00e5 vores relationer til b\u00e5de medarbejdere, kunder og leverand\u00f8rer. For os er Kiloutou Group det perfekte match.\u201d slutter N\u00e6stformand Dan O. Vorsholt.<\/p>\n<p>For Olivier Colleau, som er Executive President i Kiloutou Group, er der heller ingen tvivl om et godt match mellem de to virksomheder:<\/p>\n\n            <\/div>\n            <\/div>\n<\/div>\n\n      <\/div>\n<div\n  class=\"block acf-block acf-block--content-block\"\n   id=\"acf-content-block-5\"  \n>\n        <div class=\"content-block content-block--light-grey has-background\">\n            <div class=\"bgw background--light-grey\" data-reveal=\"bgw\"><\/div>\n    \n    <div class=\"inner inner--medium\">\n        <div class=\"content-block__image image-fade\">\n            <div class=\"image-fade__container\"><\/div>\n            \n            <picture>\n                <source srcset=\"https:\/\/gsv-imgix.imgix.net\/wordpress-prod\/GSV_Odense_EventDSC_5948-scaled.jpg?fit=clip&#038;fm=pjpg&#038;h=550&#038;ixlib=php-3.3.1&#038;w=575&#038;wpsize=content_block_tablet_landscape\" media=\"(min-width: 900px)\"><source srcset=\"https:\/\/gsv-imgix.imgix.net\/wordpress-prod\/GSV_Odense_EventDSC_5948-scaled.jpg?fit=clip&#038;fm=pjpg&#038;h=400&#038;ixlib=php-3.3.1&#038;w=900&#038;wpsize=wide_tablet_portrait\" media=\"(min-width: 600px)\"><source srcset=\"https:\/\/gsv-imgix.imgix.net\/wordpress-prod\/GSV_Odense_EventDSC_5948-scaled.jpg?fit=clip&#038;fm=pjpg&#038;h=350&#038;ixlib=php-3.3.1&#038;w=600&#038;wpsize=wide_large_phone\" media=\"(min-width: 414px)\">\n                <img loading=\"lazy\" decoding=\"async\" src=\"https:\/\/gsv-imgix.imgix.net\/wordpress-prod\/GSV_Odense_EventDSC_5948-scaled.jpg?fit=clip&#038;fm=pjpg&#038;h=250&#038;ixlib=php-3.3.1&#038;w=414&#038;wpsize=wide_phone\" alt=\"\" title=\"GSV Odense EventDSC 5948\" width=\"414\" height=\"250\">\n            <\/picture>\n        <\/div>\n\n        <div class=\"content-block__content\" data-reveal=\"reveal\">\n                            <p class=\"content-block__subtitle\">Kiloutou fort\u00e6ller<\/p>\n            \n                            <h2 class=\"content-block__title\">Et godt macht mellem to virksomheder<\/h2>\n            \n                            <div class=\"content-block__body\">\n                    <p><em>&#8220;GSV og Kiloutou deler mange af de samme v\u00e6rdier i forhold til udvikling af medarbejdere, h\u00f8j kundetilfredshed og klimavenlige produkttilbud. Jeg ser frem til at arbejde t\u00e6t sammen med GSVs dygtige og erfarne team, og vi gl\u00e6der os til at byde dem alle velkommen i Kiloutou Group.\u201d<\/em><\/p>\n<p><strong>Olivier Colleau<\/strong><br \/>\nExecutive President i Kiloutou Group<\/p>\n\n                <\/div>\n            \n                    <\/div>\n    <\/div>\n<\/div>\n\n      <\/div>","protected":false},"excerpt":{"rendered":"","protected":false},"author":1053,"featured_media":0,"parent":2378,"menu_order":10,"comment_status":"closed","ping_status":"closed","template":"","meta":{"_acf_changed":false,"footnotes":""},"class_list":["post-221201","page","type-page","status-publish","hentry"],"acf":[],"yoast_head":"<!-- This site is optimized with the Yoast SEO plugin v25.9 - https:\/\/yoast.com\/wordpress\/plugins\/seo\/ -->\n<title>GSV er nu en del af KILOUTOU familien<\/title>\n<meta name=\"description\" content=\"I 2022 overtog franske Kiloutou Group ejerskabet af GSV, og blev en del af en af de f\u00f8rende udlejningsvirksomheder i Europa.\" \/>\n<meta name=\"robots\" content=\"index, follow, max-snippet:-1, max-image-preview:large, max-video-preview:-1\" \/>\n<link rel=\"canonical\" href=\"https:\/\/www.gsv.dk\/en\/om-gsv-2\/a-part-of-kiloutou-group\/\" \/>\n<meta property=\"og:locale\" content=\"en_GB\" \/>\n<meta property=\"og:type\" content=\"article\" \/>\n<meta property=\"og:title\" content=\"GSV er nu en del af KILOUTOU familien\" \/>\n<meta property=\"og:description\" content=\"I 2022 overtog franske Kiloutou Group ejerskabet af GSV, og blev en del af en af de f\u00f8rende udlejningsvirksomheder i Europa.\" \/>\n<meta property=\"og:url\" content=\"https:\/\/www.gsv.dk\/en\/om-gsv-2\/a-part-of-kiloutou-group\/\" \/>\n<meta property=\"og:site_name\" content=\"GSV\" \/>\n<meta property=\"article:publisher\" content=\"https:\/\/www.facebook.com\/gsvmaterieludlejning\/\" \/>\n<meta property=\"article:modified_time\" content=\"2025-12-01T12:33:46+00:00\" \/>\n<meta property=\"og:image\" content=\"https:\/\/www.gsv.dk\/content\/uploads\/2020\/01\/logo-300x134.png\" \/>\n\t<meta property=\"og:image:width\" content=\"300\" \/>\n\t<meta property=\"og:image:height\" content=\"134\" \/>\n\t<meta property=\"og:image:type\" content=\"image\/png\" \/>\n<meta name=\"twitter:card\" content=\"summary_large_image\" \/>\n<meta name=\"twitter:site\" content=\"@GsvMateriel\" \/>\n<script type=\"application\/ld+json\" class=\"yoast-schema-graph\">{\"@context\":\"https:\/\/schema.org\",\"@graph\":[{\"@type\":\"WebPage\",\"@id\":\"https:\/\/www.gsv.dk\/om-gsv-2\/a-part-of-kiloutou-group\/\",\"url\":\"https:\/\/www.gsv.dk\/om-gsv-2\/a-part-of-kiloutou-group\/\",\"name\":\"GSV er nu en del af KILOUTOU familien\",\"isPartOf\":{\"@id\":\"https:\/\/www.gsv.dk\/#website\"},\"datePublished\":\"2022-11-16T10:12:41+00:00\",\"dateModified\":\"2025-12-01T12:33:46+00:00\",\"description\":\"I 2022 overtog franske Kiloutou Group ejerskabet af GSV, og blev en del af en af de f\u00f8rende udlejningsvirksomheder i Europa.\",\"breadcrumb\":{\"@id\":\"https:\/\/www.gsv.dk\/om-gsv-2\/a-part-of-kiloutou-group\/#breadcrumb\"},\"inLanguage\":\"en-GB\",\"potentialAction\":[{\"@type\":\"ReadAction\",\"target\":[\"https:\/\/www.gsv.dk\/om-gsv-2\/a-part-of-kiloutou-group\/\"]}]},{\"@type\":\"BreadcrumbList\",\"@id\":\"https:\/\/www.gsv.dk\/om-gsv-2\/a-part-of-kiloutou-group\/#breadcrumb\",\"itemListElement\":[{\"@type\":\"ListItem\",\"position\":1,\"name\":\"Home\",\"item\":\"https:\/\/www.gsv.dk\/\"},{\"@type\":\"ListItem\",\"position\":2,\"name\":\"Om GSV\",\"item\":\"https:\/\/www.gsv.dk\/om-gsv-2\/\"},{\"@type\":\"ListItem\",\"position\":3,\"name\":\"A part of Kiloutou Group\"}]},{\"@type\":\"WebSite\",\"@id\":\"https:\/\/www.gsv.dk\/#website\",\"url\":\"https:\/\/www.gsv.dk\/\",\"name\":\"GSV\",\"description\":\"GSV materieludlejning\",\"publisher\":{\"@id\":\"https:\/\/www.gsv.dk\/#organization\"},\"potentialAction\":[{\"@type\":\"SearchAction\",\"target\":{\"@type\":\"EntryPoint\",\"urlTemplate\":\"https:\/\/www.gsv.dk\/?s={search_term_string}\"},\"query-input\":{\"@type\":\"PropertyValueSpecification\",\"valueRequired\":true,\"valueName\":\"search_term_string\"}}],\"inLanguage\":\"en-GB\"},{\"@type\":\"Organization\",\"@id\":\"https:\/\/www.gsv.dk\/#organization\",\"name\":\"GSV Materieludlejning\",\"url\":\"https:\/\/www.gsv.dk\/\",\"logo\":{\"@type\":\"ImageObject\",\"inLanguage\":\"en-GB\",\"@id\":\"https:\/\/www.gsv.dk\/#\/schema\/logo\/image\/\",\"url\":\"https:\/\/www.gsv.dk\/content\/uploads\/2020\/01\/logo-300x134.png\",\"contentUrl\":\"https:\/\/www.gsv.dk\/content\/uploads\/2020\/01\/logo-300x134.png\",\"width\":300,\"height\":134,\"caption\":\"GSV Materieludlejning\"},\"image\":{\"@id\":\"https:\/\/www.gsv.dk\/#\/schema\/logo\/image\/\"},\"sameAs\":[\"https:\/\/www.facebook.com\/gsvmaterieludlejning\/\",\"https:\/\/x.com\/GsvMateriel\",\"https:\/\/www.instagram.com\/gsv_materieludlejning\/\",\"https:\/\/www.linkedin.com\/company\/gsv-materieludlejning-a-s\",\"https:\/\/www.youtube.com\/channel\/UCDWOSIoGkwn6bPG7-Kgxqkw\"]}]}<\/script>\n<!-- \/ Yoast SEO plugin. -->","yoast_head_json":{"title":"GSV er nu en del af KILOUTOU familien","description":"I 2022 overtog franske Kiloutou Group ejerskabet af GSV, og blev en del af en af de f\u00f8rende udlejningsvirksomheder i Europa.","robots":{"index":"index","follow":"follow","max-snippet":"max-snippet:-1","max-image-preview":"max-image-preview:large","max-video-preview":"max-video-preview:-1"},"canonical":"https:\/\/www.gsv.dk\/en\/om-gsv-2\/a-part-of-kiloutou-group\/","og_locale":"en_GB","og_type":"article","og_title":"GSV er nu en del af KILOUTOU familien","og_description":"I 2022 overtog franske Kiloutou Group ejerskabet af GSV, og blev en del af en af de f\u00f8rende udlejningsvirksomheder i Europa.","og_url":"https:\/\/www.gsv.dk\/en\/om-gsv-2\/a-part-of-kiloutou-group\/","og_site_name":"GSV","article_publisher":"https:\/\/www.facebook.com\/gsvmaterieludlejning\/","article_modified_time":"2025-12-01T12:33:46+00:00","og_image":[{"width":300,"height":134,"url":"https:\/\/www.gsv.dk\/content\/uploads\/2020\/01\/logo-300x134.png","type":"image\/png"}],"twitter_card":"summary_large_image","twitter_site":"@GsvMateriel","schema":{"@context":"https:\/\/schema.org","@graph":[{"@type":"WebPage","@id":"https:\/\/www.gsv.dk\/om-gsv-2\/a-part-of-kiloutou-group\/","url":"https:\/\/www.gsv.dk\/om-gsv-2\/a-part-of-kiloutou-group\/","name":"GSV er nu en del af KILOUTOU familien","isPartOf":{"@id":"https:\/\/www.gsv.dk\/#website"},"datePublished":"2022-11-16T10:12:41+00:00","dateModified":"2025-12-01T12:33:46+00:00","description":"I 2022 overtog franske Kiloutou Group ejerskabet af GSV, og blev en del af en af de f\u00f8rende udlejningsvirksomheder i Europa.","breadcrumb":{"@id":"https:\/\/www.gsv.dk\/om-gsv-2\/a-part-of-kiloutou-group\/#breadcrumb"},"inLanguage":"en-GB","potentialAction":[{"@type":"ReadAction","target":["https:\/\/www.gsv.dk\/om-gsv-2\/a-part-of-kiloutou-group\/"]}]},{"@type":"BreadcrumbList","@id":"https:\/\/www.gsv.dk\/om-gsv-2\/a-part-of-kiloutou-group\/#breadcrumb","itemListElement":[{"@type":"ListItem","position":1,"name":"Home","item":"https:\/\/www.gsv.dk\/"},{"@type":"ListItem","position":2,"name":"Om GSV","item":"https:\/\/www.gsv.dk\/om-gsv-2\/"},{"@type":"ListItem","position":3,"name":"A part of Kiloutou Group"}]},{"@type":"WebSite","@id":"https:\/\/www.gsv.dk\/#website","url":"https:\/\/www.gsv.dk\/","name":"GSV","description":"GSV materieludlejning","publisher":{"@id":"https:\/\/www.gsv.dk\/#organization"},"potentialAction":[{"@type":"SearchAction","target":{"@type":"EntryPoint","urlTemplate":"https:\/\/www.gsv.dk\/?s={search_term_string}"},"query-input":{"@type":"PropertyValueSpecification","valueRequired":true,"valueName":"search_term_string"}}],"inLanguage":"en-GB"},{"@type":"Organization","@id":"https:\/\/www.gsv.dk\/#organization","name":"GSV Materieludlejning","url":"https:\/\/www.gsv.dk\/","logo":{"@type":"ImageObject","inLanguage":"en-GB","@id":"https:\/\/www.gsv.dk\/#\/schema\/logo\/image\/","url":"https:\/\/www.gsv.dk\/content\/uploads\/2020\/01\/logo-300x134.png","contentUrl":"https:\/\/www.gsv.dk\/content\/uploads\/2020\/01\/logo-300x134.png","width":300,"height":134,"caption":"GSV Materieludlejning"},"image":{"@id":"https:\/\/www.gsv.dk\/#\/schema\/logo\/image\/"},"sameAs":["https:\/\/www.facebook.com\/gsvmaterieludlejning\/","https:\/\/x.com\/GsvMateriel","https:\/\/www.instagram.com\/gsv_materieludlejning\/","https:\/\/www.linkedin.com\/company\/gsv-materieludlejning-a-s","https:\/\/www.youtube.com\/channel\/UCDWOSIoGkwn6bPG7-Kgxqkw"]}]}},"_links":{"self":[{"href":"https:\/\/www.gsv.dk\/en\/wp-json\/wp\/v2\/pages\/221201","targetHints":{"allow":["GET"]}}],"collection":[{"href":"https:\/\/www.gsv.dk\/en\/wp-json\/wp\/v2\/pages"}],"about":[{"href":"https:\/\/www.gsv.dk\/en\/wp-json\/wp\/v2\/types\/page"}],"author":[{"embeddable":true,"href":"https:\/\/www.gsv.dk\/en\/wp-json\/wp\/v2\/users\/1053"}],"replies":[{"embeddable":true,"href":"https:\/\/www.gsv.dk\/en\/wp-json\/wp\/v2\/comments?post=221201"}],"version-history":[{"count":40,"href":"https:\/\/www.gsv.dk\/en\/wp-json\/wp\/v2\/pages\/221201\/revisions"}],"predecessor-version":[{"id":3269249,"href":"https:\/\/www.gsv.dk\/en\/wp-json\/wp\/v2\/pages\/221201\/revisions\/3269249"}],"up":[{"embeddable":true,"href":"https:\/\/www.gsv.dk\/en\/wp-json\/wp\/v2\/pages\/2378"}],"wp:attachment":[{"href":"https:\/\/www.gsv.dk\/en\/wp-json\/wp\/v2\/media?parent=221201"}],"curies":[{"name":"wp","href":"https:\/\/api.w.org\/{rel}","templated":true}]}}