{"id":219370,"date":"2021-02-05T06:12:55","date_gmt":"2021-02-05T06:12:55","guid":{"rendered":"https:\/\/www.gsv.dk\/?page_id=219370"},"modified":"2021-02-08T06:37:07","modified_gmt":"2021-02-08T06:37:07","slug":"gsv-flaadenyt-februar-2021","status":"publish","type":"page","link":"https:\/\/www.gsv.dk\/en\/gsv-flaadenyt-februar-2021\/","title":{"rendered":"GSV fl\u00e5denyt februar 2021"},"content":{"rendered":"<div\n  class=\"block acf-block acf-block--hero\"\n   id=\"acf-hero-1\"  \n>\n        <div class=\"hero\">\n                                            <div class=\"hero__image\">\n    <div class=\"hero__image-overlay\" style=\"background-color: rgba(0, 0, 0, 0.40)\"><\/div>\n    \n            <picture>\n                <source srcset=\"https:\/\/www.gsv.dk\/content\/uploads\/2020\/04\/Fl\u00e5denyt-hero.png\" media=\"(min-width: 1200px)\"><source srcset=\"https:\/\/www.gsv.dk\/content\/uploads\/2020\/04\/Fl\u00e5denyt-hero-1200x550.png\" media=\"(min-width: 900px)\"><source srcset=\"https:\/\/www.gsv.dk\/content\/uploads\/2020\/04\/Fl\u00e5denyt-hero-900x400.png\" media=\"(min-width: 600px)\"><source srcset=\"https:\/\/www.gsv.dk\/content\/uploads\/2020\/04\/Fl\u00e5denyt-hero-600x350.png\" media=\"(min-width: 414px)\">\n                <img loading=\"lazy\" decoding=\"async\" src=\"https:\/\/www.gsv.dk\/content\/uploads\/2020\/04\/Fl\u00e5denyt-hero-414x250.png\" alt=\"\" title=\"Fl\u00e5denyt &#8211; hero\" width=\"414\" height=\"250\">\n            <\/picture>\n<\/div>\n\n\n    <div class=\"hero__content\">\n                    <h1 class=\"hero__title\">\n                Fl\u00e5denyt februar 2021\n            <\/h1>\n        \n        \n            <\/div>\n                    <\/div>\n    \n    \n      <\/div>\n<div\n  class=\"block acf-block acf-block--text-block\"\n   id=\"acf-text-block-2\"  \n>\n        <div class=\"text-block\">\n    \n    <div class=\"inner inner--small\">\n        \n                    <h2 class=\"l-title\" data-reveal=\"reveal\">Hvilket nyt materiel kan du gl\u00e6de dig til fra GSV?<\/h2>\n        \n                    <div class=\"text-block__body\" data-reveal=\"reveal\">\n                <p class=\"l-title\" data-reveal=\"reveal\"><span style=\"font-size: 16px;\">Vi k\u00f8ber og s\u00e6lger en del materiel hver eneste m\u00e5ned og\u00a0 vil gerne dele med dig hvilke nye maskiner og materiel, vi har f\u00e5et i kataloget. Vi h\u00e5ber, at det kan inspirere dig n\u00e6ste gang du st\u00e5r og mangler materiel til din opgave \u2013 stor som lille.<\/span><\/p>\n\n            <\/div>\n            <\/div>\n<\/div>\n\n      <\/div>\n<div\n  class=\"block acf-block acf-block--text-block has-background\"\n   id=\"acf-text-block-3\"  \n>\n        <div class=\"text-block text-block--light-grey has-background\">\n            <div class=\"bgw background--light-grey\" data-reveal=\"bgw\"><\/div>\n    \n    <div class=\"inner inner--small\">\n        \n                    <h2 class=\"l-title\" data-reveal=\"reveal\">Small machinery and equipment<\/h2>\n        \n            <\/div>\n<\/div>\n\n      <\/div>\n<div\n  class=\"block acf-block acf-block--content-block\"\n   id=\"acf-content-block-4\"  \n>\n        <div class=\"content-block\">\n    \n    <div class=\"inner inner--medium\">\n        <div class=\"content-block__image image-fade\">\n            <div class=\"image-fade__container\"><\/div>\n            \n            <picture>\n                <source srcset=\"https:\/\/www.gsv.dk\/content\/uploads\/2021\/02\/Kaeser-M59-PE-kompressor-Lej-hos-GSV.png\" media=\"(min-width: 900px)\"><source srcset=\"https:\/\/www.gsv.dk\/content\/uploads\/2021\/02\/Kaeser-M59-PE-kompressor-Lej-hos-GSV.png\" media=\"(min-width: 600px)\"><source srcset=\"https:\/\/www.gsv.dk\/content\/uploads\/2021\/02\/Kaeser-M59-PE-kompressor-Lej-hos-GSV.png\" media=\"(min-width: 414px)\">\n                <img loading=\"lazy\" decoding=\"async\" src=\"https:\/\/www.gsv.dk\/content\/uploads\/2021\/02\/Kaeser-M59-PE-kompressor-Lej-hos-GSV-414x250.png\" alt=\"\" title=\"Kaeser M59 PE Kompressor Lej Hos GSV\" width=\"414\" height=\"250\">\n            <\/picture>\n        <\/div>\n\n        <div class=\"content-block__content\" data-reveal=\"reveal\">\n            \n                            <h2 class=\"content-block__title\">KOMPRESSOR-KAESER<\/h2>\n            \n                            <div class=\"content-block__body\">\n                    <div class=\"content-block__body\">\n<ul>\n<li>Varenr.: 101-6005<\/li>\n<li>Beskrivelse: Trailermonteret 5-5,9 m3<\/li>\n<li>Model: M59PE<\/li>\n<li>Antal: 20 stk.<\/li>\n<li>Katalogpris: 1.114,-<\/li>\n<li>Levering: Er leveret<\/li>\n<\/ul>\n<\/div>\n\n                <\/div>\n            \n                            <div class=\"content-block__button\">\n                    <a\n                        class=\"btn btn--primary-green\"\n                        title=\"Lej kompressor her\"\n                        aria-label=\"Lej kompressor her\"\n                        href=\"https:\/\/www.gsv.dk\/produkter\/smat-anlaeg\/kompressorer\/kompressor-53-m%c2%b3-synsfri\/\"\n                        rel=\"noreferrer\"\n                        target=\"_blank\">\n                        <span>Lej kompressor her<\/span>\n                        <\/a>\n                <\/div>\n                    <\/div>\n    <\/div>\n<\/div>\n\n      <\/div>\n<div\n  class=\"block acf-block acf-block--content-block\"\n   id=\"acf-content-block-5\"  \n>\n        <div class=\"content-block\">\n    \n    <div class=\"inner inner--medium\">\n        <div class=\"content-block__image image-fade\">\n            <div class=\"image-fade__container\"><\/div>\n            \n            <picture>\n                <source srcset=\"https:\/\/www.gsv.dk\/content\/uploads\/2021\/02\/Kaeser-M82-kompressor-Lej-hos-GSV.png\" media=\"(min-width: 900px)\"><source srcset=\"https:\/\/www.gsv.dk\/content\/uploads\/2021\/02\/Kaeser-M82-kompressor-Lej-hos-GSV.png\" media=\"(min-width: 600px)\"><source srcset=\"https:\/\/www.gsv.dk\/content\/uploads\/2021\/02\/Kaeser-M82-kompressor-Lej-hos-GSV.png\" media=\"(min-width: 414px)\">\n                <img loading=\"lazy\" decoding=\"async\" src=\"https:\/\/www.gsv.dk\/content\/uploads\/2021\/02\/Kaeser-M82-kompressor-Lej-hos-GSV-414x250.png\" alt=\"\" title=\"Kaeser M82 Kompressor Lej Hos GSV\" width=\"414\" height=\"250\">\n            <\/picture>\n        <\/div>\n\n        <div class=\"content-block__content\" data-reveal=\"reveal\">\n            \n                            <h2 class=\"content-block__title\">KOMPRESSOR-KAESER<\/h2>\n            \n                            <div class=\"content-block__body\">\n                    <div class=\"content-block__body\">\n<ul>\n<li>Varenr.: 101-6006<\/li>\n<li>Beskrivelse: Trailermonteret 8-9 m3<\/li>\n<li>Model: M82<\/li>\n<li>Antal: 2 stk.<\/li>\n<li>Katalogpris: 1.654,-<\/li>\n<li>Levering: Er leveret<\/li>\n<\/ul>\n<\/div>\n\n                <\/div>\n            \n                            <div class=\"content-block__button\">\n                    <a\n                        class=\"btn btn--primary-green\"\n                        title=\"Lej kompressor her\"\n                        aria-label=\"Lej kompressor her\"\n                        href=\"https:\/\/www.gsv.dk\/produkter\/smat-anlaeg\/kompressorer\/kompressor-8-m%c2%b3-kaeser-m80-synfri-1480-kg\/\"\n                        rel=\"noreferrer\"\n                        target=\"_blank\">\n                        <span>Lej kompressor her<\/span>\n                        <\/a>\n                <\/div>\n                    <\/div>\n    <\/div>\n<\/div>\n\n      <\/div>\n<div\n  class=\"block acf-block acf-block--content-block\"\n   id=\"acf-content-block-6\"  \n>\n        <div class=\"content-block\">\n    \n    <div class=\"inner inner--medium\">\n        <div class=\"content-block__image image-fade\">\n            <div class=\"image-fade__container\"><\/div>\n            \n            <picture>\n                <source srcset=\"https:\/\/www.gsv.dk\/content\/uploads\/2021\/02\/Kaeser-M118-kompressor-Lej-hos-GSV.png\" media=\"(min-width: 900px)\"><source srcset=\"https:\/\/www.gsv.dk\/content\/uploads\/2021\/02\/Kaeser-M118-kompressor-Lej-hos-GSV.png\" media=\"(min-width: 600px)\"><source srcset=\"https:\/\/www.gsv.dk\/content\/uploads\/2021\/02\/Kaeser-M118-kompressor-Lej-hos-GSV.png\" media=\"(min-width: 414px)\">\n                <img loading=\"lazy\" decoding=\"async\" src=\"https:\/\/www.gsv.dk\/content\/uploads\/2021\/02\/Kaeser-M118-kompressor-Lej-hos-GSV-414x250.png\" alt=\"\" title=\"Kaeser M118 Kompressor Lej Hos GSV\" width=\"414\" height=\"250\">\n            <\/picture>\n        <\/div>\n\n        <div class=\"content-block__content\" data-reveal=\"reveal\">\n            \n                            <h2 class=\"content-block__title\">KOMPRESSOR-KAESER<\/h2>\n            \n                            <div class=\"content-block__body\">\n                    <div class=\"content-block__body\">\n<ul>\n<li>Varenr.: 101-6009<\/li>\n<li>Beskrivelse: Trailermonteret 11 m3<\/li>\n<li>Model: M118<\/li>\n<li>Antal: 4 stk.<\/li>\n<li>Katalogpris: 2.233,-<\/li>\n<li>Levering: Er leveret<\/li>\n<\/ul>\n<\/div>\n\n                <\/div>\n            \n                            <div class=\"content-block__button\">\n                    <a\n                        class=\"btn btn--primary-green\"\n                        title=\"Lej kompressor her\"\n                        aria-label=\"Lej kompressor her\"\n                        href=\"https:\/\/www.gsv.dk\/produkter\/smat-anlaeg\/kompressorer\/kompressor-11-m%c2%b3-synsfri\/\"\n                        rel=\"noreferrer\"\n                        target=\"_blank\">\n                        <span>Lej kompressor her<\/span>\n                        <\/a>\n                <\/div>\n                    <\/div>\n    <\/div>\n<\/div>\n\n      <\/div>\n<div\n  class=\"block acf-block acf-block--text-block has-background\"\n   id=\"acf-text-block-7\"  \n>\n        <div class=\"text-block text-block--light-grey has-background\">\n            <div class=\"bgw background--light-grey\" data-reveal=\"bgw\"><\/div>\n    \n    <div class=\"inner inner--small\">\n        \n                    <h2 class=\"l-title\" data-reveal=\"reveal\">Medium equipment<\/h2>\n        \n            <\/div>\n<\/div>\n\n      <\/div>\n<div\n  class=\"block acf-block acf-block--content-block\"\n   id=\"acf-content-block-8\"  \n>\n        <div class=\"content-block\">\n    \n    <div class=\"inner inner--medium\">\n        <div class=\"content-block__image image-fade\">\n            <div class=\"image-fade__container\"><\/div>\n            \n            <picture>\n                <source srcset=\"https:\/\/www.gsv.dk\/content\/uploads\/2021\/02\/Tuchel-Profi-660-kost-Lej-hos-GSV.png\" media=\"(min-width: 900px)\"><source srcset=\"https:\/\/www.gsv.dk\/content\/uploads\/2021\/02\/Tuchel-Profi-660-kost-Lej-hos-GSV.png\" media=\"(min-width: 600px)\"><source srcset=\"https:\/\/www.gsv.dk\/content\/uploads\/2021\/02\/Tuchel-Profi-660-kost-Lej-hos-GSV.png\" media=\"(min-width: 414px)\">\n                <img loading=\"lazy\" decoding=\"async\" src=\"https:\/\/www.gsv.dk\/content\/uploads\/2021\/02\/Tuchel-Profi-660-kost-Lej-hos-GSV-414x250.png\" alt=\"\" title=\"Tuchel Profi 660 Kost Lej Hos GSV\" width=\"414\" height=\"250\">\n            <\/picture>\n        <\/div>\n\n        <div class=\"content-block__content\" data-reveal=\"reveal\">\n            \n                            <h2 class=\"content-block__title\">KOST &#8211; TUCHEL<\/h2>\n            \n                            <div class=\"content-block__body\">\n                    <div class=\"content-block__body\">\n<ul>\n<li>Varenr.: 039-1048<\/li>\n<li>Beskrivelse: Kost med vandtank<\/li>\n<li>Model: Profi 660<\/li>\n<li>Antal: 5 stk.<\/li>\n<li>Katalogpris: 1.211,-<\/li>\n<li>Levering: Er leveret<\/li>\n<\/ul>\n<\/div>\n\n                <\/div>\n            \n                    <\/div>\n    <\/div>\n<\/div>\n\n      <\/div>\n<div\n  class=\"block acf-block acf-block--content-block\"\n   id=\"acf-content-block-9\"  \n>\n        <div class=\"content-block\">\n    \n    <div class=\"inner inner--medium\">\n        <div class=\"content-block__image image-fade\">\n            <div class=\"image-fade__container\"><\/div>\n            \n            <picture>\n                <source srcset=\"https:\/\/www.gsv.dk\/content\/uploads\/2021\/01\/Takeuchi-TB290-gravemaskine-lej-hos-GSV-1.png\" media=\"(min-width: 900px)\"><source srcset=\"https:\/\/www.gsv.dk\/content\/uploads\/2021\/01\/Takeuchi-TB290-gravemaskine-lej-hos-GSV-1.png\" media=\"(min-width: 600px)\"><source srcset=\"https:\/\/www.gsv.dk\/content\/uploads\/2021\/01\/Takeuchi-TB290-gravemaskine-lej-hos-GSV-1.png\" media=\"(min-width: 414px)\">\n                <img loading=\"lazy\" decoding=\"async\" src=\"https:\/\/www.gsv.dk\/content\/uploads\/2021\/01\/Takeuchi-TB290-gravemaskine-lej-hos-GSV-1-414x250.png\" alt=\"\" title=\"Takeuchi TB290 gravemaskine &#8211; lej hos GSV\" width=\"414\" height=\"250\">\n            <\/picture>\n        <\/div>\n\n        <div class=\"content-block__content\" data-reveal=\"reveal\">\n            \n                            <h2 class=\"content-block__title\">GRAVEMASKINE &#8211; TAKEUCHI<\/h2>\n            \n                            <div class=\"content-block__body\">\n                    <div class=\"content-block__body\">\n<ul>\n<li>Varenr.: 021-1519<\/li>\n<li>Beskrivelse: Gravemaskine 8-9 ton<\/li>\n<li>Model: TB290<\/li>\n<li>Antal: 1 stk.<\/li>\n<li>Katalogpris: 5.306,-<\/li>\n<li>Levering: Er leveret<\/li>\n<\/ul>\n<\/div>\n\n                <\/div>\n            \n                            <div class=\"content-block__button\">\n                    <a\n                        class=\"btn btn--primary-green\"\n                        title=\"Lej gravemaskine her\"\n                        aria-label=\"Lej gravemaskine her\"\n                        href=\"https:\/\/www.gsv.dk\/produkter\/let-anlaeg\/gravemaskiner-under-16-ton\/gravemaskine-8-t\/\"\n                        rel=\"noreferrer\"\n                        target=\"_blank\">\n                        <span>Lej gravemaskine her<\/span>\n                        <\/a>\n                <\/div>\n                    <\/div>\n    <\/div>\n<\/div>\n\n      <\/div>\n<div\n  class=\"block acf-block acf-block--content-block\"\n   id=\"acf-content-block-10\"  \n>\n        <div class=\"content-block\">\n    \n    <div class=\"inner inner--medium\">\n        <div class=\"content-block__image image-fade\">\n            <div class=\"image-fade__container\"><\/div>\n            \n            <picture>\n                <source srcset=\"https:\/\/www.gsv.dk\/content\/uploads\/2021\/02\/Takeuchi-TB2150-gravemaskine-lej-hos-GSV.png\" media=\"(min-width: 900px)\"><source srcset=\"https:\/\/www.gsv.dk\/content\/uploads\/2021\/02\/Takeuchi-TB2150-gravemaskine-lej-hos-GSV.png\" media=\"(min-width: 600px)\"><source srcset=\"https:\/\/www.gsv.dk\/content\/uploads\/2021\/02\/Takeuchi-TB2150-gravemaskine-lej-hos-GSV.png\" media=\"(min-width: 414px)\">\n                <img loading=\"lazy\" decoding=\"async\" src=\"https:\/\/www.gsv.dk\/content\/uploads\/2021\/02\/Takeuchi-TB2150-gravemaskine-lej-hos-GSV-414x250.png\" alt=\"\" title=\"Takeuchi TB2150 Gravemaskine Lej Hos GSV\" width=\"414\" height=\"250\">\n            <\/picture>\n        <\/div>\n\n        <div class=\"content-block__content\" data-reveal=\"reveal\">\n            \n                            <h2 class=\"content-block__title\">GRAVEMASKINE &#8211; TAKEUCHI<\/h2>\n            \n                            <div class=\"content-block__body\">\n                    <div class=\"content-block__body\">\n<ul>\n<li>Varenr.: 021-1522<\/li>\n<li>Beskrivelse: Gravemaskine 14 ton<\/li>\n<li>Model: TB2150<\/li>\n<li>Antal: 1 stk.<\/li>\n<li>Katalogpris: 6.710,-<\/li>\n<li>Levering: Er leveret<\/li>\n<\/ul>\n<\/div>\n\n                <\/div>\n            \n                            <div class=\"content-block__button\">\n                    <a\n                        class=\"btn btn--primary-green\"\n                        title=\"Lej gravemaskine her\"\n                        aria-label=\"Lej gravemaskine her\"\n                        href=\"https:\/\/www.gsv.dk\/produkter\/let-anlaeg\/gravemaskiner-under-16-ton\/gravemaskine-14-t\/\"\n                        rel=\"noreferrer\"\n                        target=\"_blank\">\n                        <span>Lej gravemaskine her<\/span>\n                        <\/a>\n                <\/div>\n                    <\/div>\n    <\/div>\n<\/div>\n\n      <\/div>\n<div\n  class=\"block acf-block acf-block--text-block has-background\"\n   id=\"acf-text-block-11\"  \n>\n        <div class=\"text-block text-block--light-grey has-background\">\n            <div class=\"bgw background--light-grey\" data-reveal=\"bgw\"><\/div>\n    \n    <div class=\"inner inner--small\">\n        \n                    <h2 class=\"l-title\" data-reveal=\"reveal\">Se fl\u00e5denyt som PDF<\/h2>\n        \n            <\/div>\n<\/div>\n\n      <\/div>\n<div\n  class=\"block acf-block acf-block--button\"\n   id=\"acf-button-12\"  \n>\n      <div class=\"inner inner--small\">\n            \n          <\/div>\n  <\/div>\n<div\n  class=\"block acf-block acf-block--button\"\n   id=\"acf-button-13\"  \n>\n      <div class=\"inner inner--small\">\n            <div data-reveal=\"reveal\">\n        <a\n                        class=\"btn btn--primary-green\"\n                        title=\"Fl\u00e5denyt som PDF\"\n                        aria-label=\"Fl\u00e5denyt som PDF\"\n                        href=\"https:\/\/www.gsv.dk\/content\/uploads\/2021\/02\/Fl\u00e5denyt-FEBRUAR-2021.pdf\"\n                        rel=\"noreferrer\"\n                        target=\"_blank\">\n                        <span>Fl\u00e5denyt som PDF<\/span>\n                        <\/a>\n    <\/div>\n\n          <\/div>\n  <\/div>","protected":false},"excerpt":{"rendered":"","protected":false},"author":3,"featured_media":0,"parent":0,"menu_order":31,"comment_status":"closed","ping_status":"closed","template":"","meta":{"_acf_changed":false,"footnotes":""},"class_list":["post-219370","page","type-page","status-publish","hentry"],"acf":[],"yoast_head":"<!-- This site is optimized with the Yoast SEO plugin v25.9 - https:\/\/yoast.com\/wordpress\/plugins\/seo\/ -->\n<title>GSV fl\u00e5denyt februar 2021<\/title>\n<meta name=\"description\" content=\"Se hvilke nye maskiner GSV har k\u00f8bt der kan hj\u00e6lpe ved dit n\u00e6ste projekt\" \/>\n<meta name=\"robots\" content=\"index, follow, max-snippet:-1, max-image-preview:large, max-video-preview:-1\" \/>\n<link rel=\"canonical\" href=\"https:\/\/www.gsv.dk\/en\/gsv-flaadenyt-februar-2021\/\" \/>\n<meta property=\"og:locale\" content=\"en_GB\" \/>\n<meta property=\"og:type\" content=\"article\" \/>\n<meta property=\"og:title\" content=\"GSV fl\u00e5denyt februar 2021\" \/>\n<meta property=\"og:description\" content=\"Se hvilke nye maskiner GSV har k\u00f8bt der kan hj\u00e6lpe ved dit n\u00e6ste projekt\" \/>\n<meta property=\"og:url\" content=\"https:\/\/www.gsv.dk\/en\/gsv-flaadenyt-februar-2021\/\" \/>\n<meta property=\"og:site_name\" content=\"GSV\" \/>\n<meta property=\"article:publisher\" content=\"https:\/\/www.facebook.com\/gsvmaterieludlejning\/\" \/>\n<meta property=\"article:modified_time\" content=\"2021-02-08T06:37:07+00:00\" \/>\n<meta property=\"og:image\" content=\"https:\/\/www.gsv.dk\/content\/uploads\/2020\/01\/logo-300x134.png\" \/>\n\t<meta property=\"og:image:width\" content=\"300\" \/>\n\t<meta property=\"og:image:height\" content=\"134\" \/>\n\t<meta property=\"og:image:type\" content=\"image\/png\" \/>\n<meta name=\"twitter:card\" content=\"summary_large_image\" \/>\n<meta name=\"twitter:site\" content=\"@GsvMateriel\" \/>\n<script type=\"application\/ld+json\" class=\"yoast-schema-graph\">{\"@context\":\"https:\/\/schema.org\",\"@graph\":[{\"@type\":\"WebPage\",\"@id\":\"https:\/\/www.gsv.dk\/gsv-flaadenyt-februar-2021\/\",\"url\":\"https:\/\/www.gsv.dk\/gsv-flaadenyt-februar-2021\/\",\"name\":\"GSV fl\u00e5denyt februar 2021\",\"isPartOf\":{\"@id\":\"https:\/\/www.gsv.dk\/#website\"},\"datePublished\":\"2021-02-05T06:12:55+00:00\",\"dateModified\":\"2021-02-08T06:37:07+00:00\",\"description\":\"Se hvilke nye maskiner GSV har k\u00f8bt der kan hj\u00e6lpe ved dit n\u00e6ste projekt\",\"breadcrumb\":{\"@id\":\"https:\/\/www.gsv.dk\/gsv-flaadenyt-februar-2021\/#breadcrumb\"},\"inLanguage\":\"en-GB\",\"potentialAction\":[{\"@type\":\"ReadAction\",\"target\":[\"https:\/\/www.gsv.dk\/gsv-flaadenyt-februar-2021\/\"]}]},{\"@type\":\"BreadcrumbList\",\"@id\":\"https:\/\/www.gsv.dk\/gsv-flaadenyt-februar-2021\/#breadcrumb\",\"itemListElement\":[{\"@type\":\"ListItem\",\"position\":1,\"name\":\"Home\",\"item\":\"https:\/\/www.gsv.dk\/\"},{\"@type\":\"ListItem\",\"position\":2,\"name\":\"GSV fl\u00e5denyt februar 2021\"}]},{\"@type\":\"WebSite\",\"@id\":\"https:\/\/www.gsv.dk\/#website\",\"url\":\"https:\/\/www.gsv.dk\/\",\"name\":\"GSV\",\"description\":\"GSV materieludlejning\",\"publisher\":{\"@id\":\"https:\/\/www.gsv.dk\/#organization\"},\"potentialAction\":[{\"@type\":\"SearchAction\",\"target\":{\"@type\":\"EntryPoint\",\"urlTemplate\":\"https:\/\/www.gsv.dk\/?s={search_term_string}\"},\"query-input\":{\"@type\":\"PropertyValueSpecification\",\"valueRequired\":true,\"valueName\":\"search_term_string\"}}],\"inLanguage\":\"en-GB\"},{\"@type\":\"Organization\",\"@id\":\"https:\/\/www.gsv.dk\/#organization\",\"name\":\"GSV Materieludlejning\",\"url\":\"https:\/\/www.gsv.dk\/\",\"logo\":{\"@type\":\"ImageObject\",\"inLanguage\":\"en-GB\",\"@id\":\"https:\/\/www.gsv.dk\/#\/schema\/logo\/image\/\",\"url\":\"https:\/\/www.gsv.dk\/content\/uploads\/2020\/01\/logo-300x134.png\",\"contentUrl\":\"https:\/\/www.gsv.dk\/content\/uploads\/2020\/01\/logo-300x134.png\",\"width\":300,\"height\":134,\"caption\":\"GSV Materieludlejning\"},\"image\":{\"@id\":\"https:\/\/www.gsv.dk\/#\/schema\/logo\/image\/\"},\"sameAs\":[\"https:\/\/www.facebook.com\/gsvmaterieludlejning\/\",\"https:\/\/x.com\/GsvMateriel\",\"https:\/\/www.instagram.com\/gsv_materieludlejning\/\",\"https:\/\/www.linkedin.com\/company\/gsv-materieludlejning-a-s\",\"https:\/\/www.youtube.com\/channel\/UCDWOSIoGkwn6bPG7-Kgxqkw\"]}]}<\/script>\n<!-- \/ Yoast SEO plugin. -->","yoast_head_json":{"title":"GSV fl\u00e5denyt februar 2021","description":"Se hvilke nye maskiner GSV har k\u00f8bt der kan hj\u00e6lpe ved dit n\u00e6ste projekt","robots":{"index":"index","follow":"follow","max-snippet":"max-snippet:-1","max-image-preview":"max-image-preview:large","max-video-preview":"max-video-preview:-1"},"canonical":"https:\/\/www.gsv.dk\/en\/gsv-flaadenyt-februar-2021\/","og_locale":"en_GB","og_type":"article","og_title":"GSV fl\u00e5denyt februar 2021","og_description":"Se hvilke nye maskiner GSV har k\u00f8bt der kan hj\u00e6lpe ved dit n\u00e6ste projekt","og_url":"https:\/\/www.gsv.dk\/en\/gsv-flaadenyt-februar-2021\/","og_site_name":"GSV","article_publisher":"https:\/\/www.facebook.com\/gsvmaterieludlejning\/","article_modified_time":"2021-02-08T06:37:07+00:00","og_image":[{"width":300,"height":134,"url":"https:\/\/www.gsv.dk\/content\/uploads\/2020\/01\/logo-300x134.png","type":"image\/png"}],"twitter_card":"summary_large_image","twitter_site":"@GsvMateriel","schema":{"@context":"https:\/\/schema.org","@graph":[{"@type":"WebPage","@id":"https:\/\/www.gsv.dk\/gsv-flaadenyt-februar-2021\/","url":"https:\/\/www.gsv.dk\/gsv-flaadenyt-februar-2021\/","name":"GSV fl\u00e5denyt februar 2021","isPartOf":{"@id":"https:\/\/www.gsv.dk\/#website"},"datePublished":"2021-02-05T06:12:55+00:00","dateModified":"2021-02-08T06:37:07+00:00","description":"Se hvilke nye maskiner GSV har k\u00f8bt der kan hj\u00e6lpe ved dit n\u00e6ste projekt","breadcrumb":{"@id":"https:\/\/www.gsv.dk\/gsv-flaadenyt-februar-2021\/#breadcrumb"},"inLanguage":"en-GB","potentialAction":[{"@type":"ReadAction","target":["https:\/\/www.gsv.dk\/gsv-flaadenyt-februar-2021\/"]}]},{"@type":"BreadcrumbList","@id":"https:\/\/www.gsv.dk\/gsv-flaadenyt-februar-2021\/#breadcrumb","itemListElement":[{"@type":"ListItem","position":1,"name":"Home","item":"https:\/\/www.gsv.dk\/"},{"@type":"ListItem","position":2,"name":"GSV fl\u00e5denyt februar 2021"}]},{"@type":"WebSite","@id":"https:\/\/www.gsv.dk\/#website","url":"https:\/\/www.gsv.dk\/","name":"GSV","description":"GSV materieludlejning","publisher":{"@id":"https:\/\/www.gsv.dk\/#organization"},"potentialAction":[{"@type":"SearchAction","target":{"@type":"EntryPoint","urlTemplate":"https:\/\/www.gsv.dk\/?s={search_term_string}"},"query-input":{"@type":"PropertyValueSpecification","valueRequired":true,"valueName":"search_term_string"}}],"inLanguage":"en-GB"},{"@type":"Organization","@id":"https:\/\/www.gsv.dk\/#organization","name":"GSV Materieludlejning","url":"https:\/\/www.gsv.dk\/","logo":{"@type":"ImageObject","inLanguage":"en-GB","@id":"https:\/\/www.gsv.dk\/#\/schema\/logo\/image\/","url":"https:\/\/www.gsv.dk\/content\/uploads\/2020\/01\/logo-300x134.png","contentUrl":"https:\/\/www.gsv.dk\/content\/uploads\/2020\/01\/logo-300x134.png","width":300,"height":134,"caption":"GSV Materieludlejning"},"image":{"@id":"https:\/\/www.gsv.dk\/#\/schema\/logo\/image\/"},"sameAs":["https:\/\/www.facebook.com\/gsvmaterieludlejning\/","https:\/\/x.com\/GsvMateriel","https:\/\/www.instagram.com\/gsv_materieludlejning\/","https:\/\/www.linkedin.com\/company\/gsv-materieludlejning-a-s","https:\/\/www.youtube.com\/channel\/UCDWOSIoGkwn6bPG7-Kgxqkw"]}]}},"_links":{"self":[{"href":"https:\/\/www.gsv.dk\/en\/wp-json\/wp\/v2\/pages\/219370","targetHints":{"allow":["GET"]}}],"collection":[{"href":"https:\/\/www.gsv.dk\/en\/wp-json\/wp\/v2\/pages"}],"about":[{"href":"https:\/\/www.gsv.dk\/en\/wp-json\/wp\/v2\/types\/page"}],"author":[{"embeddable":true,"href":"https:\/\/www.gsv.dk\/en\/wp-json\/wp\/v2\/users\/3"}],"replies":[{"embeddable":true,"href":"https:\/\/www.gsv.dk\/en\/wp-json\/wp\/v2\/comments?post=219370"}],"version-history":[{"count":15,"href":"https:\/\/www.gsv.dk\/en\/wp-json\/wp\/v2\/pages\/219370\/revisions"}],"predecessor-version":[{"id":219402,"href":"https:\/\/www.gsv.dk\/en\/wp-json\/wp\/v2\/pages\/219370\/revisions\/219402"}],"wp:attachment":[{"href":"https:\/\/www.gsv.dk\/en\/wp-json\/wp\/v2\/media?parent=219370"}],"curies":[{"name":"wp","href":"https:\/\/api.w.org\/{rel}","templated":true}]}}