{"id":2180198,"date":"2024-06-10T13:20:09","date_gmt":"2024-06-10T13:20:09","guid":{"rendered":"https:\/\/www.gsv.dk\/?page_id=2180198"},"modified":"2025-09-15T11:33:04","modified_gmt":"2025-09-15T11:33:04","slug":"skabelon-til-jobopslag-2","status":"publish","type":"page","link":"https:\/\/www.gsv.dk\/en\/skabelon-til-jobopslag-2\/","title":{"rendered":"L\u00e6rlinge og elever i GSV"},"content":{"rendered":"<div\n  class=\"block acf-block acf-block--hero\"\n   id=\"acf-hero-1\"  \n>\n        <div class=\"hero\">\n                                            <div class=\"hero__image\">\n    <div class=\"hero__image-overlay\" style=\"background-color: rgba(0, 0, 0, 0.33)\"><\/div>\n    \n            <picture>\n                <source srcset=\"https:\/\/gsv-imgix.imgix.net\/wordpress-prod\/GSV-soeger-mekaniker-1440x550-1.png?fit=clip&#038;fm=png&#038;h=550&#038;ixlib=php-3.3.1&#038;w=1440&#038;wpsize=wide_desktop\" media=\"(min-width: 1200px)\"><source srcset=\"https:\/\/gsv-imgix.imgix.net\/wordpress-prod\/GSV-soeger-mekaniker-1440x550-1.png?fit=clip&#038;fm=png&#038;h=550&#038;ixlib=php-3.3.1&#038;w=1200&#038;wpsize=wide_tablet_landscape\" media=\"(min-width: 900px)\"><source srcset=\"https:\/\/gsv-imgix.imgix.net\/wordpress-prod\/GSV-soeger-mekaniker-1440x550-1.png?fit=clip&#038;fm=png&#038;h=400&#038;ixlib=php-3.3.1&#038;w=900&#038;wpsize=wide_tablet_portrait\" media=\"(min-width: 600px)\"><source srcset=\"https:\/\/gsv-imgix.imgix.net\/wordpress-prod\/GSV-soeger-mekaniker-1440x550-1.png?fit=clip&#038;fm=png&#038;h=350&#038;ixlib=php-3.3.1&#038;w=600&#038;wpsize=wide_large_phone\" media=\"(min-width: 414px)\">\n                <img loading=\"lazy\" decoding=\"async\" src=\"https:\/\/gsv-imgix.imgix.net\/wordpress-prod\/GSV-soeger-mekaniker-1440x550-1.png?fit=clip&#038;fm=png&#038;h=250&#038;ixlib=php-3.3.1&#038;w=414&#038;wpsize=wide_phone\" alt=\"\" title=\"GSV S\u00f8ger Mekaniker 1440&#215;550\" width=\"414\" height=\"250\" \/>\n            <\/picture>\n<\/div>\n\n\n    <div class=\"hero__content\">\n                    <h1 class=\"hero__title\">\n                L\u00e6rlinge og elever i GSV\n            <\/h1>\n        \n        \n            <\/div>\n                    <\/div>\n    \n    \n      <\/div>\n<div\n  class=\"block acf-block acf-block--text-block\"\n   id=\"acf-text-block-2\"  \n>\n        <div class=\"text-block\">\n    \n    <div class=\"inner inner--small\">\n        \n                    <h2 class=\"l-title\" data-reveal=\"reveal\">Bliv en del af GSV<\/h2>\n        \n                    <div class=\"text-block__body\" data-reveal=\"reveal\">\n                <p><em>GSV Materieludlejning er Danmarks f\u00f8rende udlejningsvirksomhed af materiel og udstyr. Uanset om det drejer sig om sm\u00e5t h\u00e5ndv\u00e6rk til en mindre byggeopgave eller de helt store maskiner, der skal i brug, n\u00e5r Danmarks motorveje, broer eller metroer bygges. Vi har afdelinger i hele landet og leverer lige til d\u00f8ren eller byggepladsen. Lyder det interessant? S\u00e5 l\u00e6s videre.<\/em><\/p>\n<p><strong>Uddannelse p\u00e5 v\u00e6rksteder:<\/strong><\/p>\n<p>I GSV har du muligheden for at blive uddannet Entrepren\u00f8rmekaniker, Liftmekaniker eller Materielmekaniker p\u00e5 vores v\u00e6rksteder i enten Greve p\u00e5 Sj\u00e6lland, Odense p\u00e5 Fyn eller \u00c5rhus i Jylland.<\/p>\n<p>Du skal specialisere dig i enten entrepren\u00f8rmaskiner, lifte eller sm\u00e5t materiel, men uanset hvilket speciale du v\u00e6lger, vil du komme i ber\u00f8ring med alle typer af materiel. Derudover vil du komme til b\u00e5de at arbejde med el- og dieseldrevne maskiner og lifte.<\/p>\n<p>Du kan altid s\u00f8ge uopfordret i bunden eller f\u00f8lge med i fanen \u201dJob i GSV\u201d n\u00e5r vi l\u00f8bende s\u00f8ger nye mekanikerl\u00e6rlinge.<\/p>\n<p><strong>Uddannelse i transport:<\/strong><\/p>\n<p>I GSV har du ogs\u00e5 mulighed for at blive uddannet Godschauff\u00f8rl\u00e6rling i vores logistikafdeling i enten Greve p\u00e5 Sj\u00e6lland eller \u00c5rhus i Jylland.<\/p>\n<p>Som godschauff\u00f8rl\u00e6rling vil du have mulighed for at k\u00f8re i hele Danmark med entrepren\u00f8rmaskiner, letvogne, samt meget andet inden for entrepren\u00f8rbranchen. Vi k\u00f8rer b\u00e5de lige til d\u00f8ren og til store og sm\u00e5 byggepladser til vores kunder.<\/p>\n<p>Vi har flere forskellige slags lastbiler med og uden kraner. Store som sm\u00e5. Vi har desuden hurtigl\u00f8bere og blokvogne.<\/p>\n<p>Du kan altid s\u00f8ge uopfordret i bunden eller f\u00f8lge med i fanen \u201dJob i GSV\u201d n\u00e5r vi l\u00f8bende s\u00f8ger nye Godschauff\u00f8rl\u00e6rlinge.<\/p>\n<p><strong>Kontorelever i GSV:<\/strong><\/p>\n<p>P\u00e5 vores hovedkontor i Hedehusene sidder forskellige afdelinger, som bl.a. holder styr p\u00e5 \u00f8konomi, HR &amp; IT.<\/p>\n<p>Som kontorelev i \u00e9n af de respektive afdelinger indg\u00e5r man i et struktureret uddannelsesforl\u00f8b, hvor man vil l\u00e6re alle de opgaver, som man skal kunne for at kunne varetage et job hos os.<\/p>\n<p>I HR vil det bl.a. prim\u00e6rt v\u00e6re alle de administrative opgaver, som man skal tage sig af. Det kan f.eks. v\u00e6re udarbejdelse af medarbejderdokumenter, opdatere firmapolitikker og meget mere.<\/p>\n<p>I vores \u00f8konomiafdeling vil man l\u00e6re om bogf\u00f8ring i hhv. finans-, debitor- og kreditorafdelingen, l\u00e6re at afstemme, indberette skat, moms og afgifter, deltage i m\u00e5nedsregnskab og l\u00f8nbehandle.<\/p>\n<p>Som IT-supporterelev er de prim\u00e6re arbejdsopgaver at fejlfinde og supportere p\u00e5 hardware og software, ops\u00e6tning af arbejdsstationer og mobiltelefoner, brugersupport via ticketsystem og telefon og meget mere.<\/p>\n<p><strong>Ens for uddannelserne er:<\/strong><\/p>\n<p>Uddannelserne best\u00e5r af praktikperioder i virksomheden samt obligatorisk skolegang. Du vil f\u00e5 en varieret og sp\u00e6ndende arbejdsdag med l\u00f8n under uddannelsen \u2013 ogs\u00e5 mens du er i skole. Uddannelsen afsluttes med et projekt, som skal best\u00e5s.<\/p>\n<p>L\u00e6s mere om at v\u00e6re l\u00e6rling <a href=\"https:\/\/www.gsv.dk\/ledig-i-job-i-gsv\/laerlinge\/\">her.<\/a><\/p>\n<p><strong>Vi tilbyder:<\/strong><\/p>\n<p>En udviklende og varierende stilling, hvor hverdagen er fuld af sp\u00e6ndende udfordringer, som udfoldes i et godt socialt arbejdsmilj\u00f8 med h\u00f8jt til loftet. Arbejdet foreg\u00e5r i et dynamisk milj\u00f8, hvor initiativ og selvst\u00e6ndighed underst\u00f8ttes af samarbejdsvilje og ansvarlighed. Du bliver en del af et team, hvor vi hj\u00e6lper hinanden og har fokus p\u00e5 godt samarbejde, b\u00e5de i eget team og i GSV.<\/p>\n\n            <\/div>\n            <\/div>\n<\/div>\n\n      <\/div>\n<div\n  class=\"block acf-block acf-block--text-block\"\n   id=\"acf-text-block-3\"  \n>\n        <div class=\"text-block text-block--light-grey has-background\">\n            <div class=\"bgw background--light-grey\" data-reveal=\"bgw\"><\/div>\n    \n    <div class=\"inner inner--small\">\n        \n                    <h2 class=\"l-title\" data-reveal=\"reveal\">Vi ser frem til at h\u00f8re fra dig!<\/h2>\n        \n                    <div class=\"text-block__body\" data-reveal=\"reveal\">\n                <p><strong>Vi ser frem til at h\u00f8re fra dig<\/strong><\/p>\n<p>Er du interesseret i at s\u00f8ge denne sp\u00e6ndende stilling, bedes du sende en ans\u00f8gning, CV samt relevante bilag via S\u00f8g stillingen nedenfor. I jeres ans\u00f8gning bedes I tydeligg\u00f8re hvilken uddannelse I \u00f8nsker samt hvor henne i landet det skal v\u00e6re.<\/p>\n<p>Vi gl\u00e6der os til at l\u00e6se jeres ans\u00f8gninger.<\/p>\n\n            <\/div>\n            <\/div>\n<\/div>\n\n      <\/div>\n<div\n  class=\"block acf-block acf-block--button\"\n   id=\"acf-button-4\"  \n>\n      <div class=\"inner inner--small\">\n            <div data-reveal=\"reveal\">\n        <a\n                        class=\"btn btn--primary-green\"\n                        title=\"S\u00f8g uopfordret her\"\n                        aria-label=\"S\u00f8g uopfordret her\"\n                        href=\"https:\/\/mkjobgsv.azurewebsites.net\/da-dk\/Application.aspx?VID=0178\"\n                        rel=\"noreferrer\"\n                        target=\"_blank\">\n                        <span>S\u00f8g uopfordret her<\/span>\n                        <\/a>\n    <\/div>\n\n          <\/div>\n  <\/div>\n<div\n  class=\"block acf-block acf-block--text-block\"\n   id=\"acf-text-block-5\"  \n>\n        <div class=\"text-block text-block--light-grey has-background\">\n            <div class=\"bgw background--light-grey\" data-reveal=\"bgw\"><\/div>\n    \n    <div class=\"inner inner--small\">\n        \n                    <h2 class=\"l-title\" data-reveal=\"reveal\">About GSV<\/h2>\n        \n                    <div class=\"text-block__body\" data-reveal=\"reveal\">\n                <p>GSV er Danmarks f\u00f8rende materieludlejer med materiel til alle bygge- og anl\u00e6gsopgaver. Uanset om det drejer sig om sm\u00e5t h\u00e5ndv\u00e6rkt\u00f8j til en mindre byggeopgave eller de helt store maskiner, der skal i brug, n\u00e5r Danmarks motorveje, broer og metroer anl\u00e6gges. Vi har afdelinger i hele landet og leverer lige til d\u00f8ren eller byggepladsen.<\/p>\n<p>GSV er en innovativ samarbejdspartner og vi vil gerne v\u00e6re med til at tage ansvar for Danmarks fremtid. Hos GSV s\u00f8ger vi henimod at blive mere b\u00e6redygtige, digitaliseret og vigtigst af alt, har vi altid fokus p\u00e5 mennesker.<\/p>\n<p>L\u00e6s mere om at arbejde hos os <a href=\"https:\/\/www.gsv.dk\/job-i-gsv-2\/gsv-som-arbejdsplads\/\">her<\/a>.<\/p>\n\n            <\/div>\n            <\/div>\n<\/div>\n\n      <\/div>","protected":false},"excerpt":{"rendered":"","protected":false},"author":4423,"featured_media":0,"parent":0,"menu_order":9,"comment_status":"closed","ping_status":"closed","template":"","meta":{"_acf_changed":false,"footnotes":""},"class_list":["post-2180198","page","type-page","status-publish","hentry"],"acf":[],"yoast_head":"<!-- This site is optimized with the Yoast SEO plugin v25.9 - https:\/\/yoast.com\/wordpress\/plugins\/seo\/ -->\n<title>L\u00e6rlinge og elever i GSV | GSV<\/title>\n<meta name=\"robots\" content=\"index, follow, max-snippet:-1, max-image-preview:large, max-video-preview:-1\" \/>\n<link rel=\"canonical\" href=\"https:\/\/www.gsv.dk\/en\/skabelon-til-jobopslag-2\/\" \/>\n<meta property=\"og:locale\" content=\"en_GB\" \/>\n<meta property=\"og:type\" content=\"article\" \/>\n<meta property=\"og:title\" content=\"L\u00e6rlinge og elever i GSV | GSV\" \/>\n<meta property=\"og:url\" content=\"https:\/\/www.gsv.dk\/en\/skabelon-til-jobopslag-2\/\" \/>\n<meta property=\"og:site_name\" content=\"GSV\" \/>\n<meta property=\"article:publisher\" content=\"https:\/\/www.facebook.com\/gsvmaterieludlejning\/\" \/>\n<meta property=\"article:modified_time\" content=\"2025-09-15T11:33:04+00:00\" \/>\n<meta property=\"og:image\" content=\"https:\/\/www.gsv.dk\/content\/uploads\/2020\/01\/logo-300x134.png\" \/>\n\t<meta property=\"og:image:width\" content=\"300\" \/>\n\t<meta property=\"og:image:height\" content=\"134\" \/>\n\t<meta property=\"og:image:type\" content=\"image\/png\" \/>\n<meta name=\"twitter:card\" content=\"summary_large_image\" \/>\n<meta name=\"twitter:site\" content=\"@GsvMateriel\" \/>\n<script type=\"application\/ld+json\" class=\"yoast-schema-graph\">{\"@context\":\"https:\/\/schema.org\",\"@graph\":[{\"@type\":\"WebPage\",\"@id\":\"https:\/\/www.gsv.dk\/skabelon-til-jobopslag-2\/\",\"url\":\"https:\/\/www.gsv.dk\/skabelon-til-jobopslag-2\/\",\"name\":\"L\u00e6rlinge og elever i GSV | GSV\",\"isPartOf\":{\"@id\":\"https:\/\/www.gsv.dk\/#website\"},\"datePublished\":\"2024-06-10T13:20:09+00:00\",\"dateModified\":\"2025-09-15T11:33:04+00:00\",\"breadcrumb\":{\"@id\":\"https:\/\/www.gsv.dk\/skabelon-til-jobopslag-2\/#breadcrumb\"},\"inLanguage\":\"en-GB\",\"potentialAction\":[{\"@type\":\"ReadAction\",\"target\":[\"https:\/\/www.gsv.dk\/skabelon-til-jobopslag-2\/\"]}]},{\"@type\":\"BreadcrumbList\",\"@id\":\"https:\/\/www.gsv.dk\/skabelon-til-jobopslag-2\/#breadcrumb\",\"itemListElement\":[{\"@type\":\"ListItem\",\"position\":1,\"name\":\"Home\",\"item\":\"https:\/\/www.gsv.dk\/\"},{\"@type\":\"ListItem\",\"position\":2,\"name\":\"L\u00e6rlinge og elever i GSV\"}]},{\"@type\":\"WebSite\",\"@id\":\"https:\/\/www.gsv.dk\/#website\",\"url\":\"https:\/\/www.gsv.dk\/\",\"name\":\"GSV\",\"description\":\"GSV materieludlejning\",\"publisher\":{\"@id\":\"https:\/\/www.gsv.dk\/#organization\"},\"potentialAction\":[{\"@type\":\"SearchAction\",\"target\":{\"@type\":\"EntryPoint\",\"urlTemplate\":\"https:\/\/www.gsv.dk\/?s={search_term_string}\"},\"query-input\":{\"@type\":\"PropertyValueSpecification\",\"valueRequired\":true,\"valueName\":\"search_term_string\"}}],\"inLanguage\":\"en-GB\"},{\"@type\":\"Organization\",\"@id\":\"https:\/\/www.gsv.dk\/#organization\",\"name\":\"GSV Materieludlejning\",\"url\":\"https:\/\/www.gsv.dk\/\",\"logo\":{\"@type\":\"ImageObject\",\"inLanguage\":\"en-GB\",\"@id\":\"https:\/\/www.gsv.dk\/#\/schema\/logo\/image\/\",\"url\":\"https:\/\/www.gsv.dk\/content\/uploads\/2020\/01\/logo-300x134.png\",\"contentUrl\":\"https:\/\/www.gsv.dk\/content\/uploads\/2020\/01\/logo-300x134.png\",\"width\":300,\"height\":134,\"caption\":\"GSV Materieludlejning\"},\"image\":{\"@id\":\"https:\/\/www.gsv.dk\/#\/schema\/logo\/image\/\"},\"sameAs\":[\"https:\/\/www.facebook.com\/gsvmaterieludlejning\/\",\"https:\/\/x.com\/GsvMateriel\",\"https:\/\/www.instagram.com\/gsv_materieludlejning\/\",\"https:\/\/www.linkedin.com\/company\/gsv-materieludlejning-a-s\",\"https:\/\/www.youtube.com\/channel\/UCDWOSIoGkwn6bPG7-Kgxqkw\"]}]}<\/script>\n<!-- \/ Yoast SEO plugin. -->","yoast_head_json":{"title":"L\u00e6rlinge og elever i GSV | GSV","robots":{"index":"index","follow":"follow","max-snippet":"max-snippet:-1","max-image-preview":"max-image-preview:large","max-video-preview":"max-video-preview:-1"},"canonical":"https:\/\/www.gsv.dk\/en\/skabelon-til-jobopslag-2\/","og_locale":"en_GB","og_type":"article","og_title":"L\u00e6rlinge og elever i GSV | GSV","og_url":"https:\/\/www.gsv.dk\/en\/skabelon-til-jobopslag-2\/","og_site_name":"GSV","article_publisher":"https:\/\/www.facebook.com\/gsvmaterieludlejning\/","article_modified_time":"2025-09-15T11:33:04+00:00","og_image":[{"width":300,"height":134,"url":"https:\/\/www.gsv.dk\/content\/uploads\/2020\/01\/logo-300x134.png","type":"image\/png"}],"twitter_card":"summary_large_image","twitter_site":"@GsvMateriel","schema":{"@context":"https:\/\/schema.org","@graph":[{"@type":"WebPage","@id":"https:\/\/www.gsv.dk\/skabelon-til-jobopslag-2\/","url":"https:\/\/www.gsv.dk\/skabelon-til-jobopslag-2\/","name":"L\u00e6rlinge og elever i GSV | GSV","isPartOf":{"@id":"https:\/\/www.gsv.dk\/#website"},"datePublished":"2024-06-10T13:20:09+00:00","dateModified":"2025-09-15T11:33:04+00:00","breadcrumb":{"@id":"https:\/\/www.gsv.dk\/skabelon-til-jobopslag-2\/#breadcrumb"},"inLanguage":"en-GB","potentialAction":[{"@type":"ReadAction","target":["https:\/\/www.gsv.dk\/skabelon-til-jobopslag-2\/"]}]},{"@type":"BreadcrumbList","@id":"https:\/\/www.gsv.dk\/skabelon-til-jobopslag-2\/#breadcrumb","itemListElement":[{"@type":"ListItem","position":1,"name":"Home","item":"https:\/\/www.gsv.dk\/"},{"@type":"ListItem","position":2,"name":"L\u00e6rlinge og elever i GSV"}]},{"@type":"WebSite","@id":"https:\/\/www.gsv.dk\/#website","url":"https:\/\/www.gsv.dk\/","name":"GSV","description":"GSV materieludlejning","publisher":{"@id":"https:\/\/www.gsv.dk\/#organization"},"potentialAction":[{"@type":"SearchAction","target":{"@type":"EntryPoint","urlTemplate":"https:\/\/www.gsv.dk\/?s={search_term_string}"},"query-input":{"@type":"PropertyValueSpecification","valueRequired":true,"valueName":"search_term_string"}}],"inLanguage":"en-GB"},{"@type":"Organization","@id":"https:\/\/www.gsv.dk\/#organization","name":"GSV Materieludlejning","url":"https:\/\/www.gsv.dk\/","logo":{"@type":"ImageObject","inLanguage":"en-GB","@id":"https:\/\/www.gsv.dk\/#\/schema\/logo\/image\/","url":"https:\/\/www.gsv.dk\/content\/uploads\/2020\/01\/logo-300x134.png","contentUrl":"https:\/\/www.gsv.dk\/content\/uploads\/2020\/01\/logo-300x134.png","width":300,"height":134,"caption":"GSV Materieludlejning"},"image":{"@id":"https:\/\/www.gsv.dk\/#\/schema\/logo\/image\/"},"sameAs":["https:\/\/www.facebook.com\/gsvmaterieludlejning\/","https:\/\/x.com\/GsvMateriel","https:\/\/www.instagram.com\/gsv_materieludlejning\/","https:\/\/www.linkedin.com\/company\/gsv-materieludlejning-a-s","https:\/\/www.youtube.com\/channel\/UCDWOSIoGkwn6bPG7-Kgxqkw"]}]}},"_links":{"self":[{"href":"https:\/\/www.gsv.dk\/en\/wp-json\/wp\/v2\/pages\/2180198","targetHints":{"allow":["GET"]}}],"collection":[{"href":"https:\/\/www.gsv.dk\/en\/wp-json\/wp\/v2\/pages"}],"about":[{"href":"https:\/\/www.gsv.dk\/en\/wp-json\/wp\/v2\/types\/page"}],"author":[{"embeddable":true,"href":"https:\/\/www.gsv.dk\/en\/wp-json\/wp\/v2\/users\/4423"}],"replies":[{"embeddable":true,"href":"https:\/\/www.gsv.dk\/en\/wp-json\/wp\/v2\/comments?post=2180198"}],"version-history":[{"count":16,"href":"https:\/\/www.gsv.dk\/en\/wp-json\/wp\/v2\/pages\/2180198\/revisions"}],"predecessor-version":[{"id":3268897,"href":"https:\/\/www.gsv.dk\/en\/wp-json\/wp\/v2\/pages\/2180198\/revisions\/3268897"}],"wp:attachment":[{"href":"https:\/\/www.gsv.dk\/en\/wp-json\/wp\/v2\/media?parent=2180198"}],"curies":[{"name":"wp","href":"https:\/\/api.w.org\/{rel}","templated":true}]}}