{"id":217092,"date":"2020-09-18T11:07:29","date_gmt":"2020-09-18T11:07:29","guid":{"rendered":"https:\/\/www.gsv.dk\/?page_id=217092"},"modified":"2021-03-03T07:57:20","modified_gmt":"2021-03-03T07:57:20","slug":"afmeld-i-gsv-app","status":"publish","type":"page","link":"https:\/\/www.gsv.dk\/en\/gsv-app-2\/afmeld-i-gsv-app\/","title":{"rendered":"Afmeld med vores APP"},"content":{"rendered":"<div\n  class=\"block acf-block acf-block--hero\"\n   id=\"acf-hero-1\"  \n>\n        <div class=\"hero\">\n                                            <div class=\"hero__image\">\n    <div class=\"hero__image-overlay\" style=\"background-color: rgba(0, 0, 0, 0.35)\"><\/div>\n    \n            <picture>\n                <source srcset=\"https:\/\/www.gsv.dk\/content\/uploads\/2021\/02\/unavngivet-13.jpg\" media=\"(min-width: 1200px)\"><source srcset=\"https:\/\/www.gsv.dk\/content\/uploads\/2021\/02\/unavngivet-13-1200x550.jpg\" media=\"(min-width: 900px)\"><source srcset=\"https:\/\/www.gsv.dk\/content\/uploads\/2021\/02\/unavngivet-13-900x400.jpg\" media=\"(min-width: 600px)\"><source srcset=\"https:\/\/www.gsv.dk\/content\/uploads\/2021\/02\/unavngivet-13-600x350.jpg\" media=\"(min-width: 414px)\">\n                <img loading=\"lazy\" decoding=\"async\" src=\"https:\/\/www.gsv.dk\/content\/uploads\/2021\/02\/unavngivet-13-414x250.jpg\" alt=\"\" title=\"Unavngivet (13)\" width=\"414\" height=\"250\">\n            <\/picture>\n<\/div>\n\n\n    <div class=\"hero__content\">\n                    <h1 class=\"hero__title\">\n                Se hvordan du afmelder i vores film\n            <\/h1>\n        \n        \n            <\/div>\n                    <\/div>\n    \n    \n      <\/div>\n<div\n  class=\"block acf-block acf-block--text-block has-background\"\n   id=\"acf-text-block-2\"  \n>\n        <div class=\"text-block text-block--light-grey has-background\">\n            <div class=\"bgw background--light-grey\" data-reveal=\"bgw\"><\/div>\n    \n    <div class=\"inner inner--small\">\n                    <span class=\"l-subtitle\" data-reveal=\"reveal\">\n                Vores kunder fort\u00e6ller\n            <\/span>\n        \n                    <h2 class=\"l-title\" data-reveal=\"reveal\">Det var afmeldt 30 sekunder senere!<\/h2>\n        \n                    <div class=\"text-block__body\" data-reveal=\"reveal\">\n                <p><em>&#8221;Appen er rigtig god, n\u00e5r jeg har store byggeprojekter. Vi havde en byggeopgave, som var spredt til 2-3 steder i byen og med appen, kunne jeg se hvor maskinerne stod. Det var virkelig en hj\u00e6lp, at jeg hele tiden vidste hvor maskinerne blev brugt. N\u00e5r vi var f\u00e6rdige med maskinerne, s\u00e5 kunne vi scanne dem med mobilen og s\u00e5 var de afmeldt 30 sekunder senere&#8221;<\/em><\/p>\n<p><em>&#8221;Jeg bliver samtidig m\u00f8dt med forst\u00e5else og mine input bliver taget rigtig godt imod, n\u00e5r jeg kommer med min forbedringer og ideer hos app-teamet i GSV.&#8221;<\/em><\/p>\n<p><strong>Palle Hansen<\/strong><br \/>\nFormand hos Arkil<\/p>\n\n            <\/div>\n            <\/div>\n<\/div>\n\n      <\/div>\n<div\n  class=\"block acf-block acf-block--video-block\"\n   id=\"acf-video-block-3\"  \n>\n        <div class=\"video-container\">\n    \n            <h2 class=\"l-title\" data-reveal=\"reveal\">Se med &#039;trin for trin&#039;<\/h2>\n    \n    <div class=\"video video--iframe video--embedly\">\n        <iframe\n            class=\"video__element-embedly\"\n            src=\"https:\/\/dreambroker.com\/channel\/qmil6ffv\/iframe\/t5k8erx0?controls=true\"\n            frameborder=\"0\"\n            allowfullscreen\n allowtransparency\n allow=\"autoplay\"\n            loading=\"lazy\"\n        ><\/iframe>\n    <\/div>\n<\/div>\n\n      <\/div>\n<div\n  class=\"block acf-block acf-block--text-block\"\n   id=\"acf-text-block-4\"  \n>\n        <div class=\"text-block\">\n    \n    <div class=\"inner inner--small\">\n        \n                    <h2 class=\"l-title\" data-reveal=\"reveal\">Altid online<\/h2>\n        \n                    <div class=\"text-block__body\" data-reveal=\"reveal\">\n                <p>Vi arbejder hele tiden p\u00e5 at g\u00f8re hverdagen nemmere for dig som kunde i GSV, ved at \u00f8ge dine selvbetjeningsmuligheder. P\u00e5 denne m\u00e5de sker tingene, n\u00e5r det passer DIG &#8211; d\u00f8gnet rundt.<\/p>\n<p>Ud over at det er hurtigt og nemt at booke via vores APP og hjemmeside, s\u00e5 giver vi dig en yderligere rabat p\u00e5 dine priser online. Rabatten g\u00e6lder p\u00e5 udvalgte produkter og i hele lejeperioden.<\/p>\n<p>Du kan l\u00e6se meget mere om <a href=\"https:\/\/www.gsv.dk\/gsv-app\/gsv-app-funktioner-og-guides\/\">APP funktionerne og finde alle vores guides her<\/a><\/p>\n<p>&nbsp;<\/p>\n\n            <\/div>\n            <\/div>\n<\/div>\n\n      <\/div>\n<div\n  class=\"block acf-block acf-block--quick-navigation-block\"\n   id=\"acf-quick-navigation-block-5\"  \n>\n        <div class=\"quick-nav l-category\">\n        \n        <div class=\"inner inner--medium\">\n            \n                            <h2 class=\"l-title\" data-reveal=\"reveal\">Hent APP&#039;en her<\/h2>\n            \n            <div class=\"l-category__items grid-2\">\n                                                                                <div class=\"l-category__item\">\n                            <a class=\"l-category__link\"\n                               href=\"https:\/\/apps.apple.com\/us\/app\/gsv\/id1453982807?ls=1\"\n                               target=\"_blank\"\n                               aria-label=\"L\u00e6s mere om App Store\">\n\n                                                                    <div class=\"l-category__image\">\n                                        \n            <picture>\n                \n                <img loading=\"lazy\" decoding=\"async\" src=\"https:\/\/www.gsv.dk\/content\/uploads\/2019\/12\/APP-store-download-280x160.png\" alt=\"\" title=\"APP store download\" width=\"280\" height=\"160\">\n            <\/picture>\n                                    <\/div>\n                                \n                                <span class=\"l-category__item-title\">App Store<\/span>\n\n                                <div class=\"l-category__arrow\">\n                                    <svg xmlns=\"http:\/\/www.w3.org\/2000\/svg\" viewbox=\"0 0 31 31\" class=\"\"><path d=\"M15.5 0C24.06 0 31 6.94 31 15.5 31 24.06 24.06 31 15.5 31 6.94 31 0 24.06 0 15.5 0 6.94 6.94 0 15.5 0zm0 .969C7.475.969.969 7.475.969 15.5S7.475 30.031 15.5 30.031 30.031 23.525 30.031 15.5 23.525.969 15.5.969zM13.323 8l6.977 6.846a.922.922 0 01.077 1.22l-.082.092L13.323 23 12 21.694l6.311-6.194L12 9.306 13.323 8z\"\/><\/svg>\n                                <\/div>\n                            <\/a>\n                        <\/div>\n                                                                                                    <div class=\"l-category__item\">\n                            <a class=\"l-category__link\"\n                               href=\"https:\/\/play.google.com\/store\/apps\/details?id=dk.gsv.gsvapp\"\n                               target=\"_blank\"\n                               aria-label=\"L\u00e6s mere om Play Store\">\n\n                                                                    <div class=\"l-category__image\">\n                                        \n            <picture>\n                \n                <img loading=\"lazy\" decoding=\"async\" src=\"https:\/\/www.gsv.dk\/content\/uploads\/2019\/12\/Play-store-download-280x160.png\" alt=\"\" title=\"Play store download\" width=\"280\" height=\"160\">\n            <\/picture>\n                                    <\/div>\n                                \n                                <span class=\"l-category__item-title\">Play Store<\/span>\n\n                                <div class=\"l-category__arrow\">\n                                    <svg xmlns=\"http:\/\/www.w3.org\/2000\/svg\" viewbox=\"0 0 31 31\" class=\"\"><path d=\"M15.5 0C24.06 0 31 6.94 31 15.5 31 24.06 24.06 31 15.5 31 6.94 31 0 24.06 0 15.5 0 6.94 6.94 0 15.5 0zm0 .969C7.475.969.969 7.475.969 15.5S7.475 30.031 15.5 30.031 30.031 23.525 30.031 15.5 23.525.969 15.5.969zM13.323 8l6.977 6.846a.922.922 0 01.077 1.22l-.082.092L13.323 23 12 21.694l6.311-6.194L12 9.306 13.323 8z\"\/><\/svg>\n                                <\/div>\n                            <\/a>\n                        <\/div>\n                                                <\/div>\n\n                    <\/div>\n    <\/div>\n\n      <\/div>","protected":false},"excerpt":{"rendered":"","protected":false},"author":3,"featured_media":0,"parent":15790,"menu_order":4,"comment_status":"closed","ping_status":"closed","template":"","meta":{"_acf_changed":false,"footnotes":""},"class_list":["post-217092","page","type-page","status-publish","hentry"],"acf":[],"yoast_head":"<!-- This site is optimized with the Yoast SEO plugin v25.9 - https:\/\/yoast.com\/wordpress\/plugins\/seo\/ -->\n<title>Scan maskine med GSV app og af- eller fejlmeld den hurtigt og nemt<\/title>\n<meta name=\"description\" content=\"Vi vil yde god service 24 timer i d\u00f8gnet. Derfor har vi udviklet GSV APPen, s\u00e5 du kan f\u00e5 overblik &amp; leje\/afmelde\/fejlmelde d\u00f8gnet rundt. Download gratis her\" \/>\n<meta name=\"robots\" content=\"index, follow, max-snippet:-1, max-image-preview:large, max-video-preview:-1\" \/>\n<link rel=\"canonical\" href=\"https:\/\/www.gsv.dk\/en\/gsv-app-2\/afmeld-i-gsv-app\/\" \/>\n<meta property=\"og:locale\" content=\"en_GB\" \/>\n<meta property=\"og:type\" content=\"article\" \/>\n<meta property=\"og:title\" content=\"Scan maskine med GSV app og af- eller fejlmeld den hurtigt og nemt\" \/>\n<meta property=\"og:description\" content=\"Vi vil yde god service 24 timer i d\u00f8gnet. Derfor har vi udviklet GSV APPen, s\u00e5 du kan f\u00e5 overblik &amp; leje\/afmelde\/fejlmelde d\u00f8gnet rundt. Download gratis her\" \/>\n<meta property=\"og:url\" content=\"https:\/\/www.gsv.dk\/en\/gsv-app-2\/afmeld-i-gsv-app\/\" \/>\n<meta property=\"og:site_name\" content=\"GSV\" \/>\n<meta property=\"article:publisher\" content=\"https:\/\/www.facebook.com\/gsvmaterieludlejning\/\" \/>\n<meta property=\"article:modified_time\" content=\"2021-03-03T07:57:20+00:00\" \/>\n<meta property=\"og:image\" content=\"https:\/\/www.gsv.dk\/content\/uploads\/2020\/01\/logo-300x134.png\" \/>\n\t<meta property=\"og:image:width\" content=\"300\" \/>\n\t<meta property=\"og:image:height\" content=\"134\" \/>\n\t<meta property=\"og:image:type\" content=\"image\/png\" \/>\n<meta name=\"twitter:card\" content=\"summary_large_image\" \/>\n<meta name=\"twitter:site\" content=\"@GsvMateriel\" \/>\n<script type=\"application\/ld+json\" class=\"yoast-schema-graph\">{\"@context\":\"https:\/\/schema.org\",\"@graph\":[{\"@type\":\"WebPage\",\"@id\":\"https:\/\/www.gsv.dk\/gsv-app-2\/afmeld-i-gsv-app\/\",\"url\":\"https:\/\/www.gsv.dk\/gsv-app-2\/afmeld-i-gsv-app\/\",\"name\":\"Scan maskine med GSV app og af- eller fejlmeld den hurtigt og nemt\",\"isPartOf\":{\"@id\":\"https:\/\/www.gsv.dk\/#website\"},\"datePublished\":\"2020-09-18T11:07:29+00:00\",\"dateModified\":\"2021-03-03T07:57:20+00:00\",\"description\":\"Vi vil yde god service 24 timer i d\u00f8gnet. Derfor har vi udviklet GSV APPen, s\u00e5 du kan f\u00e5 overblik & leje\/afmelde\/fejlmelde d\u00f8gnet rundt. Download gratis her\",\"breadcrumb\":{\"@id\":\"https:\/\/www.gsv.dk\/gsv-app-2\/afmeld-i-gsv-app\/#breadcrumb\"},\"inLanguage\":\"en-GB\",\"potentialAction\":[{\"@type\":\"ReadAction\",\"target\":[\"https:\/\/www.gsv.dk\/gsv-app-2\/afmeld-i-gsv-app\/\"]}]},{\"@type\":\"BreadcrumbList\",\"@id\":\"https:\/\/www.gsv.dk\/gsv-app-2\/afmeld-i-gsv-app\/#breadcrumb\",\"itemListElement\":[{\"@type\":\"ListItem\",\"position\":1,\"name\":\"Home\",\"item\":\"https:\/\/www.gsv.dk\/\"},{\"@type\":\"ListItem\",\"position\":2,\"name\":\"L\u00e6s om GSV APP&#8217;en\",\"item\":\"https:\/\/www.gsv.dk\/gsv-app-2\/\"},{\"@type\":\"ListItem\",\"position\":3,\"name\":\"Afmeld med vores APP\"}]},{\"@type\":\"WebSite\",\"@id\":\"https:\/\/www.gsv.dk\/#website\",\"url\":\"https:\/\/www.gsv.dk\/\",\"name\":\"GSV\",\"description\":\"GSV materieludlejning\",\"publisher\":{\"@id\":\"https:\/\/www.gsv.dk\/#organization\"},\"potentialAction\":[{\"@type\":\"SearchAction\",\"target\":{\"@type\":\"EntryPoint\",\"urlTemplate\":\"https:\/\/www.gsv.dk\/?s={search_term_string}\"},\"query-input\":{\"@type\":\"PropertyValueSpecification\",\"valueRequired\":true,\"valueName\":\"search_term_string\"}}],\"inLanguage\":\"en-GB\"},{\"@type\":\"Organization\",\"@id\":\"https:\/\/www.gsv.dk\/#organization\",\"name\":\"GSV Materieludlejning\",\"url\":\"https:\/\/www.gsv.dk\/\",\"logo\":{\"@type\":\"ImageObject\",\"inLanguage\":\"en-GB\",\"@id\":\"https:\/\/www.gsv.dk\/#\/schema\/logo\/image\/\",\"url\":\"https:\/\/www.gsv.dk\/content\/uploads\/2020\/01\/logo-300x134.png\",\"contentUrl\":\"https:\/\/www.gsv.dk\/content\/uploads\/2020\/01\/logo-300x134.png\",\"width\":300,\"height\":134,\"caption\":\"GSV Materieludlejning\"},\"image\":{\"@id\":\"https:\/\/www.gsv.dk\/#\/schema\/logo\/image\/\"},\"sameAs\":[\"https:\/\/www.facebook.com\/gsvmaterieludlejning\/\",\"https:\/\/x.com\/GsvMateriel\",\"https:\/\/www.instagram.com\/gsv_materieludlejning\/\",\"https:\/\/www.linkedin.com\/company\/gsv-materieludlejning-a-s\",\"https:\/\/www.youtube.com\/channel\/UCDWOSIoGkwn6bPG7-Kgxqkw\"]}]}<\/script>\n<!-- \/ Yoast SEO plugin. -->","yoast_head_json":{"title":"Scan maskine med GSV app og af- eller fejlmeld den hurtigt og nemt","description":"Vi vil yde god service 24 timer i d\u00f8gnet. Derfor har vi udviklet GSV APPen, s\u00e5 du kan f\u00e5 overblik & leje\/afmelde\/fejlmelde d\u00f8gnet rundt. Download gratis her","robots":{"index":"index","follow":"follow","max-snippet":"max-snippet:-1","max-image-preview":"max-image-preview:large","max-video-preview":"max-video-preview:-1"},"canonical":"https:\/\/www.gsv.dk\/en\/gsv-app-2\/afmeld-i-gsv-app\/","og_locale":"en_GB","og_type":"article","og_title":"Scan maskine med GSV app og af- eller fejlmeld den hurtigt og nemt","og_description":"Vi vil yde god service 24 timer i d\u00f8gnet. Derfor har vi udviklet GSV APPen, s\u00e5 du kan f\u00e5 overblik & leje\/afmelde\/fejlmelde d\u00f8gnet rundt. Download gratis her","og_url":"https:\/\/www.gsv.dk\/en\/gsv-app-2\/afmeld-i-gsv-app\/","og_site_name":"GSV","article_publisher":"https:\/\/www.facebook.com\/gsvmaterieludlejning\/","article_modified_time":"2021-03-03T07:57:20+00:00","og_image":[{"width":300,"height":134,"url":"https:\/\/www.gsv.dk\/content\/uploads\/2020\/01\/logo-300x134.png","type":"image\/png"}],"twitter_card":"summary_large_image","twitter_site":"@GsvMateriel","schema":{"@context":"https:\/\/schema.org","@graph":[{"@type":"WebPage","@id":"https:\/\/www.gsv.dk\/gsv-app-2\/afmeld-i-gsv-app\/","url":"https:\/\/www.gsv.dk\/gsv-app-2\/afmeld-i-gsv-app\/","name":"Scan maskine med GSV app og af- eller fejlmeld den hurtigt og nemt","isPartOf":{"@id":"https:\/\/www.gsv.dk\/#website"},"datePublished":"2020-09-18T11:07:29+00:00","dateModified":"2021-03-03T07:57:20+00:00","description":"Vi vil yde god service 24 timer i d\u00f8gnet. Derfor har vi udviklet GSV APPen, s\u00e5 du kan f\u00e5 overblik & leje\/afmelde\/fejlmelde d\u00f8gnet rundt. Download gratis her","breadcrumb":{"@id":"https:\/\/www.gsv.dk\/gsv-app-2\/afmeld-i-gsv-app\/#breadcrumb"},"inLanguage":"en-GB","potentialAction":[{"@type":"ReadAction","target":["https:\/\/www.gsv.dk\/gsv-app-2\/afmeld-i-gsv-app\/"]}]},{"@type":"BreadcrumbList","@id":"https:\/\/www.gsv.dk\/gsv-app-2\/afmeld-i-gsv-app\/#breadcrumb","itemListElement":[{"@type":"ListItem","position":1,"name":"Home","item":"https:\/\/www.gsv.dk\/"},{"@type":"ListItem","position":2,"name":"L\u00e6s om GSV APP&#8217;en","item":"https:\/\/www.gsv.dk\/gsv-app-2\/"},{"@type":"ListItem","position":3,"name":"Afmeld med vores APP"}]},{"@type":"WebSite","@id":"https:\/\/www.gsv.dk\/#website","url":"https:\/\/www.gsv.dk\/","name":"GSV","description":"GSV materieludlejning","publisher":{"@id":"https:\/\/www.gsv.dk\/#organization"},"potentialAction":[{"@type":"SearchAction","target":{"@type":"EntryPoint","urlTemplate":"https:\/\/www.gsv.dk\/?s={search_term_string}"},"query-input":{"@type":"PropertyValueSpecification","valueRequired":true,"valueName":"search_term_string"}}],"inLanguage":"en-GB"},{"@type":"Organization","@id":"https:\/\/www.gsv.dk\/#organization","name":"GSV Materieludlejning","url":"https:\/\/www.gsv.dk\/","logo":{"@type":"ImageObject","inLanguage":"en-GB","@id":"https:\/\/www.gsv.dk\/#\/schema\/logo\/image\/","url":"https:\/\/www.gsv.dk\/content\/uploads\/2020\/01\/logo-300x134.png","contentUrl":"https:\/\/www.gsv.dk\/content\/uploads\/2020\/01\/logo-300x134.png","width":300,"height":134,"caption":"GSV Materieludlejning"},"image":{"@id":"https:\/\/www.gsv.dk\/#\/schema\/logo\/image\/"},"sameAs":["https:\/\/www.facebook.com\/gsvmaterieludlejning\/","https:\/\/x.com\/GsvMateriel","https:\/\/www.instagram.com\/gsv_materieludlejning\/","https:\/\/www.linkedin.com\/company\/gsv-materieludlejning-a-s","https:\/\/www.youtube.com\/channel\/UCDWOSIoGkwn6bPG7-Kgxqkw"]}]}},"_links":{"self":[{"href":"https:\/\/www.gsv.dk\/en\/wp-json\/wp\/v2\/pages\/217092","targetHints":{"allow":["GET"]}}],"collection":[{"href":"https:\/\/www.gsv.dk\/en\/wp-json\/wp\/v2\/pages"}],"about":[{"href":"https:\/\/www.gsv.dk\/en\/wp-json\/wp\/v2\/types\/page"}],"author":[{"embeddable":true,"href":"https:\/\/www.gsv.dk\/en\/wp-json\/wp\/v2\/users\/3"}],"replies":[{"embeddable":true,"href":"https:\/\/www.gsv.dk\/en\/wp-json\/wp\/v2\/comments?post=217092"}],"version-history":[{"count":13,"href":"https:\/\/www.gsv.dk\/en\/wp-json\/wp\/v2\/pages\/217092\/revisions"}],"predecessor-version":[{"id":220314,"href":"https:\/\/www.gsv.dk\/en\/wp-json\/wp\/v2\/pages\/217092\/revisions\/220314"}],"up":[{"embeddable":true,"href":"https:\/\/www.gsv.dk\/en\/wp-json\/wp\/v2\/pages\/15790"}],"wp:attachment":[{"href":"https:\/\/www.gsv.dk\/en\/wp-json\/wp\/v2\/media?parent=217092"}],"curies":[{"name":"wp","href":"https:\/\/api.w.org\/{rel}","templated":true}]}}