{"id":2152,"date":"2019-11-04T08:18:39","date_gmt":"2019-11-04T08:18:39","guid":{"rendered":"http:\/\/www.gsv.dk\/not-found\/"},"modified":"2022-09-27T12:28:02","modified_gmt":"2022-09-27T12:28:02","slug":"not-found","status":"publish","type":"page","link":"https:\/\/www.gsv.dk\/en\/not-found\/","title":{"rendered":"404"},"content":{"rendered":"<div\n  class=\"block acf-block acf-block--hero\"\n   id=\"acf-hero-1\"  \n>\n        <div class=\"hero\">\n                                            <div class=\"hero__image\">\n    <div class=\"hero__image-overlay\" style=\"background-color: rgba(0, 0, 0, 0.4)\"><\/div>\n    \n            <picture>\n                <source srcset=\"https:\/\/www.gsv.dk\/content\/uploads\/2019\/11\/DSC2207-1440x550.jpg\" media=\"(min-width: 1200px)\"><source srcset=\"https:\/\/www.gsv.dk\/content\/uploads\/2019\/11\/DSC2207-1200x550.jpg\" media=\"(min-width: 900px)\"><source srcset=\"https:\/\/www.gsv.dk\/content\/uploads\/2019\/11\/DSC2207-900x400.jpg\" media=\"(min-width: 600px)\"><source srcset=\"https:\/\/www.gsv.dk\/content\/uploads\/2019\/11\/DSC2207-600x350.jpg\" media=\"(min-width: 414px)\">\n                <img loading=\"lazy\" decoding=\"async\" src=\"https:\/\/www.gsv.dk\/content\/uploads\/2019\/11\/DSC2207-414x250.jpg\" alt=\"\" title=\"_DSC2207\" width=\"414\" height=\"250\">\n            <\/picture>\n<\/div>\n\n\n    <div class=\"hero__content\">\n                    <h1 class=\"hero__title\">\n                UPS &#8211;  noget gik galt\n            <\/h1>\n        \n        \n            <\/div>\n                    <\/div>\n    \n    \n      <\/div>\n<div\n  class=\"block core-block core-block--heading\"\n   id=\"heading-2\"  \n>\n      <div class=\"inner inner--small\">\n            \n<h2 class=\"wp-block-heading\">Vi kunne ikke lige finde den side du s\u00f8ger&#8230;<\/h2>\n\n          <\/div>\n  <\/div>\n<div\n  class=\"block acf-block acf-block--quick-navigation-block\"\n   id=\"acf-quick-navigation-block-3\"  \n>\n        <div class=\"quick-nav l-category\">\n        \n        <div class=\"inner inner--medium\">\n            \n            \n            <div class=\"l-category__items grid-2\">\n                                                                                <div class=\"l-category__item\">\n                            <a class=\"l-category__link\"\n                               href=\"http:\/\/www.gsv.dk\/gwop-69-line\/\"\n                               target=\"\"\n                               aria-label=\"L\u00e6s mere om Tungt anl\u00e6g\">\n\n                                                                    <div class=\"l-category__image\">\n                                        \n            <picture>\n                \n                <img loading=\"lazy\" decoding=\"async\" src=\"https:\/\/www.gsv.dk\/content\/uploads\/2019\/11\/case-batteri.png\" alt=\"\" title=\"case-batteri\" width=\"280\" height=\"117\" \/>\n            <\/picture>\n                                    <\/div>\n                                \n                                <span class=\"l-category__item-title\">Heavy machinery<\/span>\n\n                                <div class=\"l-category__arrow\">\n                                    <svg xmlns=\"http:\/\/www.w3.org\/2000\/svg\" viewbox=\"0 0 31 31\" class=\"\"><path d=\"M15.5 0C24.06 0 31 6.94 31 15.5 31 24.06 24.06 31 15.5 31 6.94 31 0 24.06 0 15.5 0 6.94 6.94 0 15.5 0zm0 .969C7.475.969.969 7.475.969 15.5S7.475 30.031 15.5 30.031 30.031 23.525 30.031 15.5 23.525.969 15.5.969zM13.323 8l6.977 6.846a.922.922 0 01.077 1.22l-.082.092L13.323 23 12 21.694l6.311-6.194L12 9.306 13.323 8z\"\/><\/svg>\n                                <\/div>\n                            <\/a>\n                        <\/div>\n                                                                                                    <div class=\"l-category__item\">\n                            <a class=\"l-category__link\"\n                               href=\"http:\/\/www.gsv.dk\/uddannelse-kom-pa-kursus-hos-gsv\/\"\n                               target=\"\"\n                               aria-label=\"L\u00e6s mere om Lifte\">\n\n                                                                    <div class=\"l-category__image\">\n                                        \n            <picture>\n                \n                <img loading=\"lazy\" decoding=\"async\" src=\"https:\/\/www.gsv.dk\/content\/uploads\/2019\/11\/Produkt-1-Magni-ES1008-1920x1080px-280x160.png\" alt=\"\" title=\"Lej Magni ES1008 saxlift p\u00e5 batteri hos GSV\" width=\"280\" height=\"160\">\n            <\/picture>\n                                    <\/div>\n                                \n                                <span class=\"l-category__item-title\">Lifts<\/span>\n\n                                <div class=\"l-category__arrow\">\n                                    <svg xmlns=\"http:\/\/www.w3.org\/2000\/svg\" viewbox=\"0 0 31 31\" class=\"\"><path d=\"M15.5 0C24.06 0 31 6.94 31 15.5 31 24.06 24.06 31 15.5 31 6.94 31 0 24.06 0 15.5 0 6.94 6.94 0 15.5 0zm0 .969C7.475.969.969 7.475.969 15.5S7.475 30.031 15.5 30.031 30.031 23.525 30.031 15.5 23.525.969 15.5.969zM13.323 8l6.977 6.846a.922.922 0 01.077 1.22l-.082.092L13.323 23 12 21.694l6.311-6.194L12 9.306 13.323 8z\"\/><\/svg>\n                                <\/div>\n                            <\/a>\n                        <\/div>\n                                                <\/div>\n\n                    <\/div>\n    <\/div>\n\n      <\/div>\n<div\n  class=\"block core-block core-block--paragraph\"\n   id=\"paragraph-4\"  \n>\n      <div class=\"inner inner--small\">\n            \n<p>Det er vi kede af men m\u00e5ske vi kan hj\u00e6lpe dig videre&#8230;<\/p>\n\n          <\/div>\n  <\/div>\n<div\n  class=\"block core-block core-block--paragraph\"\n   id=\"paragraph-5\"  \n>\n      <div class=\"inner inner--small\">\n            \n<p>Quare, quoniam de primis naturae commodis satis dietum est nunc de maioribus consequentibusque videamus. Profectus in exilium Tubulus statim nec respondere ausus; Nam his libris eum malo quam reliquo ornatu villae delectari. Cupit enim d\u00edcere nihil posse ad beatam vitam deesse sapienti. Istam voluptatem perpetuam quis potest praestare sapienti? In qua si nihil est praeter rationem, sit in una virtute finis bonorum; Primum quid tu dicis breve? Equidem e Cn. Sed ad bona praeterita redeamus. Qui potest igitur habitare in beata vita summi mali metus? Et quidem saepe quaerimus verbum Latinum par Graeco et quod idem valeat; Ergo id est convenienter naturae vivere, a natura discedere. <\/p>\n\n          <\/div>\n  <\/div>\n<div\n  class=\"block core-block core-block--paragraph\"\n   id=\"paragraph-6\"  \n>\n      <div class=\"inner inner--small\">\n            \n<p>Ut id aliis narrare gestiant? Habent enim et bene longam et satis litigiosam disputationem. Qui convenit? Idemne, quod iucunde? Hoc ille tuus non vult omnibusque ex rebus voluptatem quasi mercedem exigit. Expressa vero in iis aetatibus, quae iam confirmatae sunt. Nihilo beatiorem esse Metellum quam Regulum. Inde sermone vario [redacted] illa a Dipylo stadia confecimus. Levatio igitur vitiorum magna fit in iis, qui habent ad virtutem progressionis aliquantum. <\/p>\n\n          <\/div>\n  <\/div>","protected":false},"excerpt":{"rendered":"<p>Vi kunne ikke lige finde den side du s\u00f8ger&#8230; Det er vi kede af men m\u00e5ske vi kan hj\u00e6lpe dig videre&#8230; Quare, quoniam de primis naturae commodis satis dietum est nunc de maioribus consequentibusque videamus. Profectus in exilium Tubulus statim nec respondere ausus; Nam his libris eum malo quam reliquo ornatu villae delectari. Cupit enim [&hellip;]<\/p>","protected":false},"author":1,"featured_media":0,"parent":0,"menu_order":68,"comment_status":"closed","ping_status":"closed","template":"","meta":{"_acf_changed":false,"footnotes":""},"class_list":["post-2152","page","type-page","status-publish","hentry"],"acf":[],"yoast_head":"<!-- This site is optimized with the Yoast SEO plugin v25.9 - https:\/\/yoast.com\/wordpress\/plugins\/seo\/ -->\n<title>404 | GSV<\/title>\n<meta name=\"robots\" content=\"index, follow, max-snippet:-1, max-image-preview:large, max-video-preview:-1\" \/>\n<link rel=\"canonical\" href=\"https:\/\/www.gsv.dk\/en\/not-found\/\" \/>\n<meta property=\"og:locale\" content=\"en_GB\" \/>\n<meta property=\"og:type\" content=\"article\" \/>\n<meta property=\"og:title\" content=\"404 | GSV\" \/>\n<meta property=\"og:description\" content=\"Vi kunne ikke lige finde den side du s\u00f8ger&#8230; Det er vi kede af men m\u00e5ske vi kan hj\u00e6lpe dig videre&#8230; Quare, quoniam de primis naturae commodis satis dietum est nunc de maioribus consequentibusque videamus. Profectus in exilium Tubulus statim nec respondere ausus; Nam his libris eum malo quam reliquo ornatu villae delectari. Cupit enim [&hellip;]\" \/>\n<meta property=\"og:url\" content=\"https:\/\/www.gsv.dk\/en\/not-found\/\" \/>\n<meta property=\"og:site_name\" content=\"GSV\" \/>\n<meta property=\"article:publisher\" content=\"https:\/\/www.facebook.com\/gsvmaterieludlejning\/\" \/>\n<meta property=\"article:modified_time\" content=\"2022-09-27T12:28:02+00:00\" \/>\n<meta property=\"og:image\" content=\"https:\/\/www.gsv.dk\/content\/uploads\/2020\/01\/logo-300x134.png\" \/>\n\t<meta property=\"og:image:width\" content=\"300\" \/>\n\t<meta property=\"og:image:height\" content=\"134\" \/>\n\t<meta property=\"og:image:type\" content=\"image\/png\" \/>\n<meta name=\"twitter:card\" content=\"summary_large_image\" \/>\n<meta name=\"twitter:site\" content=\"@GsvMateriel\" \/>\n<meta name=\"twitter:label1\" content=\"Est. reading time\" \/>\n\t<meta name=\"twitter:data1\" content=\"1 minute\" \/>\n<script type=\"application\/ld+json\" class=\"yoast-schema-graph\">{\"@context\":\"https:\/\/schema.org\",\"@graph\":[{\"@type\":\"WebPage\",\"@id\":\"https:\/\/www.gsv.dk\/not-found\/\",\"url\":\"https:\/\/www.gsv.dk\/not-found\/\",\"name\":\"404 | GSV\",\"isPartOf\":{\"@id\":\"https:\/\/www.gsv.dk\/#website\"},\"datePublished\":\"2019-11-04T08:18:39+00:00\",\"dateModified\":\"2022-09-27T12:28:02+00:00\",\"breadcrumb\":{\"@id\":\"https:\/\/www.gsv.dk\/not-found\/#breadcrumb\"},\"inLanguage\":\"en-GB\",\"potentialAction\":[{\"@type\":\"ReadAction\",\"target\":[\"https:\/\/www.gsv.dk\/not-found\/\"]}]},{\"@type\":\"BreadcrumbList\",\"@id\":\"https:\/\/www.gsv.dk\/not-found\/#breadcrumb\",\"itemListElement\":[{\"@type\":\"ListItem\",\"position\":1,\"name\":\"Home\",\"item\":\"https:\/\/www.gsv.dk\/\"},{\"@type\":\"ListItem\",\"position\":2,\"name\":\"404\"}]},{\"@type\":\"WebSite\",\"@id\":\"https:\/\/www.gsv.dk\/#website\",\"url\":\"https:\/\/www.gsv.dk\/\",\"name\":\"GSV\",\"description\":\"GSV materieludlejning\",\"publisher\":{\"@id\":\"https:\/\/www.gsv.dk\/#organization\"},\"potentialAction\":[{\"@type\":\"SearchAction\",\"target\":{\"@type\":\"EntryPoint\",\"urlTemplate\":\"https:\/\/www.gsv.dk\/?s={search_term_string}\"},\"query-input\":{\"@type\":\"PropertyValueSpecification\",\"valueRequired\":true,\"valueName\":\"search_term_string\"}}],\"inLanguage\":\"en-GB\"},{\"@type\":\"Organization\",\"@id\":\"https:\/\/www.gsv.dk\/#organization\",\"name\":\"GSV Materieludlejning\",\"url\":\"https:\/\/www.gsv.dk\/\",\"logo\":{\"@type\":\"ImageObject\",\"inLanguage\":\"en-GB\",\"@id\":\"https:\/\/www.gsv.dk\/#\/schema\/logo\/image\/\",\"url\":\"https:\/\/www.gsv.dk\/content\/uploads\/2020\/01\/logo-300x134.png\",\"contentUrl\":\"https:\/\/www.gsv.dk\/content\/uploads\/2020\/01\/logo-300x134.png\",\"width\":300,\"height\":134,\"caption\":\"GSV Materieludlejning\"},\"image\":{\"@id\":\"https:\/\/www.gsv.dk\/#\/schema\/logo\/image\/\"},\"sameAs\":[\"https:\/\/www.facebook.com\/gsvmaterieludlejning\/\",\"https:\/\/x.com\/GsvMateriel\",\"https:\/\/www.instagram.com\/gsv_materieludlejning\/\",\"https:\/\/www.linkedin.com\/company\/gsv-materieludlejning-a-s\",\"https:\/\/www.youtube.com\/channel\/UCDWOSIoGkwn6bPG7-Kgxqkw\"]}]}<\/script>\n<!-- \/ Yoast SEO plugin. -->","yoast_head_json":{"title":"404 | GSV","robots":{"index":"index","follow":"follow","max-snippet":"max-snippet:-1","max-image-preview":"max-image-preview:large","max-video-preview":"max-video-preview:-1"},"canonical":"https:\/\/www.gsv.dk\/en\/not-found\/","og_locale":"en_GB","og_type":"article","og_title":"404 | GSV","og_description":"Vi kunne ikke lige finde den side du s\u00f8ger&#8230; Det er vi kede af men m\u00e5ske vi kan hj\u00e6lpe dig videre&#8230; Quare, quoniam de primis naturae commodis satis dietum est nunc de maioribus consequentibusque videamus. Profectus in exilium Tubulus statim nec respondere ausus; Nam his libris eum malo quam reliquo ornatu villae delectari. Cupit enim [&hellip;]","og_url":"https:\/\/www.gsv.dk\/en\/not-found\/","og_site_name":"GSV","article_publisher":"https:\/\/www.facebook.com\/gsvmaterieludlejning\/","article_modified_time":"2022-09-27T12:28:02+00:00","og_image":[{"width":300,"height":134,"url":"https:\/\/www.gsv.dk\/content\/uploads\/2020\/01\/logo-300x134.png","type":"image\/png"}],"twitter_card":"summary_large_image","twitter_site":"@GsvMateriel","twitter_misc":{"Est. reading time":"1 minute"},"schema":{"@context":"https:\/\/schema.org","@graph":[{"@type":"WebPage","@id":"https:\/\/www.gsv.dk\/not-found\/","url":"https:\/\/www.gsv.dk\/not-found\/","name":"404 | GSV","isPartOf":{"@id":"https:\/\/www.gsv.dk\/#website"},"datePublished":"2019-11-04T08:18:39+00:00","dateModified":"2022-09-27T12:28:02+00:00","breadcrumb":{"@id":"https:\/\/www.gsv.dk\/not-found\/#breadcrumb"},"inLanguage":"en-GB","potentialAction":[{"@type":"ReadAction","target":["https:\/\/www.gsv.dk\/not-found\/"]}]},{"@type":"BreadcrumbList","@id":"https:\/\/www.gsv.dk\/not-found\/#breadcrumb","itemListElement":[{"@type":"ListItem","position":1,"name":"Home","item":"https:\/\/www.gsv.dk\/"},{"@type":"ListItem","position":2,"name":"404"}]},{"@type":"WebSite","@id":"https:\/\/www.gsv.dk\/#website","url":"https:\/\/www.gsv.dk\/","name":"GSV","description":"GSV materieludlejning","publisher":{"@id":"https:\/\/www.gsv.dk\/#organization"},"potentialAction":[{"@type":"SearchAction","target":{"@type":"EntryPoint","urlTemplate":"https:\/\/www.gsv.dk\/?s={search_term_string}"},"query-input":{"@type":"PropertyValueSpecification","valueRequired":true,"valueName":"search_term_string"}}],"inLanguage":"en-GB"},{"@type":"Organization","@id":"https:\/\/www.gsv.dk\/#organization","name":"GSV Materieludlejning","url":"https:\/\/www.gsv.dk\/","logo":{"@type":"ImageObject","inLanguage":"en-GB","@id":"https:\/\/www.gsv.dk\/#\/schema\/logo\/image\/","url":"https:\/\/www.gsv.dk\/content\/uploads\/2020\/01\/logo-300x134.png","contentUrl":"https:\/\/www.gsv.dk\/content\/uploads\/2020\/01\/logo-300x134.png","width":300,"height":134,"caption":"GSV Materieludlejning"},"image":{"@id":"https:\/\/www.gsv.dk\/#\/schema\/logo\/image\/"},"sameAs":["https:\/\/www.facebook.com\/gsvmaterieludlejning\/","https:\/\/x.com\/GsvMateriel","https:\/\/www.instagram.com\/gsv_materieludlejning\/","https:\/\/www.linkedin.com\/company\/gsv-materieludlejning-a-s","https:\/\/www.youtube.com\/channel\/UCDWOSIoGkwn6bPG7-Kgxqkw"]}]}},"_links":{"self":[{"href":"https:\/\/www.gsv.dk\/en\/wp-json\/wp\/v2\/pages\/2152","targetHints":{"allow":["GET"]}}],"collection":[{"href":"https:\/\/www.gsv.dk\/en\/wp-json\/wp\/v2\/pages"}],"about":[{"href":"https:\/\/www.gsv.dk\/en\/wp-json\/wp\/v2\/types\/page"}],"author":[{"embeddable":true,"href":"https:\/\/www.gsv.dk\/en\/wp-json\/wp\/v2\/users\/1"}],"replies":[{"embeddable":true,"href":"https:\/\/www.gsv.dk\/en\/wp-json\/wp\/v2\/comments?post=2152"}],"version-history":[{"count":1,"href":"https:\/\/www.gsv.dk\/en\/wp-json\/wp\/v2\/pages\/2152\/revisions"}],"predecessor-version":[{"id":622311,"href":"https:\/\/www.gsv.dk\/en\/wp-json\/wp\/v2\/pages\/2152\/revisions\/622311"}],"wp:attachment":[{"href":"https:\/\/www.gsv.dk\/en\/wp-json\/wp\/v2\/media?parent=2152"}],"curies":[{"name":"wp","href":"https:\/\/api.w.org\/{rel}","templated":true}]}}