{"id":214940,"date":"2019-12-09T09:02:53","date_gmt":"2019-12-09T09:02:53","guid":{"rendered":"https:\/\/www.gsv.dk\/om-gsv\/"},"modified":"2020-05-22T07:09:31","modified_gmt":"2020-05-22T07:09:31","slug":"om-gsv","status":"publish","type":"page","link":"https:\/\/www.gsv.dk\/en\/om-gsv\/","title":{"rendered":"About GSV"},"content":{"rendered":"<div\n  class=\"block acf-block acf-block--hero\"\n   id=\"acf-hero-1\"  \n>\n        <div class=\"hero\">\n                                            <div class=\"hero__image\">\n    <div class=\"hero__image-overlay\" style=\"background-color: rgba(0, 0, 0, 0.20)\"><\/div>\n    \n            <picture>\n                <source srcset=\"https:\/\/www.gsv.dk\/content\/uploads\/2019\/12\/GSV-Nordhavn.png\" media=\"(min-width: 1200px)\"><source srcset=\"https:\/\/www.gsv.dk\/content\/uploads\/2019\/12\/GSV-Nordhavn-1200x550.png\" media=\"(min-width: 900px)\"><source srcset=\"https:\/\/www.gsv.dk\/content\/uploads\/2019\/12\/GSV-Nordhavn-900x400.png\" media=\"(min-width: 600px)\"><source srcset=\"https:\/\/www.gsv.dk\/content\/uploads\/2019\/12\/GSV-Nordhavn-600x350.png\" media=\"(min-width: 414px)\">\n                <img loading=\"lazy\" decoding=\"async\" src=\"https:\/\/www.gsv.dk\/content\/uploads\/2019\/12\/GSV-Nordhavn-414x250.png\" alt=\"\" title=\"GSV-Nordhavn\" width=\"414\" height=\"250\">\n            <\/picture>\n<\/div>\n\n\n    <div class=\"hero__content\">\n                    <h1 class=\"hero__title\">\n                About GSV\n            <\/h1>\n        \n        \n            <\/div>\n                    <\/div>\n    \n    \n      <\/div>\n<div\n  class=\"block acf-block acf-block--text-block\"\n   id=\"acf-text-block-2\"  \n>\n        <div class=\"text-block\">\n    \n    <div class=\"inner inner--small\">\n        \n        \n                    <div class=\"text-block__body\" data-reveal=\"reveal\">\n                <p><span style=\"font-weight: 400;\">GSV is the leading equipment rental business in Denmark with equipment for all construction jobs. Whether you need handheld tools for a minor construction job or big machinery for building the highways, bridges and metros of Denmark.<\/span><\/p>\n\n            <\/div>\n            <\/div>\n<\/div>\n\n      <\/div>\n<div\n  class=\"block acf-block acf-block--text-block\"\n   id=\"acf-text-block-3\"  \n>\n        <div class=\"text-block\">\n    \n    <div class=\"inner inner--small\">\n        \n        \n                    <div class=\"text-block__body\" data-reveal=\"reveal\">\n                <h3><b>National service<\/b><\/h3>\n<p><span style=\"font-weight: 400;\">GSV is always close to you. With our 21 departments and 4 on-site departments spread out across the country, you always have a way to get in touch with us, no matter where you are.\u00a0<\/span><\/p>\n<p><span style=\"font-weight: 400;\">You can always call our main line: 70 12 13 15, where our team will make sure that you will be connected to the right branch, the right specialists and the right solution for your job or problem.<\/span><\/p>\n<p><span style=\"font-weight: 400;\">We are with you all the way \u2013 whether it\u2019s planned or an emergency, we have rapid response and <a href=\"https:\/\/www.gsv.dk\/en\/24-hour-service\/\">round the clock service.<\/a>\u00a0<\/span><\/p>\n<p><span style=\"font-weight: 400;\">You can find the <a href=\"https:\/\/www.gsv.dk\/en\/gsv-afdelinger\/\" target=\"_blank\" rel=\"noopener\">GSV departments<\/a> here.<\/span><\/p>\n<p>&nbsp;<\/p>\n<h3><b>Optimal solutions<\/b><\/h3>\n<p><span style=\"font-weight: 400;\">We are motivated by being able to deliver the optimal solution, and what we can do to deliver the most personal service in the business in cooperation with you. The process never stops in GSV because we always strive to do our best. To ensure that you, our customer, always have access to the right information we have digitalized our processes. At GSV, you\u2019re always the most important person in the room, and that is why we tailor solutions to your needs.<\/span><\/p>\n<p>&nbsp;<\/p>\n<h3><b>Innovative partner<\/b><\/h3>\n<p><span style=\"font-weight: 400;\">You will find an innovative partner in us, and we want to join in on the responsibility for the future of Denmark. We know how much the construction business affects the environment. That is why it is our shared responsibility to find environmentally friendly solutions for the future. We will gladly take on the responsibility for affecting the development of environment-friendly machinery for our customers. We are investing in a broad portfolio of hybrid, electric and battery powered machinery while we still work hard to ensure that our machinery will be even more environment-friendly for the sake of our customers.<\/span><\/p>\n<p>&nbsp;<\/p>\n<h3><b>Security is important<\/b><\/h3>\n<p><span style=\"font-weight: 400;\">GSV is DRA (Danish Rental Association) certified, and we\u2019re a member of <a href=\"http:\/\/www.materielsektionen.dk\/maskinkontrol\" target=\"_blank\" rel=\"noopener\">Maskinkontrolordningen<\/a>, <a href=\"http:\/\/www.materielsektionen.dk\/liftkontrol\" target=\"_blank\" rel=\"noopener\">Liftkontrolordningen<\/a> and the <a href=\"http:\/\/www.danskbyggeri.dk\/\" target=\"_blank\" rel=\"noopener\">Danish Construction Association<\/a>.\u00a0<\/span><\/p>\n<p><span style=\"font-weight: 400;\">What it means to you:\u00a0<\/span><\/p>\n<ul>\n<li style=\"font-weight: 400;\"><span style=\"font-weight: 400;\">Fewer stop-downs and a higher efficiency<\/span><\/li>\n<li style=\"font-weight: 400;\"><span style=\"font-weight: 400;\">Focus on environmentally friendly solutions<\/span><\/li>\n<li style=\"font-weight: 400;\"><span style=\"font-weight: 400;\">Increased security for your employees<\/span><\/li>\n<\/ul>\n<p><span style=\"font-weight: 400;\">A DRA certified equipment rental business is the safe choice for those who care about quality, the environment and work environment. <\/span><\/p>\n<p>&nbsp;<\/p>\n<h3><b>GSV departments all over Denmark<\/b><\/h3>\n<p><span style=\"font-weight: 400;\">GSV has 21 <a href=\"https:\/\/www.gsv.dk\/en\/gsv-afdelinger\/\" target=\"_blank\" rel=\"noopener\">permanent departments<\/a> and 4 satellite departments across Denmark. You can find all our departments here.<\/span><\/p>\n<p><span style=\"font-weight: 400;\">Our headquarters are in Hedehusene and our address is: <\/span><\/p>\n<p>GSV Materieludlejning A\/S<br \/>\nBaldersbuen 5<br \/>\n2640 Hedehusene<\/p>\n<p>T: 70 12 13 15<br \/>\nM: <a href=\"mailto:info@gsv.dk\">info@gsv.dk<\/a><\/p>\n\n            <\/div>\n            <\/div>\n<\/div>\n\n      <\/div>\n<div\n  class=\"block acf-block acf-block--quick-navigation-block has-background\"\n   id=\"acf-quick-navigation-block-4\"  \n>\n        <div class=\"quick-nav l-category l-category--light-grey has-background\">\n                    <div class=\"bgw background--light-grey\" data-reveal=\"bgw\"><\/div>\n        \n        <div class=\"inner inner--medium\">\n            \n                            <h2 class=\"l-title\" data-reveal=\"reveal\">L\u00e6r GSV at kende<\/h2>\n            \n            <div class=\"l-category__items grid-4\">\n                                                                                <div class=\"l-category__item\">\n                            <a class=\"l-category__link\"\n                               href=\"http:\/\/www.gsv.dk\/om-gsv\/vision-og-mission\/\"\n                               target=\"\"\n                               aria-label=\"L\u00e6s mere om Vision og mission\">\n\n                                                                    <div class=\"l-category__image\">\n                                        \n            <picture>\n                \n                <img loading=\"lazy\" decoding=\"async\" src=\"https:\/\/www.gsv.dk\/content\/uploads\/2019\/12\/GSV-vision-mission-TN-280x160.png\" alt=\"\" title=\"GSV-vision-mission-TN\" width=\"280\" height=\"160\">\n            <\/picture>\n                                    <\/div>\n                                \n                                <span class=\"l-category__item-title\">Vision and mission<\/span>\n\n                                <div class=\"l-category__arrow\">\n                                    <svg xmlns=\"http:\/\/www.w3.org\/2000\/svg\" viewbox=\"0 0 31 31\" class=\"\"><path d=\"M15.5 0C24.06 0 31 6.94 31 15.5 31 24.06 24.06 31 15.5 31 6.94 31 0 24.06 0 15.5 0 6.94 6.94 0 15.5 0zm0 .969C7.475.969.969 7.475.969 15.5S7.475 30.031 15.5 30.031 30.031 23.525 30.031 15.5 23.525.969 15.5.969zM13.323 8l6.977 6.846a.922.922 0 01.077 1.22l-.082.092L13.323 23 12 21.694l6.311-6.194L12 9.306 13.323 8z\"\/><\/svg>\n                                <\/div>\n                            <\/a>\n                        <\/div>\n                                                                                                    <div class=\"l-category__item\">\n                            <a class=\"l-category__link\"\n                               href=\"http:\/\/www.gsv.dk\/om-gsv\/mennesker-for-maskiner\/\"\n                               target=\"\"\n                               aria-label=\"L\u00e6s mere om Mennesker f\u00f8r maskiner\">\n\n                                                                    <div class=\"l-category__image\">\n                                        \n            <picture>\n                \n                <img loading=\"lazy\" decoding=\"async\" src=\"https:\/\/www.gsv.dk\/content\/uploads\/2019\/12\/GSV-mennesker-f\u00f8r-maskiner-TN-280x160.png\" alt=\"\" title=\"GSV-mennesker-f\u00f8r-maskiner-TN\" width=\"280\" height=\"160\">\n            <\/picture>\n                                    <\/div>\n                                \n                                <span class=\"l-category__item-title\">People first<\/span>\n\n                                <div class=\"l-category__arrow\">\n                                    <svg xmlns=\"http:\/\/www.w3.org\/2000\/svg\" viewbox=\"0 0 31 31\" class=\"\"><path d=\"M15.5 0C24.06 0 31 6.94 31 15.5 31 24.06 24.06 31 15.5 31 6.94 31 0 24.06 0 15.5 0 6.94 6.94 0 15.5 0zm0 .969C7.475.969.969 7.475.969 15.5S7.475 30.031 15.5 30.031 30.031 23.525 30.031 15.5 23.525.969 15.5.969zM13.323 8l6.977 6.846a.922.922 0 01.077 1.22l-.082.092L13.323 23 12 21.694l6.311-6.194L12 9.306 13.323 8z\"\/><\/svg>\n                                <\/div>\n                            <\/a>\n                        <\/div>\n                                                                                                    <div class=\"l-category__item\">\n                            <a class=\"l-category__link\"\n                               href=\"http:\/\/www.gsv.dk\/om-gsv\/gsv-organisation\/\"\n                               target=\"\"\n                               aria-label=\"L\u00e6s mere om Organisation\">\n\n                                                                    <div class=\"l-category__image\">\n                                        \n            <picture>\n                \n                <img loading=\"lazy\" decoding=\"async\" src=\"https:\/\/www.gsv.dk\/content\/uploads\/2019\/12\/GSV-organisation-TN-280x160.png\" alt=\"\" title=\"GSV-organisation-TN\" width=\"280\" height=\"160\">\n            <\/picture>\n                                    <\/div>\n                                \n                                <span class=\"l-category__item-title\">Organization<\/span>\n\n                                <div class=\"l-category__arrow\">\n                                    <svg xmlns=\"http:\/\/www.w3.org\/2000\/svg\" viewbox=\"0 0 31 31\" class=\"\"><path d=\"M15.5 0C24.06 0 31 6.94 31 15.5 31 24.06 24.06 31 15.5 31 6.94 31 0 24.06 0 15.5 0 6.94 6.94 0 15.5 0zm0 .969C7.475.969.969 7.475.969 15.5S7.475 30.031 15.5 30.031 30.031 23.525 30.031 15.5 23.525.969 15.5.969zM13.323 8l6.977 6.846a.922.922 0 01.077 1.22l-.082.092L13.323 23 12 21.694l6.311-6.194L12 9.306 13.323 8z\"\/><\/svg>\n                                <\/div>\n                            <\/a>\n                        <\/div>\n                                                                                                    <div class=\"l-category__item\">\n                            <a class=\"l-category__link\"\n                               href=\"http:\/\/www.gsv.dk\/om-gsv\/digitalisering\/\"\n                               target=\"\"\n                               aria-label=\"L\u00e6s mere om Digitalisering\">\n\n                                                                    <div class=\"l-category__image\">\n                                        \n            <picture>\n                \n                <img loading=\"lazy\" decoding=\"async\" src=\"https:\/\/www.gsv.dk\/content\/uploads\/2019\/12\/GSV-digitalisering-TN-280x160.png\" alt=\"\" title=\"GSV-digitalisering-TN\" width=\"280\" height=\"160\">\n            <\/picture>\n                                    <\/div>\n                                \n                                <span class=\"l-category__item-title\">Digitization<\/span>\n\n                                <div class=\"l-category__arrow\">\n                                    <svg xmlns=\"http:\/\/www.w3.org\/2000\/svg\" viewbox=\"0 0 31 31\" class=\"\"><path d=\"M15.5 0C24.06 0 31 6.94 31 15.5 31 24.06 24.06 31 15.5 31 6.94 31 0 24.06 0 15.5 0 6.94 6.94 0 15.5 0zm0 .969C7.475.969.969 7.475.969 15.5S7.475 30.031 15.5 30.031 30.031 23.525 30.031 15.5 23.525.969 15.5.969zM13.323 8l6.977 6.846a.922.922 0 01.077 1.22l-.082.092L13.323 23 12 21.694l6.311-6.194L12 9.306 13.323 8z\"\/><\/svg>\n                                <\/div>\n                            <\/a>\n                        <\/div>\n                                                                                                    <div class=\"l-category__item\">\n                            <a class=\"l-category__link\"\n                               href=\"http:\/\/www.gsv.dk\/om-gsv\/gsv-historie\/\"\n                               target=\"\"\n                               aria-label=\"L\u00e6s mere om Historie\">\n\n                                                                    <div class=\"l-category__image\">\n                                        \n            <picture>\n                \n                <img loading=\"lazy\" decoding=\"async\" src=\"https:\/\/www.gsv.dk\/content\/uploads\/2019\/12\/GSV-historie-TN-280x160.png\" alt=\"\" title=\"GSV-historie-TN\" width=\"280\" height=\"160\">\n            <\/picture>\n                                    <\/div>\n                                \n                                <span class=\"l-category__item-title\">History<\/span>\n\n                                <div class=\"l-category__arrow\">\n                                    <svg xmlns=\"http:\/\/www.w3.org\/2000\/svg\" viewbox=\"0 0 31 31\" class=\"\"><path d=\"M15.5 0C24.06 0 31 6.94 31 15.5 31 24.06 24.06 31 15.5 31 6.94 31 0 24.06 0 15.5 0 6.94 6.94 0 15.5 0zm0 .969C7.475.969.969 7.475.969 15.5S7.475 30.031 15.5 30.031 30.031 23.525 30.031 15.5 23.525.969 15.5.969zM13.323 8l6.977 6.846a.922.922 0 01.077 1.22l-.082.092L13.323 23 12 21.694l6.311-6.194L12 9.306 13.323 8z\"\/><\/svg>\n                                <\/div>\n                            <\/a>\n                        <\/div>\n                                                                                                    <div class=\"l-category__item\">\n                            <a class=\"l-category__link\"\n                               href=\"http:\/\/www.gsv.dk\/om-gsv\/gsv-dra-certificeret\/\"\n                               target=\"\"\n                               aria-label=\"L\u00e6s mere om DRA certificeret\">\n\n                                                                    <div class=\"l-category__image\">\n                                        \n            <picture>\n                \n                <img loading=\"lazy\" decoding=\"async\" src=\"https:\/\/www.gsv.dk\/content\/uploads\/2019\/12\/GSV-DRA-TN-280x160.png\" alt=\"\" title=\"GSV-DRA-TN\" width=\"280\" height=\"160\">\n            <\/picture>\n                                    <\/div>\n                                \n                                <span class=\"l-category__item-title\">DRA certified<\/span>\n\n                                <div class=\"l-category__arrow\">\n                                    <svg xmlns=\"http:\/\/www.w3.org\/2000\/svg\" viewbox=\"0 0 31 31\" class=\"\"><path d=\"M15.5 0C24.06 0 31 6.94 31 15.5 31 24.06 24.06 31 15.5 31 6.94 31 0 24.06 0 15.5 0 6.94 6.94 0 15.5 0zm0 .969C7.475.969.969 7.475.969 15.5S7.475 30.031 15.5 30.031 30.031 23.525 30.031 15.5 23.525.969 15.5.969zM13.323 8l6.977 6.846a.922.922 0 01.077 1.22l-.082.092L13.323 23 12 21.694l6.311-6.194L12 9.306 13.323 8z\"\/><\/svg>\n                                <\/div>\n                            <\/a>\n                        <\/div>\n                                                <\/div>\n\n                    <\/div>\n    <\/div>\n\n      <\/div>","protected":false},"excerpt":{"rendered":"","protected":false},"author":3,"featured_media":0,"parent":0,"menu_order":49,"comment_status":"closed","ping_status":"closed","template":"","meta":{"_acf_changed":false,"footnotes":""},"class_list":["post-214940","page","type-page","status-publish","hentry"],"acf":[],"yoast_head":"<!-- This site is optimized with the Yoast SEO plugin v25.9 - https:\/\/yoast.com\/wordpress\/plugins\/seo\/ -->\n<title>L\u00e6r mere om Danmarks st\u00f8rste materieludlejer GSV<\/title>\n<meta name=\"description\" content=\"Hos GSV finder du materiel til enhver bygge- eller anl\u00e6gsopgave. Vi er med n\u00e5r Danmark anl\u00e6gger broer, tunneler, metroer mm. Vi yder landsd\u00e6kkende service.\" \/>\n<meta name=\"robots\" content=\"index, follow, max-snippet:-1, max-image-preview:large, max-video-preview:-1\" \/>\n<link rel=\"canonical\" href=\"https:\/\/www.gsv.dk\/en\/om-gsv\/\" \/>\n<meta property=\"og:locale\" content=\"en_GB\" \/>\n<meta property=\"og:type\" content=\"article\" \/>\n<meta property=\"og:title\" content=\"L\u00e6r mere om Danmarks st\u00f8rste materieludlejer GSV\" \/>\n<meta property=\"og:description\" content=\"Hos GSV finder du materiel til enhver bygge- eller anl\u00e6gsopgave. Vi er med n\u00e5r Danmark anl\u00e6gger broer, tunneler, metroer mm. Vi yder landsd\u00e6kkende service.\" \/>\n<meta property=\"og:url\" content=\"https:\/\/www.gsv.dk\/en\/om-gsv\/\" \/>\n<meta property=\"og:site_name\" content=\"GSV\" \/>\n<meta property=\"article:publisher\" content=\"https:\/\/www.facebook.com\/gsvmaterieludlejning\/\" \/>\n<meta property=\"article:modified_time\" content=\"2020-05-22T07:09:31+00:00\" \/>\n<meta property=\"og:image\" content=\"https:\/\/www.gsv.dk\/content\/uploads\/2020\/01\/logo-300x134.png\" \/>\n\t<meta property=\"og:image:width\" content=\"300\" \/>\n\t<meta property=\"og:image:height\" content=\"134\" \/>\n\t<meta property=\"og:image:type\" content=\"image\/png\" \/>\n<meta name=\"twitter:card\" content=\"summary_large_image\" \/>\n<meta name=\"twitter:site\" content=\"@GsvMateriel\" \/>\n<script type=\"application\/ld+json\" class=\"yoast-schema-graph\">{\"@context\":\"https:\/\/schema.org\",\"@graph\":[{\"@type\":\"WebPage\",\"@id\":\"https:\/\/www.gsv.dk\/om-gsv\/\",\"url\":\"https:\/\/www.gsv.dk\/om-gsv\/\",\"name\":\"L\u00e6r mere om Danmarks st\u00f8rste materieludlejer GSV\",\"isPartOf\":{\"@id\":\"https:\/\/www.gsv.dk\/#website\"},\"datePublished\":\"2019-12-09T09:02:53+00:00\",\"dateModified\":\"2020-05-22T07:09:31+00:00\",\"description\":\"Hos GSV finder du materiel til enhver bygge- eller anl\u00e6gsopgave. Vi er med n\u00e5r Danmark anl\u00e6gger broer, tunneler, metroer mm. Vi yder landsd\u00e6kkende service.\",\"breadcrumb\":{\"@id\":\"https:\/\/www.gsv.dk\/om-gsv\/#breadcrumb\"},\"inLanguage\":\"en-GB\",\"potentialAction\":[{\"@type\":\"ReadAction\",\"target\":[\"https:\/\/www.gsv.dk\/om-gsv\/\"]}]},{\"@type\":\"BreadcrumbList\",\"@id\":\"https:\/\/www.gsv.dk\/om-gsv\/#breadcrumb\",\"itemListElement\":[{\"@type\":\"ListItem\",\"position\":1,\"name\":\"Home\",\"item\":\"https:\/\/www.gsv.dk\/\"},{\"@type\":\"ListItem\",\"position\":2,\"name\":\"About GSV\"}]},{\"@type\":\"WebSite\",\"@id\":\"https:\/\/www.gsv.dk\/#website\",\"url\":\"https:\/\/www.gsv.dk\/\",\"name\":\"GSV\",\"description\":\"GSV materieludlejning\",\"publisher\":{\"@id\":\"https:\/\/www.gsv.dk\/#organization\"},\"potentialAction\":[{\"@type\":\"SearchAction\",\"target\":{\"@type\":\"EntryPoint\",\"urlTemplate\":\"https:\/\/www.gsv.dk\/?s={search_term_string}\"},\"query-input\":{\"@type\":\"PropertyValueSpecification\",\"valueRequired\":true,\"valueName\":\"search_term_string\"}}],\"inLanguage\":\"en-GB\"},{\"@type\":\"Organization\",\"@id\":\"https:\/\/www.gsv.dk\/#organization\",\"name\":\"GSV Materieludlejning\",\"url\":\"https:\/\/www.gsv.dk\/\",\"logo\":{\"@type\":\"ImageObject\",\"inLanguage\":\"en-GB\",\"@id\":\"https:\/\/www.gsv.dk\/#\/schema\/logo\/image\/\",\"url\":\"https:\/\/www.gsv.dk\/content\/uploads\/2020\/01\/logo-300x134.png\",\"contentUrl\":\"https:\/\/www.gsv.dk\/content\/uploads\/2020\/01\/logo-300x134.png\",\"width\":300,\"height\":134,\"caption\":\"GSV Materieludlejning\"},\"image\":{\"@id\":\"https:\/\/www.gsv.dk\/#\/schema\/logo\/image\/\"},\"sameAs\":[\"https:\/\/www.facebook.com\/gsvmaterieludlejning\/\",\"https:\/\/x.com\/GsvMateriel\",\"https:\/\/www.instagram.com\/gsv_materieludlejning\/\",\"https:\/\/www.linkedin.com\/company\/gsv-materieludlejning-a-s\",\"https:\/\/www.youtube.com\/channel\/UCDWOSIoGkwn6bPG7-Kgxqkw\"]}]}<\/script>\n<!-- \/ Yoast SEO plugin. -->","yoast_head_json":{"title":"L\u00e6r mere om Danmarks st\u00f8rste materieludlejer GSV","description":"Hos GSV finder du materiel til enhver bygge- eller anl\u00e6gsopgave. Vi er med n\u00e5r Danmark anl\u00e6gger broer, tunneler, metroer mm. Vi yder landsd\u00e6kkende service.","robots":{"index":"index","follow":"follow","max-snippet":"max-snippet:-1","max-image-preview":"max-image-preview:large","max-video-preview":"max-video-preview:-1"},"canonical":"https:\/\/www.gsv.dk\/en\/om-gsv\/","og_locale":"en_GB","og_type":"article","og_title":"L\u00e6r mere om Danmarks st\u00f8rste materieludlejer GSV","og_description":"Hos GSV finder du materiel til enhver bygge- eller anl\u00e6gsopgave. Vi er med n\u00e5r Danmark anl\u00e6gger broer, tunneler, metroer mm. Vi yder landsd\u00e6kkende service.","og_url":"https:\/\/www.gsv.dk\/en\/om-gsv\/","og_site_name":"GSV","article_publisher":"https:\/\/www.facebook.com\/gsvmaterieludlejning\/","article_modified_time":"2020-05-22T07:09:31+00:00","og_image":[{"width":300,"height":134,"url":"https:\/\/www.gsv.dk\/content\/uploads\/2020\/01\/logo-300x134.png","type":"image\/png"}],"twitter_card":"summary_large_image","twitter_site":"@GsvMateriel","schema":{"@context":"https:\/\/schema.org","@graph":[{"@type":"WebPage","@id":"https:\/\/www.gsv.dk\/om-gsv\/","url":"https:\/\/www.gsv.dk\/om-gsv\/","name":"L\u00e6r mere om Danmarks st\u00f8rste materieludlejer GSV","isPartOf":{"@id":"https:\/\/www.gsv.dk\/#website"},"datePublished":"2019-12-09T09:02:53+00:00","dateModified":"2020-05-22T07:09:31+00:00","description":"Hos GSV finder du materiel til enhver bygge- eller anl\u00e6gsopgave. Vi er med n\u00e5r Danmark anl\u00e6gger broer, tunneler, metroer mm. Vi yder landsd\u00e6kkende service.","breadcrumb":{"@id":"https:\/\/www.gsv.dk\/om-gsv\/#breadcrumb"},"inLanguage":"en-GB","potentialAction":[{"@type":"ReadAction","target":["https:\/\/www.gsv.dk\/om-gsv\/"]}]},{"@type":"BreadcrumbList","@id":"https:\/\/www.gsv.dk\/om-gsv\/#breadcrumb","itemListElement":[{"@type":"ListItem","position":1,"name":"Home","item":"https:\/\/www.gsv.dk\/"},{"@type":"ListItem","position":2,"name":"About GSV"}]},{"@type":"WebSite","@id":"https:\/\/www.gsv.dk\/#website","url":"https:\/\/www.gsv.dk\/","name":"GSV","description":"GSV materieludlejning","publisher":{"@id":"https:\/\/www.gsv.dk\/#organization"},"potentialAction":[{"@type":"SearchAction","target":{"@type":"EntryPoint","urlTemplate":"https:\/\/www.gsv.dk\/?s={search_term_string}"},"query-input":{"@type":"PropertyValueSpecification","valueRequired":true,"valueName":"search_term_string"}}],"inLanguage":"en-GB"},{"@type":"Organization","@id":"https:\/\/www.gsv.dk\/#organization","name":"GSV Materieludlejning","url":"https:\/\/www.gsv.dk\/","logo":{"@type":"ImageObject","inLanguage":"en-GB","@id":"https:\/\/www.gsv.dk\/#\/schema\/logo\/image\/","url":"https:\/\/www.gsv.dk\/content\/uploads\/2020\/01\/logo-300x134.png","contentUrl":"https:\/\/www.gsv.dk\/content\/uploads\/2020\/01\/logo-300x134.png","width":300,"height":134,"caption":"GSV Materieludlejning"},"image":{"@id":"https:\/\/www.gsv.dk\/#\/schema\/logo\/image\/"},"sameAs":["https:\/\/www.facebook.com\/gsvmaterieludlejning\/","https:\/\/x.com\/GsvMateriel","https:\/\/www.instagram.com\/gsv_materieludlejning\/","https:\/\/www.linkedin.com\/company\/gsv-materieludlejning-a-s","https:\/\/www.youtube.com\/channel\/UCDWOSIoGkwn6bPG7-Kgxqkw"]}]}},"_links":{"self":[{"href":"https:\/\/www.gsv.dk\/en\/wp-json\/wp\/v2\/pages\/214940","targetHints":{"allow":["GET"]}}],"collection":[{"href":"https:\/\/www.gsv.dk\/en\/wp-json\/wp\/v2\/pages"}],"about":[{"href":"https:\/\/www.gsv.dk\/en\/wp-json\/wp\/v2\/types\/page"}],"author":[{"embeddable":true,"href":"https:\/\/www.gsv.dk\/en\/wp-json\/wp\/v2\/users\/3"}],"replies":[{"embeddable":true,"href":"https:\/\/www.gsv.dk\/en\/wp-json\/wp\/v2\/comments?post=214940"}],"version-history":[{"count":4,"href":"https:\/\/www.gsv.dk\/en\/wp-json\/wp\/v2\/pages\/214940\/revisions"}],"predecessor-version":[{"id":214946,"href":"https:\/\/www.gsv.dk\/en\/wp-json\/wp\/v2\/pages\/214940\/revisions\/214946"}],"wp:attachment":[{"href":"https:\/\/www.gsv.dk\/en\/wp-json\/wp\/v2\/media?parent=214940"}],"curies":[{"name":"wp","href":"https:\/\/api.w.org\/{rel}","templated":true}]}}