{"id":16809,"date":"2020-01-18T12:53:37","date_gmt":"2020-01-18T12:53:37","guid":{"rendered":"https:\/\/www.gsv.dk\/?page_id=16809"},"modified":"2026-04-10T07:18:59","modified_gmt":"2026-04-10T07:18:59","slug":"gsv-i-brabrand","status":"publish","type":"page","link":"https:\/\/www.gsv.dk\/en\/gsv-afdelinger\/gsv-i-brabrand\/","title":{"rendered":"GSV i Brabrand"},"content":{"rendered":"<div\n  class=\"block acf-block acf-block--hero\"\n   id=\"acf-hero-1\"  \n>\n        <div class=\"hero\">\n                                            <div class=\"hero__image\">\n    <div class=\"hero__image-overlay\" style=\"background-color: rgba(0, 0, 0, 0.0)\"><\/div>\n    \n            <picture>\n                <source srcset=\"https:\/\/www.gsv.dk\/content\/uploads\/2020\/01\/aarhus_kort.png\" media=\"(min-width: 1200px)\"><source srcset=\"https:\/\/www.gsv.dk\/content\/uploads\/2020\/01\/aarhus_kort-1200x550.png\" media=\"(min-width: 900px)\"><source srcset=\"https:\/\/www.gsv.dk\/content\/uploads\/2020\/01\/aarhus_kort-900x400.png\" media=\"(min-width: 600px)\"><source srcset=\"https:\/\/www.gsv.dk\/content\/uploads\/2020\/01\/aarhus_kort-600x350.png\" media=\"(min-width: 414px)\">\n                <img loading=\"lazy\" decoding=\"async\" src=\"https:\/\/www.gsv.dk\/content\/uploads\/2020\/01\/aarhus_kort-414x250.png\" alt=\"\" title=\"aarhus_kort\" width=\"414\" height=\"250\">\n            <\/picture>\n<\/div>\n\n\n    <div class=\"hero__content\">\n                    <h1 class=\"hero__title\">\n                GSV i Aarhus &#8211; Brabrand\n            <\/h1>\n        \n        \n            <\/div>\n                    <\/div>\n    \n    <div class=\"usp-banner usp-banner--has-3-items\">\n            <div class=\"usp-banner__wrapper\">\n                                                        <div class=\"usp-banner__item\">\n                        <div class=\"usp-banner__icon\">\n                            \n            <picture>\n                \n                <img loading=\"lazy\" decoding=\"async\" src=\"https:\/\/gsv.s3.eu-west-1.amazonaws.com\/wordpress-prod\/fyld-ikon.svg\" alt=\"\" title=\"Fyld Ikon\" width=\"10\" height=\"10\" \/>\n            <\/picture>\n                        <\/div>\n\n                        <p class=\"usp-banner__text\">\n                            Biggest rental business\n                        <\/p>\n                    <\/div>\n                                                        <div class=\"usp-banner__item\">\n                        <div class=\"usp-banner__icon\">\n                            \n            <picture>\n                \n                <img loading=\"lazy\" decoding=\"async\" src=\"https:\/\/gsv.s3.eu-west-1.amazonaws.com\/wordpress-prod\/fyld-ikon.svg\" alt=\"\" title=\"Fyld Ikon\" width=\"10\" height=\"10\" \/>\n            <\/picture>\n                        <\/div>\n\n                        <p class=\"usp-banner__text\">\n                            Overview, book &amp; unsubscribe in GSV APP\n                        <\/p>\n                    <\/div>\n                                                        <div class=\"usp-banner__item\">\n                        <div class=\"usp-banner__icon\">\n                            \n            <picture>\n                \n                <img loading=\"lazy\" decoding=\"async\" src=\"https:\/\/gsv.s3.eu-west-1.amazonaws.com\/wordpress-prod\/fyld-ikon.svg\" alt=\"\" title=\"Fyld Ikon\" width=\"10\" height=\"10\" \/>\n            <\/picture>\n                        <\/div>\n\n                        <p class=\"usp-banner__text\">\n                            Nationwide &amp; 24 hour service\n                        <\/p>\n                    <\/div>\n                            <\/div>\n        <\/div>\n    \n      <\/div>\n<div\n  class=\"block acf-block acf-block--text-block\"\n   id=\"acf-text-block-2\"  \n>\n        <div class=\"text-block text-block--light-grey has-background\">\n            <div class=\"bgw background--light-grey\" data-reveal=\"bgw\"><\/div>\n    \n    <div class=\"inner inner--small\">\n                    <span class=\"l-subtitle\" data-reveal=\"reveal\">\n                Address\n            <\/span>\n        \n                    <h2 class=\"l-title\" data-reveal=\"reveal\">GSV Materieludlejning<\/h2>\n        \n                    <div class=\"text-block__body\" data-reveal=\"reveal\">\n                <p>Edwin Rahrs Vej 79<\/p>\n<p>8220 Brabrand<\/p>\n<p>T: 86 28 85 85<\/p>\n<p>M: <a href=\"mailto:info@gsv.dk\">info@gsv.dk<\/a><\/p>\n<p>&nbsp;<\/p>\n\n            <\/div>\n            <\/div>\n<\/div>\n\n      <\/div>\n<div\n  class=\"block acf-block acf-block--text-block\"\n   id=\"acf-text-block-3\"  \n>\n        <div class=\"text-block\">\n    \n    <div class=\"inner inner--small\">\n        \n        \n                    <div class=\"text-block__body\" data-reveal=\"reveal\">\n                <h2>Opening hours<\/h2>\n<p>Man &#8211; tors: 6:30 &#8211; 16:30<\/p>\n<p>Fre: 6:30 &#8211; 15:00<\/p>\n<p>&nbsp;<\/p>\n<p><strong>\u00c6ndrede \u00e5bningstider 2026\u00a0<\/strong><\/p>\n<p>Vi har \u00e6ndrede \u00e5bningstider fra kl. 7-15 p\u00e5 f\u00f8lgende dage:<\/p>\n<ul>\n<li>1. maj<\/li>\n<li>15. maj (fredagen efter Kr. Himmelfartsdag)<\/li>\n<li>5. juni (Grundlovsdag)<\/li>\n<li>Sommerferie: Uge 27, 28, 29, 30, 31 og 32<\/li>\n<li>21. &#8211; 23. december<\/li>\n<li>28. &#8211; 30. december<\/li>\n<\/ul>\n\n            <\/div>\n            <\/div>\n<\/div>\n\n      <\/div>\n<div\n  class=\"block acf-block acf-block--content-block\"\n   id=\"acf-content-block-4\"  \n>\n        <div class=\"content-block content-block--light-grey has-background\">\n            <div class=\"bgw background--light-grey\" data-reveal=\"bgw\"><\/div>\n    \n    <div class=\"inner inner--medium\">\n        <div class=\"content-block__image image-fade\">\n            <div class=\"image-fade__container\"><\/div>\n            \n            <picture>\n                <source srcset=\"https:\/\/www.gsv.dk\/content\/uploads\/wordpress-prod\/Ralf-Larsen-575x550.jpg\" media=\"(min-width: 900px)\"><source srcset=\"https:\/\/www.gsv.dk\/content\/uploads\/wordpress-prod\/Ralf-Larsen-900x400.jpg\" media=\"(min-width: 600px)\"><source srcset=\"https:\/\/www.gsv.dk\/content\/uploads\/wordpress-prod\/Ralf-Larsen-600x350.jpg\" media=\"(min-width: 414px)\">\n                <img loading=\"lazy\" decoding=\"async\" src=\"https:\/\/www.gsv.dk\/content\/uploads\/wordpress-prod\/Ralf-Larsen-414x250.jpg\" alt=\"\" title=\"Ralf Larsen\" width=\"414\" height=\"250\">\n            <\/picture>\n        <\/div>\n\n        <div class=\"content-block__content\" data-reveal=\"reveal\">\n                            <p class=\"content-block__subtitle\">KONTAKT<\/p>\n            \n                            <h2 class=\"content-block__title\">Materiel- og maskinudlejning i Aarhus &#8211; Brabrand<\/h2>\n            \n                            <div class=\"content-block__body\">\n                    <p>If you have any questions about what equipment is the right kind for your job, you\u2019re always welcome to contact:<\/p>\n<p>Afdelingschef Ralf Larsen p\u00e5:<\/p>\n<p>T: 86 28 85 85<\/p>\n<p>M: <a href=\"mailto:Brabrandudlejning@gsv.dk\">Brabrandudlejning@gsv.dk<\/a><\/p>\n<p>&nbsp;<\/p>\n\n                <\/div>\n            \n                    <\/div>\n    <\/div>\n<\/div>\n\n      <\/div>\n<div\n  class=\"block acf-block acf-block--text-block\"\n   id=\"acf-text-block-5\"  \n>\n        <div class=\"text-block\">\n    \n    <div class=\"inner inner--small\">\n        \n                    <h2 class=\"l-title\" data-reveal=\"reveal\">Central materieludlejning i Jylland<\/h2>\n        \n                    <div class=\"text-block__body\" data-reveal=\"reveal\">\n                <p>GSV\u2019s afdeling i Aarhus fungerer som det centrale udlejningspunkt for hele Jylland. Herfra leverer vi professionel materieludlejning til b\u00e5de sm\u00e5 og store projekter p\u00e5 tv\u00e6rs af \u00f8en \u2013 fra Aarhus og Randers til Grenaa, Silkeborg, og resten af Jylland.<br \/>\nAfdelingen tilbyder et bredt sortiment af banemateriel, lifte og entrepren\u00f8rmateriel, hvilket g\u00f8r den ideel til b\u00e5de anl\u00e6gsopgaver, byggeprojekter og infrastrukturarbejde. Her kan du leje alt fra kompakte maskiner til st\u00f8rre entrepren\u00f8rudstyr, suppleret af diverse tilbeh\u00f8r til byggepladsen.<br \/>\nHvis du har brug for r\u00e5dgivning, st\u00e5r afdelingen klar til at hj\u00e6lpe med valg af materiel, s\u00e5 du f\u00e5r pr\u00e6cis de maskiner og l\u00f8sninger, der passer til din opgave.<\/p>\n<p>&nbsp;<\/p>\n<p><strong>Nem leje og mulighed for rabat<\/strong><br \/>\nVores digitale l\u00f8sninger, herunder MitGSV og GSV App, f\u00e5r du fuldt overblik over dine lejeaftaler og kan h\u00e5ndtere alt direkte online.<\/p>\n<p>Der er penge at spare, fordi du har fuldt overblik over alle dine lejeaftaler. Vi fort\u00e6ller dig hvis du har lejet maskiner du ikke bruger \u2013 vi g\u00f8r det nemt at afmelde 24\/7 eller genbestille. N\u00e5r du booker online er der altid er rabat p\u00e5 udvalgte maskiner.<\/p>\n<p>&nbsp;<\/p>\n<p><strong>Stadig god service, hvis du ringer<\/strong><br \/>\nHos GSV Aarhus f\u00e5r du p\u00e5lidelig maskinudlejning, st\u00e6rk r\u00e5dgivning og et stort udvalg af moderne materiel \u2013 lige n\u00e5r du har brug for det.<\/p>\n\n            <\/div>\n            <\/div>\n<\/div>\n\n      <\/div>\n<div\n  class=\"block acf-block acf-block--text-block\"\n   id=\"acf-text-block-6\"  \n>\n        <div class=\"text-block text-block--light-grey has-background\">\n            <div class=\"bgw background--light-grey\" data-reveal=\"bgw\"><\/div>\n    \n    <div class=\"inner inner--small\">\n        \n                    <h2 class=\"l-title\" data-reveal=\"reveal\">All GSV departments<\/h2>\n        \n                    <div class=\"text-block__body\" data-reveal=\"reveal\">\n                <p>You will find the overview of all our departments here<\/p>\n\n            <\/div>\n            <\/div>\n<\/div>\n\n      <\/div>\n<div\n  class=\"block acf-block acf-block--button\"\n   id=\"acf-button-7\"  \n>\n      <div class=\"inner inner--small\">\n            <div data-reveal=\"reveal\">\n        <a\n                        class=\"btn btn--primary-green\"\n                        title=\"All GSV departments\"\n                        aria-label=\"All GSV departments\"\n                        href=\"http:\/\/www.gsv.dk\/gsv-afdelinger\/\"\n                        rel=\"noreferrer\"\n                        target=\"\">\n                        <span>All GSV departments<\/span>\n                        <\/a>\n    <\/div>\n\n          <\/div>\n  <\/div>","protected":false},"excerpt":{"rendered":"","protected":false},"author":3,"featured_media":0,"parent":2177,"menu_order":21,"comment_status":"closed","ping_status":"closed","template":"","meta":{"_acf_changed":false,"footnotes":""},"class_list":["post-16809","page","type-page","status-publish","hentry"],"acf":[],"yoast_head":"<!-- This site is optimized with the Yoast SEO plugin v25.9 - https:\/\/yoast.com\/wordpress\/plugins\/seo\/ -->\n<title>GSV i Brabrand | GSV<\/title>\n<meta name=\"robots\" content=\"index, follow, max-snippet:-1, max-image-preview:large, max-video-preview:-1\" \/>\n<link rel=\"canonical\" href=\"https:\/\/www.gsv.dk\/en\/gsv-afdelinger\/gsv-i-brabrand\/\" \/>\n<meta property=\"og:locale\" content=\"en_GB\" \/>\n<meta property=\"og:type\" content=\"article\" \/>\n<meta property=\"og:title\" content=\"GSV i Brabrand | GSV\" \/>\n<meta property=\"og:url\" content=\"https:\/\/www.gsv.dk\/en\/gsv-afdelinger\/gsv-i-brabrand\/\" \/>\n<meta property=\"og:site_name\" content=\"GSV\" \/>\n<meta property=\"article:publisher\" content=\"https:\/\/www.facebook.com\/gsvmaterieludlejning\/\" \/>\n<meta property=\"article:modified_time\" content=\"2026-04-10T07:18:59+00:00\" \/>\n<meta property=\"og:image\" content=\"https:\/\/www.gsv.dk\/content\/uploads\/2020\/01\/logo-300x134.png\" \/>\n\t<meta property=\"og:image:width\" content=\"300\" \/>\n\t<meta property=\"og:image:height\" content=\"134\" \/>\n\t<meta property=\"og:image:type\" content=\"image\/png\" \/>\n<meta name=\"twitter:card\" content=\"summary_large_image\" \/>\n<meta name=\"twitter:site\" content=\"@GsvMateriel\" \/>\n<script type=\"application\/ld+json\" class=\"yoast-schema-graph\">{\"@context\":\"https:\/\/schema.org\",\"@graph\":[{\"@type\":\"WebPage\",\"@id\":\"https:\/\/www.gsv.dk\/gsv-afdelinger\/gsv-i-brabrand\/\",\"url\":\"https:\/\/www.gsv.dk\/gsv-afdelinger\/gsv-i-brabrand\/\",\"name\":\"GSV i Brabrand | GSV\",\"isPartOf\":{\"@id\":\"https:\/\/www.gsv.dk\/#website\"},\"datePublished\":\"2020-01-18T12:53:37+00:00\",\"dateModified\":\"2026-04-10T07:18:59+00:00\",\"breadcrumb\":{\"@id\":\"https:\/\/www.gsv.dk\/gsv-afdelinger\/gsv-i-brabrand\/#breadcrumb\"},\"inLanguage\":\"en-GB\",\"potentialAction\":[{\"@type\":\"ReadAction\",\"target\":[\"https:\/\/www.gsv.dk\/gsv-afdelinger\/gsv-i-brabrand\/\"]}]},{\"@type\":\"BreadcrumbList\",\"@id\":\"https:\/\/www.gsv.dk\/gsv-afdelinger\/gsv-i-brabrand\/#breadcrumb\",\"itemListElement\":[{\"@type\":\"ListItem\",\"position\":1,\"name\":\"Home\",\"item\":\"https:\/\/www.gsv.dk\/\"},{\"@type\":\"ListItem\",\"position\":2,\"name\":\"GSV afdelinger\",\"item\":\"https:\/\/www.gsv.dk\/gsv-afdelinger\/\"},{\"@type\":\"ListItem\",\"position\":3,\"name\":\"GSV i Brabrand\"}]},{\"@type\":\"WebSite\",\"@id\":\"https:\/\/www.gsv.dk\/#website\",\"url\":\"https:\/\/www.gsv.dk\/\",\"name\":\"GSV\",\"description\":\"GSV materieludlejning\",\"publisher\":{\"@id\":\"https:\/\/www.gsv.dk\/#organization\"},\"potentialAction\":[{\"@type\":\"SearchAction\",\"target\":{\"@type\":\"EntryPoint\",\"urlTemplate\":\"https:\/\/www.gsv.dk\/?s={search_term_string}\"},\"query-input\":{\"@type\":\"PropertyValueSpecification\",\"valueRequired\":true,\"valueName\":\"search_term_string\"}}],\"inLanguage\":\"en-GB\"},{\"@type\":\"Organization\",\"@id\":\"https:\/\/www.gsv.dk\/#organization\",\"name\":\"GSV Materieludlejning\",\"url\":\"https:\/\/www.gsv.dk\/\",\"logo\":{\"@type\":\"ImageObject\",\"inLanguage\":\"en-GB\",\"@id\":\"https:\/\/www.gsv.dk\/#\/schema\/logo\/image\/\",\"url\":\"https:\/\/www.gsv.dk\/content\/uploads\/2020\/01\/logo-300x134.png\",\"contentUrl\":\"https:\/\/www.gsv.dk\/content\/uploads\/2020\/01\/logo-300x134.png\",\"width\":300,\"height\":134,\"caption\":\"GSV Materieludlejning\"},\"image\":{\"@id\":\"https:\/\/www.gsv.dk\/#\/schema\/logo\/image\/\"},\"sameAs\":[\"https:\/\/www.facebook.com\/gsvmaterieludlejning\/\",\"https:\/\/x.com\/GsvMateriel\",\"https:\/\/www.instagram.com\/gsv_materieludlejning\/\",\"https:\/\/www.linkedin.com\/company\/gsv-materieludlejning-a-s\",\"https:\/\/www.youtube.com\/channel\/UCDWOSIoGkwn6bPG7-Kgxqkw\"]}]}<\/script>\n<!-- \/ Yoast SEO plugin. -->","yoast_head_json":{"title":"GSV i Brabrand | GSV","robots":{"index":"index","follow":"follow","max-snippet":"max-snippet:-1","max-image-preview":"max-image-preview:large","max-video-preview":"max-video-preview:-1"},"canonical":"https:\/\/www.gsv.dk\/en\/gsv-afdelinger\/gsv-i-brabrand\/","og_locale":"en_GB","og_type":"article","og_title":"GSV i Brabrand | GSV","og_url":"https:\/\/www.gsv.dk\/en\/gsv-afdelinger\/gsv-i-brabrand\/","og_site_name":"GSV","article_publisher":"https:\/\/www.facebook.com\/gsvmaterieludlejning\/","article_modified_time":"2026-04-10T07:18:59+00:00","og_image":[{"width":300,"height":134,"url":"https:\/\/www.gsv.dk\/content\/uploads\/2020\/01\/logo-300x134.png","type":"image\/png"}],"twitter_card":"summary_large_image","twitter_site":"@GsvMateriel","schema":{"@context":"https:\/\/schema.org","@graph":[{"@type":"WebPage","@id":"https:\/\/www.gsv.dk\/gsv-afdelinger\/gsv-i-brabrand\/","url":"https:\/\/www.gsv.dk\/gsv-afdelinger\/gsv-i-brabrand\/","name":"GSV i Brabrand | GSV","isPartOf":{"@id":"https:\/\/www.gsv.dk\/#website"},"datePublished":"2020-01-18T12:53:37+00:00","dateModified":"2026-04-10T07:18:59+00:00","breadcrumb":{"@id":"https:\/\/www.gsv.dk\/gsv-afdelinger\/gsv-i-brabrand\/#breadcrumb"},"inLanguage":"en-GB","potentialAction":[{"@type":"ReadAction","target":["https:\/\/www.gsv.dk\/gsv-afdelinger\/gsv-i-brabrand\/"]}]},{"@type":"BreadcrumbList","@id":"https:\/\/www.gsv.dk\/gsv-afdelinger\/gsv-i-brabrand\/#breadcrumb","itemListElement":[{"@type":"ListItem","position":1,"name":"Home","item":"https:\/\/www.gsv.dk\/"},{"@type":"ListItem","position":2,"name":"GSV afdelinger","item":"https:\/\/www.gsv.dk\/gsv-afdelinger\/"},{"@type":"ListItem","position":3,"name":"GSV i Brabrand"}]},{"@type":"WebSite","@id":"https:\/\/www.gsv.dk\/#website","url":"https:\/\/www.gsv.dk\/","name":"GSV","description":"GSV materieludlejning","publisher":{"@id":"https:\/\/www.gsv.dk\/#organization"},"potentialAction":[{"@type":"SearchAction","target":{"@type":"EntryPoint","urlTemplate":"https:\/\/www.gsv.dk\/?s={search_term_string}"},"query-input":{"@type":"PropertyValueSpecification","valueRequired":true,"valueName":"search_term_string"}}],"inLanguage":"en-GB"},{"@type":"Organization","@id":"https:\/\/www.gsv.dk\/#organization","name":"GSV Materieludlejning","url":"https:\/\/www.gsv.dk\/","logo":{"@type":"ImageObject","inLanguage":"en-GB","@id":"https:\/\/www.gsv.dk\/#\/schema\/logo\/image\/","url":"https:\/\/www.gsv.dk\/content\/uploads\/2020\/01\/logo-300x134.png","contentUrl":"https:\/\/www.gsv.dk\/content\/uploads\/2020\/01\/logo-300x134.png","width":300,"height":134,"caption":"GSV Materieludlejning"},"image":{"@id":"https:\/\/www.gsv.dk\/#\/schema\/logo\/image\/"},"sameAs":["https:\/\/www.facebook.com\/gsvmaterieludlejning\/","https:\/\/x.com\/GsvMateriel","https:\/\/www.instagram.com\/gsv_materieludlejning\/","https:\/\/www.linkedin.com\/company\/gsv-materieludlejning-a-s","https:\/\/www.youtube.com\/channel\/UCDWOSIoGkwn6bPG7-Kgxqkw"]}]}},"_links":{"self":[{"href":"https:\/\/www.gsv.dk\/en\/wp-json\/wp\/v2\/pages\/16809","targetHints":{"allow":["GET"]}}],"collection":[{"href":"https:\/\/www.gsv.dk\/en\/wp-json\/wp\/v2\/pages"}],"about":[{"href":"https:\/\/www.gsv.dk\/en\/wp-json\/wp\/v2\/types\/page"}],"author":[{"embeddable":true,"href":"https:\/\/www.gsv.dk\/en\/wp-json\/wp\/v2\/users\/3"}],"replies":[{"embeddable":true,"href":"https:\/\/www.gsv.dk\/en\/wp-json\/wp\/v2\/comments?post=16809"}],"version-history":[{"count":68,"href":"https:\/\/www.gsv.dk\/en\/wp-json\/wp\/v2\/pages\/16809\/revisions"}],"predecessor-version":[{"id":3269849,"href":"https:\/\/www.gsv.dk\/en\/wp-json\/wp\/v2\/pages\/16809\/revisions\/3269849"}],"up":[{"embeddable":true,"href":"https:\/\/www.gsv.dk\/en\/wp-json\/wp\/v2\/pages\/2177"}],"wp:attachment":[{"href":"https:\/\/www.gsv.dk\/en\/wp-json\/wp\/v2\/media?parent=16809"}],"curies":[{"name":"wp","href":"https:\/\/api.w.org\/{rel}","templated":true}]}}