{"id":15863,"date":"2020-01-17T15:31:13","date_gmt":"2020-01-17T15:31:13","guid":{"rendered":"https:\/\/www.gsv.dk\/?page_id=15863"},"modified":"2026-03-30T09:47:51","modified_gmt":"2026-03-30T09:47:51","slug":"gsv-i-greve","status":"publish","type":"page","link":"https:\/\/www.gsv.dk\/en\/gsv-afdelinger\/gsv-i-greve\/","title":{"rendered":"GSV i Greve"},"content":{"rendered":"<div\n  class=\"block acf-block acf-block--hero\"\n   id=\"acf-hero-1\"  \n>\n        <div class=\"hero\">\n                                            <div class=\"hero__image\">\n    <div class=\"hero__image-overlay\" style=\"background-color: rgba(0, 0, 0, 0.0)\"><\/div>\n    \n            <picture>\n                <source srcset=\"https:\/\/www.gsv.dk\/content\/uploads\/2020\/01\/greve_kort.png\" media=\"(min-width: 1200px)\"><source srcset=\"https:\/\/www.gsv.dk\/content\/uploads\/2020\/01\/greve_kort-1200x550.png\" media=\"(min-width: 900px)\"><source srcset=\"https:\/\/www.gsv.dk\/content\/uploads\/2020\/01\/greve_kort-900x400.png\" media=\"(min-width: 600px)\"><source srcset=\"https:\/\/www.gsv.dk\/content\/uploads\/2020\/01\/greve_kort-600x350.png\" media=\"(min-width: 414px)\">\n                <img loading=\"lazy\" decoding=\"async\" src=\"https:\/\/www.gsv.dk\/content\/uploads\/2020\/01\/greve_kort-414x250.png\" alt=\"\" title=\"greve_kort\" width=\"414\" height=\"250\">\n            <\/picture>\n<\/div>\n\n\n    <div class=\"hero__content\">\n                    <h1 class=\"hero__title\">\n                GSV i Greve\n            <\/h1>\n        \n        \n            <\/div>\n                    <\/div>\n    \n    <div class=\"usp-banner usp-banner--has-3-items\">\n            <div class=\"usp-banner__wrapper\">\n                                                        <div class=\"usp-banner__item\">\n                        <div class=\"usp-banner__icon\">\n                            \n            <picture>\n                \n                <img loading=\"lazy\" decoding=\"async\" src=\"https:\/\/gsv.s3.eu-west-1.amazonaws.com\/wordpress-prod\/fyld-ikon.svg\" alt=\"\" title=\"Fyld Ikon\" width=\"10\" height=\"10\" \/>\n            <\/picture>\n                        <\/div>\n\n                        <p class=\"usp-banner__text\">\n                            Biggest rental business\n                        <\/p>\n                    <\/div>\n                                                        <div class=\"usp-banner__item\">\n                        <div class=\"usp-banner__icon\">\n                            \n            <picture>\n                \n                <img loading=\"lazy\" decoding=\"async\" src=\"https:\/\/gsv.s3.eu-west-1.amazonaws.com\/wordpress-prod\/fyld-ikon.svg\" alt=\"\" title=\"Fyld Ikon\" width=\"10\" height=\"10\" \/>\n            <\/picture>\n                        <\/div>\n\n                        <p class=\"usp-banner__text\">\n                            Overview, book &amp; unsubscribe in GSV APP\n                        <\/p>\n                    <\/div>\n                                                        <div class=\"usp-banner__item\">\n                        <div class=\"usp-banner__icon\">\n                            \n            <picture>\n                \n                <img loading=\"lazy\" decoding=\"async\" src=\"https:\/\/gsv.s3.eu-west-1.amazonaws.com\/wordpress-prod\/fyld-ikon.svg\" alt=\"\" title=\"Fyld Ikon\" width=\"10\" height=\"10\" \/>\n            <\/picture>\n                        <\/div>\n\n                        <p class=\"usp-banner__text\">\n                            Nationwide &amp; 24 hour service\n                        <\/p>\n                    <\/div>\n                            <\/div>\n        <\/div>\n    \n      <\/div>\n<div\n  class=\"block acf-block acf-block--text-block\"\n   id=\"acf-text-block-2\"  \n>\n        <div class=\"text-block text-block--light-grey has-background\">\n            <div class=\"bgw background--light-grey\" data-reveal=\"bgw\"><\/div>\n    \n    <div class=\"inner inner--small\">\n                    <span class=\"l-subtitle\" data-reveal=\"reveal\">\n                Address\n            <\/span>\n        \n                    <h2 class=\"l-title\" data-reveal=\"reveal\">GSV Materieludlejning<\/h2>\n        \n                    <div class=\"text-block__body\" data-reveal=\"reveal\">\n                <p>Hundigevej 85<\/p>\n<p>2670 Greve<\/p>\n<p>T: 43 99 72 74<\/p>\n<p>M: <a href=\"mailto:info@gsv.dk\">info@gsv.dk<\/a><\/p>\n<p>&nbsp;<\/p>\n\n            <\/div>\n            <\/div>\n<\/div>\n\n      <\/div>\n<div\n  class=\"block acf-block acf-block--text-block\"\n   id=\"acf-text-block-3\"  \n>\n        <div class=\"text-block\">\n    \n    <div class=\"inner inner--small\">\n        \n        \n                    <div class=\"text-block__body\" data-reveal=\"reveal\">\n                <h2>Opening hours<\/h2>\n<p>Man &#8211; tors: 6:00 &#8211; 16:30<\/p>\n<p>Fre: 6:00 &#8211; 15:00<\/p>\n<p>&nbsp;<\/p>\n<p><strong>\u00c6ndrede \u00e5bningstider 2026\u00a0<\/strong><\/p>\n<p>Vi har \u00e6ndrede \u00e5bningstider fra kl. 7-15 p\u00e5 f\u00f8lgende dage:<\/p>\n<ul>\n<li>1. maj<\/li>\n<li>15. maj (fredagen efter Kr. Himmelfartsdag)<\/li>\n<li>5. juni (Grundlovsdag)<\/li>\n<li>Sommerferie: Uge 27, 28, 29, 30, 31 og 32<\/li>\n<li>21. &#8211; 23. december<\/li>\n<li>28. &#8211; 30. december<\/li>\n<\/ul>\n<p>&nbsp;<\/p>\n\n            <\/div>\n            <\/div>\n<\/div>\n\n      <\/div>\n<div\n  class=\"block acf-block acf-block--content-block\"\n   id=\"acf-content-block-4\"  \n>\n        <div class=\"content-block content-block--light-grey has-background\">\n            <div class=\"bgw background--light-grey\" data-reveal=\"bgw\"><\/div>\n    \n    <div class=\"inner inner--medium\">\n        <div class=\"content-block__image image-fade\">\n            <div class=\"image-fade__container\"><\/div>\n            \n            <picture>\n                <source srcset=\"https:\/\/www.gsv.dk\/content\/uploads\/wordpress-prod\/Palle-Thuge-575x550.jpg\" media=\"(min-width: 900px)\"><source srcset=\"https:\/\/www.gsv.dk\/content\/uploads\/wordpress-prod\/Palle-Thuge-900x400.jpg\" media=\"(min-width: 600px)\"><source srcset=\"https:\/\/www.gsv.dk\/content\/uploads\/wordpress-prod\/Palle-Thuge-600x350.jpg\" media=\"(min-width: 414px)\">\n                <img loading=\"lazy\" decoding=\"async\" src=\"https:\/\/www.gsv.dk\/content\/uploads\/wordpress-prod\/Palle-Thuge-414x250.jpg\" alt=\"\" title=\"Palle Thuge\" width=\"414\" height=\"250\">\n            <\/picture>\n        <\/div>\n\n        <div class=\"content-block__content\" data-reveal=\"reveal\">\n                            <p class=\"content-block__subtitle\">Contact<\/p>\n            \n                            <h2 class=\"content-block__title\">Materiel- og maskinudlejning i Greve<\/h2>\n            \n                            <div class=\"content-block__body\">\n                    <p>Udlejningschef:<strong> Palle Thuge<\/strong><\/p>\n<p>If you have any questions about what equipment is the right kind for your job, you\u2019re always welcome to contact:<\/p>\n<p>Afdelingen p\u00e5<\/p>\n<p>Tlf.: 70 12 13 15<\/p>\n\n                <\/div>\n            \n                    <\/div>\n    <\/div>\n<\/div>\n\n      <\/div>\n<div\n  class=\"block acf-block acf-block--quick-navigation-block\"\n   id=\"acf-quick-navigation-block-5\"  \n>\n        <div class=\"quick-nav l-category\">\n        \n        <div class=\"inner inner--medium\">\n                            <span class=\"l-subtitle\" data-reveal=\"reveal\">Udlejningsprodukter i Greve<\/span>\n            \n                            <h2 class=\"l-title\" data-reveal=\"reveal\">Lifte, entrepren\u00f8rmateriel og arbejdsplatforme<\/h2>\n            \n            <div class=\"l-category__items grid-4\">\n                                                                                <div class=\"l-category__item\">\n                            <a class=\"l-category__link\"\n                               href=\"http:\/\/www.gsv.dk\/product-category\/lifte\/\"\n                               target=\"\"\n                               aria-label=\"L\u00e6s mere om Lifte\">\n\n                                                                    <div class=\"l-category__image\">\n                                        \n            <picture>\n                \n                <img loading=\"lazy\" decoding=\"async\" src=\"https:\/\/www.gsv.dk\/content\/uploads\/2019\/11\/Produkt-1-Magni-ES1008-1920x1080px-280x160.png\" alt=\"\" title=\"Lej Magni ES1008 saxlift p\u00e5 batteri hos GSV\" width=\"280\" height=\"160\">\n            <\/picture>\n                                    <\/div>\n                                \n                                <span class=\"l-category__item-title\">Lifts<\/span>\n\n                                <div class=\"l-category__arrow\">\n                                    <svg xmlns=\"http:\/\/www.w3.org\/2000\/svg\" viewbox=\"0 0 31 31\" class=\"\"><path d=\"M15.5 0C24.06 0 31 6.94 31 15.5 31 24.06 24.06 31 15.5 31 6.94 31 0 24.06 0 15.5 0 6.94 6.94 0 15.5 0zm0 .969C7.475.969.969 7.475.969 15.5S7.475 30.031 15.5 30.031 30.031 23.525 30.031 15.5 23.525.969 15.5.969zM13.323 8l6.977 6.846a.922.922 0 01.077 1.22l-.082.092L13.323 23 12 21.694l6.311-6.194L12 9.306 13.323 8z\"\/><\/svg>\n                                <\/div>\n                            <\/a>\n                        <\/div>\n                                                                                                    <div class=\"l-category__item\">\n                            <a class=\"l-category__link\"\n                               href=\"\/product-category\/let-anlaeg\/dumpere-under-8-ton\/\"\n                               target=\"\"\n                               aria-label=\"L\u00e6s mere om Dumpere\">\n\n                                                                    <div class=\"l-category__image\">\n                                        \n            <picture>\n                \n                <img loading=\"lazy\" decoding=\"async\" src=\"https:\/\/www.gsv.dk\/content\/uploads\/2019\/11\/Produkt-1-Wacker-Neuson-DW15E-1920x1080px-280x160.png\" alt=\"\" title=\"Produkt-1-Wacker-Neuson-DW15E-1920x1080px\" width=\"280\" height=\"160\">\n            <\/picture>\n                                    <\/div>\n                                \n                                <span class=\"l-category__item-title\">Dumpere<\/span>\n\n                                <div class=\"l-category__arrow\">\n                                    <svg xmlns=\"http:\/\/www.w3.org\/2000\/svg\" viewbox=\"0 0 31 31\" class=\"\"><path d=\"M15.5 0C24.06 0 31 6.94 31 15.5 31 24.06 24.06 31 15.5 31 6.94 31 0 24.06 0 15.5 0 6.94 6.94 0 15.5 0zm0 .969C7.475.969.969 7.475.969 15.5S7.475 30.031 15.5 30.031 30.031 23.525 30.031 15.5 23.525.969 15.5.969zM13.323 8l6.977 6.846a.922.922 0 01.077 1.22l-.082.092L13.323 23 12 21.694l6.311-6.194L12 9.306 13.323 8z\"\/><\/svg>\n                                <\/div>\n                            <\/a>\n                        <\/div>\n                                                                                                    <div class=\"l-category__item\">\n                            <a class=\"l-category__link\"\n                               href=\"http:\/\/www.gsv.dk\/gsv-i-kobenhavn\/\"\n                               target=\"\"\n                               aria-label=\"L\u00e6s mere om Gravemaskiner\">\n\n                                                                    <div class=\"l-category__image\">\n                                        \n            <picture>\n                \n                <img loading=\"lazy\" decoding=\"async\" src=\"https:\/\/www.gsv.dk\/content\/uploads\/2019\/11\/Produkt-1-Volvo-EW140D-1920x1080px-280x160.png\" alt=\"\" title=\"Produkt-1-Volvo-EW140D-1920x1080px\" width=\"280\" height=\"160\">\n            <\/picture>\n                                    <\/div>\n                                \n                                <span class=\"l-category__item-title\">Gravemaskiner<\/span>\n\n                                <div class=\"l-category__arrow\">\n                                    <svg xmlns=\"http:\/\/www.w3.org\/2000\/svg\" viewbox=\"0 0 31 31\" class=\"\"><path d=\"M15.5 0C24.06 0 31 6.94 31 15.5 31 24.06 24.06 31 15.5 31 6.94 31 0 24.06 0 15.5 0 6.94 6.94 0 15.5 0zm0 .969C7.475.969.969 7.475.969 15.5S7.475 30.031 15.5 30.031 30.031 23.525 30.031 15.5 23.525.969 15.5.969zM13.323 8l6.977 6.846a.922.922 0 01.077 1.22l-.082.092L13.323 23 12 21.694l6.311-6.194L12 9.306 13.323 8z\"\/><\/svg>\n                                <\/div>\n                            <\/a>\n                        <\/div>\n                                                                                                    <div class=\"l-category__item\">\n                            <a class=\"l-category__link\"\n                               href=\"\/product-category\/arbejdsplatforme\/\"\n                               target=\"_blank\"\n                               aria-label=\"L\u00e6s mere om Arbejdsplatforme\">\n\n                                                                    <div class=\"l-category__image\">\n                                        \n            <picture>\n                \n                <img loading=\"lazy\" decoding=\"async\" src=\"https:\/\/www.gsv.dk\/content\/uploads\/2019\/12\/Arbejdsplatform-280x160.png\" alt=\"\" title=\"Arbejdsplatform\" width=\"280\" height=\"160\">\n            <\/picture>\n                                    <\/div>\n                                \n                                <span class=\"l-category__item-title\">Work platforms<\/span>\n\n                                <div class=\"l-category__arrow\">\n                                    <svg xmlns=\"http:\/\/www.w3.org\/2000\/svg\" viewbox=\"0 0 31 31\" class=\"\"><path d=\"M15.5 0C24.06 0 31 6.94 31 15.5 31 24.06 24.06 31 15.5 31 6.94 31 0 24.06 0 15.5 0 6.94 6.94 0 15.5 0zm0 .969C7.475.969.969 7.475.969 15.5S7.475 30.031 15.5 30.031 30.031 23.525 30.031 15.5 23.525.969 15.5.969zM13.323 8l6.977 6.846a.922.922 0 01.077 1.22l-.082.092L13.323 23 12 21.694l6.311-6.194L12 9.306 13.323 8z\"\/><\/svg>\n                                <\/div>\n                            <\/a>\n                        <\/div>\n                                                <\/div>\n\n                            <div class=\"l-category__button\">\n                    <a\n                        class=\"btn btn--primary-green\"\n                        title=\"See the entire product catalogue\"\n                        aria-label=\"See the entire product catalogue\"\n                        href=\"https:\/\/www.gsv.dk\/produkter\/\"\n                        rel=\"noreferrer\"\n                        target=\"\">\n                        <span>See the entire product catalogue<\/span>\n                        <\/a>\n                <\/div>\n                    <\/div>\n    <\/div>\n\n      <\/div>\n<div\n  class=\"block acf-block acf-block--text-block\"\n   id=\"acf-text-block-6\"  \n>\n        <div class=\"text-block\">\n    \n    <div class=\"inner inner--small\">\n        \n                    <h2 class=\"l-title\" data-reveal=\"reveal\">Nordeuropas st\u00f8rste udlejningssite<\/h2>\n        \n                    <div class=\"text-block__body\" data-reveal=\"reveal\">\n                <p>GSV\u2019s afdeling i Greve tilbyder professionel udlejning af maskiner og materiel til hele Sj\u00e6lland. Her kan b\u00e5de private kunder, h\u00e5ndv\u00e6rkere, entrepren\u00f8rer og virksomheder leje moderne og driftssikre maskiner til alle typer bygge\u2011 og anl\u00e6gsprojekter.<\/p>\n<p>Fra Greve d\u00e6kker vi omr\u00e5der som Roskilde, K\u00f8ge, Ringsted og resten af Sj\u00e6lland, s\u00e5 du altid kan f\u00e5 hurtigt leveret det n\u00f8dvendige materiel t\u00e6t p\u00e5 din byggeplads. Vores udvalg sp\u00e6nder bredt \u2013 fra gravemaskiner, dozere og lifte til gr\u00f8nt materiel og sk\u00e6remaskiner.<\/p>\n<p>Afdelingen i Greve er kendt for h\u00f8j kvalitet, fleksibel udlejning og hurtig service. Vi hj\u00e6lper dig med at v\u00e6lge det rette udstyr, s\u00e5 dit projekt kan udf\u00f8res effektivt og sikkert.<\/p>\n<p><strong>Nem leje og mulighed for rabat<\/strong><\/p>\n<p>Med vores digitale l\u00f8sninger, herunder MitGSV og GSV App, f\u00e5r du fuldt overblik over dine lejeaftaler og kan h\u00e5ndtere alt direkte online.<\/p>\n<p>Der er penge at spare, fordi du har fuldt overblik over alle dine lejeaftaler. Vi fort\u00e6ller dig hvis du har lejet maskiner du ikke bruger &#8211; vi g\u00f8r det nemt at afmelde 24\/7 eller genbestille. N\u00e5r du booker online er der altid er rabat p\u00e5 udvalgte maskiner.<\/p>\n<p><strong>Stadig god service, hvis du ringer<\/strong><\/p>\n<p>Hos GSV Greve f\u00e5r du p\u00e5lidelig maskinudlejning, st\u00e6rk r\u00e5dgivning og et stort udvalg af moderne materiel \u2013 lige n\u00e5r du har brug for det.<\/p>\n\n            <\/div>\n            <\/div>\n<\/div>\n\n      <\/div>\n<div\n  class=\"block acf-block acf-block--text-block\"\n   id=\"acf-text-block-7\"  \n>\n        <div class=\"text-block text-block--light-grey has-background\">\n            <div class=\"bgw background--light-grey\" data-reveal=\"bgw\"><\/div>\n    \n    <div class=\"inner inner--small\">\n        \n                    <h2 class=\"l-title\" data-reveal=\"reveal\">All GSV departments<\/h2>\n        \n                    <div class=\"text-block__body\" data-reveal=\"reveal\">\n                <p>You will find the overview of all our departments here<\/p>\n\n            <\/div>\n            <\/div>\n<\/div>\n\n      <\/div>\n<div\n  class=\"block acf-block acf-block--button\"\n   id=\"acf-button-8\"  \n>\n      <div class=\"inner inner--small\">\n            <div data-reveal=\"reveal\">\n        <a\n                        class=\"btn btn--primary-green\"\n                        title=\"All GSV departments\"\n                        aria-label=\"All GSV departments\"\n                        href=\"http:\/\/www.gsv.dk\/gsv-afdelinger\/\"\n                        rel=\"noreferrer\"\n                        target=\"\">\n                        <span>All GSV departments<\/span>\n                        <\/a>\n    <\/div>\n\n          <\/div>\n  <\/div>","protected":false},"excerpt":{"rendered":"","protected":false},"author":3,"featured_media":0,"parent":2177,"menu_order":7,"comment_status":"closed","ping_status":"closed","template":"","meta":{"_acf_changed":false,"footnotes":""},"class_list":["post-15863","page","type-page","status-publish","hentry"],"acf":[],"yoast_head":"<!-- This site is optimized with the Yoast SEO plugin v25.9 - https:\/\/yoast.com\/wordpress\/plugins\/seo\/ -->\n<title>GSV i Greve | GSV<\/title>\n<meta name=\"robots\" content=\"index, follow, max-snippet:-1, max-image-preview:large, max-video-preview:-1\" \/>\n<link rel=\"canonical\" href=\"https:\/\/www.gsv.dk\/en\/gsv-afdelinger\/gsv-i-greve\/\" \/>\n<meta property=\"og:locale\" content=\"en_GB\" \/>\n<meta property=\"og:type\" content=\"article\" \/>\n<meta property=\"og:title\" content=\"GSV i Greve | GSV\" \/>\n<meta property=\"og:url\" content=\"https:\/\/www.gsv.dk\/en\/gsv-afdelinger\/gsv-i-greve\/\" \/>\n<meta property=\"og:site_name\" content=\"GSV\" \/>\n<meta property=\"article:publisher\" content=\"https:\/\/www.facebook.com\/gsvmaterieludlejning\/\" \/>\n<meta property=\"article:modified_time\" content=\"2026-03-30T09:47:51+00:00\" \/>\n<meta property=\"og:image\" content=\"https:\/\/www.gsv.dk\/content\/uploads\/2020\/01\/logo-300x134.png\" \/>\n\t<meta property=\"og:image:width\" content=\"300\" \/>\n\t<meta property=\"og:image:height\" content=\"134\" \/>\n\t<meta property=\"og:image:type\" content=\"image\/png\" \/>\n<meta name=\"twitter:card\" content=\"summary_large_image\" \/>\n<meta name=\"twitter:site\" content=\"@GsvMateriel\" \/>\n<script type=\"application\/ld+json\" class=\"yoast-schema-graph\">{\"@context\":\"https:\/\/schema.org\",\"@graph\":[{\"@type\":\"WebPage\",\"@id\":\"https:\/\/www.gsv.dk\/gsv-afdelinger\/gsv-i-greve\/\",\"url\":\"https:\/\/www.gsv.dk\/gsv-afdelinger\/gsv-i-greve\/\",\"name\":\"GSV i Greve | GSV\",\"isPartOf\":{\"@id\":\"https:\/\/www.gsv.dk\/#website\"},\"datePublished\":\"2020-01-17T15:31:13+00:00\",\"dateModified\":\"2026-03-30T09:47:51+00:00\",\"breadcrumb\":{\"@id\":\"https:\/\/www.gsv.dk\/gsv-afdelinger\/gsv-i-greve\/#breadcrumb\"},\"inLanguage\":\"en-GB\",\"potentialAction\":[{\"@type\":\"ReadAction\",\"target\":[\"https:\/\/www.gsv.dk\/gsv-afdelinger\/gsv-i-greve\/\"]}]},{\"@type\":\"BreadcrumbList\",\"@id\":\"https:\/\/www.gsv.dk\/gsv-afdelinger\/gsv-i-greve\/#breadcrumb\",\"itemListElement\":[{\"@type\":\"ListItem\",\"position\":1,\"name\":\"Home\",\"item\":\"https:\/\/www.gsv.dk\/\"},{\"@type\":\"ListItem\",\"position\":2,\"name\":\"GSV afdelinger\",\"item\":\"https:\/\/www.gsv.dk\/gsv-afdelinger\/\"},{\"@type\":\"ListItem\",\"position\":3,\"name\":\"GSV i Greve\"}]},{\"@type\":\"WebSite\",\"@id\":\"https:\/\/www.gsv.dk\/#website\",\"url\":\"https:\/\/www.gsv.dk\/\",\"name\":\"GSV\",\"description\":\"GSV materieludlejning\",\"publisher\":{\"@id\":\"https:\/\/www.gsv.dk\/#organization\"},\"potentialAction\":[{\"@type\":\"SearchAction\",\"target\":{\"@type\":\"EntryPoint\",\"urlTemplate\":\"https:\/\/www.gsv.dk\/?s={search_term_string}\"},\"query-input\":{\"@type\":\"PropertyValueSpecification\",\"valueRequired\":true,\"valueName\":\"search_term_string\"}}],\"inLanguage\":\"en-GB\"},{\"@type\":\"Organization\",\"@id\":\"https:\/\/www.gsv.dk\/#organization\",\"name\":\"GSV Materieludlejning\",\"url\":\"https:\/\/www.gsv.dk\/\",\"logo\":{\"@type\":\"ImageObject\",\"inLanguage\":\"en-GB\",\"@id\":\"https:\/\/www.gsv.dk\/#\/schema\/logo\/image\/\",\"url\":\"https:\/\/www.gsv.dk\/content\/uploads\/2020\/01\/logo-300x134.png\",\"contentUrl\":\"https:\/\/www.gsv.dk\/content\/uploads\/2020\/01\/logo-300x134.png\",\"width\":300,\"height\":134,\"caption\":\"GSV Materieludlejning\"},\"image\":{\"@id\":\"https:\/\/www.gsv.dk\/#\/schema\/logo\/image\/\"},\"sameAs\":[\"https:\/\/www.facebook.com\/gsvmaterieludlejning\/\",\"https:\/\/x.com\/GsvMateriel\",\"https:\/\/www.instagram.com\/gsv_materieludlejning\/\",\"https:\/\/www.linkedin.com\/company\/gsv-materieludlejning-a-s\",\"https:\/\/www.youtube.com\/channel\/UCDWOSIoGkwn6bPG7-Kgxqkw\"]}]}<\/script>\n<!-- \/ Yoast SEO plugin. -->","yoast_head_json":{"title":"GSV i Greve | GSV","robots":{"index":"index","follow":"follow","max-snippet":"max-snippet:-1","max-image-preview":"max-image-preview:large","max-video-preview":"max-video-preview:-1"},"canonical":"https:\/\/www.gsv.dk\/en\/gsv-afdelinger\/gsv-i-greve\/","og_locale":"en_GB","og_type":"article","og_title":"GSV i Greve | GSV","og_url":"https:\/\/www.gsv.dk\/en\/gsv-afdelinger\/gsv-i-greve\/","og_site_name":"GSV","article_publisher":"https:\/\/www.facebook.com\/gsvmaterieludlejning\/","article_modified_time":"2026-03-30T09:47:51+00:00","og_image":[{"width":300,"height":134,"url":"https:\/\/www.gsv.dk\/content\/uploads\/2020\/01\/logo-300x134.png","type":"image\/png"}],"twitter_card":"summary_large_image","twitter_site":"@GsvMateriel","schema":{"@context":"https:\/\/schema.org","@graph":[{"@type":"WebPage","@id":"https:\/\/www.gsv.dk\/gsv-afdelinger\/gsv-i-greve\/","url":"https:\/\/www.gsv.dk\/gsv-afdelinger\/gsv-i-greve\/","name":"GSV i Greve | GSV","isPartOf":{"@id":"https:\/\/www.gsv.dk\/#website"},"datePublished":"2020-01-17T15:31:13+00:00","dateModified":"2026-03-30T09:47:51+00:00","breadcrumb":{"@id":"https:\/\/www.gsv.dk\/gsv-afdelinger\/gsv-i-greve\/#breadcrumb"},"inLanguage":"en-GB","potentialAction":[{"@type":"ReadAction","target":["https:\/\/www.gsv.dk\/gsv-afdelinger\/gsv-i-greve\/"]}]},{"@type":"BreadcrumbList","@id":"https:\/\/www.gsv.dk\/gsv-afdelinger\/gsv-i-greve\/#breadcrumb","itemListElement":[{"@type":"ListItem","position":1,"name":"Home","item":"https:\/\/www.gsv.dk\/"},{"@type":"ListItem","position":2,"name":"GSV afdelinger","item":"https:\/\/www.gsv.dk\/gsv-afdelinger\/"},{"@type":"ListItem","position":3,"name":"GSV i Greve"}]},{"@type":"WebSite","@id":"https:\/\/www.gsv.dk\/#website","url":"https:\/\/www.gsv.dk\/","name":"GSV","description":"GSV materieludlejning","publisher":{"@id":"https:\/\/www.gsv.dk\/#organization"},"potentialAction":[{"@type":"SearchAction","target":{"@type":"EntryPoint","urlTemplate":"https:\/\/www.gsv.dk\/?s={search_term_string}"},"query-input":{"@type":"PropertyValueSpecification","valueRequired":true,"valueName":"search_term_string"}}],"inLanguage":"en-GB"},{"@type":"Organization","@id":"https:\/\/www.gsv.dk\/#organization","name":"GSV Materieludlejning","url":"https:\/\/www.gsv.dk\/","logo":{"@type":"ImageObject","inLanguage":"en-GB","@id":"https:\/\/www.gsv.dk\/#\/schema\/logo\/image\/","url":"https:\/\/www.gsv.dk\/content\/uploads\/2020\/01\/logo-300x134.png","contentUrl":"https:\/\/www.gsv.dk\/content\/uploads\/2020\/01\/logo-300x134.png","width":300,"height":134,"caption":"GSV Materieludlejning"},"image":{"@id":"https:\/\/www.gsv.dk\/#\/schema\/logo\/image\/"},"sameAs":["https:\/\/www.facebook.com\/gsvmaterieludlejning\/","https:\/\/x.com\/GsvMateriel","https:\/\/www.instagram.com\/gsv_materieludlejning\/","https:\/\/www.linkedin.com\/company\/gsv-materieludlejning-a-s","https:\/\/www.youtube.com\/channel\/UCDWOSIoGkwn6bPG7-Kgxqkw"]}]}},"_links":{"self":[{"href":"https:\/\/www.gsv.dk\/en\/wp-json\/wp\/v2\/pages\/15863","targetHints":{"allow":["GET"]}}],"collection":[{"href":"https:\/\/www.gsv.dk\/en\/wp-json\/wp\/v2\/pages"}],"about":[{"href":"https:\/\/www.gsv.dk\/en\/wp-json\/wp\/v2\/types\/page"}],"author":[{"embeddable":true,"href":"https:\/\/www.gsv.dk\/en\/wp-json\/wp\/v2\/users\/3"}],"replies":[{"embeddable":true,"href":"https:\/\/www.gsv.dk\/en\/wp-json\/wp\/v2\/comments?post=15863"}],"version-history":[{"count":57,"href":"https:\/\/www.gsv.dk\/en\/wp-json\/wp\/v2\/pages\/15863\/revisions"}],"predecessor-version":[{"id":3269799,"href":"https:\/\/www.gsv.dk\/en\/wp-json\/wp\/v2\/pages\/15863\/revisions\/3269799"}],"up":[{"embeddable":true,"href":"https:\/\/www.gsv.dk\/en\/wp-json\/wp\/v2\/pages\/2177"}],"wp:attachment":[{"href":"https:\/\/www.gsv.dk\/en\/wp-json\/wp\/v2\/media?parent=15863"}],"curies":[{"name":"wp","href":"https:\/\/api.w.org\/{rel}","templated":true}]}}