{"id":1433113,"date":"2023-11-15T13:15:35","date_gmt":"2023-11-15T13:15:35","guid":{"rendered":"https:\/\/www.gsv.dk\/?page_id=1433113"},"modified":"2023-11-15T13:15:36","modified_gmt":"2023-11-15T13:15:36","slug":"key-account-manager-til-aarhus-eller-greve","status":"publish","type":"page","link":"https:\/\/www.gsv.dk\/en\/key-account-manager-til-aarhus-eller-greve\/","title":{"rendered":"Key Account Manager til Aarhus eller Greve"},"content":{"rendered":"<div\n  class=\"block acf-block acf-block--hero\"\n   id=\"acf-hero-1\"  \n>\n        <div class=\"hero\">\n                                            <div class=\"hero__image\">\n    <div class=\"hero__image-overlay\" style=\"background-color: rgba(0, 0, 0, 0.33)\"><\/div>\n    \n            <picture>\n                <source srcset=\"https:\/\/gsv-imgix.imgix.net\/wordpress-prod\/job-1440X550.png?fit=clip&#038;fm=png&#038;h=550&#038;ixlib=php-3.3.1&#038;w=1440&#038;wpsize=wide_desktop\" media=\"(min-width: 1200px)\"><source srcset=\"https:\/\/gsv-imgix.imgix.net\/wordpress-prod\/job-1440X550.png?fit=clip&#038;fm=png&#038;h=550&#038;ixlib=php-3.3.1&#038;w=1200&#038;wpsize=wide_tablet_landscape\" media=\"(min-width: 900px)\"><source srcset=\"https:\/\/gsv-imgix.imgix.net\/wordpress-prod\/job-1440X550.png?fit=clip&#038;fm=png&#038;h=400&#038;ixlib=php-3.3.1&#038;w=900&#038;wpsize=wide_tablet_portrait\" media=\"(min-width: 600px)\"><source srcset=\"https:\/\/gsv-imgix.imgix.net\/wordpress-prod\/job-1440X550.png?fit=clip&#038;fm=png&#038;h=350&#038;ixlib=php-3.3.1&#038;w=600&#038;wpsize=wide_large_phone\" media=\"(min-width: 414px)\">\n                <img loading=\"lazy\" decoding=\"async\" src=\"https:\/\/gsv-imgix.imgix.net\/wordpress-prod\/job-1440X550.png?fit=clip&#038;fm=png&#038;h=250&#038;ixlib=php-3.3.1&#038;w=414&#038;wpsize=wide_phone\" alt=\"\" title=\"Job 1440X550\" width=\"414\" height=\"250\" \/>\n            <\/picture>\n<\/div>\n\n\n    <div class=\"hero__content\">\n                    <h1 class=\"hero__title\">\n                Key Account Manager til Aarhus eller Greve \n            <\/h1>\n        \n        \n            <\/div>\n                    <\/div>\n    \n    \n      <\/div>\n<div\n  class=\"block acf-block acf-block--text-block\"\n   id=\"acf-text-block-2\"  \n>\n        <div class=\"text-block\">\n    \n    <div class=\"inner inner--small\">\n        \n                    <h2 class=\"l-title\" data-reveal=\"reveal\">Bliv en del af GSV<\/h2>\n        \n                    <div class=\"text-block__body\" data-reveal=\"reveal\">\n                <p>Br\u00e6nder du for at skabe og vedligeholde et professionelt kundenetv\u00e6rk og ser du l\u00f8sningorienteret p\u00e5 kundernes udfordringer? \u00a0Kan du holde mange bolde i luften, og styre din hverdag igennem kalenderstyring? Trives du i et arbejdsmilj\u00f8, hvor tonen er meget uformel og tempoet er h\u00f8jt? <em>S\u00e5 er det dig vi s\u00f8ger! \u00a0<\/em><\/p>\n<p><strong>Stillingen <\/strong><\/p>\n<p>Du bliver en del af vores KAM team, hvor du kommer til at arbejde t\u00e6t sammen med vores st\u00f8rste kunder og du vil agere sparringspartner for vores kunder. Din opgave er at udvikle samarbejdet og drive account planen sammen med udvalgte n\u00f8glekunder og GSV organisationen.\u00a0 Du f\u00e5r base i \u00c5rhus med Jylland som dit omr\u00e5de ELLER i Greve med Sj\u00e6lland og \u00f8erne som omr\u00e5de.<\/p>\n<p><em>\u201dDet er vigtigt for mig, at vores s\u00e6lgere virkelig kan skabe st\u00e6rke relationer og finde l\u00f8sninger sammen med kunden og derved sikre GSV den position, at vi altid vil v\u00e6re kundernes fortrukne udlejningspartner.<\/em>\u201d<br \/>\nDirekt\u00f8r Kommerciel Udvikling, Peter Fritzb\u00f8ger<\/p>\n<p><strong>Din rolle bliver blandt andet:<\/strong><\/p>\n<ul>\n<li>Udvikling af VIP\/KAM kunder p\u00e5 et strategisk niveau<\/li>\n<li>Opdateret p\u00e5 nuv\u00e6rende og fremtidige projekter hos egen kundeportof\u00f8lge<\/li>\n<li>Accountplaner for VIP\/KAM kunde samt relation og datadreven opf\u00f8lgning<\/li>\n<li>Identificere mulige partnerskaber med VIP\/KAM kunder<\/li>\n<li>Dokumentere kundedialog, opf\u00f8lgning og udvikling i CRM<\/li>\n<li>Pipelinemanagement<\/li>\n<li>Drive innovative og digitale l\u00f8sninger samt hj\u00e6lpe kunden med at opn\u00e5 ESG m\u00e5l<\/li>\n<li>Kampagner, Events etc. p\u00e5 landsplan<\/li>\n<\/ul>\n<p><strong>Vil du v\u00e6re en del af vores Salgsteam?<br \/>\n<\/strong>Vi leder efter en kollega, der har erfaring indenfor strategisk relations baseret salg og en stor interesse i at l\u00e6re alle vores maskiner at kende. Du har erfaring med salg, account management og servicering af n\u00f8glekunder. Har du ogs\u00e5 erfaring fra byggebranchen, evt. materieludlejning, er det en klar fordel.<\/p>\n<p>Du vedligeholder og udvider det gode samarbejde. Som person er du dynamisk og arbejder b\u00e5de med en personlig gennemslagskraft og en partner tankegang over for kunderne.<\/p>\n<p>Du er fleksibel, m\u00f8der folk med et smil p\u00e5 l\u00e6ben og sidst men ikke mindst, god til at m\u00f8de nye mennesker og evner tv\u00e6rg\u00e5ende samarbejde imellem afdelinger. Du g\u00e5r, som os, langt for at give vores kunder en god service, der sikrer, at vi fortsat har en h\u00f8j kundetilfredshed.<\/p>\n<p>Din tilgang til opgaverne er\u00a0l\u00f8sningsorienteret og du form\u00e5r altid at s\u00e6tte dig ind i kundens situation. Du er serviceminded og har gode kommunikative evner, der kan formidle budskaber klart og tydeligt over for mange forskellige interessenter. Du er fleksibel, m\u00f8der folk med et smil p\u00e5 l\u00e6ben og sidst men ikke mindst, god til at m\u00f8de nye mennesker og evner tv\u00e6rg\u00e5ende samarbejde imellem afdelinger om den f\u00e6lles bedste kundeoplevelse.<\/p>\n<p>Du er vant til at arbejde i Microsoft Office og CRM-systemer, samt at arbejde med opf\u00f8lgning p\u00e5 accountplaner. Du arbejder struktureret og er forhandlingsvant i skrift og tale p\u00e5 dansk og engelsk og s\u00e6tter en \u00e6re i ikke at efterlade \u201dl\u00f8se ender\u201d.<\/p>\n<p>Derudover l\u00e6gger vi v\u00e6gt p\u00e5, at du:<\/p>\n<ul>\n<li>Besidder en generel forretningsforst\u00e5else i forhold til GSVs kerneydelser<\/li>\n<li>At du er forhandlingsdygtig og har sans for godt k\u00f8bmandskab<\/li>\n<li>Godt kendskab til IT og digitale platforme og l\u00f8sninger samt Officepakken og SuperOffice<\/li>\n<li>Har gyldigt k\u00f8rekort<\/li>\n<\/ul>\n<p><strong>Ordentlig opl\u00e6ring og plads til udvikling<\/strong><\/p>\n<p>Vi tager altid godt imod nye medarbejdere i GSV. Du bliver introduceret til hele teamet og f\u00e5r et onboarding forl\u00f8b, som du selv er med til at strukturere, s\u00e5 det passer til dig. Samtidig f\u00e5r du god opl\u00e6ring af dine rutinerede kolleger, som ogs\u00e5 st\u00e5r parat til at hj\u00e6lpe og sparre p\u00e5 de enkelte opgaver. Vi hj\u00e6lper hinanden og har fokus p\u00e5 godt samarbejde, b\u00e5de i eget team og i GSV.<\/p>\n\n            <\/div>\n            <\/div>\n<\/div>\n\n      <\/div>\n<div\n  class=\"block acf-block acf-block--text-block\"\n   id=\"acf-text-block-3\"  \n>\n        <div class=\"text-block text-block--light-grey has-background\">\n            <div class=\"bgw background--light-grey\" data-reveal=\"bgw\"><\/div>\n    \n    <div class=\"inner inner--small\">\n        \n                    <h2 class=\"l-title\" data-reveal=\"reveal\">Vi ser frem til at h\u00f8re fra dig!<\/h2>\n        \n                    <div class=\"text-block__body\" data-reveal=\"reveal\">\n                <p><strong>Interesseret?<\/strong><br \/>\nEr du parat til godt socialt samv\u00e6r og udviklingsmuligheder? S\u00e5 send os en ans\u00f8gning og CV via linket nedenfor.<\/p>\n<p>Har du sp\u00f8rgsm\u00e5l til stillingen, s\u00e5 kontakt Direkt\u00f8r, Kommerciel Udvikling Peter Fritzb\u00f8ger p\u00e5 tlf. 5196 5490<\/p>\n<p>Ans\u00f8g hurtigst muligt, da vi holder samtaler l\u00f8bende.<\/p>\n<p>Grundet persondataforordningen modtager vi ikke CV og ans\u00f8gning p\u00e5 mail.<\/p>\n\n            <\/div>\n            <\/div>\n<\/div>\n\n      <\/div>\n<div\n  class=\"block acf-block acf-block--button\"\n   id=\"acf-button-4\"  \n>\n      <div class=\"inner inner--small\">\n            <div data-reveal=\"reveal\">\n        <a\n                        class=\"btn btn--primary-green\"\n                        title=\"S\u00f8g Stillingen\"\n                        aria-label=\"S\u00f8g Stillingen\"\n                        href=\"https:\/\/mkjobgsv.azurewebsites.net\/da-dk\/Application.aspx?VID=0170\"\n                        rel=\"noreferrer\"\n                        target=\"_blank\">\n                        <span>S\u00f8g Stillingen<\/span>\n                        <\/a>\n    <\/div>\n\n          <\/div>\n  <\/div>\n<div\n  class=\"block acf-block acf-block--text-block\"\n   id=\"acf-text-block-5\"  \n>\n        <div class=\"text-block text-block--light-grey has-background\">\n            <div class=\"bgw background--light-grey\" data-reveal=\"bgw\"><\/div>\n    \n    <div class=\"inner inner--small\">\n        \n                    <h2 class=\"l-title\" data-reveal=\"reveal\">About GSV<\/h2>\n        \n                    <div class=\"text-block__body\" data-reveal=\"reveal\">\n                <p>GSV er Danmarks f\u00f8rende materieludlejer med materiel til alle bygge- og anl\u00e6gsopgaver. Uanset om det drejer sig om sm\u00e5t h\u00e5ndv\u00e6rkt\u00f8j til en mindre byggeopgave eller de helt store maskiner, der skal i brug, n\u00e5r Danmarks motorveje, broer og metroer anl\u00e6gges. Vi har afdelinger i hele landet og leverer lige til d\u00f8ren eller byggepladsen.<\/p>\n<p>GSV er en innovativ samarbejdspartner og vi vil gerne v\u00e6re med til at tage ansvar for Danmarks fremtid. Hos GSV s\u00f8ger vi henimod at blive mere b\u00e6redygtige, digitaliseret og vigtigst af alt, har vi altid fokus p\u00e5 mennesker.<\/p>\n<p>L\u00e6s mere om at arbejde hos os <a href=\"https:\/\/www.gsv.dk\/job-i-gsv-2\/gsv-som-arbejdsplads\/\">her<\/a>.<\/p>\n\n            <\/div>\n            <\/div>\n<\/div>\n\n      <\/div>","protected":false},"excerpt":{"rendered":"","protected":false},"author":4423,"featured_media":0,"parent":0,"menu_order":9,"comment_status":"closed","ping_status":"closed","template":"","meta":{"_acf_changed":false,"footnotes":""},"class_list":["post-1433113","page","type-page","status-publish","hentry"],"acf":[],"yoast_head":"<!-- This site is optimized with the Yoast SEO plugin v25.9 - https:\/\/yoast.com\/wordpress\/plugins\/seo\/ -->\n<title>Key Account Manager til Aarhus eller Greve | GSV<\/title>\n<meta name=\"robots\" content=\"index, follow, max-snippet:-1, max-image-preview:large, max-video-preview:-1\" \/>\n<link rel=\"canonical\" href=\"https:\/\/www.gsv.dk\/en\/key-account-manager-til-aarhus-eller-greve\/\" \/>\n<meta property=\"og:locale\" content=\"en_GB\" \/>\n<meta property=\"og:type\" content=\"article\" \/>\n<meta property=\"og:title\" content=\"Key Account Manager til Aarhus eller Greve | GSV\" \/>\n<meta property=\"og:url\" content=\"https:\/\/www.gsv.dk\/en\/key-account-manager-til-aarhus-eller-greve\/\" \/>\n<meta property=\"og:site_name\" content=\"GSV\" \/>\n<meta property=\"article:publisher\" content=\"https:\/\/www.facebook.com\/gsvmaterieludlejning\/\" \/>\n<meta property=\"article:modified_time\" content=\"2023-11-15T13:15:36+00:00\" \/>\n<meta property=\"og:image\" content=\"https:\/\/www.gsv.dk\/content\/uploads\/2020\/01\/logo-300x134.png\" \/>\n\t<meta property=\"og:image:width\" content=\"300\" \/>\n\t<meta property=\"og:image:height\" content=\"134\" \/>\n\t<meta property=\"og:image:type\" content=\"image\/png\" \/>\n<meta name=\"twitter:card\" content=\"summary_large_image\" \/>\n<meta name=\"twitter:site\" content=\"@GsvMateriel\" \/>\n<script type=\"application\/ld+json\" class=\"yoast-schema-graph\">{\"@context\":\"https:\/\/schema.org\",\"@graph\":[{\"@type\":\"WebPage\",\"@id\":\"https:\/\/www.gsv.dk\/key-account-manager-til-aarhus-eller-greve\/\",\"url\":\"https:\/\/www.gsv.dk\/key-account-manager-til-aarhus-eller-greve\/\",\"name\":\"Key Account Manager til Aarhus eller Greve | GSV\",\"isPartOf\":{\"@id\":\"https:\/\/www.gsv.dk\/#website\"},\"datePublished\":\"2023-11-15T13:15:35+00:00\",\"dateModified\":\"2023-11-15T13:15:36+00:00\",\"breadcrumb\":{\"@id\":\"https:\/\/www.gsv.dk\/key-account-manager-til-aarhus-eller-greve\/#breadcrumb\"},\"inLanguage\":\"en-GB\",\"potentialAction\":[{\"@type\":\"ReadAction\",\"target\":[\"https:\/\/www.gsv.dk\/key-account-manager-til-aarhus-eller-greve\/\"]}]},{\"@type\":\"BreadcrumbList\",\"@id\":\"https:\/\/www.gsv.dk\/key-account-manager-til-aarhus-eller-greve\/#breadcrumb\",\"itemListElement\":[{\"@type\":\"ListItem\",\"position\":1,\"name\":\"Home\",\"item\":\"https:\/\/www.gsv.dk\/\"},{\"@type\":\"ListItem\",\"position\":2,\"name\":\"Key Account Manager til Aarhus eller Greve\"}]},{\"@type\":\"WebSite\",\"@id\":\"https:\/\/www.gsv.dk\/#website\",\"url\":\"https:\/\/www.gsv.dk\/\",\"name\":\"GSV\",\"description\":\"GSV materieludlejning\",\"publisher\":{\"@id\":\"https:\/\/www.gsv.dk\/#organization\"},\"potentialAction\":[{\"@type\":\"SearchAction\",\"target\":{\"@type\":\"EntryPoint\",\"urlTemplate\":\"https:\/\/www.gsv.dk\/?s={search_term_string}\"},\"query-input\":{\"@type\":\"PropertyValueSpecification\",\"valueRequired\":true,\"valueName\":\"search_term_string\"}}],\"inLanguage\":\"en-GB\"},{\"@type\":\"Organization\",\"@id\":\"https:\/\/www.gsv.dk\/#organization\",\"name\":\"GSV Materieludlejning\",\"url\":\"https:\/\/www.gsv.dk\/\",\"logo\":{\"@type\":\"ImageObject\",\"inLanguage\":\"en-GB\",\"@id\":\"https:\/\/www.gsv.dk\/#\/schema\/logo\/image\/\",\"url\":\"https:\/\/www.gsv.dk\/content\/uploads\/2020\/01\/logo-300x134.png\",\"contentUrl\":\"https:\/\/www.gsv.dk\/content\/uploads\/2020\/01\/logo-300x134.png\",\"width\":300,\"height\":134,\"caption\":\"GSV Materieludlejning\"},\"image\":{\"@id\":\"https:\/\/www.gsv.dk\/#\/schema\/logo\/image\/\"},\"sameAs\":[\"https:\/\/www.facebook.com\/gsvmaterieludlejning\/\",\"https:\/\/x.com\/GsvMateriel\",\"https:\/\/www.instagram.com\/gsv_materieludlejning\/\",\"https:\/\/www.linkedin.com\/company\/gsv-materieludlejning-a-s\",\"https:\/\/www.youtube.com\/channel\/UCDWOSIoGkwn6bPG7-Kgxqkw\"]}]}<\/script>\n<!-- \/ Yoast SEO plugin. -->","yoast_head_json":{"title":"Key Account Manager til Aarhus eller Greve | GSV","robots":{"index":"index","follow":"follow","max-snippet":"max-snippet:-1","max-image-preview":"max-image-preview:large","max-video-preview":"max-video-preview:-1"},"canonical":"https:\/\/www.gsv.dk\/en\/key-account-manager-til-aarhus-eller-greve\/","og_locale":"en_GB","og_type":"article","og_title":"Key Account Manager til Aarhus eller Greve | GSV","og_url":"https:\/\/www.gsv.dk\/en\/key-account-manager-til-aarhus-eller-greve\/","og_site_name":"GSV","article_publisher":"https:\/\/www.facebook.com\/gsvmaterieludlejning\/","article_modified_time":"2023-11-15T13:15:36+00:00","og_image":[{"width":300,"height":134,"url":"https:\/\/www.gsv.dk\/content\/uploads\/2020\/01\/logo-300x134.png","type":"image\/png"}],"twitter_card":"summary_large_image","twitter_site":"@GsvMateriel","schema":{"@context":"https:\/\/schema.org","@graph":[{"@type":"WebPage","@id":"https:\/\/www.gsv.dk\/key-account-manager-til-aarhus-eller-greve\/","url":"https:\/\/www.gsv.dk\/key-account-manager-til-aarhus-eller-greve\/","name":"Key Account Manager til Aarhus eller Greve | GSV","isPartOf":{"@id":"https:\/\/www.gsv.dk\/#website"},"datePublished":"2023-11-15T13:15:35+00:00","dateModified":"2023-11-15T13:15:36+00:00","breadcrumb":{"@id":"https:\/\/www.gsv.dk\/key-account-manager-til-aarhus-eller-greve\/#breadcrumb"},"inLanguage":"en-GB","potentialAction":[{"@type":"ReadAction","target":["https:\/\/www.gsv.dk\/key-account-manager-til-aarhus-eller-greve\/"]}]},{"@type":"BreadcrumbList","@id":"https:\/\/www.gsv.dk\/key-account-manager-til-aarhus-eller-greve\/#breadcrumb","itemListElement":[{"@type":"ListItem","position":1,"name":"Home","item":"https:\/\/www.gsv.dk\/"},{"@type":"ListItem","position":2,"name":"Key Account Manager til Aarhus eller Greve"}]},{"@type":"WebSite","@id":"https:\/\/www.gsv.dk\/#website","url":"https:\/\/www.gsv.dk\/","name":"GSV","description":"GSV materieludlejning","publisher":{"@id":"https:\/\/www.gsv.dk\/#organization"},"potentialAction":[{"@type":"SearchAction","target":{"@type":"EntryPoint","urlTemplate":"https:\/\/www.gsv.dk\/?s={search_term_string}"},"query-input":{"@type":"PropertyValueSpecification","valueRequired":true,"valueName":"search_term_string"}}],"inLanguage":"en-GB"},{"@type":"Organization","@id":"https:\/\/www.gsv.dk\/#organization","name":"GSV Materieludlejning","url":"https:\/\/www.gsv.dk\/","logo":{"@type":"ImageObject","inLanguage":"en-GB","@id":"https:\/\/www.gsv.dk\/#\/schema\/logo\/image\/","url":"https:\/\/www.gsv.dk\/content\/uploads\/2020\/01\/logo-300x134.png","contentUrl":"https:\/\/www.gsv.dk\/content\/uploads\/2020\/01\/logo-300x134.png","width":300,"height":134,"caption":"GSV Materieludlejning"},"image":{"@id":"https:\/\/www.gsv.dk\/#\/schema\/logo\/image\/"},"sameAs":["https:\/\/www.facebook.com\/gsvmaterieludlejning\/","https:\/\/x.com\/GsvMateriel","https:\/\/www.instagram.com\/gsv_materieludlejning\/","https:\/\/www.linkedin.com\/company\/gsv-materieludlejning-a-s","https:\/\/www.youtube.com\/channel\/UCDWOSIoGkwn6bPG7-Kgxqkw"]}]}},"_links":{"self":[{"href":"https:\/\/www.gsv.dk\/en\/wp-json\/wp\/v2\/pages\/1433113","targetHints":{"allow":["GET"]}}],"collection":[{"href":"https:\/\/www.gsv.dk\/en\/wp-json\/wp\/v2\/pages"}],"about":[{"href":"https:\/\/www.gsv.dk\/en\/wp-json\/wp\/v2\/types\/page"}],"author":[{"embeddable":true,"href":"https:\/\/www.gsv.dk\/en\/wp-json\/wp\/v2\/users\/4423"}],"replies":[{"embeddable":true,"href":"https:\/\/www.gsv.dk\/en\/wp-json\/wp\/v2\/comments?post=1433113"}],"version-history":[{"count":2,"href":"https:\/\/www.gsv.dk\/en\/wp-json\/wp\/v2\/pages\/1433113\/revisions"}],"predecessor-version":[{"id":1433115,"href":"https:\/\/www.gsv.dk\/en\/wp-json\/wp\/v2\/pages\/1433113\/revisions\/1433115"}],"wp:attachment":[{"href":"https:\/\/www.gsv.dk\/en\/wp-json\/wp\/v2\/media?parent=1433113"}],"curies":[{"name":"wp","href":"https:\/\/api.w.org\/{rel}","templated":true}]}}