{"id":1168378,"date":"2023-07-13T08:40:31","date_gmt":"2023-07-13T08:40:31","guid":{"rendered":"https:\/\/www.gsv.dk\/?page_id=1168378"},"modified":"2023-07-13T08:40:32","modified_gmt":"2023-07-13T08:40:32","slug":"qlik-konsulent-til-hedehusene","status":"publish","type":"page","link":"https:\/\/www.gsv.dk\/en\/qlik-konsulent-til-hedehusene\/","title":{"rendered":"Qlik konsulent til Hedehusene"},"content":{"rendered":"<div\n  class=\"block acf-block acf-block--hero\"\n   id=\"acf-hero-1\"  \n>\n        <div class=\"hero\">\n                                            <div class=\"hero__image\">\n    <div class=\"hero__image-overlay\" style=\"background-color: rgba(0, 0, 0, 0.33)\"><\/div>\n    \n            <picture>\n                <source srcset=\"https:\/\/gsv-imgix.imgix.net\/wordpress-prod\/NvaFPlHg-Custom-NameGSV_Kontor_DSC2280-scaled.jpg?fit=clip&#038;fm=pjpg&#038;h=550&#038;ixlib=php-3.3.1&#038;w=1440&#038;wpsize=wide_desktop\" media=\"(min-width: 1200px)\"><source srcset=\"https:\/\/gsv-imgix.imgix.net\/wordpress-prod\/NvaFPlHg-Custom-NameGSV_Kontor_DSC2280-scaled.jpg?fit=clip&#038;fm=pjpg&#038;h=550&#038;ixlib=php-3.3.1&#038;w=1200&#038;wpsize=wide_tablet_landscape\" media=\"(min-width: 900px)\"><source srcset=\"https:\/\/gsv-imgix.imgix.net\/wordpress-prod\/NvaFPlHg-Custom-NameGSV_Kontor_DSC2280-scaled.jpg?fit=clip&#038;fm=pjpg&#038;h=400&#038;ixlib=php-3.3.1&#038;w=900&#038;wpsize=wide_tablet_portrait\" media=\"(min-width: 600px)\"><source srcset=\"https:\/\/gsv-imgix.imgix.net\/wordpress-prod\/NvaFPlHg-Custom-NameGSV_Kontor_DSC2280-scaled.jpg?fit=clip&#038;fm=pjpg&#038;h=350&#038;ixlib=php-3.3.1&#038;w=600&#038;wpsize=wide_large_phone\" media=\"(min-width: 414px)\">\n                <img loading=\"lazy\" decoding=\"async\" src=\"https:\/\/gsv-imgix.imgix.net\/wordpress-prod\/NvaFPlHg-Custom-NameGSV_Kontor_DSC2280-scaled.jpg?fit=clip&#038;fm=pjpg&#038;h=250&#038;ixlib=php-3.3.1&#038;w=414&#038;wpsize=wide_phone\" alt=\"\" title=\"Custom NameGSV Kontor DSC2280\" width=\"414\" height=\"250\">\n            <\/picture>\n<\/div>\n\n\n    <div class=\"hero__content\">\n                    <h1 class=\"hero__title\">\n                Qlik konsulent til Hedehusene \n            <\/h1>\n        \n        \n            <\/div>\n                    <\/div>\n    \n    \n      <\/div>\n<div\n  class=\"block acf-block acf-block--text-block\"\n   id=\"acf-text-block-2\"  \n>\n        <div class=\"text-block\">\n    \n    <div class=\"inner inner--small\">\n        \n                    <h2 class=\"l-title\" data-reveal=\"reveal\">Bliv en del af GSV<\/h2>\n        \n                    <div class=\"text-block__body\" data-reveal=\"reveal\">\n                <p><em>Vil du med p\u00e5 en digital rejse hos Danmarks f\u00f8rende materieludlejer? Vil du v\u00e6re med i en rolle hvor du kan udfolde dig til det du er allerbedst til, og hvor det dagligt vil blive v\u00e6rdsat i et godt arbejdsmilj\u00f8?<br \/>\n<\/em><\/p>\n<p><em>S\u00e5 l\u00e6s videre, for denne rolle findes nu hos GSV, som er Danmarks f\u00f8rende materieludlejer med materiel til alle bygge- og anl\u00e6gsopgaver, beliggende i Hedehusene.<\/em><\/p>\n<p><strong>Hvem er vi<\/strong><\/p>\n<p>GSV Materieludlejning A\/S er den st\u00f8rste udlejningsvirksomhed af materiel og udstyr i Danmark, og del af Kiloutou, som er den tredje st\u00f8rste i Europa, med kunder i b\u00e5de industri\/service, bygge\/anl\u00e6g og det offentlige.<\/p>\n<p>Vi er over de sidste \u00e5r v\u00e6kstet, bl.a. via opk\u00f8b af 5 virksomheder og er g\u00e5et fra at v\u00e6re en mindre virksomhed p\u00e5 100 medarbejdere til i dag at v\u00e6re over 500 medarbejdere fordelt rundt i hele landet. I 2022 blev vi en del af Kiloutou Group, der er en fransk familievirksomhed, den 2. st\u00f8rste udbyder i Frankrig, og som ogs\u00e5 er repr\u00e6senteret i flere europ\u00e6iske lande. Vi forts\u00e6tter med vores navn og logo i Danmark, og GSV og Kiloutou har samme agenda i forhold til b\u00e6redygtighed og digitalisering. Vigtigst af alt, s\u00e5 har vi begge fokus p\u00e5 mennesker f\u00f8r maskiner.<\/p>\n<p><strong>Teamet<\/strong><\/p>\n<p>Som Qlik Konsulent vil du indg\u00e5 i et eksisterende og velfungerende team, best\u00e5ende af en anden Qlik Konsulent, 2 Business Controllere og du referer til Sune som er Director for BI &amp; Business Controlling.<\/p>\n<p>\u201dI vores afdeling er vi stolte af det, vi laver, og m\u00e5den vi g\u00f8r det p\u00e5. Vi s\u00e6tter en \u00e6re i at v\u00e6re im\u00f8dekommende og levere h\u00f8j standard og kvalitet til vores kolleger.<\/p>\n<p>Vi arbejder med fuld frihed p\u00e5 vores opgaver og der er h\u00f8jt til loftet. S\u00e5 samtidig med at vi har det sjovt og godt sammen i teamet, s\u00e5 leverer vi relevante og v\u00e6rdiskabende l\u00f8sninger til forretningen.\u201d fort\u00e6ller Director for Controlling &amp; BI Sune Johansson.<\/p>\n<p><strong>Din rolle og ansvar<\/strong><\/p>\n<p>Du vil f\u00e5 en selvst\u00e6ndig rolle hvor du skal kunne trives med at v\u00e6re i dialog med interne kunder p\u00e5 tv\u00e6rs af organisationen. Sammen med de \u00f8vrige i teamet skal du v\u00e6re med til at underst\u00f8tte beslutningsgrundlaget for ledelsen og den \u00f8vrige forretning, gennem \u00f8konomiske analyser, rapporter og n\u00f8gletal. Du vil agere sparringspartner for forretningen og masterdata teamet, og v\u00e6re med til at levere valide data til sm\u00e5 og store forretningsbeslutninger. Samtidig vil du f\u00e5 en central opgave i, at QlikView l\u00f8sningen har de n\u00f8dvendige rapporter som forretningen skal bruge. Du vil desuden indg\u00e5 i den generelle digitale udvikling for GSV.<\/p>\n<p><strong>Hvem er du<\/strong><\/p>\n<p>Din personlighed er vigtig, s\u00e5 vi finder sammen ud af om vi er det rette sted for dig, med henblik p\u00e5 et langt samarbejde til f\u00f8lge. Du skal kunne trives og f\u00e6rdes i en alsidig arbejdsdag, og du er en \u00e6gte holdspiller, har gode kommunikations- og samarbejdsevner med s\u00e5vel interne kunder som kollegaer. Du er nysgerrig, specielt p\u00e5 forretningen og processerne, er ih\u00e6rdig, resultatorienteret og vedholdende.<\/p>\n<p>Vi foretr\u00e6kker, at du:<\/p>\n<ul>\n<li>Har en god erfaring med b\u00e5de QlikView og SQL-kodning, samt data Warehouse.<\/li>\n<li>Det er en fordel, hvis du har kendskab til eller erfaring med NPrinting, Navision\/Business Central, med brug af API\u2019er og projektstyring.<\/li>\n<li>En generel forst\u00e5else for ERP systemer, vi benytter MS Dynamics NAV\/BC<\/li>\n<li>Det er samtidig en fordel, hvis du har kendskab til \u00f8konomiske analyser, rapporter og n\u00f8gletal<\/li>\n<li>Du taler og skriver dansk, og engelsk vil v\u00e6re et plus.<\/li>\n<\/ul>\n<p><strong>Vi tilbyder:<\/strong><br \/>\nEt meget selvst\u00e6ndigt og afvekslende job, i en dynamisk virksomhed med et uformelt arbejdsmilj\u00f8 og fri omgangstone. Faglig og personlig udvikling, som du i h\u00f8j grad selv er med til at skabe. Faglig sparring med kompetente kollegaer samt \u201dh\u00f8jt til loftet\u201d og korte kommandoveje.<\/p>\n<p>L\u00f8n efter kvalifikationer, og med pensions- og sundhedsordning tilknyttet. Udover en r\u00e6kke \u00f8vrige personalegoder er det v\u00e6rd at n\u00e6vne at der er stor mulighed for personlig udvikling gennem interne og eksterne kurser.<\/p>\n<p>GSV er kendetegnet ved en flad organisation, hvor alle ansatte er lige vigtige medspillere i forhold til frembringelsen af det optimale produkt. Hver underafdeling har sin spidskompetence, som ikke kan undv\u00e6res, og der s\u00e6ttes stor pris p\u00e5 den enkelte medarbejders arbejdsindsats.<\/p>\n\n            <\/div>\n            <\/div>\n<\/div>\n\n      <\/div>\n<div\n  class=\"block acf-block acf-block--text-block has-background\"\n   id=\"acf-text-block-3\"  \n>\n        <div class=\"text-block text-block--light-grey has-background\">\n            <div class=\"bgw background--light-grey\" data-reveal=\"bgw\"><\/div>\n    \n    <div class=\"inner inner--small\">\n        \n                    <h2 class=\"l-title\" data-reveal=\"reveal\">Vi ser frem til at h\u00f8re fra dig!<\/h2>\n        \n                    <div class=\"text-block__body\" data-reveal=\"reveal\">\n                <p><strong>Interesseret?<\/strong><\/p>\n<p>Vi samarbejder med HR konsulenthuset Sylvest+ p\u00e5 denne stilling, og hvis du har sp\u00f8rgsm\u00e5l, er du velkommen til at kontakte HR Business Partner Thomas Sylvest p\u00e5\u00a0<a href=\"mailto:thomas@sylvestplus.dk\">thomas@sylvestplus.dk<\/a>\u00a0eller +45 6057 6500.<\/p>\n\n            <\/div>\n            <\/div>\n<\/div>\n\n      <\/div>","protected":false},"excerpt":{"rendered":"","protected":false},"author":4423,"featured_media":0,"parent":0,"menu_order":9,"comment_status":"closed","ping_status":"closed","template":"","meta":{"_acf_changed":false,"footnotes":""},"class_list":["post-1168378","page","type-page","status-publish","hentry"],"acf":[],"yoast_head":"<!-- This site is optimized with the Yoast SEO plugin v25.9 - https:\/\/yoast.com\/wordpress\/plugins\/seo\/ -->\n<title>Qlik konsulent til Hedehusene | GSV<\/title>\n<meta name=\"robots\" content=\"index, follow, max-snippet:-1, max-image-preview:large, max-video-preview:-1\" \/>\n<link rel=\"canonical\" href=\"https:\/\/www.gsv.dk\/en\/qlik-konsulent-til-hedehusene\/\" \/>\n<meta property=\"og:locale\" content=\"en_GB\" \/>\n<meta property=\"og:type\" content=\"article\" \/>\n<meta property=\"og:title\" content=\"Qlik konsulent til Hedehusene | GSV\" \/>\n<meta property=\"og:url\" content=\"https:\/\/www.gsv.dk\/en\/qlik-konsulent-til-hedehusene\/\" \/>\n<meta property=\"og:site_name\" content=\"GSV\" \/>\n<meta property=\"article:publisher\" content=\"https:\/\/www.facebook.com\/gsvmaterieludlejning\/\" \/>\n<meta property=\"article:modified_time\" content=\"2023-07-13T08:40:32+00:00\" \/>\n<meta property=\"og:image\" content=\"https:\/\/www.gsv.dk\/content\/uploads\/2020\/01\/logo-300x134.png\" \/>\n\t<meta property=\"og:image:width\" content=\"300\" \/>\n\t<meta property=\"og:image:height\" content=\"134\" \/>\n\t<meta property=\"og:image:type\" content=\"image\/png\" \/>\n<meta name=\"twitter:card\" content=\"summary_large_image\" \/>\n<meta name=\"twitter:site\" content=\"@GsvMateriel\" \/>\n<script type=\"application\/ld+json\" class=\"yoast-schema-graph\">{\"@context\":\"https:\/\/schema.org\",\"@graph\":[{\"@type\":\"WebPage\",\"@id\":\"https:\/\/www.gsv.dk\/qlik-konsulent-til-hedehusene\/\",\"url\":\"https:\/\/www.gsv.dk\/qlik-konsulent-til-hedehusene\/\",\"name\":\"Qlik konsulent til Hedehusene | GSV\",\"isPartOf\":{\"@id\":\"https:\/\/www.gsv.dk\/#website\"},\"datePublished\":\"2023-07-13T08:40:31+00:00\",\"dateModified\":\"2023-07-13T08:40:32+00:00\",\"breadcrumb\":{\"@id\":\"https:\/\/www.gsv.dk\/qlik-konsulent-til-hedehusene\/#breadcrumb\"},\"inLanguage\":\"en-GB\",\"potentialAction\":[{\"@type\":\"ReadAction\",\"target\":[\"https:\/\/www.gsv.dk\/qlik-konsulent-til-hedehusene\/\"]}]},{\"@type\":\"BreadcrumbList\",\"@id\":\"https:\/\/www.gsv.dk\/qlik-konsulent-til-hedehusene\/#breadcrumb\",\"itemListElement\":[{\"@type\":\"ListItem\",\"position\":1,\"name\":\"Home\",\"item\":\"https:\/\/www.gsv.dk\/\"},{\"@type\":\"ListItem\",\"position\":2,\"name\":\"Qlik konsulent til Hedehusene\"}]},{\"@type\":\"WebSite\",\"@id\":\"https:\/\/www.gsv.dk\/#website\",\"url\":\"https:\/\/www.gsv.dk\/\",\"name\":\"GSV\",\"description\":\"GSV materieludlejning\",\"publisher\":{\"@id\":\"https:\/\/www.gsv.dk\/#organization\"},\"potentialAction\":[{\"@type\":\"SearchAction\",\"target\":{\"@type\":\"EntryPoint\",\"urlTemplate\":\"https:\/\/www.gsv.dk\/?s={search_term_string}\"},\"query-input\":{\"@type\":\"PropertyValueSpecification\",\"valueRequired\":true,\"valueName\":\"search_term_string\"}}],\"inLanguage\":\"en-GB\"},{\"@type\":\"Organization\",\"@id\":\"https:\/\/www.gsv.dk\/#organization\",\"name\":\"GSV Materieludlejning\",\"url\":\"https:\/\/www.gsv.dk\/\",\"logo\":{\"@type\":\"ImageObject\",\"inLanguage\":\"en-GB\",\"@id\":\"https:\/\/www.gsv.dk\/#\/schema\/logo\/image\/\",\"url\":\"https:\/\/www.gsv.dk\/content\/uploads\/2020\/01\/logo-300x134.png\",\"contentUrl\":\"https:\/\/www.gsv.dk\/content\/uploads\/2020\/01\/logo-300x134.png\",\"width\":300,\"height\":134,\"caption\":\"GSV Materieludlejning\"},\"image\":{\"@id\":\"https:\/\/www.gsv.dk\/#\/schema\/logo\/image\/\"},\"sameAs\":[\"https:\/\/www.facebook.com\/gsvmaterieludlejning\/\",\"https:\/\/x.com\/GsvMateriel\",\"https:\/\/www.instagram.com\/gsv_materieludlejning\/\",\"https:\/\/www.linkedin.com\/company\/gsv-materieludlejning-a-s\",\"https:\/\/www.youtube.com\/channel\/UCDWOSIoGkwn6bPG7-Kgxqkw\"]}]}<\/script>\n<!-- \/ Yoast SEO plugin. -->","yoast_head_json":{"title":"Qlik konsulent til Hedehusene | GSV","robots":{"index":"index","follow":"follow","max-snippet":"max-snippet:-1","max-image-preview":"max-image-preview:large","max-video-preview":"max-video-preview:-1"},"canonical":"https:\/\/www.gsv.dk\/en\/qlik-konsulent-til-hedehusene\/","og_locale":"en_GB","og_type":"article","og_title":"Qlik konsulent til Hedehusene | GSV","og_url":"https:\/\/www.gsv.dk\/en\/qlik-konsulent-til-hedehusene\/","og_site_name":"GSV","article_publisher":"https:\/\/www.facebook.com\/gsvmaterieludlejning\/","article_modified_time":"2023-07-13T08:40:32+00:00","og_image":[{"width":300,"height":134,"url":"https:\/\/www.gsv.dk\/content\/uploads\/2020\/01\/logo-300x134.png","type":"image\/png"}],"twitter_card":"summary_large_image","twitter_site":"@GsvMateriel","schema":{"@context":"https:\/\/schema.org","@graph":[{"@type":"WebPage","@id":"https:\/\/www.gsv.dk\/qlik-konsulent-til-hedehusene\/","url":"https:\/\/www.gsv.dk\/qlik-konsulent-til-hedehusene\/","name":"Qlik konsulent til Hedehusene | GSV","isPartOf":{"@id":"https:\/\/www.gsv.dk\/#website"},"datePublished":"2023-07-13T08:40:31+00:00","dateModified":"2023-07-13T08:40:32+00:00","breadcrumb":{"@id":"https:\/\/www.gsv.dk\/qlik-konsulent-til-hedehusene\/#breadcrumb"},"inLanguage":"en-GB","potentialAction":[{"@type":"ReadAction","target":["https:\/\/www.gsv.dk\/qlik-konsulent-til-hedehusene\/"]}]},{"@type":"BreadcrumbList","@id":"https:\/\/www.gsv.dk\/qlik-konsulent-til-hedehusene\/#breadcrumb","itemListElement":[{"@type":"ListItem","position":1,"name":"Home","item":"https:\/\/www.gsv.dk\/"},{"@type":"ListItem","position":2,"name":"Qlik konsulent til Hedehusene"}]},{"@type":"WebSite","@id":"https:\/\/www.gsv.dk\/#website","url":"https:\/\/www.gsv.dk\/","name":"GSV","description":"GSV materieludlejning","publisher":{"@id":"https:\/\/www.gsv.dk\/#organization"},"potentialAction":[{"@type":"SearchAction","target":{"@type":"EntryPoint","urlTemplate":"https:\/\/www.gsv.dk\/?s={search_term_string}"},"query-input":{"@type":"PropertyValueSpecification","valueRequired":true,"valueName":"search_term_string"}}],"inLanguage":"en-GB"},{"@type":"Organization","@id":"https:\/\/www.gsv.dk\/#organization","name":"GSV Materieludlejning","url":"https:\/\/www.gsv.dk\/","logo":{"@type":"ImageObject","inLanguage":"en-GB","@id":"https:\/\/www.gsv.dk\/#\/schema\/logo\/image\/","url":"https:\/\/www.gsv.dk\/content\/uploads\/2020\/01\/logo-300x134.png","contentUrl":"https:\/\/www.gsv.dk\/content\/uploads\/2020\/01\/logo-300x134.png","width":300,"height":134,"caption":"GSV Materieludlejning"},"image":{"@id":"https:\/\/www.gsv.dk\/#\/schema\/logo\/image\/"},"sameAs":["https:\/\/www.facebook.com\/gsvmaterieludlejning\/","https:\/\/x.com\/GsvMateriel","https:\/\/www.instagram.com\/gsv_materieludlejning\/","https:\/\/www.linkedin.com\/company\/gsv-materieludlejning-a-s","https:\/\/www.youtube.com\/channel\/UCDWOSIoGkwn6bPG7-Kgxqkw"]}]}},"_links":{"self":[{"href":"https:\/\/www.gsv.dk\/en\/wp-json\/wp\/v2\/pages\/1168378","targetHints":{"allow":["GET"]}}],"collection":[{"href":"https:\/\/www.gsv.dk\/en\/wp-json\/wp\/v2\/pages"}],"about":[{"href":"https:\/\/www.gsv.dk\/en\/wp-json\/wp\/v2\/types\/page"}],"author":[{"embeddable":true,"href":"https:\/\/www.gsv.dk\/en\/wp-json\/wp\/v2\/users\/4423"}],"replies":[{"embeddable":true,"href":"https:\/\/www.gsv.dk\/en\/wp-json\/wp\/v2\/comments?post=1168378"}],"version-history":[{"count":2,"href":"https:\/\/www.gsv.dk\/en\/wp-json\/wp\/v2\/pages\/1168378\/revisions"}],"predecessor-version":[{"id":1168380,"href":"https:\/\/www.gsv.dk\/en\/wp-json\/wp\/v2\/pages\/1168378\/revisions\/1168380"}],"wp:attachment":[{"href":"https:\/\/www.gsv.dk\/en\/wp-json\/wp\/v2\/media?parent=1168378"}],"curies":[{"name":"wp","href":"https:\/\/api.w.org\/{rel}","templated":true}]}}