{"id":1155185,"date":"2023-07-07T10:14:08","date_gmt":"2023-07-07T10:14:08","guid":{"rendered":"https:\/\/www.gsv.dk\/?page_id=1155185"},"modified":"2023-07-07T10:14:08","modified_gmt":"2023-07-07T10:14:08","slug":"servicemedarbejder-til-aarhus-3","status":"publish","type":"page","link":"https:\/\/www.gsv.dk\/en\/servicemedarbejder-til-aarhus-3\/","title":{"rendered":"Servicemedarbejder til Aarhus"},"content":{"rendered":"<div\n  class=\"block acf-block acf-block--hero\"\n   id=\"acf-hero-1\"  \n>\n        <div class=\"hero\">\n                                            <div class=\"hero__image\">\n    <div class=\"hero__image-overlay\" style=\"background-color: rgba(0, 0, 0, 0.33)\"><\/div>\n    \n<\/div>\n\n\n    <div class=\"hero__content\">\n                    <h1 class=\"hero__title\">\n                Servicemedarbejder til Aarhus\n            <\/h1>\n        \n        \n            <\/div>\n                    <\/div>\n    \n    \n      <\/div>\n<div\n  class=\"block acf-block acf-block--text-block\"\n   id=\"acf-text-block-2\"  \n>\n        <div class=\"text-block\">\n    \n    <div class=\"inner inner--small\">\n        \n                    <h2 class=\"l-title\" data-reveal=\"reveal\">Bliv en del af GSV<\/h2>\n        \n                    <div class=\"text-block__body\" data-reveal=\"reveal\">\n                <p>Til vores afdeling i Aarhus, s\u00f8ger vi en engageret og serviceminded medarbejder, som kan blive en del af vores Skur og modul-team i Brabrand. Du vil igennem arbejdsdagen indg\u00e5 i klarg\u00f8ring og mindre reparationer af vores skure, moduler og letvogne.<\/p>\n<p><em>Lyder det som noget for dig? S\u00e5 l\u00e6s videre her. <\/em><\/p>\n<p><strong><em>Et selvst\u00e6ndigt og alsidigt job<\/em><\/strong><\/p>\n<p><em>Du bliver en del af vores klarg\u00f8ringsafdeling i Modul Aarhus. Her er vi et team med mange forskellige uddannelsesbaggrunde. <\/em><\/p>\n<p><em>\u201dVi servicerer, klarg\u00f8r og moduler og letvogne til en lang r\u00e6kke store og sm\u00e5 entrepren\u00f8rkunder. Der er stor eftersp\u00f8rgsel, s\u00e5 det g\u00e5r ofte st\u00e6rkt i vores klarg\u00f8ring \u2013 men aldrig s\u00e5 st\u00e6rkt, at vi ikke stadig har det godt sammen,\u201d fort\u00e6ller Montageleder Flemming K\u00f8hler.<\/em><\/p>\n<p>Vi har mange forskellige Moduler og Letvogne igennem klarg\u00f8ring hver dag, det sikrer en stor alsidighed i opgaverne. Opgaverne l\u00f8ses b\u00e5de ude og inde.<\/p>\n<p>Vi arbejder digitalt, s\u00e5 dine opgaver er planlagt i vores servicesystemapp. Det er ogs\u00e5 her, du kan logge dine opgaver, tider og reparationer. Du f\u00e5r derfor en arbejdstelefon til at holde styr p\u00e5 din hverdag.<\/p>\n<p><strong>Kvalitetskontrol og kundeh\u00e5ndtering<\/strong><\/p>\n<p>N\u00e5r materiel kommer ind efter at have v\u00e6ret lejet ud, er du den, der s\u00f8rger for, at det er i perfekt stand til n\u00e6ste udlejning. Det betyder, at du:<\/p>\n<ul>\n<li>Klarg\u00f8ring og mindre reparationer af skure og moduler<\/li>\n<li>Gennemgang, opg\u00f8relse og registrering af kundeskader og reng\u00f8ring ved hjemkomst af materiel<\/li>\n<li>Truckk\u00f8rsel med stor truck, herunder flytning af moduler<\/li>\n<\/ul>\n<p>Du vil plukke, pakke og udlevere det bestilte materiel samt servicere vores kunder, n\u00e5r de kommer ind i afdelingen for at hente og aflevere letvogne.<\/p>\n<p><strong>Ordentlig opl\u00e6ring og plads til udvikling<\/strong><\/p>\n<p>Vi tager altid godt imod nye medarbejdere i GSV. Du bliver introduceret til hele teamet og f\u00e5r et onboardingforl\u00f8b, som du selv er med til at strukturere. Samtidig f\u00e5r du god opl\u00e6ring af dine rutinerede kolleger, som ogs\u00e5 st\u00e5r parat til at hj\u00e6lpe og sparre, selv efter, at opl\u00e6ringen er overst\u00e5et.<\/p>\n<p>N\u00e5r du er faldet godt p\u00e5 plads, har du fantastiske muligheder for at dygtigg\u00f8re dig. Hvis du har evnerne og ambitionen, s\u00e5 kan du f\u00e5 en masse nye udfordringer, og vi st\u00e5r gerne klar til at hj\u00e6lpe din udvikling med tr\u00e6ning og r\u00e5dgivning igennem interne og eksterne kurser.<\/p>\n<p><strong>M\u00e5 vi byde dig indenfor i vores klarg\u00f8ring?<\/strong><\/p>\n<p>Vi leder efter en kollega, der har sans for service og kvalitet. God kvalitet og service er ekstremt vigtigt for os \u2013 det er faktisk det, vi lever af. Derfor er det vigtigt, at du deler vores kvalitetsbevidsthed og servicegen, s\u00e5 vi sikrer tilfredse kunder \u2013 det g\u00f8r det hele meget sjovere, b\u00e5de for dem og for os.<\/p>\n<p>Du trives i bredt samarbejde og har altid ja-hatten p\u00e5, ogs\u00e5 n\u00e5r der er travlt. Du er diplomatisk og god til at kommunikere, b\u00e5de med dine kolleger, leverand\u00f8rer og med kunder.<\/p>\n<p>Derudover ser vi gerne, at du:<\/p>\n<ul>\n<li>har en praktisk uddannelsesbaggrund, m\u00e5ske som elektriker, blikkenslager, murer, t\u00f8mrer eller lignende \u2013 det vigtigste er din praktiske erfaring<\/li>\n<li>har god teknisk forst\u00e5else og flair for mekanik, motorer og maskiner<\/li>\n<li>ikke er IT-forskr\u00e6kket og nemt kan s\u00e6tte dig ind i IT-systemer<\/li>\n<li>har gyldigt k\u00f8rekort, og meget gerne truckcertifikat.<\/li>\n<\/ul>\n\n            <\/div>\n            <\/div>\n<\/div>\n\n      <\/div>\n<div\n  class=\"block acf-block acf-block--text-block has-background\"\n   id=\"acf-text-block-3\"  \n>\n        <div class=\"text-block text-block--light-grey has-background\">\n            <div class=\"bgw background--light-grey\" data-reveal=\"bgw\"><\/div>\n    \n    <div class=\"inner inner--small\">\n        \n                    <h2 class=\"l-title\" data-reveal=\"reveal\">Vi ser frem til at h\u00f8re fra dig!<\/h2>\n        \n                    <div class=\"text-block__body\" data-reveal=\"reveal\">\n                <p><strong>Interesseret? <\/strong><\/p>\n<p>Er du parat til godt socialt samv\u00e6r og udviklingsmuligheder? S\u00e5 send os en ans\u00f8gning og et CV via linket forneden. Vi inviterer til samtaler l\u00f8bende, s\u00e5 s\u00f8rg for at ans\u00f8ge hurtigst muligt.<\/p>\n<p>Har du sp\u00f8rgsm\u00e5l til din kommende stilling eller afdeling, s\u00e5 er du meget velkommen til at kontakte Montageleder Flemming K\u00f8hler +45 2968 4932 frem til og med uge 29. Herefter p\u00e5 mail: fko@gsv.dk<\/p>\n\n            <\/div>\n            <\/div>\n<\/div>\n\n      <\/div>\n<div\n  class=\"block acf-block acf-block--button\"\n   id=\"acf-button-4\"  \n>\n      <div class=\"inner inner--small\">\n            <div data-reveal=\"reveal\">\n        <a\n                        class=\"btn btn--primary-green\"\n                        title=\"S\u00f8g Stillingen\"\n                        aria-label=\"S\u00f8g Stillingen\"\n                        href=\"https:\/\/mkjobgsv.azurewebsites.net\/da-dk\/Application.aspx?VID=0154\"\n                        rel=\"noreferrer\"\n                        target=\"_blank\">\n                        <span>S\u00f8g Stillingen<\/span>\n                        <\/a>\n    <\/div>\n\n          <\/div>\n  <\/div>\n<div\n  class=\"block acf-block acf-block--text-block has-background\"\n   id=\"acf-text-block-5\"  \n>\n        <div class=\"text-block text-block--light-grey has-background\">\n            <div class=\"bgw background--light-grey\" data-reveal=\"bgw\"><\/div>\n    \n    <div class=\"inner inner--small\">\n        \n                    <h2 class=\"l-title\" data-reveal=\"reveal\">About GSV<\/h2>\n        \n                    <div class=\"text-block__body\" data-reveal=\"reveal\">\n                <p>GSV er Danmarks f\u00f8rende materieludlejer med materiel til alle bygge- og anl\u00e6gsopgaver. Uanset om det drejer sig om sm\u00e5t h\u00e5ndv\u00e6rkt\u00f8j til en mindre byggeopgave eller de helt store maskiner, der skal i brug, n\u00e5r Danmarks motorveje, broer og metroer anl\u00e6gges. Vi har afdelinger i hele landet og leverer lige til d\u00f8ren eller byggepladsen.<\/p>\n<p>GSV er en innovativ samarbejdspartner og vi vil gerne v\u00e6re med til at tage ansvar for Danmarks fremtid. Hos GSV s\u00f8ger vi henimod at blive mere b\u00e6redygtige, digitaliseret og vigtigst af alt, har vi altid fokus p\u00e5 mennesker.<\/p>\n<p>L\u00e6s mere om at arbejde hos os <a href=\"https:\/\/www.gsv.dk\/job-i-gsv-2\/gsv-som-arbejdsplads\/\">her<\/a>.<\/p>\n\n            <\/div>\n            <\/div>\n<\/div>\n\n      <\/div>","protected":false},"excerpt":{"rendered":"","protected":false},"author":4423,"featured_media":0,"parent":0,"menu_order":9,"comment_status":"closed","ping_status":"closed","template":"","meta":{"_acf_changed":false,"footnotes":""},"class_list":["post-1155185","page","type-page","status-publish","hentry"],"acf":[],"yoast_head":"<!-- This site is optimized with the Yoast SEO plugin v25.9 - https:\/\/yoast.com\/wordpress\/plugins\/seo\/ -->\n<title>Servicemedarbejder til Aarhus | GSV<\/title>\n<meta name=\"robots\" content=\"index, follow, max-snippet:-1, max-image-preview:large, max-video-preview:-1\" \/>\n<link rel=\"canonical\" href=\"https:\/\/www.gsv.dk\/en\/servicemedarbejder-til-aarhus-3\/\" \/>\n<meta property=\"og:locale\" content=\"en_GB\" \/>\n<meta property=\"og:type\" content=\"article\" \/>\n<meta property=\"og:title\" content=\"Servicemedarbejder til Aarhus | GSV\" \/>\n<meta property=\"og:url\" content=\"https:\/\/www.gsv.dk\/en\/servicemedarbejder-til-aarhus-3\/\" \/>\n<meta property=\"og:site_name\" content=\"GSV\" \/>\n<meta property=\"article:publisher\" content=\"https:\/\/www.facebook.com\/gsvmaterieludlejning\/\" \/>\n<meta property=\"og:image\" content=\"https:\/\/www.gsv.dk\/content\/uploads\/2020\/01\/logo-300x134.png\" \/>\n\t<meta property=\"og:image:width\" content=\"300\" \/>\n\t<meta property=\"og:image:height\" content=\"134\" \/>\n\t<meta property=\"og:image:type\" content=\"image\/png\" \/>\n<meta name=\"twitter:card\" content=\"summary_large_image\" \/>\n<meta name=\"twitter:site\" content=\"@GsvMateriel\" \/>\n<script type=\"application\/ld+json\" class=\"yoast-schema-graph\">{\"@context\":\"https:\/\/schema.org\",\"@graph\":[{\"@type\":\"WebPage\",\"@id\":\"https:\/\/www.gsv.dk\/servicemedarbejder-til-aarhus-3\/\",\"url\":\"https:\/\/www.gsv.dk\/servicemedarbejder-til-aarhus-3\/\",\"name\":\"Servicemedarbejder til Aarhus | GSV\",\"isPartOf\":{\"@id\":\"https:\/\/www.gsv.dk\/#website\"},\"datePublished\":\"2023-07-07T10:14:08+00:00\",\"breadcrumb\":{\"@id\":\"https:\/\/www.gsv.dk\/servicemedarbejder-til-aarhus-3\/#breadcrumb\"},\"inLanguage\":\"en-GB\",\"potentialAction\":[{\"@type\":\"ReadAction\",\"target\":[\"https:\/\/www.gsv.dk\/servicemedarbejder-til-aarhus-3\/\"]}]},{\"@type\":\"BreadcrumbList\",\"@id\":\"https:\/\/www.gsv.dk\/servicemedarbejder-til-aarhus-3\/#breadcrumb\",\"itemListElement\":[{\"@type\":\"ListItem\",\"position\":1,\"name\":\"Home\",\"item\":\"https:\/\/www.gsv.dk\/\"},{\"@type\":\"ListItem\",\"position\":2,\"name\":\"Servicemedarbejder til Aarhus\"}]},{\"@type\":\"WebSite\",\"@id\":\"https:\/\/www.gsv.dk\/#website\",\"url\":\"https:\/\/www.gsv.dk\/\",\"name\":\"GSV\",\"description\":\"GSV materieludlejning\",\"publisher\":{\"@id\":\"https:\/\/www.gsv.dk\/#organization\"},\"potentialAction\":[{\"@type\":\"SearchAction\",\"target\":{\"@type\":\"EntryPoint\",\"urlTemplate\":\"https:\/\/www.gsv.dk\/?s={search_term_string}\"},\"query-input\":{\"@type\":\"PropertyValueSpecification\",\"valueRequired\":true,\"valueName\":\"search_term_string\"}}],\"inLanguage\":\"en-GB\"},{\"@type\":\"Organization\",\"@id\":\"https:\/\/www.gsv.dk\/#organization\",\"name\":\"GSV Materieludlejning\",\"url\":\"https:\/\/www.gsv.dk\/\",\"logo\":{\"@type\":\"ImageObject\",\"inLanguage\":\"en-GB\",\"@id\":\"https:\/\/www.gsv.dk\/#\/schema\/logo\/image\/\",\"url\":\"https:\/\/www.gsv.dk\/content\/uploads\/2020\/01\/logo-300x134.png\",\"contentUrl\":\"https:\/\/www.gsv.dk\/content\/uploads\/2020\/01\/logo-300x134.png\",\"width\":300,\"height\":134,\"caption\":\"GSV Materieludlejning\"},\"image\":{\"@id\":\"https:\/\/www.gsv.dk\/#\/schema\/logo\/image\/\"},\"sameAs\":[\"https:\/\/www.facebook.com\/gsvmaterieludlejning\/\",\"https:\/\/x.com\/GsvMateriel\",\"https:\/\/www.instagram.com\/gsv_materieludlejning\/\",\"https:\/\/www.linkedin.com\/company\/gsv-materieludlejning-a-s\",\"https:\/\/www.youtube.com\/channel\/UCDWOSIoGkwn6bPG7-Kgxqkw\"]}]}<\/script>\n<!-- \/ Yoast SEO plugin. -->","yoast_head_json":{"title":"Servicemedarbejder til Aarhus | GSV","robots":{"index":"index","follow":"follow","max-snippet":"max-snippet:-1","max-image-preview":"max-image-preview:large","max-video-preview":"max-video-preview:-1"},"canonical":"https:\/\/www.gsv.dk\/en\/servicemedarbejder-til-aarhus-3\/","og_locale":"en_GB","og_type":"article","og_title":"Servicemedarbejder til Aarhus | GSV","og_url":"https:\/\/www.gsv.dk\/en\/servicemedarbejder-til-aarhus-3\/","og_site_name":"GSV","article_publisher":"https:\/\/www.facebook.com\/gsvmaterieludlejning\/","og_image":[{"width":300,"height":134,"url":"https:\/\/www.gsv.dk\/content\/uploads\/2020\/01\/logo-300x134.png","type":"image\/png"}],"twitter_card":"summary_large_image","twitter_site":"@GsvMateriel","schema":{"@context":"https:\/\/schema.org","@graph":[{"@type":"WebPage","@id":"https:\/\/www.gsv.dk\/servicemedarbejder-til-aarhus-3\/","url":"https:\/\/www.gsv.dk\/servicemedarbejder-til-aarhus-3\/","name":"Servicemedarbejder til Aarhus | GSV","isPartOf":{"@id":"https:\/\/www.gsv.dk\/#website"},"datePublished":"2023-07-07T10:14:08+00:00","breadcrumb":{"@id":"https:\/\/www.gsv.dk\/servicemedarbejder-til-aarhus-3\/#breadcrumb"},"inLanguage":"en-GB","potentialAction":[{"@type":"ReadAction","target":["https:\/\/www.gsv.dk\/servicemedarbejder-til-aarhus-3\/"]}]},{"@type":"BreadcrumbList","@id":"https:\/\/www.gsv.dk\/servicemedarbejder-til-aarhus-3\/#breadcrumb","itemListElement":[{"@type":"ListItem","position":1,"name":"Home","item":"https:\/\/www.gsv.dk\/"},{"@type":"ListItem","position":2,"name":"Servicemedarbejder til Aarhus"}]},{"@type":"WebSite","@id":"https:\/\/www.gsv.dk\/#website","url":"https:\/\/www.gsv.dk\/","name":"GSV","description":"GSV materieludlejning","publisher":{"@id":"https:\/\/www.gsv.dk\/#organization"},"potentialAction":[{"@type":"SearchAction","target":{"@type":"EntryPoint","urlTemplate":"https:\/\/www.gsv.dk\/?s={search_term_string}"},"query-input":{"@type":"PropertyValueSpecification","valueRequired":true,"valueName":"search_term_string"}}],"inLanguage":"en-GB"},{"@type":"Organization","@id":"https:\/\/www.gsv.dk\/#organization","name":"GSV Materieludlejning","url":"https:\/\/www.gsv.dk\/","logo":{"@type":"ImageObject","inLanguage":"en-GB","@id":"https:\/\/www.gsv.dk\/#\/schema\/logo\/image\/","url":"https:\/\/www.gsv.dk\/content\/uploads\/2020\/01\/logo-300x134.png","contentUrl":"https:\/\/www.gsv.dk\/content\/uploads\/2020\/01\/logo-300x134.png","width":300,"height":134,"caption":"GSV Materieludlejning"},"image":{"@id":"https:\/\/www.gsv.dk\/#\/schema\/logo\/image\/"},"sameAs":["https:\/\/www.facebook.com\/gsvmaterieludlejning\/","https:\/\/x.com\/GsvMateriel","https:\/\/www.instagram.com\/gsv_materieludlejning\/","https:\/\/www.linkedin.com\/company\/gsv-materieludlejning-a-s","https:\/\/www.youtube.com\/channel\/UCDWOSIoGkwn6bPG7-Kgxqkw"]}]}},"_links":{"self":[{"href":"https:\/\/www.gsv.dk\/en\/wp-json\/wp\/v2\/pages\/1155185","targetHints":{"allow":["GET"]}}],"collection":[{"href":"https:\/\/www.gsv.dk\/en\/wp-json\/wp\/v2\/pages"}],"about":[{"href":"https:\/\/www.gsv.dk\/en\/wp-json\/wp\/v2\/types\/page"}],"author":[{"embeddable":true,"href":"https:\/\/www.gsv.dk\/en\/wp-json\/wp\/v2\/users\/4423"}],"replies":[{"embeddable":true,"href":"https:\/\/www.gsv.dk\/en\/wp-json\/wp\/v2\/comments?post=1155185"}],"version-history":[{"count":2,"href":"https:\/\/www.gsv.dk\/en\/wp-json\/wp\/v2\/pages\/1155185\/revisions"}],"predecessor-version":[{"id":1155188,"href":"https:\/\/www.gsv.dk\/en\/wp-json\/wp\/v2\/pages\/1155185\/revisions\/1155188"}],"wp:attachment":[{"href":"https:\/\/www.gsv.dk\/en\/wp-json\/wp\/v2\/media?parent=1155185"}],"curies":[{"name":"wp","href":"https:\/\/api.w.org\/{rel}","templated":true}]}}