{"id":1089055,"date":"2023-06-07T12:58:06","date_gmt":"2023-06-07T12:58:06","guid":{"rendered":"https:\/\/www.gsv.dk\/?page_id=1089055"},"modified":"2023-08-01T07:24:38","modified_gmt":"2023-08-01T07:24:38","slug":"salgskonsulent-til-solution","status":"publish","type":"page","link":"https:\/\/www.gsv.dk\/en\/salgskonsulent-til-solution\/","title":{"rendered":"Salgskonsulent byggepladsstyring \u2013 Solution afdelingen"},"content":{"rendered":"<div\n  class=\"block acf-block acf-block--hero\"\n   id=\"acf-hero-1\"  \n>\n        <div class=\"hero\">\n                                            <div class=\"hero__image\">\n    <div class=\"hero__image-overlay\" style=\"background-color: rgba(0, 0, 0, 0.33)\"><\/div>\n    \n            <picture>\n                <source srcset=\"https:\/\/www.gsv.dk\/content\/uploads\/2020\/12\/velkommen-kollega.png\" media=\"(min-width: 1200px)\"><source srcset=\"https:\/\/www.gsv.dk\/content\/uploads\/2020\/12\/velkommen-kollega-1200x550.png\" media=\"(min-width: 900px)\"><source srcset=\"https:\/\/www.gsv.dk\/content\/uploads\/2020\/12\/velkommen-kollega-900x400.png\" media=\"(min-width: 600px)\"><source srcset=\"https:\/\/www.gsv.dk\/content\/uploads\/2020\/12\/velkommen-kollega-600x350.png\" media=\"(min-width: 414px)\">\n                <img loading=\"lazy\" decoding=\"async\" src=\"https:\/\/www.gsv.dk\/content\/uploads\/2020\/12\/velkommen-kollega-414x250.png\" alt=\"\" title=\"velkommen-kollega\" width=\"414\" height=\"250\">\n            <\/picture>\n<\/div>\n\n\n    <div class=\"hero__content\">\n                    <h1 class=\"hero__title\">\n                Salgskonsulent byggepladsstyring \u2013 Solution afdelingen\n            <\/h1>\n        \n        \n            <\/div>\n                    <\/div>\n    \n    \n      <\/div>\n<div\n  class=\"block acf-block acf-block--text-block\"\n   id=\"acf-text-block-2\"  \n>\n        <div class=\"text-block\">\n    \n    <div class=\"inner inner--small\">\n        \n                    <h2 class=\"l-title\" data-reveal=\"reveal\">Bliv en del af GSV<\/h2>\n        \n                    <div class=\"text-block__body\" data-reveal=\"reveal\">\n                <p>Br\u00e6nder du for at skabe og vedligeholde et professionelt kundenetv\u00e6rk, og ser du l\u00f8sningsorienteret p\u00e5 kundernes udfordringer? Kan du holde mange bolde i luften, og styre din hverdag igennem kalenderstyring? Trives du i et arbejdsmilj\u00f8, hvor tonen er meget uformel og tempoet er h\u00f8jt?<\/p>\n<p>Vil du med p\u00e5 en v\u00e6kst rejse hos Danmarks f\u00f8rende materieludlejer og byggepladsstyring? <em>S\u00e5 er det dig vi s\u00f8ger! \u00a0<\/em><\/p>\n<p><strong>Solution &#8211; en del af GSV<\/strong><\/p>\n<p>Solution udbyder ydelser som optimerer byggepladsentreprisen (etablering og drift), for specielt st\u00f8rre byggesager frembragt ved kombinationen af GSV\u2019s materiel og serviceydelser. For Solution er samarbejdet med r\u00e5dgiver og bygherrer, samt byggepladsens drift i h\u00f8js\u00e6det b\u00e5de hvad ang\u00e5r \u00f8konomi\/processer og drift.<\/p>\n<p>Solution er en forretning i v\u00e6kst, og vi forventer at ekspandere endnu mere i fremtiden p\u00e5 de store projekter rundt om i Danmark.<\/p>\n<p><strong>Vil du v\u00e6re en del af vores Solution team?<br \/>\n<\/strong>Vi leder efter en kollega, der har erfaring indenfor projektbaseret salg.<\/p>\n<p>Det vigtigste er, at du har lysten og evnen til at se muligheder der hvor andre ser begr\u00e6nsninger. Dertil at du er fleksibel, m\u00f8der folk med et smil p\u00e5 l\u00e6ben, og sidst men ikke mindst, god til at m\u00f8de nye mennesker. Du vil g\u00e5 langt for at give vores kunder en god service, der sikrer, at vi fortsat har en h\u00f8j kundetilfredshed.<\/p>\n<p><strong>Stillingen <\/strong><\/p>\n<p>Du er ekstrovert og relations skabende og interesseret i at have dialog og sparring med r\u00e5dgiver og bygherre inden projektet igangs\u00e6ttes. Du har derfor muligheden for at v\u00e6re med helt fra projekteringsfasen, og din rolle vil have en stor grad af sparring med vores kunder samt samarbejde p\u00e5 tv\u00e6rs af organisationen i hele GSV.<br \/>\nDet er vigtigt, at du er l\u00f8sningsorienteret og har en kreativ og analytisk tilgang til opgaverne. Det er en fordel, hvis du har erfaring med projektsalg. Du vil referere til direkt\u00f8ren for Solution.<\/p>\n<p>Direkt\u00f8r i forretningsudvikling Emil Vittrup: \u201d<em>Det er vigtigt for mig, at vores Solution forretning bliver udvidet med de medarbejdere, der virkelig kan skabe st\u00e6rke relationer, og v\u00e6re med til at sikre GSV den position, at vi altid vil v\u00e6re kundernes fortrukne samarbejdspartner<\/em>\u201d.<\/p>\n<p><strong>Din rolle og dit ansvar bliver blandt andet:<\/strong><\/p>\n<ul>\n<li>At kunne identificere og gennemg\u00e5 st\u00f8rre udbudsmaterialer<\/li>\n<li>At udf\u00e6rdige tilbud p\u00e5 st\u00f8rre sager<\/li>\n<li>At v\u00e6re opm\u00e6rksom p\u00e5 inddragelse af andre afdelinger i GSV i forbindelse med krydssalg, da samarbejde p\u00e5 tv\u00e6rs giver de bedste l\u00f8sninger<\/li>\n<li>At v\u00e6re selvk\u00f8rende og skabe struktur i hverdagen &#8211; hvor du vil komme til at arbejde selvst\u00e6ndigt<\/li>\n<li>At se l\u00f8sninger og muligheder med fokus p\u00e5 l\u00f8snings- og v\u00e6rdibaseret salg og service<\/li>\n<li>At have stort fokus p\u00e5 sikkerhed ved at have en r\u00e5dgivende og koordinerende rolle. Sikkerhed er en af kernev\u00e6rdierne hos GSV og vores Kunder<\/li>\n<li>Vi arbejder bl.a. efter AB 18, s\u00e5 det vil v\u00e6re en fordel, men ikke et krav hvis du har kendskab til disse betingelser<\/li>\n<\/ul>\n<p>Som person er du dynamisk, og arbejder b\u00e5de med en personlig gennemslagskraft og har en \u201dpartner\u201d tankegang over for vores kunder og leverand\u00f8rer.<\/p>\n<p>Du er vant til at arbejde i Microsoft Office og CRM-systemer, samt at arbejde med opf\u00f8lgning p\u00e5 salgsrapporter. Du arbejder struktureret og s\u00e6tter en \u00e6re i ikke at efterlade \u201dl\u00f8se ender\u201d.<\/p>\n<p>Derudover l\u00e6gger vi v\u00e6gt p\u00e5, at du:<\/p>\n<ul>\n<li>Er forhandlingsvant i skrift og tale p\u00e5 dansk og engelsk<\/li>\n<li>Kan arbejde selvst\u00e6ndigt, struktureret og tr\u00e6ffe rationelle og grundige beslutninger<\/li>\n<li>Er rutineret bruger af IT-systemer, gerne med erfaring med Microsoft BC<\/li>\n<li>Har gyldigt k\u00f8rekort<\/li>\n<\/ul>\n<p><strong>Grundig opl\u00e6ring og plads til udvikling<\/strong><\/p>\n<p>Vi tager altid godt imod nye medarbejdere i GSV. Du bliver introduceret til hele teamet og f\u00e5r et onboarding forl\u00f8b, som du selv er med til at strukturere, s\u00e5 det passer til dig. Samtidig f\u00e5r du god opl\u00e6ring af dine hj\u00e6lpsomme og gode kolleger, som ogs\u00e5 st\u00e5r parat til at hj\u00e6lpe og sparre p\u00e5 de enkelte opgaver. Vi hj\u00e6lper hinanden og har fokus p\u00e5 godt samarbejde, b\u00e5de i eget team og i GSV.<\/p>\n<p><strong>Interesseret?<\/strong><br \/>\nEr du klar til at tage GSV Solution til nye h\u00f8jder? S\u00e5 send os en ans\u00f8gning og CV via linket nedenfor.<\/p>\n<p>Har du sp\u00f8rgsm\u00e5l til stillingen, s\u00e5 kontakt Direkt\u00f8r for Forretningsudvikling Emil H\u00f8pner Vittrup p\u00e5 tlf.: 5175 6868<\/p>\n<p>Ans\u00f8g hurtigst muligt, da vi holder samtaler l\u00f8bende.<\/p>\n<p>Grundet persondataforordningen modtager vi ikke CV og ans\u00f8gning p\u00e5 mail.<\/p>\n\n            <\/div>\n            <\/div>\n<\/div>\n\n      <\/div>\n<div\n  class=\"block acf-block acf-block--button\"\n   id=\"acf-button-3\"  \n>\n      <div class=\"inner inner--small\">\n            <div data-reveal=\"reveal\">\n        <a\n                        class=\"btn btn--primary-green\"\n                        title=\"S\u00f8g stillingen her\"\n                        aria-label=\"S\u00f8g stillingen her\"\n                        href=\"https:\/\/mkjobgsv.azurewebsites.net\/da-dk\/Application.aspx?VID=0155\"\n                        rel=\"noreferrer\"\n                        target=\"_blank\">\n                        <span>S\u00f8g stillingen her<\/span>\n                        <\/a>\n    <\/div>\n\n          <\/div>\n  <\/div>\n<div\n  class=\"block acf-block acf-block--text-block has-background\"\n   id=\"acf-text-block-4\"  \n>\n        <div class=\"text-block text-block--light-grey has-background\">\n            <div class=\"bgw background--light-grey\" data-reveal=\"bgw\"><\/div>\n    \n    <div class=\"inner inner--small\">\n        \n                    <h2 class=\"l-title\" data-reveal=\"reveal\">About GSV<\/h2>\n        \n                    <div class=\"text-block__body\" data-reveal=\"reveal\">\n                <p>GSV er Danmarks f\u00f8rende materieludlejer med materiel til alle bygge- og anl\u00e6gsopgaver. Uanset om det drejer sig om sm\u00e5t h\u00e5ndv\u00e6rkt\u00f8j til en mindre byggeopgave eller de helt store maskiner, der skal i brug, n\u00e5r Danmarks motorveje, broer og metroer anl\u00e6gges. Vi har afdelinger i hele landet og leverer lige til d\u00f8ren eller byggepladsen.<\/p>\n<p>GSV er en innovativ samarbejdspartner og vi vil gerne v\u00e6re med til at tage ansvar for Danmarks fremtid. Hos GSV s\u00f8ger vi henimod at blive mere b\u00e6redygtige, digitaliseret og vigtigst af alt, har vi altid fokus p\u00e5 mennesker.<\/p>\n<p>L\u00e6s mere om at arbejde hos os <a href=\"https:\/\/www.gsv.dk\/job-i-gsv-2\/gsv-som-arbejdsplads\/\">her<\/a>.<\/p>\n\n            <\/div>\n            <\/div>\n<\/div>\n\n      <\/div>","protected":false},"excerpt":{"rendered":"","protected":false},"author":4423,"featured_media":0,"parent":0,"menu_order":9,"comment_status":"closed","ping_status":"closed","template":"","meta":{"_acf_changed":false,"footnotes":""},"class_list":["post-1089055","page","type-page","status-publish","hentry"],"acf":[],"yoast_head":"<!-- This site is optimized with the Yoast SEO plugin v25.9 - https:\/\/yoast.com\/wordpress\/plugins\/seo\/ -->\n<title>Salgskonsulent byggepladsstyring \u2013 Solution afdelingen | GSV<\/title>\n<meta name=\"robots\" content=\"index, follow, max-snippet:-1, max-image-preview:large, max-video-preview:-1\" \/>\n<link rel=\"canonical\" href=\"https:\/\/www.gsv.dk\/en\/salgskonsulent-til-solution\/\" \/>\n<meta property=\"og:locale\" content=\"en_GB\" \/>\n<meta property=\"og:type\" content=\"article\" \/>\n<meta property=\"og:title\" content=\"Salgskonsulent byggepladsstyring \u2013 Solution afdelingen | GSV\" \/>\n<meta property=\"og:url\" content=\"https:\/\/www.gsv.dk\/en\/salgskonsulent-til-solution\/\" \/>\n<meta property=\"og:site_name\" content=\"GSV\" \/>\n<meta property=\"article:publisher\" content=\"https:\/\/www.facebook.com\/gsvmaterieludlejning\/\" \/>\n<meta property=\"article:modified_time\" content=\"2023-08-01T07:24:38+00:00\" \/>\n<meta property=\"og:image\" content=\"https:\/\/www.gsv.dk\/content\/uploads\/2020\/01\/logo-300x134.png\" \/>\n\t<meta property=\"og:image:width\" content=\"300\" \/>\n\t<meta property=\"og:image:height\" content=\"134\" \/>\n\t<meta property=\"og:image:type\" content=\"image\/png\" \/>\n<meta name=\"twitter:card\" content=\"summary_large_image\" \/>\n<meta name=\"twitter:site\" content=\"@GsvMateriel\" \/>\n<script type=\"application\/ld+json\" class=\"yoast-schema-graph\">{\"@context\":\"https:\/\/schema.org\",\"@graph\":[{\"@type\":\"WebPage\",\"@id\":\"https:\/\/www.gsv.dk\/salgskonsulent-til-solution\/\",\"url\":\"https:\/\/www.gsv.dk\/salgskonsulent-til-solution\/\",\"name\":\"Salgskonsulent byggepladsstyring \u2013 Solution afdelingen | GSV\",\"isPartOf\":{\"@id\":\"https:\/\/www.gsv.dk\/#website\"},\"datePublished\":\"2023-06-07T12:58:06+00:00\",\"dateModified\":\"2023-08-01T07:24:38+00:00\",\"breadcrumb\":{\"@id\":\"https:\/\/www.gsv.dk\/salgskonsulent-til-solution\/#breadcrumb\"},\"inLanguage\":\"en-GB\",\"potentialAction\":[{\"@type\":\"ReadAction\",\"target\":[\"https:\/\/www.gsv.dk\/salgskonsulent-til-solution\/\"]}]},{\"@type\":\"BreadcrumbList\",\"@id\":\"https:\/\/www.gsv.dk\/salgskonsulent-til-solution\/#breadcrumb\",\"itemListElement\":[{\"@type\":\"ListItem\",\"position\":1,\"name\":\"Home\",\"item\":\"https:\/\/www.gsv.dk\/\"},{\"@type\":\"ListItem\",\"position\":2,\"name\":\"Salgskonsulent byggepladsstyring \u2013 Solution afdelingen\"}]},{\"@type\":\"WebSite\",\"@id\":\"https:\/\/www.gsv.dk\/#website\",\"url\":\"https:\/\/www.gsv.dk\/\",\"name\":\"GSV\",\"description\":\"GSV materieludlejning\",\"publisher\":{\"@id\":\"https:\/\/www.gsv.dk\/#organization\"},\"potentialAction\":[{\"@type\":\"SearchAction\",\"target\":{\"@type\":\"EntryPoint\",\"urlTemplate\":\"https:\/\/www.gsv.dk\/?s={search_term_string}\"},\"query-input\":{\"@type\":\"PropertyValueSpecification\",\"valueRequired\":true,\"valueName\":\"search_term_string\"}}],\"inLanguage\":\"en-GB\"},{\"@type\":\"Organization\",\"@id\":\"https:\/\/www.gsv.dk\/#organization\",\"name\":\"GSV Materieludlejning\",\"url\":\"https:\/\/www.gsv.dk\/\",\"logo\":{\"@type\":\"ImageObject\",\"inLanguage\":\"en-GB\",\"@id\":\"https:\/\/www.gsv.dk\/#\/schema\/logo\/image\/\",\"url\":\"https:\/\/www.gsv.dk\/content\/uploads\/2020\/01\/logo-300x134.png\",\"contentUrl\":\"https:\/\/www.gsv.dk\/content\/uploads\/2020\/01\/logo-300x134.png\",\"width\":300,\"height\":134,\"caption\":\"GSV Materieludlejning\"},\"image\":{\"@id\":\"https:\/\/www.gsv.dk\/#\/schema\/logo\/image\/\"},\"sameAs\":[\"https:\/\/www.facebook.com\/gsvmaterieludlejning\/\",\"https:\/\/x.com\/GsvMateriel\",\"https:\/\/www.instagram.com\/gsv_materieludlejning\/\",\"https:\/\/www.linkedin.com\/company\/gsv-materieludlejning-a-s\",\"https:\/\/www.youtube.com\/channel\/UCDWOSIoGkwn6bPG7-Kgxqkw\"]}]}<\/script>\n<!-- \/ Yoast SEO plugin. -->","yoast_head_json":{"title":"Salgskonsulent byggepladsstyring \u2013 Solution afdelingen | GSV","robots":{"index":"index","follow":"follow","max-snippet":"max-snippet:-1","max-image-preview":"max-image-preview:large","max-video-preview":"max-video-preview:-1"},"canonical":"https:\/\/www.gsv.dk\/en\/salgskonsulent-til-solution\/","og_locale":"en_GB","og_type":"article","og_title":"Salgskonsulent byggepladsstyring \u2013 Solution afdelingen | GSV","og_url":"https:\/\/www.gsv.dk\/en\/salgskonsulent-til-solution\/","og_site_name":"GSV","article_publisher":"https:\/\/www.facebook.com\/gsvmaterieludlejning\/","article_modified_time":"2023-08-01T07:24:38+00:00","og_image":[{"width":300,"height":134,"url":"https:\/\/www.gsv.dk\/content\/uploads\/2020\/01\/logo-300x134.png","type":"image\/png"}],"twitter_card":"summary_large_image","twitter_site":"@GsvMateriel","schema":{"@context":"https:\/\/schema.org","@graph":[{"@type":"WebPage","@id":"https:\/\/www.gsv.dk\/salgskonsulent-til-solution\/","url":"https:\/\/www.gsv.dk\/salgskonsulent-til-solution\/","name":"Salgskonsulent byggepladsstyring \u2013 Solution afdelingen | GSV","isPartOf":{"@id":"https:\/\/www.gsv.dk\/#website"},"datePublished":"2023-06-07T12:58:06+00:00","dateModified":"2023-08-01T07:24:38+00:00","breadcrumb":{"@id":"https:\/\/www.gsv.dk\/salgskonsulent-til-solution\/#breadcrumb"},"inLanguage":"en-GB","potentialAction":[{"@type":"ReadAction","target":["https:\/\/www.gsv.dk\/salgskonsulent-til-solution\/"]}]},{"@type":"BreadcrumbList","@id":"https:\/\/www.gsv.dk\/salgskonsulent-til-solution\/#breadcrumb","itemListElement":[{"@type":"ListItem","position":1,"name":"Home","item":"https:\/\/www.gsv.dk\/"},{"@type":"ListItem","position":2,"name":"Salgskonsulent byggepladsstyring \u2013 Solution afdelingen"}]},{"@type":"WebSite","@id":"https:\/\/www.gsv.dk\/#website","url":"https:\/\/www.gsv.dk\/","name":"GSV","description":"GSV materieludlejning","publisher":{"@id":"https:\/\/www.gsv.dk\/#organization"},"potentialAction":[{"@type":"SearchAction","target":{"@type":"EntryPoint","urlTemplate":"https:\/\/www.gsv.dk\/?s={search_term_string}"},"query-input":{"@type":"PropertyValueSpecification","valueRequired":true,"valueName":"search_term_string"}}],"inLanguage":"en-GB"},{"@type":"Organization","@id":"https:\/\/www.gsv.dk\/#organization","name":"GSV Materieludlejning","url":"https:\/\/www.gsv.dk\/","logo":{"@type":"ImageObject","inLanguage":"en-GB","@id":"https:\/\/www.gsv.dk\/#\/schema\/logo\/image\/","url":"https:\/\/www.gsv.dk\/content\/uploads\/2020\/01\/logo-300x134.png","contentUrl":"https:\/\/www.gsv.dk\/content\/uploads\/2020\/01\/logo-300x134.png","width":300,"height":134,"caption":"GSV Materieludlejning"},"image":{"@id":"https:\/\/www.gsv.dk\/#\/schema\/logo\/image\/"},"sameAs":["https:\/\/www.facebook.com\/gsvmaterieludlejning\/","https:\/\/x.com\/GsvMateriel","https:\/\/www.instagram.com\/gsv_materieludlejning\/","https:\/\/www.linkedin.com\/company\/gsv-materieludlejning-a-s","https:\/\/www.youtube.com\/channel\/UCDWOSIoGkwn6bPG7-Kgxqkw"]}]}},"_links":{"self":[{"href":"https:\/\/www.gsv.dk\/en\/wp-json\/wp\/v2\/pages\/1089055","targetHints":{"allow":["GET"]}}],"collection":[{"href":"https:\/\/www.gsv.dk\/en\/wp-json\/wp\/v2\/pages"}],"about":[{"href":"https:\/\/www.gsv.dk\/en\/wp-json\/wp\/v2\/types\/page"}],"author":[{"embeddable":true,"href":"https:\/\/www.gsv.dk\/en\/wp-json\/wp\/v2\/users\/4423"}],"replies":[{"embeddable":true,"href":"https:\/\/www.gsv.dk\/en\/wp-json\/wp\/v2\/comments?post=1089055"}],"version-history":[{"count":7,"href":"https:\/\/www.gsv.dk\/en\/wp-json\/wp\/v2\/pages\/1089055\/revisions"}],"predecessor-version":[{"id":1209715,"href":"https:\/\/www.gsv.dk\/en\/wp-json\/wp\/v2\/pages\/1089055\/revisions\/1209715"}],"wp:attachment":[{"href":"https:\/\/www.gsv.dk\/en\/wp-json\/wp\/v2\/media?parent=1089055"}],"curies":[{"name":"wp","href":"https:\/\/api.w.org\/{rel}","templated":true}]}}